{"id":13003,"date":"2017-10-18T12:34:15","date_gmt":"2017-10-18T11:34:15","guid":{"rendered":"http:\/\/aspion.de.w01957cf.kasserver.com\/cloudbasierter-dienst-aspion-glog-premium-fuer-schocksensoren\/"},"modified":"2024-07-04T13:27:35","modified_gmt":"2024-07-04T12:27:35","slug":"cloud-based-service-aspion-g-log-premium-for-shock-sensors","status":"publish","type":"page","link":"https:\/\/www.aspion.de\/en\/cloud-based-service-aspion-g-log-premium-for-shock-sensors\/","title":{"rendered":"Cloud-based service ASPION G-Log Premium for shock sensors"},"content":{"rendered":"\n<h1>\n\t\tASPION G-Log Premium &#8211; manage sensors flexibly with cloud transfer\n\t<\/h1>\n\t<p>The software-based service <strong>ASPION G-Log Premium extends the performance range of the shock data loggers with cloud storage<\/strong>: you receive recorded data directly in real time when reading them out and optionally also start ASPION G-Log 2 data loggers via app. The solution <strong>automatically transfers<\/strong> the events recorded in the shock recorders as well as the current GPS position of the smartphone <strong>with the ASPION G-Log app<\/strong> to a protected, T\u00dcV-certified <strong>cloud storage<\/strong> hosted in Germany &#8211; <strong>and from there directly to your desk<\/strong>!<\/p>\n<p>The new version 6 now significantly expands the range of functions: From now on, the <strong>simple start-up of ASPION G-Log 2 shock and climate loggers is possible via app<\/strong>, regardless of location. This gives you <strong>full flexibility and at the same time guarantees transparency and process reliability<\/strong>!<\/p>\n\t\t\t\t<img decoding=\"async\" src=\"https:\/\/www.aspion.de\/wp-content\/uploads\/2017\/10\/ASPION_G-Log_Premium.png\" alt=\"ASPION G-Log Premium ist ein cloudbasierter Dienst automatisierten, digitalisierten \u00dcberwachung, Nachverfolgung und Analyse der eingesetzten Sensoren\" itemprop=\"image\" height=\"89\" width=\"531\" title=\"ASPION_G-Log_Premium\" onerror=\"this.style.display='none'\"  \/>\n\t  <img decoding=\"async\" src=\"https:\/\/www.aspion.de\/wp-content\/plugins\/borlabs-cookie\/assets\/images\/cb-no-thumbnail.png\" alt=\"YouTube\"\/>  <p>Mit dem Laden des Videos akzeptieren Sie die Datenschutzerkl\u00e4rung von YouTube.<br \/><a href=\"https:\/\/policies.google.com\/privacy\" target=\"_blank\" rel=\"nofollow noopener noreferrer\">Mehr erfahren<\/a> <a href=\"#\" data-borlabs-cookie-unblock role=\"button\">Video laden<\/a> <label><input type=\"checkbox\" name=\"unblockAll\" value=\"1\" checked\/> <small>YouTube immer entsperren<\/small><\/label><\/p>   \n<h2>\n\t\tThe advantages at a glance\n\t<\/h2>\n\t\t\t\t<img decoding=\"async\" src=\"https:\/\/www.aspion.de\/wp-content\/uploads\/2023\/12\/Server-min.png\" alt=\"Server-min\" itemprop=\"image\" height=\"100\" width=\"100\" title=\"Server-min\" onerror=\"this.style.display='none'\"  \/>\n\t\t<h3>Unlimited<\/h3><p>Since there is practically no memory limitation, events can be recorded indefinitely depending on the readout frequency.<\/p>\n\t\t\t\t<img decoding=\"async\" src=\"https:\/\/www.aspion.de\/wp-content\/uploads\/2023\/12\/Device-Graph-min.png\" alt=\"Device-Graph-min\" itemprop=\"image\" height=\"100\" width=\"100\" title=\"Device-Graph-min\" onerror=\"this.style.display='none'\"  \/>\n\t\t<h3>Flexible<\/h3><p>Activating ASPION G-Log 2 data loggers via app gives you maximum flexibility while maintaining full transparency.<\/p>\n\t\t\t\t<img decoding=\"async\" src=\"https:\/\/www.aspion.de\/wp-content\/uploads\/2023\/12\/Device-Analyse-min.png\" alt=\"Device-Analyse-min\" itemprop=\"image\" height=\"100\" width=\"100\" title=\"Device-Analyse-min\" onerror=\"this.style.display='none'\"  \/>\n\t\t<h3>Seamless<\/h3><p>The recorded shock and climate values are accumulated in the cloud memory and can thus be evaluated seamlessly.<\/p>\n\t\t\t\t<img decoding=\"async\" src=\"https:\/\/www.aspion.de\/wp-content\/uploads\/2023\/11\/Cash-Green-min.png\" alt=\"Cash-Green-min\" itemprop=\"image\" height=\"100\" width=\"100\" title=\"Cash-Green-min\" onerror=\"this.style.display='none'\"  \/>\n\t\t<h3>Inexpensive<\/h3><p>The existing infrastructure of the smartphone is cleverly used for data transmission and location, further infrastructure is not required.<\/p>\n\t\t\t\t<img decoding=\"async\" src=\"https:\/\/www.aspion.de\/wp-content\/uploads\/2023\/12\/Person-Reading-min.png\" alt=\"Person-Reading-min\" itemprop=\"image\" height=\"100\" width=\"100\" title=\"Person-Reading-min\" onerror=\"this.style.display='none'\"  \/>\n\t\t<h3>Easy to use<\/h3><p>ASPION G-Log Premium is extremely user-friendly. There is no need for training or longer instruction in the functions.<\/p>\n\t\t\t\t<img decoding=\"async\" src=\"https:\/\/www.aspion.de\/wp-content\/uploads\/2023\/12\/Statistic-min.png\" alt=\"Statistic-min\" itemprop=\"image\" height=\"100\" width=\"100\" title=\"Statistic-min\" onerror=\"this.style.display='none'\"  \/>\n\t\t<h3>Clearly arranged<\/h3><p>The location information is displayed visually with the transport events. This enables direct assignment.<\/p>\n\t\t\t\t<img decoding=\"async\" src=\"https:\/\/www.aspion.de\/wp-content\/uploads\/2023\/12\/Lock-min.png\" alt=\"Lock-min\" itemprop=\"image\" height=\"100\" width=\"100\" title=\"Lock-min\" onerror=\"this.style.display='none'\"  \/>\n\t\t<h3>Safe<\/h3><p>Intelligent encryption mechanisms allow comprehensive protection of all sensitive data.<\/p>\n\t\t\t\t<img decoding=\"async\" src=\"https:\/\/www.aspion.de\/wp-content\/uploads\/2023\/12\/Cloud-Connect-min.png\" alt=\"Cloud-Connect-min\" itemprop=\"image\" height=\"100\" width=\"100\" title=\"Cloud-Connect-min\" onerror=\"this.style.display='none'\"  \/>\n\t\t<h3>Independent of location<\/h3><p>Shared data access to operations and evaluations enables cross-site operation in the corporate network.<\/p>\n\t\t\t\t<img decoding=\"async\" src=\"https:\/\/www.aspion.de\/wp-content\/uploads\/2023\/12\/Home-min.png\" alt=\"Home-min\" itemprop=\"image\" height=\"100\" width=\"100\" title=\"Home-min\" onerror=\"this.style.display='none'\"  \/>\n\t\t<h3>Made in Germany<\/h3><p>Completely developed and data hosted in Germany.<\/p>\n\t\t\t<a href=\"https:\/\/www.aspion.de\/wp-content\/uploads\/2023\/06\/ASPION_G-log_Premium_Onepager_en.pdf\" target=\"_blank\" rel=\"noopener\">\n\t\t\t\t\t\tdownload onepager with all info\n\t\t\t\t\t<\/a>\n\t\t\t\t<img decoding=\"async\" src=\"https:\/\/www.aspion.de\/wp-content\/uploads\/2017\/10\/ASPION-G-Log-Premium-Keyvisual-Fotolia_96076478_L-e1508327814721-1024x538.jpg\" alt=\"Globaler Warentransport\" itemprop=\"image\" height=\"538\" width=\"1024\" title=\"Globaler Warentransport\" onerror=\"this.style.display='none'\"  \/>\n\t\t<h3>Fields of application<\/h3><p>ASPION G-Log Premium can be used wherever <strong>simple and secure tracking of transport events<\/strong> is required. Especially when <strong>shipping high-value goods that change locations for use several times<\/strong>, the service enables cost-effective monitoring of transport routes <strong>without the use of expensive hardware or infrastructure &#8211; the smartphone is simply used<\/strong>.<\/p>\n<p>Industrial customers receive increased flexibility, transparency and process reliability. In particular, <strong>cooperation in distributed structures and with suppliers<\/strong> is supported in a user-friendly and transnational manner.<\/p>\n\t\t<h3>How it works<\/h3><p>ASPION G-Log Premium can be used as a cloud service with all ASPION data loggers. The solution <strong>transfers the shocks, vibrations and climate evaluations recorded in the devices to a protected cloud storage via smartphone app in a fully automated way<\/strong>. In addition, the current GPS position is recorded and stored when the sensor is read. Your PC software immediately shows you when new evaluations are available. The information obtained allows you to record and graphically output seamless evaluations of transport routes and events that occur.<\/p>\n<p>For ASPION G-Log 2 shock and climate loggers, <strong>the new version 6 allows them to be activated flexibly, quickly and easily directly via smartphone app <\/strong>for data loggers with delivery state. Each new activation is automatically transferred to your PC software. This <strong>gives you full control and transparency over all data loggers at any time and from any location<\/strong>.<\/p>\n\t\t\t<a href=\"\" target=\"_self\" rel=\"noopener\">\n\t\t\t\t\t\tLearn more about the new version 6\n\t\t\t\t\t<\/a>\n\t\t\t\t<img decoding=\"async\" src=\"https:\/\/www.aspion.de\/wp-content\/uploads\/2020\/05\/sensordaten_mit_standort_aspion-1.jpg\" alt=\"Sensordaten mit Standort werden bei Aspion Datenloggern per Smartphone App \u00fcbermittelt\" itemprop=\"image\" height=\"320\" width=\"613\" title=\"Sensordaten mit Standort Aspion\" onerror=\"this.style.display='none'\"  \/>\n\t\t\t\t<img decoding=\"async\" src=\"https:\/\/www.aspion.de\/wp-content\/uploads\/2022\/11\/aspion-datenlogger-per-app-aktivieren.jpg\" alt=\"Simply activate ASPION data logger via app\" itemprop=\"image\" height=\"771\" width=\"1458\" title=\"activate-aspion-data-logger-via-app\" onerror=\"this.style.display='none'\"  \/>\n\t\t<h3><a href=\"mailto:info@aspion.de?subject=Request%20ASPION%20G-Log%20Premium\" target=\"_blank\" rel=\"noopener\">Get to know our solution<\/a><\/h3><p>You can get to know the cloud-based service ASPION G-Log Premium without obligation: Convince yourself of the performance of the data loggers and their advantages with a test run. Get in touch with us today. We look forward to your inquiry.<\/p>\n\t\t\t<a href=\"mailto:info@aspion.de?subject=Request%20ASPION%20G-Log%20Premium\" target=\"_blank\" rel=\"noopener\">\n\t\t\t\t\t\tRequest now: ASPION G-Log Premium\n\t\t\t\t\t<\/a>\n\n","protected":false},"excerpt":{"rendered":"<p>ASPION G-Log Premium &#8211; manage sensors flexibly with cloud transfer The software-based service ASPION G-Log Premium extends the performance range of the shock data loggers with cloud storage: you receive recorded data directly in real time when reading them out and optionally also start ASPION G-Log 2 data loggers via app. The solution automatically transfers&hellip;<\/p>\n","protected":false},"author":1,"featured_media":0,"parent":0,"menu_order":0,"comment_status":"closed","ping_status":"closed","template":"","meta":{"_acf_changed":false,"footnotes":""},"class_list":["post-13003","page","type-page","status-publish","hentry"],"acf":[],"yoast_head":"<!-- This site is optimized with the Yoast SEO Premium plugin v27.3 (Yoast SEO v27.3) - https:\/\/yoast.com\/product\/yoast-seo-premium-wordpress\/ -->\n<title>Cloud-based service | ASPION G-Log Premium \u00bb ASPION<\/title>\n<meta name=\"description\" content=\"ASPION cloud-based service \u25ba G-Log Premium for data transmission via cloud \u2713 T\u00dcV-certified cloud storage \u25ba Learn more!\" \/>\n<meta name=\"robots\" content=\"index, follow, max-snippet:-1, max-image-preview:large, max-video-preview:-1\" \/>\n<link rel=\"canonical\" href=\"https:\/\/www.aspion.de\/en\/cloud-based-service-aspion-g-log-premium-for-shock-sensors\/\" \/>\n<meta property=\"og:locale\" content=\"en_US\" \/>\n<meta property=\"og:type\" content=\"article\" \/>\n<meta property=\"og:title\" content=\"Cloud-based service ASPION G-Log Premium for shock sensors\" \/>\n<meta property=\"og:description\" content=\"ASPION cloud-based service \u25ba G-Log Premium for data transmission via cloud \u2713 T\u00dcV-certified cloud storage \u25ba Learn more!\" \/>\n<meta property=\"og:url\" content=\"https:\/\/www.aspion.de\/en\/cloud-based-service-aspion-g-log-premium-for-shock-sensors\/\" \/>\n<meta property=\"og:site_name\" content=\"ASPION GmbH \u2013 Profi-Datenlogger f\u00fcr Schock und Sto\u00df - f\u00fcr die Industrie\" \/>\n<meta property=\"article:modified_time\" content=\"2024-07-04T12:27:35+00:00\" \/>\n<meta property=\"og:image\" content=\"https:\/\/www.aspion.de\/wp-content\/uploads\/2017\/10\/ASPION_G-Log_Premium.png\" \/>\n<meta name=\"twitter:card\" content=\"summary_large_image\" \/>\n<meta name=\"twitter:label1\" content=\"Est. reading time\" \/>\n\t<meta name=\"twitter:data1\" content=\"3 minutes\" \/>\n<script type=\"application\/ld+json\" class=\"yoast-schema-graph\">{\"@context\":\"https:\\\/\\\/schema.org\",\"@graph\":[{\"@type\":\"WebPage\",\"@id\":\"https:\\\/\\\/www.aspion.de\\\/en\\\/cloud-based-service-aspion-g-log-premium-for-shock-sensors\\\/\",\"url\":\"https:\\\/\\\/www.aspion.de\\\/en\\\/cloud-based-service-aspion-g-log-premium-for-shock-sensors\\\/\",\"name\":\"Cloud-based service | ASPION G-Log Premium \u00bb ASPION\",\"isPartOf\":{\"@id\":\"https:\\\/\\\/www.aspion.de\\\/en\\\/#website\"},\"primaryImageOfPage\":{\"@id\":\"https:\\\/\\\/www.aspion.de\\\/en\\\/cloud-based-service-aspion-g-log-premium-for-shock-sensors\\\/#primaryimage\"},\"image\":{\"@id\":\"https:\\\/\\\/www.aspion.de\\\/en\\\/cloud-based-service-aspion-g-log-premium-for-shock-sensors\\\/#primaryimage\"},\"thumbnailUrl\":\"https:\\\/\\\/www.aspion.de\\\/wp-content\\\/uploads\\\/2017\\\/10\\\/ASPION_G-Log_Premium.png\",\"datePublished\":\"2017-10-18T11:34:15+00:00\",\"dateModified\":\"2024-07-04T12:27:35+00:00\",\"description\":\"ASPION cloud-based service \u25ba G-Log Premium for data transmission via cloud \u2713 T\u00dcV-certified cloud storage \u25ba Learn more!\",\"breadcrumb\":{\"@id\":\"https:\\\/\\\/www.aspion.de\\\/en\\\/cloud-based-service-aspion-g-log-premium-for-shock-sensors\\\/#breadcrumb\"},\"inLanguage\":\"en-US\",\"potentialAction\":[{\"@type\":\"ReadAction\",\"target\":[\"https:\\\/\\\/www.aspion.de\\\/en\\\/cloud-based-service-aspion-g-log-premium-for-shock-sensors\\\/\"]}]},{\"@type\":\"ImageObject\",\"inLanguage\":\"en-US\",\"@id\":\"https:\\\/\\\/www.aspion.de\\\/en\\\/cloud-based-service-aspion-g-log-premium-for-shock-sensors\\\/#primaryimage\",\"url\":\"https:\\\/\\\/www.aspion.de\\\/wp-content\\\/uploads\\\/2017\\\/10\\\/ASPION_G-Log_Premium.png\",\"contentUrl\":\"https:\\\/\\\/www.aspion.de\\\/wp-content\\\/uploads\\\/2017\\\/10\\\/ASPION_G-Log_Premium.png\"},{\"@type\":\"BreadcrumbList\",\"@id\":\"https:\\\/\\\/www.aspion.de\\\/en\\\/cloud-based-service-aspion-g-log-premium-for-shock-sensors\\\/#breadcrumb\",\"itemListElement\":[{\"@type\":\"ListItem\",\"position\":1,\"name\":\"Startseite\",\"item\":\"https:\\\/\\\/www.aspion.de\\\/en\\\/\"},{\"@type\":\"ListItem\",\"position\":2,\"name\":\"Cloud-based service ASPION G-Log Premium for shock sensors\"}]},{\"@type\":\"WebSite\",\"@id\":\"https:\\\/\\\/www.aspion.de\\\/en\\\/#website\",\"url\":\"https:\\\/\\\/www.aspion.de\\\/en\\\/\",\"name\":\"ASPION GmbH \u2013 Profi-Datenlogger f\u00fcr Schock und Sto\u00df - f\u00fcr die Industrie\",\"description\":\"Datenlogger f\u00fcr Transport\u00fcberwachung von Schock, Temperatur, Feuchte - einfach, kosteng\u00fcnstig, nachhaltig, made in Germany.\",\"publisher\":{\"@id\":\"https:\\\/\\\/www.aspion.de\\\/en\\\/#organization\"},\"potentialAction\":[{\"@type\":\"SearchAction\",\"target\":{\"@type\":\"EntryPoint\",\"urlTemplate\":\"https:\\\/\\\/www.aspion.de\\\/en\\\/?s={search_term_string}\"},\"query-input\":{\"@type\":\"PropertyValueSpecification\",\"valueRequired\":true,\"valueName\":\"search_term_string\"}}],\"inLanguage\":\"en-US\"},{\"@type\":[\"Organization\",\"Place\"],\"@id\":\"https:\\\/\\\/www.aspion.de\\\/en\\\/#organization\",\"name\":\"ASPION GmbH\",\"url\":\"https:\\\/\\\/www.aspion.de\\\/en\\\/\",\"logo\":{\"@id\":\"https:\\\/\\\/www.aspion.de\\\/en\\\/cloud-based-service-aspion-g-log-premium-for-shock-sensors\\\/#local-main-organization-logo\"},\"image\":{\"@id\":\"https:\\\/\\\/www.aspion.de\\\/en\\\/cloud-based-service-aspion-g-log-premium-for-shock-sensors\\\/#local-main-organization-logo\"},\"sameAs\":[\"https:\\\/\\\/www.linkedin.com\\\/company\\\/aspion-gmbh\",\"https:\\\/\\\/www.youtube.com\\\/channel\\\/UCyPrXy8bNbXMKcp_MQEor3w\"],\"address\":{\"@id\":\"https:\\\/\\\/www.aspion.de\\\/en\\\/cloud-based-service-aspion-g-log-premium-for-shock-sensors\\\/#local-main-place-address\"},\"telephone\":[\"+49 721 85149-122\"],\"openingHoursSpecification\":[{\"@type\":\"OpeningHoursSpecification\",\"dayOfWeek\":[\"Monday\",\"Tuesday\",\"Wednesday\",\"Thursday\",\"Friday\",\"Saturday\",\"Sunday\"],\"opens\":\"09:00\",\"closes\":\"17:00\"}],\"email\":\"info@aspion.de\",\"faxNumber\":\"+49 721 85149-090\"},{\"@type\":\"PostalAddress\",\"@id\":\"https:\\\/\\\/www.aspion.de\\\/en\\\/cloud-based-service-aspion-g-log-premium-for-shock-sensors\\\/#local-main-place-address\",\"streetAddress\":\"Ohiostra\u00dfe 11\",\"addressLocality\":\"Karlsruhe\",\"postalCode\":\"76149\",\"addressRegion\":\"Baden-W\u00fcrttemberg\",\"addressCountry\":\"DE\"},{\"@type\":\"ImageObject\",\"inLanguage\":\"en-US\",\"@id\":\"https:\\\/\\\/www.aspion.de\\\/en\\\/cloud-based-service-aspion-g-log-premium-for-shock-sensors\\\/#local-main-organization-logo\",\"url\":\"https:\\\/\\\/www.aspion.de\\\/wp-content\\\/uploads\\\/2014\\\/05\\\/Aspion_GmbH_Active_SensorsPositioning_Logo_1.png\",\"contentUrl\":\"https:\\\/\\\/www.aspion.de\\\/wp-content\\\/uploads\\\/2014\\\/05\\\/Aspion_GmbH_Active_SensorsPositioning_Logo_1.png\",\"width\":280,\"height\":71,\"caption\":\"ASPION GmbH\"}]}<\/script>\n<meta name=\"geo.placename\" content=\"Karlsruhe\" \/>\n<meta name=\"geo.region\" content=\"Germany\" \/>\n<!-- \/ Yoast SEO Premium plugin. -->","yoast_head_json":{"title":"Cloud-based service | ASPION G-Log Premium \u00bb ASPION","description":"ASPION cloud-based service \u25ba G-Log Premium for data transmission via cloud \u2713 T\u00dcV-certified cloud storage \u25ba Learn more!","robots":{"index":"index","follow":"follow","max-snippet":"max-snippet:-1","max-image-preview":"max-image-preview:large","max-video-preview":"max-video-preview:-1"},"canonical":"https:\/\/www.aspion.de\/en\/cloud-based-service-aspion-g-log-premium-for-shock-sensors\/","og_locale":"en_US","og_type":"article","og_title":"Cloud-based service ASPION G-Log Premium for shock sensors","og_description":"ASPION cloud-based service \u25ba G-Log Premium for data transmission via cloud \u2713 T\u00dcV-certified cloud storage \u25ba Learn more!","og_url":"https:\/\/www.aspion.de\/en\/cloud-based-service-aspion-g-log-premium-for-shock-sensors\/","og_site_name":"ASPION GmbH \u2013 Profi-Datenlogger f\u00fcr Schock und Sto\u00df - f\u00fcr die Industrie","article_modified_time":"2024-07-04T12:27:35+00:00","og_image":[{"url":"https:\/\/www.aspion.de\/wp-content\/uploads\/2017\/10\/ASPION_G-Log_Premium.png","type":"","width":"","height":""}],"twitter_card":"summary_large_image","twitter_misc":{"Est. reading time":"3 minutes"},"schema":{"@context":"https:\/\/schema.org","@graph":[{"@type":"WebPage","@id":"https:\/\/www.aspion.de\/en\/cloud-based-service-aspion-g-log-premium-for-shock-sensors\/","url":"https:\/\/www.aspion.de\/en\/cloud-based-service-aspion-g-log-premium-for-shock-sensors\/","name":"Cloud-based service | ASPION G-Log Premium \u00bb ASPION","isPartOf":{"@id":"https:\/\/www.aspion.de\/en\/#website"},"primaryImageOfPage":{"@id":"https:\/\/www.aspion.de\/en\/cloud-based-service-aspion-g-log-premium-for-shock-sensors\/#primaryimage"},"image":{"@id":"https:\/\/www.aspion.de\/en\/cloud-based-service-aspion-g-log-premium-for-shock-sensors\/#primaryimage"},"thumbnailUrl":"https:\/\/www.aspion.de\/wp-content\/uploads\/2017\/10\/ASPION_G-Log_Premium.png","datePublished":"2017-10-18T11:34:15+00:00","dateModified":"2024-07-04T12:27:35+00:00","description":"ASPION cloud-based service \u25ba G-Log Premium for data transmission via cloud \u2713 T\u00dcV-certified cloud storage \u25ba Learn more!","breadcrumb":{"@id":"https:\/\/www.aspion.de\/en\/cloud-based-service-aspion-g-log-premium-for-shock-sensors\/#breadcrumb"},"inLanguage":"en-US","potentialAction":[{"@type":"ReadAction","target":["https:\/\/www.aspion.de\/en\/cloud-based-service-aspion-g-log-premium-for-shock-sensors\/"]}]},{"@type":"ImageObject","inLanguage":"en-US","@id":"https:\/\/www.aspion.de\/en\/cloud-based-service-aspion-g-log-premium-for-shock-sensors\/#primaryimage","url":"https:\/\/www.aspion.de\/wp-content\/uploads\/2017\/10\/ASPION_G-Log_Premium.png","contentUrl":"https:\/\/www.aspion.de\/wp-content\/uploads\/2017\/10\/ASPION_G-Log_Premium.png"},{"@type":"BreadcrumbList","@id":"https:\/\/www.aspion.de\/en\/cloud-based-service-aspion-g-log-premium-for-shock-sensors\/#breadcrumb","itemListElement":[{"@type":"ListItem","position":1,"name":"Startseite","item":"https:\/\/www.aspion.de\/en\/"},{"@type":"ListItem","position":2,"name":"Cloud-based service ASPION G-Log Premium for shock sensors"}]},{"@type":"WebSite","@id":"https:\/\/www.aspion.de\/en\/#website","url":"https:\/\/www.aspion.de\/en\/","name":"ASPION GmbH \u2013 Profi-Datenlogger f\u00fcr Schock und Sto\u00df - f\u00fcr die Industrie","description":"Datenlogger f\u00fcr Transport\u00fcberwachung von Schock, Temperatur, Feuchte - einfach, kosteng\u00fcnstig, nachhaltig, made in Germany.","publisher":{"@id":"https:\/\/www.aspion.de\/en\/#organization"},"potentialAction":[{"@type":"SearchAction","target":{"@type":"EntryPoint","urlTemplate":"https:\/\/www.aspion.de\/en\/?s={search_term_string}"},"query-input":{"@type":"PropertyValueSpecification","valueRequired":true,"valueName":"search_term_string"}}],"inLanguage":"en-US"},{"@type":["Organization","Place"],"@id":"https:\/\/www.aspion.de\/en\/#organization","name":"ASPION GmbH","url":"https:\/\/www.aspion.de\/en\/","logo":{"@id":"https:\/\/www.aspion.de\/en\/cloud-based-service-aspion-g-log-premium-for-shock-sensors\/#local-main-organization-logo"},"image":{"@id":"https:\/\/www.aspion.de\/en\/cloud-based-service-aspion-g-log-premium-for-shock-sensors\/#local-main-organization-logo"},"sameAs":["https:\/\/www.linkedin.com\/company\/aspion-gmbh","https:\/\/www.youtube.com\/channel\/UCyPrXy8bNbXMKcp_MQEor3w"],"address":{"@id":"https:\/\/www.aspion.de\/en\/cloud-based-service-aspion-g-log-premium-for-shock-sensors\/#local-main-place-address"},"telephone":["+49 721 85149-122"],"openingHoursSpecification":[{"@type":"OpeningHoursSpecification","dayOfWeek":["Monday","Tuesday","Wednesday","Thursday","Friday","Saturday","Sunday"],"opens":"09:00","closes":"17:00"}],"email":"info@aspion.de","faxNumber":"+49 721 85149-090"},{"@type":"PostalAddress","@id":"https:\/\/www.aspion.de\/en\/cloud-based-service-aspion-g-log-premium-for-shock-sensors\/#local-main-place-address","streetAddress":"Ohiostra\u00dfe 11","addressLocality":"Karlsruhe","postalCode":"76149","addressRegion":"Baden-W\u00fcrttemberg","addressCountry":"DE"},{"@type":"ImageObject","inLanguage":"en-US","@id":"https:\/\/www.aspion.de\/en\/cloud-based-service-aspion-g-log-premium-for-shock-sensors\/#local-main-organization-logo","url":"https:\/\/www.aspion.de\/wp-content\/uploads\/2014\/05\/Aspion_GmbH_Active_SensorsPositioning_Logo_1.png","contentUrl":"https:\/\/www.aspion.de\/wp-content\/uploads\/2014\/05\/Aspion_GmbH_Active_SensorsPositioning_Logo_1.png","width":280,"height":71,"caption":"ASPION GmbH"}]},"geo.placename":"Karlsruhe","geo.region":"Germany"},"_links":{"self":[{"href":"https:\/\/www.aspion.de\/en\/wp-json\/wp\/v2\/pages\/13003","targetHints":{"allow":["GET"]}}],"collection":[{"href":"https:\/\/www.aspion.de\/en\/wp-json\/wp\/v2\/pages"}],"about":[{"href":"https:\/\/www.aspion.de\/en\/wp-json\/wp\/v2\/types\/page"}],"author":[{"embeddable":true,"href":"https:\/\/www.aspion.de\/en\/wp-json\/wp\/v2\/users\/1"}],"replies":[{"embeddable":true,"href":"https:\/\/www.aspion.de\/en\/wp-json\/wp\/v2\/comments?post=13003"}],"version-history":[{"count":22,"href":"https:\/\/www.aspion.de\/en\/wp-json\/wp\/v2\/pages\/13003\/revisions"}],"predecessor-version":[{"id":21718,"href":"https:\/\/www.aspion.de\/en\/wp-json\/wp\/v2\/pages\/13003\/revisions\/21718"}],"wp:attachment":[{"href":"https:\/\/www.aspion.de\/en\/wp-json\/wp\/v2\/media?parent=13003"}],"curies":[{"name":"wp","href":"https:\/\/api.w.org\/{rel}","templated":true}]}}