{"id":13023,"date":"2015-01-02T19:58:05","date_gmt":"2015-01-02T19:58:05","guid":{"rendered":"http:\/\/aspion.de.w01957cf.kasserver.com\/ueber-aspion\/"},"modified":"2024-12-13T16:45:44","modified_gmt":"2024-12-13T15:45:44","slug":"about-aspion-smart-sensors-and-individual-electronics","status":"publish","type":"page","link":"https:\/\/www.aspion.de\/en\/about-aspion-smart-sensors-and-individual-electronics\/","title":{"rendered":"About ASPION: Smart sensors and individual electronics"},"content":{"rendered":"\n<h1>\n\t\tAbout ASPION: Smart data loggers and energy-optimized electronics\n\t<\/h1>\n\t<p>We are a high-tech company specialized in modern sensor technology based in Karlsruhe, Europe&#8217;s third largest IT cluster and leading innovation location as IT region. Since 2011, our team around the managing director duo Michael W\u00f6hr and Martina W\u00f6hr has been developing and marketing energy-optimized, <strong><a href=\"https:\/\/www.aspion.de\/en\/data-logger-product-comparison\/\">smart sensors with wireless communication<\/a> <\/strong>for use in industrial 4.0 environments. Since 2014, the focus has been on own product developments in the area of transport monitoring.<\/p>\n<p>With the <a href=\"https:\/\/www.aspion.de\/en\/shock-sensors-from-aspion-data-loggers-for-transport-monitoring\/\"><strong>ASPION G-Log shock sensor<\/strong><\/a>, we have developed an <strong>intuitively operable shock sensor for cost-effective transport monitoring<\/strong> and successfully established it on the market. In our customer-oriented further development we attach importance to a <strong>simple, intuitive<\/strong> <strong>operation<\/strong> with simultaneously increasing complexity, for example with smartphone apps, cloud memory and network functionalities. The innovative ASPION complete system consisting of data loggers, software and apps has already received several prestigious awards.<\/p>\n\t\t\t\t<img decoding=\"async\" src=\"https:\/\/www.aspion.de\/wp-content\/uploads\/2023\/01\/michael_martina_woehr_v1_klein-1536x1398.png\" alt=\"michael_martina_woehr_v1_klein\" itemprop=\"image\" height=\"1398\" width=\"1536\" title=\"michael_martina_woehr_v1_klein\" onerror=\"this.style.display='none'\"  \/>\n\t<p>From the very beginning, we have relied on Germany as a location for both development and production and therefore exclusively on solutions <b><strong>&#8220;Made and Hosted in Germany&#8221;<\/strong><\/b>. The <a href=\"https:\/\/www.aspion.de\/en\/iot-live-asset-tracking-l-track\/\"><b><strong>ASPION L-Track multi-sensor data logger<\/strong><\/b><\/a> expands our product range with a <b><strong>globally active 360\u00b0 live tracking system<\/strong><\/b>. The end-to-end solution consisting of intelligent device sensors and a powerful cloud platform rounds off the range of services in the field of transport monitoring and <b><strong>Internet of Things (IoT<\/strong><\/b>).<\/p>\n\t\t\t\t<img decoding=\"async\" src=\"https:\/\/www.aspion.de\/wp-content\/uploads\/2023\/01\/michael_woehr_portrait_v1-1024x1024.png\" alt=\"michael_woehr_portrait_v1\" itemprop=\"image\" height=\"1024\" width=\"1024\" title=\"michael_woehr_portrait_v1\" onerror=\"this.style.display='none'\"  \/>\n<h2>\n\t\tMichael W\u00f6hr\n\t<\/h2>\n<h3>\n\t\tA passion for electronics innovation\n\t<\/h3>\n\t<p>Michael W\u00f6hr founded ASPION GmbH in 2011 with ample professional experience in electronics development and project planning. As a graduate engineer in electrical engineering, he realized his ideas of <strong>energy-optimized sensor solutions for industry<\/strong>. With over 20 years of experience in <strong>research and development, team, project and quality management<\/strong> at home and abroad, he lives his passion at ASPION every day anew: the development of energy-optimized, innovative electronics &#8211; Made in Germany.<\/p>\n\t\t\t\t<img decoding=\"async\" src=\"https:\/\/www.aspion.de\/wp-content\/uploads\/2023\/01\/martina_woehr_portrait_v1-1024x1024.png\" alt=\"martina_woehr_portrait_v1\" itemprop=\"image\" height=\"1024\" width=\"1024\" title=\"martina_woehr_portrait_v1\" onerror=\"this.style.display='none'\"  \/>\n<h2>\n\t\tMartina W\u00f6hr\n\t<\/h2>\n<h3>\n\t\tA passion for customer needs\n\t<\/h3>\n\t<p>As a graduate computer scientist, Martina W\u00f6hr understands how to communicate complex relationships between customers and development. With over 15 years of experience in the <strong>high-tech sector in marketing, communication, sales and project business<\/strong>, she puts her<strong> heart and soul into taking care of our customers&#8217; needs<\/strong>. As an expert in communication, sales and project business, she is responsible for the expansion of direct sales, marketing and the development of our partner companies and the forthcoming internationalization.<\/p>\n\t<p>If you would like to learn more about ASPION GmbH or our <a href=\"https:\/\/www.aspion.de\/en\/data-logger-product-comparison\/\"><strong>product range<\/strong><\/a> or if you would like to make your company sustainable in the field of industry 4.0 applications, simply contact us via our <a href=\"https:\/\/www.aspion.de\/en\/contact\/\"><strong>contact form<\/strong><\/a> or by telephone during our business hours. We are looking forward to supporting you in the field of smart sensors soon.<\/p>\n\n","protected":false},"excerpt":{"rendered":"<p>About ASPION: Smart data loggers and energy-optimized electronics We are a high-tech company specialized in modern sensor technology based in Karlsruhe, Europe&#8217;s third largest IT cluster and leading innovation location as IT region. Since 2011, our team around the managing director duo Michael W\u00f6hr and Martina W\u00f6hr has been developing and marketing energy-optimized, smart sensors&hellip;<\/p>\n","protected":false},"author":1,"featured_media":0,"parent":0,"menu_order":0,"comment_status":"closed","ping_status":"closed","template":"","meta":{"_acf_changed":false,"footnotes":""},"class_list":["post-13023","page","type-page","status-publish","hentry"],"acf":[],"yoast_head":"<!-- This site is optimized with the Yoast SEO Premium plugin v27.5 (Yoast SEO v27.5) - https:\/\/yoast.com\/product\/yoast-seo-premium-wordpress\/ -->\n<title>About ASPION: Smart sensors and individual electronics<\/title>\n<meta name=\"description\" content=\"Smart sensor technology and individual electronics at first hand: ASPION GmbH is a young company specialized in modern sensor technology...\" \/>\n<meta name=\"robots\" content=\"index, follow, max-snippet:-1, max-image-preview:large, max-video-preview:-1\" \/>\n<link rel=\"canonical\" href=\"https:\/\/www.aspion.de\/en\/about-aspion-smart-sensors-and-individual-electronics\/\" \/>\n<meta property=\"og:locale\" content=\"en_US\" \/>\n<meta property=\"og:type\" content=\"article\" \/>\n<meta property=\"og:title\" content=\"About ASPION: Smart sensors and individual electronics\" \/>\n<meta property=\"og:description\" content=\"Smart sensor technology and individual electronics at first hand: ASPION GmbH is a young company specialized in modern sensor technology...\" \/>\n<meta property=\"og:url\" content=\"https:\/\/www.aspion.de\/en\/about-aspion-smart-sensors-and-individual-electronics\/\" \/>\n<meta property=\"og:site_name\" content=\"ASPION GmbH \u2013 Profi-Datenlogger f\u00fcr Schock und Sto\u00df - f\u00fcr die Industrie\" \/>\n<meta property=\"article:modified_time\" content=\"2024-12-13T15:45:44+00:00\" \/>\n<meta property=\"og:image\" content=\"https:\/\/www.aspion.de\/wp-content\/uploads\/2023\/01\/michael_martina_woehr_v1_klein-1536x1398.png\" \/>\n<meta name=\"twitter:card\" content=\"summary_large_image\" \/>\n<meta name=\"twitter:label1\" content=\"Est. reading time\" \/>\n\t<meta name=\"twitter:data1\" content=\"2 minutes\" \/>\n<script type=\"application\/ld+json\" class=\"yoast-schema-graph\">{\"@context\":\"https:\\\/\\\/schema.org\",\"@graph\":[{\"@type\":\"WebPage\",\"@id\":\"https:\\\/\\\/www.aspion.de\\\/en\\\/about-aspion-smart-sensors-and-individual-electronics\\\/\",\"url\":\"https:\\\/\\\/www.aspion.de\\\/en\\\/about-aspion-smart-sensors-and-individual-electronics\\\/\",\"name\":\"About ASPION: Smart sensors and individual electronics\",\"isPartOf\":{\"@id\":\"https:\\\/\\\/www.aspion.de\\\/en\\\/#website\"},\"primaryImageOfPage\":{\"@id\":\"https:\\\/\\\/www.aspion.de\\\/en\\\/about-aspion-smart-sensors-and-individual-electronics\\\/#primaryimage\"},\"image\":{\"@id\":\"https:\\\/\\\/www.aspion.de\\\/en\\\/about-aspion-smart-sensors-and-individual-electronics\\\/#primaryimage\"},\"thumbnailUrl\":\"https:\\\/\\\/www.aspion.de\\\/wp-content\\\/uploads\\\/2023\\\/01\\\/michael_martina_woehr_v1_klein-1536x1398.png\",\"datePublished\":\"2015-01-02T19:58:05+00:00\",\"dateModified\":\"2024-12-13T15:45:44+00:00\",\"description\":\"Smart sensor technology and individual electronics at first hand: ASPION GmbH is a young company specialized in modern sensor technology...\",\"breadcrumb\":{\"@id\":\"https:\\\/\\\/www.aspion.de\\\/en\\\/about-aspion-smart-sensors-and-individual-electronics\\\/#breadcrumb\"},\"inLanguage\":\"en-US\",\"potentialAction\":[{\"@type\":\"ReadAction\",\"target\":[\"https:\\\/\\\/www.aspion.de\\\/en\\\/about-aspion-smart-sensors-and-individual-electronics\\\/\"]}]},{\"@type\":\"ImageObject\",\"inLanguage\":\"en-US\",\"@id\":\"https:\\\/\\\/www.aspion.de\\\/en\\\/about-aspion-smart-sensors-and-individual-electronics\\\/#primaryimage\",\"url\":\"https:\\\/\\\/www.aspion.de\\\/wp-content\\\/uploads\\\/2023\\\/01\\\/michael_martina_woehr_v1_klein-1536x1398.png\",\"contentUrl\":\"https:\\\/\\\/www.aspion.de\\\/wp-content\\\/uploads\\\/2023\\\/01\\\/michael_martina_woehr_v1_klein-1536x1398.png\"},{\"@type\":\"BreadcrumbList\",\"@id\":\"https:\\\/\\\/www.aspion.de\\\/en\\\/about-aspion-smart-sensors-and-individual-electronics\\\/#breadcrumb\",\"itemListElement\":[{\"@type\":\"ListItem\",\"position\":1,\"name\":\"Startseite\",\"item\":\"https:\\\/\\\/www.aspion.de\\\/en\\\/\"},{\"@type\":\"ListItem\",\"position\":2,\"name\":\"About ASPION: Smart sensors and individual electronics\"}]},{\"@type\":\"WebSite\",\"@id\":\"https:\\\/\\\/www.aspion.de\\\/en\\\/#website\",\"url\":\"https:\\\/\\\/www.aspion.de\\\/en\\\/\",\"name\":\"ASPION GmbH \u2013 Profi-Datenlogger f\u00fcr Schock und Sto\u00df - f\u00fcr die Industrie\",\"description\":\"Datenlogger f\u00fcr Transport\u00fcberwachung von Schock, Temperatur, Feuchte - einfach, kosteng\u00fcnstig, nachhaltig, made in Germany.\",\"publisher\":{\"@id\":\"https:\\\/\\\/www.aspion.de\\\/en\\\/#organization\"},\"potentialAction\":[{\"@type\":\"SearchAction\",\"target\":{\"@type\":\"EntryPoint\",\"urlTemplate\":\"https:\\\/\\\/www.aspion.de\\\/en\\\/?s={search_term_string}\"},\"query-input\":{\"@type\":\"PropertyValueSpecification\",\"valueRequired\":true,\"valueName\":\"search_term_string\"}}],\"inLanguage\":\"en-US\"},{\"@type\":[\"Organization\",\"Place\"],\"@id\":\"https:\\\/\\\/www.aspion.de\\\/en\\\/#organization\",\"name\":\"ASPION GmbH\",\"url\":\"https:\\\/\\\/www.aspion.de\\\/en\\\/\",\"logo\":{\"@id\":\"https:\\\/\\\/www.aspion.de\\\/en\\\/about-aspion-smart-sensors-and-individual-electronics\\\/#local-main-organization-logo\"},\"image\":{\"@id\":\"https:\\\/\\\/www.aspion.de\\\/en\\\/about-aspion-smart-sensors-and-individual-electronics\\\/#local-main-organization-logo\"},\"sameAs\":[\"https:\\\/\\\/www.linkedin.com\\\/company\\\/aspion-gmbh\",\"https:\\\/\\\/www.youtube.com\\\/channel\\\/UCyPrXy8bNbXMKcp_MQEor3w\"],\"address\":{\"@id\":\"https:\\\/\\\/www.aspion.de\\\/en\\\/about-aspion-smart-sensors-and-individual-electronics\\\/#local-main-place-address\"},\"telephone\":[\"+49 721 85149-122\"],\"openingHoursSpecification\":[{\"@type\":\"OpeningHoursSpecification\",\"dayOfWeek\":[\"Monday\",\"Tuesday\",\"Wednesday\",\"Thursday\",\"Friday\",\"Saturday\",\"Sunday\"],\"opens\":\"09:00\",\"closes\":\"17:00\"}],\"email\":\"info@aspion.de\",\"faxNumber\":\"+49 721 85149-090\"},{\"@type\":\"PostalAddress\",\"@id\":\"https:\\\/\\\/www.aspion.de\\\/en\\\/about-aspion-smart-sensors-and-individual-electronics\\\/#local-main-place-address\",\"streetAddress\":\"Ohiostra\u00dfe 11\",\"addressLocality\":\"Karlsruhe\",\"postalCode\":\"76149\",\"addressRegion\":\"Baden-W\u00fcrttemberg\",\"addressCountry\":\"DE\"},{\"@type\":\"ImageObject\",\"inLanguage\":\"en-US\",\"@id\":\"https:\\\/\\\/www.aspion.de\\\/en\\\/about-aspion-smart-sensors-and-individual-electronics\\\/#local-main-organization-logo\",\"url\":\"https:\\\/\\\/www.aspion.de\\\/wp-content\\\/uploads\\\/2014\\\/05\\\/Aspion_GmbH_Active_SensorsPositioning_Logo_1.png\",\"contentUrl\":\"https:\\\/\\\/www.aspion.de\\\/wp-content\\\/uploads\\\/2014\\\/05\\\/Aspion_GmbH_Active_SensorsPositioning_Logo_1.png\",\"width\":280,\"height\":71,\"caption\":\"ASPION GmbH\"}]}<\/script>\n<meta name=\"geo.placename\" content=\"Karlsruhe\" \/>\n<meta name=\"geo.region\" content=\"Germany\" \/>\n<!-- \/ Yoast SEO Premium plugin. -->","yoast_head_json":{"title":"About ASPION: Smart sensors and individual electronics","description":"Smart sensor technology and individual electronics at first hand: ASPION GmbH is a young company specialized in modern sensor technology...","robots":{"index":"index","follow":"follow","max-snippet":"max-snippet:-1","max-image-preview":"max-image-preview:large","max-video-preview":"max-video-preview:-1"},"canonical":"https:\/\/www.aspion.de\/en\/about-aspion-smart-sensors-and-individual-electronics\/","og_locale":"en_US","og_type":"article","og_title":"About ASPION: Smart sensors and individual electronics","og_description":"Smart sensor technology and individual electronics at first hand: ASPION GmbH is a young company specialized in modern sensor technology...","og_url":"https:\/\/www.aspion.de\/en\/about-aspion-smart-sensors-and-individual-electronics\/","og_site_name":"ASPION GmbH \u2013 Profi-Datenlogger f\u00fcr Schock und Sto\u00df - f\u00fcr die Industrie","article_modified_time":"2024-12-13T15:45:44+00:00","og_image":[{"url":"https:\/\/www.aspion.de\/wp-content\/uploads\/2023\/01\/michael_martina_woehr_v1_klein-1536x1398.png","type":"","width":"","height":""}],"twitter_card":"summary_large_image","twitter_misc":{"Est. reading time":"2 minutes"},"schema":{"@context":"https:\/\/schema.org","@graph":[{"@type":"WebPage","@id":"https:\/\/www.aspion.de\/en\/about-aspion-smart-sensors-and-individual-electronics\/","url":"https:\/\/www.aspion.de\/en\/about-aspion-smart-sensors-and-individual-electronics\/","name":"About ASPION: Smart sensors and individual electronics","isPartOf":{"@id":"https:\/\/www.aspion.de\/en\/#website"},"primaryImageOfPage":{"@id":"https:\/\/www.aspion.de\/en\/about-aspion-smart-sensors-and-individual-electronics\/#primaryimage"},"image":{"@id":"https:\/\/www.aspion.de\/en\/about-aspion-smart-sensors-and-individual-electronics\/#primaryimage"},"thumbnailUrl":"https:\/\/www.aspion.de\/wp-content\/uploads\/2023\/01\/michael_martina_woehr_v1_klein-1536x1398.png","datePublished":"2015-01-02T19:58:05+00:00","dateModified":"2024-12-13T15:45:44+00:00","description":"Smart sensor technology and individual electronics at first hand: ASPION GmbH is a young company specialized in modern sensor technology...","breadcrumb":{"@id":"https:\/\/www.aspion.de\/en\/about-aspion-smart-sensors-and-individual-electronics\/#breadcrumb"},"inLanguage":"en-US","potentialAction":[{"@type":"ReadAction","target":["https:\/\/www.aspion.de\/en\/about-aspion-smart-sensors-and-individual-electronics\/"]}]},{"@type":"ImageObject","inLanguage":"en-US","@id":"https:\/\/www.aspion.de\/en\/about-aspion-smart-sensors-and-individual-electronics\/#primaryimage","url":"https:\/\/www.aspion.de\/wp-content\/uploads\/2023\/01\/michael_martina_woehr_v1_klein-1536x1398.png","contentUrl":"https:\/\/www.aspion.de\/wp-content\/uploads\/2023\/01\/michael_martina_woehr_v1_klein-1536x1398.png"},{"@type":"BreadcrumbList","@id":"https:\/\/www.aspion.de\/en\/about-aspion-smart-sensors-and-individual-electronics\/#breadcrumb","itemListElement":[{"@type":"ListItem","position":1,"name":"Startseite","item":"https:\/\/www.aspion.de\/en\/"},{"@type":"ListItem","position":2,"name":"About ASPION: Smart sensors and individual electronics"}]},{"@type":"WebSite","@id":"https:\/\/www.aspion.de\/en\/#website","url":"https:\/\/www.aspion.de\/en\/","name":"ASPION GmbH \u2013 Profi-Datenlogger f\u00fcr Schock und Sto\u00df - f\u00fcr die Industrie","description":"Datenlogger f\u00fcr Transport\u00fcberwachung von Schock, Temperatur, Feuchte - einfach, kosteng\u00fcnstig, nachhaltig, made in Germany.","publisher":{"@id":"https:\/\/www.aspion.de\/en\/#organization"},"potentialAction":[{"@type":"SearchAction","target":{"@type":"EntryPoint","urlTemplate":"https:\/\/www.aspion.de\/en\/?s={search_term_string}"},"query-input":{"@type":"PropertyValueSpecification","valueRequired":true,"valueName":"search_term_string"}}],"inLanguage":"en-US"},{"@type":["Organization","Place"],"@id":"https:\/\/www.aspion.de\/en\/#organization","name":"ASPION GmbH","url":"https:\/\/www.aspion.de\/en\/","logo":{"@id":"https:\/\/www.aspion.de\/en\/about-aspion-smart-sensors-and-individual-electronics\/#local-main-organization-logo"},"image":{"@id":"https:\/\/www.aspion.de\/en\/about-aspion-smart-sensors-and-individual-electronics\/#local-main-organization-logo"},"sameAs":["https:\/\/www.linkedin.com\/company\/aspion-gmbh","https:\/\/www.youtube.com\/channel\/UCyPrXy8bNbXMKcp_MQEor3w"],"address":{"@id":"https:\/\/www.aspion.de\/en\/about-aspion-smart-sensors-and-individual-electronics\/#local-main-place-address"},"telephone":["+49 721 85149-122"],"openingHoursSpecification":[{"@type":"OpeningHoursSpecification","dayOfWeek":["Monday","Tuesday","Wednesday","Thursday","Friday","Saturday","Sunday"],"opens":"09:00","closes":"17:00"}],"email":"info@aspion.de","faxNumber":"+49 721 85149-090"},{"@type":"PostalAddress","@id":"https:\/\/www.aspion.de\/en\/about-aspion-smart-sensors-and-individual-electronics\/#local-main-place-address","streetAddress":"Ohiostra\u00dfe 11","addressLocality":"Karlsruhe","postalCode":"76149","addressRegion":"Baden-W\u00fcrttemberg","addressCountry":"DE"},{"@type":"ImageObject","inLanguage":"en-US","@id":"https:\/\/www.aspion.de\/en\/about-aspion-smart-sensors-and-individual-electronics\/#local-main-organization-logo","url":"https:\/\/www.aspion.de\/wp-content\/uploads\/2014\/05\/Aspion_GmbH_Active_SensorsPositioning_Logo_1.png","contentUrl":"https:\/\/www.aspion.de\/wp-content\/uploads\/2014\/05\/Aspion_GmbH_Active_SensorsPositioning_Logo_1.png","width":280,"height":71,"caption":"ASPION GmbH"}]},"geo.placename":"Karlsruhe","geo.region":"Germany"},"_links":{"self":[{"href":"https:\/\/www.aspion.de\/en\/wp-json\/wp\/v2\/pages\/13023","targetHints":{"allow":["GET"]}}],"collection":[{"href":"https:\/\/www.aspion.de\/en\/wp-json\/wp\/v2\/pages"}],"about":[{"href":"https:\/\/www.aspion.de\/en\/wp-json\/wp\/v2\/types\/page"}],"author":[{"embeddable":true,"href":"https:\/\/www.aspion.de\/en\/wp-json\/wp\/v2\/users\/1"}],"replies":[{"embeddable":true,"href":"https:\/\/www.aspion.de\/en\/wp-json\/wp\/v2\/comments?post=13023"}],"version-history":[{"count":14,"href":"https:\/\/www.aspion.de\/en\/wp-json\/wp\/v2\/pages\/13023\/revisions"}],"predecessor-version":[{"id":22634,"href":"https:\/\/www.aspion.de\/en\/wp-json\/wp\/v2\/pages\/13023\/revisions\/22634"}],"wp:attachment":[{"href":"https:\/\/www.aspion.de\/en\/wp-json\/wp\/v2\/media?parent=13023"}],"curies":[{"name":"wp","href":"https:\/\/api.w.org\/{rel}","templated":true}]}}