{"id":13043,"date":"2019-01-13T20:32:09","date_gmt":"2019-01-13T19:32:09","guid":{"rendered":"http:\/\/aspion.de.w01957cf.kasserver.com\/logimat-2019-datenlogger-schaffen-transparenz-in-intralogistik\/"},"modified":"2022-06-03T08:35:46","modified_gmt":"2022-06-03T07:35:46","slug":"press-release-logimat-2019-data-loggers-create-transparency-in-intralogistics","status":"publish","type":"page","link":"https:\/\/www.aspion.de\/en\/press-release-logimat-2019-data-loggers-create-transparency-in-intralogistics\/","title":{"rendered":"Press release &#8211; LogiMAT 2019: Data loggers create transparency in intralogistics"},"content":{"rendered":"\n\n<p>Press Release 14.01.2019<\/p>\n<h4><strong>ASPION presents latest generation of its sensor solution G-Log<\/strong><\/h4>\n<h1>LogiMAT 2019: Data loggers create transparency in intralogistics<\/h1>\n<p>Wherever goods are moved, they are exposed to external influences. If extraordinary events occur, the causes and circumstances usually remain hidden. This is where data loggers provide information: like a flight recorder, they record unusual events at precisely the right time. ASPION&#8217;s new generation of data loggers at LogiMAT in Hall 6, Stand A64, will demonstrate the benefits that companies can derive not only from transporting goods but also from intralogistics.<\/p>\n<h4><strong>Causal research made easy with autonomous data loggers<\/strong><\/h4>\n<p>Tools in a shelf are damaged, a sensitive measuring device is defective after internal transport or shock-sensitive goods in the high-bay warehouse have been demolished. Data loggers for shock detection create transparency and traceability of possible occurrences. The new generation of the ASPION G-Log 2 is not only used for classical transport monitoring, but also gets to the bottom of the causes in intralogistic environments. The shock sensor records shocks of up to \u00b1 24 g on each axis and in 6 directions, for the highest shocks additionally on millisecond level. With the evaluation of the data, conclusions about the causes on the company premises or in the warehouse are quickly transparent and necessary measures can be taken.<\/p>\n<h4><strong>Powerful, simple and versatile<\/strong><\/h4>\n<p>The battery-operated shock sensor G-Log 2 with wireless communication via NFC and BLE can be used quickly and easily without prior knowledge. It records event-controlled shocks, temperature and humidity values when self-defined thresholds are exceeded and stores up to 950 events. The battery in the discrete cheque card sized, 16 mm high ABS housing runs for up to 1 \u00bd year from activation. It can be replaced independently by the user. The sensor weighs only 35 grams and is fastened by screw mounting, cable ties or industrial adhesive tape. All ASPION data loggers are flexible and can be used multiple times, very easy to handle thanks to the ergonomic PC software and Smartphone App, and can be expanded to include cloud, location and network functions.<\/p>\n<p>The ASPION G-Log sensors are available from 69 euros net. The shock sensors and other individual sensor solutions will be presented by ASPION at LogiMAT in Stuttgart from 19 to 21 February 2019 in Hall 6, Stand A 64.<\/p>\n<h4><strong>About ASPION GmbH<\/strong><\/h4>\n<p>ASPION GmbH develops and markets energy-optimized, smart sensors with wireless communication for industrial 4.0 applications. The hardware and software solutions &#8216;Made in Germany&#8217; support industrial companies in their logistical tasks: Processes and procedures can be intelligently networked, digitized and efficiently organized by ASPION&#8217;s smart sensors. Sensor solutions are an essential building block in the digitization of industrial 4.0 applications, with which industrial and commercial enterprises save valuable time and costs. ASPION, based in Karlsruhe, Germany, was founded in 2011 by Managing Director Michael W\u00f6hr. In addition to the award-winning standard product ASPION G-Log for transport monitoring, engineering services in the area of hardware-related development with solution integration round off the range of services.<\/p>\n\t\t\t\t<a href=\"https:\/\/www.logimat-messe.de\/en\" target=\"_blank\" rel=\"noopener\" itemprop=\"url\">\n\t\t\t\t<img decoding=\"async\" src=\"https:\/\/www.aspion.de\/wp-content\/uploads\/2018\/12\/ASPION_auf_LogiMAT_2019_Logo-300x138.jpg\" alt=\"LM2016_Logo_editierbar\" itemprop=\"image\" height=\"138\" width=\"300\" title=\"LM2016_Logo_editierbar\" onerror=\"this.style.display='none'\"  \/>\n\t\t\t\t<\/a>\n<p>19 &#8211; 21 February 2019, Stuttgart Trade Fair Centre<\/p>\n<p><strong>ASPION at the LogiMAT 2019Hall 6 at booth A 64<\/strong><\/p>\n<h3>Pictures for download<\/h3>\n<p><strong>Download: Click on the picture to download<\/strong><\/p>\n\t\t\t\t<a href=\"https:\/\/www.aspion.de\/wp-content\/uploads\/2019\/01\/ASPION_G-Log_Datenlogger_in_der_Intralogistik.jpg\" target=\"_blank\" rel=\"noopener\" itemprop=\"url\">\n\t\t\t\t<img decoding=\"async\" src=\"https:\/\/www.aspion.de\/wp-content\/uploads\/2019\/01\/ASPION_G-Log_Datenlogger_in_der_Intralogistik-300x180.jpg\" alt=\"ASPION G-Log data logger Intralogistics\" itemprop=\"image\" height=\"180\" width=\"300\" title=\"ASPION G-Log data logger Intralogistics\" onerror=\"this.style.display='none'\"  \/>\n\t\t\t\t<\/a>\n<p>Data loggers also provide clarification in intralogistics: Like a flight recorder, they record unusual occurrences with pinpoint accuracy. ASPION presents its latest generation G-Log 2 at the LogiMAT in hall 6, booth A 64.<\/p>\n\t\t\t\t<a href=\"https:\/\/www.aspion.de\/wp-content\/uploads\/2018\/08\/ASPION-G-Log2_Datenlogger_Transport.png\" target=\"_blank\" rel=\"noopener\" itemprop=\"url\">\n\t\t\t\t<img decoding=\"async\" src=\"https:\/\/www.aspion.de\/wp-content\/uploads\/2018\/08\/ASPION-G-Log2_Datenlogger_Transport-300x192.png\" alt=\"ASPION-G-Log2_transport_data_logger\" itemprop=\"image\" height=\"192\" width=\"300\" title=\"ASPION-G-Log2_transport_data_logger\" onerror=\"this.style.display='none'\"  \/>\n\t\t\t\t<\/a>\n<p>The use of the photographic material for editorial purposes is free of charge. Please print with reference to &#8220;ASPION&#8221;.<\/p>\n<h3>Your press contact<\/h3>\nMartina W\u00f6hr<br \/>\nTel.: 0721 \/ 85149-122<br \/>\n<a href=\"https:\/\/www.aspion.de\/en\/\/en\/\/ailto:martina.woehr@aspion.de\">martina.woehr@aspion.de<\/a>\n\n","protected":false},"excerpt":{"rendered":"<p>Press Release 14.01.2019 ASPION presents latest generation of its sensor solution G-Log LogiMAT 2019: Data loggers create transparency in intralogistics Wherever goods are moved, they are exposed to external influences. If extraordinary events occur, the causes and circumstances usually remain hidden. This is where data loggers provide information: like a flight recorder, they record unusual&hellip;<\/p>\n","protected":false},"author":1,"featured_media":12948,"parent":0,"menu_order":0,"comment_status":"closed","ping_status":"closed","template":"","meta":{"_acf_changed":false,"footnotes":""},"class_list":["post-13043","page","type-page","status-publish","has-post-thumbnail","hentry"],"acf":[],"yoast_head":"<!-- This site is optimized with the Yoast SEO Premium plugin v27.5 (Yoast SEO v27.5) - https:\/\/yoast.com\/product\/yoast-seo-premium-wordpress\/ -->\n<title>Press release - LogiMAT 2019: Data loggers create transparency in intralogistics<\/title>\n<meta name=\"description\" content=\"Datenlogger ASPION G-Log auf der LogiMAT: Transparenz f\u00fcr Ihre Intralogistik. Besuchen Sie uns in Halle 6, Stand A64. Erleben Sie live die Einsatzm\u00f6glichkeiten!\" \/>\n<meta name=\"robots\" content=\"index, follow, max-snippet:-1, max-image-preview:large, max-video-preview:-1\" \/>\n<link rel=\"canonical\" href=\"https:\/\/www.aspion.de\/en\/press-release-logimat-2019-data-loggers-create-transparency-in-intralogistics\/\" \/>\n<meta property=\"og:locale\" content=\"en_US\" \/>\n<meta property=\"og:type\" content=\"article\" \/>\n<meta property=\"og:title\" content=\"Press release - LogiMAT 2019: Data loggers create transparency in intralogistics\" \/>\n<meta property=\"og:description\" content=\"Datenlogger ASPION G-Log auf der LogiMAT: Transparenz f\u00fcr Ihre Intralogistik. Besuchen Sie uns in Halle 6, Stand A64. Erleben Sie live die Einsatzm\u00f6glichkeiten!\" \/>\n<meta property=\"og:url\" content=\"https:\/\/www.aspion.de\/en\/press-release-logimat-2019-data-loggers-create-transparency-in-intralogistics\/\" \/>\n<meta property=\"og:site_name\" content=\"ASPION GmbH \u2013 Profi-Datenlogger f\u00fcr Schock und Sto\u00df - f\u00fcr die Industrie\" \/>\n<meta property=\"article:modified_time\" content=\"2022-06-03T07:35:46+00:00\" \/>\n<meta property=\"og:image\" content=\"https:\/\/www.aspion.de\/wp-content\/uploads\/2019\/04\/ASPION_G-Log_Datenlogger_in_der_Intralogistik-300x180.jpg\" \/>\n\t<meta property=\"og:image:width\" content=\"300\" \/>\n\t<meta property=\"og:image:height\" content=\"180\" \/>\n\t<meta property=\"og:image:type\" content=\"image\/jpeg\" \/>\n<meta name=\"twitter:card\" content=\"summary_large_image\" \/>\n<meta name=\"twitter:label1\" content=\"Est. reading time\" \/>\n\t<meta name=\"twitter:data1\" content=\"3 minutes\" \/>\n<script type=\"application\/ld+json\" class=\"yoast-schema-graph\">{\"@context\":\"https:\\\/\\\/schema.org\",\"@graph\":[{\"@type\":\"WebPage\",\"@id\":\"https:\\\/\\\/www.aspion.de\\\/en\\\/press-release-logimat-2019-data-loggers-create-transparency-in-intralogistics\\\/\",\"url\":\"https:\\\/\\\/www.aspion.de\\\/en\\\/press-release-logimat-2019-data-loggers-create-transparency-in-intralogistics\\\/\",\"name\":\"Press release - LogiMAT 2019: Data loggers create transparency in intralogistics\",\"isPartOf\":{\"@id\":\"https:\\\/\\\/www.aspion.de\\\/en\\\/#website\"},\"primaryImageOfPage\":{\"@id\":\"https:\\\/\\\/www.aspion.de\\\/en\\\/press-release-logimat-2019-data-loggers-create-transparency-in-intralogistics\\\/#primaryimage\"},\"image\":{\"@id\":\"https:\\\/\\\/www.aspion.de\\\/en\\\/press-release-logimat-2019-data-loggers-create-transparency-in-intralogistics\\\/#primaryimage\"},\"thumbnailUrl\":\"https:\\\/\\\/www.aspion.de\\\/wp-content\\\/uploads\\\/2019\\\/04\\\/ASPION_G-Log_Datenlogger_in_der_Intralogistik-300x180.jpg\",\"datePublished\":\"2019-01-13T19:32:09+00:00\",\"dateModified\":\"2022-06-03T07:35:46+00:00\",\"description\":\"Datenlogger ASPION G-Log auf der LogiMAT: Transparenz f\u00fcr Ihre Intralogistik. Besuchen Sie uns in Halle 6, Stand A64. Erleben Sie live die Einsatzm\u00f6glichkeiten!\",\"breadcrumb\":{\"@id\":\"https:\\\/\\\/www.aspion.de\\\/en\\\/press-release-logimat-2019-data-loggers-create-transparency-in-intralogistics\\\/#breadcrumb\"},\"inLanguage\":\"en-US\",\"potentialAction\":[{\"@type\":\"ReadAction\",\"target\":[\"https:\\\/\\\/www.aspion.de\\\/en\\\/press-release-logimat-2019-data-loggers-create-transparency-in-intralogistics\\\/\"]}]},{\"@type\":\"ImageObject\",\"inLanguage\":\"en-US\",\"@id\":\"https:\\\/\\\/www.aspion.de\\\/en\\\/press-release-logimat-2019-data-loggers-create-transparency-in-intralogistics\\\/#primaryimage\",\"url\":\"https:\\\/\\\/www.aspion.de\\\/wp-content\\\/uploads\\\/2019\\\/04\\\/ASPION_G-Log_Datenlogger_in_der_Intralogistik-300x180.jpg\",\"contentUrl\":\"https:\\\/\\\/www.aspion.de\\\/wp-content\\\/uploads\\\/2019\\\/04\\\/ASPION_G-Log_Datenlogger_in_der_Intralogistik-300x180.jpg\",\"width\":300,\"height\":180},{\"@type\":\"BreadcrumbList\",\"@id\":\"https:\\\/\\\/www.aspion.de\\\/en\\\/press-release-logimat-2019-data-loggers-create-transparency-in-intralogistics\\\/#breadcrumb\",\"itemListElement\":[{\"@type\":\"ListItem\",\"position\":1,\"name\":\"Startseite\",\"item\":\"https:\\\/\\\/www.aspion.de\\\/en\\\/\"},{\"@type\":\"ListItem\",\"position\":2,\"name\":\"Press release &#8211; LogiMAT 2019: Data loggers create transparency in intralogistics\"}]},{\"@type\":\"WebSite\",\"@id\":\"https:\\\/\\\/www.aspion.de\\\/en\\\/#website\",\"url\":\"https:\\\/\\\/www.aspion.de\\\/en\\\/\",\"name\":\"ASPION GmbH \u2013 Profi-Datenlogger f\u00fcr Schock und Sto\u00df - f\u00fcr die Industrie\",\"description\":\"Datenlogger f\u00fcr Transport\u00fcberwachung von Schock, Temperatur, Feuchte - einfach, kosteng\u00fcnstig, nachhaltig, made in Germany.\",\"publisher\":{\"@id\":\"https:\\\/\\\/www.aspion.de\\\/en\\\/#organization\"},\"potentialAction\":[{\"@type\":\"SearchAction\",\"target\":{\"@type\":\"EntryPoint\",\"urlTemplate\":\"https:\\\/\\\/www.aspion.de\\\/en\\\/?s={search_term_string}\"},\"query-input\":{\"@type\":\"PropertyValueSpecification\",\"valueRequired\":true,\"valueName\":\"search_term_string\"}}],\"inLanguage\":\"en-US\"},{\"@type\":[\"Organization\",\"Place\"],\"@id\":\"https:\\\/\\\/www.aspion.de\\\/en\\\/#organization\",\"name\":\"ASPION GmbH\",\"url\":\"https:\\\/\\\/www.aspion.de\\\/en\\\/\",\"logo\":{\"@id\":\"https:\\\/\\\/www.aspion.de\\\/en\\\/press-release-logimat-2019-data-loggers-create-transparency-in-intralogistics\\\/#local-main-organization-logo\"},\"image\":{\"@id\":\"https:\\\/\\\/www.aspion.de\\\/en\\\/press-release-logimat-2019-data-loggers-create-transparency-in-intralogistics\\\/#local-main-organization-logo\"},\"sameAs\":[\"https:\\\/\\\/www.linkedin.com\\\/company\\\/aspion-gmbh\",\"https:\\\/\\\/www.youtube.com\\\/channel\\\/UCyPrXy8bNbXMKcp_MQEor3w\"],\"address\":{\"@id\":\"https:\\\/\\\/www.aspion.de\\\/en\\\/press-release-logimat-2019-data-loggers-create-transparency-in-intralogistics\\\/#local-main-place-address\"},\"telephone\":[\"+49 721 85149-122\"],\"openingHoursSpecification\":[{\"@type\":\"OpeningHoursSpecification\",\"dayOfWeek\":[\"Monday\",\"Tuesday\",\"Wednesday\",\"Thursday\",\"Friday\",\"Saturday\",\"Sunday\"],\"opens\":\"09:00\",\"closes\":\"17:00\"}],\"email\":\"info@aspion.de\",\"faxNumber\":\"+49 721 85149-090\"},{\"@type\":\"PostalAddress\",\"@id\":\"https:\\\/\\\/www.aspion.de\\\/en\\\/press-release-logimat-2019-data-loggers-create-transparency-in-intralogistics\\\/#local-main-place-address\",\"streetAddress\":\"Ohiostra\u00dfe 11\",\"addressLocality\":\"Karlsruhe\",\"postalCode\":\"76149\",\"addressRegion\":\"Baden-W\u00fcrttemberg\",\"addressCountry\":\"DE\"},{\"@type\":\"ImageObject\",\"inLanguage\":\"en-US\",\"@id\":\"https:\\\/\\\/www.aspion.de\\\/en\\\/press-release-logimat-2019-data-loggers-create-transparency-in-intralogistics\\\/#local-main-organization-logo\",\"url\":\"https:\\\/\\\/www.aspion.de\\\/wp-content\\\/uploads\\\/2014\\\/05\\\/Aspion_GmbH_Active_SensorsPositioning_Logo_1.png\",\"contentUrl\":\"https:\\\/\\\/www.aspion.de\\\/wp-content\\\/uploads\\\/2014\\\/05\\\/Aspion_GmbH_Active_SensorsPositioning_Logo_1.png\",\"width\":280,\"height\":71,\"caption\":\"ASPION GmbH\"}]}<\/script>\n<meta name=\"geo.placename\" content=\"Karlsruhe\" \/>\n<meta name=\"geo.region\" content=\"Germany\" \/>\n<!-- \/ Yoast SEO Premium plugin. -->","yoast_head_json":{"title":"Press release - LogiMAT 2019: Data loggers create transparency in intralogistics","description":"Datenlogger ASPION G-Log auf der LogiMAT: Transparenz f\u00fcr Ihre Intralogistik. Besuchen Sie uns in Halle 6, Stand A64. Erleben Sie live die Einsatzm\u00f6glichkeiten!","robots":{"index":"index","follow":"follow","max-snippet":"max-snippet:-1","max-image-preview":"max-image-preview:large","max-video-preview":"max-video-preview:-1"},"canonical":"https:\/\/www.aspion.de\/en\/press-release-logimat-2019-data-loggers-create-transparency-in-intralogistics\/","og_locale":"en_US","og_type":"article","og_title":"Press release - LogiMAT 2019: Data loggers create transparency in intralogistics","og_description":"Datenlogger ASPION G-Log auf der LogiMAT: Transparenz f\u00fcr Ihre Intralogistik. Besuchen Sie uns in Halle 6, Stand A64. Erleben Sie live die Einsatzm\u00f6glichkeiten!","og_url":"https:\/\/www.aspion.de\/en\/press-release-logimat-2019-data-loggers-create-transparency-in-intralogistics\/","og_site_name":"ASPION GmbH \u2013 Profi-Datenlogger f\u00fcr Schock und Sto\u00df - f\u00fcr die Industrie","article_modified_time":"2022-06-03T07:35:46+00:00","og_image":[{"width":300,"height":180,"url":"https:\/\/www.aspion.de\/wp-content\/uploads\/2019\/04\/ASPION_G-Log_Datenlogger_in_der_Intralogistik-300x180.jpg","type":"image\/jpeg"}],"twitter_card":"summary_large_image","twitter_misc":{"Est. reading time":"3 minutes"},"schema":{"@context":"https:\/\/schema.org","@graph":[{"@type":"WebPage","@id":"https:\/\/www.aspion.de\/en\/press-release-logimat-2019-data-loggers-create-transparency-in-intralogistics\/","url":"https:\/\/www.aspion.de\/en\/press-release-logimat-2019-data-loggers-create-transparency-in-intralogistics\/","name":"Press release - LogiMAT 2019: Data loggers create transparency in intralogistics","isPartOf":{"@id":"https:\/\/www.aspion.de\/en\/#website"},"primaryImageOfPage":{"@id":"https:\/\/www.aspion.de\/en\/press-release-logimat-2019-data-loggers-create-transparency-in-intralogistics\/#primaryimage"},"image":{"@id":"https:\/\/www.aspion.de\/en\/press-release-logimat-2019-data-loggers-create-transparency-in-intralogistics\/#primaryimage"},"thumbnailUrl":"https:\/\/www.aspion.de\/wp-content\/uploads\/2019\/04\/ASPION_G-Log_Datenlogger_in_der_Intralogistik-300x180.jpg","datePublished":"2019-01-13T19:32:09+00:00","dateModified":"2022-06-03T07:35:46+00:00","description":"Datenlogger ASPION G-Log auf der LogiMAT: Transparenz f\u00fcr Ihre Intralogistik. Besuchen Sie uns in Halle 6, Stand A64. Erleben Sie live die Einsatzm\u00f6glichkeiten!","breadcrumb":{"@id":"https:\/\/www.aspion.de\/en\/press-release-logimat-2019-data-loggers-create-transparency-in-intralogistics\/#breadcrumb"},"inLanguage":"en-US","potentialAction":[{"@type":"ReadAction","target":["https:\/\/www.aspion.de\/en\/press-release-logimat-2019-data-loggers-create-transparency-in-intralogistics\/"]}]},{"@type":"ImageObject","inLanguage":"en-US","@id":"https:\/\/www.aspion.de\/en\/press-release-logimat-2019-data-loggers-create-transparency-in-intralogistics\/#primaryimage","url":"https:\/\/www.aspion.de\/wp-content\/uploads\/2019\/04\/ASPION_G-Log_Datenlogger_in_der_Intralogistik-300x180.jpg","contentUrl":"https:\/\/www.aspion.de\/wp-content\/uploads\/2019\/04\/ASPION_G-Log_Datenlogger_in_der_Intralogistik-300x180.jpg","width":300,"height":180},{"@type":"BreadcrumbList","@id":"https:\/\/www.aspion.de\/en\/press-release-logimat-2019-data-loggers-create-transparency-in-intralogistics\/#breadcrumb","itemListElement":[{"@type":"ListItem","position":1,"name":"Startseite","item":"https:\/\/www.aspion.de\/en\/"},{"@type":"ListItem","position":2,"name":"Press release &#8211; LogiMAT 2019: Data loggers create transparency in intralogistics"}]},{"@type":"WebSite","@id":"https:\/\/www.aspion.de\/en\/#website","url":"https:\/\/www.aspion.de\/en\/","name":"ASPION GmbH \u2013 Profi-Datenlogger f\u00fcr Schock und Sto\u00df - f\u00fcr die Industrie","description":"Datenlogger f\u00fcr Transport\u00fcberwachung von Schock, Temperatur, Feuchte - einfach, kosteng\u00fcnstig, nachhaltig, made in Germany.","publisher":{"@id":"https:\/\/www.aspion.de\/en\/#organization"},"potentialAction":[{"@type":"SearchAction","target":{"@type":"EntryPoint","urlTemplate":"https:\/\/www.aspion.de\/en\/?s={search_term_string}"},"query-input":{"@type":"PropertyValueSpecification","valueRequired":true,"valueName":"search_term_string"}}],"inLanguage":"en-US"},{"@type":["Organization","Place"],"@id":"https:\/\/www.aspion.de\/en\/#organization","name":"ASPION GmbH","url":"https:\/\/www.aspion.de\/en\/","logo":{"@id":"https:\/\/www.aspion.de\/en\/press-release-logimat-2019-data-loggers-create-transparency-in-intralogistics\/#local-main-organization-logo"},"image":{"@id":"https:\/\/www.aspion.de\/en\/press-release-logimat-2019-data-loggers-create-transparency-in-intralogistics\/#local-main-organization-logo"},"sameAs":["https:\/\/www.linkedin.com\/company\/aspion-gmbh","https:\/\/www.youtube.com\/channel\/UCyPrXy8bNbXMKcp_MQEor3w"],"address":{"@id":"https:\/\/www.aspion.de\/en\/press-release-logimat-2019-data-loggers-create-transparency-in-intralogistics\/#local-main-place-address"},"telephone":["+49 721 85149-122"],"openingHoursSpecification":[{"@type":"OpeningHoursSpecification","dayOfWeek":["Monday","Tuesday","Wednesday","Thursday","Friday","Saturday","Sunday"],"opens":"09:00","closes":"17:00"}],"email":"info@aspion.de","faxNumber":"+49 721 85149-090"},{"@type":"PostalAddress","@id":"https:\/\/www.aspion.de\/en\/press-release-logimat-2019-data-loggers-create-transparency-in-intralogistics\/#local-main-place-address","streetAddress":"Ohiostra\u00dfe 11","addressLocality":"Karlsruhe","postalCode":"76149","addressRegion":"Baden-W\u00fcrttemberg","addressCountry":"DE"},{"@type":"ImageObject","inLanguage":"en-US","@id":"https:\/\/www.aspion.de\/en\/press-release-logimat-2019-data-loggers-create-transparency-in-intralogistics\/#local-main-organization-logo","url":"https:\/\/www.aspion.de\/wp-content\/uploads\/2014\/05\/Aspion_GmbH_Active_SensorsPositioning_Logo_1.png","contentUrl":"https:\/\/www.aspion.de\/wp-content\/uploads\/2014\/05\/Aspion_GmbH_Active_SensorsPositioning_Logo_1.png","width":280,"height":71,"caption":"ASPION GmbH"}]},"geo.placename":"Karlsruhe","geo.region":"Germany"},"_links":{"self":[{"href":"https:\/\/www.aspion.de\/en\/wp-json\/wp\/v2\/pages\/13043","targetHints":{"allow":["GET"]}}],"collection":[{"href":"https:\/\/www.aspion.de\/en\/wp-json\/wp\/v2\/pages"}],"about":[{"href":"https:\/\/www.aspion.de\/en\/wp-json\/wp\/v2\/types\/page"}],"author":[{"embeddable":true,"href":"https:\/\/www.aspion.de\/en\/wp-json\/wp\/v2\/users\/1"}],"replies":[{"embeddable":true,"href":"https:\/\/www.aspion.de\/en\/wp-json\/wp\/v2\/comments?post=13043"}],"version-history":[{"count":18,"href":"https:\/\/www.aspion.de\/en\/wp-json\/wp\/v2\/pages\/13043\/revisions"}],"predecessor-version":[{"id":18579,"href":"https:\/\/www.aspion.de\/en\/wp-json\/wp\/v2\/pages\/13043\/revisions\/18579"}],"wp:featuredmedia":[{"embeddable":true,"href":"https:\/\/www.aspion.de\/en\/wp-json\/wp\/v2\/media\/12948"}],"wp:attachment":[{"href":"https:\/\/www.aspion.de\/en\/wp-json\/wp\/v2\/media?parent=13043"}],"curies":[{"name":"wp","href":"https:\/\/api.w.org\/{rel}","templated":true}]}}