{"id":13060,"date":"2017-12-07T21:19:47","date_gmt":"2017-12-07T20:19:47","guid":{"rendered":"http:\/\/aspion.de.w01957cf.kasserver.com\/aspion-schocksensoren-ueber-nfc-per-ios-app-auslesbar\/"},"modified":"2019-08-01T14:42:34","modified_gmt":"2019-08-01T13:42:34","slug":"aspion-shock-sensors-can-now-also-be-read-out-via-ios-app-via-nfc","status":"publish","type":"page","link":"https:\/\/www.aspion.de\/en\/aspion-shock-sensors-can-now-also-be-read-out-via-ios-app-via-nfc\/","title":{"rendered":"ASPION shock sensors can now also be read out via iOS App via NFC"},"content":{"rendered":"\r\n<p>Press release from 08.12.2017<\/p>\r\n<h5><strong>Apple opens NFC interface<\/strong><\/h5>\r\n<h1>ASPION shock sensors now also readable via iOS App<\/h1>\r\n<p>For the first time in the history of the iOS operating system, Apple released the interface for short-range radio (NFC) for third-party applications in mid-September. This decision enables the use of an iOS App with NFC for industrial applications. The company ASPION GmbH, known for shock sensors for logistics and industrial applications, has directly used the release of the interface and now enables its customers to read out their shock sensors via NFC with Apple smartphones.<\/p>\r\n<p>Previously, only smartphone users of Android operating systems could benefit from the convenient, location-independent readout of sensor data. &#8220;We are very pleased about Apple&#8217;s decision to release the NFC interface for industrial applications&#8221;, says ASPION managing director Michael W\u00f6hr, &#8220;because it finally enables us to meet one of the most urgent customer requirements, namely the use of our sensors with the widespread iPhones&#8221;.<\/p>\r\n<p>ASPION is one of the first companies ever to provide an industrial application for iPhones with NFC technology. The company&#8217;s app can be used to display and transmit the analysis of shock or temperature events. The premium functions already available for Android systems, such as data transfer to a cloud memory or display of location information, can now also be used in the iOS environment.<\/p>\r\n<p>Currently, there is another limitation when using the app with iOS devices: Since Apple does not currently support writing information via the NFC interface, ASPION&#8217;s shock sensors cannot yet be stopped via the app &#8211; which is easily possible with Android systems. &#8220;However, we are very confident that Apple will add this in the near future in order to further open up the use for industrial applications,&#8221; says Michael W\u00f6hr. The iPhone app is now available free of charge via the App Store and can be used with all ASPION sensors.<\/p>\r\n<h4><strong>About ASPION GmbH<\/strong><\/h4>\r\n<p>ASPION GmbH develops and markets energy-optimized, smart sensors with wireless communication for industrial 4.0 applications. The hardware and software solutions &#8216;Made in Germany&#8217; support industrial companies in their logistical tasks: Processes and procedures can be intelligently networked, digitized and efficiently organized by ASPION&#8217;s smart sensors. Sensor solutions are an essential building block in the digitization of industrial 4.0 applications, with which industrial and commercial enterprises save valuable time and costs. ASPION, based in Karlsruhe, Germany, was founded in 2011 by Managing Director Michael W\u00f6hr. In addition to the award-winning standard product ASPION G-Log for transport monitoring, engineering services in the area of hardware-related development with solution integration round off the range of services.<\/p>\r\n<h3>\u00a0<\/h3>\r\n<p><img decoding=\"async\" src=\"https:\/\/www.aspion.de\/wp-content\/uploads\/2015\/07\/ASPION_G-Log_Schocksensor-300x33.png\" alt=\"Schockereignisse zuverl\u00e4ssig protokollieren mit dem Schocksensor ASPION G-Log\" width=\"300\" height=\"33\" \/><\/p>\r\n<p><a href=\"https:\/\/itunes.apple.com\/de\/app\/aspion-g-log\/id1305876678?mt=8\" target=\"_blank\" rel=\"noopener noreferrer\"><img decoding=\"async\" src=\"https:\/\/www.aspion.de\/wp-content\/uploads\/2017\/12\/ASPION_G-Log-AppleAppStore-NFC-300x98.png\" alt=\"ASPION G-Log App f\u00fcr iPhone\" width=\"300\" height=\"98\" \/><\/a><\/p>\r\n<p>for iPhone 7, 7+ \/ 8, 8+ \/ X with iOS version 11 or higher<\/p>\r\n<h3>Pictures for download<\/h3>\r\n<p>With the opening of the NFC interface by Apple, ASPION shock sensors can now also be read out via iPhone App.<\/p>\r\n<p><strong>Download: Just click on the picture <\/strong><\/p>\r\n<p><a href=\"https:\/\/www.aspion.de\/wp-content\/uploads\/2017\/12\/G-Log-App-mit-NFC-fuer-iPhone-print.jpg\" target=\"_blank\" rel=\"noopener noreferrer\"> <img decoding=\"async\" title=\"G-Log-App-mit-NFC-fuer-iPhone-print\" src=\"https:\/\/www.aspion.de\/wp-content\/uploads\/2017\/12\/G-Log-App-mit-NFC-fuer-iPhone-print-300x186.jpg\" alt=\"Alle ASPION Schocksensoren sind ueber NFC jetzt auch zus\u00e4tzlich mit der iOS App auslesbar.\" width=\"300\" height=\"186\" \/> <\/a><\/p>\r\n<p>The use of the photographic material for editorial purposes is free of charge. Please print with reference to &#8220;ASPION GmbH&#8221;.<\/p>\r\n<h3>Your press contact<\/h3>\r\n<p>Martina W\u00f6hr<br \/>Tel.: 0721 \/ 85149-122<br \/><a href=\"mailto:martina.woehr@aspion.de\">martina.woehr@aspion.de<\/a><\/p>\r\n","protected":false},"excerpt":{"rendered":"<p>Press release from 08.12.2017 Apple opens NFC interface ASPION shock sensors now also readable via iOS App For the first time in the history of the iOS operating system, Apple released the interface for short-range radio (NFC) for third-party applications in mid-September. This decision enables the use of an iOS App with NFC for industrial&hellip;<\/p>\n","protected":false},"author":1,"featured_media":12816,"parent":0,"menu_order":0,"comment_status":"closed","ping_status":"closed","template":"","meta":{"_acf_changed":false,"footnotes":""},"class_list":["post-13060","page","type-page","status-publish","has-post-thumbnail","hentry"],"acf":[],"yoast_head":"<!-- This site is optimized with the Yoast SEO Premium plugin v27.5 (Yoast SEO v27.5) - https:\/\/yoast.com\/product\/yoast-seo-premium-wordpress\/ -->\n<title>ASPION shock sensors can now also be read out via iOS App via NFC<\/title>\n<meta name=\"description\" content=\"Apple opens NFC interface: All ASPION shock sensors are now also readable via iOS App with iPhone 7 and newer devices with iOS from version 11.\" \/>\n<meta name=\"robots\" content=\"index, follow, max-snippet:-1, max-image-preview:large, max-video-preview:-1\" \/>\n<link rel=\"canonical\" href=\"https:\/\/www.aspion.de\/en\/aspion-shock-sensors-can-now-also-be-read-out-via-ios-app-via-nfc\/\" \/>\n<meta property=\"og:locale\" content=\"en_US\" \/>\n<meta property=\"og:type\" content=\"article\" \/>\n<meta property=\"og:title\" content=\"ASPION shock sensors can now also be read out via iOS App via NFC\" \/>\n<meta property=\"og:description\" content=\"Apple opens NFC interface: All ASPION shock sensors are now also readable via iOS App with iPhone 7 and newer devices with iOS from version 11.\" \/>\n<meta property=\"og:url\" content=\"https:\/\/www.aspion.de\/en\/aspion-shock-sensors-can-now-also-be-read-out-via-ios-app-via-nfc\/\" \/>\n<meta property=\"og:site_name\" content=\"ASPION GmbH \u2013 Profi-Datenlogger f\u00fcr Schock und Sto\u00df - f\u00fcr die Industrie\" \/>\n<meta property=\"article:modified_time\" content=\"2019-08-01T13:42:34+00:00\" \/>\n<meta property=\"og:image\" content=\"https:\/\/www.aspion.de\/wp-content\/uploads\/2017\/12\/G-Log-App-mit-NFC-fuer-iPhone-klein.jpg\" \/>\n\t<meta property=\"og:image:width\" content=\"800\" \/>\n\t<meta property=\"og:image:height\" content=\"497\" \/>\n\t<meta property=\"og:image:type\" content=\"image\/jpeg\" \/>\n<meta name=\"twitter:card\" content=\"summary_large_image\" \/>\n<meta name=\"twitter:label1\" content=\"Est. reading time\" \/>\n\t<meta name=\"twitter:data1\" content=\"2 minutes\" \/>\n<script type=\"application\/ld+json\" class=\"yoast-schema-graph\">{\"@context\":\"https:\\\/\\\/schema.org\",\"@graph\":[{\"@type\":\"WebPage\",\"@id\":\"https:\\\/\\\/www.aspion.de\\\/en\\\/aspion-shock-sensors-can-now-also-be-read-out-via-ios-app-via-nfc\\\/\",\"url\":\"https:\\\/\\\/www.aspion.de\\\/en\\\/aspion-shock-sensors-can-now-also-be-read-out-via-ios-app-via-nfc\\\/\",\"name\":\"ASPION shock sensors can now also be read out via iOS App via NFC\",\"isPartOf\":{\"@id\":\"https:\\\/\\\/www.aspion.de\\\/en\\\/#website\"},\"primaryImageOfPage\":{\"@id\":\"https:\\\/\\\/www.aspion.de\\\/en\\\/aspion-shock-sensors-can-now-also-be-read-out-via-ios-app-via-nfc\\\/#primaryimage\"},\"image\":{\"@id\":\"https:\\\/\\\/www.aspion.de\\\/en\\\/aspion-shock-sensors-can-now-also-be-read-out-via-ios-app-via-nfc\\\/#primaryimage\"},\"thumbnailUrl\":\"https:\\\/\\\/www.aspion.de\\\/wp-content\\\/uploads\\\/2017\\\/12\\\/G-Log-App-mit-NFC-fuer-iPhone-klein.jpg\",\"datePublished\":\"2017-12-07T20:19:47+00:00\",\"dateModified\":\"2019-08-01T13:42:34+00:00\",\"description\":\"Apple opens NFC interface: All ASPION shock sensors are now also readable via iOS App with iPhone 7 and newer devices with iOS from version 11.\",\"breadcrumb\":{\"@id\":\"https:\\\/\\\/www.aspion.de\\\/en\\\/aspion-shock-sensors-can-now-also-be-read-out-via-ios-app-via-nfc\\\/#breadcrumb\"},\"inLanguage\":\"en-US\",\"potentialAction\":[{\"@type\":\"ReadAction\",\"target\":[\"https:\\\/\\\/www.aspion.de\\\/en\\\/aspion-shock-sensors-can-now-also-be-read-out-via-ios-app-via-nfc\\\/\"]}]},{\"@type\":\"ImageObject\",\"inLanguage\":\"en-US\",\"@id\":\"https:\\\/\\\/www.aspion.de\\\/en\\\/aspion-shock-sensors-can-now-also-be-read-out-via-ios-app-via-nfc\\\/#primaryimage\",\"url\":\"https:\\\/\\\/www.aspion.de\\\/wp-content\\\/uploads\\\/2017\\\/12\\\/G-Log-App-mit-NFC-fuer-iPhone-klein.jpg\",\"contentUrl\":\"https:\\\/\\\/www.aspion.de\\\/wp-content\\\/uploads\\\/2017\\\/12\\\/G-Log-App-mit-NFC-fuer-iPhone-klein.jpg\",\"width\":800,\"height\":497,\"caption\":\"ASPION shock sensors now readable with NFC via iOS app\"},{\"@type\":\"BreadcrumbList\",\"@id\":\"https:\\\/\\\/www.aspion.de\\\/en\\\/aspion-shock-sensors-can-now-also-be-read-out-via-ios-app-via-nfc\\\/#breadcrumb\",\"itemListElement\":[{\"@type\":\"ListItem\",\"position\":1,\"name\":\"Startseite\",\"item\":\"https:\\\/\\\/www.aspion.de\\\/en\\\/\"},{\"@type\":\"ListItem\",\"position\":2,\"name\":\"ASPION shock sensors can now also be read out via iOS App via NFC\"}]},{\"@type\":\"WebSite\",\"@id\":\"https:\\\/\\\/www.aspion.de\\\/en\\\/#website\",\"url\":\"https:\\\/\\\/www.aspion.de\\\/en\\\/\",\"name\":\"ASPION GmbH \u2013 Profi-Datenlogger f\u00fcr Schock und Sto\u00df - f\u00fcr die Industrie\",\"description\":\"Datenlogger f\u00fcr Transport\u00fcberwachung von Schock, Temperatur, Feuchte - einfach, kosteng\u00fcnstig, nachhaltig, made in Germany.\",\"publisher\":{\"@id\":\"https:\\\/\\\/www.aspion.de\\\/en\\\/#organization\"},\"potentialAction\":[{\"@type\":\"SearchAction\",\"target\":{\"@type\":\"EntryPoint\",\"urlTemplate\":\"https:\\\/\\\/www.aspion.de\\\/en\\\/?s={search_term_string}\"},\"query-input\":{\"@type\":\"PropertyValueSpecification\",\"valueRequired\":true,\"valueName\":\"search_term_string\"}}],\"inLanguage\":\"en-US\"},{\"@type\":[\"Organization\",\"Place\"],\"@id\":\"https:\\\/\\\/www.aspion.de\\\/en\\\/#organization\",\"name\":\"ASPION GmbH\",\"url\":\"https:\\\/\\\/www.aspion.de\\\/en\\\/\",\"logo\":{\"@id\":\"https:\\\/\\\/www.aspion.de\\\/en\\\/aspion-shock-sensors-can-now-also-be-read-out-via-ios-app-via-nfc\\\/#local-main-organization-logo\"},\"image\":{\"@id\":\"https:\\\/\\\/www.aspion.de\\\/en\\\/aspion-shock-sensors-can-now-also-be-read-out-via-ios-app-via-nfc\\\/#local-main-organization-logo\"},\"sameAs\":[\"https:\\\/\\\/www.linkedin.com\\\/company\\\/aspion-gmbh\",\"https:\\\/\\\/www.youtube.com\\\/channel\\\/UCyPrXy8bNbXMKcp_MQEor3w\"],\"address\":{\"@id\":\"https:\\\/\\\/www.aspion.de\\\/en\\\/aspion-shock-sensors-can-now-also-be-read-out-via-ios-app-via-nfc\\\/#local-main-place-address\"},\"telephone\":[\"+49 721 85149-122\"],\"openingHoursSpecification\":[{\"@type\":\"OpeningHoursSpecification\",\"dayOfWeek\":[\"Monday\",\"Tuesday\",\"Wednesday\",\"Thursday\",\"Friday\",\"Saturday\",\"Sunday\"],\"opens\":\"09:00\",\"closes\":\"17:00\"}],\"email\":\"info@aspion.de\",\"faxNumber\":\"+49 721 85149-090\"},{\"@type\":\"PostalAddress\",\"@id\":\"https:\\\/\\\/www.aspion.de\\\/en\\\/aspion-shock-sensors-can-now-also-be-read-out-via-ios-app-via-nfc\\\/#local-main-place-address\",\"streetAddress\":\"Ohiostra\u00dfe 11\",\"addressLocality\":\"Karlsruhe\",\"postalCode\":\"76149\",\"addressRegion\":\"Baden-W\u00fcrttemberg\",\"addressCountry\":\"DE\"},{\"@type\":\"ImageObject\",\"inLanguage\":\"en-US\",\"@id\":\"https:\\\/\\\/www.aspion.de\\\/en\\\/aspion-shock-sensors-can-now-also-be-read-out-via-ios-app-via-nfc\\\/#local-main-organization-logo\",\"url\":\"https:\\\/\\\/www.aspion.de\\\/wp-content\\\/uploads\\\/2014\\\/05\\\/Aspion_GmbH_Active_SensorsPositioning_Logo_1.png\",\"contentUrl\":\"https:\\\/\\\/www.aspion.de\\\/wp-content\\\/uploads\\\/2014\\\/05\\\/Aspion_GmbH_Active_SensorsPositioning_Logo_1.png\",\"width\":280,\"height\":71,\"caption\":\"ASPION GmbH\"}]}<\/script>\n<meta name=\"geo.placename\" content=\"Karlsruhe\" \/>\n<meta name=\"geo.region\" content=\"Germany\" \/>\n<!-- \/ Yoast SEO Premium plugin. -->","yoast_head_json":{"title":"ASPION shock sensors can now also be read out via iOS App via NFC","description":"Apple opens NFC interface: All ASPION shock sensors are now also readable via iOS App with iPhone 7 and newer devices with iOS from version 11.","robots":{"index":"index","follow":"follow","max-snippet":"max-snippet:-1","max-image-preview":"max-image-preview:large","max-video-preview":"max-video-preview:-1"},"canonical":"https:\/\/www.aspion.de\/en\/aspion-shock-sensors-can-now-also-be-read-out-via-ios-app-via-nfc\/","og_locale":"en_US","og_type":"article","og_title":"ASPION shock sensors can now also be read out via iOS App via NFC","og_description":"Apple opens NFC interface: All ASPION shock sensors are now also readable via iOS App with iPhone 7 and newer devices with iOS from version 11.","og_url":"https:\/\/www.aspion.de\/en\/aspion-shock-sensors-can-now-also-be-read-out-via-ios-app-via-nfc\/","og_site_name":"ASPION GmbH \u2013 Profi-Datenlogger f\u00fcr Schock und Sto\u00df - f\u00fcr die Industrie","article_modified_time":"2019-08-01T13:42:34+00:00","og_image":[{"width":800,"height":497,"url":"https:\/\/www.aspion.de\/wp-content\/uploads\/2017\/12\/G-Log-App-mit-NFC-fuer-iPhone-klein.jpg","type":"image\/jpeg"}],"twitter_card":"summary_large_image","twitter_misc":{"Est. reading time":"2 minutes"},"schema":{"@context":"https:\/\/schema.org","@graph":[{"@type":"WebPage","@id":"https:\/\/www.aspion.de\/en\/aspion-shock-sensors-can-now-also-be-read-out-via-ios-app-via-nfc\/","url":"https:\/\/www.aspion.de\/en\/aspion-shock-sensors-can-now-also-be-read-out-via-ios-app-via-nfc\/","name":"ASPION shock sensors can now also be read out via iOS App via NFC","isPartOf":{"@id":"https:\/\/www.aspion.de\/en\/#website"},"primaryImageOfPage":{"@id":"https:\/\/www.aspion.de\/en\/aspion-shock-sensors-can-now-also-be-read-out-via-ios-app-via-nfc\/#primaryimage"},"image":{"@id":"https:\/\/www.aspion.de\/en\/aspion-shock-sensors-can-now-also-be-read-out-via-ios-app-via-nfc\/#primaryimage"},"thumbnailUrl":"https:\/\/www.aspion.de\/wp-content\/uploads\/2017\/12\/G-Log-App-mit-NFC-fuer-iPhone-klein.jpg","datePublished":"2017-12-07T20:19:47+00:00","dateModified":"2019-08-01T13:42:34+00:00","description":"Apple opens NFC interface: All ASPION shock sensors are now also readable via iOS App with iPhone 7 and newer devices with iOS from version 11.","breadcrumb":{"@id":"https:\/\/www.aspion.de\/en\/aspion-shock-sensors-can-now-also-be-read-out-via-ios-app-via-nfc\/#breadcrumb"},"inLanguage":"en-US","potentialAction":[{"@type":"ReadAction","target":["https:\/\/www.aspion.de\/en\/aspion-shock-sensors-can-now-also-be-read-out-via-ios-app-via-nfc\/"]}]},{"@type":"ImageObject","inLanguage":"en-US","@id":"https:\/\/www.aspion.de\/en\/aspion-shock-sensors-can-now-also-be-read-out-via-ios-app-via-nfc\/#primaryimage","url":"https:\/\/www.aspion.de\/wp-content\/uploads\/2017\/12\/G-Log-App-mit-NFC-fuer-iPhone-klein.jpg","contentUrl":"https:\/\/www.aspion.de\/wp-content\/uploads\/2017\/12\/G-Log-App-mit-NFC-fuer-iPhone-klein.jpg","width":800,"height":497,"caption":"ASPION shock sensors now readable with NFC via iOS app"},{"@type":"BreadcrumbList","@id":"https:\/\/www.aspion.de\/en\/aspion-shock-sensors-can-now-also-be-read-out-via-ios-app-via-nfc\/#breadcrumb","itemListElement":[{"@type":"ListItem","position":1,"name":"Startseite","item":"https:\/\/www.aspion.de\/en\/"},{"@type":"ListItem","position":2,"name":"ASPION shock sensors can now also be read out via iOS App via NFC"}]},{"@type":"WebSite","@id":"https:\/\/www.aspion.de\/en\/#website","url":"https:\/\/www.aspion.de\/en\/","name":"ASPION GmbH \u2013 Profi-Datenlogger f\u00fcr Schock und Sto\u00df - f\u00fcr die Industrie","description":"Datenlogger f\u00fcr Transport\u00fcberwachung von Schock, Temperatur, Feuchte - einfach, kosteng\u00fcnstig, nachhaltig, made in Germany.","publisher":{"@id":"https:\/\/www.aspion.de\/en\/#organization"},"potentialAction":[{"@type":"SearchAction","target":{"@type":"EntryPoint","urlTemplate":"https:\/\/www.aspion.de\/en\/?s={search_term_string}"},"query-input":{"@type":"PropertyValueSpecification","valueRequired":true,"valueName":"search_term_string"}}],"inLanguage":"en-US"},{"@type":["Organization","Place"],"@id":"https:\/\/www.aspion.de\/en\/#organization","name":"ASPION GmbH","url":"https:\/\/www.aspion.de\/en\/","logo":{"@id":"https:\/\/www.aspion.de\/en\/aspion-shock-sensors-can-now-also-be-read-out-via-ios-app-via-nfc\/#local-main-organization-logo"},"image":{"@id":"https:\/\/www.aspion.de\/en\/aspion-shock-sensors-can-now-also-be-read-out-via-ios-app-via-nfc\/#local-main-organization-logo"},"sameAs":["https:\/\/www.linkedin.com\/company\/aspion-gmbh","https:\/\/www.youtube.com\/channel\/UCyPrXy8bNbXMKcp_MQEor3w"],"address":{"@id":"https:\/\/www.aspion.de\/en\/aspion-shock-sensors-can-now-also-be-read-out-via-ios-app-via-nfc\/#local-main-place-address"},"telephone":["+49 721 85149-122"],"openingHoursSpecification":[{"@type":"OpeningHoursSpecification","dayOfWeek":["Monday","Tuesday","Wednesday","Thursday","Friday","Saturday","Sunday"],"opens":"09:00","closes":"17:00"}],"email":"info@aspion.de","faxNumber":"+49 721 85149-090"},{"@type":"PostalAddress","@id":"https:\/\/www.aspion.de\/en\/aspion-shock-sensors-can-now-also-be-read-out-via-ios-app-via-nfc\/#local-main-place-address","streetAddress":"Ohiostra\u00dfe 11","addressLocality":"Karlsruhe","postalCode":"76149","addressRegion":"Baden-W\u00fcrttemberg","addressCountry":"DE"},{"@type":"ImageObject","inLanguage":"en-US","@id":"https:\/\/www.aspion.de\/en\/aspion-shock-sensors-can-now-also-be-read-out-via-ios-app-via-nfc\/#local-main-organization-logo","url":"https:\/\/www.aspion.de\/wp-content\/uploads\/2014\/05\/Aspion_GmbH_Active_SensorsPositioning_Logo_1.png","contentUrl":"https:\/\/www.aspion.de\/wp-content\/uploads\/2014\/05\/Aspion_GmbH_Active_SensorsPositioning_Logo_1.png","width":280,"height":71,"caption":"ASPION GmbH"}]},"geo.placename":"Karlsruhe","geo.region":"Germany"},"_links":{"self":[{"href":"https:\/\/www.aspion.de\/en\/wp-json\/wp\/v2\/pages\/13060","targetHints":{"allow":["GET"]}}],"collection":[{"href":"https:\/\/www.aspion.de\/en\/wp-json\/wp\/v2\/pages"}],"about":[{"href":"https:\/\/www.aspion.de\/en\/wp-json\/wp\/v2\/types\/page"}],"author":[{"embeddable":true,"href":"https:\/\/www.aspion.de\/en\/wp-json\/wp\/v2\/users\/1"}],"replies":[{"embeddable":true,"href":"https:\/\/www.aspion.de\/en\/wp-json\/wp\/v2\/comments?post=13060"}],"version-history":[{"count":9,"href":"https:\/\/www.aspion.de\/en\/wp-json\/wp\/v2\/pages\/13060\/revisions"}],"predecessor-version":[{"id":13894,"href":"https:\/\/www.aspion.de\/en\/wp-json\/wp\/v2\/pages\/13060\/revisions\/13894"}],"wp:featuredmedia":[{"embeddable":true,"href":"https:\/\/www.aspion.de\/en\/wp-json\/wp\/v2\/media\/12816"}],"wp:attachment":[{"href":"https:\/\/www.aspion.de\/en\/wp-json\/wp\/v2\/media?parent=13060"}],"curies":[{"name":"wp","href":"https:\/\/api.w.org\/{rel}","templated":true}]}}