{"id":13072,"date":"2019-04-10T14:45:10","date_gmt":"2019-04-10T13:45:10","guid":{"rendered":"http:\/\/aspion.de.w01957cf.kasserver.com\/pressemitteilungen-archiv\/"},"modified":"2019-08-01T10:48:01","modified_gmt":"2019-08-01T09:48:01","slug":"press-releases-archive","status":"publish","type":"page","link":"https:\/\/www.aspion.de\/en\/press-releases-archive\/","title":{"rendered":"Press releases archive"},"content":{"rendered":"<h1>\n\t\tPress releases archive\n\t<\/h1>\n\t\t\t\t<img decoding=\"async\" src=\"https:\/\/www.aspion.de\/wp-content\/uploads\/2017\/09\/ASPION_IBS-Gruppe_300.jpg\" alt=\"ASPION schlie\u00dft Vertriebspartnerschaft mit IBS-Gruppe: Michael W\u00f6hr, Gesch\u00e4ftsf\u00fchrer der ASPION GmbH (Mitte), freut sich \u00fcber die Zusammenarbeit mit Andr\u00e9 Schmid (links) und G\u00fcnther Obilcnik (rechts), beide Gesch\u00e4ftsf\u00fchrer innerhalb der IBS-Gruppe.\" itemprop=\"image\" height=\"216\" width=\"300\" title=\"ASPION schliesst Partnerschaft mit IBS-Gruppe _300\" onerror=\"this.style.display='none'\"  \/>\n\t<p>20.09.2017 &#8211; Indirect sales of shock sensors expanded<\/p>\n<h4><a href=\"https:\/\/www.aspion.de\/en\/press-release-aspion-signs-strategic-partnership-with-ibs-group\/\"><strong>ASPION concludes strategic distribution partnership with IBS Group<\/strong><\/a><\/h4>\n<p>ASPION GmbH, a Karlsruhe-based company specializing in the development and marketing of energy-optimized sensors for industry 4.0, has recently entered into a strategic sales partnership with system supplier and engineering service provider IBS. The G-Log shock sensor developed by ASPION for transport monitoring is now included in the sales portfolio of the IBS Group. The sensor is to be distributed to companies in the mechanical and plant engineering industry with shock- and temperature-sensitive components.<\/p>\n<p><a href=\"https:\/\/www.aspion.de\/en\/press-release-aspion-signs-strategic-partnership-with-ibs-group\/\">to the press release<\/a><\/p>\n\t\t\t\t<img decoding=\"async\" src=\"https:\/\/www.aspion.de\/wp-content\/uploads\/2016\/02\/Software_Made_in_Germany_Auszeichnung_ASPION_300_Ausschnitt.png\" alt=\"ASPION wurde im M\u00e4rz 2017 mit dem BITMi-G\u00fctesiegel &quot;Software Made in Germany&quot; ausgezeichnet.\" itemprop=\"image\" height=\"216\" width=\"300\" title=\"Software_Made_in_Germany_Auszeichnung_ASPION_300_Ausschnitt\" onerror=\"this.style.display='none'\"  \/>\n\t<p>27.03.2017 &#8211; User-friendly, flexible and smart: ASPION G-Log Software<\/p>\n<h4><strong><a href=\"https:\/\/www.aspion.de\/en\/aspion-awarded-with-bitmi-seal-of-approval-software-made-in-germany\/\">ASPION awarded with BITMi seal of approval &#8220;Software Made in Germany<\/a><\/strong><\/h4>\n<p>&#8220;Made in Germany&#8221; stands for high quality, high performance and a secure future. ASPION GmbH from Karlsruhe has now been selected by the Bundesverband IT-Mittelstand e.V. (Federal Association of IT SMEs). (BITMi) with the seal of approval &#8220;Software Made in Germany&#8221;.\u00a0BITMi Vice President Martin Hubschneider presented the seal of approval to Michael W\u00f6hr, founder and managing director of ASPION GmbH at CeBIT.\u00a0According to Hubschneider, the ASPION G-Log Manager software and the associated smartphone app for controlling the shock sensors are characterized above all by user-friendliness, flexibility and a sophisticated, smart design.<\/p>\n<p><a href=\"https:\/\/www.aspion.de\/en\/aspion-awarded-with-bitmi-seal-of-approval-software-made-in-germany\/\">to the press release<\/a><\/p>\n\t\t\t\t<img decoding=\"async\" src=\"https:\/\/www.aspion.de\/wp-content\/uploads\/2017\/01\/ASPION_G-Log-Version2_Presse_Web-300x232.jpg\" alt=\"ASPION G-Log in neuer Version 2 - smarte und flexible Transport\u00fcberwachung mit neuen Funktionen wie Stopp-Datum, erweiterter Messbereich f\u00fcr Ersch\u00fctterung\/Schock und PIN-Schutz.\" itemprop=\"image\" height=\"232\" width=\"300\" title=\"Aspion G-Log Schock\u00fcberwachung in neuer Version 2 (Web)\" onerror=\"this.style.display='none'\"  \/>\n\t<p>24.01.2017 &#8211; Smart and flexible: Transport monitoring with shock sensor ASPION G-Log<\/p>\n<h4><strong><a href=\"https:\/\/www.aspion.de\/en\/press-release-transport-monitoring-with-aspion-g-log-in-new-version-2\/\">New version 2 with stop function, extended measuring range and PIN protection<\/a><\/strong><\/h4>\n<p>Transports do not always take place without incidents and sensitive goods arrive damaged at their destination. The digital shock sensor ASPION G-Log provides more transparency: It records with pinpoint accuracy when shocks or critical temperature events occur. The Karlsruhe-based manufacturer is now presenting the new Version 2 of the PC software ASPION G-Log Manager and the Smartphone app, which make use of smart functions even more flexible: Time-controlled stop function, optional shock values up to \u00b1 24 g and PIN protection for detailed views when reading out with the smartphone app.<\/p>\n<p><a href=\"https:\/\/www.aspion.de\/en\/press-release-transport-monitoring-with-aspion-g-log-in-new-version-2\/\">to the press release<\/a><\/p>\n\t\t\t\t<img decoding=\"async\" src=\"https:\/\/www.aspion.de\/wp-content\/uploads\/2016\/07\/ASPION_G-Log_Version1.5_Schockueberwachung_Lage-Visualisierung_RGB-300x232.jpg\" alt=\"Der ASPION G-Log Schocksensor dient zur Schock\u00fcberwachung und Transport\u00fcberwachung mit gleichzeitiger Temperatur-Erfassung und Lage-Visualisierung.\" itemprop=\"image\" height=\"232\" width=\"300\" title=\"ASPION G-Log Schock\u00fcberwachung und Transport\u00fcberwachung\" onerror=\"this.style.display='none'\"  \/>\n\t<p>05.07.2016 &#8211; ASPION G-Log in new version 1.5<\/p>\n<h4><a href=\"https:\/\/www.aspion.de\/en\/press-release-sensor-for-shock-monitoring-with-position-visualisation\/\"><strong>Sensor for shock monitoring with additional position visualization<\/strong><\/a><\/h4>\n<p>During the transport of sensitive goods, damage occurs again and again. The digital shock sensor ASPION G-Log, which was introduced in January 2016, records vibrations or critical temperature events with high accuracy. In the new version 1.5, the Karlsruhe-based manufacturer ASPION presents a series of new functions such as the location visualization or the creation of a clear PDF report. The customers receive the new version as well as further valuable information immediately over the again opened ASPION customer portal, attainable over the enterprise web page www.aspion.de.<\/p>\n<p><a href=\"https:\/\/www.aspion.de\/en\/press-release-sensor-for-shock-monitoring-with-position-visualisation\/\">to the press release<\/a><\/p>\n\t\t\t\t<img decoding=\"async\" src=\"https:\/\/www.aspion.de\/wp-content\/uploads\/2016\/02\/ASPION_G-Log_App_RGB-300x232.jpg\" alt=\"Mit der ASPION G-Log App k\u00f6nnen aufgezeichnete Schock- und Temperaturwerte sofort mit einem NFC-f\u00e4higen Smartphone ausgelesen und \u00fcbertragen werden.\" itemprop=\"image\" height=\"232\" width=\"300\" title=\"ASPION G-Log App (RGB)\" onerror=\"this.style.display='none'\"  \/>\n\t<p>17.02.2016 &#8211; Preview on the LogiMAT<\/p>\n<h4><strong><a href=\"https:\/\/www.aspion.de\/en\/press-release-reading-shock-values-via-nfc-using-a-smartphone-app\/\">Read out shock values wirelessly via NFC via Smartphone app<\/a><\/strong><\/h4>\n<p>It happens again and again during transport that valuable goods are damaged. The new digital shock sensor ASPION G-Log records the exact time when shocks or critical temperature events occur. Recorded shock and temperature values can now be read out wirelessly via Smartphone app (Android from version 4.1) from the sensor via NFC. The new shock sensor ASPION G-Log with PC software and the preview of the app will be presented by ASPION partner BARCODAT for the first time at LogiMAT from 8 to 10 March in Stuttgart in Hall 4, Stand 4C31.<\/p>\n<p><a href=\"https:\/\/www.aspion.de\/en\/press-release-reading-shock-values-via-nfc-using-a-smartphone-app\/\">to the press release<\/a><\/p>\n\t\t\t\t<img decoding=\"async\" src=\"https:\/\/www.aspion.de\/wp-content\/uploads\/2019\/05\/ASPION_G-Log_Sensor_Transparenz_bei_Transportschaeden_Schock-300x227.jpg\" alt=\"ASPION_G-Log_Sensor_Transparenz_bei_Transportschaeden_Schock-300x227\" itemprop=\"image\" height=\"227\" width=\"300\" title=\"ASPION_G-Log_Sensor_Transparenz_bei_Transportschaeden_Schock-300x227\" onerror=\"this.style.display='none'\"  \/>\n\t<p>21.01.2016 &#8211; Transparency in transport damages<\/p>\n<h4><a href=\"https:\/\/www.aspion.de\/en\/press-release-low-cost-new-shock-sensor-with-nfc-aspion-g-log\/\"><strong>Low cost new shock sensor with NFC<\/strong><\/a><\/h4>\n<p>The new digital shock sensor ASPION G-Log records the exact time when shocks or critical temperature events occur. It records shocks with accelerations of up to \u00b1 16 g across all three axes as well as temperature values with date and time according to the event principle: The sensor therefore only supplies data when the specified threshold values are exceeded or not reached. The PC software ASPION G-Log Manager is used for commissioning and evaluation of the shock sensor. Data is transmitted wirelessly via NFC (Near Field Communication). The ASPION G-Log shock sensor is now available for 69 Euro net from the manufacturer.<\/p>\n<p><a href=\"https:\/\/www.aspion.de\/en\/press-release-low-cost-new-shock-sensor-with-nfc-aspion-g-log\/\">to the press release<\/a><\/p>\n","protected":false},"excerpt":{"rendered":"<p>Press releases archive 20.09.2017 &#8211; Indirect sales of shock sensors expanded ASPION concludes strategic distribution partnership with IBS Group ASPION GmbH, a Karlsruhe-based company specializing in the development and marketing of energy-optimized sensors for industry 4.0, has recently entered into a strategic sales partnership with system supplier and engineering service provider IBS. The G-Log shock&hellip;<\/p>\n","protected":false},"author":173,"featured_media":0,"parent":0,"menu_order":0,"comment_status":"closed","ping_status":"closed","template":"","meta":{"_acf_changed":false,"footnotes":""},"class_list":["post-13072","page","type-page","status-publish","hentry"],"acf":[],"yoast_head":"<!-- This site is optimized with the Yoast SEO Premium plugin v27.5 (Yoast SEO v27.5) - https:\/\/yoast.com\/product\/yoast-seo-premium-wordpress\/ -->\n<title>Press releases archive<\/title>\n<meta name=\"robots\" content=\"index, follow, max-snippet:-1, max-image-preview:large, max-video-preview:-1\" \/>\n<link rel=\"canonical\" href=\"https:\/\/www.aspion.de\/en\/press-releases-archive\/\" \/>\n<meta property=\"og:locale\" content=\"en_US\" \/>\n<meta property=\"og:type\" content=\"article\" \/>\n<meta property=\"og:title\" content=\"Press releases archive\" \/>\n<meta property=\"og:description\" content=\"Press releases archive 20.09.2017 &#8211; Indirect sales of shock sensors expanded ASPION concludes strategic distribution partnership with IBS Group ASPION GmbH, a Karlsruhe-based company specializing in the development and marketing of energy-optimized sensors for industry 4.0, has recently entered into a strategic sales partnership with system supplier and engineering service provider IBS. The G-Log shock&hellip;\" \/>\n<meta property=\"og:url\" content=\"https:\/\/www.aspion.de\/en\/press-releases-archive\/\" \/>\n<meta property=\"og:site_name\" content=\"ASPION GmbH \u2013 Profi-Datenlogger f\u00fcr Schock und Sto\u00df - f\u00fcr die Industrie\" \/>\n<meta property=\"article:modified_time\" content=\"2019-08-01T09:48:01+00:00\" \/>\n<meta property=\"og:image\" content=\"https:\/\/www.aspion.de\/wp-content\/uploads\/2017\/09\/ASPION_IBS-Gruppe_300.jpg\" \/>\n<meta name=\"twitter:card\" content=\"summary_large_image\" \/>\n<meta name=\"twitter:label1\" content=\"Est. reading time\" \/>\n\t<meta name=\"twitter:data1\" content=\"3 minutes\" \/>\n<script type=\"application\/ld+json\" class=\"yoast-schema-graph\">{\"@context\":\"https:\\\/\\\/schema.org\",\"@graph\":[{\"@type\":\"WebPage\",\"@id\":\"https:\\\/\\\/www.aspion.de\\\/en\\\/press-releases-archive\\\/\",\"url\":\"https:\\\/\\\/www.aspion.de\\\/en\\\/press-releases-archive\\\/\",\"name\":\"Press releases archive\",\"isPartOf\":{\"@id\":\"https:\\\/\\\/www.aspion.de\\\/en\\\/#website\"},\"primaryImageOfPage\":{\"@id\":\"https:\\\/\\\/www.aspion.de\\\/en\\\/press-releases-archive\\\/#primaryimage\"},\"image\":{\"@id\":\"https:\\\/\\\/www.aspion.de\\\/en\\\/press-releases-archive\\\/#primaryimage\"},\"thumbnailUrl\":\"https:\\\/\\\/www.aspion.de\\\/wp-content\\\/uploads\\\/2017\\\/09\\\/ASPION_IBS-Gruppe_300.jpg\",\"datePublished\":\"2019-04-10T13:45:10+00:00\",\"dateModified\":\"2019-08-01T09:48:01+00:00\",\"breadcrumb\":{\"@id\":\"https:\\\/\\\/www.aspion.de\\\/en\\\/press-releases-archive\\\/#breadcrumb\"},\"inLanguage\":\"en-US\",\"potentialAction\":[{\"@type\":\"ReadAction\",\"target\":[\"https:\\\/\\\/www.aspion.de\\\/en\\\/press-releases-archive\\\/\"]}]},{\"@type\":\"ImageObject\",\"inLanguage\":\"en-US\",\"@id\":\"https:\\\/\\\/www.aspion.de\\\/en\\\/press-releases-archive\\\/#primaryimage\",\"url\":\"https:\\\/\\\/www.aspion.de\\\/wp-content\\\/uploads\\\/2017\\\/09\\\/ASPION_IBS-Gruppe_300.jpg\",\"contentUrl\":\"https:\\\/\\\/www.aspion.de\\\/wp-content\\\/uploads\\\/2017\\\/09\\\/ASPION_IBS-Gruppe_300.jpg\"},{\"@type\":\"BreadcrumbList\",\"@id\":\"https:\\\/\\\/www.aspion.de\\\/en\\\/press-releases-archive\\\/#breadcrumb\",\"itemListElement\":[{\"@type\":\"ListItem\",\"position\":1,\"name\":\"Startseite\",\"item\":\"https:\\\/\\\/www.aspion.de\\\/en\\\/\"},{\"@type\":\"ListItem\",\"position\":2,\"name\":\"Press releases archive\"}]},{\"@type\":\"WebSite\",\"@id\":\"https:\\\/\\\/www.aspion.de\\\/en\\\/#website\",\"url\":\"https:\\\/\\\/www.aspion.de\\\/en\\\/\",\"name\":\"ASPION GmbH \u2013 Profi-Datenlogger f\u00fcr Schock und Sto\u00df - f\u00fcr die Industrie\",\"description\":\"Datenlogger f\u00fcr Transport\u00fcberwachung von Schock, Temperatur, Feuchte - einfach, kosteng\u00fcnstig, nachhaltig, made in Germany.\",\"publisher\":{\"@id\":\"https:\\\/\\\/www.aspion.de\\\/en\\\/#organization\"},\"potentialAction\":[{\"@type\":\"SearchAction\",\"target\":{\"@type\":\"EntryPoint\",\"urlTemplate\":\"https:\\\/\\\/www.aspion.de\\\/en\\\/?s={search_term_string}\"},\"query-input\":{\"@type\":\"PropertyValueSpecification\",\"valueRequired\":true,\"valueName\":\"search_term_string\"}}],\"inLanguage\":\"en-US\"},{\"@type\":[\"Organization\",\"Place\"],\"@id\":\"https:\\\/\\\/www.aspion.de\\\/en\\\/#organization\",\"name\":\"ASPION GmbH\",\"url\":\"https:\\\/\\\/www.aspion.de\\\/en\\\/\",\"logo\":{\"@id\":\"https:\\\/\\\/www.aspion.de\\\/en\\\/press-releases-archive\\\/#local-main-organization-logo\"},\"image\":{\"@id\":\"https:\\\/\\\/www.aspion.de\\\/en\\\/press-releases-archive\\\/#local-main-organization-logo\"},\"sameAs\":[\"https:\\\/\\\/www.linkedin.com\\\/company\\\/aspion-gmbh\",\"https:\\\/\\\/www.youtube.com\\\/channel\\\/UCyPrXy8bNbXMKcp_MQEor3w\"],\"address\":{\"@id\":\"https:\\\/\\\/www.aspion.de\\\/en\\\/press-releases-archive\\\/#local-main-place-address\"},\"telephone\":[\"+49 721 85149-122\"],\"openingHoursSpecification\":[{\"@type\":\"OpeningHoursSpecification\",\"dayOfWeek\":[\"Monday\",\"Tuesday\",\"Wednesday\",\"Thursday\",\"Friday\",\"Saturday\",\"Sunday\"],\"opens\":\"09:00\",\"closes\":\"17:00\"}],\"email\":\"info@aspion.de\",\"faxNumber\":\"+49 721 85149-090\"},{\"@type\":\"PostalAddress\",\"@id\":\"https:\\\/\\\/www.aspion.de\\\/en\\\/press-releases-archive\\\/#local-main-place-address\",\"streetAddress\":\"Ohiostra\u00dfe 11\",\"addressLocality\":\"Karlsruhe\",\"postalCode\":\"76149\",\"addressRegion\":\"Baden-W\u00fcrttemberg\",\"addressCountry\":\"DE\"},{\"@type\":\"ImageObject\",\"inLanguage\":\"en-US\",\"@id\":\"https:\\\/\\\/www.aspion.de\\\/en\\\/press-releases-archive\\\/#local-main-organization-logo\",\"url\":\"https:\\\/\\\/www.aspion.de\\\/wp-content\\\/uploads\\\/2014\\\/05\\\/Aspion_GmbH_Active_SensorsPositioning_Logo_1.png\",\"contentUrl\":\"https:\\\/\\\/www.aspion.de\\\/wp-content\\\/uploads\\\/2014\\\/05\\\/Aspion_GmbH_Active_SensorsPositioning_Logo_1.png\",\"width\":280,\"height\":71,\"caption\":\"ASPION GmbH\"}]}<\/script>\n<meta name=\"geo.placename\" content=\"Karlsruhe\" \/>\n<meta name=\"geo.region\" content=\"Germany\" \/>\n<!-- \/ Yoast SEO Premium plugin. -->","yoast_head_json":{"title":"Press releases archive","robots":{"index":"index","follow":"follow","max-snippet":"max-snippet:-1","max-image-preview":"max-image-preview:large","max-video-preview":"max-video-preview:-1"},"canonical":"https:\/\/www.aspion.de\/en\/press-releases-archive\/","og_locale":"en_US","og_type":"article","og_title":"Press releases archive","og_description":"Press releases archive 20.09.2017 &#8211; Indirect sales of shock sensors expanded ASPION concludes strategic distribution partnership with IBS Group ASPION GmbH, a Karlsruhe-based company specializing in the development and marketing of energy-optimized sensors for industry 4.0, has recently entered into a strategic sales partnership with system supplier and engineering service provider IBS. The G-Log shock&hellip;","og_url":"https:\/\/www.aspion.de\/en\/press-releases-archive\/","og_site_name":"ASPION GmbH \u2013 Profi-Datenlogger f\u00fcr Schock und Sto\u00df - f\u00fcr die Industrie","article_modified_time":"2019-08-01T09:48:01+00:00","og_image":[{"url":"https:\/\/www.aspion.de\/wp-content\/uploads\/2017\/09\/ASPION_IBS-Gruppe_300.jpg","type":"","width":"","height":""}],"twitter_card":"summary_large_image","twitter_misc":{"Est. reading time":"3 minutes"},"schema":{"@context":"https:\/\/schema.org","@graph":[{"@type":"WebPage","@id":"https:\/\/www.aspion.de\/en\/press-releases-archive\/","url":"https:\/\/www.aspion.de\/en\/press-releases-archive\/","name":"Press releases archive","isPartOf":{"@id":"https:\/\/www.aspion.de\/en\/#website"},"primaryImageOfPage":{"@id":"https:\/\/www.aspion.de\/en\/press-releases-archive\/#primaryimage"},"image":{"@id":"https:\/\/www.aspion.de\/en\/press-releases-archive\/#primaryimage"},"thumbnailUrl":"https:\/\/www.aspion.de\/wp-content\/uploads\/2017\/09\/ASPION_IBS-Gruppe_300.jpg","datePublished":"2019-04-10T13:45:10+00:00","dateModified":"2019-08-01T09:48:01+00:00","breadcrumb":{"@id":"https:\/\/www.aspion.de\/en\/press-releases-archive\/#breadcrumb"},"inLanguage":"en-US","potentialAction":[{"@type":"ReadAction","target":["https:\/\/www.aspion.de\/en\/press-releases-archive\/"]}]},{"@type":"ImageObject","inLanguage":"en-US","@id":"https:\/\/www.aspion.de\/en\/press-releases-archive\/#primaryimage","url":"https:\/\/www.aspion.de\/wp-content\/uploads\/2017\/09\/ASPION_IBS-Gruppe_300.jpg","contentUrl":"https:\/\/www.aspion.de\/wp-content\/uploads\/2017\/09\/ASPION_IBS-Gruppe_300.jpg"},{"@type":"BreadcrumbList","@id":"https:\/\/www.aspion.de\/en\/press-releases-archive\/#breadcrumb","itemListElement":[{"@type":"ListItem","position":1,"name":"Startseite","item":"https:\/\/www.aspion.de\/en\/"},{"@type":"ListItem","position":2,"name":"Press releases archive"}]},{"@type":"WebSite","@id":"https:\/\/www.aspion.de\/en\/#website","url":"https:\/\/www.aspion.de\/en\/","name":"ASPION GmbH \u2013 Profi-Datenlogger f\u00fcr Schock und Sto\u00df - f\u00fcr die Industrie","description":"Datenlogger f\u00fcr Transport\u00fcberwachung von Schock, Temperatur, Feuchte - einfach, kosteng\u00fcnstig, nachhaltig, made in Germany.","publisher":{"@id":"https:\/\/www.aspion.de\/en\/#organization"},"potentialAction":[{"@type":"SearchAction","target":{"@type":"EntryPoint","urlTemplate":"https:\/\/www.aspion.de\/en\/?s={search_term_string}"},"query-input":{"@type":"PropertyValueSpecification","valueRequired":true,"valueName":"search_term_string"}}],"inLanguage":"en-US"},{"@type":["Organization","Place"],"@id":"https:\/\/www.aspion.de\/en\/#organization","name":"ASPION GmbH","url":"https:\/\/www.aspion.de\/en\/","logo":{"@id":"https:\/\/www.aspion.de\/en\/press-releases-archive\/#local-main-organization-logo"},"image":{"@id":"https:\/\/www.aspion.de\/en\/press-releases-archive\/#local-main-organization-logo"},"sameAs":["https:\/\/www.linkedin.com\/company\/aspion-gmbh","https:\/\/www.youtube.com\/channel\/UCyPrXy8bNbXMKcp_MQEor3w"],"address":{"@id":"https:\/\/www.aspion.de\/en\/press-releases-archive\/#local-main-place-address"},"telephone":["+49 721 85149-122"],"openingHoursSpecification":[{"@type":"OpeningHoursSpecification","dayOfWeek":["Monday","Tuesday","Wednesday","Thursday","Friday","Saturday","Sunday"],"opens":"09:00","closes":"17:00"}],"email":"info@aspion.de","faxNumber":"+49 721 85149-090"},{"@type":"PostalAddress","@id":"https:\/\/www.aspion.de\/en\/press-releases-archive\/#local-main-place-address","streetAddress":"Ohiostra\u00dfe 11","addressLocality":"Karlsruhe","postalCode":"76149","addressRegion":"Baden-W\u00fcrttemberg","addressCountry":"DE"},{"@type":"ImageObject","inLanguage":"en-US","@id":"https:\/\/www.aspion.de\/en\/press-releases-archive\/#local-main-organization-logo","url":"https:\/\/www.aspion.de\/wp-content\/uploads\/2014\/05\/Aspion_GmbH_Active_SensorsPositioning_Logo_1.png","contentUrl":"https:\/\/www.aspion.de\/wp-content\/uploads\/2014\/05\/Aspion_GmbH_Active_SensorsPositioning_Logo_1.png","width":280,"height":71,"caption":"ASPION GmbH"}]},"geo.placename":"Karlsruhe","geo.region":"Germany"},"_links":{"self":[{"href":"https:\/\/www.aspion.de\/en\/wp-json\/wp\/v2\/pages\/13072","targetHints":{"allow":["GET"]}}],"collection":[{"href":"https:\/\/www.aspion.de\/en\/wp-json\/wp\/v2\/pages"}],"about":[{"href":"https:\/\/www.aspion.de\/en\/wp-json\/wp\/v2\/types\/page"}],"author":[{"embeddable":true,"href":"https:\/\/www.aspion.de\/en\/wp-json\/wp\/v2\/users\/173"}],"replies":[{"embeddable":true,"href":"https:\/\/www.aspion.de\/en\/wp-json\/wp\/v2\/comments?post=13072"}],"version-history":[{"count":10,"href":"https:\/\/www.aspion.de\/en\/wp-json\/wp\/v2\/pages\/13072\/revisions"}],"predecessor-version":[{"id":13884,"href":"https:\/\/www.aspion.de\/en\/wp-json\/wp\/v2\/pages\/13072\/revisions\/13884"}],"wp:attachment":[{"href":"https:\/\/www.aspion.de\/en\/wp-json\/wp\/v2\/media?parent=13072"}],"curies":[{"name":"wp","href":"https:\/\/api.w.org\/{rel}","templated":true}]}}