{"id":13076,"date":"2017-09-01T16:33:33","date_gmt":"2017-09-01T15:33:33","guid":{"rendered":"http:\/\/aspion.de.w01957cf.kasserver.com\/pressemitteilung-aspion-schliesst-strategische-vertriebspartnerschaft-mit-ibs-gruppe\/"},"modified":"2019-08-02T09:08:46","modified_gmt":"2019-08-02T08:08:46","slug":"press-release-aspion-signs-strategic-partnership-with-ibs-group","status":"publish","type":"page","link":"https:\/\/www.aspion.de\/en\/press-release-aspion-signs-strategic-partnership-with-ibs-group\/","title":{"rendered":"Press release &#8211; ASPION signs strategic partnership with IBS Group"},"content":{"rendered":"\n<p>Press Release 20.09.2017<\/p>\n<h3>Indirect sales of shock sensors expanded<\/h3>\n<h1>ASPION concludes strategic distribution partnership with IBS Group<\/h1>\n<p>ASPION GmbH, a Karlsruhe-based company specializing in the development and marketing of energy-optimized sensors for industry 4.0, has recently entered into a strategic sales partnership with system supplier and engineering service provider IBS. The G-Log shock sensor developed by ASPION for transport monitoring is now included in the sales portfolio of the IBS Group. The sensor is to be distributed to companies in the mechanical and plant engineering industry with shock- and temperature-sensitive components.<\/p>\n<p>The shock sensor ASPION G-Log is a sensor weighing only 35 grams and installed in a robust ABS housing. It detects shocks with accelerations of up to \u00b1 24 g in three axes and temperatures with date and time according to the event principle. The collected data is transmitted wirelessly to the receiver unit via NFC technology. The ability to record up to 286 events to the second and in temperature ranges from -30\u00b0C to +60\u00b0C creates transparency and security in the supply chain of sensitive goods.<\/p>\n<p>&#8220;The G-Log shock sensor is a perfect match for the demands our customers place on modern process monitoring,&#8221; says Andr\u00e9 Schmid, Managing Director of the IBS Group. &#8220;Machine builders in particular, who represent the majority of our customers, are currently facing the major task of preparing their companies for the requirements of industry 4.0. In this environment, cooperation with the development specialists at ASPION GmbH fits perfectly into our &#8220;overall concept&#8221;.<\/p>\n<p>&#8220;For us, the IBS Group is an extremely powerful partner,&#8221; adds Michael W\u00f6hr, Managing Director of ASPION GmbH. &#8220;With this cooperation, we can build on a customer base of around 7,500 companies from the machine and plant engineering industry that has grown over the years. We are sure that both companies will benefit equally from the cooperation.&#8221;<\/p>\n<p>In the future, the IBS Group will carry out marketing and sales activities for the shock sensor and actively market the product to the customer base. The ASPION G-Log Sensor is an innovative addition to the IBS Group&#8217;s product range. This considerably expands the possibility to operate in the markets of industry 4.0.<\/p>\n<h3>About the IBS Group<\/h3>\n<p>As an industrial service provider, the group of companies based in Eggenstein in Baden provides direct on-site support in the selection and use of technical industrial products. The main areas of activity are the distribution of technical products as well as sales and engineering. Here the <a href=\"https:\/\/www.ibs-gruppe.de\" target=\"_blank\" rel=\"noopener noreferrer\">IBS Group<\/a>, as a service provider of special solutions, offers an all-round programme from 3D-CAD design and individual part development to the manufacture of clamping fixtures and special machines. The development of sustainable energy concepts rounds off the company&#8217;s portfolio.<\/p>\n<h3>About ASPION GmbH<\/h3>\n<p>ASPION GmbH develops and markets energy-optimized, smart sensors with wireless communication for industrial 4.0 applications. The hardware and software solutions &#8216;Made in Germany&#8217; support industrial companies in their logistical tasks: Processes and procedures can be intelligently networked, digitized and efficiently organized by ASPION&#8217;s smart sensors. Sensor solutions are an essential building block in the digitization of industrial 4.0 applications, with which industrial and commercial enterprises save valuable time and costs. ASPION, based in Karlsruhe, Germany, was founded in 2011 by Managing Director Michael W\u00f6hr. In addition to the award-winning standard product ASPION G-Log for transport monitoring, engineering services in the area of hardware-related development with solution integration round off the range of services.<\/p>\n\t\t\t\t<img decoding=\"async\" src=\"https:\/\/www.aspion.de\/wp-content\/uploads\/2015\/07\/ASPION_G-Log_Schocksensor-300x33.png\" alt=\"Reliably log shock events with the shock sensor ASPION G-Log\" itemprop=\"image\" height=\"33\" width=\"300\" title=\"ASPION _ G-Log _ shock sensor\" onerror=\"this.style.display='none'\"  \/>\n\t<h3>Pictures for download<\/h3>\n<p>Michael W\u00f6hr, Managing Director of ASPION GmbH (center) with Andr\u00e9 Schmid (left) and G\u00fcnther Obilcnik (right), both Managing Directors within the IBS Group, conclude strategic sales partnership<\/p>\n\t\t\t\t<a href=\"https:\/\/www.aspion.de\/wp-content\/uploads\/2017\/09\/ASPION_IBS-Gruppe_web.jpg\" target=\"_blank\" rel=\"noopener noreferrer\"  itemprop=\"url\">\n\t\t\t\t<img decoding=\"async\" src=\"https:\/\/www.aspion.de\/wp-content\/uploads\/2017\/09\/ASPION_IBS-Gruppe_150.jpg\" alt=\"ASPION schlie\u00dft Vertriebspartnerschaft mit IBS-Gruppe\" itemprop=\"image\" height=\"150\" width=\"150\" title=\"ASPION schliesst Partnerschaft mit IBS-Gruppe _150\" onerror=\"this.style.display='none'\"  \/>\n\t\t\t\t<\/a>\n\t<p><strong>Download:<\/strong><\/p>\n\t\t\t<a href=\"https:\/\/www.aspion.de\/wp-content\/uploads\/2017\/09\/ASPION_IBS-Gruppe_web.jpg\" target=\"_blank\" role=\"button\" rel=\"noopener noreferrer\" >\n\t\t\t\t\t\t\tweb resolution\n\t\t\t\t\t<\/a>\n\t\t\t<a href=\"https:\/\/www.aspion.de\/wp-content\/uploads\/2017\/09\/ASPION_IBS-Gruppe_print.jpg\" target=\"_blank\" role=\"button\" rel=\"noopener noreferrer\" >\n\t\t\t\t\t\t\tprint resolution\n\t\t\t\t\t<\/a>\n\t\t\t<a href=\"https:\/\/www.ibs-gruppe.de\/\" target=\"_blank\" role=\"button\" rel=\"noopener noreferrer\" >\n\t\t\t\t\t\t\tto the IBS-Group \n\t\t\t\t\t<\/a>\n\t\t\t\t<a href=\"https:\/\/www.ibs-gruppe.de\/\" target=\"_blank\" rel=\"noopener noreferrer\"  itemprop=\"url\">\n\t\t\t\t<img decoding=\"async\" src=\"https:\/\/www.aspion.de\/wp-content\/uploads\/2017\/08\/IBS_GRUPPE.png\" alt=\"ASPION Partner IBS Gruppe vertreibt Schocksensor\" itemprop=\"image\" height=\"99\" width=\"110\" title=\"IBS_GRUPPE\" onerror=\"this.style.display='none'\"  \/>\n\t\t\t\t<\/a>\n<p>The use of the photographic material for editorial purposes is free of charge. Please print with reference to &#8220;ASPION GmbH&#8221;.<\/p>\n<h3>product information<\/h3>\n<p><a href=\"https:\/\/www.aspion.de\/en\/shock-sensor-aspion-g-log-shock-recorder-transport-monitoring-data-logger\/\" rel=\"noopener noreferrer\">ASPION G-Log for transport monitoring &#8211; Product details<\/a><\/p>\n\t\t\t\t<a href=\"https:\/\/www.aspion.de\/en\/shock-sensor-aspion-g-log-shock-recorder-transport-monitoring-data-logger\/\" target=\"_self\" itemprop=\"url\" rel=\"noopener noreferrer\">\n\t\t\t\t<img decoding=\"async\" src=\"https:\/\/www.aspion.de\/wp-content\/uploads\/2017\/02\/1_ASPION-G-Log-Komponenten_400.png\" alt=\"ASPION G-Log - Komponenten f\u00fcr die Transport\u00fcberwachung mit dem Schocksensor\" itemprop=\"image\" height=\"260\" width=\"400\" title=\"1_ASPION G-Log Komponenten_400\" onerror=\"this.style.display='none'\"  \/>\n\t\t\t\t<\/a>\n<p>&nbsp;<\/p>\n<h3>Your press contact<\/h3>\nMartina W\u00f6hr<br \/>\nTel.: 0721 \/ 85149-122<br \/>\n<a href=\"mailto:martina.woehr@aspion.de\">martina.woehr@aspion.de<\/a>\n","protected":false},"excerpt":{"rendered":"<p>Press Release 20.09.2017 Indirect sales of shock sensors expanded ASPION concludes strategic distribution partnership with IBS Group ASPION GmbH, a Karlsruhe-based company specializing in the development and marketing of energy-optimized sensors for industry 4.0, has recently entered into a strategic sales partnership with system supplier and engineering service provider IBS. The G-Log shock sensor developed&hellip;<\/p>\n","protected":false},"author":1,"featured_media":12765,"parent":0,"menu_order":0,"comment_status":"closed","ping_status":"closed","template":"","meta":{"_acf_changed":false,"footnotes":""},"class_list":["post-13076","page","type-page","status-publish","has-post-thumbnail","hentry"],"acf":[],"yoast_head":"<!-- This site is optimized with the Yoast SEO Premium plugin v27.5 (Yoast SEO v27.5) - https:\/\/yoast.com\/product\/yoast-seo-premium-wordpress\/ -->\n<title>Press release - ASPION signs strategic partnership with IBS Group<\/title>\n<meta name=\"description\" content=\"ASPION und IBS-Gruppe haben eine strategische Vertriebspartnerschaft vereinbart. Der Schocksensor G-Log wird ab sofort in das Vertriebsportfolio der ...\" \/>\n<meta name=\"robots\" content=\"index, follow, max-snippet:-1, max-image-preview:large, max-video-preview:-1\" \/>\n<link rel=\"canonical\" href=\"https:\/\/www.aspion.de\/en\/press-release-aspion-signs-strategic-partnership-with-ibs-group\/\" \/>\n<meta property=\"og:locale\" content=\"en_US\" \/>\n<meta property=\"og:type\" content=\"article\" \/>\n<meta property=\"og:title\" content=\"Press release - ASPION signs strategic partnership with IBS Group\" \/>\n<meta property=\"og:description\" content=\"ASPION und IBS-Gruppe haben eine strategische Vertriebspartnerschaft vereinbart. Der Schocksensor G-Log wird ab sofort in das Vertriebsportfolio der ...\" \/>\n<meta property=\"og:url\" content=\"https:\/\/www.aspion.de\/en\/press-release-aspion-signs-strategic-partnership-with-ibs-group\/\" \/>\n<meta property=\"og:site_name\" content=\"ASPION GmbH \u2013 Profi-Datenlogger f\u00fcr Schock und Sto\u00df - f\u00fcr die Industrie\" \/>\n<meta property=\"article:modified_time\" content=\"2019-08-02T08:08:46+00:00\" \/>\n<meta property=\"og:image\" content=\"https:\/\/www.aspion.de\/wp-content\/uploads\/2017\/09\/ASPION_IBS-Gruppe_300.jpg\" \/>\n\t<meta property=\"og:image:width\" content=\"300\" \/>\n\t<meta property=\"og:image:height\" content=\"216\" \/>\n\t<meta property=\"og:image:type\" content=\"image\/jpeg\" \/>\n<meta name=\"twitter:card\" content=\"summary_large_image\" \/>\n<meta name=\"twitter:label1\" content=\"Est. reading time\" \/>\n\t<meta name=\"twitter:data1\" content=\"3 minutes\" \/>\n<script type=\"application\/ld+json\" class=\"yoast-schema-graph\">{\"@context\":\"https:\\\/\\\/schema.org\",\"@graph\":[{\"@type\":\"WebPage\",\"@id\":\"https:\\\/\\\/www.aspion.de\\\/en\\\/press-release-aspion-signs-strategic-partnership-with-ibs-group\\\/\",\"url\":\"https:\\\/\\\/www.aspion.de\\\/en\\\/press-release-aspion-signs-strategic-partnership-with-ibs-group\\\/\",\"name\":\"Press release - ASPION signs strategic partnership with IBS Group\",\"isPartOf\":{\"@id\":\"https:\\\/\\\/www.aspion.de\\\/en\\\/#website\"},\"primaryImageOfPage\":{\"@id\":\"https:\\\/\\\/www.aspion.de\\\/en\\\/press-release-aspion-signs-strategic-partnership-with-ibs-group\\\/#primaryimage\"},\"image\":{\"@id\":\"https:\\\/\\\/www.aspion.de\\\/en\\\/press-release-aspion-signs-strategic-partnership-with-ibs-group\\\/#primaryimage\"},\"thumbnailUrl\":\"https:\\\/\\\/www.aspion.de\\\/wp-content\\\/uploads\\\/2017\\\/09\\\/ASPION_IBS-Gruppe_300.jpg\",\"datePublished\":\"2017-09-01T15:33:33+00:00\",\"dateModified\":\"2019-08-02T08:08:46+00:00\",\"description\":\"ASPION und IBS-Gruppe haben eine strategische Vertriebspartnerschaft vereinbart. Der Schocksensor G-Log wird ab sofort in das Vertriebsportfolio der ...\",\"breadcrumb\":{\"@id\":\"https:\\\/\\\/www.aspion.de\\\/en\\\/press-release-aspion-signs-strategic-partnership-with-ibs-group\\\/#breadcrumb\"},\"inLanguage\":\"en-US\",\"potentialAction\":[{\"@type\":\"ReadAction\",\"target\":[\"https:\\\/\\\/www.aspion.de\\\/en\\\/press-release-aspion-signs-strategic-partnership-with-ibs-group\\\/\"]}]},{\"@type\":\"ImageObject\",\"inLanguage\":\"en-US\",\"@id\":\"https:\\\/\\\/www.aspion.de\\\/en\\\/press-release-aspion-signs-strategic-partnership-with-ibs-group\\\/#primaryimage\",\"url\":\"https:\\\/\\\/www.aspion.de\\\/wp-content\\\/uploads\\\/2017\\\/09\\\/ASPION_IBS-Gruppe_300.jpg\",\"contentUrl\":\"https:\\\/\\\/www.aspion.de\\\/wp-content\\\/uploads\\\/2017\\\/09\\\/ASPION_IBS-Gruppe_300.jpg\",\"width\":300,\"height\":216,\"caption\":\"ASPION concludes strategic distribution partnership with IBS Group\"},{\"@type\":\"BreadcrumbList\",\"@id\":\"https:\\\/\\\/www.aspion.de\\\/en\\\/press-release-aspion-signs-strategic-partnership-with-ibs-group\\\/#breadcrumb\",\"itemListElement\":[{\"@type\":\"ListItem\",\"position\":1,\"name\":\"Startseite\",\"item\":\"https:\\\/\\\/www.aspion.de\\\/en\\\/\"},{\"@type\":\"ListItem\",\"position\":2,\"name\":\"Press release &#8211; ASPION signs strategic partnership with IBS Group\"}]},{\"@type\":\"WebSite\",\"@id\":\"https:\\\/\\\/www.aspion.de\\\/en\\\/#website\",\"url\":\"https:\\\/\\\/www.aspion.de\\\/en\\\/\",\"name\":\"ASPION GmbH \u2013 Profi-Datenlogger f\u00fcr Schock und Sto\u00df - f\u00fcr die Industrie\",\"description\":\"Datenlogger f\u00fcr Transport\u00fcberwachung von Schock, Temperatur, Feuchte - einfach, kosteng\u00fcnstig, nachhaltig, made in Germany.\",\"publisher\":{\"@id\":\"https:\\\/\\\/www.aspion.de\\\/en\\\/#organization\"},\"potentialAction\":[{\"@type\":\"SearchAction\",\"target\":{\"@type\":\"EntryPoint\",\"urlTemplate\":\"https:\\\/\\\/www.aspion.de\\\/en\\\/?s={search_term_string}\"},\"query-input\":{\"@type\":\"PropertyValueSpecification\",\"valueRequired\":true,\"valueName\":\"search_term_string\"}}],\"inLanguage\":\"en-US\"},{\"@type\":[\"Organization\",\"Place\"],\"@id\":\"https:\\\/\\\/www.aspion.de\\\/en\\\/#organization\",\"name\":\"ASPION GmbH\",\"url\":\"https:\\\/\\\/www.aspion.de\\\/en\\\/\",\"logo\":{\"@id\":\"https:\\\/\\\/www.aspion.de\\\/en\\\/press-release-aspion-signs-strategic-partnership-with-ibs-group\\\/#local-main-organization-logo\"},\"image\":{\"@id\":\"https:\\\/\\\/www.aspion.de\\\/en\\\/press-release-aspion-signs-strategic-partnership-with-ibs-group\\\/#local-main-organization-logo\"},\"sameAs\":[\"https:\\\/\\\/www.linkedin.com\\\/company\\\/aspion-gmbh\",\"https:\\\/\\\/www.youtube.com\\\/channel\\\/UCyPrXy8bNbXMKcp_MQEor3w\"],\"address\":{\"@id\":\"https:\\\/\\\/www.aspion.de\\\/en\\\/press-release-aspion-signs-strategic-partnership-with-ibs-group\\\/#local-main-place-address\"},\"telephone\":[\"+49 721 85149-122\"],\"openingHoursSpecification\":[{\"@type\":\"OpeningHoursSpecification\",\"dayOfWeek\":[\"Monday\",\"Tuesday\",\"Wednesday\",\"Thursday\",\"Friday\",\"Saturday\",\"Sunday\"],\"opens\":\"09:00\",\"closes\":\"17:00\"}],\"email\":\"info@aspion.de\",\"faxNumber\":\"+49 721 85149-090\"},{\"@type\":\"PostalAddress\",\"@id\":\"https:\\\/\\\/www.aspion.de\\\/en\\\/press-release-aspion-signs-strategic-partnership-with-ibs-group\\\/#local-main-place-address\",\"streetAddress\":\"Ohiostra\u00dfe 11\",\"addressLocality\":\"Karlsruhe\",\"postalCode\":\"76149\",\"addressRegion\":\"Baden-W\u00fcrttemberg\",\"addressCountry\":\"DE\"},{\"@type\":\"ImageObject\",\"inLanguage\":\"en-US\",\"@id\":\"https:\\\/\\\/www.aspion.de\\\/en\\\/press-release-aspion-signs-strategic-partnership-with-ibs-group\\\/#local-main-organization-logo\",\"url\":\"https:\\\/\\\/www.aspion.de\\\/wp-content\\\/uploads\\\/2014\\\/05\\\/Aspion_GmbH_Active_SensorsPositioning_Logo_1.png\",\"contentUrl\":\"https:\\\/\\\/www.aspion.de\\\/wp-content\\\/uploads\\\/2014\\\/05\\\/Aspion_GmbH_Active_SensorsPositioning_Logo_1.png\",\"width\":280,\"height\":71,\"caption\":\"ASPION GmbH\"}]}<\/script>\n<meta name=\"geo.placename\" content=\"Karlsruhe\" \/>\n<meta name=\"geo.region\" content=\"Germany\" \/>\n<!-- \/ Yoast SEO Premium plugin. -->","yoast_head_json":{"title":"Press release - ASPION signs strategic partnership with IBS Group","description":"ASPION und IBS-Gruppe haben eine strategische Vertriebspartnerschaft vereinbart. Der Schocksensor G-Log wird ab sofort in das Vertriebsportfolio der ...","robots":{"index":"index","follow":"follow","max-snippet":"max-snippet:-1","max-image-preview":"max-image-preview:large","max-video-preview":"max-video-preview:-1"},"canonical":"https:\/\/www.aspion.de\/en\/press-release-aspion-signs-strategic-partnership-with-ibs-group\/","og_locale":"en_US","og_type":"article","og_title":"Press release - ASPION signs strategic partnership with IBS Group","og_description":"ASPION und IBS-Gruppe haben eine strategische Vertriebspartnerschaft vereinbart. Der Schocksensor G-Log wird ab sofort in das Vertriebsportfolio der ...","og_url":"https:\/\/www.aspion.de\/en\/press-release-aspion-signs-strategic-partnership-with-ibs-group\/","og_site_name":"ASPION GmbH \u2013 Profi-Datenlogger f\u00fcr Schock und Sto\u00df - f\u00fcr die Industrie","article_modified_time":"2019-08-02T08:08:46+00:00","og_image":[{"width":300,"height":216,"url":"https:\/\/www.aspion.de\/wp-content\/uploads\/2017\/09\/ASPION_IBS-Gruppe_300.jpg","type":"image\/jpeg"}],"twitter_card":"summary_large_image","twitter_misc":{"Est. reading time":"3 minutes"},"schema":{"@context":"https:\/\/schema.org","@graph":[{"@type":"WebPage","@id":"https:\/\/www.aspion.de\/en\/press-release-aspion-signs-strategic-partnership-with-ibs-group\/","url":"https:\/\/www.aspion.de\/en\/press-release-aspion-signs-strategic-partnership-with-ibs-group\/","name":"Press release - ASPION signs strategic partnership with IBS Group","isPartOf":{"@id":"https:\/\/www.aspion.de\/en\/#website"},"primaryImageOfPage":{"@id":"https:\/\/www.aspion.de\/en\/press-release-aspion-signs-strategic-partnership-with-ibs-group\/#primaryimage"},"image":{"@id":"https:\/\/www.aspion.de\/en\/press-release-aspion-signs-strategic-partnership-with-ibs-group\/#primaryimage"},"thumbnailUrl":"https:\/\/www.aspion.de\/wp-content\/uploads\/2017\/09\/ASPION_IBS-Gruppe_300.jpg","datePublished":"2017-09-01T15:33:33+00:00","dateModified":"2019-08-02T08:08:46+00:00","description":"ASPION und IBS-Gruppe haben eine strategische Vertriebspartnerschaft vereinbart. Der Schocksensor G-Log wird ab sofort in das Vertriebsportfolio der ...","breadcrumb":{"@id":"https:\/\/www.aspion.de\/en\/press-release-aspion-signs-strategic-partnership-with-ibs-group\/#breadcrumb"},"inLanguage":"en-US","potentialAction":[{"@type":"ReadAction","target":["https:\/\/www.aspion.de\/en\/press-release-aspion-signs-strategic-partnership-with-ibs-group\/"]}]},{"@type":"ImageObject","inLanguage":"en-US","@id":"https:\/\/www.aspion.de\/en\/press-release-aspion-signs-strategic-partnership-with-ibs-group\/#primaryimage","url":"https:\/\/www.aspion.de\/wp-content\/uploads\/2017\/09\/ASPION_IBS-Gruppe_300.jpg","contentUrl":"https:\/\/www.aspion.de\/wp-content\/uploads\/2017\/09\/ASPION_IBS-Gruppe_300.jpg","width":300,"height":216,"caption":"ASPION concludes strategic distribution partnership with IBS Group"},{"@type":"BreadcrumbList","@id":"https:\/\/www.aspion.de\/en\/press-release-aspion-signs-strategic-partnership-with-ibs-group\/#breadcrumb","itemListElement":[{"@type":"ListItem","position":1,"name":"Startseite","item":"https:\/\/www.aspion.de\/en\/"},{"@type":"ListItem","position":2,"name":"Press release &#8211; ASPION signs strategic partnership with IBS Group"}]},{"@type":"WebSite","@id":"https:\/\/www.aspion.de\/en\/#website","url":"https:\/\/www.aspion.de\/en\/","name":"ASPION GmbH \u2013 Profi-Datenlogger f\u00fcr Schock und Sto\u00df - f\u00fcr die Industrie","description":"Datenlogger f\u00fcr Transport\u00fcberwachung von Schock, Temperatur, Feuchte - einfach, kosteng\u00fcnstig, nachhaltig, made in Germany.","publisher":{"@id":"https:\/\/www.aspion.de\/en\/#organization"},"potentialAction":[{"@type":"SearchAction","target":{"@type":"EntryPoint","urlTemplate":"https:\/\/www.aspion.de\/en\/?s={search_term_string}"},"query-input":{"@type":"PropertyValueSpecification","valueRequired":true,"valueName":"search_term_string"}}],"inLanguage":"en-US"},{"@type":["Organization","Place"],"@id":"https:\/\/www.aspion.de\/en\/#organization","name":"ASPION GmbH","url":"https:\/\/www.aspion.de\/en\/","logo":{"@id":"https:\/\/www.aspion.de\/en\/press-release-aspion-signs-strategic-partnership-with-ibs-group\/#local-main-organization-logo"},"image":{"@id":"https:\/\/www.aspion.de\/en\/press-release-aspion-signs-strategic-partnership-with-ibs-group\/#local-main-organization-logo"},"sameAs":["https:\/\/www.linkedin.com\/company\/aspion-gmbh","https:\/\/www.youtube.com\/channel\/UCyPrXy8bNbXMKcp_MQEor3w"],"address":{"@id":"https:\/\/www.aspion.de\/en\/press-release-aspion-signs-strategic-partnership-with-ibs-group\/#local-main-place-address"},"telephone":["+49 721 85149-122"],"openingHoursSpecification":[{"@type":"OpeningHoursSpecification","dayOfWeek":["Monday","Tuesday","Wednesday","Thursday","Friday","Saturday","Sunday"],"opens":"09:00","closes":"17:00"}],"email":"info@aspion.de","faxNumber":"+49 721 85149-090"},{"@type":"PostalAddress","@id":"https:\/\/www.aspion.de\/en\/press-release-aspion-signs-strategic-partnership-with-ibs-group\/#local-main-place-address","streetAddress":"Ohiostra\u00dfe 11","addressLocality":"Karlsruhe","postalCode":"76149","addressRegion":"Baden-W\u00fcrttemberg","addressCountry":"DE"},{"@type":"ImageObject","inLanguage":"en-US","@id":"https:\/\/www.aspion.de\/en\/press-release-aspion-signs-strategic-partnership-with-ibs-group\/#local-main-organization-logo","url":"https:\/\/www.aspion.de\/wp-content\/uploads\/2014\/05\/Aspion_GmbH_Active_SensorsPositioning_Logo_1.png","contentUrl":"https:\/\/www.aspion.de\/wp-content\/uploads\/2014\/05\/Aspion_GmbH_Active_SensorsPositioning_Logo_1.png","width":280,"height":71,"caption":"ASPION GmbH"}]},"geo.placename":"Karlsruhe","geo.region":"Germany"},"_links":{"self":[{"href":"https:\/\/www.aspion.de\/en\/wp-json\/wp\/v2\/pages\/13076","targetHints":{"allow":["GET"]}}],"collection":[{"href":"https:\/\/www.aspion.de\/en\/wp-json\/wp\/v2\/pages"}],"about":[{"href":"https:\/\/www.aspion.de\/en\/wp-json\/wp\/v2\/types\/page"}],"author":[{"embeddable":true,"href":"https:\/\/www.aspion.de\/en\/wp-json\/wp\/v2\/users\/1"}],"replies":[{"embeddable":true,"href":"https:\/\/www.aspion.de\/en\/wp-json\/wp\/v2\/comments?post=13076"}],"version-history":[{"count":14,"href":"https:\/\/www.aspion.de\/en\/wp-json\/wp\/v2\/pages\/13076\/revisions"}],"predecessor-version":[{"id":13916,"href":"https:\/\/www.aspion.de\/en\/wp-json\/wp\/v2\/pages\/13076\/revisions\/13916"}],"wp:featuredmedia":[{"embeddable":true,"href":"https:\/\/www.aspion.de\/en\/wp-json\/wp\/v2\/media\/12765"}],"wp:attachment":[{"href":"https:\/\/www.aspion.de\/en\/wp-json\/wp\/v2\/media?parent=13076"}],"curies":[{"name":"wp","href":"https:\/\/api.w.org\/{rel}","templated":true}]}}