{"id":13100,"date":"2016-02-13T20:33:49","date_gmt":"2016-02-13T20:33:49","guid":{"rendered":"http:\/\/aspion.de.w01957cf.kasserver.com\/pressemitteilung-per-smartphone-app-schockwerte-via-nfc-auslesen\/"},"modified":"2019-08-02T10:08:26","modified_gmt":"2019-08-02T09:08:26","slug":"press-release-reading-shock-values-via-nfc-using-a-smartphone-app","status":"publish","type":"page","link":"https:\/\/www.aspion.de\/en\/press-release-reading-shock-values-via-nfc-using-a-smartphone-app\/","title":{"rendered":"Press release &#8211; Reading shock values via NFC using a smartphone app"},"content":{"rendered":"\n\t<p>Press Release 17.02.2016<\/p>\n<p>&nbsp;<\/p>\n<h1>Shock sensor ASPION G-Log helps to achieve transparency in transport damages<\/h1>\n<h3>Preview at LogiMAT: Wireless NFC readout of shock values via smartphone app<\/h3>\n<p>It happens again and again during transport that valuable goods are damaged. The new digital shock sensor ASPION G-Log records the exact time when shocks or critical temperature events occur. Recorded shock and temperature values can now be read out wirelessly via Smartphone app (Android from version 4.1) from the sensor via NFC. The new shock sensor ASPION G-Log with PC software and the preview of the app will be presented by ASPION partner BARCODAT for the first time at LogiMAT from 8 to 10 March in Stuttgart in Hall 4, Stand 4C31.<\/p>\n<p>&nbsp;<\/p>\n<h3>Easy handling with NFC<\/h3>\n<p>Data communication via Near Field Communication (NFC) is wireless and simple: The user holds his NFC-enabled smartphone with Android operating system directly to the sensor. The app immediately shows whether and when critical shock or temperature events occurred during transport. The user can send the read-out data directly by e-mail to a colleague in the head office, for example. With the PC software ASPION G-Log Manager, the transmitted information can be graphically processed, analyzed and further processed.<\/p>\n<p>&nbsp;<\/p>\n<h3>ASPION G-Log live for the first time at LogiMAT at the BARCODAT booth<\/h3>\n<p>The new shock sensor ASPION G-Log with PC software and smartphone app will be presented to the public for the first time at LogiMAT in Stuttgart from March 8 &#8211; 10, 2016. The ASPION partner BARCODAT will present all details at booth 4C31 in hall 4. The shock sensor ASPION G-Log with PC software is available for 69 Euro net. The smartphone app for NFC-enabled Android devices (from version 4.1) will be available free of charge via the Google Play Store in April 2016.<\/p>\n<h5><\/h5>\n<p>For further details on the ASPION G-Log shock sensor with PC software ASPION G-Log Manager please refer to the <a href=\"https:\/\/www.aspion.de\/pressemitteilung-schocksensor-aspion-g-log-012016\/\" target=\"_blank\" rel=\"noopener noreferrer\">Press Release January 21, 2016<\/a>.<\/p>\n<p>&nbsp;<\/p>\n<h3>Manufacturer<\/h3>\nASPION GmbH<br \/>\nwww.aspion.de<br \/>\ninfo@aspion.de<br \/>\nTel.: +49 721 \/ 85149-121\n<strong>ASPION Partner BARCODAT<\/strong><br \/>\nBARCODAT GmbH<br \/>\n<a href=\"http:\/\/www.barcodat.de\" target=\"_blank\" rel=\"noopener noreferrer\">www.barcodat.de<br \/>\n<\/a>vertrieb@barcodat.de<br \/>\nTel.: +49 7443 \/ 9601-0<a href=\"http:\/\/www.barcodat.de\" target=\"_blank\" rel=\"noopener noreferrer\"><br \/>\n<\/a>\n<h3><\/h3>\n<h3>About ASPION GmbH<\/h3>\n<p>ASPION GmbH develops and markets energy-optimized, smart sensors with wireless communication for industrial 4.0 applications. The hardware and software solutions are designed to support industrial companies in their logistical tasks: Logistical processes and procedures can be intelligently networked, digitized and efficiently organized by ASPION&#8217;s smart sensors. Sensor solutions are an essential building block in the digitization of industrial 4.0 applications, with which industrial and trading companies can save valuable time and costs.<\/p>\n<p>The Karlsruhe-based company was founded in 2011 by managing director Michael W\u00f6hr. The shock sensor ASPION G-Log was developed from a customer project and is the sensor manufacturer&#8217;s first standard product. Engineering services in the area of hardware-related development with solution integration round off the company&#8217;s range of services.<\/p>\n<p>&nbsp;<\/p>\n<h3>About BARCODAT GmbH<\/h3>\n<p>For 30 years, BARCODAT GmbH has been offering system solutions and components for all aspects of automatic marking, identification as well as their capture, transmission and processing. The identification specialist based in Dornstetten advises customers from a wide variety of industries in all areas of the intralogistics value chain and provides individually adapted solutions as well as comprehensive service and support.<\/p>\n\t\t\t\t<img decoding=\"async\" src=\"https:\/\/www.aspion.de\/wp-content\/uploads\/2015\/07\/ASPION_G-Log_Schocksensor-300x33.png\" alt=\"Reliably log shock events with the shock sensor ASPION G-Log\" itemprop=\"image\" height=\"33\" width=\"300\" title=\"ASPION _ G-Log _ shock sensor\" onerror=\"this.style.display='none'\"  \/>\n\t\t\t\t<img decoding=\"async\" src=\"https:\/\/www.aspion.de\/wp-content\/uploads\/2015\/01\/LogiMAT2016_BARCODAT_Messebanner.jpg\" alt=\"LogiMAT2016_BARCODAT_Messebanner\" itemprop=\"image\" height=\"264\" width=\"576\" title=\"LogiMAT2016_BARCODAT_Messebanner\" onerror=\"this.style.display='none'\"  \/>\n\t<h3>Pictures for download<\/h3>\n\t\t\t\t<a href=\"https:\/\/www.aspion.de\/wp-content\/uploads\/2016\/02\/ASPION_G-Log_App_Print.tif\" target=\"_blank\" rel=\"noopener noreferrer\"  itemprop=\"url\">\n\t\t\t\t<img decoding=\"async\" src=\"https:\/\/www.aspion.de\/wp-content\/uploads\/2016\/02\/ASPION_G-Log_App_Vorschaubild.jpg\" alt=\"Mit der ASPION G-Log App k\u00f6nnen aufgezeichnete Schock- und Temperaturwerte sofort mit einem NFC-f\u00e4higen Smartphone ausgelesen und \u00fcbertragen werden.\" itemprop=\"image\" height=\"89\" width=\"115\" title=\"ASPION G-Log App Vorschau\" onerror=\"this.style.display='none'\"  \/>\n\t\t\t\t<\/a>\n\t<p>Easy to handle:<\/p>\n\t\t\t<a href=\"https:\/\/www.aspion.de\/wp-content\/uploads\/2016\/02\/ASPION_G-Log_App_Print.tif\" target=\"_blank\" role=\"button\" rel=\"noopener noreferrer\" >\n\t\t\t\t\t\t\tRead out shock values via smartphone app &#8211; Preview on LogiMAT 2016\n\t\t\t\t\t<\/a>\n\t\t\t\t<a href=\"https:\/\/www.aspion.de\/wp-content\/uploads\/2016\/02\/ASPION_G-Log_App_Smartphone_Allgemein.jpg\" target=\"_blank\" rel=\"noopener noreferrer\"  itemprop=\"url\">\n\t\t\t\t<img decoding=\"async\" src=\"https:\/\/www.aspion.de\/wp-content\/uploads\/2016\/02\/ASPION_G-Log_App_Smartphone_Allgemein-156x300.jpg\" alt=\"Mit der ASPION G-Log App (Android ab Version 4.1) ist f\u00fcr den Benutzer auf einen Blick erkennbar, ob kritische Transport-Ereignisse aufgetreten sind. Die Auswertungsdaten versendet der Benutzer direkt aus der App per E-Mail an Kollegen zur Auswertung mit der PC-Software ASPION G-Log Manager. \" itemprop=\"image\" height=\"300\" width=\"156\" title=\"ASPION G-Log App Smartphone \u00dcberblick\" onerror=\"this.style.display='none'\"  \/>\n\t\t\t\t<\/a>\n\t\t\t<a href=\"https:\/\/www.aspion.de\/wp-content\/uploads\/2016\/02\/ASPION_G-Log_App_Smartphone_Allgemein.jpg\" target=\"_blank\" role=\"button\" rel=\"noopener noreferrer\" >\n\t\t\t\t\t\t\tSmartphone app shows at a glance whether critical events have occurred\n\t\t\t\t\t<\/a>\n\t\t\t\t<a href=\"https:\/\/www.aspion.de\/wp-content\/uploads\/2016\/02\/ASPION_G-Log_App_Smartphone_Schock.jpg\" target=\"_blank\" rel=\"noopener noreferrer\"  itemprop=\"url\">\n\t\t\t\t<img decoding=\"async\" src=\"https:\/\/www.aspion.de\/wp-content\/uploads\/2016\/02\/ASPION_G-Log_App_Smartphone_Schock-156x300.jpg\" alt=\"Mit der ASPION G-Log App werden aufgezeichnete Schock-Ereignisse direkt angezeigt. Die Auswertungen kann der Benutzer schnell und einfach direkt an Kollegen per E-Mail \u00fcbermitteln.\n\" itemprop=\"image\" height=\"300\" width=\"156\" title=\"ASPION G-Log App Smartphone Schock-Ereignisse\" onerror=\"this.style.display='none'\"  \/>\n\t\t\t\t<\/a>\n\t\t\t<a href=\"https:\/\/www.aspion.de\/wp-content\/uploads\/2016\/02\/ASPION_G-Log_App_Smartphone_Schock.jpg\" target=\"_blank\" role=\"button\" rel=\"noopener noreferrer\" >\n\t\t\t\t\t\t\tWith the smartphone app, shock values can be read immediately and sent by e-mail with a single click.\n\t\t\t\t\t<\/a>\n\t\t\t<a href=\"https:\/\/www.aspion.de\/en\/press-release-low-cost-new-shock-sensor-with-nfc-aspion-g-log\/\" target=\"_self\" role=\"button\" rel=\"noopener noreferrer\">\n\t\t\t\t\t\t\tFurther image material Shock sensor and PC software\n\t\t\t\t\t<\/a>\n\t<p>The use of the photographic material for editorial purposes is free of charge. Please print with reference to &#8220;ASPION GmbH&#8221;.<\/p>\n<h3>Press test version<\/h3>\n<p>Would you like to test the product yourself? We would be pleased to provide you with a press version.\u00a0Please contact us!<\/p>\n<h3>Your press contact<\/h3>\nMartina W\u00f6hr<br \/>\nTel.: 0721 \/ 85149-122<br \/>\n<a href=\"mailto:martina.woehr@aspion.de\">martina.woehr@aspion.de<\/a>\n<p>&nbsp;<\/p>\n","protected":false},"excerpt":{"rendered":"<p>Press Release 17.02.2016 &nbsp; Shock sensor ASPION G-Log helps to achieve transparency in transport damages Preview at LogiMAT: Wireless NFC readout of shock values via smartphone app It happens again and again during transport that valuable goods are damaged. The new digital shock sensor ASPION G-Log records the exact time when shocks or critical temperature&hellip;<\/p>\n","protected":false},"author":1,"featured_media":12609,"parent":0,"menu_order":0,"comment_status":"closed","ping_status":"closed","template":"","meta":{"_acf_changed":false,"footnotes":""},"class_list":["post-13100","page","type-page","status-publish","has-post-thumbnail","hentry"],"acf":[],"yoast_head":"<!-- This site is optimized with the Yoast SEO Premium plugin v27.5 (Yoast SEO v27.5) - https:\/\/yoast.com\/product\/yoast-seo-premium-wordpress\/ -->\n<title>Press release - Reading shock values via NFC using a smartphone app<\/title>\n<meta name=\"description\" content=\"Mit der neuen Smartphone-App von ASPION k\u00f6nnen Schock- und Temperatur-Aufzeichnungen vom Schocksensor einfach kabellos ausgelesen werden. Lesen Sie mehr ...\" \/>\n<meta name=\"robots\" content=\"index, follow, max-snippet:-1, max-image-preview:large, max-video-preview:-1\" \/>\n<link rel=\"canonical\" href=\"https:\/\/www.aspion.de\/en\/press-release-reading-shock-values-via-nfc-using-a-smartphone-app\/\" \/>\n<meta property=\"og:locale\" content=\"en_US\" \/>\n<meta property=\"og:type\" content=\"article\" \/>\n<meta property=\"og:title\" content=\"Press release - Reading shock values via NFC using a smartphone app\" \/>\n<meta property=\"og:description\" content=\"Mit der neuen Smartphone-App von ASPION k\u00f6nnen Schock- und Temperatur-Aufzeichnungen vom Schocksensor einfach kabellos ausgelesen werden. Lesen Sie mehr ...\" \/>\n<meta property=\"og:url\" content=\"https:\/\/www.aspion.de\/en\/press-release-reading-shock-values-via-nfc-using-a-smartphone-app\/\" \/>\n<meta property=\"og:site_name\" content=\"ASPION GmbH \u2013 Profi-Datenlogger f\u00fcr Schock und Sto\u00df - f\u00fcr die Industrie\" \/>\n<meta property=\"article:modified_time\" content=\"2019-08-02T09:08:26+00:00\" \/>\n<meta property=\"og:image\" content=\"https:\/\/www.aspion.de\/wp-content\/uploads\/2016\/02\/ASPION_G-Log_App_RGB.jpg\" \/>\n\t<meta property=\"og:image:width\" content=\"1428\" \/>\n\t<meta property=\"og:image:height\" content=\"1103\" \/>\n\t<meta property=\"og:image:type\" content=\"image\/jpeg\" \/>\n<meta name=\"twitter:card\" content=\"summary_large_image\" \/>\n<meta name=\"twitter:label1\" content=\"Est. reading time\" \/>\n\t<meta name=\"twitter:data1\" content=\"3 minutes\" \/>\n<script type=\"application\/ld+json\" class=\"yoast-schema-graph\">{\"@context\":\"https:\\\/\\\/schema.org\",\"@graph\":[{\"@type\":\"WebPage\",\"@id\":\"https:\\\/\\\/www.aspion.de\\\/en\\\/press-release-reading-shock-values-via-nfc-using-a-smartphone-app\\\/\",\"url\":\"https:\\\/\\\/www.aspion.de\\\/en\\\/press-release-reading-shock-values-via-nfc-using-a-smartphone-app\\\/\",\"name\":\"Press release - Reading shock values via NFC using a smartphone app\",\"isPartOf\":{\"@id\":\"https:\\\/\\\/www.aspion.de\\\/en\\\/#website\"},\"primaryImageOfPage\":{\"@id\":\"https:\\\/\\\/www.aspion.de\\\/en\\\/press-release-reading-shock-values-via-nfc-using-a-smartphone-app\\\/#primaryimage\"},\"image\":{\"@id\":\"https:\\\/\\\/www.aspion.de\\\/en\\\/press-release-reading-shock-values-via-nfc-using-a-smartphone-app\\\/#primaryimage\"},\"thumbnailUrl\":\"https:\\\/\\\/www.aspion.de\\\/wp-content\\\/uploads\\\/2016\\\/02\\\/ASPION_G-Log_App_RGB.jpg\",\"datePublished\":\"2016-02-13T20:33:49+00:00\",\"dateModified\":\"2019-08-02T09:08:26+00:00\",\"description\":\"Mit der neuen Smartphone-App von ASPION k\u00f6nnen Schock- und Temperatur-Aufzeichnungen vom Schocksensor einfach kabellos ausgelesen werden. Lesen Sie mehr ...\",\"breadcrumb\":{\"@id\":\"https:\\\/\\\/www.aspion.de\\\/en\\\/press-release-reading-shock-values-via-nfc-using-a-smartphone-app\\\/#breadcrumb\"},\"inLanguage\":\"en-US\",\"potentialAction\":[{\"@type\":\"ReadAction\",\"target\":[\"https:\\\/\\\/www.aspion.de\\\/en\\\/press-release-reading-shock-values-via-nfc-using-a-smartphone-app\\\/\"]}]},{\"@type\":\"ImageObject\",\"inLanguage\":\"en-US\",\"@id\":\"https:\\\/\\\/www.aspion.de\\\/en\\\/press-release-reading-shock-values-via-nfc-using-a-smartphone-app\\\/#primaryimage\",\"url\":\"https:\\\/\\\/www.aspion.de\\\/wp-content\\\/uploads\\\/2016\\\/02\\\/ASPION_G-Log_App_RGB.jpg\",\"contentUrl\":\"https:\\\/\\\/www.aspion.de\\\/wp-content\\\/uploads\\\/2016\\\/02\\\/ASPION_G-Log_App_RGB.jpg\",\"width\":1428,\"height\":1103},{\"@type\":\"BreadcrumbList\",\"@id\":\"https:\\\/\\\/www.aspion.de\\\/en\\\/press-release-reading-shock-values-via-nfc-using-a-smartphone-app\\\/#breadcrumb\",\"itemListElement\":[{\"@type\":\"ListItem\",\"position\":1,\"name\":\"Startseite\",\"item\":\"https:\\\/\\\/www.aspion.de\\\/en\\\/\"},{\"@type\":\"ListItem\",\"position\":2,\"name\":\"Press release &#8211; Reading shock values via NFC using a smartphone app\"}]},{\"@type\":\"WebSite\",\"@id\":\"https:\\\/\\\/www.aspion.de\\\/en\\\/#website\",\"url\":\"https:\\\/\\\/www.aspion.de\\\/en\\\/\",\"name\":\"ASPION GmbH \u2013 Profi-Datenlogger f\u00fcr Schock und Sto\u00df - f\u00fcr die Industrie\",\"description\":\"Datenlogger f\u00fcr Transport\u00fcberwachung von Schock, Temperatur, Feuchte - einfach, kosteng\u00fcnstig, nachhaltig, made in Germany.\",\"publisher\":{\"@id\":\"https:\\\/\\\/www.aspion.de\\\/en\\\/#organization\"},\"potentialAction\":[{\"@type\":\"SearchAction\",\"target\":{\"@type\":\"EntryPoint\",\"urlTemplate\":\"https:\\\/\\\/www.aspion.de\\\/en\\\/?s={search_term_string}\"},\"query-input\":{\"@type\":\"PropertyValueSpecification\",\"valueRequired\":true,\"valueName\":\"search_term_string\"}}],\"inLanguage\":\"en-US\"},{\"@type\":[\"Organization\",\"Place\"],\"@id\":\"https:\\\/\\\/www.aspion.de\\\/en\\\/#organization\",\"name\":\"ASPION GmbH\",\"url\":\"https:\\\/\\\/www.aspion.de\\\/en\\\/\",\"logo\":{\"@id\":\"https:\\\/\\\/www.aspion.de\\\/en\\\/press-release-reading-shock-values-via-nfc-using-a-smartphone-app\\\/#local-main-organization-logo\"},\"image\":{\"@id\":\"https:\\\/\\\/www.aspion.de\\\/en\\\/press-release-reading-shock-values-via-nfc-using-a-smartphone-app\\\/#local-main-organization-logo\"},\"sameAs\":[\"https:\\\/\\\/www.linkedin.com\\\/company\\\/aspion-gmbh\",\"https:\\\/\\\/www.youtube.com\\\/channel\\\/UCyPrXy8bNbXMKcp_MQEor3w\"],\"address\":{\"@id\":\"https:\\\/\\\/www.aspion.de\\\/en\\\/press-release-reading-shock-values-via-nfc-using-a-smartphone-app\\\/#local-main-place-address\"},\"telephone\":[\"+49 721 85149-122\"],\"openingHoursSpecification\":[{\"@type\":\"OpeningHoursSpecification\",\"dayOfWeek\":[\"Monday\",\"Tuesday\",\"Wednesday\",\"Thursday\",\"Friday\",\"Saturday\",\"Sunday\"],\"opens\":\"09:00\",\"closes\":\"17:00\"}],\"email\":\"info@aspion.de\",\"faxNumber\":\"+49 721 85149-090\"},{\"@type\":\"PostalAddress\",\"@id\":\"https:\\\/\\\/www.aspion.de\\\/en\\\/press-release-reading-shock-values-via-nfc-using-a-smartphone-app\\\/#local-main-place-address\",\"streetAddress\":\"Ohiostra\u00dfe 11\",\"addressLocality\":\"Karlsruhe\",\"postalCode\":\"76149\",\"addressRegion\":\"Baden-W\u00fcrttemberg\",\"addressCountry\":\"DE\"},{\"@type\":\"ImageObject\",\"inLanguage\":\"en-US\",\"@id\":\"https:\\\/\\\/www.aspion.de\\\/en\\\/press-release-reading-shock-values-via-nfc-using-a-smartphone-app\\\/#local-main-organization-logo\",\"url\":\"https:\\\/\\\/www.aspion.de\\\/wp-content\\\/uploads\\\/2014\\\/05\\\/Aspion_GmbH_Active_SensorsPositioning_Logo_1.png\",\"contentUrl\":\"https:\\\/\\\/www.aspion.de\\\/wp-content\\\/uploads\\\/2014\\\/05\\\/Aspion_GmbH_Active_SensorsPositioning_Logo_1.png\",\"width\":280,\"height\":71,\"caption\":\"ASPION GmbH\"}]}<\/script>\n<meta name=\"geo.placename\" content=\"Karlsruhe\" \/>\n<meta name=\"geo.region\" content=\"Germany\" \/>\n<!-- \/ Yoast SEO Premium plugin. -->","yoast_head_json":{"title":"Press release - Reading shock values via NFC using a smartphone app","description":"Mit der neuen Smartphone-App von ASPION k\u00f6nnen Schock- und Temperatur-Aufzeichnungen vom Schocksensor einfach kabellos ausgelesen werden. Lesen Sie mehr ...","robots":{"index":"index","follow":"follow","max-snippet":"max-snippet:-1","max-image-preview":"max-image-preview:large","max-video-preview":"max-video-preview:-1"},"canonical":"https:\/\/www.aspion.de\/en\/press-release-reading-shock-values-via-nfc-using-a-smartphone-app\/","og_locale":"en_US","og_type":"article","og_title":"Press release - Reading shock values via NFC using a smartphone app","og_description":"Mit der neuen Smartphone-App von ASPION k\u00f6nnen Schock- und Temperatur-Aufzeichnungen vom Schocksensor einfach kabellos ausgelesen werden. Lesen Sie mehr ...","og_url":"https:\/\/www.aspion.de\/en\/press-release-reading-shock-values-via-nfc-using-a-smartphone-app\/","og_site_name":"ASPION GmbH \u2013 Profi-Datenlogger f\u00fcr Schock und Sto\u00df - f\u00fcr die Industrie","article_modified_time":"2019-08-02T09:08:26+00:00","og_image":[{"width":1428,"height":1103,"url":"https:\/\/www.aspion.de\/wp-content\/uploads\/2016\/02\/ASPION_G-Log_App_RGB.jpg","type":"image\/jpeg"}],"twitter_card":"summary_large_image","twitter_misc":{"Est. reading time":"3 minutes"},"schema":{"@context":"https:\/\/schema.org","@graph":[{"@type":"WebPage","@id":"https:\/\/www.aspion.de\/en\/press-release-reading-shock-values-via-nfc-using-a-smartphone-app\/","url":"https:\/\/www.aspion.de\/en\/press-release-reading-shock-values-via-nfc-using-a-smartphone-app\/","name":"Press release - Reading shock values via NFC using a smartphone app","isPartOf":{"@id":"https:\/\/www.aspion.de\/en\/#website"},"primaryImageOfPage":{"@id":"https:\/\/www.aspion.de\/en\/press-release-reading-shock-values-via-nfc-using-a-smartphone-app\/#primaryimage"},"image":{"@id":"https:\/\/www.aspion.de\/en\/press-release-reading-shock-values-via-nfc-using-a-smartphone-app\/#primaryimage"},"thumbnailUrl":"https:\/\/www.aspion.de\/wp-content\/uploads\/2016\/02\/ASPION_G-Log_App_RGB.jpg","datePublished":"2016-02-13T20:33:49+00:00","dateModified":"2019-08-02T09:08:26+00:00","description":"Mit der neuen Smartphone-App von ASPION k\u00f6nnen Schock- und Temperatur-Aufzeichnungen vom Schocksensor einfach kabellos ausgelesen werden. Lesen Sie mehr ...","breadcrumb":{"@id":"https:\/\/www.aspion.de\/en\/press-release-reading-shock-values-via-nfc-using-a-smartphone-app\/#breadcrumb"},"inLanguage":"en-US","potentialAction":[{"@type":"ReadAction","target":["https:\/\/www.aspion.de\/en\/press-release-reading-shock-values-via-nfc-using-a-smartphone-app\/"]}]},{"@type":"ImageObject","inLanguage":"en-US","@id":"https:\/\/www.aspion.de\/en\/press-release-reading-shock-values-via-nfc-using-a-smartphone-app\/#primaryimage","url":"https:\/\/www.aspion.de\/wp-content\/uploads\/2016\/02\/ASPION_G-Log_App_RGB.jpg","contentUrl":"https:\/\/www.aspion.de\/wp-content\/uploads\/2016\/02\/ASPION_G-Log_App_RGB.jpg","width":1428,"height":1103},{"@type":"BreadcrumbList","@id":"https:\/\/www.aspion.de\/en\/press-release-reading-shock-values-via-nfc-using-a-smartphone-app\/#breadcrumb","itemListElement":[{"@type":"ListItem","position":1,"name":"Startseite","item":"https:\/\/www.aspion.de\/en\/"},{"@type":"ListItem","position":2,"name":"Press release &#8211; Reading shock values via NFC using a smartphone app"}]},{"@type":"WebSite","@id":"https:\/\/www.aspion.de\/en\/#website","url":"https:\/\/www.aspion.de\/en\/","name":"ASPION GmbH \u2013 Profi-Datenlogger f\u00fcr Schock und Sto\u00df - f\u00fcr die Industrie","description":"Datenlogger f\u00fcr Transport\u00fcberwachung von Schock, Temperatur, Feuchte - einfach, kosteng\u00fcnstig, nachhaltig, made in Germany.","publisher":{"@id":"https:\/\/www.aspion.de\/en\/#organization"},"potentialAction":[{"@type":"SearchAction","target":{"@type":"EntryPoint","urlTemplate":"https:\/\/www.aspion.de\/en\/?s={search_term_string}"},"query-input":{"@type":"PropertyValueSpecification","valueRequired":true,"valueName":"search_term_string"}}],"inLanguage":"en-US"},{"@type":["Organization","Place"],"@id":"https:\/\/www.aspion.de\/en\/#organization","name":"ASPION GmbH","url":"https:\/\/www.aspion.de\/en\/","logo":{"@id":"https:\/\/www.aspion.de\/en\/press-release-reading-shock-values-via-nfc-using-a-smartphone-app\/#local-main-organization-logo"},"image":{"@id":"https:\/\/www.aspion.de\/en\/press-release-reading-shock-values-via-nfc-using-a-smartphone-app\/#local-main-organization-logo"},"sameAs":["https:\/\/www.linkedin.com\/company\/aspion-gmbh","https:\/\/www.youtube.com\/channel\/UCyPrXy8bNbXMKcp_MQEor3w"],"address":{"@id":"https:\/\/www.aspion.de\/en\/press-release-reading-shock-values-via-nfc-using-a-smartphone-app\/#local-main-place-address"},"telephone":["+49 721 85149-122"],"openingHoursSpecification":[{"@type":"OpeningHoursSpecification","dayOfWeek":["Monday","Tuesday","Wednesday","Thursday","Friday","Saturday","Sunday"],"opens":"09:00","closes":"17:00"}],"email":"info@aspion.de","faxNumber":"+49 721 85149-090"},{"@type":"PostalAddress","@id":"https:\/\/www.aspion.de\/en\/press-release-reading-shock-values-via-nfc-using-a-smartphone-app\/#local-main-place-address","streetAddress":"Ohiostra\u00dfe 11","addressLocality":"Karlsruhe","postalCode":"76149","addressRegion":"Baden-W\u00fcrttemberg","addressCountry":"DE"},{"@type":"ImageObject","inLanguage":"en-US","@id":"https:\/\/www.aspion.de\/en\/press-release-reading-shock-values-via-nfc-using-a-smartphone-app\/#local-main-organization-logo","url":"https:\/\/www.aspion.de\/wp-content\/uploads\/2014\/05\/Aspion_GmbH_Active_SensorsPositioning_Logo_1.png","contentUrl":"https:\/\/www.aspion.de\/wp-content\/uploads\/2014\/05\/Aspion_GmbH_Active_SensorsPositioning_Logo_1.png","width":280,"height":71,"caption":"ASPION GmbH"}]},"geo.placename":"Karlsruhe","geo.region":"Germany"},"_links":{"self":[{"href":"https:\/\/www.aspion.de\/en\/wp-json\/wp\/v2\/pages\/13100","targetHints":{"allow":["GET"]}}],"collection":[{"href":"https:\/\/www.aspion.de\/en\/wp-json\/wp\/v2\/pages"}],"about":[{"href":"https:\/\/www.aspion.de\/en\/wp-json\/wp\/v2\/types\/page"}],"author":[{"embeddable":true,"href":"https:\/\/www.aspion.de\/en\/wp-json\/wp\/v2\/users\/1"}],"replies":[{"embeddable":true,"href":"https:\/\/www.aspion.de\/en\/wp-json\/wp\/v2\/comments?post=13100"}],"version-history":[{"count":11,"href":"https:\/\/www.aspion.de\/en\/wp-json\/wp\/v2\/pages\/13100\/revisions"}],"predecessor-version":[{"id":13927,"href":"https:\/\/www.aspion.de\/en\/wp-json\/wp\/v2\/pages\/13100\/revisions\/13927"}],"wp:featuredmedia":[{"embeddable":true,"href":"https:\/\/www.aspion.de\/en\/wp-json\/wp\/v2\/media\/12609"}],"wp:attachment":[{"href":"https:\/\/www.aspion.de\/en\/wp-json\/wp\/v2\/media?parent=13100"}],"curies":[{"name":"wp","href":"https:\/\/api.w.org\/{rel}","templated":true}]}}