{"id":13153,"date":"2016-06-24T14:26:12","date_gmt":"2016-06-24T14:26:12","guid":{"rendered":"http:\/\/aspion.de.w01957cf.kasserver.com\/aspion-kundenportal-eingeloggt\/"},"modified":"2025-08-20T09:31:21","modified_gmt":"2025-08-20T07:31:21","slug":"aspion-customer-portal-logged-in","status":"publish","type":"page","link":"https:\/\/www.aspion.de\/en\/aspion-customer-portal-logged-in\/","title":{"rendered":"ASPION customer portal &#8211; logged in"},"content":{"rendered":"\n\n<h1>ASPION customer portal &#8211; welcome!<\/h1>\n<p>You have successfully logged into the ASPION customer portal. Here you will find everything you need to know about ASPION data loggers:<\/p>\n<p>PC software, manuals, templates, whitepapers, FAQs, detailed information material, tips &amp; tricks, support and much more.<\/p>\n\t<div id=\"wppb-login-wrap\" class=\"wppb-user-forms\">\n\t\t<form name=\"wppb-loginform\" id=\"wppb-loginform\" class=\"\" action=\"https:\/\/www.aspion.de\/en\/wp-json\/wp\/v2\/pages\/13153\" method=\"post\">\n\t\t\t\n\t\t\t<p class=\"wppb-form-field login-username\">\n\t\t\t\t<label for=\"wppb_user_login\">Email<\/label>\n\t\t\t\t<input type=\"email\" name=\"log\" id=\"wppb_user_login\" class=\"input\" value=\"\" size=\"20\" \/>\n\t\t\t<\/p>\n\t\t\t<p class=\"wppb-form-field login-password\">\n\t\t\t\t<label for=\"wppb_user_pass\">Password<\/label>\n\t\t\t\t<span class=\"wppb-password-field-container\">\n\t\t\t\t    <input type=\"password\" name=\"pwd\" id=\"wppb_user_pass\" class=\"input\" value=\"\" size=\"20\" \/>\n\t\t\t\t     <!-- add the HTML for the visibility toggle -->\n\t\t\t\t<\/span>\n            <\/p>\n\t\t\t\n\t\t\t\n\t\t\t<p class=\"wppb-form-field login-remember\"><input name=\"rememberme\" type=\"checkbox\" id=\"rememberme\" value=\"forever\" \/><label for=\"rememberme\">Remember Me<\/label><\/p>\n\t\t\t<p class=\"login-submit form-submit\">\n\t\t\t\t<input type=\"submit\" name=\"wp-submit\" id=\"wppb-submit\" class=\"button button-primary\" value=\"Log In\"\" \/>\n\t\t\t\t<input type=\"hidden\" name=\"redirect_to\" value=\"https:\/\/www.aspion.de\/en\/wp-json\/wp\/v2\/pages\/13153\" \/>\n\t\t\t<\/p>\n\t\t\t<input type=\"hidden\" name=\"wppb_login\" value=\"true\"\/>\n\t\t\t<input type=\"hidden\" name=\"wppb_form_location\" value=\"widget\"\/>\n\t\t\t<input type=\"hidden\" name=\"wppb_request_url\" value=\"https:\/\/www.aspion.de\/en\/wp-json\/wp\/v2\/pages\/13153\"\/>\n\t\t\t<input type=\"hidden\" name=\"wppb_lostpassword_url\" value=\"\"\/>\n\t\t\t<input type=\"hidden\" name=\"wppb_redirect_priority\" value=\"\"\/>\n\t\t\t<input type=\"hidden\" name=\"wppb_referer_url\" value=\"\"\/>\n\t\t\t<input type=\"hidden\" id=\"CSRFToken-wppb\" name=\"CSRFToken-wppb\" value=\"d1aa0edcec\" \/><input type=\"hidden\" name=\"_wp_http_referer\" value=\"\/en\/wp-json\/wp\/v2\/pages\/13153\" \/>\n\t\t\t<input type=\"hidden\" name=\"wppb_redirect_check\" value=\"true\"\/>\n\t\t\t\n\t\t<\/form><script>window.onload = function() { jQuery(document).ready(function($) { $(\"input[name=\\\"log\\\"]\").on(\"keyup\", function() { $(this).val( $.trim($(this).val()) ); }); }); }<\/script><\/div>\n<p>If you have any questions, please contact our support by e-mail at <a href=\"https:\/\/www.aspion.de\/en\/\/en\/\/ailto:support@aspion.de\">support@aspion.de<\/a>.<\/p>\n<p>&nbsp;<\/p>\n\t<h4><strong>ASPION G-Log Manager: <\/strong><strong>Current version 7 with unique functions available<\/strong><\/h4>\n<p>The current version 7 offers the greatest possible overview, structure and transparency with <a href=\"https:\/\/www.aspion.de\/en\/transport-data-logger-for-industrial-companies-in-new-version-6\/\" target=\"_blank\" rel=\"noopener\"><strong>new functions and extensions<\/strong><\/a>. In order to use these features immediately, <strong>simply update your PC software by downloading the new version <\/strong>and install the latest release of the smartphone app.<\/p>\n<h3>\n\t\tASPION G-Log data loggers\n\t<\/h3>\n\t\t\t\t<a href=\"https:\/\/www.aspion.de\/en\/customer-portal-aspion-g-log-downloads\/\" target=\"_self\" itemprop=\"url\">\n\t\t\t\t<img decoding=\"async\" src=\"https:\/\/www.aspion.de\/wp-content\/uploads\/2017\/10\/ASPION-G-Log_Schocksensor_Transportueberwachung-e1508598833869-300x197.png\" alt=\"ASPION G-Log Schocksensor zur Transport\u00fcberwachung incl. Temperatursensor\" itemprop=\"image\" height=\"197\" width=\"300\" title=\"ASPION-G-Log_Schocksensor_Transportueberwachung\" onerror=\"this.style.display='none'\"  \/>\n\t\t\t\t<\/a>\n\t\t\t\t<a href=\"https:\/\/www.aspion.de\/en\/customer-portal-aspion-g-log2-downloads\/\" target=\"_self\" itemprop=\"url\">\n\t\t\t\t<img decoding=\"async\" src=\"https:\/\/www.aspion.de\/wp-content\/uploads\/2019\/11\/ASPION-G-Log2_Datenlogger_transp-300x192.png\" alt=\"ASPION-G-Log2_Datenlogger_transp\" itemprop=\"image\" height=\"192\" width=\"300\" title=\"ASPION-G-Log2_Datenlogger_transp\" onerror=\"this.style.display='none'\"  \/>\n\t\t\t\t<\/a>\n\tPC software, drivers, technical data,<br \/>\nManual, templates, apps, info and more &#8230;\n\t\t\t<a href=\"https:\/\/www.aspion.de\/en\/customer-portal-aspion-g-log-downloads\/\" target=\"_self\">\n\t\t\t\t\t\tASPION G-Log\n\t\t\t\t\t<\/a>\n\t\t\t<a href=\"https:\/\/www.aspion.de\/en\/customer-portal-aspion-g-log2-downloads\/\" target=\"_self\">\n\t\t\t\t\t\tG-Log 2 \/ Waterproof\n\t\t\t\t\t<\/a>\n<h3>\n\t\tASPION L-Track Asset Tracking\n\t<\/h3>\n\t\t\t\t<a href=\"https:\/\/www.aspion.de\/en\/aspion-l-track-faq-support\/\" target=\"_self\" itemprop=\"url\">\n\t\t\t\t<img decoding=\"async\" src=\"https:\/\/www.aspion.de\/wp-content\/uploads\/2024\/02\/2024-02-19-ASPION-L-Track-Produktbild-1350x1000-1-300x222.png\" alt=\"ASPION L-Track multisensor transport data logger with live tracking\" itemprop=\"image\" height=\"222\" width=\"300\" title=\"2024-02-19 ASPION L-Track Produktbild 1350x1000\" onerror=\"this.style.display='none'\"  \/>\n\t\t\t\t<\/a>\n\tManual, quick guide, technical data,<br \/>\napprovals, network coverage, info and more &#8230;\n\t\t\t<a href=\"https:\/\/www.aspion.de\/en\/aspion-l-track-faq-support\/#dokumente\" target=\"_self\">\n\t\t\t\t\t\tDownloads L-Track\n\t\t\t\t\t<\/a>\n\t\t<h3><a href=\"https:\/\/www.aspion.de\/en\/aspion-customer-portal-worth-knowing-whitepaper\/\" target=\"_self\">worth knowing &#038; whitepapers<\/a><\/h3>\n\t\t\t\t<a href=\"https:\/\/www.aspion.de\/en\/aspion-customer-portal-worth-knowing-whitepaper\/\" target=\"_self\" itemprop=\"url\">\n\t\t\t\t<img decoding=\"async\" src=\"https:\/\/www.aspion.de\/wp-content\/uploads\/2020\/05\/data_logger_airfreight_conformity_IATA_300x250px.jpg\" alt=\"data logger airfreight conformity IATA dangerous goods regulations\" itemprop=\"image\" height=\"250\" width=\"300\" title=\"data logger airfreight conformity IATA dangerous goods regulations\" onerror=\"this.style.display='none'\"  \/>\n\t\t\t\t<\/a>\n<p>Whitepapers and more on accelerations, loads, etc.<\/p>\n\t\t\t<a href=\"https:\/\/www.aspion.de\/en\/aspion-customer-portal-worth-knowing-whitepaper\/\" target=\"_self\">\n\t\t\t\t\t\tto worth knowing\n\t\t\t\t\t<\/a>\n\t\t<h3>FAQ &#038; Support<\/h3>\n\t\t\t\t<img decoding=\"async\" src=\"https:\/\/www.aspion.de\/wp-content\/uploads\/2020\/05\/FAQ_ASPION_data_logger-1024x683.jpg\" alt=\"FAQ_ASPION_data_logger\" itemprop=\"image\" height=\"683\" width=\"1024\" title=\"FAQ_ASPION_data_logger\" onerror=\"this.style.display='none'\"  \/>\n<p>Tips &amp; tricks for data loggers, settings, shipping, etc.<\/p>\n\t\t\t<a href=\"https:\/\/www.aspion.de\/en\/aspion-customer-portal-faq-support\/\" target=\"_self\">\n\t\t\t\t\t\tG-Log \/ G-Log 2\n\t\t\t\t\t<\/a>\n\t\t\t<a href=\"https:\/\/www.aspion.de\/en\/aspion-l-track-faq-support\/\" target=\"_self\">\n\t\t\t\t\t\tL-Track \/ ASPION Cloud\n\t\t\t\t\t<\/a>\n\n","protected":false},"excerpt":{"rendered":"<p>ASPION customer portal &#8211; welcome! You have successfully logged into the ASPION customer portal. Here you will find everything you need to know about ASPION data loggers: PC software, manuals, templates, whitepapers, FAQs, detailed information material, tips &amp; tricks, support and much more. If you have any questions, please contact our support by e-mail at&hellip;<\/p>\n","protected":false},"author":1,"featured_media":0,"parent":0,"menu_order":0,"comment_status":"closed","ping_status":"closed","template":"","meta":{"_acf_changed":false,"footnotes":""},"class_list":["post-13153","page","type-page","status-publish","hentry"],"acf":[],"yoast_head":"<!-- This site is optimized with the Yoast SEO Premium plugin v27.2 (Yoast SEO v27.2) - https:\/\/yoast.com\/product\/yoast-seo-premium-wordpress\/ -->\n<title>ASPION customer portal - logged in<\/title>\n<meta name=\"robots\" content=\"noindex, nofollow\" \/>\n<meta property=\"og:locale\" content=\"en_US\" \/>\n<meta property=\"og:type\" content=\"article\" \/>\n<meta property=\"og:title\" content=\"ASPION customer portal - logged in\" \/>\n<meta property=\"og:description\" content=\"ASPION customer portal &#8211; welcome! You have successfully logged into the ASPION customer portal. Here you will find everything you need to know about ASPION data loggers: PC software, manuals, templates, whitepapers, FAQs, detailed information material, tips &amp; tricks, support and much more. If you have any questions, please contact our support by e-mail at&hellip;\" \/>\n<meta property=\"og:url\" content=\"https:\/\/www.aspion.de\/en\/aspion-customer-portal-logged-in\/\" \/>\n<meta property=\"og:site_name\" content=\"ASPION GmbH \u2013 Profi-Datenlogger f\u00fcr Schock und Sto\u00df - f\u00fcr die Industrie\" \/>\n<meta property=\"article:modified_time\" content=\"2025-08-20T07:31:21+00:00\" \/>\n<meta property=\"og:image\" content=\"https:\/\/www.aspion.de\/wp-content\/uploads\/2017\/10\/ASPION-G-Log_Schocksensor_Transportueberwachung-e1508598833869-300x197.png\" \/>\n<meta name=\"twitter:card\" content=\"summary_large_image\" \/>\n<meta name=\"twitter:label1\" content=\"Est. reading time\" \/>\n\t<meta name=\"twitter:data1\" content=\"1 minute\" \/>\n<script type=\"application\/ld+json\" class=\"yoast-schema-graph\">{\"@context\":\"https:\/\/schema.org\",\"@graph\":[{\"@type\":\"WebPage\",\"@id\":\"https:\/\/www.aspion.de\/en\/aspion-customer-portal-logged-in\/\",\"url\":\"https:\/\/www.aspion.de\/en\/aspion-customer-portal-logged-in\/\",\"name\":\"ASPION customer portal - logged in\",\"isPartOf\":{\"@id\":\"https:\/\/www.aspion.de\/en\/#website\"},\"primaryImageOfPage\":{\"@id\":\"https:\/\/www.aspion.de\/en\/aspion-customer-portal-logged-in\/#primaryimage\"},\"image\":{\"@id\":\"https:\/\/www.aspion.de\/en\/aspion-customer-portal-logged-in\/#primaryimage\"},\"thumbnailUrl\":\"https:\/\/www.aspion.de\/wp-content\/uploads\/2017\/10\/ASPION-G-Log_Schocksensor_Transportueberwachung-e1508598833869-300x197.png\",\"datePublished\":\"2016-06-24T14:26:12+00:00\",\"dateModified\":\"2025-08-20T07:31:21+00:00\",\"breadcrumb\":{\"@id\":\"https:\/\/www.aspion.de\/en\/aspion-customer-portal-logged-in\/#breadcrumb\"},\"inLanguage\":\"en-US\",\"potentialAction\":[{\"@type\":\"ReadAction\",\"target\":[\"https:\/\/www.aspion.de\/en\/aspion-customer-portal-logged-in\/\"]}]},{\"@type\":\"ImageObject\",\"inLanguage\":\"en-US\",\"@id\":\"https:\/\/www.aspion.de\/en\/aspion-customer-portal-logged-in\/#primaryimage\",\"url\":\"https:\/\/www.aspion.de\/wp-content\/uploads\/2017\/10\/ASPION-G-Log_Schocksensor_Transportueberwachung-e1508598833869-300x197.png\",\"contentUrl\":\"https:\/\/www.aspion.de\/wp-content\/uploads\/2017\/10\/ASPION-G-Log_Schocksensor_Transportueberwachung-e1508598833869-300x197.png\"},{\"@type\":\"BreadcrumbList\",\"@id\":\"https:\/\/www.aspion.de\/en\/aspion-customer-portal-logged-in\/#breadcrumb\",\"itemListElement\":[{\"@type\":\"ListItem\",\"position\":1,\"name\":\"Startseite\",\"item\":\"https:\/\/www.aspion.de\/en\/\"},{\"@type\":\"ListItem\",\"position\":2,\"name\":\"ASPION customer portal &#8211; logged in\"}]},{\"@type\":\"WebSite\",\"@id\":\"https:\/\/www.aspion.de\/en\/#website\",\"url\":\"https:\/\/www.aspion.de\/en\/\",\"name\":\"ASPION GmbH \u2013 Profi-Datenlogger f\u00fcr Schock und Sto\u00df - f\u00fcr die Industrie\",\"description\":\"Datenlogger f\u00fcr Transport\u00fcberwachung von Schock, Temperatur, Feuchte - einfach, kosteng\u00fcnstig, nachhaltig, made in Germany.\",\"publisher\":{\"@id\":\"https:\/\/www.aspion.de\/en\/#organization\"},\"potentialAction\":[{\"@type\":\"SearchAction\",\"target\":{\"@type\":\"EntryPoint\",\"urlTemplate\":\"https:\/\/www.aspion.de\/en\/?s={search_term_string}\"},\"query-input\":{\"@type\":\"PropertyValueSpecification\",\"valueRequired\":true,\"valueName\":\"search_term_string\"}}],\"inLanguage\":\"en-US\"},{\"@type\":[\"Organization\",\"Place\"],\"@id\":\"https:\/\/www.aspion.de\/en\/#organization\",\"name\":\"ASPION GmbH\",\"url\":\"https:\/\/www.aspion.de\/en\/\",\"logo\":{\"@id\":\"https:\/\/www.aspion.de\/en\/aspion-customer-portal-logged-in\/#local-main-organization-logo\"},\"image\":{\"@id\":\"https:\/\/www.aspion.de\/en\/aspion-customer-portal-logged-in\/#local-main-organization-logo\"},\"sameAs\":[\"https:\/\/www.linkedin.com\/company\/aspion-gmbh\",\"https:\/\/www.youtube.com\/channel\/UCyPrXy8bNbXMKcp_MQEor3w\"],\"address\":{\"@id\":\"https:\/\/www.aspion.de\/en\/aspion-customer-portal-logged-in\/#local-main-place-address\"},\"telephone\":[\"+49 721 85149-122\"],\"openingHoursSpecification\":[{\"@type\":\"OpeningHoursSpecification\",\"dayOfWeek\":[\"Monday\",\"Tuesday\",\"Wednesday\",\"Thursday\",\"Friday\",\"Saturday\",\"Sunday\"],\"opens\":\"09:00\",\"closes\":\"17:00\"}],\"email\":\"info@aspion.de\",\"faxNumber\":\"+49 721 85149-090\"},{\"@type\":\"PostalAddress\",\"@id\":\"https:\/\/www.aspion.de\/en\/aspion-customer-portal-logged-in\/#local-main-place-address\",\"streetAddress\":\"Ohiostra\u00dfe 11\",\"addressLocality\":\"Karlsruhe\",\"postalCode\":\"76149\",\"addressRegion\":\"Baden-W\u00fcrttemberg\",\"addressCountry\":\"DE\"},{\"@type\":\"ImageObject\",\"inLanguage\":\"en-US\",\"@id\":\"https:\/\/www.aspion.de\/en\/aspion-customer-portal-logged-in\/#local-main-organization-logo\",\"url\":\"https:\/\/www.aspion.de\/wp-content\/uploads\/2014\/05\/Aspion_GmbH_Active_SensorsPositioning_Logo_1.png\",\"contentUrl\":\"https:\/\/www.aspion.de\/wp-content\/uploads\/2014\/05\/Aspion_GmbH_Active_SensorsPositioning_Logo_1.png\",\"width\":280,\"height\":71,\"caption\":\"ASPION GmbH\"}]}<\/script>\n<meta name=\"geo.placename\" content=\"Karlsruhe\" \/>\n<meta name=\"geo.region\" content=\"Germany\" \/>\n<!-- \/ Yoast SEO Premium plugin. -->","yoast_head_json":{"title":"ASPION customer portal - logged in","robots":{"index":"noindex","follow":"nofollow"},"og_locale":"en_US","og_type":"article","og_title":"ASPION customer portal - logged in","og_description":"ASPION customer portal &#8211; welcome! You have successfully logged into the ASPION customer portal. Here you will find everything you need to know about ASPION data loggers: PC software, manuals, templates, whitepapers, FAQs, detailed information material, tips &amp; tricks, support and much more. If you have any questions, please contact our support by e-mail at&hellip;","og_url":"https:\/\/www.aspion.de\/en\/aspion-customer-portal-logged-in\/","og_site_name":"ASPION GmbH \u2013 Profi-Datenlogger f\u00fcr Schock und Sto\u00df - f\u00fcr die Industrie","article_modified_time":"2025-08-20T07:31:21+00:00","og_image":[{"url":"https:\/\/www.aspion.de\/wp-content\/uploads\/2017\/10\/ASPION-G-Log_Schocksensor_Transportueberwachung-e1508598833869-300x197.png","type":"","width":"","height":""}],"twitter_card":"summary_large_image","twitter_misc":{"Est. reading time":"1 minute"},"schema":{"@context":"https:\/\/schema.org","@graph":[{"@type":"WebPage","@id":"https:\/\/www.aspion.de\/en\/aspion-customer-portal-logged-in\/","url":"https:\/\/www.aspion.de\/en\/aspion-customer-portal-logged-in\/","name":"ASPION customer portal - logged in","isPartOf":{"@id":"https:\/\/www.aspion.de\/en\/#website"},"primaryImageOfPage":{"@id":"https:\/\/www.aspion.de\/en\/aspion-customer-portal-logged-in\/#primaryimage"},"image":{"@id":"https:\/\/www.aspion.de\/en\/aspion-customer-portal-logged-in\/#primaryimage"},"thumbnailUrl":"https:\/\/www.aspion.de\/wp-content\/uploads\/2017\/10\/ASPION-G-Log_Schocksensor_Transportueberwachung-e1508598833869-300x197.png","datePublished":"2016-06-24T14:26:12+00:00","dateModified":"2025-08-20T07:31:21+00:00","breadcrumb":{"@id":"https:\/\/www.aspion.de\/en\/aspion-customer-portal-logged-in\/#breadcrumb"},"inLanguage":"en-US","potentialAction":[{"@type":"ReadAction","target":["https:\/\/www.aspion.de\/en\/aspion-customer-portal-logged-in\/"]}]},{"@type":"ImageObject","inLanguage":"en-US","@id":"https:\/\/www.aspion.de\/en\/aspion-customer-portal-logged-in\/#primaryimage","url":"https:\/\/www.aspion.de\/wp-content\/uploads\/2017\/10\/ASPION-G-Log_Schocksensor_Transportueberwachung-e1508598833869-300x197.png","contentUrl":"https:\/\/www.aspion.de\/wp-content\/uploads\/2017\/10\/ASPION-G-Log_Schocksensor_Transportueberwachung-e1508598833869-300x197.png"},{"@type":"BreadcrumbList","@id":"https:\/\/www.aspion.de\/en\/aspion-customer-portal-logged-in\/#breadcrumb","itemListElement":[{"@type":"ListItem","position":1,"name":"Startseite","item":"https:\/\/www.aspion.de\/en\/"},{"@type":"ListItem","position":2,"name":"ASPION customer portal &#8211; logged in"}]},{"@type":"WebSite","@id":"https:\/\/www.aspion.de\/en\/#website","url":"https:\/\/www.aspion.de\/en\/","name":"ASPION GmbH \u2013 Profi-Datenlogger f\u00fcr Schock und Sto\u00df - f\u00fcr die Industrie","description":"Datenlogger f\u00fcr Transport\u00fcberwachung von Schock, Temperatur, Feuchte - einfach, kosteng\u00fcnstig, nachhaltig, made in Germany.","publisher":{"@id":"https:\/\/www.aspion.de\/en\/#organization"},"potentialAction":[{"@type":"SearchAction","target":{"@type":"EntryPoint","urlTemplate":"https:\/\/www.aspion.de\/en\/?s={search_term_string}"},"query-input":{"@type":"PropertyValueSpecification","valueRequired":true,"valueName":"search_term_string"}}],"inLanguage":"en-US"},{"@type":["Organization","Place"],"@id":"https:\/\/www.aspion.de\/en\/#organization","name":"ASPION GmbH","url":"https:\/\/www.aspion.de\/en\/","logo":{"@id":"https:\/\/www.aspion.de\/en\/aspion-customer-portal-logged-in\/#local-main-organization-logo"},"image":{"@id":"https:\/\/www.aspion.de\/en\/aspion-customer-portal-logged-in\/#local-main-organization-logo"},"sameAs":["https:\/\/www.linkedin.com\/company\/aspion-gmbh","https:\/\/www.youtube.com\/channel\/UCyPrXy8bNbXMKcp_MQEor3w"],"address":{"@id":"https:\/\/www.aspion.de\/en\/aspion-customer-portal-logged-in\/#local-main-place-address"},"telephone":["+49 721 85149-122"],"openingHoursSpecification":[{"@type":"OpeningHoursSpecification","dayOfWeek":["Monday","Tuesday","Wednesday","Thursday","Friday","Saturday","Sunday"],"opens":"09:00","closes":"17:00"}],"email":"info@aspion.de","faxNumber":"+49 721 85149-090"},{"@type":"PostalAddress","@id":"https:\/\/www.aspion.de\/en\/aspion-customer-portal-logged-in\/#local-main-place-address","streetAddress":"Ohiostra\u00dfe 11","addressLocality":"Karlsruhe","postalCode":"76149","addressRegion":"Baden-W\u00fcrttemberg","addressCountry":"DE"},{"@type":"ImageObject","inLanguage":"en-US","@id":"https:\/\/www.aspion.de\/en\/aspion-customer-portal-logged-in\/#local-main-organization-logo","url":"https:\/\/www.aspion.de\/wp-content\/uploads\/2014\/05\/Aspion_GmbH_Active_SensorsPositioning_Logo_1.png","contentUrl":"https:\/\/www.aspion.de\/wp-content\/uploads\/2014\/05\/Aspion_GmbH_Active_SensorsPositioning_Logo_1.png","width":280,"height":71,"caption":"ASPION GmbH"}]},"geo.placename":"Karlsruhe","geo.region":"Germany"},"_links":{"self":[{"href":"https:\/\/www.aspion.de\/en\/wp-json\/wp\/v2\/pages\/13153","targetHints":{"allow":["GET"]}}],"collection":[{"href":"https:\/\/www.aspion.de\/en\/wp-json\/wp\/v2\/pages"}],"about":[{"href":"https:\/\/www.aspion.de\/en\/wp-json\/wp\/v2\/types\/page"}],"author":[{"embeddable":true,"href":"https:\/\/www.aspion.de\/en\/wp-json\/wp\/v2\/users\/1"}],"replies":[{"embeddable":true,"href":"https:\/\/www.aspion.de\/en\/wp-json\/wp\/v2\/comments?post=13153"}],"version-history":[{"count":86,"href":"https:\/\/www.aspion.de\/en\/wp-json\/wp\/v2\/pages\/13153\/revisions"}],"predecessor-version":[{"id":23751,"href":"https:\/\/www.aspion.de\/en\/wp-json\/wp\/v2\/pages\/13153\/revisions\/23751"}],"wp:attachment":[{"href":"https:\/\/www.aspion.de\/en\/wp-json\/wp\/v2\/media?parent=13153"}],"curies":[{"name":"wp","href":"https:\/\/api.w.org\/{rel}","templated":true}]}}