{"id":13163,"date":"2018-06-16T11:54:08","date_gmt":"2018-06-16T10:54:08","guid":{"rendered":"http:\/\/aspion.de.w01957cf.kasserver.com\/aspion-kundenportal-wissenswertes-whitepaper\/"},"modified":"2024-09-23T11:54:23","modified_gmt":"2024-09-23T10:54:23","slug":"aspion-customer-portal-worth-knowing-whitepaper","status":"publish","type":"page","link":"https:\/\/www.aspion.de\/en\/aspion-customer-portal-worth-knowing-whitepaper\/","title":{"rendered":"ASPION Customer Portal &#8211; Worth knowing &#038; Whitepaper"},"content":{"rendered":"\n<h1>\n\t\tASPION customer portal &#8211; Worth knowing\n\t<\/h1>\n\t<p>With our whitepapers and other material on various topics related to transport, we want to provide you with valuable background information. Here you can find out, for example, which accelerations occur or which loads goods can be exposed to in intermodal transport. In addition, a video shows a shaker that performs an acceleration of 6 g. We wish you informative reading! If you have any questions, please do not hesitate to contact us via our <a href=\"https:\/\/www.aspion.de\/en\/aspion-customer-portal-faq-support\/\">support<\/a> or the <a href=\"https:\/\/www.aspion.de\/en\/contact\/\">contact form<\/a>.<\/p>\n\t<div id=\"wppb-login-wrap\" class=\"wppb-user-forms\">\n\t\t<form name=\"wppb-loginform\" id=\"wppb-loginform\" class=\"\" action=\"https:\/\/www.aspion.de\/en\/wp-json\/wp\/v2\/pages\/13163\" method=\"post\">\n\t\t\t\n\t\t\t<p class=\"wppb-form-field login-username\">\n\t\t\t\t<label for=\"wppb_user_login\">Email<\/label>\n\t\t\t\t<input type=\"email\" name=\"log\" id=\"wppb_user_login\" class=\"input\" value=\"\" size=\"20\" \/>\n\t\t\t<\/p>\n\t\t\t<p class=\"wppb-form-field login-password\">\n\t\t\t\t<label for=\"wppb_user_pass\">Password<\/label>\n\t\t\t\t<span class=\"wppb-password-field-container\">\n\t\t\t\t    <input type=\"password\" name=\"pwd\" id=\"wppb_user_pass\" class=\"input\" value=\"\" size=\"20\" \/>\n\t\t\t\t     <!-- add the HTML for the visibility toggle -->\n\t\t\t\t<\/span>\n            <\/p>\n\t\t\t\n\t\t\t\n\t\t\t<p class=\"wppb-form-field login-remember\"><input name=\"rememberme\" type=\"checkbox\" id=\"rememberme\" value=\"forever\" \/><label for=\"rememberme\">Remember Me<\/label><\/p>\n\t\t\t<p class=\"login-submit form-submit\">\n\t\t\t\t<input type=\"submit\" name=\"wp-submit\" id=\"wppb-submit\" class=\"button button-primary\" value=\"Log In\"\" \/>\n\t\t\t\t<input type=\"hidden\" name=\"redirect_to\" value=\"https:\/\/www.aspion.de\/en\/wp-json\/wp\/v2\/pages\/13163\" \/>\n\t\t\t<\/p>\n\t\t\t<input type=\"hidden\" name=\"wppb_login\" value=\"true\"\/>\n\t\t\t<input type=\"hidden\" name=\"wppb_form_location\" value=\"widget\"\/>\n\t\t\t<input type=\"hidden\" name=\"wppb_request_url\" value=\"https:\/\/www.aspion.de\/en\/wp-json\/wp\/v2\/pages\/13163\"\/>\n\t\t\t<input type=\"hidden\" name=\"wppb_lostpassword_url\" value=\"\"\/>\n\t\t\t<input type=\"hidden\" name=\"wppb_redirect_priority\" value=\"\"\/>\n\t\t\t<input type=\"hidden\" name=\"wppb_referer_url\" value=\"\"\/>\n\t\t\t<input type=\"hidden\" id=\"CSRFToken-wppb\" name=\"CSRFToken-wppb\" value=\"6960f504c4\" \/><input type=\"hidden\" name=\"_wp_http_referer\" value=\"\/en\/wp-json\/wp\/v2\/pages\/13163\" \/>\n\t\t\t<input type=\"hidden\" name=\"wppb_redirect_check\" value=\"true\"\/>\n\t\t\t\n\t\t<\/form><script>window.onload = function() { jQuery(document).ready(function($) { $(\"input[name=\\\"log\\\"]\").on(\"keyup\", function() { $(this).val( $.trim($(this).val()) ); }); }); }<\/script><\/div>\n<h3>\n\t\tTransport regulations regarding batteries and transmitter functions\n\t<\/h3>\n\t<p>Lithium batteries are classified as dangerous goods in international transport rights. This means that they are subject to a wide range of regulations for the transport of dangerous goods. <strong>ASPION G-Log data loggers<\/strong> also use lithium metal button cells. In the case of air freight transport, additional transmission functions are also important.<\/p>\n<p>The good news first: Due to ADR 2021 section 5.5.4.1, <strong>ASPION G-Log data loggers are exempt from the obligation to label batteries. Bluetooth operation in accordance with IATA DGR is also permitted for air freight transport<\/strong>.<\/p>\n<p>The <a href=\"https:\/\/www.aspion.de\/wp-content\/uploads\/2021\/03\/ASPION_Data-logger_and_transport_regulations.pdf\" target=\"_blank\" rel=\"noopener\">document ASPION Data Loggers and Transport Regulations<\/a> explains the background and regulations in detail, links to important information and gives useful practical advice. Please note that the document illuminates the view on regulations as a company based in Europe and may differ in other countries.<\/p>\n\t\t\t<a href=\"https:\/\/www.aspion.de\/wp-content\/uploads\/2021\/03\/ASPION_Data-logger_and_transport_regulations.pdf\" target=\"_blank\" rel=\"noopener\">\n\t\t\t\t\t\tASPION data loggers and transport regulations\n\t\t\t\t\t<\/a>\n\t\t\t\t<a href=\"https:\/\/www.aspion.de\/wp-content\/uploads\/2021\/03\/ASPION_Data-logger_and_transport_regulations.pdf\" target=\"_blank\" rel=\"noopener\" itemprop=\"url\">\n\t\t\t\t<img decoding=\"async\" src=\"https:\/\/www.aspion.de\/wp-content\/uploads\/2020\/04\/ASPION_Transportregularien_Presse_rgb12x10cm.jpg\" alt=\"ASPION_Transportregularien_Presse_rgb12x10cm\" itemprop=\"image\" height=\"1181\" width=\"1417\" title=\"ASPION_Transportregularien_Presse_rgb12x10cm\" onerror=\"this.style.display='none'\"  \/>\n\t\t\t\t<\/a>\n\t<p>&nbsp;<\/p>\n\t\t\t<a href=\"https:\/\/www.aspion.de\/wp-content\/uploads\/2020\/02\/Panasonic_Lithium_Battery_Test_Summary_UN38.3_CR-2032.pdf\" target=\"_blank\" rel=\"noopener\">\n\t\t\t\t\t\tUN 38-3 Test-Summary Panasonic CR2032\n\t\t\t\t\t<\/a>\n\t\t\t\t<img decoding=\"async\" src=\"https:\/\/www.aspion.de\/wp-content\/uploads\/2018\/06\/GlobalerWarenverkehrBelastungen.jpg\" alt=\"Belastungen beim globalen Warenverkehr \u00a9 ASPION\" itemprop=\"image\" height=\"579\" width=\"981\" title=\"Belastungen beim globalen Warenverkehr \u00a9 ASPION\" onerror=\"this.style.display='none'\"  \/>\n<h3>\n\t\tLoads during the global transport of goods\n\t<\/h3>\n\t<p>In globalised goods traffic, around one in three deliveries is rejected due to transport damage. You can read about the stresses that export goods are exposed to per se when transported by truck, ship or air freight, the accelerations that occur, for example, when handling containers, and how to find the right settings for the use of digital data loggers in our white paper &#8211; with the kind support of GDV, Gesamtverband der Deutschen Versicherungswirtschaft e.V. (German Insurance Association).<\/p>\n\t\t\t<a href=\"https:\/\/www.aspion.de\/wp-content\/uploads\/2022\/01\/ASPION_Whitepaper_Loads_on_tranported_goods.pdf\" target=\"_blank\" rel=\"noopener\">\n\t\t\t\t\t\tLoads on transported goods\n\t\t\t\t\t<\/a>\n<h3>\n\t\tEffect of accelerations\n\t<\/h3>\n\t<p>The whitepaper gives you some hints on the effect of accelerations with some examples.<\/p>\n\t\t\t<a href=\"https:\/\/www.aspion.de\/wp-content\/uploads\/2017\/09\/ASPION_Whitepaper_Effect_of_accelerations_Examples.pdf\" target=\"_blank\" rel=\"noopener\">\n\t\t\t\t\t\tEffects of accelerations\n\t\t\t\t\t<\/a>\n<h3>\n\t\tWhat does an acceleration of 6 g look like?\n\t<\/h3>\n\t<p>The following film shows a comparison measurement of ASPION G-Log shock sensors, which was carried out at the Fraunhofer Institute ICT with a so-called shaker. Six ASPION G-Log shock sensors were mounted on the shaker and subjected to an acceleration of \u00b1 6 g. The shaker was used for the measurement of the G-Log shock sensor. The values recorded by the sensors deviate on average by only 2.5 % from the acceleration values recorded by the shaker. A measurement directly on the acceleration sensor shows that the housing does not attenuate the shock value.<\/p>\n\t\t\t\t<a href=\"https:\/\/www.youtube.com\/watch?v=40feGscSfuA\" target=\"_blank\" rel=\"noopener\" itemprop=\"url\">\n\t\t\t\t<img decoding=\"async\" src=\"https:\/\/www.aspion.de\/wp-content\/uploads\/2016\/07\/Vergleichsmessung_ASPION_G-Log-Shaker_YouTube.png\" alt=\"Vergleichsmessung_ASPION_G-Log-Shaker_YouTube\" itemprop=\"image\" height=\"216\" width=\"400\" title=\"Vergleichsmessung_ASPION_G-Log-Shaker_YouTube\" onerror=\"this.style.display='none'\"  \/>\n\t\t\t\t<\/a>\n\n","protected":false},"excerpt":{"rendered":"<p>ASPION customer portal &#8211; Worth knowing With our whitepapers and other material on various topics related to transport, we want to provide you with valuable background information. Here you can find out, for example, which accelerations occur or which loads goods can be exposed to in intermodal transport. In addition, a video shows a shaker&hellip;<\/p>\n","protected":false},"author":1,"featured_media":0,"parent":0,"menu_order":0,"comment_status":"closed","ping_status":"closed","template":"","meta":{"_acf_changed":false,"footnotes":""},"class_list":["post-13163","page","type-page","status-publish","hentry"],"acf":[],"yoast_head":"<!-- This site is optimized with the Yoast SEO Premium plugin v27.2 (Yoast SEO v27.2) - https:\/\/yoast.com\/product\/yoast-seo-premium-wordpress\/ -->\n<title>ASPION Customer Portal - Worth knowing &amp; Whitepaper<\/title>\n<meta name=\"robots\" content=\"noindex, nofollow\" \/>\n<meta property=\"og:locale\" content=\"en_US\" \/>\n<meta property=\"og:type\" content=\"article\" \/>\n<meta property=\"og:title\" content=\"ASPION Customer Portal - Worth knowing &amp; Whitepaper\" \/>\n<meta property=\"og:description\" content=\"ASPION customer portal &#8211; Worth knowing With our whitepapers and other material on various topics related to transport, we want to provide you with valuable background information. Here you can find out, for example, which accelerations occur or which loads goods can be exposed to in intermodal transport. In addition, a video shows a shaker&hellip;\" \/>\n<meta property=\"og:url\" content=\"https:\/\/www.aspion.de\/en\/aspion-customer-portal-worth-knowing-whitepaper\/\" \/>\n<meta property=\"og:site_name\" content=\"ASPION GmbH \u2013 Profi-Datenlogger f\u00fcr Schock und Sto\u00df - f\u00fcr die Industrie\" \/>\n<meta property=\"article:modified_time\" content=\"2024-09-23T10:54:23+00:00\" \/>\n<meta property=\"og:image\" content=\"https:\/\/www.aspion.de\/wp-content\/uploads\/2020\/04\/ASPION_Transportregularien_Presse_rgb12x10cm.jpg\" \/>\n<meta name=\"twitter:card\" content=\"summary_large_image\" \/>\n<meta name=\"twitter:label1\" content=\"Est. reading time\" \/>\n\t<meta name=\"twitter:data1\" content=\"2 minutes\" \/>\n<script type=\"application\/ld+json\" class=\"yoast-schema-graph\">{\"@context\":\"https:\/\/schema.org\",\"@graph\":[{\"@type\":\"WebPage\",\"@id\":\"https:\/\/www.aspion.de\/en\/aspion-customer-portal-worth-knowing-whitepaper\/\",\"url\":\"https:\/\/www.aspion.de\/en\/aspion-customer-portal-worth-knowing-whitepaper\/\",\"name\":\"ASPION Customer Portal - Worth knowing & Whitepaper\",\"isPartOf\":{\"@id\":\"https:\/\/www.aspion.de\/en\/#website\"},\"primaryImageOfPage\":{\"@id\":\"https:\/\/www.aspion.de\/en\/aspion-customer-portal-worth-knowing-whitepaper\/#primaryimage\"},\"image\":{\"@id\":\"https:\/\/www.aspion.de\/en\/aspion-customer-portal-worth-knowing-whitepaper\/#primaryimage\"},\"thumbnailUrl\":\"https:\/\/www.aspion.de\/wp-content\/uploads\/2020\/04\/ASPION_Transportregularien_Presse_rgb12x10cm.jpg\",\"datePublished\":\"2018-06-16T10:54:08+00:00\",\"dateModified\":\"2024-09-23T10:54:23+00:00\",\"breadcrumb\":{\"@id\":\"https:\/\/www.aspion.de\/en\/aspion-customer-portal-worth-knowing-whitepaper\/#breadcrumb\"},\"inLanguage\":\"en-US\",\"potentialAction\":[{\"@type\":\"ReadAction\",\"target\":[\"https:\/\/www.aspion.de\/en\/aspion-customer-portal-worth-knowing-whitepaper\/\"]}]},{\"@type\":\"ImageObject\",\"inLanguage\":\"en-US\",\"@id\":\"https:\/\/www.aspion.de\/en\/aspion-customer-portal-worth-knowing-whitepaper\/#primaryimage\",\"url\":\"https:\/\/www.aspion.de\/wp-content\/uploads\/2020\/04\/ASPION_Transportregularien_Presse_rgb12x10cm.jpg\",\"contentUrl\":\"https:\/\/www.aspion.de\/wp-content\/uploads\/2020\/04\/ASPION_Transportregularien_Presse_rgb12x10cm.jpg\"},{\"@type\":\"BreadcrumbList\",\"@id\":\"https:\/\/www.aspion.de\/en\/aspion-customer-portal-worth-knowing-whitepaper\/#breadcrumb\",\"itemListElement\":[{\"@type\":\"ListItem\",\"position\":1,\"name\":\"Startseite\",\"item\":\"https:\/\/www.aspion.de\/en\/\"},{\"@type\":\"ListItem\",\"position\":2,\"name\":\"ASPION Customer Portal &#8211; Worth knowing &#038; Whitepaper\"}]},{\"@type\":\"WebSite\",\"@id\":\"https:\/\/www.aspion.de\/en\/#website\",\"url\":\"https:\/\/www.aspion.de\/en\/\",\"name\":\"ASPION GmbH \u2013 Profi-Datenlogger f\u00fcr Schock und Sto\u00df - f\u00fcr die Industrie\",\"description\":\"Datenlogger f\u00fcr Transport\u00fcberwachung von Schock, Temperatur, Feuchte - einfach, kosteng\u00fcnstig, nachhaltig, made in Germany.\",\"publisher\":{\"@id\":\"https:\/\/www.aspion.de\/en\/#organization\"},\"potentialAction\":[{\"@type\":\"SearchAction\",\"target\":{\"@type\":\"EntryPoint\",\"urlTemplate\":\"https:\/\/www.aspion.de\/en\/?s={search_term_string}\"},\"query-input\":{\"@type\":\"PropertyValueSpecification\",\"valueRequired\":true,\"valueName\":\"search_term_string\"}}],\"inLanguage\":\"en-US\"},{\"@type\":[\"Organization\",\"Place\"],\"@id\":\"https:\/\/www.aspion.de\/en\/#organization\",\"name\":\"ASPION GmbH\",\"url\":\"https:\/\/www.aspion.de\/en\/\",\"logo\":{\"@id\":\"https:\/\/www.aspion.de\/en\/aspion-customer-portal-worth-knowing-whitepaper\/#local-main-organization-logo\"},\"image\":{\"@id\":\"https:\/\/www.aspion.de\/en\/aspion-customer-portal-worth-knowing-whitepaper\/#local-main-organization-logo\"},\"sameAs\":[\"https:\/\/www.linkedin.com\/company\/aspion-gmbh\",\"https:\/\/www.youtube.com\/channel\/UCyPrXy8bNbXMKcp_MQEor3w\"],\"address\":{\"@id\":\"https:\/\/www.aspion.de\/en\/aspion-customer-portal-worth-knowing-whitepaper\/#local-main-place-address\"},\"telephone\":[\"+49 721 85149-122\"],\"openingHoursSpecification\":[{\"@type\":\"OpeningHoursSpecification\",\"dayOfWeek\":[\"Monday\",\"Tuesday\",\"Wednesday\",\"Thursday\",\"Friday\",\"Saturday\",\"Sunday\"],\"opens\":\"09:00\",\"closes\":\"17:00\"}],\"email\":\"info@aspion.de\",\"faxNumber\":\"+49 721 85149-090\"},{\"@type\":\"PostalAddress\",\"@id\":\"https:\/\/www.aspion.de\/en\/aspion-customer-portal-worth-knowing-whitepaper\/#local-main-place-address\",\"streetAddress\":\"Ohiostra\u00dfe 11\",\"addressLocality\":\"Karlsruhe\",\"postalCode\":\"76149\",\"addressRegion\":\"Baden-W\u00fcrttemberg\",\"addressCountry\":\"DE\"},{\"@type\":\"ImageObject\",\"inLanguage\":\"en-US\",\"@id\":\"https:\/\/www.aspion.de\/en\/aspion-customer-portal-worth-knowing-whitepaper\/#local-main-organization-logo\",\"url\":\"https:\/\/www.aspion.de\/wp-content\/uploads\/2014\/05\/Aspion_GmbH_Active_SensorsPositioning_Logo_1.png\",\"contentUrl\":\"https:\/\/www.aspion.de\/wp-content\/uploads\/2014\/05\/Aspion_GmbH_Active_SensorsPositioning_Logo_1.png\",\"width\":280,\"height\":71,\"caption\":\"ASPION GmbH\"}]}<\/script>\n<meta name=\"geo.placename\" content=\"Karlsruhe\" \/>\n<meta name=\"geo.region\" content=\"Germany\" \/>\n<!-- \/ Yoast SEO Premium plugin. -->","yoast_head_json":{"title":"ASPION Customer Portal - Worth knowing & Whitepaper","robots":{"index":"noindex","follow":"nofollow"},"og_locale":"en_US","og_type":"article","og_title":"ASPION Customer Portal - Worth knowing & Whitepaper","og_description":"ASPION customer portal &#8211; Worth knowing With our whitepapers and other material on various topics related to transport, we want to provide you with valuable background information. Here you can find out, for example, which accelerations occur or which loads goods can be exposed to in intermodal transport. In addition, a video shows a shaker&hellip;","og_url":"https:\/\/www.aspion.de\/en\/aspion-customer-portal-worth-knowing-whitepaper\/","og_site_name":"ASPION GmbH \u2013 Profi-Datenlogger f\u00fcr Schock und Sto\u00df - f\u00fcr die Industrie","article_modified_time":"2024-09-23T10:54:23+00:00","og_image":[{"url":"https:\/\/www.aspion.de\/wp-content\/uploads\/2020\/04\/ASPION_Transportregularien_Presse_rgb12x10cm.jpg","type":"","width":"","height":""}],"twitter_card":"summary_large_image","twitter_misc":{"Est. reading time":"2 minutes"},"schema":{"@context":"https:\/\/schema.org","@graph":[{"@type":"WebPage","@id":"https:\/\/www.aspion.de\/en\/aspion-customer-portal-worth-knowing-whitepaper\/","url":"https:\/\/www.aspion.de\/en\/aspion-customer-portal-worth-knowing-whitepaper\/","name":"ASPION Customer Portal - Worth knowing & Whitepaper","isPartOf":{"@id":"https:\/\/www.aspion.de\/en\/#website"},"primaryImageOfPage":{"@id":"https:\/\/www.aspion.de\/en\/aspion-customer-portal-worth-knowing-whitepaper\/#primaryimage"},"image":{"@id":"https:\/\/www.aspion.de\/en\/aspion-customer-portal-worth-knowing-whitepaper\/#primaryimage"},"thumbnailUrl":"https:\/\/www.aspion.de\/wp-content\/uploads\/2020\/04\/ASPION_Transportregularien_Presse_rgb12x10cm.jpg","datePublished":"2018-06-16T10:54:08+00:00","dateModified":"2024-09-23T10:54:23+00:00","breadcrumb":{"@id":"https:\/\/www.aspion.de\/en\/aspion-customer-portal-worth-knowing-whitepaper\/#breadcrumb"},"inLanguage":"en-US","potentialAction":[{"@type":"ReadAction","target":["https:\/\/www.aspion.de\/en\/aspion-customer-portal-worth-knowing-whitepaper\/"]}]},{"@type":"ImageObject","inLanguage":"en-US","@id":"https:\/\/www.aspion.de\/en\/aspion-customer-portal-worth-knowing-whitepaper\/#primaryimage","url":"https:\/\/www.aspion.de\/wp-content\/uploads\/2020\/04\/ASPION_Transportregularien_Presse_rgb12x10cm.jpg","contentUrl":"https:\/\/www.aspion.de\/wp-content\/uploads\/2020\/04\/ASPION_Transportregularien_Presse_rgb12x10cm.jpg"},{"@type":"BreadcrumbList","@id":"https:\/\/www.aspion.de\/en\/aspion-customer-portal-worth-knowing-whitepaper\/#breadcrumb","itemListElement":[{"@type":"ListItem","position":1,"name":"Startseite","item":"https:\/\/www.aspion.de\/en\/"},{"@type":"ListItem","position":2,"name":"ASPION Customer Portal &#8211; Worth knowing &#038; Whitepaper"}]},{"@type":"WebSite","@id":"https:\/\/www.aspion.de\/en\/#website","url":"https:\/\/www.aspion.de\/en\/","name":"ASPION GmbH \u2013 Profi-Datenlogger f\u00fcr Schock und Sto\u00df - f\u00fcr die Industrie","description":"Datenlogger f\u00fcr Transport\u00fcberwachung von Schock, Temperatur, Feuchte - einfach, kosteng\u00fcnstig, nachhaltig, made in Germany.","publisher":{"@id":"https:\/\/www.aspion.de\/en\/#organization"},"potentialAction":[{"@type":"SearchAction","target":{"@type":"EntryPoint","urlTemplate":"https:\/\/www.aspion.de\/en\/?s={search_term_string}"},"query-input":{"@type":"PropertyValueSpecification","valueRequired":true,"valueName":"search_term_string"}}],"inLanguage":"en-US"},{"@type":["Organization","Place"],"@id":"https:\/\/www.aspion.de\/en\/#organization","name":"ASPION GmbH","url":"https:\/\/www.aspion.de\/en\/","logo":{"@id":"https:\/\/www.aspion.de\/en\/aspion-customer-portal-worth-knowing-whitepaper\/#local-main-organization-logo"},"image":{"@id":"https:\/\/www.aspion.de\/en\/aspion-customer-portal-worth-knowing-whitepaper\/#local-main-organization-logo"},"sameAs":["https:\/\/www.linkedin.com\/company\/aspion-gmbh","https:\/\/www.youtube.com\/channel\/UCyPrXy8bNbXMKcp_MQEor3w"],"address":{"@id":"https:\/\/www.aspion.de\/en\/aspion-customer-portal-worth-knowing-whitepaper\/#local-main-place-address"},"telephone":["+49 721 85149-122"],"openingHoursSpecification":[{"@type":"OpeningHoursSpecification","dayOfWeek":["Monday","Tuesday","Wednesday","Thursday","Friday","Saturday","Sunday"],"opens":"09:00","closes":"17:00"}],"email":"info@aspion.de","faxNumber":"+49 721 85149-090"},{"@type":"PostalAddress","@id":"https:\/\/www.aspion.de\/en\/aspion-customer-portal-worth-knowing-whitepaper\/#local-main-place-address","streetAddress":"Ohiostra\u00dfe 11","addressLocality":"Karlsruhe","postalCode":"76149","addressRegion":"Baden-W\u00fcrttemberg","addressCountry":"DE"},{"@type":"ImageObject","inLanguage":"en-US","@id":"https:\/\/www.aspion.de\/en\/aspion-customer-portal-worth-knowing-whitepaper\/#local-main-organization-logo","url":"https:\/\/www.aspion.de\/wp-content\/uploads\/2014\/05\/Aspion_GmbH_Active_SensorsPositioning_Logo_1.png","contentUrl":"https:\/\/www.aspion.de\/wp-content\/uploads\/2014\/05\/Aspion_GmbH_Active_SensorsPositioning_Logo_1.png","width":280,"height":71,"caption":"ASPION GmbH"}]},"geo.placename":"Karlsruhe","geo.region":"Germany"},"_links":{"self":[{"href":"https:\/\/www.aspion.de\/en\/wp-json\/wp\/v2\/pages\/13163","targetHints":{"allow":["GET"]}}],"collection":[{"href":"https:\/\/www.aspion.de\/en\/wp-json\/wp\/v2\/pages"}],"about":[{"href":"https:\/\/www.aspion.de\/en\/wp-json\/wp\/v2\/types\/page"}],"author":[{"embeddable":true,"href":"https:\/\/www.aspion.de\/en\/wp-json\/wp\/v2\/users\/1"}],"replies":[{"embeddable":true,"href":"https:\/\/www.aspion.de\/en\/wp-json\/wp\/v2\/comments?post=13163"}],"version-history":[{"count":22,"href":"https:\/\/www.aspion.de\/en\/wp-json\/wp\/v2\/pages\/13163\/revisions"}],"predecessor-version":[{"id":22383,"href":"https:\/\/www.aspion.de\/en\/wp-json\/wp\/v2\/pages\/13163\/revisions\/22383"}],"wp:attachment":[{"href":"https:\/\/www.aspion.de\/en\/wp-json\/wp\/v2\/media?parent=13163"}],"curies":[{"name":"wp","href":"https:\/\/api.w.org\/{rel}","templated":true}]}}