{"id":13320,"date":"2017-01-17T17:42:27","date_gmt":"2017-01-17T16:42:27","guid":{"rendered":"http:\/\/aspion.de.w01957cf.kasserver.com\/aspion-g-log-neues-in-version-2-fuer-smarte-und-flexible-transportueberwachung\/"},"modified":"2019-07-22T11:56:50","modified_gmt":"2019-07-22T10:56:50","slug":"smart-and-flexible-transport-monitoring-aspion-g-log-in-new-version-2-1","status":"publish","type":"page","link":"https:\/\/www.aspion.de\/en\/smart-and-flexible-transport-monitoring-aspion-g-log-in-new-version-2-1\/","title":{"rendered":"Smart and flexible transport monitoring: ASPION G-Log in new version 2.1"},"content":{"rendered":"\r\n<p><img decoding=\"async\" src=\"https:\/\/www.aspion.de\/wp-content\/uploads\/2017\/01\/ASPION_G-Log-Version2_Presse_Web.jpg\" alt=\"\" \/><\/p>\r\n<h1>Smart and flexible transport monitoring: ASPION G-Log in new version 2.1<\/h1>\r\n<p>The shock sensor ASPION G-Log is now available in the new version 2.1. Smart functions make the use of the sensors for transport monitoring even more flexible. Here we present the highlights in detail. By the way: All new functions of version 2.1 can be used immediately with all &#8211; even existing &#8211; sensors from the next use. Please update your PC software via the <a href=\"\/registrieren\/\">customer portal<\/a> and your <a href=\"https:\/\/play.google.com\/store\/apps\/details?id=com.aspion.glog\" target=\"_blank\" rel=\"noopener noreferrer\">Smartphone App<\/a>.<\/p>\r\n<h2>Highlights of the new version 2.1 at a glance:<\/h2>\r\n<h3>Time-controlled<\/h3>\r\n<p>Start and stop functions enable fully time-controlled recording of shock and temperature values.<\/p>\r\n<h3>Extended<\/h3>\r\n<p>The display range for shock values has been extended to \u00b1 24 g. This can be controlled via the global settings.<\/p>\r\n<h3>Flexible App Control<\/h3>\r\n<p>Control of the smartphone app for displaying details and stop function, each with PIN protection, etc.<\/p>\r\n<h3>Clearly arranged<\/h3>\r\n<p>The new deployment list clearly shows all details of the activated sensors for transport monitoring.<\/p>\r\n<h3>Optimized<\/h3>\r\n<p>Writing and reading with the USB card reader has been optimized so that read and write operations are now very fast.<\/p>\r\n<h3>Stop function for app and application list<\/h3>\r\n<p>A sensor can now be stopped with the smartphone app. When activating a sensor, you assign a self-defined PIN, which must be entered when stopping with the smartphone app. This ensures the necessary security at the same time.\u00a0The new deployment list shows all sensors in use with their details, making your transport monitoring even clearer. In addition, writing and reading with the USB card reader has been optimized.<\/p>\r\n<p><img decoding=\"async\" title=\"ASPION-G-Log Version 2.1\" src=\"https:\/\/www.aspion.de\/wp-content\/uploads\/2017\/03\/ASPION-G-Log_Version2.1.png\" alt=\"ASPION G-Log in Version 2.1: Sensor per App Stoppen nach PIN-Eingabe und aktuelle \u00dcbersicht mit der neuen Einsatzliste.\" width=\"738\" height=\"514\" \/> <img decoding=\"async\" title=\"1_ASPION-G-Log-Sensor-beschreiben-V2-1024x643\" src=\"https:\/\/www.aspion.de\/wp-content\/uploads\/2019\/07\/1_ASPION-G-Log-Sensor-beschreiben-V2-1024x643.png\" alt=\"1_ASPION-G-Log-Sensor-beschreiben-V2-1024x643\" width=\"1024\" height=\"643\" \/><\/p>\r\n<h3>Fully timed recording<\/h3>\r\n<p>You can now use an ASPION G-Log sensor completely time-controlled. When initializing a sensor, you set a start and stop date for recording shock and temperature events. There are no time restrictions. The advantages If a sensor is returned by the customer, the stop date can be selected in such a way that no further shocks are recorded when the sensor is returned. If longer periods of time are to be recorded, several sensors can be used consecutively over the start and stop date. Thus a time limitation is cancelled. The recorded data is retained even if the battery is empty.<\/p>\r\n<h3>Display range expandable to \u00b1 24 g<\/h3>\r\n<p>You can expand the display of the recorded acceleration sensor values to up to \u00b1 24 g using the new &#8220;General settings&#8221; function. The accelerometer installed in the hardware measures shock values up to \u00b1 24 g by the manufacturer, but is calibrated to \u00b1 16 g by the factory. Values above \u00b1 16 g may therefore contain higher deviations. The display range defined when writing to the sensor is used for all displays, for example when reading out with the PC software ASPION G-Log Manager or with the smartphone app. Therefore, the peak values displayed may vary from sensor to sensor depending on the selected setting.<\/p>\r\n<p><img decoding=\"async\" title=\"3_ASPION-G-Log-Globale-Einstellungen-V2-1024x527\" src=\"https:\/\/www.aspion.de\/wp-content\/uploads\/2019\/07\/3_ASPION-G-Log-Globale-Einstellungen-V2-1024x527.png\" alt=\"3_ASPION-G-Log-Globale-Einstellungen-V2-1024x527\" width=\"1024\" height=\"527\" \/> <img decoding=\"async\" title=\"ASPION-G-Log_SmartphoneApp1_Anzeige_ohne_und_mit_PIN-Schutz\" src=\"https:\/\/www.aspion.de\/wp-content\/uploads\/2019\/07\/ASPION-G-Log_SmartphoneApp1_Anzeige_ohne_und_mit_PIN-Schutz.png\" alt=\"ASPION-G-Log_SmartphoneApp1_Anzeige_ohne_und_mit_PIN-Schutz\" width=\"830\" height=\"663\" \/><\/p>\r\n<h3>Hide events with PIN protection<\/h3>\r\n<p>The recorded events of a sensor can be provided with PIN protection using the new &#8220;Global settings&#8221; function.\u00a0This means that the ASPION G-Log App does not display any details. Only after entering the assigned PIN details of recorded shock or temperature events become visible. This permanently protects your data from unauthorized access during and after transport. Or if recipients of goods read out the sensor data and send it to the sender by e-mail, but do not want to view events in detail. In the picture:<\/p>\r\n<p>On the left the display without PIN protection, on the right with PIN protection.<\/p>\r\n<h3>More new features of the smartphone app<\/h3>\r\n<p>With the new list function of the smartphone app you can now read several sensors. You can call up the details of a broadcast via the list. The detailed evaluation can be sent by e-mail as usual. In the detail views, the assigned PIN protection is taken into account (only display of general information, no details) and in the case of shock events, the set display range (\u00b1 16 g or \u00b1 24 g). Even in the list function, the app does not show any traffic light elements, as long as the detailed display is protected by a PIN. You can easily delete evaluations that are no longer required in the new list function.<\/p>\r\n<p><img decoding=\"async\" title=\"ASPION-G-Log_SmartphoneApp7-Menue-Listenansicht\" src=\"https:\/\/www.aspion.de\/wp-content\/uploads\/2019\/07\/ASPION-G-Log_SmartphoneApp7-Menue-Listenansicht.png\" alt=\"ASPION-G-Log_SmartphoneApp7-Menue-Listenansicht\" width=\"826\" height=\"658\" \/><\/p>\r\n<h2>How do I get the new version 2.1 for transport monitoring of my goods?<\/h2>\r\n<h3><a title=\"In the ASPION customer portal\" href=\"\/login\/\" target=\"_self\" rel=\"noopener noreferrer\"> In the ASPION customer portal <\/a><\/h3>\r\n<p>Die PC-Software in der neuen Version 2.1 steht f\u00fcr Sie im ASPION Kundenportal\u00a0zum Download bereit. Au\u00dferdem erhalten Sie weitere wertvolle Informationen wie Handb\u00fccher, Antworten auf Fragen, Wirkung zu Beschleunigungen, u.v.m.<\/p>\r\n<p><a role=\"button\" href=\"\/login\/\" target=\"_self\" rel=\"noopener noreferrer\"> to the customer portal <\/a><\/p>\r\n<h3>Smartphone App ASPION G-Log<\/h3>\r\n<p>The current version of the ASPION G-Log App is available via the Google Play Store or Baidu (for China).<\/p>\r\n<p><a href=\"https:\/\/play.google.com\/store\/apps\/details?id=com.aspion.glog\" target=\"_blank\" rel=\"noopener noreferrer\"> <img decoding=\"async\" title=\"google-play-badge1\" src=\"https:\/\/www.aspion.de\/wp-content\/uploads\/2017\/01\/google-play-badge1.png\" alt=\"google-play-badge1\" width=\"255\" height=\"81\" \/> <\/a> <a href=\"http:\/\/shouji.baidu.com\/software\/21823886.html\" target=\"_blank\" rel=\"noopener noreferrer\"> <img decoding=\"async\" title=\"Baidu_Appstore_Logo\" src=\"https:\/\/www.aspion.de\/wp-content\/uploads\/2017\/08\/Baidu_Appstore_Logo-150x150.png\" alt=\"ASPION G-Log App bei Baidu mobile assistent - f\u00fcr China\" width=\"150\" height=\"150\" \/> <\/a><\/p>\r\n","protected":false},"excerpt":{"rendered":"<p>Smart and flexible transport monitoring: ASPION G-Log in new version 2.1 The shock sensor ASPION G-Log is now available in the new version 2.1. Smart functions make the use of the sensors for transport monitoring even more flexible. Here we present the highlights in detail. By the way: All new functions of version 2.1 can&hellip;<\/p>\n","protected":false},"author":1,"featured_media":0,"parent":0,"menu_order":0,"comment_status":"closed","ping_status":"closed","template":"","meta":{"_acf_changed":false,"footnotes":""},"class_list":["post-13320","page","type-page","status-publish","hentry"],"acf":[],"yoast_head":"<!-- This site is optimized with the Yoast SEO Premium plugin v27.5 (Yoast SEO v27.5) - https:\/\/yoast.com\/product\/yoast-seo-premium-wordpress\/ -->\n<title>Smarte und flexible Transport\u00fcberwachung: ASPION G-Log in neuer Version 2.1<\/title>\n<meta name=\"description\" content=\"Smarte und flexible Transport\u00fcberwachung: Die neue Version 2.1 ASPION G-Log mit Stopp-Funktion, erweitertem Messbereich und PIN-Schutz ... mehr erfahren\" \/>\n<meta name=\"robots\" content=\"index, follow, max-snippet:-1, max-image-preview:large, max-video-preview:-1\" \/>\n<link rel=\"canonical\" href=\"https:\/\/www.aspion.de\/en\/smart-and-flexible-transport-monitoring-aspion-g-log-in-new-version-2-1\/\" \/>\n<meta property=\"og:locale\" content=\"en_US\" \/>\n<meta property=\"og:type\" content=\"article\" \/>\n<meta property=\"og:title\" content=\"Smart and flexible transport monitoring: ASPION G-Log in new version 2.1\" \/>\n<meta property=\"og:description\" content=\"Smarte und flexible Transport\u00fcberwachung: Die neue Version 2.1 ASPION G-Log mit Stopp-Funktion, erweitertem Messbereich und PIN-Schutz ... mehr erfahren\" \/>\n<meta property=\"og:url\" content=\"https:\/\/www.aspion.de\/en\/smart-and-flexible-transport-monitoring-aspion-g-log-in-new-version-2-1\/\" \/>\n<meta property=\"og:site_name\" content=\"ASPION GmbH \u2013 Profi-Datenlogger f\u00fcr Schock und Sto\u00df - f\u00fcr die Industrie\" \/>\n<meta property=\"article:modified_time\" content=\"2019-07-22T10:56:50+00:00\" \/>\n<meta property=\"og:image\" content=\"https:\/\/www.aspion.de\/wp-content\/uploads\/2017\/01\/ASPION_G-Log-Version2_Presse_Web.jpg\" \/>\n<meta name=\"twitter:card\" content=\"summary_large_image\" \/>\n<meta name=\"twitter:label1\" content=\"Est. reading time\" \/>\n\t<meta name=\"twitter:data1\" content=\"4 minutes\" \/>\n<script type=\"application\/ld+json\" class=\"yoast-schema-graph\">{\"@context\":\"https:\\\/\\\/schema.org\",\"@graph\":[{\"@type\":\"WebPage\",\"@id\":\"https:\\\/\\\/www.aspion.de\\\/en\\\/smart-and-flexible-transport-monitoring-aspion-g-log-in-new-version-2-1\\\/\",\"url\":\"https:\\\/\\\/www.aspion.de\\\/en\\\/smart-and-flexible-transport-monitoring-aspion-g-log-in-new-version-2-1\\\/\",\"name\":\"Smarte und flexible Transport\u00fcberwachung: ASPION G-Log in neuer Version 2.1\",\"isPartOf\":{\"@id\":\"https:\\\/\\\/www.aspion.de\\\/en\\\/#website\"},\"primaryImageOfPage\":{\"@id\":\"https:\\\/\\\/www.aspion.de\\\/en\\\/smart-and-flexible-transport-monitoring-aspion-g-log-in-new-version-2-1\\\/#primaryimage\"},\"image\":{\"@id\":\"https:\\\/\\\/www.aspion.de\\\/en\\\/smart-and-flexible-transport-monitoring-aspion-g-log-in-new-version-2-1\\\/#primaryimage\"},\"thumbnailUrl\":\"https:\\\/\\\/www.aspion.de\\\/wp-content\\\/uploads\\\/2017\\\/01\\\/ASPION_G-Log-Version2_Presse_Web.jpg\",\"datePublished\":\"2017-01-17T16:42:27+00:00\",\"dateModified\":\"2019-07-22T10:56:50+00:00\",\"description\":\"Smarte und flexible Transport\u00fcberwachung: Die neue Version 2.1 ASPION G-Log mit Stopp-Funktion, erweitertem Messbereich und PIN-Schutz ... mehr erfahren\",\"breadcrumb\":{\"@id\":\"https:\\\/\\\/www.aspion.de\\\/en\\\/smart-and-flexible-transport-monitoring-aspion-g-log-in-new-version-2-1\\\/#breadcrumb\"},\"inLanguage\":\"en-US\",\"potentialAction\":[{\"@type\":\"ReadAction\",\"target\":[\"https:\\\/\\\/www.aspion.de\\\/en\\\/smart-and-flexible-transport-monitoring-aspion-g-log-in-new-version-2-1\\\/\"]}]},{\"@type\":\"ImageObject\",\"inLanguage\":\"en-US\",\"@id\":\"https:\\\/\\\/www.aspion.de\\\/en\\\/smart-and-flexible-transport-monitoring-aspion-g-log-in-new-version-2-1\\\/#primaryimage\",\"url\":\"https:\\\/\\\/www.aspion.de\\\/wp-content\\\/uploads\\\/2017\\\/01\\\/ASPION_G-Log-Version2_Presse_Web.jpg\",\"contentUrl\":\"https:\\\/\\\/www.aspion.de\\\/wp-content\\\/uploads\\\/2017\\\/01\\\/ASPION_G-Log-Version2_Presse_Web.jpg\"},{\"@type\":\"BreadcrumbList\",\"@id\":\"https:\\\/\\\/www.aspion.de\\\/en\\\/smart-and-flexible-transport-monitoring-aspion-g-log-in-new-version-2-1\\\/#breadcrumb\",\"itemListElement\":[{\"@type\":\"ListItem\",\"position\":1,\"name\":\"Startseite\",\"item\":\"https:\\\/\\\/www.aspion.de\\\/en\\\/\"},{\"@type\":\"ListItem\",\"position\":2,\"name\":\"Smart and flexible transport monitoring: ASPION G-Log in new version 2.1\"}]},{\"@type\":\"WebSite\",\"@id\":\"https:\\\/\\\/www.aspion.de\\\/en\\\/#website\",\"url\":\"https:\\\/\\\/www.aspion.de\\\/en\\\/\",\"name\":\"ASPION GmbH \u2013 Profi-Datenlogger f\u00fcr Schock und Sto\u00df - f\u00fcr die Industrie\",\"description\":\"Datenlogger f\u00fcr Transport\u00fcberwachung von Schock, Temperatur, Feuchte - einfach, kosteng\u00fcnstig, nachhaltig, made in Germany.\",\"publisher\":{\"@id\":\"https:\\\/\\\/www.aspion.de\\\/en\\\/#organization\"},\"potentialAction\":[{\"@type\":\"SearchAction\",\"target\":{\"@type\":\"EntryPoint\",\"urlTemplate\":\"https:\\\/\\\/www.aspion.de\\\/en\\\/?s={search_term_string}\"},\"query-input\":{\"@type\":\"PropertyValueSpecification\",\"valueRequired\":true,\"valueName\":\"search_term_string\"}}],\"inLanguage\":\"en-US\"},{\"@type\":[\"Organization\",\"Place\"],\"@id\":\"https:\\\/\\\/www.aspion.de\\\/en\\\/#organization\",\"name\":\"ASPION GmbH\",\"url\":\"https:\\\/\\\/www.aspion.de\\\/en\\\/\",\"logo\":{\"@id\":\"https:\\\/\\\/www.aspion.de\\\/en\\\/smart-and-flexible-transport-monitoring-aspion-g-log-in-new-version-2-1\\\/#local-main-organization-logo\"},\"image\":{\"@id\":\"https:\\\/\\\/www.aspion.de\\\/en\\\/smart-and-flexible-transport-monitoring-aspion-g-log-in-new-version-2-1\\\/#local-main-organization-logo\"},\"sameAs\":[\"https:\\\/\\\/www.linkedin.com\\\/company\\\/aspion-gmbh\",\"https:\\\/\\\/www.youtube.com\\\/channel\\\/UCyPrXy8bNbXMKcp_MQEor3w\"],\"address\":{\"@id\":\"https:\\\/\\\/www.aspion.de\\\/en\\\/smart-and-flexible-transport-monitoring-aspion-g-log-in-new-version-2-1\\\/#local-main-place-address\"},\"telephone\":[\"+49 721 85149-122\"],\"openingHoursSpecification\":[{\"@type\":\"OpeningHoursSpecification\",\"dayOfWeek\":[\"Monday\",\"Tuesday\",\"Wednesday\",\"Thursday\",\"Friday\",\"Saturday\",\"Sunday\"],\"opens\":\"09:00\",\"closes\":\"17:00\"}],\"email\":\"info@aspion.de\",\"faxNumber\":\"+49 721 85149-090\"},{\"@type\":\"PostalAddress\",\"@id\":\"https:\\\/\\\/www.aspion.de\\\/en\\\/smart-and-flexible-transport-monitoring-aspion-g-log-in-new-version-2-1\\\/#local-main-place-address\",\"streetAddress\":\"Ohiostra\u00dfe 11\",\"addressLocality\":\"Karlsruhe\",\"postalCode\":\"76149\",\"addressRegion\":\"Baden-W\u00fcrttemberg\",\"addressCountry\":\"DE\"},{\"@type\":\"ImageObject\",\"inLanguage\":\"en-US\",\"@id\":\"https:\\\/\\\/www.aspion.de\\\/en\\\/smart-and-flexible-transport-monitoring-aspion-g-log-in-new-version-2-1\\\/#local-main-organization-logo\",\"url\":\"https:\\\/\\\/www.aspion.de\\\/wp-content\\\/uploads\\\/2014\\\/05\\\/Aspion_GmbH_Active_SensorsPositioning_Logo_1.png\",\"contentUrl\":\"https:\\\/\\\/www.aspion.de\\\/wp-content\\\/uploads\\\/2014\\\/05\\\/Aspion_GmbH_Active_SensorsPositioning_Logo_1.png\",\"width\":280,\"height\":71,\"caption\":\"ASPION GmbH\"}]}<\/script>\n<meta name=\"geo.placename\" content=\"Karlsruhe\" \/>\n<meta name=\"geo.region\" content=\"Germany\" \/>\n<!-- \/ Yoast SEO Premium plugin. -->","yoast_head_json":{"title":"Smarte und flexible Transport\u00fcberwachung: ASPION G-Log in neuer Version 2.1","description":"Smarte und flexible Transport\u00fcberwachung: Die neue Version 2.1 ASPION G-Log mit Stopp-Funktion, erweitertem Messbereich und PIN-Schutz ... mehr erfahren","robots":{"index":"index","follow":"follow","max-snippet":"max-snippet:-1","max-image-preview":"max-image-preview:large","max-video-preview":"max-video-preview:-1"},"canonical":"https:\/\/www.aspion.de\/en\/smart-and-flexible-transport-monitoring-aspion-g-log-in-new-version-2-1\/","og_locale":"en_US","og_type":"article","og_title":"Smart and flexible transport monitoring: ASPION G-Log in new version 2.1","og_description":"Smarte und flexible Transport\u00fcberwachung: Die neue Version 2.1 ASPION G-Log mit Stopp-Funktion, erweitertem Messbereich und PIN-Schutz ... mehr erfahren","og_url":"https:\/\/www.aspion.de\/en\/smart-and-flexible-transport-monitoring-aspion-g-log-in-new-version-2-1\/","og_site_name":"ASPION GmbH \u2013 Profi-Datenlogger f\u00fcr Schock und Sto\u00df - f\u00fcr die Industrie","article_modified_time":"2019-07-22T10:56:50+00:00","og_image":[{"url":"https:\/\/www.aspion.de\/wp-content\/uploads\/2017\/01\/ASPION_G-Log-Version2_Presse_Web.jpg","type":"","width":"","height":""}],"twitter_card":"summary_large_image","twitter_misc":{"Est. reading time":"4 minutes"},"schema":{"@context":"https:\/\/schema.org","@graph":[{"@type":"WebPage","@id":"https:\/\/www.aspion.de\/en\/smart-and-flexible-transport-monitoring-aspion-g-log-in-new-version-2-1\/","url":"https:\/\/www.aspion.de\/en\/smart-and-flexible-transport-monitoring-aspion-g-log-in-new-version-2-1\/","name":"Smarte und flexible Transport\u00fcberwachung: ASPION G-Log in neuer Version 2.1","isPartOf":{"@id":"https:\/\/www.aspion.de\/en\/#website"},"primaryImageOfPage":{"@id":"https:\/\/www.aspion.de\/en\/smart-and-flexible-transport-monitoring-aspion-g-log-in-new-version-2-1\/#primaryimage"},"image":{"@id":"https:\/\/www.aspion.de\/en\/smart-and-flexible-transport-monitoring-aspion-g-log-in-new-version-2-1\/#primaryimage"},"thumbnailUrl":"https:\/\/www.aspion.de\/wp-content\/uploads\/2017\/01\/ASPION_G-Log-Version2_Presse_Web.jpg","datePublished":"2017-01-17T16:42:27+00:00","dateModified":"2019-07-22T10:56:50+00:00","description":"Smarte und flexible Transport\u00fcberwachung: Die neue Version 2.1 ASPION G-Log mit Stopp-Funktion, erweitertem Messbereich und PIN-Schutz ... mehr erfahren","breadcrumb":{"@id":"https:\/\/www.aspion.de\/en\/smart-and-flexible-transport-monitoring-aspion-g-log-in-new-version-2-1\/#breadcrumb"},"inLanguage":"en-US","potentialAction":[{"@type":"ReadAction","target":["https:\/\/www.aspion.de\/en\/smart-and-flexible-transport-monitoring-aspion-g-log-in-new-version-2-1\/"]}]},{"@type":"ImageObject","inLanguage":"en-US","@id":"https:\/\/www.aspion.de\/en\/smart-and-flexible-transport-monitoring-aspion-g-log-in-new-version-2-1\/#primaryimage","url":"https:\/\/www.aspion.de\/wp-content\/uploads\/2017\/01\/ASPION_G-Log-Version2_Presse_Web.jpg","contentUrl":"https:\/\/www.aspion.de\/wp-content\/uploads\/2017\/01\/ASPION_G-Log-Version2_Presse_Web.jpg"},{"@type":"BreadcrumbList","@id":"https:\/\/www.aspion.de\/en\/smart-and-flexible-transport-monitoring-aspion-g-log-in-new-version-2-1\/#breadcrumb","itemListElement":[{"@type":"ListItem","position":1,"name":"Startseite","item":"https:\/\/www.aspion.de\/en\/"},{"@type":"ListItem","position":2,"name":"Smart and flexible transport monitoring: ASPION G-Log in new version 2.1"}]},{"@type":"WebSite","@id":"https:\/\/www.aspion.de\/en\/#website","url":"https:\/\/www.aspion.de\/en\/","name":"ASPION GmbH \u2013 Profi-Datenlogger f\u00fcr Schock und Sto\u00df - f\u00fcr die Industrie","description":"Datenlogger f\u00fcr Transport\u00fcberwachung von Schock, Temperatur, Feuchte - einfach, kosteng\u00fcnstig, nachhaltig, made in Germany.","publisher":{"@id":"https:\/\/www.aspion.de\/en\/#organization"},"potentialAction":[{"@type":"SearchAction","target":{"@type":"EntryPoint","urlTemplate":"https:\/\/www.aspion.de\/en\/?s={search_term_string}"},"query-input":{"@type":"PropertyValueSpecification","valueRequired":true,"valueName":"search_term_string"}}],"inLanguage":"en-US"},{"@type":["Organization","Place"],"@id":"https:\/\/www.aspion.de\/en\/#organization","name":"ASPION GmbH","url":"https:\/\/www.aspion.de\/en\/","logo":{"@id":"https:\/\/www.aspion.de\/en\/smart-and-flexible-transport-monitoring-aspion-g-log-in-new-version-2-1\/#local-main-organization-logo"},"image":{"@id":"https:\/\/www.aspion.de\/en\/smart-and-flexible-transport-monitoring-aspion-g-log-in-new-version-2-1\/#local-main-organization-logo"},"sameAs":["https:\/\/www.linkedin.com\/company\/aspion-gmbh","https:\/\/www.youtube.com\/channel\/UCyPrXy8bNbXMKcp_MQEor3w"],"address":{"@id":"https:\/\/www.aspion.de\/en\/smart-and-flexible-transport-monitoring-aspion-g-log-in-new-version-2-1\/#local-main-place-address"},"telephone":["+49 721 85149-122"],"openingHoursSpecification":[{"@type":"OpeningHoursSpecification","dayOfWeek":["Monday","Tuesday","Wednesday","Thursday","Friday","Saturday","Sunday"],"opens":"09:00","closes":"17:00"}],"email":"info@aspion.de","faxNumber":"+49 721 85149-090"},{"@type":"PostalAddress","@id":"https:\/\/www.aspion.de\/en\/smart-and-flexible-transport-monitoring-aspion-g-log-in-new-version-2-1\/#local-main-place-address","streetAddress":"Ohiostra\u00dfe 11","addressLocality":"Karlsruhe","postalCode":"76149","addressRegion":"Baden-W\u00fcrttemberg","addressCountry":"DE"},{"@type":"ImageObject","inLanguage":"en-US","@id":"https:\/\/www.aspion.de\/en\/smart-and-flexible-transport-monitoring-aspion-g-log-in-new-version-2-1\/#local-main-organization-logo","url":"https:\/\/www.aspion.de\/wp-content\/uploads\/2014\/05\/Aspion_GmbH_Active_SensorsPositioning_Logo_1.png","contentUrl":"https:\/\/www.aspion.de\/wp-content\/uploads\/2014\/05\/Aspion_GmbH_Active_SensorsPositioning_Logo_1.png","width":280,"height":71,"caption":"ASPION GmbH"}]},"geo.placename":"Karlsruhe","geo.region":"Germany"},"_links":{"self":[{"href":"https:\/\/www.aspion.de\/en\/wp-json\/wp\/v2\/pages\/13320","targetHints":{"allow":["GET"]}}],"collection":[{"href":"https:\/\/www.aspion.de\/en\/wp-json\/wp\/v2\/pages"}],"about":[{"href":"https:\/\/www.aspion.de\/en\/wp-json\/wp\/v2\/types\/page"}],"author":[{"embeddable":true,"href":"https:\/\/www.aspion.de\/en\/wp-json\/wp\/v2\/users\/1"}],"replies":[{"embeddable":true,"href":"https:\/\/www.aspion.de\/en\/wp-json\/wp\/v2\/comments?post=13320"}],"version-history":[{"count":4,"href":"https:\/\/www.aspion.de\/en\/wp-json\/wp\/v2\/pages\/13320\/revisions"}],"predecessor-version":[{"id":13554,"href":"https:\/\/www.aspion.de\/en\/wp-json\/wp\/v2\/pages\/13320\/revisions\/13554"}],"wp:attachment":[{"href":"https:\/\/www.aspion.de\/en\/wp-json\/wp\/v2\/media?parent=13320"}],"curies":[{"name":"wp","href":"https:\/\/api.w.org\/{rel}","templated":true}]}}