{"id":13397,"date":"2014-11-16T06:48:30","date_gmt":"2014-11-16T06:48:30","guid":{"rendered":"http:\/\/aspion.de.w01957cf.kasserver.com\/impressum\/"},"modified":"2025-06-27T16:47:28","modified_gmt":"2025-06-27T14:47:28","slug":"imprint-and-legal-notice","status":"publish","type":"page","link":"https:\/\/www.aspion.de\/en\/imprint-and-legal-notice\/","title":{"rendered":"Imprint and Legal Notice"},"content":{"rendered":"\n\n<h1>Imprint and Legal Notice<\/h1>\n<p>Information according to \u00a7 5 TMG:<\/p>\n<strong>ASPION GmbH<\/strong><br \/>\nOhiostra\u00dfe 11<br \/>\n76149 Karlsruhe<br \/>\nGermany\nPhone: +49 721 85149-122<br \/>\nFax: +49 721 85149-090<br \/>\nInternet: <a href=\"https:\/\/www.aspion.de\" target=\"_blank\" rel=\"noopener\">www.aspion.de<\/a><br \/>\nE-Mail: <a href=\"mailto:info@aspion.de\" target=\"_blank\" rel=\"noopener\">info@aspion.de<\/a>\n<p><a href=\"https:\/\/www.aspion.de\/en\/aspion-terms-and-conditions\/\">Terms and Conditions<\/a><\/p>\nEntry in the commercial register, Mannheim registry court, HRB 711799<br \/>\nVAT identification number in accordance with \u00a7 27 a Value Added Tax Act DE276763493<br \/>\nCompany headquarters: Karlsruhe\n<p>Management: Michael W\u00f6hr, Martina W\u00f6hr<\/p>\nResponsible for the content according to \u00a7 55 Abs. 2 RStV:<br \/>\nMartina W\u00f6hr, Ohiostra\u00dfe 11, 76149 Karlsruhe<br \/>\nASPION\u00ae is an international registered trademark of ASPION GmbH.\nSource references for the used pictures and graphics of <a href=\"http:\/\/www.fotolia.com\">http:\/\/www.fotolia.com<\/a>:<br \/>\n\u00a9 ap_i, \u00a9 Darios, \u00a9 industrieblick, \u00a9 JiSign, \u00a9 kinwun , \u00a9 maxoidox, \u00a9 th-photo, \u00a9 topae, \u00a9 tpx, \u00a9 vschlichting, \u00a9 Franz Pfluegl, \u00a9 sittinan\nSource references for the used pictures and graphics of <a href=\"https:\/\/www.istockphoto.com\/\">https:\/\/www.istockphoto.com\/<\/a>:<br \/>\n\u00a9 istock.com\/baramee2554\n<p>Aerial view Karlsruhe \u00a9 ONUK<\/p>\n<p><a href=\"https:\/\/www.aspion.de\/en\/sustainability-data-logger\/\">Return of used devices<\/a><\/p>\n<p><a href=\"https:\/\/www.aspion.de\/en\/privacy-policy\/\" target=\"_blank\" rel=\"noopener\">ASPION Privacy policy<\/a><\/p>\n<p><a href=\"https:\/\/www.aspion.de\/datenschutzerklaerung-app\/\">ASPION Privacy policy Apps<\/a><\/p>\n<p>&nbsp;<\/p>\n<p><strong>Liability for contents<\/strong><\/p>\n<p>The contents of our pages were created with the greatest care. For the correctness, completeness and topicality of the contents we can take over however no guarantee. As a service provider we are responsible according to \u00a7 7 Abs.1 TMG for our own contents on these pages according to the general laws. According to \u00a7\u00a7 8 to 10 TMG we are not obliged as a service provider to monitor transmitted or stored third-party information or to investigate circumstances that indicate illegal activity. Obligations to remove or block the use of information in accordance with general laws remain unaffected by this. However, liability in this respect is only possible from the time of knowledge of a concrete violation of the law. As soon as we become aware of such infringements, we will remove the content immediately.<\/p>\n<p><strong>Liability for links<\/strong><\/p>\n<p>Our offer contains links to external websites of third parties, on whose contents we have no influence. Therefore, we cannot assume any liability for these external contents. The respective provider or operator of the pages is always responsible for the contents of the linked pages. The linked pages were checked for possible legal infringements at the time of linking. Illegal contents were not recognisable at the time of linking. A permanent control of the contents of the linked pages is not reasonable without concrete evidence of an infringement. As soon as we become aware of any legal infringements, we will remove such links immediately.<\/p>\n<p><strong>Copyright<\/strong><\/p>\n<p>The contents and works on these pages created by the site operators are subject to German copyright law. Duplication, processing, distribution and any form of commercialization of such material beyond the scope of the copyright law shall require the prior written consent of its respective author or creator. Downloads and copies of these pages are only permitted for private, non-commercial use. Insofar as the content on this site was not created by the operator, the copyrights of third parties are respected. In particular, contents of third parties are marked as such. Should you nevertheless become aware of a copyright infringement, please inform us accordingly. As soon as we become aware of any infringements, we will remove such content immediately.<\/p>\n<p>&nbsp;<\/p>\n<p>&nbsp;<\/p>\n\n","protected":false},"excerpt":{"rendered":"<p>Imprint and Legal Notice Information according to \u00a7 5 TMG: ASPION GmbH Ohiostra\u00dfe 11 76149 Karlsruhe Germany Phone: +49 721 85149-122 Fax: +49 721 85149-090 Internet: www.aspion.de E-Mail: info@aspion.de Terms and Conditions Entry in the commercial register, Mannheim registry court, HRB 711799 VAT identification number in accordance with \u00a7 27 a Value Added Tax Act&hellip;<\/p>\n","protected":false},"author":1,"featured_media":0,"parent":0,"menu_order":0,"comment_status":"closed","ping_status":"closed","template":"","meta":{"_acf_changed":false,"footnotes":""},"class_list":["post-13397","page","type-page","status-publish","hentry"],"acf":[],"yoast_head":"<!-- This site is optimized with the Yoast SEO Premium plugin v27.4 (Yoast SEO v27.4) - https:\/\/yoast.com\/product\/yoast-seo-premium-wordpress\/ -->\n<title>Imprint and Legal Notice<\/title>\n<meta name=\"description\" content=\"Imprint and Legal Notice ASPION GmbH\" \/>\n<meta name=\"robots\" content=\"index, follow, max-snippet:-1, max-image-preview:large, max-video-preview:-1\" \/>\n<link rel=\"canonical\" href=\"https:\/\/www.aspion.de\/en\/imprint-and-legal-notice\/\" \/>\n<meta property=\"og:locale\" content=\"en_US\" \/>\n<meta property=\"og:type\" content=\"article\" \/>\n<meta property=\"og:title\" content=\"Imprint and Legal Notice\" \/>\n<meta property=\"og:description\" content=\"Imprint and Legal Notice ASPION GmbH\" \/>\n<meta property=\"og:url\" content=\"https:\/\/www.aspion.de\/en\/imprint-and-legal-notice\/\" \/>\n<meta property=\"og:site_name\" content=\"ASPION GmbH \u2013 Profi-Datenlogger f\u00fcr Schock und Sto\u00df - f\u00fcr die Industrie\" \/>\n<meta property=\"article:modified_time\" content=\"2025-06-27T14:47:28+00:00\" \/>\n<meta name=\"twitter:card\" content=\"summary_large_image\" \/>\n<meta name=\"twitter:label1\" content=\"Est. reading time\" \/>\n\t<meta name=\"twitter:data1\" content=\"3 minutes\" \/>\n<script type=\"application\/ld+json\" class=\"yoast-schema-graph\">{\"@context\":\"https:\\\/\\\/schema.org\",\"@graph\":[{\"@type\":\"WebPage\",\"@id\":\"https:\\\/\\\/www.aspion.de\\\/en\\\/imprint-and-legal-notice\\\/\",\"url\":\"https:\\\/\\\/www.aspion.de\\\/en\\\/imprint-and-legal-notice\\\/\",\"name\":\"Imprint and Legal Notice\",\"isPartOf\":{\"@id\":\"https:\\\/\\\/www.aspion.de\\\/en\\\/#website\"},\"datePublished\":\"2014-11-16T06:48:30+00:00\",\"dateModified\":\"2025-06-27T14:47:28+00:00\",\"description\":\"Imprint and Legal Notice ASPION GmbH\",\"breadcrumb\":{\"@id\":\"https:\\\/\\\/www.aspion.de\\\/en\\\/imprint-and-legal-notice\\\/#breadcrumb\"},\"inLanguage\":\"en-US\",\"potentialAction\":[{\"@type\":\"ReadAction\",\"target\":[\"https:\\\/\\\/www.aspion.de\\\/en\\\/imprint-and-legal-notice\\\/\"]}]},{\"@type\":\"BreadcrumbList\",\"@id\":\"https:\\\/\\\/www.aspion.de\\\/en\\\/imprint-and-legal-notice\\\/#breadcrumb\",\"itemListElement\":[{\"@type\":\"ListItem\",\"position\":1,\"name\":\"Startseite\",\"item\":\"https:\\\/\\\/www.aspion.de\\\/en\\\/\"},{\"@type\":\"ListItem\",\"position\":2,\"name\":\"Imprint and Legal Notice\"}]},{\"@type\":\"WebSite\",\"@id\":\"https:\\\/\\\/www.aspion.de\\\/en\\\/#website\",\"url\":\"https:\\\/\\\/www.aspion.de\\\/en\\\/\",\"name\":\"ASPION GmbH \u2013 Profi-Datenlogger f\u00fcr Schock und Sto\u00df - f\u00fcr die Industrie\",\"description\":\"Datenlogger f\u00fcr Transport\u00fcberwachung von Schock, Temperatur, Feuchte - einfach, kosteng\u00fcnstig, nachhaltig, made in Germany.\",\"publisher\":{\"@id\":\"https:\\\/\\\/www.aspion.de\\\/en\\\/#organization\"},\"potentialAction\":[{\"@type\":\"SearchAction\",\"target\":{\"@type\":\"EntryPoint\",\"urlTemplate\":\"https:\\\/\\\/www.aspion.de\\\/en\\\/?s={search_term_string}\"},\"query-input\":{\"@type\":\"PropertyValueSpecification\",\"valueRequired\":true,\"valueName\":\"search_term_string\"}}],\"inLanguage\":\"en-US\"},{\"@type\":[\"Organization\",\"Place\"],\"@id\":\"https:\\\/\\\/www.aspion.de\\\/en\\\/#organization\",\"name\":\"ASPION GmbH\",\"url\":\"https:\\\/\\\/www.aspion.de\\\/en\\\/\",\"logo\":{\"@id\":\"https:\\\/\\\/www.aspion.de\\\/en\\\/imprint-and-legal-notice\\\/#local-main-organization-logo\"},\"image\":{\"@id\":\"https:\\\/\\\/www.aspion.de\\\/en\\\/imprint-and-legal-notice\\\/#local-main-organization-logo\"},\"sameAs\":[\"https:\\\/\\\/www.linkedin.com\\\/company\\\/aspion-gmbh\",\"https:\\\/\\\/www.youtube.com\\\/channel\\\/UCyPrXy8bNbXMKcp_MQEor3w\"],\"address\":{\"@id\":\"https:\\\/\\\/www.aspion.de\\\/en\\\/imprint-and-legal-notice\\\/#local-main-place-address\"},\"telephone\":[\"+49 721 85149-122\"],\"openingHoursSpecification\":[{\"@type\":\"OpeningHoursSpecification\",\"dayOfWeek\":[\"Monday\",\"Tuesday\",\"Wednesday\",\"Thursday\",\"Friday\",\"Saturday\",\"Sunday\"],\"opens\":\"09:00\",\"closes\":\"17:00\"}],\"email\":\"info@aspion.de\",\"faxNumber\":\"+49 721 85149-090\"},{\"@type\":\"PostalAddress\",\"@id\":\"https:\\\/\\\/www.aspion.de\\\/en\\\/imprint-and-legal-notice\\\/#local-main-place-address\",\"streetAddress\":\"Ohiostra\u00dfe 11\",\"addressLocality\":\"Karlsruhe\",\"postalCode\":\"76149\",\"addressRegion\":\"Baden-W\u00fcrttemberg\",\"addressCountry\":\"DE\"},{\"@type\":\"ImageObject\",\"inLanguage\":\"en-US\",\"@id\":\"https:\\\/\\\/www.aspion.de\\\/en\\\/imprint-and-legal-notice\\\/#local-main-organization-logo\",\"url\":\"https:\\\/\\\/www.aspion.de\\\/wp-content\\\/uploads\\\/2014\\\/05\\\/Aspion_GmbH_Active_SensorsPositioning_Logo_1.png\",\"contentUrl\":\"https:\\\/\\\/www.aspion.de\\\/wp-content\\\/uploads\\\/2014\\\/05\\\/Aspion_GmbH_Active_SensorsPositioning_Logo_1.png\",\"width\":280,\"height\":71,\"caption\":\"ASPION GmbH\"}]}<\/script>\n<meta name=\"geo.placename\" content=\"Karlsruhe\" \/>\n<meta name=\"geo.region\" content=\"Germany\" \/>\n<!-- \/ Yoast SEO Premium plugin. -->","yoast_head_json":{"title":"Imprint and Legal Notice","description":"Imprint and Legal Notice ASPION GmbH","robots":{"index":"index","follow":"follow","max-snippet":"max-snippet:-1","max-image-preview":"max-image-preview:large","max-video-preview":"max-video-preview:-1"},"canonical":"https:\/\/www.aspion.de\/en\/imprint-and-legal-notice\/","og_locale":"en_US","og_type":"article","og_title":"Imprint and Legal Notice","og_description":"Imprint and Legal Notice ASPION GmbH","og_url":"https:\/\/www.aspion.de\/en\/imprint-and-legal-notice\/","og_site_name":"ASPION GmbH \u2013 Profi-Datenlogger f\u00fcr Schock und Sto\u00df - f\u00fcr die Industrie","article_modified_time":"2025-06-27T14:47:28+00:00","twitter_card":"summary_large_image","twitter_misc":{"Est. reading time":"3 minutes"},"schema":{"@context":"https:\/\/schema.org","@graph":[{"@type":"WebPage","@id":"https:\/\/www.aspion.de\/en\/imprint-and-legal-notice\/","url":"https:\/\/www.aspion.de\/en\/imprint-and-legal-notice\/","name":"Imprint and Legal Notice","isPartOf":{"@id":"https:\/\/www.aspion.de\/en\/#website"},"datePublished":"2014-11-16T06:48:30+00:00","dateModified":"2025-06-27T14:47:28+00:00","description":"Imprint and Legal Notice ASPION GmbH","breadcrumb":{"@id":"https:\/\/www.aspion.de\/en\/imprint-and-legal-notice\/#breadcrumb"},"inLanguage":"en-US","potentialAction":[{"@type":"ReadAction","target":["https:\/\/www.aspion.de\/en\/imprint-and-legal-notice\/"]}]},{"@type":"BreadcrumbList","@id":"https:\/\/www.aspion.de\/en\/imprint-and-legal-notice\/#breadcrumb","itemListElement":[{"@type":"ListItem","position":1,"name":"Startseite","item":"https:\/\/www.aspion.de\/en\/"},{"@type":"ListItem","position":2,"name":"Imprint and Legal Notice"}]},{"@type":"WebSite","@id":"https:\/\/www.aspion.de\/en\/#website","url":"https:\/\/www.aspion.de\/en\/","name":"ASPION GmbH \u2013 Profi-Datenlogger f\u00fcr Schock und Sto\u00df - f\u00fcr die Industrie","description":"Datenlogger f\u00fcr Transport\u00fcberwachung von Schock, Temperatur, Feuchte - einfach, kosteng\u00fcnstig, nachhaltig, made in Germany.","publisher":{"@id":"https:\/\/www.aspion.de\/en\/#organization"},"potentialAction":[{"@type":"SearchAction","target":{"@type":"EntryPoint","urlTemplate":"https:\/\/www.aspion.de\/en\/?s={search_term_string}"},"query-input":{"@type":"PropertyValueSpecification","valueRequired":true,"valueName":"search_term_string"}}],"inLanguage":"en-US"},{"@type":["Organization","Place"],"@id":"https:\/\/www.aspion.de\/en\/#organization","name":"ASPION GmbH","url":"https:\/\/www.aspion.de\/en\/","logo":{"@id":"https:\/\/www.aspion.de\/en\/imprint-and-legal-notice\/#local-main-organization-logo"},"image":{"@id":"https:\/\/www.aspion.de\/en\/imprint-and-legal-notice\/#local-main-organization-logo"},"sameAs":["https:\/\/www.linkedin.com\/company\/aspion-gmbh","https:\/\/www.youtube.com\/channel\/UCyPrXy8bNbXMKcp_MQEor3w"],"address":{"@id":"https:\/\/www.aspion.de\/en\/imprint-and-legal-notice\/#local-main-place-address"},"telephone":["+49 721 85149-122"],"openingHoursSpecification":[{"@type":"OpeningHoursSpecification","dayOfWeek":["Monday","Tuesday","Wednesday","Thursday","Friday","Saturday","Sunday"],"opens":"09:00","closes":"17:00"}],"email":"info@aspion.de","faxNumber":"+49 721 85149-090"},{"@type":"PostalAddress","@id":"https:\/\/www.aspion.de\/en\/imprint-and-legal-notice\/#local-main-place-address","streetAddress":"Ohiostra\u00dfe 11","addressLocality":"Karlsruhe","postalCode":"76149","addressRegion":"Baden-W\u00fcrttemberg","addressCountry":"DE"},{"@type":"ImageObject","inLanguage":"en-US","@id":"https:\/\/www.aspion.de\/en\/imprint-and-legal-notice\/#local-main-organization-logo","url":"https:\/\/www.aspion.de\/wp-content\/uploads\/2014\/05\/Aspion_GmbH_Active_SensorsPositioning_Logo_1.png","contentUrl":"https:\/\/www.aspion.de\/wp-content\/uploads\/2014\/05\/Aspion_GmbH_Active_SensorsPositioning_Logo_1.png","width":280,"height":71,"caption":"ASPION GmbH"}]},"geo.placename":"Karlsruhe","geo.region":"Germany"},"_links":{"self":[{"href":"https:\/\/www.aspion.de\/en\/wp-json\/wp\/v2\/pages\/13397","targetHints":{"allow":["GET"]}}],"collection":[{"href":"https:\/\/www.aspion.de\/en\/wp-json\/wp\/v2\/pages"}],"about":[{"href":"https:\/\/www.aspion.de\/en\/wp-json\/wp\/v2\/types\/page"}],"author":[{"embeddable":true,"href":"https:\/\/www.aspion.de\/en\/wp-json\/wp\/v2\/users\/1"}],"replies":[{"embeddable":true,"href":"https:\/\/www.aspion.de\/en\/wp-json\/wp\/v2\/comments?post=13397"}],"version-history":[{"count":14,"href":"https:\/\/www.aspion.de\/en\/wp-json\/wp\/v2\/pages\/13397\/revisions"}],"predecessor-version":[{"id":23572,"href":"https:\/\/www.aspion.de\/en\/wp-json\/wp\/v2\/pages\/13397\/revisions\/23572"}],"wp:attachment":[{"href":"https:\/\/www.aspion.de\/en\/wp-json\/wp\/v2\/media?parent=13397"}],"curies":[{"name":"wp","href":"https:\/\/api.w.org\/{rel}","templated":true}]}}