{"id":13409,"date":"2018-07-11T11:47:02","date_gmt":"2018-07-11T10:47:02","guid":{"rendered":"http:\/\/aspion.de.w01957cf.kasserver.com\/fachpack_datenlogger_transportueberwachung\/"},"modified":"2021-09-07T10:00:46","modified_gmt":"2021-09-07T09:00:46","slug":"fachpack-transport-monitoring-with-data-loggers-from-aspion","status":"publish","type":"page","link":"https:\/\/www.aspion.de\/en\/fachpack-transport-monitoring-with-data-loggers-from-aspion\/","title":{"rendered":"FachPack: Transport monitoring with data loggers from ASPION"},"content":{"rendered":"\n\n\t\t\t<img decoding=\"async\" loading='false' src=\"https:\/\/www.aspion.de\/wp-content\/uploads\/2021\/08\/Fachpack2021_HP_eng.jpg\" alt=\"ASPION at FachPack 2021\" \/>\t\t\t\n<h1>\n\t\tFACHPACK 2021 &#8211; Professional ASPION data-loggers\n\t<\/h1>\n<h1>\n\t\tHalle 7A Stand 515d\n\t<\/h1>\n\t<p>FACHPACK plans to open its doors again in a few weeks and welcome interested parties both on-site and virtually. The trade fair is considered one of the most important European trade fairs for packaging, technology and processes. As an exhibitor, we are happy to present these highlights to an international audience:<\/p>\n<h3><a href=\"https:\/\/www.aspion.de\/en\/transparency-according-to-standard-with-shock-vibration-test\/\" target=\"_blank\" rel=\"noopener\"><strong>Transport monitoring of shocks\/vibrations now for the first time as simple as cold chain monitoring<\/strong><\/a><\/h3>\n<h3>This is what you can expect from our professional data loggers:<\/h3>\n<ul>\n<li>Record shocks\/impacts on 3 axes and in the direction of up to 24 g each with time accuracy<\/li>\n<li>In addition, they show the exact course of the shock in milliseconds &#8211; this makes the load directly comprehensible in the event of damage<\/li>\n<li>Log climate data with humidity and temperature values, interval and event-based<\/li>\n<li>Communicate wirelessly via NFC, and also via BLE even through wooden boxes<\/li>\n<li>Batteries can be replaced by the user or the manufacturer<\/li>\n<li>Integrate seamlessly with ASPION G-Log applications and apps<\/li>\n<li>Extremely easy to use and have won several awards for their smart design<\/li>\n<li>Outstanding price\/performance ratio<\/li>\n<\/ul>\n<p>The ASPION G-Log 2 is the first data logger to feature vibration testing to the current European transport standard IEC 60721-3-2, making monitoring transport conditions as simple as checking for cold chain compliance for the first time.<\/p>\n<h3>Discover, network, inform &#8211; but safely<\/h3>\n<p>In order to provide the best possible protection for all participants, exhibitors and visitors alike, Messe N\u00fcrnberg has drawn up a <a href=\"https:\/\/www.fachpack.de\/en\/visitors\/protective-measures\">hygiene plan<\/a> and is therefore organising FACHPACK hybrid both on-site and virtually. There are still a few weeks until the end of September, but we are confident that face-to-face meetings will be possible this year.<\/p>\n<p>What are your requirements for smart transport monitoring for your goods? We would be happy to invite you to the trade fair and to our stand with an e-ticket worth 55 euros. We look forward to your visit!<\/p>\n\n\t\t\t<a href=\"https:\/\/www.fachpack.de\/de\/besucher\/tickets\/gutschein\" target=\"_blank\" role=\"button\" rel=\"noopener\">\n\t\t\t\t\t\t\tGet your free e-ticket\n\t\t\t\t\t<\/a>\n\t\n<h2>\n\t\tFACHPACK 2021<br \/>28. &#8211; 30. September 2021 <br \/>trade fair Nuremberg\n\t<\/h2>\n\t<h3><strong>Trade fair highlight<\/strong><\/h3>\n<h4>First data logger checks compliance with transport conditions according to IEC standard<\/h4>\n\t\t\t\t<a href=\"https:\/\/www.aspion.de\/wp-content\/uploads\/2021\/07\/vibration-schwingung-stoss-schock-messen-pruefen_sm-1.jpg\" target=\"_self\" itemprop=\"url\" rel=\"noopener\">\n\t\t\t\t<img decoding=\"async\" src=\"https:\/\/www.aspion.de\/wp-content\/uploads\/2021\/07\/vibration-schwingung-stoss-schock-messen-pruefen_sm-1.jpg\" alt=\"Vibration, Schwingung, Sto\u00df und Schock mit Datenlogger messen\" itemprop=\"image\" height=\"200\" width=\"300\" title=\"Vibration, Schwingung, Sto\u00df und Schock mit Datenlogger messen\" onerror=\"this.style.display='none'\"  \/>\n\t\t\t\t<\/a>\n<h4>\n\t\tExperience ASPION live:<br \/>We look forward to seeing you!\n\t<\/h4>\n\t<meta itemprop=\"name\" content=\"Transport monitoring with G-Log from ASPION GmbH\" \/><meta itemprop=\"uploadDate\" content=\"2019-02-25\" \/><meta itemprop=\"thumbnailUrl\" content=\"https:\/\/www.aspion.de\/wp-content\/uploads\/2019\/10\/youtube_video_fachpack2019.jpg\" \/><meta itemprop=\"description\" content=\"Trade Fair\" \/>\n<h4>Transport monitoring with ASPION data loggers &#8211; meet us live<\/h4>\n<meta itemprop=\"duration\" content=\"PT26S\" \/>\n<meta itemprop=\"uploadDate\" content=\"2019-02-25T21:27:51Z\"\/>\n<meta itemprop=\"thumbnailURL\" content=\"https:\/\/i.ytimg.com\/vi\/kl_6rm3E5OE\/hqdefault.jpg\" \/>\n<meta itemprop=\"interactionCount\" content=\"236\" \/>\n<meta itemprop=\"embedURL\" content=\"https:\/\/youtube.googleapis.com\/v\/kl_6rm3E5OE\" \/>\n <div class=\"brlbs-cmpnt-container brlbs-cmpnt-content-blocker brlbs-cmpnt-with-individual-styles\" data-borlabs-cookie-content-blocker-id=\"youtube-content-blocker\" data-borlabs-cookie-content=\"PGlmcmFtZSB3aWR0aD0iODUzIiBoZWlnaHQ9IjQ4MCIgc3JjPSJodHRwczovL3d3dy55b3V0dWJlLW5vY29va2llLmNvbS9lbWJlZC9rbF82cm0zRTVPRT9yZWw9MCZjb250cm9scz0wJnNob3dpbmZvPTAiIGZyYW1lYm9yZGVyPSIwIiBhbGxvd2Z1bGxzY3JlZW4+PC9pZnJhbWU+\"><div class=\"brlbs-cmpnt-cb-preset-c brlbs-cmpnt-cb-youtube\"> <div class=\"brlbs-cmpnt-cb-thumbnail\" style=\"background-image: url('https:\/\/www.aspion.de\/wp-content\/uploads\/borlabs-cookie\/1\/yt_kl_6rm3E5OE_hqdefault.jpg')\"><\/div> <div class=\"brlbs-cmpnt-cb-main\"> <div class=\"brlbs-cmpnt-cb-play-button\"><\/div> <div class=\"brlbs-cmpnt-cb-content\"> <p class=\"brlbs-cmpnt-cb-description\">You are currently viewing a placeholder content from <strong>YouTube<\/strong>. To access the actual content, click the button below. Please note that doing so will share data with third-party providers.<\/p> <a class=\"brlbs-cmpnt-cb-provider-toggle\" href=\"#\" data-borlabs-cookie-show-provider-information role=\"button\">More Information<\/a> <\/div> <div class=\"brlbs-cmpnt-cb-buttons\"> <a class=\"brlbs-cmpnt-cb-btn\" href=\"#\" data-borlabs-cookie-unblock role=\"button\">Unblock content<\/a> <a class=\"brlbs-cmpnt-cb-btn\" href=\"#\" data-borlabs-cookie-accept-service role=\"button\" style=\"display: inherit\">Accept required service and unblock content<\/a> <\/div> <\/div> <\/div><\/div>\nHere is a short clip of our trade fair participation at LogiMAT 2019 in Stuttgart: Interesting conversations, great feedback and lots of fun presenting our shock data loggers.\n\n","protected":false},"excerpt":{"rendered":"<p>FACHPACK 2021 &#8211; Professional ASPION data-loggers Halle 7A Stand 515d FACHPACK plans to open its doors again in a few weeks and welcome interested parties both on-site and virtually. The trade fair is considered one of the most important European trade fairs for packaging, technology and processes. As an exhibitor, we are happy to present&hellip;<\/p>\n","protected":false},"author":1,"featured_media":0,"parent":0,"menu_order":0,"comment_status":"closed","ping_status":"closed","template":"","meta":{"_acf_changed":false,"footnotes":""},"class_list":["post-13409","page","type-page","status-publish","hentry"],"acf":[],"yoast_head":"<!-- This site is optimized with the Yoast SEO Premium plugin v27.5 (Yoast SEO v27.5) - https:\/\/yoast.com\/product\/yoast-seo-premium-wordpress\/ -->\n<title>FachPack: Transport monitoring with data loggers from ASPION<\/title>\n<meta name=\"description\" content=\"Smarte Transport\u00fcberwachung von ASPION auf der FachPack - jetzt Datenlogger kennenlernen, Termin vereinbaren und Eintrittsgutschein sichern!\" \/>\n<meta name=\"robots\" content=\"index, follow, max-snippet:-1, max-image-preview:large, max-video-preview:-1\" \/>\n<link rel=\"canonical\" href=\"https:\/\/www.aspion.de\/en\/fachpack-transport-monitoring-with-data-loggers-from-aspion\/\" \/>\n<meta property=\"og:locale\" content=\"en_US\" \/>\n<meta property=\"og:type\" content=\"article\" \/>\n<meta property=\"og:title\" content=\"FachPack: Transport monitoring with data loggers from ASPION\" \/>\n<meta property=\"og:description\" content=\"Smarte Transport\u00fcberwachung von ASPION auf der FachPack - jetzt Datenlogger kennenlernen, Termin vereinbaren und Eintrittsgutschein sichern!\" \/>\n<meta property=\"og:url\" content=\"https:\/\/www.aspion.de\/en\/fachpack-transport-monitoring-with-data-loggers-from-aspion\/\" \/>\n<meta property=\"og:site_name\" content=\"ASPION GmbH \u2013 Profi-Datenlogger f\u00fcr Schock und Sto\u00df - f\u00fcr die Industrie\" \/>\n<meta property=\"article:modified_time\" content=\"2021-09-07T09:00:46+00:00\" \/>\n<meta property=\"og:image\" content=\"https:\/\/www.aspion.de\/wp-content\/uploads\/2021\/08\/Fachpack2021_HP_eng.jpg\" \/>\n<meta name=\"twitter:card\" content=\"summary_large_image\" \/>\n<meta name=\"twitter:label1\" content=\"Est. reading time\" \/>\n\t<meta name=\"twitter:data1\" content=\"2 minutes\" \/>\n<script type=\"application\/ld+json\" class=\"yoast-schema-graph\">{\"@context\":\"https:\\\/\\\/schema.org\",\"@graph\":[{\"@type\":\"WebPage\",\"@id\":\"https:\\\/\\\/www.aspion.de\\\/en\\\/fachpack-transport-monitoring-with-data-loggers-from-aspion\\\/\",\"url\":\"https:\\\/\\\/www.aspion.de\\\/en\\\/fachpack-transport-monitoring-with-data-loggers-from-aspion\\\/\",\"name\":\"FachPack: Transport monitoring with data loggers from ASPION\",\"isPartOf\":{\"@id\":\"https:\\\/\\\/www.aspion.de\\\/en\\\/#website\"},\"primaryImageOfPage\":{\"@id\":\"https:\\\/\\\/www.aspion.de\\\/en\\\/fachpack-transport-monitoring-with-data-loggers-from-aspion\\\/#primaryimage\"},\"image\":{\"@id\":\"https:\\\/\\\/www.aspion.de\\\/en\\\/fachpack-transport-monitoring-with-data-loggers-from-aspion\\\/#primaryimage\"},\"thumbnailUrl\":\"https:\\\/\\\/www.aspion.de\\\/wp-content\\\/uploads\\\/2021\\\/08\\\/Fachpack2021_HP_eng.jpg\",\"datePublished\":\"2018-07-11T10:47:02+00:00\",\"dateModified\":\"2021-09-07T09:00:46+00:00\",\"description\":\"Smarte Transport\u00fcberwachung von ASPION auf der FachPack - jetzt Datenlogger kennenlernen, Termin vereinbaren und Eintrittsgutschein sichern!\",\"breadcrumb\":{\"@id\":\"https:\\\/\\\/www.aspion.de\\\/en\\\/fachpack-transport-monitoring-with-data-loggers-from-aspion\\\/#breadcrumb\"},\"inLanguage\":\"en-US\",\"potentialAction\":[{\"@type\":\"ReadAction\",\"target\":[\"https:\\\/\\\/www.aspion.de\\\/en\\\/fachpack-transport-monitoring-with-data-loggers-from-aspion\\\/\"]}]},{\"@type\":\"ImageObject\",\"inLanguage\":\"en-US\",\"@id\":\"https:\\\/\\\/www.aspion.de\\\/en\\\/fachpack-transport-monitoring-with-data-loggers-from-aspion\\\/#primaryimage\",\"url\":\"https:\\\/\\\/www.aspion.de\\\/wp-content\\\/uploads\\\/2021\\\/08\\\/Fachpack2021_HP_eng.jpg\",\"contentUrl\":\"https:\\\/\\\/www.aspion.de\\\/wp-content\\\/uploads\\\/2021\\\/08\\\/Fachpack2021_HP_eng.jpg\"},{\"@type\":\"BreadcrumbList\",\"@id\":\"https:\\\/\\\/www.aspion.de\\\/en\\\/fachpack-transport-monitoring-with-data-loggers-from-aspion\\\/#breadcrumb\",\"itemListElement\":[{\"@type\":\"ListItem\",\"position\":1,\"name\":\"Startseite\",\"item\":\"https:\\\/\\\/www.aspion.de\\\/en\\\/\"},{\"@type\":\"ListItem\",\"position\":2,\"name\":\"FachPack: Transport monitoring with data loggers from ASPION\"}]},{\"@type\":\"WebSite\",\"@id\":\"https:\\\/\\\/www.aspion.de\\\/en\\\/#website\",\"url\":\"https:\\\/\\\/www.aspion.de\\\/en\\\/\",\"name\":\"ASPION GmbH \u2013 Profi-Datenlogger f\u00fcr Schock und Sto\u00df - f\u00fcr die Industrie\",\"description\":\"Datenlogger f\u00fcr Transport\u00fcberwachung von Schock, Temperatur, Feuchte - einfach, kosteng\u00fcnstig, nachhaltig, made in Germany.\",\"publisher\":{\"@id\":\"https:\\\/\\\/www.aspion.de\\\/en\\\/#organization\"},\"potentialAction\":[{\"@type\":\"SearchAction\",\"target\":{\"@type\":\"EntryPoint\",\"urlTemplate\":\"https:\\\/\\\/www.aspion.de\\\/en\\\/?s={search_term_string}\"},\"query-input\":{\"@type\":\"PropertyValueSpecification\",\"valueRequired\":true,\"valueName\":\"search_term_string\"}}],\"inLanguage\":\"en-US\"},{\"@type\":[\"Organization\",\"Place\"],\"@id\":\"https:\\\/\\\/www.aspion.de\\\/en\\\/#organization\",\"name\":\"ASPION GmbH\",\"url\":\"https:\\\/\\\/www.aspion.de\\\/en\\\/\",\"logo\":{\"@id\":\"https:\\\/\\\/www.aspion.de\\\/en\\\/fachpack-transport-monitoring-with-data-loggers-from-aspion\\\/#local-main-organization-logo\"},\"image\":{\"@id\":\"https:\\\/\\\/www.aspion.de\\\/en\\\/fachpack-transport-monitoring-with-data-loggers-from-aspion\\\/#local-main-organization-logo\"},\"sameAs\":[\"https:\\\/\\\/www.linkedin.com\\\/company\\\/aspion-gmbh\",\"https:\\\/\\\/www.youtube.com\\\/channel\\\/UCyPrXy8bNbXMKcp_MQEor3w\"],\"address\":{\"@id\":\"https:\\\/\\\/www.aspion.de\\\/en\\\/fachpack-transport-monitoring-with-data-loggers-from-aspion\\\/#local-main-place-address\"},\"telephone\":[\"+49 721 85149-122\"],\"openingHoursSpecification\":[{\"@type\":\"OpeningHoursSpecification\",\"dayOfWeek\":[\"Monday\",\"Tuesday\",\"Wednesday\",\"Thursday\",\"Friday\",\"Saturday\",\"Sunday\"],\"opens\":\"09:00\",\"closes\":\"17:00\"}],\"email\":\"info@aspion.de\",\"faxNumber\":\"+49 721 85149-090\"},{\"@type\":\"PostalAddress\",\"@id\":\"https:\\\/\\\/www.aspion.de\\\/en\\\/fachpack-transport-monitoring-with-data-loggers-from-aspion\\\/#local-main-place-address\",\"streetAddress\":\"Ohiostra\u00dfe 11\",\"addressLocality\":\"Karlsruhe\",\"postalCode\":\"76149\",\"addressRegion\":\"Baden-W\u00fcrttemberg\",\"addressCountry\":\"DE\"},{\"@type\":\"ImageObject\",\"inLanguage\":\"en-US\",\"@id\":\"https:\\\/\\\/www.aspion.de\\\/en\\\/fachpack-transport-monitoring-with-data-loggers-from-aspion\\\/#local-main-organization-logo\",\"url\":\"https:\\\/\\\/www.aspion.de\\\/wp-content\\\/uploads\\\/2014\\\/05\\\/Aspion_GmbH_Active_SensorsPositioning_Logo_1.png\",\"contentUrl\":\"https:\\\/\\\/www.aspion.de\\\/wp-content\\\/uploads\\\/2014\\\/05\\\/Aspion_GmbH_Active_SensorsPositioning_Logo_1.png\",\"width\":280,\"height\":71,\"caption\":\"ASPION GmbH\"}]}<\/script>\n<meta name=\"geo.placename\" content=\"Karlsruhe\" \/>\n<meta name=\"geo.region\" content=\"Germany\" \/>\n<!-- \/ Yoast SEO Premium plugin. -->","yoast_head_json":{"title":"FachPack: Transport monitoring with data loggers from ASPION","description":"Smarte Transport\u00fcberwachung von ASPION auf der FachPack - jetzt Datenlogger kennenlernen, Termin vereinbaren und Eintrittsgutschein sichern!","robots":{"index":"index","follow":"follow","max-snippet":"max-snippet:-1","max-image-preview":"max-image-preview:large","max-video-preview":"max-video-preview:-1"},"canonical":"https:\/\/www.aspion.de\/en\/fachpack-transport-monitoring-with-data-loggers-from-aspion\/","og_locale":"en_US","og_type":"article","og_title":"FachPack: Transport monitoring with data loggers from ASPION","og_description":"Smarte Transport\u00fcberwachung von ASPION auf der FachPack - jetzt Datenlogger kennenlernen, Termin vereinbaren und Eintrittsgutschein sichern!","og_url":"https:\/\/www.aspion.de\/en\/fachpack-transport-monitoring-with-data-loggers-from-aspion\/","og_site_name":"ASPION GmbH \u2013 Profi-Datenlogger f\u00fcr Schock und Sto\u00df - f\u00fcr die Industrie","article_modified_time":"2021-09-07T09:00:46+00:00","og_image":[{"url":"https:\/\/www.aspion.de\/wp-content\/uploads\/2021\/08\/Fachpack2021_HP_eng.jpg","type":"","width":"","height":""}],"twitter_card":"summary_large_image","twitter_misc":{"Est. reading time":"2 minutes"},"schema":{"@context":"https:\/\/schema.org","@graph":[{"@type":"WebPage","@id":"https:\/\/www.aspion.de\/en\/fachpack-transport-monitoring-with-data-loggers-from-aspion\/","url":"https:\/\/www.aspion.de\/en\/fachpack-transport-monitoring-with-data-loggers-from-aspion\/","name":"FachPack: Transport monitoring with data loggers from ASPION","isPartOf":{"@id":"https:\/\/www.aspion.de\/en\/#website"},"primaryImageOfPage":{"@id":"https:\/\/www.aspion.de\/en\/fachpack-transport-monitoring-with-data-loggers-from-aspion\/#primaryimage"},"image":{"@id":"https:\/\/www.aspion.de\/en\/fachpack-transport-monitoring-with-data-loggers-from-aspion\/#primaryimage"},"thumbnailUrl":"https:\/\/www.aspion.de\/wp-content\/uploads\/2021\/08\/Fachpack2021_HP_eng.jpg","datePublished":"2018-07-11T10:47:02+00:00","dateModified":"2021-09-07T09:00:46+00:00","description":"Smarte Transport\u00fcberwachung von ASPION auf der FachPack - jetzt Datenlogger kennenlernen, Termin vereinbaren und Eintrittsgutschein sichern!","breadcrumb":{"@id":"https:\/\/www.aspion.de\/en\/fachpack-transport-monitoring-with-data-loggers-from-aspion\/#breadcrumb"},"inLanguage":"en-US","potentialAction":[{"@type":"ReadAction","target":["https:\/\/www.aspion.de\/en\/fachpack-transport-monitoring-with-data-loggers-from-aspion\/"]}]},{"@type":"ImageObject","inLanguage":"en-US","@id":"https:\/\/www.aspion.de\/en\/fachpack-transport-monitoring-with-data-loggers-from-aspion\/#primaryimage","url":"https:\/\/www.aspion.de\/wp-content\/uploads\/2021\/08\/Fachpack2021_HP_eng.jpg","contentUrl":"https:\/\/www.aspion.de\/wp-content\/uploads\/2021\/08\/Fachpack2021_HP_eng.jpg"},{"@type":"BreadcrumbList","@id":"https:\/\/www.aspion.de\/en\/fachpack-transport-monitoring-with-data-loggers-from-aspion\/#breadcrumb","itemListElement":[{"@type":"ListItem","position":1,"name":"Startseite","item":"https:\/\/www.aspion.de\/en\/"},{"@type":"ListItem","position":2,"name":"FachPack: Transport monitoring with data loggers from ASPION"}]},{"@type":"WebSite","@id":"https:\/\/www.aspion.de\/en\/#website","url":"https:\/\/www.aspion.de\/en\/","name":"ASPION GmbH \u2013 Profi-Datenlogger f\u00fcr Schock und Sto\u00df - f\u00fcr die Industrie","description":"Datenlogger f\u00fcr Transport\u00fcberwachung von Schock, Temperatur, Feuchte - einfach, kosteng\u00fcnstig, nachhaltig, made in Germany.","publisher":{"@id":"https:\/\/www.aspion.de\/en\/#organization"},"potentialAction":[{"@type":"SearchAction","target":{"@type":"EntryPoint","urlTemplate":"https:\/\/www.aspion.de\/en\/?s={search_term_string}"},"query-input":{"@type":"PropertyValueSpecification","valueRequired":true,"valueName":"search_term_string"}}],"inLanguage":"en-US"},{"@type":["Organization","Place"],"@id":"https:\/\/www.aspion.de\/en\/#organization","name":"ASPION GmbH","url":"https:\/\/www.aspion.de\/en\/","logo":{"@id":"https:\/\/www.aspion.de\/en\/fachpack-transport-monitoring-with-data-loggers-from-aspion\/#local-main-organization-logo"},"image":{"@id":"https:\/\/www.aspion.de\/en\/fachpack-transport-monitoring-with-data-loggers-from-aspion\/#local-main-organization-logo"},"sameAs":["https:\/\/www.linkedin.com\/company\/aspion-gmbh","https:\/\/www.youtube.com\/channel\/UCyPrXy8bNbXMKcp_MQEor3w"],"address":{"@id":"https:\/\/www.aspion.de\/en\/fachpack-transport-monitoring-with-data-loggers-from-aspion\/#local-main-place-address"},"telephone":["+49 721 85149-122"],"openingHoursSpecification":[{"@type":"OpeningHoursSpecification","dayOfWeek":["Monday","Tuesday","Wednesday","Thursday","Friday","Saturday","Sunday"],"opens":"09:00","closes":"17:00"}],"email":"info@aspion.de","faxNumber":"+49 721 85149-090"},{"@type":"PostalAddress","@id":"https:\/\/www.aspion.de\/en\/fachpack-transport-monitoring-with-data-loggers-from-aspion\/#local-main-place-address","streetAddress":"Ohiostra\u00dfe 11","addressLocality":"Karlsruhe","postalCode":"76149","addressRegion":"Baden-W\u00fcrttemberg","addressCountry":"DE"},{"@type":"ImageObject","inLanguage":"en-US","@id":"https:\/\/www.aspion.de\/en\/fachpack-transport-monitoring-with-data-loggers-from-aspion\/#local-main-organization-logo","url":"https:\/\/www.aspion.de\/wp-content\/uploads\/2014\/05\/Aspion_GmbH_Active_SensorsPositioning_Logo_1.png","contentUrl":"https:\/\/www.aspion.de\/wp-content\/uploads\/2014\/05\/Aspion_GmbH_Active_SensorsPositioning_Logo_1.png","width":280,"height":71,"caption":"ASPION GmbH"}]},"geo.placename":"Karlsruhe","geo.region":"Germany"},"_links":{"self":[{"href":"https:\/\/www.aspion.de\/en\/wp-json\/wp\/v2\/pages\/13409","targetHints":{"allow":["GET"]}}],"collection":[{"href":"https:\/\/www.aspion.de\/en\/wp-json\/wp\/v2\/pages"}],"about":[{"href":"https:\/\/www.aspion.de\/en\/wp-json\/wp\/v2\/types\/page"}],"author":[{"embeddable":true,"href":"https:\/\/www.aspion.de\/en\/wp-json\/wp\/v2\/users\/1"}],"replies":[{"embeddable":true,"href":"https:\/\/www.aspion.de\/en\/wp-json\/wp\/v2\/comments?post=13409"}],"version-history":[{"count":33,"href":"https:\/\/www.aspion.de\/en\/wp-json\/wp\/v2\/pages\/13409\/revisions"}],"predecessor-version":[{"id":16756,"href":"https:\/\/www.aspion.de\/en\/wp-json\/wp\/v2\/pages\/13409\/revisions\/16756"}],"wp:attachment":[{"href":"https:\/\/www.aspion.de\/en\/wp-json\/wp\/v2\/media?parent=13409"}],"curies":[{"name":"wp","href":"https:\/\/api.w.org\/{rel}","templated":true}]}}