{"id":13426,"date":"2017-10-22T16:11:26","date_gmt":"2017-10-22T15:11:26","guid":{"rendered":"http:\/\/aspion.de.w01957cf.kasserver.com\/bestellung-aspion-g-log-waterproof-testpaket\/"},"modified":"2020-10-13T15:41:15","modified_gmt":"2020-10-13T14:41:15","slug":"order-aspion-g-log-waterproof-starter-package-order-now-online","status":"publish","type":"page","link":"https:\/\/www.aspion.de\/en\/order-aspion-g-log-waterproof-starter-package-order-now-online\/","title":{"rendered":"Order ASPION G-Log Waterproof &#8211; starter package &#8211; order now online"},"content":{"rendered":"<h2>\n\t\tOrder\n\t<\/h2>\n\t\n<div class=\"wpcf7 no-js\" id=\"wpcf7-f13425-o1\" lang=\"de-DE\" dir=\"ltr\" data-wpcf7-id=\"13425\">\n<div class=\"screen-reader-response\"><p role=\"status\" aria-live=\"polite\" aria-atomic=\"true\"><\/p> <ul><\/ul><\/div>\n<form action=\"\/en\/wp-json\/wp\/v2\/pages\/13426#wpcf7-f13425-o1\" method=\"post\" class=\"wpcf7-form init wpcf7-acceptance-as-validation\" aria-label=\"Kontaktformular\" novalidate=\"novalidate\" data-status=\"init\">\n<fieldset class=\"hidden-fields-container\"><input type=\"hidden\" name=\"_wpcf7\" value=\"13425\" \/><input type=\"hidden\" name=\"_wpcf7_version\" value=\"6.1.5\" \/><input type=\"hidden\" name=\"_wpcf7_locale\" value=\"de_DE\" \/><input type=\"hidden\" name=\"_wpcf7_unit_tag\" value=\"wpcf7-f13425-o1\" \/><input type=\"hidden\" name=\"_wpcf7_container_post\" value=\"0\" \/><input type=\"hidden\" name=\"_wpcf7_posted_data_hash\" value=\"\" \/>\n<\/fieldset>\n<h3><span class=\"wpcf7-form-control-wrap\" data-name=\"Testpaket\"><span class=\"wpcf7-form-control wpcf7-acceptance\"><span class=\"wpcf7-list-item\"><input type=\"checkbox\" name=\"Testpaket\" value=\"1\" aria-invalid=\"false\" \/><\/span><\/span><\/span> ASPION G-Log Waterproof - starter package at the price of 259 \u20ac net\n<\/h3>\n<p>consisting of\n<\/p>\n<h5>> 2 shock data loggers ASPION G-Log Waterproof (waterproof version IP 65)<br \/>\n> 1 USB card reader Identiv uTrust 3700 F<br \/>\n> incl. ASPION PC software and App\n<\/h5>\n<h3>Consignor \/ Orderer\n<\/h3>\n<p style=\"font-size: 100%\">Company\n<\/p>\n<p><span class=\"wpcf7-form-control-wrap\" data-name=\"Firma\"><input size=\"40\" maxlength=\"400\" class=\"wpcf7-form-control wpcf7-text wpcf7-validates-as-required\" aria-required=\"true\" aria-invalid=\"false\" placeholder=\"Company\" value=\"\" type=\"text\" name=\"Firma\" \/><\/span>\n<\/p>\n<p><span class=\"wpcf7-form-control-wrap\" data-name=\"Firma2\"><input size=\"40\" maxlength=\"400\" class=\"wpcf7-form-control wpcf7-text\" aria-invalid=\"false\" placeholder=\"Company 2\" value=\"\" type=\"text\" name=\"Firma2\" \/><\/span>\n<\/p>\n<p><span class=\"wpcf7-form-control-wrap\" data-name=\"Strasse\"><input size=\"40\" maxlength=\"400\" class=\"wpcf7-form-control wpcf7-text wpcf7-validates-as-required\" aria-required=\"true\" aria-invalid=\"false\" placeholder=\"Street and house number\" value=\"\" type=\"text\" name=\"Strasse\" \/><\/span>\n<\/p>\n<p><span class=\"wpcf7-form-control-wrap\" data-name=\"ZIP\"><input size=\"40\" maxlength=\"400\" class=\"wpcf7-form-control wpcf7-text wpcf7-validates-as-required\" aria-required=\"true\" aria-invalid=\"false\" placeholder=\"ZIP code \/ postal code\" value=\"\" type=\"text\" name=\"ZIP\" \/><\/span>\n<\/p>\n<p><span class=\"wpcf7-form-control-wrap\" data-name=\"City\"><input size=\"40\" maxlength=\"400\" class=\"wpcf7-form-control wpcf7-text wpcf7-validates-as-required\" aria-required=\"true\" aria-invalid=\"false\" placeholder=\"City\" value=\"\" type=\"text\" name=\"City\" \/><\/span>\n<\/p>\n<p><span class=\"wpcf7-form-control-wrap\" data-name=\"Land\"><input size=\"40\" maxlength=\"400\" class=\"wpcf7-form-control wpcf7-text wpcf7-validates-as-required\" aria-required=\"true\" aria-invalid=\"false\" placeholder=\"Country\" value=\"\" type=\"text\" name=\"Land\" \/><\/span>\n<\/p>\n<p><span class=\"wpcf7-form-control-wrap\" data-name=\"Internetseite\"><input size=\"40\" maxlength=\"400\" class=\"wpcf7-form-control wpcf7-url wpcf7-validates-as-required wpcf7-text wpcf7-validates-as-url\" aria-required=\"true\" aria-invalid=\"false\" placeholder=\"Website\" value=\"\" type=\"url\" name=\"Internetseite\" \/><\/span>\n<\/p>\n<p style=\"font-size: 100%;\">Contact person\n<\/p>\n<p style=\"font-size: 80%;\"<span class=\"wpcf7-form-control-wrap\" data-name=\"Anrede\"><span class=\"wpcf7-form-control wpcf7-radio\"><span class=\"wpcf7-list-item first\"><input type=\"radio\" name=\"Anrede\" value=\"Mr.\" \/><span class=\"wpcf7-list-item-label\">Mr.<\/span><\/span><span class=\"wpcf7-list-item last\"><input type=\"radio\" name=\"Anrede\" value=\"Mrs.\" \/><span class=\"wpcf7-list-item-label\">Mrs.<\/span><\/span><\/span><\/span>\n<\/p>\n<p><span class=\"wpcf7-form-control-wrap\" data-name=\"Titel\"><input size=\"40\" maxlength=\"400\" class=\"wpcf7-form-control wpcf7-text\" aria-invalid=\"false\" placeholder=\"Title\" value=\"\" type=\"text\" name=\"Titel\" \/><\/span>\n<\/p>\n<p><span class=\"wpcf7-form-control-wrap\" data-name=\"Vorname\"><input size=\"40\" maxlength=\"400\" class=\"wpcf7-form-control wpcf7-text wpcf7-validates-as-required\" aria-required=\"true\" aria-invalid=\"false\" placeholder=\"First name\" value=\"\" type=\"text\" name=\"Vorname\" \/><\/span>\n<\/p>\n<p><span class=\"wpcf7-form-control-wrap\" data-name=\"your-name\"><input size=\"40\" maxlength=\"400\" class=\"wpcf7-form-control wpcf7-text wpcf7-validates-as-required\" aria-required=\"true\" aria-invalid=\"false\" placeholder=\"Last name\" value=\"\" type=\"text\" name=\"your-name\" \/><\/span>\n<\/p>\n<p><span class=\"wpcf7-form-control-wrap\" data-name=\"Funktion\"><input size=\"40\" maxlength=\"400\" class=\"wpcf7-form-control wpcf7-text wpcf7-validates-as-required\" aria-required=\"true\" aria-invalid=\"false\" placeholder=\"Function\" value=\"\" type=\"text\" name=\"Funktion\" \/><\/span>\n<\/p>\n<p><span class=\"wpcf7-form-control-wrap\" data-name=\"tel-521\"><input size=\"40\" maxlength=\"400\" class=\"wpcf7-form-control wpcf7-tel wpcf7-validates-as-required wpcf7-text wpcf7-validates-as-tel\" aria-required=\"true\" aria-invalid=\"false\" placeholder=\"Telephone with extension\" value=\"\" type=\"tel\" name=\"tel-521\" \/><\/span>\n<\/p>\n<p><span class=\"wpcf7-form-control-wrap\" data-name=\"your-email\"><input size=\"40\" maxlength=\"400\" class=\"wpcf7-form-control wpcf7-email wpcf7-validates-as-required wpcf7-text wpcf7-validates-as-email\" aria-required=\"true\" aria-invalid=\"false\" placeholder=\"E-Mail\" value=\"\" type=\"email\" name=\"your-email\" \/><\/span>\n<\/p>\n<p>How did you hear about us?\n<\/p>\n<p><span class=\"wpcf7-form-control-wrap\" data-name=\"WiehabenSieunsgefunden\"><select class=\"wpcf7-form-control wpcf7-select wpcf7-validates-as-required\" aria-required=\"true\" aria-invalid=\"false\" name=\"WiehabenSieunsgefunden\"><option value=\"Please select...\">Please select...<\/option><option value=\"Google search\">Google search<\/option><option value=\"Trade fair\">Trade fair<\/option><option value=\"Newsletter\">Newsletter<\/option><option value=\"Report in trade journal\">Report in trade journal<\/option><option value=\"Article in online magazine\">Article in online magazine<\/option><option value=\"Information by post\">Information by post<\/option><option value=\"Recommendation\">Recommendation<\/option><option value=\"Miscellaneous\">Miscellaneous<\/option><\/select><\/span>\n<\/p>\n<p><span class=\"wpcf7-form-control-wrap\" data-name=\"your-message\"><textarea cols=\"40\" rows=\"10\" maxlength=\"2000\" class=\"wpcf7-form-control wpcf7-textarea\" aria-invalid=\"false\" placeholder=\"Your message to us\" name=\"your-message\"><\/textarea><\/span>\n<\/p>\n<p><span class=\"wpcf7-form-control-wrap\" data-name=\"Lieferbedingungen\"><span class=\"wpcf7-form-control wpcf7-acceptance\"><span class=\"wpcf7-list-item\"><input type=\"checkbox\" name=\"Lieferbedingungen\" value=\"1\" aria-invalid=\"false\" \/><\/span><\/span><\/span> I accept the terms of delivery and payment*. I agree to the electronic processing of my data, details of which can be found in the <a href=\"\/en\/privacy-notice\/\" target=\"_blank\">Privacy notice<\/a>. I will receive a copy of my order by e-mail.\n<\/p>\n<p><span class=\"wpcf7-form-control-wrap\" data-name=\"hcap-cf7\">\t\t<input\n\t\t\t\ttype=\"hidden\"\n\t\t\t\tclass=\"hcaptcha-widget-id\"\n\t\t\t\tname=\"hcaptcha-widget-id\"\n\t\t\t\tvalue=\"eyJzb3VyY2UiOlsiY29udGFjdC1mb3JtLTdcL3dwLWNvbnRhY3QtZm9ybS03LnBocCJdLCJmb3JtX2lkIjoxMzQyNX0=-cfe21b026f1877672debfd9fe37b76e9\">\n\t\t\t\t<span id=\"hcap_cf7-69f56d73786822.94458339\" class=\"wpcf7-form-control h-captcha \"\n\t\t\tdata-sitekey=\"72c8e590-c500-4494-acfc-97a447daf1cc\"\n\t\t\tdata-theme=\"light\"\n\t\t\tdata-size=\"normal\"\n\t\t\tdata-auto=\"false\"\n\t\t\tdata-ajax=\"false\"\n\t\t\tdata-force=\"false\">\n\t\t<\/span>\n\t\t<input type=\"hidden\" id=\"_wpnonce\" name=\"_wpnonce\" value=\"2e8fbf0640\" \/><input type=\"hidden\" name=\"_wp_http_referer\" value=\"\/en\/wp-json\/wp\/v2\/pages\/13426\" \/><\/span><input class=\"wpcf7-form-control wpcf7-submit has-spinner\" type=\"submit\" value=\"Order Now\" \/>\n<\/p>\n<p style=\"font-size: 100%\"><br \/>\n*Terms of delivery and payment\n<\/p>\n<p style=\"font-size: 80%\">The delivery time is 3 working days within Germany, approx. 5 - 10 working days for other countries after receipt of order. Delivery is free domicile within Germany, to other European countries plus 20 - 30 Euro shipping costs. The price is exclusive of statutory VAT, payment on invoice 10 days after invoicing and dispatch of delivery. Deliveries outside Europe are made against prepayment plus 60 - 90 Euro shipping costs. Costs of money transfer are to be borne by the buyer. Our <a href=\"https:\/\/www.aspion.de\/wp-content\/uploads\/2024\/05\/ASPION_Terms_and_Conditions.pdf\" target=\"_blank\">terms and conditions<\/a> apply exclusively.\n<\/p><div class=\"wpcf7-response-output\" aria-hidden=\"true\"><\/div>\n<\/form>\n<\/div>\n\n\t\t\t\t<img decoding=\"async\" src=\"https:\/\/www.aspion.de\/wp-content\/uploads\/2017\/10\/ASPION_G-Log_Waterproof-e1508336587660-300x29.png\" alt=\"Schocksensor ASPION G-Log als wasserdichte Ausf\u00fchrung: Datenlogger mit Geh\u00e4useschutzart IP 65\" itemprop=\"image\" height=\"29\" width=\"300\" title=\"ASPION G-Log Waterproof\" onerror=\"this.style.display='none'\"  \/>\n\t\t\t\t<img decoding=\"async\" src=\"https:\/\/www.aspion.de\/wp-content\/uploads\/2020\/09\/G-Log_en_gro\u00df.jpg\" alt=\"G-Log_en_gro\u00df\" itemprop=\"image\" height=\"3438\" width=\"3664\" title=\"G-Log_en_gro\u00df\" onerror=\"this.style.display='none'\"  \/>\n","protected":false},"excerpt":{"rendered":"<p>Order<\/p>\n","protected":false},"author":1,"featured_media":0,"parent":0,"menu_order":0,"comment_status":"closed","ping_status":"closed","template":"","meta":{"_acf_changed":false,"footnotes":""},"class_list":["post-13426","page","type-page","status-publish","hentry"],"acf":[],"yoast_head":"<!-- This site is optimized with the Yoast SEO Premium plugin v27.5 (Yoast SEO v27.5) - https:\/\/yoast.com\/product\/yoast-seo-premium-wordpress\/ -->\n<title>Order ASPION G-Log Waterproof - starter package - order now online<\/title>\n<meta name=\"description\" content=\"ASPION G-Log Waterproof - Testpaket f\u00fcr 239 Euro - Schocksensor einfach und schnell testen: 2 wasserdichte Sensoren, Kartenleser, Software und App.\" \/>\n<meta name=\"robots\" content=\"index, follow, max-snippet:-1, max-image-preview:large, max-video-preview:-1\" \/>\n<link rel=\"canonical\" href=\"https:\/\/www.aspion.de\/en\/order-aspion-g-log-waterproof-starter-package-order-now-online\/\" \/>\n<meta property=\"og:locale\" content=\"en_US\" \/>\n<meta property=\"og:type\" content=\"article\" \/>\n<meta property=\"og:title\" content=\"Order ASPION G-Log Waterproof - starter package - order now online\" \/>\n<meta property=\"og:description\" content=\"ASPION G-Log Waterproof - Testpaket f\u00fcr 239 Euro - Schocksensor einfach und schnell testen: 2 wasserdichte Sensoren, Kartenleser, Software und App.\" \/>\n<meta property=\"og:url\" content=\"https:\/\/www.aspion.de\/en\/order-aspion-g-log-waterproof-starter-package-order-now-online\/\" \/>\n<meta property=\"og:site_name\" content=\"ASPION GmbH \u2013 Profi-Datenlogger f\u00fcr Schock und Sto\u00df - f\u00fcr die Industrie\" \/>\n<meta property=\"article:modified_time\" content=\"2020-10-13T14:41:15+00:00\" \/>\n<meta property=\"og:image\" content=\"https:\/\/www.aspion.de\/wp-content\/uploads\/2017\/10\/ASPION_G-Log_Waterproof-e1508336587660-300x29.png\" \/>\n<meta name=\"twitter:card\" content=\"summary_large_image\" \/>\n<script type=\"application\/ld+json\" class=\"yoast-schema-graph\">{\"@context\":\"https:\\\/\\\/schema.org\",\"@graph\":[{\"@type\":\"WebPage\",\"@id\":\"https:\\\/\\\/www.aspion.de\\\/en\\\/order-aspion-g-log-waterproof-starter-package-order-now-online\\\/\",\"url\":\"https:\\\/\\\/www.aspion.de\\\/en\\\/order-aspion-g-log-waterproof-starter-package-order-now-online\\\/\",\"name\":\"Order ASPION G-Log Waterproof - starter package - order now online\",\"isPartOf\":{\"@id\":\"https:\\\/\\\/www.aspion.de\\\/en\\\/#website\"},\"primaryImageOfPage\":{\"@id\":\"https:\\\/\\\/www.aspion.de\\\/en\\\/order-aspion-g-log-waterproof-starter-package-order-now-online\\\/#primaryimage\"},\"image\":{\"@id\":\"https:\\\/\\\/www.aspion.de\\\/en\\\/order-aspion-g-log-waterproof-starter-package-order-now-online\\\/#primaryimage\"},\"thumbnailUrl\":\"https:\\\/\\\/www.aspion.de\\\/wp-content\\\/uploads\\\/2017\\\/10\\\/ASPION_G-Log_Waterproof-e1508336587660-300x29.png\",\"datePublished\":\"2017-10-22T15:11:26+00:00\",\"dateModified\":\"2020-10-13T14:41:15+00:00\",\"description\":\"ASPION G-Log Waterproof - Testpaket f\u00fcr 239 Euro - Schocksensor einfach und schnell testen: 2 wasserdichte Sensoren, Kartenleser, Software und App.\",\"breadcrumb\":{\"@id\":\"https:\\\/\\\/www.aspion.de\\\/en\\\/order-aspion-g-log-waterproof-starter-package-order-now-online\\\/#breadcrumb\"},\"inLanguage\":\"en-US\",\"potentialAction\":[{\"@type\":\"ReadAction\",\"target\":[\"https:\\\/\\\/www.aspion.de\\\/en\\\/order-aspion-g-log-waterproof-starter-package-order-now-online\\\/\"]}]},{\"@type\":\"ImageObject\",\"inLanguage\":\"en-US\",\"@id\":\"https:\\\/\\\/www.aspion.de\\\/en\\\/order-aspion-g-log-waterproof-starter-package-order-now-online\\\/#primaryimage\",\"url\":\"https:\\\/\\\/www.aspion.de\\\/wp-content\\\/uploads\\\/2017\\\/10\\\/ASPION_G-Log_Waterproof-e1508336587660-300x29.png\",\"contentUrl\":\"https:\\\/\\\/www.aspion.de\\\/wp-content\\\/uploads\\\/2017\\\/10\\\/ASPION_G-Log_Waterproof-e1508336587660-300x29.png\"},{\"@type\":\"BreadcrumbList\",\"@id\":\"https:\\\/\\\/www.aspion.de\\\/en\\\/order-aspion-g-log-waterproof-starter-package-order-now-online\\\/#breadcrumb\",\"itemListElement\":[{\"@type\":\"ListItem\",\"position\":1,\"name\":\"Startseite\",\"item\":\"https:\\\/\\\/www.aspion.de\\\/en\\\/\"},{\"@type\":\"ListItem\",\"position\":2,\"name\":\"Order ASPION G-Log Waterproof &#8211; starter package &#8211; order now online\"}]},{\"@type\":\"WebSite\",\"@id\":\"https:\\\/\\\/www.aspion.de\\\/en\\\/#website\",\"url\":\"https:\\\/\\\/www.aspion.de\\\/en\\\/\",\"name\":\"ASPION GmbH \u2013 Profi-Datenlogger f\u00fcr Schock und Sto\u00df - f\u00fcr die Industrie\",\"description\":\"Datenlogger f\u00fcr Transport\u00fcberwachung von Schock, Temperatur, Feuchte - einfach, kosteng\u00fcnstig, nachhaltig, made in Germany.\",\"publisher\":{\"@id\":\"https:\\\/\\\/www.aspion.de\\\/en\\\/#organization\"},\"potentialAction\":[{\"@type\":\"SearchAction\",\"target\":{\"@type\":\"EntryPoint\",\"urlTemplate\":\"https:\\\/\\\/www.aspion.de\\\/en\\\/?s={search_term_string}\"},\"query-input\":{\"@type\":\"PropertyValueSpecification\",\"valueRequired\":true,\"valueName\":\"search_term_string\"}}],\"inLanguage\":\"en-US\"},{\"@type\":[\"Organization\",\"Place\"],\"@id\":\"https:\\\/\\\/www.aspion.de\\\/en\\\/#organization\",\"name\":\"ASPION GmbH\",\"url\":\"https:\\\/\\\/www.aspion.de\\\/en\\\/\",\"logo\":{\"@id\":\"https:\\\/\\\/www.aspion.de\\\/en\\\/order-aspion-g-log-waterproof-starter-package-order-now-online\\\/#local-main-organization-logo\"},\"image\":{\"@id\":\"https:\\\/\\\/www.aspion.de\\\/en\\\/order-aspion-g-log-waterproof-starter-package-order-now-online\\\/#local-main-organization-logo\"},\"sameAs\":[\"https:\\\/\\\/www.linkedin.com\\\/company\\\/aspion-gmbh\",\"https:\\\/\\\/www.youtube.com\\\/channel\\\/UCyPrXy8bNbXMKcp_MQEor3w\"],\"address\":{\"@id\":\"https:\\\/\\\/www.aspion.de\\\/en\\\/order-aspion-g-log-waterproof-starter-package-order-now-online\\\/#local-main-place-address\"},\"telephone\":[\"+49 721 85149-122\"],\"openingHoursSpecification\":[{\"@type\":\"OpeningHoursSpecification\",\"dayOfWeek\":[\"Monday\",\"Tuesday\",\"Wednesday\",\"Thursday\",\"Friday\",\"Saturday\",\"Sunday\"],\"opens\":\"09:00\",\"closes\":\"17:00\"}],\"email\":\"info@aspion.de\",\"faxNumber\":\"+49 721 85149-090\"},{\"@type\":\"PostalAddress\",\"@id\":\"https:\\\/\\\/www.aspion.de\\\/en\\\/order-aspion-g-log-waterproof-starter-package-order-now-online\\\/#local-main-place-address\",\"streetAddress\":\"Ohiostra\u00dfe 11\",\"addressLocality\":\"Karlsruhe\",\"postalCode\":\"76149\",\"addressRegion\":\"Baden-W\u00fcrttemberg\",\"addressCountry\":\"DE\"},{\"@type\":\"ImageObject\",\"inLanguage\":\"en-US\",\"@id\":\"https:\\\/\\\/www.aspion.de\\\/en\\\/order-aspion-g-log-waterproof-starter-package-order-now-online\\\/#local-main-organization-logo\",\"url\":\"https:\\\/\\\/www.aspion.de\\\/wp-content\\\/uploads\\\/2014\\\/05\\\/Aspion_GmbH_Active_SensorsPositioning_Logo_1.png\",\"contentUrl\":\"https:\\\/\\\/www.aspion.de\\\/wp-content\\\/uploads\\\/2014\\\/05\\\/Aspion_GmbH_Active_SensorsPositioning_Logo_1.png\",\"width\":280,\"height\":71,\"caption\":\"ASPION GmbH\"}]}<\/script>\n<meta name=\"geo.placename\" content=\"Karlsruhe\" \/>\n<meta name=\"geo.region\" content=\"Germany\" \/>\n<!-- \/ Yoast SEO Premium plugin. -->","yoast_head_json":{"title":"Order ASPION G-Log Waterproof - starter package - order now online","description":"ASPION G-Log Waterproof - Testpaket f\u00fcr 239 Euro - Schocksensor einfach und schnell testen: 2 wasserdichte Sensoren, Kartenleser, Software und App.","robots":{"index":"index","follow":"follow","max-snippet":"max-snippet:-1","max-image-preview":"max-image-preview:large","max-video-preview":"max-video-preview:-1"},"canonical":"https:\/\/www.aspion.de\/en\/order-aspion-g-log-waterproof-starter-package-order-now-online\/","og_locale":"en_US","og_type":"article","og_title":"Order ASPION G-Log Waterproof - starter package - order now online","og_description":"ASPION G-Log Waterproof - Testpaket f\u00fcr 239 Euro - Schocksensor einfach und schnell testen: 2 wasserdichte Sensoren, Kartenleser, Software und App.","og_url":"https:\/\/www.aspion.de\/en\/order-aspion-g-log-waterproof-starter-package-order-now-online\/","og_site_name":"ASPION GmbH \u2013 Profi-Datenlogger f\u00fcr Schock und Sto\u00df - f\u00fcr die Industrie","article_modified_time":"2020-10-13T14:41:15+00:00","og_image":[{"url":"https:\/\/www.aspion.de\/wp-content\/uploads\/2017\/10\/ASPION_G-Log_Waterproof-e1508336587660-300x29.png","type":"","width":"","height":""}],"twitter_card":"summary_large_image","schema":{"@context":"https:\/\/schema.org","@graph":[{"@type":"WebPage","@id":"https:\/\/www.aspion.de\/en\/order-aspion-g-log-waterproof-starter-package-order-now-online\/","url":"https:\/\/www.aspion.de\/en\/order-aspion-g-log-waterproof-starter-package-order-now-online\/","name":"Order ASPION G-Log Waterproof - starter package - order now online","isPartOf":{"@id":"https:\/\/www.aspion.de\/en\/#website"},"primaryImageOfPage":{"@id":"https:\/\/www.aspion.de\/en\/order-aspion-g-log-waterproof-starter-package-order-now-online\/#primaryimage"},"image":{"@id":"https:\/\/www.aspion.de\/en\/order-aspion-g-log-waterproof-starter-package-order-now-online\/#primaryimage"},"thumbnailUrl":"https:\/\/www.aspion.de\/wp-content\/uploads\/2017\/10\/ASPION_G-Log_Waterproof-e1508336587660-300x29.png","datePublished":"2017-10-22T15:11:26+00:00","dateModified":"2020-10-13T14:41:15+00:00","description":"ASPION G-Log Waterproof - Testpaket f\u00fcr 239 Euro - Schocksensor einfach und schnell testen: 2 wasserdichte Sensoren, Kartenleser, Software und App.","breadcrumb":{"@id":"https:\/\/www.aspion.de\/en\/order-aspion-g-log-waterproof-starter-package-order-now-online\/#breadcrumb"},"inLanguage":"en-US","potentialAction":[{"@type":"ReadAction","target":["https:\/\/www.aspion.de\/en\/order-aspion-g-log-waterproof-starter-package-order-now-online\/"]}]},{"@type":"ImageObject","inLanguage":"en-US","@id":"https:\/\/www.aspion.de\/en\/order-aspion-g-log-waterproof-starter-package-order-now-online\/#primaryimage","url":"https:\/\/www.aspion.de\/wp-content\/uploads\/2017\/10\/ASPION_G-Log_Waterproof-e1508336587660-300x29.png","contentUrl":"https:\/\/www.aspion.de\/wp-content\/uploads\/2017\/10\/ASPION_G-Log_Waterproof-e1508336587660-300x29.png"},{"@type":"BreadcrumbList","@id":"https:\/\/www.aspion.de\/en\/order-aspion-g-log-waterproof-starter-package-order-now-online\/#breadcrumb","itemListElement":[{"@type":"ListItem","position":1,"name":"Startseite","item":"https:\/\/www.aspion.de\/en\/"},{"@type":"ListItem","position":2,"name":"Order ASPION G-Log Waterproof &#8211; starter package &#8211; order now online"}]},{"@type":"WebSite","@id":"https:\/\/www.aspion.de\/en\/#website","url":"https:\/\/www.aspion.de\/en\/","name":"ASPION GmbH \u2013 Profi-Datenlogger f\u00fcr Schock und Sto\u00df - f\u00fcr die Industrie","description":"Datenlogger f\u00fcr Transport\u00fcberwachung von Schock, Temperatur, Feuchte - einfach, kosteng\u00fcnstig, nachhaltig, made in Germany.","publisher":{"@id":"https:\/\/www.aspion.de\/en\/#organization"},"potentialAction":[{"@type":"SearchAction","target":{"@type":"EntryPoint","urlTemplate":"https:\/\/www.aspion.de\/en\/?s={search_term_string}"},"query-input":{"@type":"PropertyValueSpecification","valueRequired":true,"valueName":"search_term_string"}}],"inLanguage":"en-US"},{"@type":["Organization","Place"],"@id":"https:\/\/www.aspion.de\/en\/#organization","name":"ASPION GmbH","url":"https:\/\/www.aspion.de\/en\/","logo":{"@id":"https:\/\/www.aspion.de\/en\/order-aspion-g-log-waterproof-starter-package-order-now-online\/#local-main-organization-logo"},"image":{"@id":"https:\/\/www.aspion.de\/en\/order-aspion-g-log-waterproof-starter-package-order-now-online\/#local-main-organization-logo"},"sameAs":["https:\/\/www.linkedin.com\/company\/aspion-gmbh","https:\/\/www.youtube.com\/channel\/UCyPrXy8bNbXMKcp_MQEor3w"],"address":{"@id":"https:\/\/www.aspion.de\/en\/order-aspion-g-log-waterproof-starter-package-order-now-online\/#local-main-place-address"},"telephone":["+49 721 85149-122"],"openingHoursSpecification":[{"@type":"OpeningHoursSpecification","dayOfWeek":["Monday","Tuesday","Wednesday","Thursday","Friday","Saturday","Sunday"],"opens":"09:00","closes":"17:00"}],"email":"info@aspion.de","faxNumber":"+49 721 85149-090"},{"@type":"PostalAddress","@id":"https:\/\/www.aspion.de\/en\/order-aspion-g-log-waterproof-starter-package-order-now-online\/#local-main-place-address","streetAddress":"Ohiostra\u00dfe 11","addressLocality":"Karlsruhe","postalCode":"76149","addressRegion":"Baden-W\u00fcrttemberg","addressCountry":"DE"},{"@type":"ImageObject","inLanguage":"en-US","@id":"https:\/\/www.aspion.de\/en\/order-aspion-g-log-waterproof-starter-package-order-now-online\/#local-main-organization-logo","url":"https:\/\/www.aspion.de\/wp-content\/uploads\/2014\/05\/Aspion_GmbH_Active_SensorsPositioning_Logo_1.png","contentUrl":"https:\/\/www.aspion.de\/wp-content\/uploads\/2014\/05\/Aspion_GmbH_Active_SensorsPositioning_Logo_1.png","width":280,"height":71,"caption":"ASPION GmbH"}]},"geo.placename":"Karlsruhe","geo.region":"Germany"},"_links":{"self":[{"href":"https:\/\/www.aspion.de\/en\/wp-json\/wp\/v2\/pages\/13426","targetHints":{"allow":["GET"]}}],"collection":[{"href":"https:\/\/www.aspion.de\/en\/wp-json\/wp\/v2\/pages"}],"about":[{"href":"https:\/\/www.aspion.de\/en\/wp-json\/wp\/v2\/types\/page"}],"author":[{"embeddable":true,"href":"https:\/\/www.aspion.de\/en\/wp-json\/wp\/v2\/users\/1"}],"replies":[{"embeddable":true,"href":"https:\/\/www.aspion.de\/en\/wp-json\/wp\/v2\/comments?post=13426"}],"version-history":[{"count":7,"href":"https:\/\/www.aspion.de\/en\/wp-json\/wp\/v2\/pages\/13426\/revisions"}],"predecessor-version":[{"id":15469,"href":"https:\/\/www.aspion.de\/en\/wp-json\/wp\/v2\/pages\/13426\/revisions\/15469"}],"wp:attachment":[{"href":"https:\/\/www.aspion.de\/en\/wp-json\/wp\/v2\/media?parent=13426"}],"curies":[{"name":"wp","href":"https:\/\/api.w.org\/{rel}","templated":true}]}}