{"id":13548,"date":"2017-03-21T10:03:15","date_gmt":"2017-03-21T09:03:15","guid":{"rendered":"http:\/\/aspion.de.w01957cf.kasserver.com\/pressemitteilung-aspion-mit-guetesiegel-software-made-in-germany-ausgezeichnet\/"},"modified":"2019-08-02T09:11:17","modified_gmt":"2019-08-02T08:11:17","slug":"aspion-awarded-with-bitmi-seal-of-approval-software-made-in-germany","status":"publish","type":"page","link":"https:\/\/www.aspion.de\/en\/aspion-awarded-with-bitmi-seal-of-approval-software-made-in-germany\/","title":{"rendered":"ASPION awarded with BITMi seal of approval &#8220;Software Made in Germany"},"content":{"rendered":"\n<p>Press Release 27.03.2017<\/p>\n<p>&nbsp;<\/p>\n<p>User-friendly, flexible and smart: ASPION G-Log Software<\/p>\n<h3>ASPION awarded with BITMi seal of approval &#8220;Software Made in Germany<\/h3>\n<p>&#8220;Made in Germany&#8221; stands for high quality, high performance and a secure future. ASPION GmbH from Karlsruhe has now been selected by the Bundesverband IT-Mittelstand e.V. (Federal Association of IT SMEs). (BITMi) with the seal of approval &#8220;Software Made in Germany&#8221;.<\/p>\n<p>BITMi Vice President Martin Hubschneider presented the seal of approval to Michael W\u00f6hr, founder and managing director of ASPION GmbH at CeBIT. According to Hubschneider, the ASPION G-Log Manager software and the associated smartphone app for controlling the shock sensors are characterized above all by user-friendliness, flexibility and a sophisticated, smart design. In addition, customers are supported by a competent service in all handling issues with the sensor for transport monitoring, which has already proven itself successfully in practice.<\/p>\n<p>&#8220;The Bundesverband IT-Mittelstand e.V. awards the seal of quality &#8216;Software Made in Germany&#8217; to underline the quality of German software products&#8221;, it says in the laudation of the BITMi Vice President Martin Hubschneider. &#8220;We are also pleased to be able to award seal holders that produce internationally oriented products&#8221;. The shock sensor ASPION G-Log &#8211; also &#8216;Made in Germany&#8217; &#8211; monitors the transport of sensitive goods and brings worldwide transparency and security to the entire supply chain. The control of the sensor, such as configuration of limit values, start and stop of recordings as well as intelligent functions for the smartphone app, such as PIN protection for stopping a sensor, is carried out with the PC software ASPION G-Log Manager.<\/p>\n<p>According to the BITMi, the &#8220;Software Made in Germany&#8221; seal of approval is a valuable marketing tool for the certified company. &#8220;We are very pleased about the award of the BITMi seal of quality&#8221;, says managing director Michael W\u00f6hr of ASPION GmbH. &#8220;The award confirms our good positioning in Germany. We want to expand this further and open up new markets with smart sensor technology &#8216;Made in Germany'&#8221;.<\/p>\n<p>&nbsp;<\/p>\n<h3>About ASPION GmbH<\/h3>\n<p>ASPION GmbH develops and markets energy-optimized, smart sensors with wireless communication for industrial 4.0 applications. The hardware and software solutions &#8216;Made in Germany&#8217; support industrial companies in their logistical tasks: Processes and procedures can be intelligently networked, digitized and efficiently organized by ASPION&#8217;s smart sensors. Sensor solutions are an essential building block in the digitization of industrial 4.0 applications, with which industrial and commercial enterprises save valuable time and costs. ASPION, based in Karlsruhe, Germany, was founded in 2011 by Managing Director Michael W\u00f6hr. In addition to the standard product ASPION G-Log for transport monitoring, engineering services in the area of hardware-related development with solution integration round off the range of services.<\/p>\n<p>&nbsp;<\/p>\n<h3>About the BITMi<\/h3>\n<p>The Bundesverband IT-Mittelstand e.V. is the only IT trade association that exclusively represents medium-sized interests. Both direct members and associations associated with the BITMi are united in the BITMi. The association thus represents the interests of more than 1000 medium-sized IT companies in Germany with a sales volume of more than one billion euros.<\/p>\n\t\t\t\t<a href=\"https:\/\/www.aspion.de\/wp-content\/uploads\/2019\/02\/ASPION_ROlog_Digitales-Werkzeug_Print.jpg\" target=\"_blank\" rel=\"noopener noreferrer\"  itemprop=\"url\">\n\t\t\t\t<img decoding=\"async\" src=\"https:\/\/www.aspion.de\/wp-content\/uploads\/2015\/07\/ASPION_G-Log_Schocksensor-300x33.png\" alt=\"Reliably log shock events with the shock sensor ASPION G-Log\" itemprop=\"image\" height=\"33\" width=\"300\" title=\"ASPION _ G-Log _ shock sensor\" onerror=\"this.style.display='none'\"  \/>\n\t\t\t\t<\/a>\n<h4>\n\t\tPictures for download\n\t<\/h4>\n\t<p>Michael W\u00f6hr, Managing Director ASPION GmbH receives the award &#8220;Software Made in Germany&#8221; from BITMi Vice President Martin Hubschneider (l.t.r.)<\/p>\n\t\t\t\t<a href=\"https:\/\/www.aspion.de\/wp-content\/uploads\/2016\/02\/Software_Made_in_Germany_Auszeichnung_ASPION.jpg\" target=\"_blank\" rel=\"noopener noreferrer\"  itemprop=\"url\">\n\t\t\t\t<img decoding=\"async\" src=\"https:\/\/www.aspion.de\/wp-content\/uploads\/2016\/02\/Software_Made_in_Germany_Auszeichnung_ASPION-248x300.jpg\" alt=\"Software_Made_in_Germany_Auszeichnung_ASPION\" itemprop=\"image\" height=\"300\" width=\"248\" title=\"Software_Made_in_Germany_Auszeichnung_ASPION\" onerror=\"this.style.display='none'\"  \/>\n\t\t\t\t<\/a>\n<h4>\n\t\tDownload\n\t<\/h4>\n\t\t\t<a href=\"https:\/\/www.aspion.de\/wp-content\/uploads\/2016\/02\/Software_Made_in_Germany_Auszeichnung_ASPION_Web.jpg\" target=\"_blank\" role=\"button\" rel=\"noopener noreferrer\" >\n\t\t\t\t\t\t\tweb resolution\n\t\t\t\t\t<\/a>\n\t\t\t<a href=\"https:\/\/www.aspion.de\/wp-content\/uploads\/2016\/02\/Software_Made_in_Germany_Auszeichnung_ASPION.jpg\" target=\"_blank\" role=\"button\" rel=\"noopener noreferrer\" >\n\t\t\t\t\t\t\tprint resolution\n\t\t\t\t\t<\/a>\n\t<p>Software Made in Germany&#8221; Seal of Quality<\/p>\n\t\t\t\t<a href=\"https:\/\/www.aspion.de\/wp-content\/uploads\/2017\/03\/Auszeichnung_ASPION_SoftwareMadeInGermany.png\" target=\"_blank\" rel=\"noopener noreferrer\"  itemprop=\"url\">\n\t\t\t\t<img decoding=\"async\" src=\"https:\/\/www.aspion.de\/wp-content\/uploads\/2017\/03\/SMiG_RGB_150.png\" alt=\"SMiG_RGB_150\" itemprop=\"image\" height=\"96\" width=\"150\" title=\"SMiG_RGB_150\" onerror=\"this.style.display='none'\"  \/>\n\t\t\t\t<\/a>\n<h4>\n\t\tDownload\n\t<\/h4>\n\t\t\t<a href=\"https:\/\/www.aspion.de\/wp-content\/uploads\/2017\/03\/Auszeichnung_ASPION_SoftwareMadeInGermany.png\" target=\"_blank\" role=\"button\" rel=\"noopener noreferrer\" >\n\t\t\t\t\t\t\tweb resolution\n\t\t\t\t\t<\/a>\n\t<p>The use of the photographic material for editorial purposes is free of charge. Please print with reference to &#8220;ASPION GmbH&#8221;.<\/p>\n<h4>\n\t\tProduct information\n\t<\/h4>\n\t<p><a href=\"https:\/\/www.aspion.de\/en\/smart-and-flexible-transport-monitoring-aspion-g-log-in-new-version-2-1\/\">Highlights current version 2.1 at a glanc<\/a><\/p>\n\t\t\t\t<a href=\"https:\/\/www.aspion.de\/en\/smart-and-flexible-transport-monitoring-aspion-g-log-in-new-version-2-1\/\" target=\"_self\" itemprop=\"url\" rel=\"noopener noreferrer\">\n\t\t\t\t<img decoding=\"async\" src=\"https:\/\/www.aspion.de\/wp-content\/uploads\/2017\/02\/1_ASPION-G-Log-Komponenten_400.png\" alt=\"ASPION G-Log - Komponenten f\u00fcr die Transport\u00fcberwachung mit dem Schocksensor\" itemprop=\"image\" height=\"260\" width=\"400\" title=\"1_ASPION G-Log Komponenten_400\" onerror=\"this.style.display='none'\"  \/>\n\t\t\t\t<\/a>\n\t<h3>Your press contact<\/h3>\nMartina W\u00f6hr<br \/>\nTel.: 0721 \/ 85149-122<br \/>\n<a href=\"mailto:martina.woehr@aspion.de\">martina.woehr@aspion.de<\/a>\n","protected":false},"excerpt":{"rendered":"<p>Press Release 27.03.2017 &nbsp; User-friendly, flexible and smart: ASPION G-Log Software ASPION awarded with BITMi seal of approval &#8220;Software Made in Germany &#8220;Made in Germany&#8221; stands for high quality, high performance and a secure future. ASPION GmbH from Karlsruhe has now been selected by the Bundesverband IT-Mittelstand e.V. (Federal Association of IT SMEs). (BITMi) with&hellip;<\/p>\n","protected":false},"author":173,"featured_media":12754,"parent":0,"menu_order":0,"comment_status":"closed","ping_status":"closed","template":"","meta":{"_acf_changed":false,"footnotes":""},"class_list":["post-13548","page","type-page","status-publish","has-post-thumbnail","hentry"],"acf":[],"yoast_head":"<!-- This site is optimized with the Yoast SEO Premium plugin v27.5 (Yoast SEO v27.5) - https:\/\/yoast.com\/product\/yoast-seo-premium-wordpress\/ -->\n<title>ASPION awarded with BITMi seal of approval &quot;Software Made in Germany<\/title>\n<meta name=\"robots\" content=\"index, follow, max-snippet:-1, max-image-preview:large, max-video-preview:-1\" \/>\n<link rel=\"canonical\" href=\"https:\/\/www.aspion.de\/en\/aspion-awarded-with-bitmi-seal-of-approval-software-made-in-germany\/\" \/>\n<meta property=\"og:locale\" content=\"en_US\" \/>\n<meta property=\"og:type\" content=\"article\" \/>\n<meta property=\"og:title\" content=\"ASPION awarded with BITMi seal of approval &quot;Software Made in Germany\" \/>\n<meta property=\"og:description\" content=\"Press Release 27.03.2017 &nbsp; User-friendly, flexible and smart: ASPION G-Log Software ASPION awarded with BITMi seal of approval &#8220;Software Made in Germany &#8220;Made in Germany&#8221; stands for high quality, high performance and a secure future. ASPION GmbH from Karlsruhe has now been selected by the Bundesverband IT-Mittelstand e.V. (Federal Association of IT SMEs). (BITMi) with&hellip;\" \/>\n<meta property=\"og:url\" content=\"https:\/\/www.aspion.de\/en\/aspion-awarded-with-bitmi-seal-of-approval-software-made-in-germany\/\" \/>\n<meta property=\"og:site_name\" content=\"ASPION GmbH \u2013 Profi-Datenlogger f\u00fcr Schock und Sto\u00df - f\u00fcr die Industrie\" \/>\n<meta property=\"article:modified_time\" content=\"2019-08-02T08:11:17+00:00\" \/>\n<meta property=\"og:image\" content=\"https:\/\/www.aspion.de\/wp-content\/uploads\/2016\/02\/Software_Made_in_Germany_Auszeichnung_ASPION_300_Ausschnitt.png\" \/>\n\t<meta property=\"og:image:width\" content=\"300\" \/>\n\t<meta property=\"og:image:height\" content=\"216\" \/>\n\t<meta property=\"og:image:type\" content=\"image\/png\" \/>\n<meta name=\"twitter:card\" content=\"summary_large_image\" \/>\n<meta name=\"twitter:label1\" content=\"Est. reading time\" \/>\n\t<meta name=\"twitter:data1\" content=\"3 minutes\" \/>\n<script type=\"application\/ld+json\" class=\"yoast-schema-graph\">{\"@context\":\"https:\\\/\\\/schema.org\",\"@graph\":[{\"@type\":\"WebPage\",\"@id\":\"https:\\\/\\\/www.aspion.de\\\/en\\\/aspion-awarded-with-bitmi-seal-of-approval-software-made-in-germany\\\/\",\"url\":\"https:\\\/\\\/www.aspion.de\\\/en\\\/aspion-awarded-with-bitmi-seal-of-approval-software-made-in-germany\\\/\",\"name\":\"ASPION awarded with BITMi seal of approval \\\"Software Made in Germany\",\"isPartOf\":{\"@id\":\"https:\\\/\\\/www.aspion.de\\\/en\\\/#website\"},\"primaryImageOfPage\":{\"@id\":\"https:\\\/\\\/www.aspion.de\\\/en\\\/aspion-awarded-with-bitmi-seal-of-approval-software-made-in-germany\\\/#primaryimage\"},\"image\":{\"@id\":\"https:\\\/\\\/www.aspion.de\\\/en\\\/aspion-awarded-with-bitmi-seal-of-approval-software-made-in-germany\\\/#primaryimage\"},\"thumbnailUrl\":\"https:\\\/\\\/www.aspion.de\\\/wp-content\\\/uploads\\\/2016\\\/02\\\/Software_Made_in_Germany_Auszeichnung_ASPION_300_Ausschnitt.png\",\"datePublished\":\"2017-03-21T09:03:15+00:00\",\"dateModified\":\"2019-08-02T08:11:17+00:00\",\"breadcrumb\":{\"@id\":\"https:\\\/\\\/www.aspion.de\\\/en\\\/aspion-awarded-with-bitmi-seal-of-approval-software-made-in-germany\\\/#breadcrumb\"},\"inLanguage\":\"en-US\",\"potentialAction\":[{\"@type\":\"ReadAction\",\"target\":[\"https:\\\/\\\/www.aspion.de\\\/en\\\/aspion-awarded-with-bitmi-seal-of-approval-software-made-in-germany\\\/\"]}]},{\"@type\":\"ImageObject\",\"inLanguage\":\"en-US\",\"@id\":\"https:\\\/\\\/www.aspion.de\\\/en\\\/aspion-awarded-with-bitmi-seal-of-approval-software-made-in-germany\\\/#primaryimage\",\"url\":\"https:\\\/\\\/www.aspion.de\\\/wp-content\\\/uploads\\\/2016\\\/02\\\/Software_Made_in_Germany_Auszeichnung_ASPION_300_Ausschnitt.png\",\"contentUrl\":\"https:\\\/\\\/www.aspion.de\\\/wp-content\\\/uploads\\\/2016\\\/02\\\/Software_Made_in_Germany_Auszeichnung_ASPION_300_Ausschnitt.png\",\"width\":300,\"height\":216},{\"@type\":\"BreadcrumbList\",\"@id\":\"https:\\\/\\\/www.aspion.de\\\/en\\\/aspion-awarded-with-bitmi-seal-of-approval-software-made-in-germany\\\/#breadcrumb\",\"itemListElement\":[{\"@type\":\"ListItem\",\"position\":1,\"name\":\"Startseite\",\"item\":\"https:\\\/\\\/www.aspion.de\\\/en\\\/\"},{\"@type\":\"ListItem\",\"position\":2,\"name\":\"ASPION awarded with BITMi seal of approval &#8220;Software Made in Germany\"}]},{\"@type\":\"WebSite\",\"@id\":\"https:\\\/\\\/www.aspion.de\\\/en\\\/#website\",\"url\":\"https:\\\/\\\/www.aspion.de\\\/en\\\/\",\"name\":\"ASPION GmbH \u2013 Profi-Datenlogger f\u00fcr Schock und Sto\u00df - f\u00fcr die Industrie\",\"description\":\"Datenlogger f\u00fcr Transport\u00fcberwachung von Schock, Temperatur, Feuchte - einfach, kosteng\u00fcnstig, nachhaltig, made in Germany.\",\"publisher\":{\"@id\":\"https:\\\/\\\/www.aspion.de\\\/en\\\/#organization\"},\"potentialAction\":[{\"@type\":\"SearchAction\",\"target\":{\"@type\":\"EntryPoint\",\"urlTemplate\":\"https:\\\/\\\/www.aspion.de\\\/en\\\/?s={search_term_string}\"},\"query-input\":{\"@type\":\"PropertyValueSpecification\",\"valueRequired\":true,\"valueName\":\"search_term_string\"}}],\"inLanguage\":\"en-US\"},{\"@type\":[\"Organization\",\"Place\"],\"@id\":\"https:\\\/\\\/www.aspion.de\\\/en\\\/#organization\",\"name\":\"ASPION GmbH\",\"url\":\"https:\\\/\\\/www.aspion.de\\\/en\\\/\",\"logo\":{\"@id\":\"https:\\\/\\\/www.aspion.de\\\/en\\\/aspion-awarded-with-bitmi-seal-of-approval-software-made-in-germany\\\/#local-main-organization-logo\"},\"image\":{\"@id\":\"https:\\\/\\\/www.aspion.de\\\/en\\\/aspion-awarded-with-bitmi-seal-of-approval-software-made-in-germany\\\/#local-main-organization-logo\"},\"sameAs\":[\"https:\\\/\\\/www.linkedin.com\\\/company\\\/aspion-gmbh\",\"https:\\\/\\\/www.youtube.com\\\/channel\\\/UCyPrXy8bNbXMKcp_MQEor3w\"],\"address\":{\"@id\":\"https:\\\/\\\/www.aspion.de\\\/en\\\/aspion-awarded-with-bitmi-seal-of-approval-software-made-in-germany\\\/#local-main-place-address\"},\"telephone\":[\"+49 721 85149-122\"],\"openingHoursSpecification\":[{\"@type\":\"OpeningHoursSpecification\",\"dayOfWeek\":[\"Monday\",\"Tuesday\",\"Wednesday\",\"Thursday\",\"Friday\",\"Saturday\",\"Sunday\"],\"opens\":\"09:00\",\"closes\":\"17:00\"}],\"email\":\"info@aspion.de\",\"faxNumber\":\"+49 721 85149-090\"},{\"@type\":\"PostalAddress\",\"@id\":\"https:\\\/\\\/www.aspion.de\\\/en\\\/aspion-awarded-with-bitmi-seal-of-approval-software-made-in-germany\\\/#local-main-place-address\",\"streetAddress\":\"Ohiostra\u00dfe 11\",\"addressLocality\":\"Karlsruhe\",\"postalCode\":\"76149\",\"addressRegion\":\"Baden-W\u00fcrttemberg\",\"addressCountry\":\"DE\"},{\"@type\":\"ImageObject\",\"inLanguage\":\"en-US\",\"@id\":\"https:\\\/\\\/www.aspion.de\\\/en\\\/aspion-awarded-with-bitmi-seal-of-approval-software-made-in-germany\\\/#local-main-organization-logo\",\"url\":\"https:\\\/\\\/www.aspion.de\\\/wp-content\\\/uploads\\\/2014\\\/05\\\/Aspion_GmbH_Active_SensorsPositioning_Logo_1.png\",\"contentUrl\":\"https:\\\/\\\/www.aspion.de\\\/wp-content\\\/uploads\\\/2014\\\/05\\\/Aspion_GmbH_Active_SensorsPositioning_Logo_1.png\",\"width\":280,\"height\":71,\"caption\":\"ASPION GmbH\"}]}<\/script>\n<meta name=\"geo.placename\" content=\"Karlsruhe\" \/>\n<meta name=\"geo.region\" content=\"Germany\" \/>\n<!-- \/ Yoast SEO Premium plugin. -->","yoast_head_json":{"title":"ASPION awarded with BITMi seal of approval \"Software Made in Germany","robots":{"index":"index","follow":"follow","max-snippet":"max-snippet:-1","max-image-preview":"max-image-preview:large","max-video-preview":"max-video-preview:-1"},"canonical":"https:\/\/www.aspion.de\/en\/aspion-awarded-with-bitmi-seal-of-approval-software-made-in-germany\/","og_locale":"en_US","og_type":"article","og_title":"ASPION awarded with BITMi seal of approval \"Software Made in Germany","og_description":"Press Release 27.03.2017 &nbsp; User-friendly, flexible and smart: ASPION G-Log Software ASPION awarded with BITMi seal of approval &#8220;Software Made in Germany &#8220;Made in Germany&#8221; stands for high quality, high performance and a secure future. ASPION GmbH from Karlsruhe has now been selected by the Bundesverband IT-Mittelstand e.V. (Federal Association of IT SMEs). (BITMi) with&hellip;","og_url":"https:\/\/www.aspion.de\/en\/aspion-awarded-with-bitmi-seal-of-approval-software-made-in-germany\/","og_site_name":"ASPION GmbH \u2013 Profi-Datenlogger f\u00fcr Schock und Sto\u00df - f\u00fcr die Industrie","article_modified_time":"2019-08-02T08:11:17+00:00","og_image":[{"width":300,"height":216,"url":"https:\/\/www.aspion.de\/wp-content\/uploads\/2016\/02\/Software_Made_in_Germany_Auszeichnung_ASPION_300_Ausschnitt.png","type":"image\/png"}],"twitter_card":"summary_large_image","twitter_misc":{"Est. reading time":"3 minutes"},"schema":{"@context":"https:\/\/schema.org","@graph":[{"@type":"WebPage","@id":"https:\/\/www.aspion.de\/en\/aspion-awarded-with-bitmi-seal-of-approval-software-made-in-germany\/","url":"https:\/\/www.aspion.de\/en\/aspion-awarded-with-bitmi-seal-of-approval-software-made-in-germany\/","name":"ASPION awarded with BITMi seal of approval \"Software Made in Germany","isPartOf":{"@id":"https:\/\/www.aspion.de\/en\/#website"},"primaryImageOfPage":{"@id":"https:\/\/www.aspion.de\/en\/aspion-awarded-with-bitmi-seal-of-approval-software-made-in-germany\/#primaryimage"},"image":{"@id":"https:\/\/www.aspion.de\/en\/aspion-awarded-with-bitmi-seal-of-approval-software-made-in-germany\/#primaryimage"},"thumbnailUrl":"https:\/\/www.aspion.de\/wp-content\/uploads\/2016\/02\/Software_Made_in_Germany_Auszeichnung_ASPION_300_Ausschnitt.png","datePublished":"2017-03-21T09:03:15+00:00","dateModified":"2019-08-02T08:11:17+00:00","breadcrumb":{"@id":"https:\/\/www.aspion.de\/en\/aspion-awarded-with-bitmi-seal-of-approval-software-made-in-germany\/#breadcrumb"},"inLanguage":"en-US","potentialAction":[{"@type":"ReadAction","target":["https:\/\/www.aspion.de\/en\/aspion-awarded-with-bitmi-seal-of-approval-software-made-in-germany\/"]}]},{"@type":"ImageObject","inLanguage":"en-US","@id":"https:\/\/www.aspion.de\/en\/aspion-awarded-with-bitmi-seal-of-approval-software-made-in-germany\/#primaryimage","url":"https:\/\/www.aspion.de\/wp-content\/uploads\/2016\/02\/Software_Made_in_Germany_Auszeichnung_ASPION_300_Ausschnitt.png","contentUrl":"https:\/\/www.aspion.de\/wp-content\/uploads\/2016\/02\/Software_Made_in_Germany_Auszeichnung_ASPION_300_Ausschnitt.png","width":300,"height":216},{"@type":"BreadcrumbList","@id":"https:\/\/www.aspion.de\/en\/aspion-awarded-with-bitmi-seal-of-approval-software-made-in-germany\/#breadcrumb","itemListElement":[{"@type":"ListItem","position":1,"name":"Startseite","item":"https:\/\/www.aspion.de\/en\/"},{"@type":"ListItem","position":2,"name":"ASPION awarded with BITMi seal of approval &#8220;Software Made in Germany"}]},{"@type":"WebSite","@id":"https:\/\/www.aspion.de\/en\/#website","url":"https:\/\/www.aspion.de\/en\/","name":"ASPION GmbH \u2013 Profi-Datenlogger f\u00fcr Schock und Sto\u00df - f\u00fcr die Industrie","description":"Datenlogger f\u00fcr Transport\u00fcberwachung von Schock, Temperatur, Feuchte - einfach, kosteng\u00fcnstig, nachhaltig, made in Germany.","publisher":{"@id":"https:\/\/www.aspion.de\/en\/#organization"},"potentialAction":[{"@type":"SearchAction","target":{"@type":"EntryPoint","urlTemplate":"https:\/\/www.aspion.de\/en\/?s={search_term_string}"},"query-input":{"@type":"PropertyValueSpecification","valueRequired":true,"valueName":"search_term_string"}}],"inLanguage":"en-US"},{"@type":["Organization","Place"],"@id":"https:\/\/www.aspion.de\/en\/#organization","name":"ASPION GmbH","url":"https:\/\/www.aspion.de\/en\/","logo":{"@id":"https:\/\/www.aspion.de\/en\/aspion-awarded-with-bitmi-seal-of-approval-software-made-in-germany\/#local-main-organization-logo"},"image":{"@id":"https:\/\/www.aspion.de\/en\/aspion-awarded-with-bitmi-seal-of-approval-software-made-in-germany\/#local-main-organization-logo"},"sameAs":["https:\/\/www.linkedin.com\/company\/aspion-gmbh","https:\/\/www.youtube.com\/channel\/UCyPrXy8bNbXMKcp_MQEor3w"],"address":{"@id":"https:\/\/www.aspion.de\/en\/aspion-awarded-with-bitmi-seal-of-approval-software-made-in-germany\/#local-main-place-address"},"telephone":["+49 721 85149-122"],"openingHoursSpecification":[{"@type":"OpeningHoursSpecification","dayOfWeek":["Monday","Tuesday","Wednesday","Thursday","Friday","Saturday","Sunday"],"opens":"09:00","closes":"17:00"}],"email":"info@aspion.de","faxNumber":"+49 721 85149-090"},{"@type":"PostalAddress","@id":"https:\/\/www.aspion.de\/en\/aspion-awarded-with-bitmi-seal-of-approval-software-made-in-germany\/#local-main-place-address","streetAddress":"Ohiostra\u00dfe 11","addressLocality":"Karlsruhe","postalCode":"76149","addressRegion":"Baden-W\u00fcrttemberg","addressCountry":"DE"},{"@type":"ImageObject","inLanguage":"en-US","@id":"https:\/\/www.aspion.de\/en\/aspion-awarded-with-bitmi-seal-of-approval-software-made-in-germany\/#local-main-organization-logo","url":"https:\/\/www.aspion.de\/wp-content\/uploads\/2014\/05\/Aspion_GmbH_Active_SensorsPositioning_Logo_1.png","contentUrl":"https:\/\/www.aspion.de\/wp-content\/uploads\/2014\/05\/Aspion_GmbH_Active_SensorsPositioning_Logo_1.png","width":280,"height":71,"caption":"ASPION GmbH"}]},"geo.placename":"Karlsruhe","geo.region":"Germany"},"_links":{"self":[{"href":"https:\/\/www.aspion.de\/en\/wp-json\/wp\/v2\/pages\/13548","targetHints":{"allow":["GET"]}}],"collection":[{"href":"https:\/\/www.aspion.de\/en\/wp-json\/wp\/v2\/pages"}],"about":[{"href":"https:\/\/www.aspion.de\/en\/wp-json\/wp\/v2\/types\/page"}],"author":[{"embeddable":true,"href":"https:\/\/www.aspion.de\/en\/wp-json\/wp\/v2\/users\/173"}],"replies":[{"embeddable":true,"href":"https:\/\/www.aspion.de\/en\/wp-json\/wp\/v2\/comments?post=13548"}],"version-history":[{"count":10,"href":"https:\/\/www.aspion.de\/en\/wp-json\/wp\/v2\/pages\/13548\/revisions"}],"predecessor-version":[{"id":13918,"href":"https:\/\/www.aspion.de\/en\/wp-json\/wp\/v2\/pages\/13548\/revisions\/13918"}],"wp:featuredmedia":[{"embeddable":true,"href":"https:\/\/www.aspion.de\/en\/wp-json\/wp\/v2\/media\/12754"}],"wp:attachment":[{"href":"https:\/\/www.aspion.de\/en\/wp-json\/wp\/v2\/media?parent=13548"}],"curies":[{"name":"wp","href":"https:\/\/api.w.org\/{rel}","templated":true}]}}