{"id":13873,"date":"2018-07-27T08:23:43","date_gmt":"2018-07-27T07:23:43","guid":{"rendered":"http:\/\/aspion.de.w01957cf.kasserver.com\/aspion-news\/"},"modified":"2019-12-02T13:10:05","modified_gmt":"2019-12-02T12:10:05","slug":"aspion-news","status":"publish","type":"page","link":"https:\/\/www.aspion.de\/en\/aspion-news\/","title":{"rendered":"ASPION News"},"content":{"rendered":"\r\n\t<h3><\/h3>\r\n<h1>Subscribe to ASPION News<\/h1>\r\n<p>In the ASPION News you will find all news and information about our products and the company. ASPION News is published 3 &#8211; 4 times a year. You can unsubscribe at any time.<\/p>\r\n\t<form action=\"https:\/\/eu2.cleverreach.com\/f\/91180-227622\/wcs\/\" method=\"post\" target=\"_self\">\r\n<label>Salutation*<\/label>\r\n<input id=\"Mr.4894642\" name=\"1060703[]\" value=\"Mr.\" type=\"checkbox\"  \/>Mr.&nbsp;\r\n<input id=\"Mrs.4894642\" name=\"1060703[]\" value=\"Mrs.\" type=\"checkbox\"  \/>Mrs.&nbsp;\r\n<br  \/>\r\n<label for=\"text4894639\">First name*<\/label> <input id=\"text4894639\" name=\"1060705\" type=\"text\" value=\"\"  \/>\r\n<label for=\"text4894641\">Last name*<\/label> <input id=\"text4894641\" name=\"1060705\" type=\"text\" value=\"\"  \/>\r\n<label for=\"text4893053\">Email*<\/label> <input id=\"text4893053\" name=\"email\" value=\"\" type=\"text\"  \/>\r\n<label>Privacy notice*<\/label>\r\n<input id=\"accepted 4894835\" name=\"1074409[]\" value=\"accepted \" type=\"checkbox\"  \/>accepted &nbsp;\r\n<br  \/>\r\n<p>I agree to the electronic processing of my data, details can be found in the <a href=\"\/en\/privacy-notice\/\" mce_href=\"\/en\/privacy-notice\/\" title=\"Privacy notice\" target=\"_blank\" rel=\"noopener noreferrer\">privacy notice<\/a>.<\/p>\r\n<button type=\"submit\">Subscribe<\/button>\r\n\t<a href=\"http:\/\/www.cleverreach.de\">www.CleverReach.de<\/a>\r\n<\/form>\r\n","protected":false},"excerpt":{"rendered":"<p>Subscribe to ASPION News In the ASPION News you will find all news and information about our products and the company. ASPION News is published 3 &#8211; 4 times a year. You can unsubscribe at any time. Salutation* Mr.&nbsp; Mrs.&nbsp; First name* Last name* Email* Privacy notice* accepted &nbsp; I agree to the electronic processing&hellip;<\/p>\n","protected":false},"author":1,"featured_media":0,"parent":0,"menu_order":0,"comment_status":"closed","ping_status":"closed","template":"","meta":{"_acf_changed":false,"footnotes":""},"class_list":["post-13873","page","type-page","status-publish","hentry"],"acf":[],"yoast_head":"<!-- This site is optimized with the Yoast SEO Premium plugin v27.4 (Yoast SEO v27.4) - https:\/\/yoast.com\/product\/yoast-seo-premium-wordpress\/ -->\n<title>ASPION News<\/title>\n<meta name=\"description\" content=\"Here you will find news about the shock sensor for monitoring vibrations during transport and about ASPION GmbH. Read more ...\" \/>\n<meta name=\"robots\" content=\"index, follow, max-snippet:-1, max-image-preview:large, max-video-preview:-1\" \/>\n<link rel=\"canonical\" href=\"https:\/\/www.aspion.de\/en\/aspion-news\/\" \/>\n<meta property=\"og:locale\" content=\"en_US\" \/>\n<meta property=\"og:type\" content=\"article\" \/>\n<meta property=\"og:title\" content=\"ASPION News\" \/>\n<meta property=\"og:description\" content=\"Here you will find news about the shock sensor for monitoring vibrations during transport and about ASPION GmbH. Read more ...\" \/>\n<meta property=\"og:url\" content=\"https:\/\/www.aspion.de\/en\/aspion-news\/\" \/>\n<meta property=\"og:site_name\" content=\"ASPION GmbH \u2013 Profi-Datenlogger f\u00fcr Schock und Sto\u00df - f\u00fcr die Industrie\" \/>\n<meta property=\"article:modified_time\" content=\"2019-12-02T12:10:05+00:00\" \/>\n<meta name=\"twitter:card\" content=\"summary_large_image\" \/>\n<script type=\"application\/ld+json\" class=\"yoast-schema-graph\">{\"@context\":\"https:\\\/\\\/schema.org\",\"@graph\":[{\"@type\":\"WebPage\",\"@id\":\"https:\\\/\\\/www.aspion.de\\\/en\\\/aspion-news\\\/\",\"url\":\"https:\\\/\\\/www.aspion.de\\\/en\\\/aspion-news\\\/\",\"name\":\"ASPION News\",\"isPartOf\":{\"@id\":\"https:\\\/\\\/www.aspion.de\\\/en\\\/#website\"},\"datePublished\":\"2018-07-27T07:23:43+00:00\",\"dateModified\":\"2019-12-02T12:10:05+00:00\",\"description\":\"Here you will find news about the shock sensor for monitoring vibrations during transport and about ASPION GmbH. Read more ...\",\"breadcrumb\":{\"@id\":\"https:\\\/\\\/www.aspion.de\\\/en\\\/aspion-news\\\/#breadcrumb\"},\"inLanguage\":\"en-US\",\"potentialAction\":[{\"@type\":\"ReadAction\",\"target\":[\"https:\\\/\\\/www.aspion.de\\\/en\\\/aspion-news\\\/\"]}]},{\"@type\":\"BreadcrumbList\",\"@id\":\"https:\\\/\\\/www.aspion.de\\\/en\\\/aspion-news\\\/#breadcrumb\",\"itemListElement\":[{\"@type\":\"ListItem\",\"position\":1,\"name\":\"Startseite\",\"item\":\"https:\\\/\\\/www.aspion.de\\\/en\\\/\"},{\"@type\":\"ListItem\",\"position\":2,\"name\":\"ASPION News\"}]},{\"@type\":\"WebSite\",\"@id\":\"https:\\\/\\\/www.aspion.de\\\/en\\\/#website\",\"url\":\"https:\\\/\\\/www.aspion.de\\\/en\\\/\",\"name\":\"ASPION GmbH \u2013 Profi-Datenlogger f\u00fcr Schock und Sto\u00df - f\u00fcr die Industrie\",\"description\":\"Datenlogger f\u00fcr Transport\u00fcberwachung von Schock, Temperatur, Feuchte - einfach, kosteng\u00fcnstig, nachhaltig, made in Germany.\",\"publisher\":{\"@id\":\"https:\\\/\\\/www.aspion.de\\\/en\\\/#organization\"},\"potentialAction\":[{\"@type\":\"SearchAction\",\"target\":{\"@type\":\"EntryPoint\",\"urlTemplate\":\"https:\\\/\\\/www.aspion.de\\\/en\\\/?s={search_term_string}\"},\"query-input\":{\"@type\":\"PropertyValueSpecification\",\"valueRequired\":true,\"valueName\":\"search_term_string\"}}],\"inLanguage\":\"en-US\"},{\"@type\":[\"Organization\",\"Place\"],\"@id\":\"https:\\\/\\\/www.aspion.de\\\/en\\\/#organization\",\"name\":\"ASPION GmbH\",\"url\":\"https:\\\/\\\/www.aspion.de\\\/en\\\/\",\"logo\":{\"@id\":\"https:\\\/\\\/www.aspion.de\\\/en\\\/aspion-news\\\/#local-main-organization-logo\"},\"image\":{\"@id\":\"https:\\\/\\\/www.aspion.de\\\/en\\\/aspion-news\\\/#local-main-organization-logo\"},\"sameAs\":[\"https:\\\/\\\/www.linkedin.com\\\/company\\\/aspion-gmbh\",\"https:\\\/\\\/www.youtube.com\\\/channel\\\/UCyPrXy8bNbXMKcp_MQEor3w\"],\"address\":{\"@id\":\"https:\\\/\\\/www.aspion.de\\\/en\\\/aspion-news\\\/#local-main-place-address\"},\"telephone\":[\"+49 721 85149-122\"],\"openingHoursSpecification\":[{\"@type\":\"OpeningHoursSpecification\",\"dayOfWeek\":[\"Monday\",\"Tuesday\",\"Wednesday\",\"Thursday\",\"Friday\",\"Saturday\",\"Sunday\"],\"opens\":\"09:00\",\"closes\":\"17:00\"}],\"email\":\"info@aspion.de\",\"faxNumber\":\"+49 721 85149-090\"},{\"@type\":\"PostalAddress\",\"@id\":\"https:\\\/\\\/www.aspion.de\\\/en\\\/aspion-news\\\/#local-main-place-address\",\"streetAddress\":\"Ohiostra\u00dfe 11\",\"addressLocality\":\"Karlsruhe\",\"postalCode\":\"76149\",\"addressRegion\":\"Baden-W\u00fcrttemberg\",\"addressCountry\":\"DE\"},{\"@type\":\"ImageObject\",\"inLanguage\":\"en-US\",\"@id\":\"https:\\\/\\\/www.aspion.de\\\/en\\\/aspion-news\\\/#local-main-organization-logo\",\"url\":\"https:\\\/\\\/www.aspion.de\\\/wp-content\\\/uploads\\\/2014\\\/05\\\/Aspion_GmbH_Active_SensorsPositioning_Logo_1.png\",\"contentUrl\":\"https:\\\/\\\/www.aspion.de\\\/wp-content\\\/uploads\\\/2014\\\/05\\\/Aspion_GmbH_Active_SensorsPositioning_Logo_1.png\",\"width\":280,\"height\":71,\"caption\":\"ASPION GmbH\"}]}<\/script>\n<meta name=\"geo.placename\" content=\"Karlsruhe\" \/>\n<meta name=\"geo.region\" content=\"Germany\" \/>\n<!-- \/ Yoast SEO Premium plugin. -->","yoast_head_json":{"title":"ASPION News","description":"Here you will find news about the shock sensor for monitoring vibrations during transport and about ASPION GmbH. Read more ...","robots":{"index":"index","follow":"follow","max-snippet":"max-snippet:-1","max-image-preview":"max-image-preview:large","max-video-preview":"max-video-preview:-1"},"canonical":"https:\/\/www.aspion.de\/en\/aspion-news\/","og_locale":"en_US","og_type":"article","og_title":"ASPION News","og_description":"Here you will find news about the shock sensor for monitoring vibrations during transport and about ASPION GmbH. Read more ...","og_url":"https:\/\/www.aspion.de\/en\/aspion-news\/","og_site_name":"ASPION GmbH \u2013 Profi-Datenlogger f\u00fcr Schock und Sto\u00df - f\u00fcr die Industrie","article_modified_time":"2019-12-02T12:10:05+00:00","twitter_card":"summary_large_image","schema":{"@context":"https:\/\/schema.org","@graph":[{"@type":"WebPage","@id":"https:\/\/www.aspion.de\/en\/aspion-news\/","url":"https:\/\/www.aspion.de\/en\/aspion-news\/","name":"ASPION News","isPartOf":{"@id":"https:\/\/www.aspion.de\/en\/#website"},"datePublished":"2018-07-27T07:23:43+00:00","dateModified":"2019-12-02T12:10:05+00:00","description":"Here you will find news about the shock sensor for monitoring vibrations during transport and about ASPION GmbH. Read more ...","breadcrumb":{"@id":"https:\/\/www.aspion.de\/en\/aspion-news\/#breadcrumb"},"inLanguage":"en-US","potentialAction":[{"@type":"ReadAction","target":["https:\/\/www.aspion.de\/en\/aspion-news\/"]}]},{"@type":"BreadcrumbList","@id":"https:\/\/www.aspion.de\/en\/aspion-news\/#breadcrumb","itemListElement":[{"@type":"ListItem","position":1,"name":"Startseite","item":"https:\/\/www.aspion.de\/en\/"},{"@type":"ListItem","position":2,"name":"ASPION News"}]},{"@type":"WebSite","@id":"https:\/\/www.aspion.de\/en\/#website","url":"https:\/\/www.aspion.de\/en\/","name":"ASPION GmbH \u2013 Profi-Datenlogger f\u00fcr Schock und Sto\u00df - f\u00fcr die Industrie","description":"Datenlogger f\u00fcr Transport\u00fcberwachung von Schock, Temperatur, Feuchte - einfach, kosteng\u00fcnstig, nachhaltig, made in Germany.","publisher":{"@id":"https:\/\/www.aspion.de\/en\/#organization"},"potentialAction":[{"@type":"SearchAction","target":{"@type":"EntryPoint","urlTemplate":"https:\/\/www.aspion.de\/en\/?s={search_term_string}"},"query-input":{"@type":"PropertyValueSpecification","valueRequired":true,"valueName":"search_term_string"}}],"inLanguage":"en-US"},{"@type":["Organization","Place"],"@id":"https:\/\/www.aspion.de\/en\/#organization","name":"ASPION GmbH","url":"https:\/\/www.aspion.de\/en\/","logo":{"@id":"https:\/\/www.aspion.de\/en\/aspion-news\/#local-main-organization-logo"},"image":{"@id":"https:\/\/www.aspion.de\/en\/aspion-news\/#local-main-organization-logo"},"sameAs":["https:\/\/www.linkedin.com\/company\/aspion-gmbh","https:\/\/www.youtube.com\/channel\/UCyPrXy8bNbXMKcp_MQEor3w"],"address":{"@id":"https:\/\/www.aspion.de\/en\/aspion-news\/#local-main-place-address"},"telephone":["+49 721 85149-122"],"openingHoursSpecification":[{"@type":"OpeningHoursSpecification","dayOfWeek":["Monday","Tuesday","Wednesday","Thursday","Friday","Saturday","Sunday"],"opens":"09:00","closes":"17:00"}],"email":"info@aspion.de","faxNumber":"+49 721 85149-090"},{"@type":"PostalAddress","@id":"https:\/\/www.aspion.de\/en\/aspion-news\/#local-main-place-address","streetAddress":"Ohiostra\u00dfe 11","addressLocality":"Karlsruhe","postalCode":"76149","addressRegion":"Baden-W\u00fcrttemberg","addressCountry":"DE"},{"@type":"ImageObject","inLanguage":"en-US","@id":"https:\/\/www.aspion.de\/en\/aspion-news\/#local-main-organization-logo","url":"https:\/\/www.aspion.de\/wp-content\/uploads\/2014\/05\/Aspion_GmbH_Active_SensorsPositioning_Logo_1.png","contentUrl":"https:\/\/www.aspion.de\/wp-content\/uploads\/2014\/05\/Aspion_GmbH_Active_SensorsPositioning_Logo_1.png","width":280,"height":71,"caption":"ASPION GmbH"}]},"geo.placename":"Karlsruhe","geo.region":"Germany"},"_links":{"self":[{"href":"https:\/\/www.aspion.de\/en\/wp-json\/wp\/v2\/pages\/13873","targetHints":{"allow":["GET"]}}],"collection":[{"href":"https:\/\/www.aspion.de\/en\/wp-json\/wp\/v2\/pages"}],"about":[{"href":"https:\/\/www.aspion.de\/en\/wp-json\/wp\/v2\/types\/page"}],"author":[{"embeddable":true,"href":"https:\/\/www.aspion.de\/en\/wp-json\/wp\/v2\/users\/1"}],"replies":[{"embeddable":true,"href":"https:\/\/www.aspion.de\/en\/wp-json\/wp\/v2\/comments?post=13873"}],"version-history":[{"count":19,"href":"https:\/\/www.aspion.de\/en\/wp-json\/wp\/v2\/pages\/13873\/revisions"}],"predecessor-version":[{"id":14171,"href":"https:\/\/www.aspion.de\/en\/wp-json\/wp\/v2\/pages\/13873\/revisions\/14171"}],"wp:attachment":[{"href":"https:\/\/www.aspion.de\/en\/wp-json\/wp\/v2\/media?parent=13873"}],"curies":[{"name":"wp","href":"https:\/\/api.w.org\/{rel}","templated":true}]}}