{"id":14094,"date":"2019-08-12T09:27:33","date_gmt":"2019-08-12T08:27:33","guid":{"rendered":"https:\/\/www.aspion.de\/fachpack-2019-neuer-transport-datenlogger-besteht-extreme-feldtests\/"},"modified":"2021-08-20T12:42:54","modified_gmt":"2021-08-20T11:42:54","slug":"fachpack-2019-new-transport-data-logger-passes-extreme-field-tests","status":"publish","type":"page","link":"https:\/\/www.aspion.de\/en\/fachpack-2019-new-transport-data-logger-passes-extreme-field-tests\/","title":{"rendered":"FachPack 2019: New transport data logger passes extreme field tests"},"content":{"rendered":"\r\n<h4>Press release 14.08.2019<\/h4>\r\n<h4><strong>FachPack 2019: New transport data logger passes extreme field tests<\/strong><\/h4>\r\n<h1>Mountaineer<\/h1>\r\n<p>The Karlsruhe-based ASPION GmbH is playing it safe: Before the &#8220;ASPION G-Log 2&#8221;, the latest generation of its award-winning transport data logger, is delivered in fall 2019, the devices will be put through their paces in real tests. The sensor has proven its reliability on selected truck transports within Europe, several sea transports, e.g. to South Africa, and most recently on a mountain tour to Kilimanjaro. A glance at the evaluation shows that the sensor had precisely recorded the extreme fluctuations in temperature and humidity on Africa&#8217;s highest mountain.<\/p>\r\n<h4><strong>Safety in the event of impact and climatic conditions<\/strong><\/h4>\r\n<p>ASPION sensors measure shock events on 3 axes of up to 24 g each and record them autonomously with date and time. The new ASPION G-Log 2 also records climate data such as temperature and relative humidity. Damage to sensitive machinery and equipment is a common occurrence in container transport, especially sea freight: this is caused not only by rough handling during cargo handling but also by extreme fluctuations in temperature and humidity. In the event of damage, ASPION G-Log 2 provides valuable facts on transport loads and ambient conditions outside the set tolerance limits. Timely and spatially traceable for all parties involved in the transport.<\/p>\r\n<h4><strong>Shock course in milliseconds\u00a0<\/strong><\/h4>\r\n<p>In addition, ASPION shock sensors offer a unique depth of detail in the shock process: it is visualized in milliseconds on all 3 axes. This allows concrete conclusions to be drawn about the actual course of the shock &#8211; important information for clarification in the event of damage. Communication with the smartphone app is via NFC and BLE. The free and easy-to-use &#8220;ASPION G-Log Manager&#8221; PC software is available for data analysis.<\/p>\r\n<h4><strong>G-Log System at FachPack<\/strong><\/h4>\r\n<p>Managing Director Michael W\u00f6hr: &#8220;Our sensor is compact and robust, reusable over many years and of course suitable for air freight&#8221;. The specialists from Karlsruhe and the ASPION partner Stroebel will present the G-Log system at this year&#8217;s FachPack from September 24 &#8211; 26, 2019 in Nuremberg:<\/p>\r\n<p>ASPION GmbH in hall 9 \/ booth 9-328g<br \/>Str\u00f6bel GmbH in hall 7 \/ booth 7-530<\/p>\r\n<p>&nbsp;<\/p>\r\n<p>Pictures for download<\/p>\r\n<p><strong>Download: Click on the picture to download<\/strong> <a href=\"https:\/\/www.aspion.de\/wp-content\/uploads\/2019\/08\/ASPION_G-Log2_Kilimanjaro_Presse2.jpg\" target=\"_blank\" rel=\"noopener noreferrer\"> <img decoding=\"async\" title=\"ASPION G-Log2 Datenlogger\" src=\"https:\/\/www.aspion.de\/wp-content\/uploads\/2019\/08\/ASPION_G-Log2_Kilimanjaro_Presse2-300x250.jpg\" alt=\"ASPION G-Log2 Datenlogger\" width=\"300\" height=\"250\" \/> <\/a><\/p>\r\n<p>During the Kilimanjaro tour, the G-Log 2 reliably records extreme values: On 22.07.19 in the morning -0.6 \u00b0C, at noon over 45 \u00b0C with relative humidity of 76.5% and 13.8% respectively.<\/p>\r\n<h5>The use of the photos for editorial purposes is free of charge. Please print with reference to &#8220;ASPION&#8221;.<\/h5>\r\n<p>Visit ASPION at FachPack:<\/p>\r\n<p><img decoding=\"async\" title=\"Aspion Fachpack 2019\" src=\"https:\/\/www.aspion.de\/wp-content\/uploads\/2019\/08\/ASPION_Fachpack_2019_300x300_e.jpg\" alt=\"Aspion Fachpack 2019\" width=\"300\" height=\"300\" \/><\/p>\r\n<h3>Your press contact<\/h3>\r\n<p>Martina W\u00f6hr<br \/>Tel.: +49 721 \/ 85149-122<br \/><a href=\"https:\/\/www.aspion.de\/ailto:martina.woehr@aspion.de\">martina.woehr@aspion.de<\/a><\/p>\r\n","protected":false},"excerpt":{"rendered":"<p>Press release 14.08.2019 FachPack 2019: New transport data logger passes extreme field tests Mountaineer The Karlsruhe-based ASPION GmbH is playing it safe: Before the &#8220;ASPION G-Log 2&#8221;, the latest generation of its award-winning transport data logger, is delivered in fall 2019, the devices will be put through their paces in real tests. The sensor has&hellip;<\/p>\n","protected":false},"author":173,"featured_media":14092,"parent":0,"menu_order":0,"comment_status":"closed","ping_status":"closed","template":"","meta":{"_acf_changed":false,"footnotes":""},"class_list":["post-14094","page","type-page","status-publish","has-post-thumbnail","hentry"],"acf":[],"yoast_head":"<!-- This site is optimized with the Yoast SEO Premium plugin v27.4 (Yoast SEO v27.4) - https:\/\/yoast.com\/product\/yoast-seo-premium-wordpress\/ -->\n<title>FachPack 2019: New transport data logger passes extreme field tests<\/title>\n<meta name=\"description\" content=\"ASPION G-Log 2&quot;, the latest generation of its award-winning transport data logger, has also proven its reliability at Kilimanjaro.\" \/>\n<meta name=\"robots\" content=\"index, follow, max-snippet:-1, max-image-preview:large, max-video-preview:-1\" \/>\n<link rel=\"canonical\" href=\"https:\/\/www.aspion.de\/en\/fachpack-2019-new-transport-data-logger-passes-extreme-field-tests\/\" \/>\n<meta property=\"og:locale\" content=\"en_US\" \/>\n<meta property=\"og:type\" content=\"article\" \/>\n<meta property=\"og:title\" content=\"FachPack 2019: New transport data logger passes extreme field tests\" \/>\n<meta property=\"og:description\" content=\"ASPION G-Log 2&quot;, the latest generation of its award-winning transport data logger, has also proven its reliability at Kilimanjaro.\" \/>\n<meta property=\"og:url\" content=\"https:\/\/www.aspion.de\/en\/fachpack-2019-new-transport-data-logger-passes-extreme-field-tests\/\" \/>\n<meta property=\"og:site_name\" content=\"ASPION GmbH \u2013 Profi-Datenlogger f\u00fcr Schock und Sto\u00df - f\u00fcr die Industrie\" \/>\n<meta property=\"article:modified_time\" content=\"2021-08-20T11:42:54+00:00\" \/>\n<meta property=\"og:image\" content=\"https:\/\/www.aspion.de\/wp-content\/uploads\/2019\/08\/ASPION_G-Log2_Kilimanjaro_Presse2-300x250.jpg\" \/>\n<meta name=\"twitter:card\" content=\"summary_large_image\" \/>\n<meta name=\"twitter:label1\" content=\"Est. reading time\" \/>\n\t<meta name=\"twitter:data1\" content=\"2 minutes\" \/>\n<script type=\"application\/ld+json\" class=\"yoast-schema-graph\">{\"@context\":\"https:\\\/\\\/schema.org\",\"@graph\":[{\"@type\":\"WebPage\",\"@id\":\"https:\\\/\\\/www.aspion.de\\\/en\\\/fachpack-2019-new-transport-data-logger-passes-extreme-field-tests\\\/\",\"url\":\"https:\\\/\\\/www.aspion.de\\\/en\\\/fachpack-2019-new-transport-data-logger-passes-extreme-field-tests\\\/\",\"name\":\"FachPack 2019: New transport data logger passes extreme field tests\",\"isPartOf\":{\"@id\":\"https:\\\/\\\/www.aspion.de\\\/en\\\/#website\"},\"primaryImageOfPage\":{\"@id\":\"https:\\\/\\\/www.aspion.de\\\/en\\\/fachpack-2019-new-transport-data-logger-passes-extreme-field-tests\\\/#primaryimage\"},\"image\":{\"@id\":\"https:\\\/\\\/www.aspion.de\\\/en\\\/fachpack-2019-new-transport-data-logger-passes-extreme-field-tests\\\/#primaryimage\"},\"thumbnailUrl\":\"https:\\\/\\\/www.aspion.de\\\/wp-content\\\/uploads\\\/2019\\\/08\\\/ASPION_G-Log2_Kilimanjaro_Presse2.jpg\",\"datePublished\":\"2019-08-12T08:27:33+00:00\",\"dateModified\":\"2021-08-20T11:42:54+00:00\",\"description\":\"ASPION G-Log 2\\\", the latest generation of its award-winning transport data logger, has also proven its reliability at Kilimanjaro.\",\"breadcrumb\":{\"@id\":\"https:\\\/\\\/www.aspion.de\\\/en\\\/fachpack-2019-new-transport-data-logger-passes-extreme-field-tests\\\/#breadcrumb\"},\"inLanguage\":\"en-US\",\"potentialAction\":[{\"@type\":\"ReadAction\",\"target\":[\"https:\\\/\\\/www.aspion.de\\\/en\\\/fachpack-2019-new-transport-data-logger-passes-extreme-field-tests\\\/\"]}]},{\"@type\":\"ImageObject\",\"inLanguage\":\"en-US\",\"@id\":\"https:\\\/\\\/www.aspion.de\\\/en\\\/fachpack-2019-new-transport-data-logger-passes-extreme-field-tests\\\/#primaryimage\",\"url\":\"https:\\\/\\\/www.aspion.de\\\/wp-content\\\/uploads\\\/2019\\\/08\\\/ASPION_G-Log2_Kilimanjaro_Presse2.jpg\",\"contentUrl\":\"https:\\\/\\\/www.aspion.de\\\/wp-content\\\/uploads\\\/2019\\\/08\\\/ASPION_G-Log2_Kilimanjaro_Presse2.jpg\",\"width\":1890,\"height\":1577,\"caption\":\"ASPION G-Log2 Data logger\"},{\"@type\":\"BreadcrumbList\",\"@id\":\"https:\\\/\\\/www.aspion.de\\\/en\\\/fachpack-2019-new-transport-data-logger-passes-extreme-field-tests\\\/#breadcrumb\",\"itemListElement\":[{\"@type\":\"ListItem\",\"position\":1,\"name\":\"Startseite\",\"item\":\"https:\\\/\\\/www.aspion.de\\\/en\\\/\"},{\"@type\":\"ListItem\",\"position\":2,\"name\":\"FachPack 2019: New transport data logger passes extreme field tests\"}]},{\"@type\":\"WebSite\",\"@id\":\"https:\\\/\\\/www.aspion.de\\\/en\\\/#website\",\"url\":\"https:\\\/\\\/www.aspion.de\\\/en\\\/\",\"name\":\"ASPION GmbH \u2013 Profi-Datenlogger f\u00fcr Schock und Sto\u00df - f\u00fcr die Industrie\",\"description\":\"Datenlogger f\u00fcr Transport\u00fcberwachung von Schock, Temperatur, Feuchte - einfach, kosteng\u00fcnstig, nachhaltig, made in Germany.\",\"publisher\":{\"@id\":\"https:\\\/\\\/www.aspion.de\\\/en\\\/#organization\"},\"potentialAction\":[{\"@type\":\"SearchAction\",\"target\":{\"@type\":\"EntryPoint\",\"urlTemplate\":\"https:\\\/\\\/www.aspion.de\\\/en\\\/?s={search_term_string}\"},\"query-input\":{\"@type\":\"PropertyValueSpecification\",\"valueRequired\":true,\"valueName\":\"search_term_string\"}}],\"inLanguage\":\"en-US\"},{\"@type\":[\"Organization\",\"Place\"],\"@id\":\"https:\\\/\\\/www.aspion.de\\\/en\\\/#organization\",\"name\":\"ASPION GmbH\",\"url\":\"https:\\\/\\\/www.aspion.de\\\/en\\\/\",\"logo\":{\"@id\":\"https:\\\/\\\/www.aspion.de\\\/en\\\/fachpack-2019-new-transport-data-logger-passes-extreme-field-tests\\\/#local-main-organization-logo\"},\"image\":{\"@id\":\"https:\\\/\\\/www.aspion.de\\\/en\\\/fachpack-2019-new-transport-data-logger-passes-extreme-field-tests\\\/#local-main-organization-logo\"},\"sameAs\":[\"https:\\\/\\\/www.linkedin.com\\\/company\\\/aspion-gmbh\",\"https:\\\/\\\/www.youtube.com\\\/channel\\\/UCyPrXy8bNbXMKcp_MQEor3w\"],\"address\":{\"@id\":\"https:\\\/\\\/www.aspion.de\\\/en\\\/fachpack-2019-new-transport-data-logger-passes-extreme-field-tests\\\/#local-main-place-address\"},\"telephone\":[\"+49 721 85149-122\"],\"openingHoursSpecification\":[{\"@type\":\"OpeningHoursSpecification\",\"dayOfWeek\":[\"Monday\",\"Tuesday\",\"Wednesday\",\"Thursday\",\"Friday\",\"Saturday\",\"Sunday\"],\"opens\":\"09:00\",\"closes\":\"17:00\"}],\"email\":\"info@aspion.de\",\"faxNumber\":\"+49 721 85149-090\"},{\"@type\":\"PostalAddress\",\"@id\":\"https:\\\/\\\/www.aspion.de\\\/en\\\/fachpack-2019-new-transport-data-logger-passes-extreme-field-tests\\\/#local-main-place-address\",\"streetAddress\":\"Ohiostra\u00dfe 11\",\"addressLocality\":\"Karlsruhe\",\"postalCode\":\"76149\",\"addressRegion\":\"Baden-W\u00fcrttemberg\",\"addressCountry\":\"DE\"},{\"@type\":\"ImageObject\",\"inLanguage\":\"en-US\",\"@id\":\"https:\\\/\\\/www.aspion.de\\\/en\\\/fachpack-2019-new-transport-data-logger-passes-extreme-field-tests\\\/#local-main-organization-logo\",\"url\":\"https:\\\/\\\/www.aspion.de\\\/wp-content\\\/uploads\\\/2014\\\/05\\\/Aspion_GmbH_Active_SensorsPositioning_Logo_1.png\",\"contentUrl\":\"https:\\\/\\\/www.aspion.de\\\/wp-content\\\/uploads\\\/2014\\\/05\\\/Aspion_GmbH_Active_SensorsPositioning_Logo_1.png\",\"width\":280,\"height\":71,\"caption\":\"ASPION GmbH\"}]}<\/script>\n<meta name=\"geo.placename\" content=\"Karlsruhe\" \/>\n<meta name=\"geo.region\" content=\"Germany\" \/>\n<!-- \/ Yoast SEO Premium plugin. -->","yoast_head_json":{"title":"FachPack 2019: New transport data logger passes extreme field tests","description":"ASPION G-Log 2\", the latest generation of its award-winning transport data logger, has also proven its reliability at Kilimanjaro.","robots":{"index":"index","follow":"follow","max-snippet":"max-snippet:-1","max-image-preview":"max-image-preview:large","max-video-preview":"max-video-preview:-1"},"canonical":"https:\/\/www.aspion.de\/en\/fachpack-2019-new-transport-data-logger-passes-extreme-field-tests\/","og_locale":"en_US","og_type":"article","og_title":"FachPack 2019: New transport data logger passes extreme field tests","og_description":"ASPION G-Log 2\", the latest generation of its award-winning transport data logger, has also proven its reliability at Kilimanjaro.","og_url":"https:\/\/www.aspion.de\/en\/fachpack-2019-new-transport-data-logger-passes-extreme-field-tests\/","og_site_name":"ASPION GmbH \u2013 Profi-Datenlogger f\u00fcr Schock und Sto\u00df - f\u00fcr die Industrie","article_modified_time":"2021-08-20T11:42:54+00:00","og_image":[{"url":"https:\/\/www.aspion.de\/wp-content\/uploads\/2019\/08\/ASPION_G-Log2_Kilimanjaro_Presse2-300x250.jpg","type":"","width":"","height":""}],"twitter_card":"summary_large_image","twitter_misc":{"Est. reading time":"2 minutes"},"schema":{"@context":"https:\/\/schema.org","@graph":[{"@type":"WebPage","@id":"https:\/\/www.aspion.de\/en\/fachpack-2019-new-transport-data-logger-passes-extreme-field-tests\/","url":"https:\/\/www.aspion.de\/en\/fachpack-2019-new-transport-data-logger-passes-extreme-field-tests\/","name":"FachPack 2019: New transport data logger passes extreme field tests","isPartOf":{"@id":"https:\/\/www.aspion.de\/en\/#website"},"primaryImageOfPage":{"@id":"https:\/\/www.aspion.de\/en\/fachpack-2019-new-transport-data-logger-passes-extreme-field-tests\/#primaryimage"},"image":{"@id":"https:\/\/www.aspion.de\/en\/fachpack-2019-new-transport-data-logger-passes-extreme-field-tests\/#primaryimage"},"thumbnailUrl":"https:\/\/www.aspion.de\/wp-content\/uploads\/2019\/08\/ASPION_G-Log2_Kilimanjaro_Presse2.jpg","datePublished":"2019-08-12T08:27:33+00:00","dateModified":"2021-08-20T11:42:54+00:00","description":"ASPION G-Log 2\", the latest generation of its award-winning transport data logger, has also proven its reliability at Kilimanjaro.","breadcrumb":{"@id":"https:\/\/www.aspion.de\/en\/fachpack-2019-new-transport-data-logger-passes-extreme-field-tests\/#breadcrumb"},"inLanguage":"en-US","potentialAction":[{"@type":"ReadAction","target":["https:\/\/www.aspion.de\/en\/fachpack-2019-new-transport-data-logger-passes-extreme-field-tests\/"]}]},{"@type":"ImageObject","inLanguage":"en-US","@id":"https:\/\/www.aspion.de\/en\/fachpack-2019-new-transport-data-logger-passes-extreme-field-tests\/#primaryimage","url":"https:\/\/www.aspion.de\/wp-content\/uploads\/2019\/08\/ASPION_G-Log2_Kilimanjaro_Presse2.jpg","contentUrl":"https:\/\/www.aspion.de\/wp-content\/uploads\/2019\/08\/ASPION_G-Log2_Kilimanjaro_Presse2.jpg","width":1890,"height":1577,"caption":"ASPION G-Log2 Data logger"},{"@type":"BreadcrumbList","@id":"https:\/\/www.aspion.de\/en\/fachpack-2019-new-transport-data-logger-passes-extreme-field-tests\/#breadcrumb","itemListElement":[{"@type":"ListItem","position":1,"name":"Startseite","item":"https:\/\/www.aspion.de\/en\/"},{"@type":"ListItem","position":2,"name":"FachPack 2019: New transport data logger passes extreme field tests"}]},{"@type":"WebSite","@id":"https:\/\/www.aspion.de\/en\/#website","url":"https:\/\/www.aspion.de\/en\/","name":"ASPION GmbH \u2013 Profi-Datenlogger f\u00fcr Schock und Sto\u00df - f\u00fcr die Industrie","description":"Datenlogger f\u00fcr Transport\u00fcberwachung von Schock, Temperatur, Feuchte - einfach, kosteng\u00fcnstig, nachhaltig, made in Germany.","publisher":{"@id":"https:\/\/www.aspion.de\/en\/#organization"},"potentialAction":[{"@type":"SearchAction","target":{"@type":"EntryPoint","urlTemplate":"https:\/\/www.aspion.de\/en\/?s={search_term_string}"},"query-input":{"@type":"PropertyValueSpecification","valueRequired":true,"valueName":"search_term_string"}}],"inLanguage":"en-US"},{"@type":["Organization","Place"],"@id":"https:\/\/www.aspion.de\/en\/#organization","name":"ASPION GmbH","url":"https:\/\/www.aspion.de\/en\/","logo":{"@id":"https:\/\/www.aspion.de\/en\/fachpack-2019-new-transport-data-logger-passes-extreme-field-tests\/#local-main-organization-logo"},"image":{"@id":"https:\/\/www.aspion.de\/en\/fachpack-2019-new-transport-data-logger-passes-extreme-field-tests\/#local-main-organization-logo"},"sameAs":["https:\/\/www.linkedin.com\/company\/aspion-gmbh","https:\/\/www.youtube.com\/channel\/UCyPrXy8bNbXMKcp_MQEor3w"],"address":{"@id":"https:\/\/www.aspion.de\/en\/fachpack-2019-new-transport-data-logger-passes-extreme-field-tests\/#local-main-place-address"},"telephone":["+49 721 85149-122"],"openingHoursSpecification":[{"@type":"OpeningHoursSpecification","dayOfWeek":["Monday","Tuesday","Wednesday","Thursday","Friday","Saturday","Sunday"],"opens":"09:00","closes":"17:00"}],"email":"info@aspion.de","faxNumber":"+49 721 85149-090"},{"@type":"PostalAddress","@id":"https:\/\/www.aspion.de\/en\/fachpack-2019-new-transport-data-logger-passes-extreme-field-tests\/#local-main-place-address","streetAddress":"Ohiostra\u00dfe 11","addressLocality":"Karlsruhe","postalCode":"76149","addressRegion":"Baden-W\u00fcrttemberg","addressCountry":"DE"},{"@type":"ImageObject","inLanguage":"en-US","@id":"https:\/\/www.aspion.de\/en\/fachpack-2019-new-transport-data-logger-passes-extreme-field-tests\/#local-main-organization-logo","url":"https:\/\/www.aspion.de\/wp-content\/uploads\/2014\/05\/Aspion_GmbH_Active_SensorsPositioning_Logo_1.png","contentUrl":"https:\/\/www.aspion.de\/wp-content\/uploads\/2014\/05\/Aspion_GmbH_Active_SensorsPositioning_Logo_1.png","width":280,"height":71,"caption":"ASPION GmbH"}]},"geo.placename":"Karlsruhe","geo.region":"Germany"},"_links":{"self":[{"href":"https:\/\/www.aspion.de\/en\/wp-json\/wp\/v2\/pages\/14094","targetHints":{"allow":["GET"]}}],"collection":[{"href":"https:\/\/www.aspion.de\/en\/wp-json\/wp\/v2\/pages"}],"about":[{"href":"https:\/\/www.aspion.de\/en\/wp-json\/wp\/v2\/types\/page"}],"author":[{"embeddable":true,"href":"https:\/\/www.aspion.de\/en\/wp-json\/wp\/v2\/users\/173"}],"replies":[{"embeddable":true,"href":"https:\/\/www.aspion.de\/en\/wp-json\/wp\/v2\/comments?post=14094"}],"version-history":[{"count":12,"href":"https:\/\/www.aspion.de\/en\/wp-json\/wp\/v2\/pages\/14094\/revisions"}],"predecessor-version":[{"id":16703,"href":"https:\/\/www.aspion.de\/en\/wp-json\/wp\/v2\/pages\/14094\/revisions\/16703"}],"wp:featuredmedia":[{"embeddable":true,"href":"https:\/\/www.aspion.de\/en\/wp-json\/wp\/v2\/media\/14092"}],"wp:attachment":[{"href":"https:\/\/www.aspion.de\/en\/wp-json\/wp\/v2\/media?parent=14094"}],"curies":[{"name":"wp","href":"https:\/\/api.w.org\/{rel}","templated":true}]}}