{"id":14461,"date":"2019-11-13T11:47:46","date_gmt":"2019-11-13T10:47:46","guid":{"rendered":"https:\/\/www.aspion.de\/kundenportal-aspion-g-log-downloads\/"},"modified":"2025-06-10T16:06:37","modified_gmt":"2025-06-10T14:06:37","slug":"customer-portal-aspion-g-log-downloads","status":"publish","type":"page","link":"https:\/\/www.aspion.de\/en\/customer-portal-aspion-g-log-downloads\/","title":{"rendered":"Customer portal ASPION G-Log Downloads"},"content":{"rendered":"\n<h2>\n\t\tASPION Customer Portal &#8211; Downloads\n\t<\/h2>\n\t<div id=\"wppb-login-wrap\" class=\"wppb-user-forms\">\n\t\t<form name=\"wppb-loginform\" id=\"wppb-loginform\" class=\"\" action=\"https:\/\/www.aspion.de\/en\/wp-json\/wp\/v2\/pages\/14461\" method=\"post\">\n\t\t\t\n\t\t\t<p class=\"wppb-form-field login-username\">\n\t\t\t\t<label for=\"wppb_user_login\">Email<\/label>\n\t\t\t\t<input type=\"email\" name=\"log\" id=\"wppb_user_login\" class=\"input\" value=\"\" size=\"20\" \/>\n\t\t\t<\/p>\n\t\t\t<p class=\"wppb-form-field login-password\">\n\t\t\t\t<label for=\"wppb_user_pass\">Password<\/label>\n\t\t\t\t<span class=\"wppb-password-field-container\">\n\t\t\t\t    <input type=\"password\" name=\"pwd\" id=\"wppb_user_pass\" class=\"input\" value=\"\" size=\"20\" \/>\n\t\t\t\t     <!-- add the HTML for the visibility toggle -->\n\t\t\t\t<\/span>\n            <\/p>\n\t\t\t\n\t\t\t\n\t\t\t<p class=\"wppb-form-field login-remember\"><input name=\"rememberme\" type=\"checkbox\" id=\"rememberme\" value=\"forever\" \/><label for=\"rememberme\">Remember Me<\/label><\/p>\n\t\t\t<p class=\"login-submit form-submit\">\n\t\t\t\t<input type=\"submit\" name=\"wp-submit\" id=\"wppb-submit\" class=\"button button-primary\" value=\"Log In\"\" \/>\n\t\t\t\t<input type=\"hidden\" name=\"redirect_to\" value=\"https:\/\/www.aspion.de\/en\/wp-json\/wp\/v2\/pages\/14461\" \/>\n\t\t\t<\/p>\n\t\t\t<input type=\"hidden\" name=\"wppb_login\" value=\"true\"\/>\n\t\t\t<input type=\"hidden\" name=\"wppb_form_location\" value=\"widget\"\/>\n\t\t\t<input type=\"hidden\" name=\"wppb_request_url\" value=\"https:\/\/www.aspion.de\/en\/wp-json\/wp\/v2\/pages\/14461\"\/>\n\t\t\t<input type=\"hidden\" name=\"wppb_lostpassword_url\" value=\"\"\/>\n\t\t\t<input type=\"hidden\" name=\"wppb_redirect_priority\" value=\"\"\/>\n\t\t\t<input type=\"hidden\" name=\"wppb_referer_url\" value=\"\"\/>\n\t\t\t<input type=\"hidden\" id=\"CSRFToken-wppb\" name=\"CSRFToken-wppb\" value=\"6960f504c4\" \/><input type=\"hidden\" name=\"_wp_http_referer\" value=\"\/en\/wp-json\/wp\/v2\/pages\/14461\" \/>\n\t\t\t<input type=\"hidden\" name=\"wppb_redirect_check\" value=\"true\"\/>\n\t\t\t\n\t\t<\/form><script>window.onload = function() { jQuery(document).ready(function($) { $(\"input[name=\\\"log\\\"]\").on(\"keyup\", function() { $(this).val( $.trim($(this).val()) ); }); }); }<\/script><\/div>\n<h3>\n\t\tASPION G-Log\n\t<\/h3>\n\t\t\t\t<img decoding=\"async\" src=\"https:\/\/www.aspion.de\/wp-content\/uploads\/2021\/03\/schocksensor_aspion-g-log_schockrekorder-1.jpg\" alt=\"schocksensor_aspion-g-log_schockrekorder-1\" itemprop=\"image\" height=\"201\" width=\"300\" title=\"schocksensor_aspion-g-log_schockrekorder-1\" onerror=\"this.style.display='none'\"  \/>\n\t<h4>Info material<\/h4>\n\t\t\t<a href=\"https:\/\/www.aspion.de\/wp-content\/uploads\/2023\/10\/ASPION-G-Log_brochure.pdf\" target=\"_blank\" rel=\"noopener\">\n\t\t\t\t\t\tBrochure\n\t\t\t\t\t<\/a>\n\t\t\t<a href=\"https:\/\/www.aspion.de\/wp-content\/uploads\/2022\/06\/ASPION-G-Log_starter_package_flyer.pdf\" target=\"_blank\" rel=\"noopener\">\n\t\t\t\t\t\tStarter package\n\t\t\t\t\t<\/a>\n\t\t\t<a href=\"https:\/\/www.aspion.de\/wp-content\/uploads\/2023\/06\/ASPION_G-log_Premium_Onepager_en.pdf\" target=\"_blank\" rel=\"noopener\">\n\t\t\t\t\t\tG-Log Premium\n\t\t\t\t\t<\/a>\n\t\t\t<a href=\"https:\/\/www.aspion.de\/wp-content\/uploads\/2023\/07\/ASPION-G-Log_pricelist.pdf\" target=\"_blank\" rel=\"noopener\">\n\t\t\t\t\t\tPrice list\n\t\t\t\t\t<\/a>\n\t\t\t<a href=\"https:\/\/www.aspion.de\/wp-content\/uploads\/2019\/07\/Technical-Data-ASPION-G-Log.pdf\" target=\"_blank\" rel=\"noopener\">\n\t\t\t\t\t\tTechnical Data\n\t\t\t\t\t<\/a>\n\t<h4>Instructions<\/h4>\n\t\t\t<a href=\"https:\/\/www.aspion.de\/wp-content\/uploads\/2019\/11\/Quick-guide-ASPION-G-Log.pdf\" target=\"_blank\" rel=\"noopener\">\n\t\t\t\t\t\tQuick Guide\n\t\t\t\t\t<\/a>\n\t\t\t<a href=\"https:\/\/www.aspion.de\/wp-content\/uploads\/2021\/06\/ASPION-G-Log-User-Manual-Configuration.pdf\" target=\"_blank\" rel=\"noopener\">\n\t\t\t\t\t\tConfiguration\n\t\t\t\t\t<\/a>\n\t\t\t<a href=\"https:\/\/www.aspion.de\/wp-content\/uploads\/2019\/11\/ASPION-G-Log-User-Manual.pdf\" target=\"_blank\" rel=\"noopener\">\n\t\t\t\t\t\tUser Manual\n\t\t\t\t\t<\/a>\n\t<h4>Approvals<\/h4>\n\t\t\t<a href=\"https:\/\/www.aspion.de\/wp-content\/uploads\/2020\/05\/ASPION-G-Log_Products_EC-Declaration-of-Conformity-RED_CE.pdf\" target=\"_blank\" rel=\"noopener\">\n\t\t\t\t\t\tCE Conformity\n\t\t\t\t\t<\/a>\n\t\t\t<a href=\"https:\/\/www.aspion.de\/wp-content\/uploads\/2021\/02\/ASPION-G-Log_Products_Declaration-of-Conformity-RoHS-REACH.pdf\" target=\"_blank\" rel=\"noopener\">\n\t\t\t\t\t\tRoHs \/ REACH\n\t\t\t\t\t<\/a>\n<h3>\n\t\tPC software ASPION G-Log Manager + driver for operating all ASPION data loggers\n\t<\/h3>\n<h4>\n\t\t.ZIP download with all files\n\t<\/h4>\n\t<p>Version 7 for update or new installation incl. driver, manual, quick guide, etc.<\/p>\n\t\t\t<a href=\"https:\/\/aspiondownload.s3.eu-central-1.amazonaws.com\/V7\/ASPION_G-Log_Manager_V7.zip\" target=\"_blank\" rel=\"noopener\">\n\t\t\t\t\t\t.ZIP Download\n\t\t\t\t\t<\/a>\n<h4>\n\t\tPC software for Windows\n\t<\/h4>\n\t<p>Version 7 for update or new installation<\/p>\n\t\t\t<a href=\"https:\/\/aspiondownload.s3.eu-central-1.amazonaws.com\/V7\/ASPION_G-Log_Manager_Installer.msi\" target=\"_blank\" rel=\"noopener\">\n\t\t\t\t\t\tDownload\n\t\t\t\t\t<\/a>\n<h4>\n\t\tDriver for card reader (NFC)\n\t<\/h4>\n\tIdentiv uTrust 3700 F Version 1.31<br \/>\n<a href=\"https:\/\/support.identiv.com\/3700f\/\" target=\"_blank\" rel=\"noopener\">link to manufacturer download<\/a>\n\t\t\t<a href=\"https:\/\/aspiondownload.s3.eu-central-1.amazonaws.com\/Identiv+uTrust+V1.31.exe\" target=\"_blank\" rel=\"noopener\">\n\t\t\t\t\t\tDriver\n\t\t\t\t\t<\/a>\n<h4>\n\t\t.NET Framework\n\t<\/h4>\n\t<p>Version V4.8<\/p>\n\t\t\t<a href=\"https:\/\/aspiondownload.s3.eu-central-1.amazonaws.com\/V4\/ndp48-x86-x64-allos-enu.exe\" target=\"_blank\" rel=\"noopener\">\n\t\t\t\t\t\t.NET V4.8\n\t\t\t\t\t<\/a>\n<h3>\n\t\tPrevious version G-Log Manager\n\t<\/h3>\n<h4>\n\t\tPC software for Windows\n\t<\/h4>\n\t<p>Version 6 for update or new installation<\/p>\n\t\t\t<a href=\"https:\/\/aspiondownload.s3.eu-central-1.amazonaws.com\/V6\/ASPION_G-Log_Manager_Installer.msi\" target=\"_blank\" rel=\"noopener\">\n\t\t\t\t\t\tDownload\n\t\t\t\t\t<\/a>\n<h3>\n\t\tSmartphone app and tutorial for colleagues and clients\n\t<\/h3>\n<h4>\n\t\tTemplate: Smartphone App instructions\n\t<\/h4>\n\t<p>Short instructions for your customers and colleagues for easy reading of the data loggers via Smartphone App. Available as PPT template for customization for ASPION G-Log (standard version) and ASPION G-Log Premium.<\/p>\n\t\t\t<a href=\"https:\/\/www.aspion.de\/wp-content\/uploads\/2021\/06\/Template_ASPION_G-Log_App.pptx\" target=\"_blank\" rel=\"noopener\">\n\t\t\t\t\t\tPPT G-Log\n\t\t\t\t\t<\/a>\n\t\t\t<a href=\"https:\/\/www.aspion.de\/wp-content\/uploads\/2021\/06\/Template_ASPION_G-Log_App_mit_Premium.pptx\" target=\"_blank\" rel=\"noopener\">\n\t\t\t\t\t\tPPT Premium\n\t\t\t\t\t<\/a>\n<h4>\n\t\tASPION G-Log App\n\t<\/h4>\n\t<p>Scan the QR code (on the right) with your smartphone!<\/p>\n<p>Current version in German, English, Italian or Chinese available free of charge on the Google Play Store as well as on the Apple App Store.<\/p>\nNFC-enabled smartphones with Android version 5.0 or higher<br \/>\niPhone 7 and newer devices with iOS version 11 or higher\n\t\t\t\t<img decoding=\"async\" src=\"https:\/\/www.aspion.de\/wp-content\/uploads\/2018\/06\/QR_Code_ASPION_G-Log_App-e1529221294326.png\" alt=\"QR_Code_ASPION_G-Log_App\" itemprop=\"image\" height=\"2385\" width=\"2385\" title=\"QR_Code_ASPION_G-Log_App\" onerror=\"this.style.display='none'\"  \/>\n\t\t\t\t<a href=\"https:\/\/play.google.com\/store\/apps\/details?id=com.aspion.glog\" target=\"_blank\" rel=\"noopener\"  itemprop=\"url\">\n\t\t\t\t<img decoding=\"async\" src=\"https:\/\/www.aspion.de\/wp-content\/uploads\/2022\/03\/google-play-badge1_EN-300x88.png\" alt=\"google-play-badge1_EN\" itemprop=\"image\" height=\"88\" width=\"300\" title=\"google-play-badge1_EN\" onerror=\"this.style.display='none'\"  \/>\n\t\t\t\t<\/a>\n\t\t\t\t<a href=\"https:\/\/itunes.apple.com\/de\/app\/aspion-g-log\/id1305876678?mt=8\" target=\"_blank\" rel=\"noopener\"  itemprop=\"url\">\n\t\t\t\t<img decoding=\"async\" src=\"https:\/\/www.aspion.de\/wp-content\/uploads\/2022\/03\/ASPION_G-Log-AppleAppStore-NFC_EN-300x89.png\" alt=\"ASPION G-Log App now available for reading data loggers via iPhone - one of the first industrial apps for iOS with NFC.\" itemprop=\"image\" height=\"89\" width=\"300\" title=\"ASPION_G-Log-AppleAppStore-NFC_EN\" onerror=\"this.style.display='none'\"  \/>\n\t\t\t\t<\/a>\n<h4>\n\t\tVideo tutorials for smartphone apps\n\t<\/h4>\n\t<p>Please note: The new apps now contain additional graphics as well as a live view for the ASPION G-Log 2. The videos show one of the previous version but are operated all the same.<\/p>\n\t  <img decoding=\"async\" src=\"https:\/\/www.aspion.de\/wp-content\/plugins\/borlabs-cookie\/assets\/images\/cb-no-thumbnail.png\" alt=\"YouTube\"\/>  <p>Mit dem Laden des Videos akzeptieren Sie die Datenschutzerkl\u00e4rung von YouTube.<br \/><a href=\"https:\/\/policies.google.com\/privacy\" target=\"_blank\" rel=\"nofollow noopener noreferrer\">Mehr erfahren<\/a> <a href=\"#\" data-borlabs-cookie-unblock role=\"button\">Video laden<\/a> <label><input type=\"checkbox\" name=\"unblockAll\" value=\"1\" checked\/> <small>YouTube immer entsperren<\/small><\/label><\/p>   \n\t  <img decoding=\"async\" src=\"https:\/\/www.aspion.de\/wp-content\/plugins\/borlabs-cookie\/assets\/images\/cb-no-thumbnail.png\" alt=\"YouTube\"\/>  <p>Mit dem Laden des Videos akzeptieren Sie die Datenschutzerkl\u00e4rung von YouTube.<br \/><a href=\"https:\/\/policies.google.com\/privacy\" target=\"_blank\" rel=\"nofollow noopener noreferrer\">Mehr erfahren<\/a> <a href=\"#\" data-borlabs-cookie-unblock role=\"button\">Video laden<\/a> <label><input type=\"checkbox\" name=\"unblockAll\" value=\"1\" checked\/> <small>YouTube immer entsperren<\/small><\/label><\/p>   \n\n","protected":false},"excerpt":{"rendered":"<p>ASPION Customer Portal &#8211; Downloads ASPION G-Log Info material Brochure Starter package G-Log Premium Price list Technical Data Instructions Quick Guide Configuration User Manual Approvals CE Conformity RoHs \/ REACH PC software ASPION G-Log Manager + driver for operating all ASPION data loggers .ZIP download with all files Version 7 for update or new installation&hellip;<\/p>\n","protected":false},"author":173,"featured_media":0,"parent":0,"menu_order":0,"comment_status":"closed","ping_status":"closed","template":"","meta":{"_acf_changed":false,"footnotes":""},"class_list":["post-14461","page","type-page","status-publish","hentry"],"acf":[],"yoast_head":"<!-- This site is optimized with the Yoast SEO Premium plugin v27.2 (Yoast SEO v27.2) - https:\/\/yoast.com\/product\/yoast-seo-premium-wordpress\/ -->\n<title>Customer portal ASPION G-Log Downloads<\/title>\n<meta name=\"robots\" content=\"noindex, nofollow\" \/>\n<meta property=\"og:locale\" content=\"en_US\" \/>\n<meta property=\"og:type\" content=\"article\" \/>\n<meta property=\"og:title\" content=\"Customer portal ASPION G-Log Downloads\" \/>\n<meta property=\"og:description\" content=\"ASPION Customer Portal &#8211; Downloads ASPION G-Log Info material Brochure Starter package G-Log Premium Price list Technical Data Instructions Quick Guide Configuration User Manual Approvals CE Conformity RoHs \/ REACH PC software ASPION G-Log Manager + driver for operating all ASPION data loggers .ZIP download with all files Version 7 for update or new installation&hellip;\" \/>\n<meta property=\"og:url\" content=\"https:\/\/www.aspion.de\/en\/customer-portal-aspion-g-log-downloads\/\" \/>\n<meta property=\"og:site_name\" content=\"ASPION GmbH \u2013 Profi-Datenlogger f\u00fcr Schock und Sto\u00df - f\u00fcr die Industrie\" \/>\n<meta property=\"article:modified_time\" content=\"2025-06-10T14:06:37+00:00\" \/>\n<meta property=\"og:image\" content=\"https:\/\/www.aspion.de\/wp-content\/uploads\/2021\/03\/schocksensor_aspion-g-log_schockrekorder-1.jpg\" \/>\n<meta name=\"twitter:card\" content=\"summary_large_image\" \/>\n<meta name=\"twitter:label1\" content=\"Est. reading time\" \/>\n\t<meta name=\"twitter:data1\" content=\"1 minute\" \/>\n<script type=\"application\/ld+json\" class=\"yoast-schema-graph\">{\"@context\":\"https:\/\/schema.org\",\"@graph\":[{\"@type\":\"WebPage\",\"@id\":\"https:\/\/www.aspion.de\/en\/customer-portal-aspion-g-log-downloads\/\",\"url\":\"https:\/\/www.aspion.de\/en\/customer-portal-aspion-g-log-downloads\/\",\"name\":\"Customer portal ASPION G-Log Downloads\",\"isPartOf\":{\"@id\":\"https:\/\/www.aspion.de\/en\/#website\"},\"primaryImageOfPage\":{\"@id\":\"https:\/\/www.aspion.de\/en\/customer-portal-aspion-g-log-downloads\/#primaryimage\"},\"image\":{\"@id\":\"https:\/\/www.aspion.de\/en\/customer-portal-aspion-g-log-downloads\/#primaryimage\"},\"thumbnailUrl\":\"https:\/\/www.aspion.de\/wp-content\/uploads\/2021\/03\/schocksensor_aspion-g-log_schockrekorder-1.jpg\",\"datePublished\":\"2019-11-13T10:47:46+00:00\",\"dateModified\":\"2025-06-10T14:06:37+00:00\",\"breadcrumb\":{\"@id\":\"https:\/\/www.aspion.de\/en\/customer-portal-aspion-g-log-downloads\/#breadcrumb\"},\"inLanguage\":\"en-US\",\"potentialAction\":[{\"@type\":\"ReadAction\",\"target\":[\"https:\/\/www.aspion.de\/en\/customer-portal-aspion-g-log-downloads\/\"]}]},{\"@type\":\"ImageObject\",\"inLanguage\":\"en-US\",\"@id\":\"https:\/\/www.aspion.de\/en\/customer-portal-aspion-g-log-downloads\/#primaryimage\",\"url\":\"https:\/\/www.aspion.de\/wp-content\/uploads\/2021\/03\/schocksensor_aspion-g-log_schockrekorder-1.jpg\",\"contentUrl\":\"https:\/\/www.aspion.de\/wp-content\/uploads\/2021\/03\/schocksensor_aspion-g-log_schockrekorder-1.jpg\"},{\"@type\":\"BreadcrumbList\",\"@id\":\"https:\/\/www.aspion.de\/en\/customer-portal-aspion-g-log-downloads\/#breadcrumb\",\"itemListElement\":[{\"@type\":\"ListItem\",\"position\":1,\"name\":\"Startseite\",\"item\":\"https:\/\/www.aspion.de\/en\/\"},{\"@type\":\"ListItem\",\"position\":2,\"name\":\"Customer portal ASPION G-Log Downloads\"}]},{\"@type\":\"WebSite\",\"@id\":\"https:\/\/www.aspion.de\/en\/#website\",\"url\":\"https:\/\/www.aspion.de\/en\/\",\"name\":\"ASPION GmbH \u2013 Profi-Datenlogger f\u00fcr Schock und Sto\u00df - f\u00fcr die Industrie\",\"description\":\"Datenlogger f\u00fcr Transport\u00fcberwachung von Schock, Temperatur, Feuchte - einfach, kosteng\u00fcnstig, nachhaltig, made in Germany.\",\"publisher\":{\"@id\":\"https:\/\/www.aspion.de\/en\/#organization\"},\"potentialAction\":[{\"@type\":\"SearchAction\",\"target\":{\"@type\":\"EntryPoint\",\"urlTemplate\":\"https:\/\/www.aspion.de\/en\/?s={search_term_string}\"},\"query-input\":{\"@type\":\"PropertyValueSpecification\",\"valueRequired\":true,\"valueName\":\"search_term_string\"}}],\"inLanguage\":\"en-US\"},{\"@type\":[\"Organization\",\"Place\"],\"@id\":\"https:\/\/www.aspion.de\/en\/#organization\",\"name\":\"ASPION GmbH\",\"url\":\"https:\/\/www.aspion.de\/en\/\",\"logo\":{\"@id\":\"https:\/\/www.aspion.de\/en\/customer-portal-aspion-g-log-downloads\/#local-main-organization-logo\"},\"image\":{\"@id\":\"https:\/\/www.aspion.de\/en\/customer-portal-aspion-g-log-downloads\/#local-main-organization-logo\"},\"sameAs\":[\"https:\/\/www.linkedin.com\/company\/aspion-gmbh\",\"https:\/\/www.youtube.com\/channel\/UCyPrXy8bNbXMKcp_MQEor3w\"],\"address\":{\"@id\":\"https:\/\/www.aspion.de\/en\/customer-portal-aspion-g-log-downloads\/#local-main-place-address\"},\"telephone\":[\"+49 721 85149-122\"],\"openingHoursSpecification\":[{\"@type\":\"OpeningHoursSpecification\",\"dayOfWeek\":[\"Monday\",\"Tuesday\",\"Wednesday\",\"Thursday\",\"Friday\",\"Saturday\",\"Sunday\"],\"opens\":\"09:00\",\"closes\":\"17:00\"}],\"email\":\"info@aspion.de\",\"faxNumber\":\"+49 721 85149-090\"},{\"@type\":\"PostalAddress\",\"@id\":\"https:\/\/www.aspion.de\/en\/customer-portal-aspion-g-log-downloads\/#local-main-place-address\",\"streetAddress\":\"Ohiostra\u00dfe 11\",\"addressLocality\":\"Karlsruhe\",\"postalCode\":\"76149\",\"addressRegion\":\"Baden-W\u00fcrttemberg\",\"addressCountry\":\"DE\"},{\"@type\":\"ImageObject\",\"inLanguage\":\"en-US\",\"@id\":\"https:\/\/www.aspion.de\/en\/customer-portal-aspion-g-log-downloads\/#local-main-organization-logo\",\"url\":\"https:\/\/www.aspion.de\/wp-content\/uploads\/2014\/05\/Aspion_GmbH_Active_SensorsPositioning_Logo_1.png\",\"contentUrl\":\"https:\/\/www.aspion.de\/wp-content\/uploads\/2014\/05\/Aspion_GmbH_Active_SensorsPositioning_Logo_1.png\",\"width\":280,\"height\":71,\"caption\":\"ASPION GmbH\"}]}<\/script>\n<meta name=\"geo.placename\" content=\"Karlsruhe\" \/>\n<meta name=\"geo.region\" content=\"Germany\" \/>\n<!-- \/ Yoast SEO Premium plugin. -->","yoast_head_json":{"title":"Customer portal ASPION G-Log Downloads","robots":{"index":"noindex","follow":"nofollow"},"og_locale":"en_US","og_type":"article","og_title":"Customer portal ASPION G-Log Downloads","og_description":"ASPION Customer Portal &#8211; Downloads ASPION G-Log Info material Brochure Starter package G-Log Premium Price list Technical Data Instructions Quick Guide Configuration User Manual Approvals CE Conformity RoHs \/ REACH PC software ASPION G-Log Manager + driver for operating all ASPION data loggers .ZIP download with all files Version 7 for update or new installation&hellip;","og_url":"https:\/\/www.aspion.de\/en\/customer-portal-aspion-g-log-downloads\/","og_site_name":"ASPION GmbH \u2013 Profi-Datenlogger f\u00fcr Schock und Sto\u00df - f\u00fcr die Industrie","article_modified_time":"2025-06-10T14:06:37+00:00","og_image":[{"url":"https:\/\/www.aspion.de\/wp-content\/uploads\/2021\/03\/schocksensor_aspion-g-log_schockrekorder-1.jpg","type":"","width":"","height":""}],"twitter_card":"summary_large_image","twitter_misc":{"Est. reading time":"1 minute"},"schema":{"@context":"https:\/\/schema.org","@graph":[{"@type":"WebPage","@id":"https:\/\/www.aspion.de\/en\/customer-portal-aspion-g-log-downloads\/","url":"https:\/\/www.aspion.de\/en\/customer-portal-aspion-g-log-downloads\/","name":"Customer portal ASPION G-Log Downloads","isPartOf":{"@id":"https:\/\/www.aspion.de\/en\/#website"},"primaryImageOfPage":{"@id":"https:\/\/www.aspion.de\/en\/customer-portal-aspion-g-log-downloads\/#primaryimage"},"image":{"@id":"https:\/\/www.aspion.de\/en\/customer-portal-aspion-g-log-downloads\/#primaryimage"},"thumbnailUrl":"https:\/\/www.aspion.de\/wp-content\/uploads\/2021\/03\/schocksensor_aspion-g-log_schockrekorder-1.jpg","datePublished":"2019-11-13T10:47:46+00:00","dateModified":"2025-06-10T14:06:37+00:00","breadcrumb":{"@id":"https:\/\/www.aspion.de\/en\/customer-portal-aspion-g-log-downloads\/#breadcrumb"},"inLanguage":"en-US","potentialAction":[{"@type":"ReadAction","target":["https:\/\/www.aspion.de\/en\/customer-portal-aspion-g-log-downloads\/"]}]},{"@type":"ImageObject","inLanguage":"en-US","@id":"https:\/\/www.aspion.de\/en\/customer-portal-aspion-g-log-downloads\/#primaryimage","url":"https:\/\/www.aspion.de\/wp-content\/uploads\/2021\/03\/schocksensor_aspion-g-log_schockrekorder-1.jpg","contentUrl":"https:\/\/www.aspion.de\/wp-content\/uploads\/2021\/03\/schocksensor_aspion-g-log_schockrekorder-1.jpg"},{"@type":"BreadcrumbList","@id":"https:\/\/www.aspion.de\/en\/customer-portal-aspion-g-log-downloads\/#breadcrumb","itemListElement":[{"@type":"ListItem","position":1,"name":"Startseite","item":"https:\/\/www.aspion.de\/en\/"},{"@type":"ListItem","position":2,"name":"Customer portal ASPION G-Log Downloads"}]},{"@type":"WebSite","@id":"https:\/\/www.aspion.de\/en\/#website","url":"https:\/\/www.aspion.de\/en\/","name":"ASPION GmbH \u2013 Profi-Datenlogger f\u00fcr Schock und Sto\u00df - f\u00fcr die Industrie","description":"Datenlogger f\u00fcr Transport\u00fcberwachung von Schock, Temperatur, Feuchte - einfach, kosteng\u00fcnstig, nachhaltig, made in Germany.","publisher":{"@id":"https:\/\/www.aspion.de\/en\/#organization"},"potentialAction":[{"@type":"SearchAction","target":{"@type":"EntryPoint","urlTemplate":"https:\/\/www.aspion.de\/en\/?s={search_term_string}"},"query-input":{"@type":"PropertyValueSpecification","valueRequired":true,"valueName":"search_term_string"}}],"inLanguage":"en-US"},{"@type":["Organization","Place"],"@id":"https:\/\/www.aspion.de\/en\/#organization","name":"ASPION GmbH","url":"https:\/\/www.aspion.de\/en\/","logo":{"@id":"https:\/\/www.aspion.de\/en\/customer-portal-aspion-g-log-downloads\/#local-main-organization-logo"},"image":{"@id":"https:\/\/www.aspion.de\/en\/customer-portal-aspion-g-log-downloads\/#local-main-organization-logo"},"sameAs":["https:\/\/www.linkedin.com\/company\/aspion-gmbh","https:\/\/www.youtube.com\/channel\/UCyPrXy8bNbXMKcp_MQEor3w"],"address":{"@id":"https:\/\/www.aspion.de\/en\/customer-portal-aspion-g-log-downloads\/#local-main-place-address"},"telephone":["+49 721 85149-122"],"openingHoursSpecification":[{"@type":"OpeningHoursSpecification","dayOfWeek":["Monday","Tuesday","Wednesday","Thursday","Friday","Saturday","Sunday"],"opens":"09:00","closes":"17:00"}],"email":"info@aspion.de","faxNumber":"+49 721 85149-090"},{"@type":"PostalAddress","@id":"https:\/\/www.aspion.de\/en\/customer-portal-aspion-g-log-downloads\/#local-main-place-address","streetAddress":"Ohiostra\u00dfe 11","addressLocality":"Karlsruhe","postalCode":"76149","addressRegion":"Baden-W\u00fcrttemberg","addressCountry":"DE"},{"@type":"ImageObject","inLanguage":"en-US","@id":"https:\/\/www.aspion.de\/en\/customer-portal-aspion-g-log-downloads\/#local-main-organization-logo","url":"https:\/\/www.aspion.de\/wp-content\/uploads\/2014\/05\/Aspion_GmbH_Active_SensorsPositioning_Logo_1.png","contentUrl":"https:\/\/www.aspion.de\/wp-content\/uploads\/2014\/05\/Aspion_GmbH_Active_SensorsPositioning_Logo_1.png","width":280,"height":71,"caption":"ASPION GmbH"}]},"geo.placename":"Karlsruhe","geo.region":"Germany"},"_links":{"self":[{"href":"https:\/\/www.aspion.de\/en\/wp-json\/wp\/v2\/pages\/14461","targetHints":{"allow":["GET"]}}],"collection":[{"href":"https:\/\/www.aspion.de\/en\/wp-json\/wp\/v2\/pages"}],"about":[{"href":"https:\/\/www.aspion.de\/en\/wp-json\/wp\/v2\/types\/page"}],"author":[{"embeddable":true,"href":"https:\/\/www.aspion.de\/en\/wp-json\/wp\/v2\/users\/173"}],"replies":[{"embeddable":true,"href":"https:\/\/www.aspion.de\/en\/wp-json\/wp\/v2\/comments?post=14461"}],"version-history":[{"count":52,"href":"https:\/\/www.aspion.de\/en\/wp-json\/wp\/v2\/pages\/14461\/revisions"}],"predecessor-version":[{"id":23311,"href":"https:\/\/www.aspion.de\/en\/wp-json\/wp\/v2\/pages\/14461\/revisions\/23311"}],"wp:attachment":[{"href":"https:\/\/www.aspion.de\/en\/wp-json\/wp\/v2\/media?parent=14461"}],"curies":[{"name":"wp","href":"https:\/\/api.w.org\/{rel}","templated":true}]}}