{"id":15752,"date":"2020-12-02T09:34:43","date_gmt":"2020-12-02T08:34:43","guid":{"rendered":"https:\/\/www.aspion.de\/?page_id=15752"},"modified":"2021-01-01T17:58:49","modified_gmt":"2021-01-01T16:58:49","slug":"advent-season-2020-aspion-supports-24-good-deeds","status":"publish","type":"page","link":"https:\/\/www.aspion.de\/en\/advent-season-2020-aspion-supports-24-good-deeds\/","title":{"rendered":"Advent season 2020 ASPION supports 24-good-deeds"},"content":{"rendered":"\n\n\t\t\t<img decoding=\"async\" loading='false' src=\"https:\/\/www.aspion.de\/wp-content\/uploads\/2020\/12\/Weihnachtsbanner2020_HP.jpg\" alt=\"\" \/>\t\t\t\n<h1>\n\t\t<a href=\"https:\/\/www.24-good-deeds.com\" title=\"A good deed every day&lt;br&gt;We look forward to a successful cooperation in 2021!\" target=\"_blank\" rel=\"noopener noreferrer\">\n\t\tA good deed every day<br \/>We look forward to a successful cooperation in 2021!\n\t\t<\/a>\n\t<\/h1>\n\t\t\t\t<a href=\"https:\/\/www.24-good-deeds.com\/\" target=\"_blank\" rel=\"noopener noreferrer\" itemprop=\"url\">\n\t\t\t\t<img decoding=\"async\" src=\"https:\/\/www.aspion.de\/wp-content\/uploads\/2020\/12\/Adventskalender_24-gute-Taten_1.jpg\" alt=\"Adventskalender_24-gute-Taten_1\" itemprop=\"image\" height=\"677\" width=\"561\" title=\"Adventskalender_24-gute-Taten_1\" onerror=\"this.style.display='none'\"  \/>\n\t\t\t\t<\/a>\n<h2>\n\t\t<a href=\"https:\/\/www.24-good-deeds.com\/\" title=\"www.24-good-deeds.com\" target=\"_blank\" rel=\"noopener noreferrer\">\n\t\twww.24-good-deeds.com\n\t\t<\/a>\n\t<\/h2>\n\t<p>A good deed every day &#8211; that is what we wanted to live during the Advent season last year and also in the new year. Be it an encouraging smile for a child on the way to school, a cup of coffee for a colleague or holding a door open for a fellow human being. Many things are so simple.<\/p>\n<h3>Helping makes us happy<\/h3>\n<p>Last year we supported the 24 good deeds Advent calendar: Every day a door opened to a better world. Every day a concrete project was supported. Whether health, education, care or our nature, each project is carefully selected.<\/p>\n<h3>Many thanks and we look forward to our partnership in 2021<\/h3>\n<p>We thank our customers, colleagues, partners and companions for the trustful cooperation and loyalty in the past, different year.<\/p>\n<p>In the New Year we look forward to a fruitful cooperation and wish our business partners many bright spots, success, health and optimism!<\/p>\nWarmest regards,<br \/>\nYour ASPION Team\n\t24 December 2020<br \/>\n<a href=\"https:\/\/www.24-good-deeds.com\/2020\/2020-day-24\" target=\"_blank\" rel=\"noopener noreferrer\">Protecting endangered wild animals in Kenya: 15 minutes of anti-poaching patrols to protect giraffes and elephants in Kenya<\/a>\n\t23 December 2020<br \/>\n<a href=\"https:\/\/www.24-good-deeds.com\/2020\/2020-day-23\" target=\"_blank\" rel=\"noopener noreferrer\">Securing drinking water in Iraq: 6 cm of municipal water pipes in Iraq<\/a>\n\t22 December 2020<br \/>\n<a href=\"https:\/\/www.24-good-deeds.com\/2020\/2020-day-22\" target=\"_blank\" rel=\"noopener noreferrer\">Reaching young people before it&#8217;s too late: Suicide prevention in Germany<\/a>\n\t21 December 2020<br \/>\n<a href=\"https:\/\/www.24-good-deeds.com\/2020\/2020-day-21\" target=\"_blank\" rel=\"noopener noreferrer\">Food education for schools and day-care centres in Germany: One lesson in a vegetable patch for a child<\/a>\n\t20 December 2020<br \/>\n<a href=\"https:\/\/www.24-good-deeds.com\/2020\/2020-day-20\" target=\"_blank\" rel=\"noopener noreferrer\">A head start full of enthusiasm: 15 minutes of pre-school for a child refugee in Jordan<\/a>\n\t19 December 2020<br \/>\n<a href=\"https:\/\/www.24-good-deeds.com\/2020\/2020-day-19\" target=\"_blank\" rel=\"noopener noreferrer\">Preventing infectious diseases: One square metre of mosquito nets for a family in Nicaragua<\/a>\n\t18 December 2020<br \/>\n<a href=\"https:\/\/www.24-good-deeds.com\/2020\/2020-day-18\" target=\"_blank\" rel=\"noopener noreferrer\">Education for girls and boys: Eight days of schooling for a child in Afghanistan<\/a>\n\t17 December 2020<br \/>\n<a href=\"https:\/\/www.24-good-deeds.com\/2020\/2020-day-17\" target=\"_blank\" rel=\"noopener noreferrer\">Sow the future, protect the climate: One vegetable plant for a smallholder family in Guatemala<\/a>\n\t16 December 2020<br \/>\n<a href=\"https:\/\/www.24-good-deeds.com\/2020\/2020-day-16\" target=\"_blank\" rel=\"noopener noreferrer\">Books for children in rural areas of Nicaragua: 25 minutes of reading for three disadvantaged children in Nicaragua<\/a>\n\t15 December 2020<br \/>\n<a href=\"https:\/\/www.24-good-deeds.com\/2020\/2020-day-15\" target=\"_blank\" rel=\"noopener noreferrer\">Sustainable agriculture in the Philippines: A handful of worms for a farming family in the Philippines<\/a>\n\t14 December 2020<br \/>\n<a href=\"https:\/\/www.24-good-deeds.com\/2020\/2020-day-14\" target=\"_blank\" rel=\"noopener noreferrer\">Allowing children to laugh again: Four minutes of art and trauma therapy for a child in Iraq<\/a>\n\t13 December 2020<br \/>\n<a href=\"https:\/\/www.24-good-deeds.com\/2020\/2020-day-13\" target=\"_blank\" rel=\"noopener noreferrer\">Child poverty in Germany: One small meal for a disadvantaged child in Germany<\/a>\n\t12 December 2020<br \/>\n<a href=\"https:\/\/www.24-good-deeds.com\/2020\/2020-day-12\" target=\"_blank\" rel=\"noopener noreferrer\">Healthy soils and an improved climate in Senegal: One tree seedling for reforestation in Senegal<\/a>\n\t11 December 2020<br \/>\n<a href=\"https:\/\/www.24-good-deeds.com\/2020\/2020-day-11\" target=\"_blank\" rel=\"noopener noreferrer\">Vocational training for a better future: 22 minutes of vocational training for a young person in Honduras<\/a>\n\t10 December 2020<br \/>\n<a href=\"https:\/\/www.24-good-deeds.com\/2020\/2020-day-10\" target=\"_blank\" rel=\"noopener noreferrer\">Medical care for homeless people: One bandage for a homeless person in Germany<\/a>\n\t9 December 2020<br \/>\n<a href=\"https:\/\/www.24-good-deeds.com\/2020\/2020-day-9\" target=\"_blank\" rel=\"noopener noreferrer\">Food security in Syria: Five grams of seeds for a family in Syria<\/a>\n\t8 December 2020<br \/>\n<a href=\"https:\/\/www.24-good-deeds.com\/2020\/2020-day-8\" target=\"_blank\" rel=\"noopener noreferrer\">Educational opportunities for disadvantaged children: One afternoon of supplementary tuition for a child in South Africa<\/a>\n\t7 December 2020<br \/>\n<a href=\"https:\/\/www.24-good-deeds.com\/2020\/2020-day-7\" target=\"_blank\" rel=\"noopener noreferrer\">The parents&#8217; centre in Freiburg for families with children with cancer: A break for the parents of a child with cancer in Germany<\/a>\n\t6 December 2020<br \/>\n<a href=\"https:\/\/www.24-good-deeds.com\/2020\/2020-day-6\" target=\"_blank\" rel=\"noopener noreferrer\">Support for homeless young people: One meal for a child living on the street in Germany<\/a>\n\t5 December 2020<br \/>\n<a href=\"https:\/\/www.24-good-deeds.com\/2020\/2020-day-5\" target=\"_blank\" rel=\"noopener noreferrer\">Protecting virgin forests in Western Canada: 1 square metre of virgin forest protection in Canada<\/a>\n\t4 December 2020<br \/>\n<a href=\"https:\/\/www.24-good-deeds.com\/2020\/2020-day-4\" target=\"_blank\" rel=\"noopener noreferrer\">Saving Children&#8217;s lives through preventive medicine: One medical check-up for a child in Malawi<\/a>\n\t3 December 2020<br \/>\n<a href=\"https:\/\/www.24-good-deeds.com\/2020\/2020-day-3\" target=\"_blank\" rel=\"noopener noreferrer\">An oasis for orangutans and pygmy elephants: rehabilitation of 5 sqare metres of former palm oil plantations in Malaysia<\/a>\n\t2 December 2020<br \/>\n<a href=\"https:\/\/www.24-good-deeds.com\/2020\/2020-day-2\" target=\"_blank\" rel=\"noopener noreferrer\">Water for a better future: Five days of clean drinking water for a pupil in Bhutan<\/a>\n\t1 December 2020<br \/>\n<a href=\"https:\/\/www.24-good-deeds.com\/2020\/2020-day-1\" target=\"_blank\" rel=\"noopener noreferrer\">Addressing Loneliness by spending Time Together:\u00a0Four minutes of company for an elderly person in Germany<\/a>\n\t\t\t\t<a href=\"https:\/\/www.24-good-deeds.com\/2020\/2020-day-24\" target=\"_blank\" rel=\"noopener noreferrer\" itemprop=\"url\">\n\t\t\t\t<img decoding=\"async\" src=\"https:\/\/www.aspion.de\/wp-content\/uploads\/2020\/12\/24-gute-taten-24.jpg\" alt=\"24-gute-taten-24\" itemprop=\"image\" height=\"247\" width=\"245\" title=\"24-gute-taten-24\" onerror=\"this.style.display='none'\"  \/>\n\t\t\t\t<\/a>\n\t\t\t\t<a href=\"https:\/\/www.24-good-deeds.com\/2020\/2020-day-20\" target=\"_blank\" rel=\"noopener noreferrer\" itemprop=\"url\">\n\t\t\t\t<img decoding=\"async\" src=\"https:\/\/www.aspion.de\/wp-content\/uploads\/2020\/12\/24-gute-taten-20.jpg\" alt=\"24-gute-taten-20\" itemprop=\"image\" height=\"250\" width=\"245\" title=\"24-gute-taten-20\" onerror=\"this.style.display='none'\"  \/>\n\t\t\t\t<\/a>\n\t\t\t\t<a href=\"https:\/\/www.24-good-deeds.com\/\" target=\"_blank\" rel=\"noopener noreferrer\" itemprop=\"url\">\n\t\t\t\t<img decoding=\"async\" src=\"https:\/\/www.aspion.de\/wp-content\/uploads\/2020\/12\/Logo_24-gute-taten-300x300.jpg\" alt=\"Logo_24-gute-taten\" itemprop=\"image\" height=\"300\" width=\"300\" title=\"Logo_24-gute-taten\" onerror=\"this.style.display='none'\"  \/>\n\t\t\t\t<\/a>\n\t\t\t\t<a href=\"https:\/\/www.24-good-deeds.com\/2020\/2020-day-15\" target=\"_blank\" rel=\"noopener noreferrer\" itemprop=\"url\">\n\t\t\t\t<img decoding=\"async\" src=\"https:\/\/www.aspion.de\/wp-content\/uploads\/2020\/12\/24-gute-taten-15.jpg\" alt=\"24-gute-taten-15\" itemprop=\"image\" height=\"250\" width=\"243\" title=\"24-gute-taten-15\" onerror=\"this.style.display='none'\"  \/>\n\t\t\t\t<\/a>\n\t\t\t\t<a href=\"https:\/\/www.24-good-deeds.com\/2020\/2020-day-12\" target=\"_blank\" rel=\"noopener noreferrer\" itemprop=\"url\">\n\t\t\t\t<img decoding=\"async\" src=\"https:\/\/www.aspion.de\/wp-content\/uploads\/2020\/12\/24-gute-taten-12.jpg\" alt=\"24-gute-taten-12\" itemprop=\"image\" height=\"246\" width=\"253\" title=\"24-gute-taten-12\" onerror=\"this.style.display='none'\"  \/>\n\t\t\t\t<\/a>\n\t\t\t\t<a href=\"https:\/\/www.24-good-deeds.com\/2020\/2020-day-7\" target=\"_blank\" rel=\"noopener noreferrer\" itemprop=\"url\">\n\t\t\t\t<img decoding=\"async\" src=\"https:\/\/www.aspion.de\/wp-content\/uploads\/2020\/12\/24-gute-taten-7.jpg\" alt=\"24-gute-taten-7\" itemprop=\"image\" height=\"256\" width=\"261\" title=\"24-gute-taten-7\" onerror=\"this.style.display='none'\"  \/>\n\t\t\t\t<\/a>\n\t\t\t\t<a href=\"https:\/\/www.24-good-deeds.com\/2020\/2020-day-3\" target=\"_blank\" rel=\"noopener noreferrer\" itemprop=\"url\">\n\t\t\t\t<img decoding=\"async\" src=\"https:\/\/www.aspion.de\/wp-content\/uploads\/2020\/12\/24-gute-taten-3.jpg\" alt=\"24-gute-taten-3\" itemprop=\"image\" height=\"247\" width=\"247\" title=\"24-gute-taten-3\" onerror=\"this.style.display='none'\"  \/>\n\t\t\t\t<\/a>\n\t\t\t\t<a href=\"https:\/\/www.24-good-deeds.com\/2020\/2020-day-2\" target=\"_blank\" rel=\"noopener noreferrer\" itemprop=\"url\">\n\t\t\t\t<img decoding=\"async\" src=\"https:\/\/www.aspion.de\/wp-content\/uploads\/2020\/12\/24-gute-taten-2.jpg\" alt=\"24-gute-taten-2\" itemprop=\"image\" height=\"245\" width=\"249\" title=\"24-gute-taten-2\" onerror=\"this.style.display='none'\"  \/>\n\t\t\t\t<\/a>\n\n","protected":false},"excerpt":{"rendered":"<p>A good deed every dayWe look forward to a successful cooperation in 2021! www.24-good-deeds.com A good deed every day &#8211; that is what we wanted to live during the Advent season last year and also in the new year. Be it an encouraging smile for a child on the way to school, a cup of&hellip;<\/p>\n","protected":false},"author":1,"featured_media":0,"parent":0,"menu_order":0,"comment_status":"closed","ping_status":"closed","template":"","meta":{"_acf_changed":false,"footnotes":""},"class_list":["post-15752","page","type-page","status-publish","hentry"],"acf":[],"yoast_head":"<!-- This site is optimized with the Yoast SEO Premium plugin v27.5 (Yoast SEO v27.5) - https:\/\/yoast.com\/product\/yoast-seo-premium-wordpress\/ -->\n<title>Advent season 2020 ASPION supports 24-good-deeds<\/title>\n<meta name=\"description\" content=\"A good deed every day - that is what we have set ourselves for the Advent season. Because helping makes us happy. That is why we are supporting the 24 good deeds Advent calendar this year.\" \/>\n<meta name=\"robots\" content=\"index, follow, max-snippet:-1, max-image-preview:large, max-video-preview:-1\" \/>\n<link rel=\"canonical\" href=\"https:\/\/www.aspion.de\/en\/advent-season-2020-aspion-supports-24-good-deeds\/\" \/>\n<meta property=\"og:locale\" content=\"en_US\" \/>\n<meta property=\"og:type\" content=\"article\" \/>\n<meta property=\"og:title\" content=\"Advent season 2020 ASPION supports 24-good-deeds\" \/>\n<meta property=\"og:description\" content=\"A good deed every day - that is what we have set ourselves for the Advent season. Because helping makes us happy. That is why we are supporting the 24 good deeds Advent calendar this year.\" \/>\n<meta property=\"og:url\" content=\"https:\/\/www.aspion.de\/en\/advent-season-2020-aspion-supports-24-good-deeds\/\" \/>\n<meta property=\"og:site_name\" content=\"ASPION GmbH \u2013 Profi-Datenlogger f\u00fcr Schock und Sto\u00df - f\u00fcr die Industrie\" \/>\n<meta property=\"article:modified_time\" content=\"2021-01-01T16:58:49+00:00\" \/>\n<meta property=\"og:image\" content=\"https:\/\/www.aspion.de\/wp-content\/uploads\/2020\/12\/Weihnachtsbanner2020_HP.jpg\" \/>\n<meta name=\"twitter:card\" content=\"summary_large_image\" \/>\n<meta name=\"twitter:label1\" content=\"Est. reading time\" \/>\n\t<meta name=\"twitter:data1\" content=\"3 minutes\" \/>\n<script type=\"application\/ld+json\" class=\"yoast-schema-graph\">{\"@context\":\"https:\\\/\\\/schema.org\",\"@graph\":[{\"@type\":\"WebPage\",\"@id\":\"https:\\\/\\\/www.aspion.de\\\/en\\\/advent-season-2020-aspion-supports-24-good-deeds\\\/\",\"url\":\"https:\\\/\\\/www.aspion.de\\\/en\\\/advent-season-2020-aspion-supports-24-good-deeds\\\/\",\"name\":\"Advent season 2020 ASPION supports 24-good-deeds\",\"isPartOf\":{\"@id\":\"https:\\\/\\\/www.aspion.de\\\/en\\\/#website\"},\"primaryImageOfPage\":{\"@id\":\"https:\\\/\\\/www.aspion.de\\\/en\\\/advent-season-2020-aspion-supports-24-good-deeds\\\/#primaryimage\"},\"image\":{\"@id\":\"https:\\\/\\\/www.aspion.de\\\/en\\\/advent-season-2020-aspion-supports-24-good-deeds\\\/#primaryimage\"},\"thumbnailUrl\":\"https:\\\/\\\/www.aspion.de\\\/wp-content\\\/uploads\\\/2020\\\/12\\\/Weihnachtsbanner2020_HP.jpg\",\"datePublished\":\"2020-12-02T08:34:43+00:00\",\"dateModified\":\"2021-01-01T16:58:49+00:00\",\"description\":\"A good deed every day - that is what we have set ourselves for the Advent season. Because helping makes us happy. That is why we are supporting the 24 good deeds Advent calendar this year.\",\"breadcrumb\":{\"@id\":\"https:\\\/\\\/www.aspion.de\\\/en\\\/advent-season-2020-aspion-supports-24-good-deeds\\\/#breadcrumb\"},\"inLanguage\":\"en-US\",\"potentialAction\":[{\"@type\":\"ReadAction\",\"target\":[\"https:\\\/\\\/www.aspion.de\\\/en\\\/advent-season-2020-aspion-supports-24-good-deeds\\\/\"]}]},{\"@type\":\"ImageObject\",\"inLanguage\":\"en-US\",\"@id\":\"https:\\\/\\\/www.aspion.de\\\/en\\\/advent-season-2020-aspion-supports-24-good-deeds\\\/#primaryimage\",\"url\":\"https:\\\/\\\/www.aspion.de\\\/wp-content\\\/uploads\\\/2020\\\/12\\\/Weihnachtsbanner2020_HP.jpg\",\"contentUrl\":\"https:\\\/\\\/www.aspion.de\\\/wp-content\\\/uploads\\\/2020\\\/12\\\/Weihnachtsbanner2020_HP.jpg\"},{\"@type\":\"BreadcrumbList\",\"@id\":\"https:\\\/\\\/www.aspion.de\\\/en\\\/advent-season-2020-aspion-supports-24-good-deeds\\\/#breadcrumb\",\"itemListElement\":[{\"@type\":\"ListItem\",\"position\":1,\"name\":\"Startseite\",\"item\":\"https:\\\/\\\/www.aspion.de\\\/en\\\/\"},{\"@type\":\"ListItem\",\"position\":2,\"name\":\"Advent season 2020 ASPION supports 24-good-deeds\"}]},{\"@type\":\"WebSite\",\"@id\":\"https:\\\/\\\/www.aspion.de\\\/en\\\/#website\",\"url\":\"https:\\\/\\\/www.aspion.de\\\/en\\\/\",\"name\":\"ASPION GmbH \u2013 Profi-Datenlogger f\u00fcr Schock und Sto\u00df - f\u00fcr die Industrie\",\"description\":\"Datenlogger f\u00fcr Transport\u00fcberwachung von Schock, Temperatur, Feuchte - einfach, kosteng\u00fcnstig, nachhaltig, made in Germany.\",\"publisher\":{\"@id\":\"https:\\\/\\\/www.aspion.de\\\/en\\\/#organization\"},\"potentialAction\":[{\"@type\":\"SearchAction\",\"target\":{\"@type\":\"EntryPoint\",\"urlTemplate\":\"https:\\\/\\\/www.aspion.de\\\/en\\\/?s={search_term_string}\"},\"query-input\":{\"@type\":\"PropertyValueSpecification\",\"valueRequired\":true,\"valueName\":\"search_term_string\"}}],\"inLanguage\":\"en-US\"},{\"@type\":[\"Organization\",\"Place\"],\"@id\":\"https:\\\/\\\/www.aspion.de\\\/en\\\/#organization\",\"name\":\"ASPION GmbH\",\"url\":\"https:\\\/\\\/www.aspion.de\\\/en\\\/\",\"logo\":{\"@id\":\"https:\\\/\\\/www.aspion.de\\\/en\\\/advent-season-2020-aspion-supports-24-good-deeds\\\/#local-main-organization-logo\"},\"image\":{\"@id\":\"https:\\\/\\\/www.aspion.de\\\/en\\\/advent-season-2020-aspion-supports-24-good-deeds\\\/#local-main-organization-logo\"},\"sameAs\":[\"https:\\\/\\\/www.linkedin.com\\\/company\\\/aspion-gmbh\",\"https:\\\/\\\/www.youtube.com\\\/channel\\\/UCyPrXy8bNbXMKcp_MQEor3w\"],\"address\":{\"@id\":\"https:\\\/\\\/www.aspion.de\\\/en\\\/advent-season-2020-aspion-supports-24-good-deeds\\\/#local-main-place-address\"},\"telephone\":[\"+49 721 85149-122\"],\"openingHoursSpecification\":[{\"@type\":\"OpeningHoursSpecification\",\"dayOfWeek\":[\"Monday\",\"Tuesday\",\"Wednesday\",\"Thursday\",\"Friday\",\"Saturday\",\"Sunday\"],\"opens\":\"09:00\",\"closes\":\"17:00\"}],\"email\":\"info@aspion.de\",\"faxNumber\":\"+49 721 85149-090\"},{\"@type\":\"PostalAddress\",\"@id\":\"https:\\\/\\\/www.aspion.de\\\/en\\\/advent-season-2020-aspion-supports-24-good-deeds\\\/#local-main-place-address\",\"streetAddress\":\"Ohiostra\u00dfe 11\",\"addressLocality\":\"Karlsruhe\",\"postalCode\":\"76149\",\"addressRegion\":\"Baden-W\u00fcrttemberg\",\"addressCountry\":\"DE\"},{\"@type\":\"ImageObject\",\"inLanguage\":\"en-US\",\"@id\":\"https:\\\/\\\/www.aspion.de\\\/en\\\/advent-season-2020-aspion-supports-24-good-deeds\\\/#local-main-organization-logo\",\"url\":\"https:\\\/\\\/www.aspion.de\\\/wp-content\\\/uploads\\\/2014\\\/05\\\/Aspion_GmbH_Active_SensorsPositioning_Logo_1.png\",\"contentUrl\":\"https:\\\/\\\/www.aspion.de\\\/wp-content\\\/uploads\\\/2014\\\/05\\\/Aspion_GmbH_Active_SensorsPositioning_Logo_1.png\",\"width\":280,\"height\":71,\"caption\":\"ASPION GmbH\"}]}<\/script>\n<meta name=\"geo.placename\" content=\"Karlsruhe\" \/>\n<meta name=\"geo.region\" content=\"Germany\" \/>\n<!-- \/ Yoast SEO Premium plugin. -->","yoast_head_json":{"title":"Advent season 2020 ASPION supports 24-good-deeds","description":"A good deed every day - that is what we have set ourselves for the Advent season. Because helping makes us happy. That is why we are supporting the 24 good deeds Advent calendar this year.","robots":{"index":"index","follow":"follow","max-snippet":"max-snippet:-1","max-image-preview":"max-image-preview:large","max-video-preview":"max-video-preview:-1"},"canonical":"https:\/\/www.aspion.de\/en\/advent-season-2020-aspion-supports-24-good-deeds\/","og_locale":"en_US","og_type":"article","og_title":"Advent season 2020 ASPION supports 24-good-deeds","og_description":"A good deed every day - that is what we have set ourselves for the Advent season. Because helping makes us happy. That is why we are supporting the 24 good deeds Advent calendar this year.","og_url":"https:\/\/www.aspion.de\/en\/advent-season-2020-aspion-supports-24-good-deeds\/","og_site_name":"ASPION GmbH \u2013 Profi-Datenlogger f\u00fcr Schock und Sto\u00df - f\u00fcr die Industrie","article_modified_time":"2021-01-01T16:58:49+00:00","og_image":[{"url":"https:\/\/www.aspion.de\/wp-content\/uploads\/2020\/12\/Weihnachtsbanner2020_HP.jpg","type":"","width":"","height":""}],"twitter_card":"summary_large_image","twitter_misc":{"Est. reading time":"3 minutes"},"schema":{"@context":"https:\/\/schema.org","@graph":[{"@type":"WebPage","@id":"https:\/\/www.aspion.de\/en\/advent-season-2020-aspion-supports-24-good-deeds\/","url":"https:\/\/www.aspion.de\/en\/advent-season-2020-aspion-supports-24-good-deeds\/","name":"Advent season 2020 ASPION supports 24-good-deeds","isPartOf":{"@id":"https:\/\/www.aspion.de\/en\/#website"},"primaryImageOfPage":{"@id":"https:\/\/www.aspion.de\/en\/advent-season-2020-aspion-supports-24-good-deeds\/#primaryimage"},"image":{"@id":"https:\/\/www.aspion.de\/en\/advent-season-2020-aspion-supports-24-good-deeds\/#primaryimage"},"thumbnailUrl":"https:\/\/www.aspion.de\/wp-content\/uploads\/2020\/12\/Weihnachtsbanner2020_HP.jpg","datePublished":"2020-12-02T08:34:43+00:00","dateModified":"2021-01-01T16:58:49+00:00","description":"A good deed every day - that is what we have set ourselves for the Advent season. Because helping makes us happy. That is why we are supporting the 24 good deeds Advent calendar this year.","breadcrumb":{"@id":"https:\/\/www.aspion.de\/en\/advent-season-2020-aspion-supports-24-good-deeds\/#breadcrumb"},"inLanguage":"en-US","potentialAction":[{"@type":"ReadAction","target":["https:\/\/www.aspion.de\/en\/advent-season-2020-aspion-supports-24-good-deeds\/"]}]},{"@type":"ImageObject","inLanguage":"en-US","@id":"https:\/\/www.aspion.de\/en\/advent-season-2020-aspion-supports-24-good-deeds\/#primaryimage","url":"https:\/\/www.aspion.de\/wp-content\/uploads\/2020\/12\/Weihnachtsbanner2020_HP.jpg","contentUrl":"https:\/\/www.aspion.de\/wp-content\/uploads\/2020\/12\/Weihnachtsbanner2020_HP.jpg"},{"@type":"BreadcrumbList","@id":"https:\/\/www.aspion.de\/en\/advent-season-2020-aspion-supports-24-good-deeds\/#breadcrumb","itemListElement":[{"@type":"ListItem","position":1,"name":"Startseite","item":"https:\/\/www.aspion.de\/en\/"},{"@type":"ListItem","position":2,"name":"Advent season 2020 ASPION supports 24-good-deeds"}]},{"@type":"WebSite","@id":"https:\/\/www.aspion.de\/en\/#website","url":"https:\/\/www.aspion.de\/en\/","name":"ASPION GmbH \u2013 Profi-Datenlogger f\u00fcr Schock und Sto\u00df - f\u00fcr die Industrie","description":"Datenlogger f\u00fcr Transport\u00fcberwachung von Schock, Temperatur, Feuchte - einfach, kosteng\u00fcnstig, nachhaltig, made in Germany.","publisher":{"@id":"https:\/\/www.aspion.de\/en\/#organization"},"potentialAction":[{"@type":"SearchAction","target":{"@type":"EntryPoint","urlTemplate":"https:\/\/www.aspion.de\/en\/?s={search_term_string}"},"query-input":{"@type":"PropertyValueSpecification","valueRequired":true,"valueName":"search_term_string"}}],"inLanguage":"en-US"},{"@type":["Organization","Place"],"@id":"https:\/\/www.aspion.de\/en\/#organization","name":"ASPION GmbH","url":"https:\/\/www.aspion.de\/en\/","logo":{"@id":"https:\/\/www.aspion.de\/en\/advent-season-2020-aspion-supports-24-good-deeds\/#local-main-organization-logo"},"image":{"@id":"https:\/\/www.aspion.de\/en\/advent-season-2020-aspion-supports-24-good-deeds\/#local-main-organization-logo"},"sameAs":["https:\/\/www.linkedin.com\/company\/aspion-gmbh","https:\/\/www.youtube.com\/channel\/UCyPrXy8bNbXMKcp_MQEor3w"],"address":{"@id":"https:\/\/www.aspion.de\/en\/advent-season-2020-aspion-supports-24-good-deeds\/#local-main-place-address"},"telephone":["+49 721 85149-122"],"openingHoursSpecification":[{"@type":"OpeningHoursSpecification","dayOfWeek":["Monday","Tuesday","Wednesday","Thursday","Friday","Saturday","Sunday"],"opens":"09:00","closes":"17:00"}],"email":"info@aspion.de","faxNumber":"+49 721 85149-090"},{"@type":"PostalAddress","@id":"https:\/\/www.aspion.de\/en\/advent-season-2020-aspion-supports-24-good-deeds\/#local-main-place-address","streetAddress":"Ohiostra\u00dfe 11","addressLocality":"Karlsruhe","postalCode":"76149","addressRegion":"Baden-W\u00fcrttemberg","addressCountry":"DE"},{"@type":"ImageObject","inLanguage":"en-US","@id":"https:\/\/www.aspion.de\/en\/advent-season-2020-aspion-supports-24-good-deeds\/#local-main-organization-logo","url":"https:\/\/www.aspion.de\/wp-content\/uploads\/2014\/05\/Aspion_GmbH_Active_SensorsPositioning_Logo_1.png","contentUrl":"https:\/\/www.aspion.de\/wp-content\/uploads\/2014\/05\/Aspion_GmbH_Active_SensorsPositioning_Logo_1.png","width":280,"height":71,"caption":"ASPION GmbH"}]},"geo.placename":"Karlsruhe","geo.region":"Germany"},"_links":{"self":[{"href":"https:\/\/www.aspion.de\/en\/wp-json\/wp\/v2\/pages\/15752","targetHints":{"allow":["GET"]}}],"collection":[{"href":"https:\/\/www.aspion.de\/en\/wp-json\/wp\/v2\/pages"}],"about":[{"href":"https:\/\/www.aspion.de\/en\/wp-json\/wp\/v2\/types\/page"}],"author":[{"embeddable":true,"href":"https:\/\/www.aspion.de\/en\/wp-json\/wp\/v2\/users\/1"}],"replies":[{"embeddable":true,"href":"https:\/\/www.aspion.de\/en\/wp-json\/wp\/v2\/comments?post=15752"}],"version-history":[{"count":39,"href":"https:\/\/www.aspion.de\/en\/wp-json\/wp\/v2\/pages\/15752\/revisions"}],"predecessor-version":[{"id":15931,"href":"https:\/\/www.aspion.de\/en\/wp-json\/wp\/v2\/pages\/15752\/revisions\/15931"}],"wp:attachment":[{"href":"https:\/\/www.aspion.de\/en\/wp-json\/wp\/v2\/media?parent=15752"}],"curies":[{"name":"wp","href":"https:\/\/api.w.org\/{rel}","templated":true}]}}