{"id":16919,"date":"2021-11-17T14:23:10","date_gmt":"2021-11-17T13:23:10","guid":{"rendered":"https:\/\/www.aspion.de\/?page_id=16919"},"modified":"2021-11-18T11:26:54","modified_gmt":"2021-11-18T10:26:54","slug":"aspion-receives-baden-wuerttemberg-innovation-prize-2021","status":"publish","type":"page","link":"https:\/\/www.aspion.de\/en\/aspion-receives-baden-wuerttemberg-innovation-prize-2021\/","title":{"rendered":"ASPION receives Baden-W\u00fcrttemberg Innovation Prize 2021"},"content":{"rendered":"\n\n\t<p>Press release 17.11.2021<\/p>\n<h4>Versatile shock data logger for comprehensive transport monitoring<\/h4>\n<h1>ASPION receives Baden-W\u00fcrttemberg Innovation Prize 2021<\/h1>\n<p><strong>Karlsruhe, 17 November 2021.\u00a0<\/strong>ASPION GmbH has been awarded this year&#8217;s Baden-W\u00fcrttemberg Innovation Prize. The \u20ac50,000 prize is awarded annually to small and medium-sized companies for the outstanding development and application of new technologies. A high-ranking prize committee with representatives from business, politics and the media decides on the award. The members evaluate the applications according to the following three criteria: technical progress, special entrepreneurial performance and sustainable economic success. ASPION received the award for its intelligent data loggers, which monitor shock-sensitive goods for possible transport damage and thus ensure a smooth supply chain. The Karlsruhe-based company was chosen from over 110 applicants for the coveted award.<\/p>\n<p>On 16 November 2021, Baden-W\u00fcrttemberg&#8217;s Minister of Economic Affairs Dr Nicole Hoffmeister-Kraut presented the Baden-W\u00fcrttemberg Innovation Prize to ASPION&#8217;s managing director duo Martina and Michael W\u00f6hr at the Haus der Wirtschaft in Stuttgart. &#8220;More than ever, we need the will and courage of people to strengthen the innovative power of the state and drive investment in future technologies,&#8221; said the Minister at the 37th award ceremony. The Innovation Prize has been awarded to small and medium-sized enterprises from Baden-W\u00fcrttemberg for the outstanding development and application of new technologies since 1985. &#8220;We are very pleased to receive this award,&#8221; said ASPION Managing Director Martina W\u00f6hr. &#8220;The award encourages us to continue inspiring our international customers with innovative and easy-to-use products in the future.&#8221;<\/p>\n\n<p>This year, more than 110 applications were submitted for the award. ASPION received the coveted award for its intelligent, inexpensive yet easy-to-use shock data loggers. Until now, mechanical transport loads could not be evaluated neutrally and independently. The ASPION G-Log 2 data logger solves this dilemma in a smart way: for the first time, the device offers an integrated vibration test according to recognised transport standards. With the detailed recording of shock events to the millisecond, harmful transport events can also be legally proven and safe supply chain processes effectively supported.<\/p>\n\n<p>The conditions for further growth of the high-tech company are very good in the technology region of Karlsruhe. With its numerous universities, the region offers an excellent environment for attracting highly trained specialists. &#8220;As one of the leading technology sites in Europe and with a distinctive network of technology companies as well as research institutions, we find the best conditions for further innovation and growth here,&#8221; said W\u00f6hr.<\/p>\n<p>In April, ASPION GmbH celebrated its tenth anniversary with company founder Michael W\u00f6hr. Data loggers from Karlsruhe now provide reliable service for more than 500 companies worldwide. Among others, companies from mechanical and plant engineering, medical and measurement technology, the energy, electronics and automotive industries as well as research rely on the unique shock data loggers from ASPION.<\/p>\n<p>Pictures for download<\/p>\nDownload: Click on the picture\n\t\t\t\t<a href=\"https:\/\/www.aspion.de\/wp-content\/uploads\/2021\/11\/Innovationsprize_2021_ASPION_en.jpg\" target=\"_blank\" rel=\"noopener\" itemprop=\"url\">\n\t\t\t\t<img decoding=\"async\" src=\"https:\/\/www.aspion.de\/wp-content\/uploads\/2021\/11\/Innovationsprize_2021_ASPION_en.jpg\" alt=\"On 16 November 2021, Minister of Economic Affairs Dr Hoffmeister-Kraut presented ASPION's managing director duo Martina and Michael W\u00f6hr with the Baden-W\u00fcrttemberg Innovation Prize.\" itemprop=\"image\" height=\"1728\" width=\"2560\" title=\"Innovation Prize\" onerror=\"this.style.display='none'\"  \/>\n\t\t\t\t<\/a>\n<p>On 16 November 2021, Minister of Economic Affairs Dr Hoffmeister-Kraut presented ASPION&#8217;s managing director duo Martina and Michael W\u00f6hr with the Baden-W\u00fcrttemberg Innovation Prize.<\/p>\n<h5>Use of the image material for editorial purposes is free of charge. Photo \u00a9Franziska Kraufmann<\/h5>\n<h3><\/h3>\n\t\t\t\t<a href=\"https:\/\/wm.baden-wuerttemberg.de\/de\/service\/media\/mid\/verleihung-des-innovationspreises-baden-wuerttemberg-2021\/\" target=\"_blank\" rel=\"noopener\" itemprop=\"url\">\n\t\t\t\t<img decoding=\"async\" src=\"https:\/\/www.aspion.de\/wp-content\/uploads\/2021\/10\/Innovationspreis_BW_2021-1.png\" alt=\"Innovationspreis_BW_2021\" itemprop=\"image\" height=\"222\" width=\"397\" title=\"Innovationspreis_BW_2021\" onerror=\"this.style.display='none'\"  \/>\n\t\t\t\t<\/a>\n<h3>Your press contact<\/h3>\nMartina Woehr<br \/>\nTel.: +49 721 \/ 85149-122<br \/>\n<a href=\"https:\/\/www.aspion.de\/ailto:martina.woehr@aspion.de\">martina.woehr@aspion.de<\/a>\n\n","protected":false},"excerpt":{"rendered":"<p>Press release 17.11.2021 Versatile shock data logger for comprehensive transport monitoring ASPION receives Baden-W\u00fcrttemberg Innovation Prize 2021 Karlsruhe, 17 November 2021.\u00a0ASPION GmbH has been awarded this year&#8217;s Baden-W\u00fcrttemberg Innovation Prize. The \u20ac50,000 prize is awarded annually to small and medium-sized companies for the outstanding development and application of new technologies. A high-ranking prize committee with&hellip;<\/p>\n","protected":false},"author":1,"featured_media":16930,"parent":0,"menu_order":0,"comment_status":"closed","ping_status":"closed","template":"","meta":{"_acf_changed":false,"footnotes":""},"class_list":["post-16919","page","type-page","status-publish","has-post-thumbnail","hentry"],"acf":[],"yoast_head":"<!-- This site is optimized with the Yoast SEO Premium plugin v27.5 (Yoast SEO v27.5) - https:\/\/yoast.com\/product\/yoast-seo-premium-wordpress\/ -->\n<title>ASPION receives Baden-W\u00fcrttemberg Innovation Prize 2021<\/title>\n<meta name=\"description\" content=\"ASPION GmbH has been awarded this year&#039;s Baden-W\u00fcrttemberg Innovation Prize for its intelligent data loggers.\" \/>\n<meta name=\"robots\" content=\"index, follow, max-snippet:-1, max-image-preview:large, max-video-preview:-1\" \/>\n<link rel=\"canonical\" href=\"https:\/\/www.aspion.de\/en\/aspion-receives-baden-wuerttemberg-innovation-prize-2021\/\" \/>\n<meta property=\"og:locale\" content=\"en_US\" \/>\n<meta property=\"og:type\" content=\"article\" \/>\n<meta property=\"og:title\" content=\"ASPION receives Baden-W\u00fcrttemberg Innovation Prize 2021\" \/>\n<meta property=\"og:description\" content=\"ASPION GmbH has been awarded this year&#039;s Baden-W\u00fcrttemberg Innovation Prize for its intelligent data loggers.\" \/>\n<meta property=\"og:url\" content=\"https:\/\/www.aspion.de\/en\/aspion-receives-baden-wuerttemberg-innovation-prize-2021\/\" \/>\n<meta property=\"og:site_name\" content=\"ASPION GmbH \u2013 Profi-Datenlogger f\u00fcr Schock und Sto\u00df - f\u00fcr die Industrie\" \/>\n<meta property=\"article:modified_time\" content=\"2021-11-18T10:26:54+00:00\" \/>\n<meta property=\"og:image\" content=\"https:\/\/www.aspion.de\/wp-content\/uploads\/2021\/11\/Innovationsprize_2021_ASPION_en.jpg\" \/>\n<meta name=\"twitter:card\" content=\"summary_large_image\" \/>\n<meta name=\"twitter:label1\" content=\"Est. reading time\" \/>\n\t<meta name=\"twitter:data1\" content=\"3 minutes\" \/>\n<script type=\"application\/ld+json\" class=\"yoast-schema-graph\">{\"@context\":\"https:\\\/\\\/schema.org\",\"@graph\":[{\"@type\":\"WebPage\",\"@id\":\"https:\\\/\\\/www.aspion.de\\\/en\\\/aspion-receives-baden-wuerttemberg-innovation-prize-2021\\\/\",\"url\":\"https:\\\/\\\/www.aspion.de\\\/en\\\/aspion-receives-baden-wuerttemberg-innovation-prize-2021\\\/\",\"name\":\"ASPION receives Baden-W\u00fcrttemberg Innovation Prize 2021\",\"isPartOf\":{\"@id\":\"https:\\\/\\\/www.aspion.de\\\/en\\\/#website\"},\"primaryImageOfPage\":{\"@id\":\"https:\\\/\\\/www.aspion.de\\\/en\\\/aspion-receives-baden-wuerttemberg-innovation-prize-2021\\\/#primaryimage\"},\"image\":{\"@id\":\"https:\\\/\\\/www.aspion.de\\\/en\\\/aspion-receives-baden-wuerttemberg-innovation-prize-2021\\\/#primaryimage\"},\"thumbnailUrl\":\"https:\\\/\\\/www.aspion.de\\\/wp-content\\\/uploads\\\/2021\\\/11\\\/Innovationspreis_2021_ASPION.jpg\",\"datePublished\":\"2021-11-17T13:23:10+00:00\",\"dateModified\":\"2021-11-18T10:26:54+00:00\",\"description\":\"ASPION GmbH has been awarded this year's Baden-W\u00fcrttemberg Innovation Prize for its intelligent data loggers.\",\"breadcrumb\":{\"@id\":\"https:\\\/\\\/www.aspion.de\\\/en\\\/aspion-receives-baden-wuerttemberg-innovation-prize-2021\\\/#breadcrumb\"},\"inLanguage\":\"en-US\",\"potentialAction\":[{\"@type\":\"ReadAction\",\"target\":[\"https:\\\/\\\/www.aspion.de\\\/en\\\/aspion-receives-baden-wuerttemberg-innovation-prize-2021\\\/\"]}]},{\"@type\":\"ImageObject\",\"inLanguage\":\"en-US\",\"@id\":\"https:\\\/\\\/www.aspion.de\\\/en\\\/aspion-receives-baden-wuerttemberg-innovation-prize-2021\\\/#primaryimage\",\"url\":\"https:\\\/\\\/www.aspion.de\\\/wp-content\\\/uploads\\\/2021\\\/11\\\/Innovationspreis_2021_ASPION.jpg\",\"contentUrl\":\"https:\\\/\\\/www.aspion.de\\\/wp-content\\\/uploads\\\/2021\\\/11\\\/Innovationspreis_2021_ASPION.jpg\",\"width\":2560,\"height\":1728,\"caption\":\"On 16 November 2021, Minister of Economic Affairs Dr Hoffmeister-Kraut presented ASPION's managing director duo Martina and Michael W\u00f6hr with the Baden-W\u00fcrttemberg Innovation Prize.\"},{\"@type\":\"BreadcrumbList\",\"@id\":\"https:\\\/\\\/www.aspion.de\\\/en\\\/aspion-receives-baden-wuerttemberg-innovation-prize-2021\\\/#breadcrumb\",\"itemListElement\":[{\"@type\":\"ListItem\",\"position\":1,\"name\":\"Startseite\",\"item\":\"https:\\\/\\\/www.aspion.de\\\/en\\\/\"},{\"@type\":\"ListItem\",\"position\":2,\"name\":\"ASPION receives Baden-W\u00fcrttemberg Innovation Prize 2021\"}]},{\"@type\":\"WebSite\",\"@id\":\"https:\\\/\\\/www.aspion.de\\\/en\\\/#website\",\"url\":\"https:\\\/\\\/www.aspion.de\\\/en\\\/\",\"name\":\"ASPION GmbH \u2013 Profi-Datenlogger f\u00fcr Schock und Sto\u00df - f\u00fcr die Industrie\",\"description\":\"Datenlogger f\u00fcr Transport\u00fcberwachung von Schock, Temperatur, Feuchte - einfach, kosteng\u00fcnstig, nachhaltig, made in Germany.\",\"publisher\":{\"@id\":\"https:\\\/\\\/www.aspion.de\\\/en\\\/#organization\"},\"potentialAction\":[{\"@type\":\"SearchAction\",\"target\":{\"@type\":\"EntryPoint\",\"urlTemplate\":\"https:\\\/\\\/www.aspion.de\\\/en\\\/?s={search_term_string}\"},\"query-input\":{\"@type\":\"PropertyValueSpecification\",\"valueRequired\":true,\"valueName\":\"search_term_string\"}}],\"inLanguage\":\"en-US\"},{\"@type\":[\"Organization\",\"Place\"],\"@id\":\"https:\\\/\\\/www.aspion.de\\\/en\\\/#organization\",\"name\":\"ASPION GmbH\",\"url\":\"https:\\\/\\\/www.aspion.de\\\/en\\\/\",\"logo\":{\"@id\":\"https:\\\/\\\/www.aspion.de\\\/en\\\/aspion-receives-baden-wuerttemberg-innovation-prize-2021\\\/#local-main-organization-logo\"},\"image\":{\"@id\":\"https:\\\/\\\/www.aspion.de\\\/en\\\/aspion-receives-baden-wuerttemberg-innovation-prize-2021\\\/#local-main-organization-logo\"},\"sameAs\":[\"https:\\\/\\\/www.linkedin.com\\\/company\\\/aspion-gmbh\",\"https:\\\/\\\/www.youtube.com\\\/channel\\\/UCyPrXy8bNbXMKcp_MQEor3w\"],\"address\":{\"@id\":\"https:\\\/\\\/www.aspion.de\\\/en\\\/aspion-receives-baden-wuerttemberg-innovation-prize-2021\\\/#local-main-place-address\"},\"telephone\":[\"+49 721 85149-122\"],\"openingHoursSpecification\":[{\"@type\":\"OpeningHoursSpecification\",\"dayOfWeek\":[\"Monday\",\"Tuesday\",\"Wednesday\",\"Thursday\",\"Friday\",\"Saturday\",\"Sunday\"],\"opens\":\"09:00\",\"closes\":\"17:00\"}],\"email\":\"info@aspion.de\",\"faxNumber\":\"+49 721 85149-090\"},{\"@type\":\"PostalAddress\",\"@id\":\"https:\\\/\\\/www.aspion.de\\\/en\\\/aspion-receives-baden-wuerttemberg-innovation-prize-2021\\\/#local-main-place-address\",\"streetAddress\":\"Ohiostra\u00dfe 11\",\"addressLocality\":\"Karlsruhe\",\"postalCode\":\"76149\",\"addressRegion\":\"Baden-W\u00fcrttemberg\",\"addressCountry\":\"DE\"},{\"@type\":\"ImageObject\",\"inLanguage\":\"en-US\",\"@id\":\"https:\\\/\\\/www.aspion.de\\\/en\\\/aspion-receives-baden-wuerttemberg-innovation-prize-2021\\\/#local-main-organization-logo\",\"url\":\"https:\\\/\\\/www.aspion.de\\\/wp-content\\\/uploads\\\/2014\\\/05\\\/Aspion_GmbH_Active_SensorsPositioning_Logo_1.png\",\"contentUrl\":\"https:\\\/\\\/www.aspion.de\\\/wp-content\\\/uploads\\\/2014\\\/05\\\/Aspion_GmbH_Active_SensorsPositioning_Logo_1.png\",\"width\":280,\"height\":71,\"caption\":\"ASPION GmbH\"}]}<\/script>\n<meta name=\"geo.placename\" content=\"Karlsruhe\" \/>\n<meta name=\"geo.region\" content=\"Germany\" \/>\n<!-- \/ Yoast SEO Premium plugin. -->","yoast_head_json":{"title":"ASPION receives Baden-W\u00fcrttemberg Innovation Prize 2021","description":"ASPION GmbH has been awarded this year's Baden-W\u00fcrttemberg Innovation Prize for its intelligent data loggers.","robots":{"index":"index","follow":"follow","max-snippet":"max-snippet:-1","max-image-preview":"max-image-preview:large","max-video-preview":"max-video-preview:-1"},"canonical":"https:\/\/www.aspion.de\/en\/aspion-receives-baden-wuerttemberg-innovation-prize-2021\/","og_locale":"en_US","og_type":"article","og_title":"ASPION receives Baden-W\u00fcrttemberg Innovation Prize 2021","og_description":"ASPION GmbH has been awarded this year's Baden-W\u00fcrttemberg Innovation Prize for its intelligent data loggers.","og_url":"https:\/\/www.aspion.de\/en\/aspion-receives-baden-wuerttemberg-innovation-prize-2021\/","og_site_name":"ASPION GmbH \u2013 Profi-Datenlogger f\u00fcr Schock und Sto\u00df - f\u00fcr die Industrie","article_modified_time":"2021-11-18T10:26:54+00:00","og_image":[{"url":"https:\/\/www.aspion.de\/wp-content\/uploads\/2021\/11\/Innovationsprize_2021_ASPION_en.jpg","type":"","width":"","height":""}],"twitter_card":"summary_large_image","twitter_misc":{"Est. reading time":"3 minutes"},"schema":{"@context":"https:\/\/schema.org","@graph":[{"@type":"WebPage","@id":"https:\/\/www.aspion.de\/en\/aspion-receives-baden-wuerttemberg-innovation-prize-2021\/","url":"https:\/\/www.aspion.de\/en\/aspion-receives-baden-wuerttemberg-innovation-prize-2021\/","name":"ASPION receives Baden-W\u00fcrttemberg Innovation Prize 2021","isPartOf":{"@id":"https:\/\/www.aspion.de\/en\/#website"},"primaryImageOfPage":{"@id":"https:\/\/www.aspion.de\/en\/aspion-receives-baden-wuerttemberg-innovation-prize-2021\/#primaryimage"},"image":{"@id":"https:\/\/www.aspion.de\/en\/aspion-receives-baden-wuerttemberg-innovation-prize-2021\/#primaryimage"},"thumbnailUrl":"https:\/\/www.aspion.de\/wp-content\/uploads\/2021\/11\/Innovationspreis_2021_ASPION.jpg","datePublished":"2021-11-17T13:23:10+00:00","dateModified":"2021-11-18T10:26:54+00:00","description":"ASPION GmbH has been awarded this year's Baden-W\u00fcrttemberg Innovation Prize for its intelligent data loggers.","breadcrumb":{"@id":"https:\/\/www.aspion.de\/en\/aspion-receives-baden-wuerttemberg-innovation-prize-2021\/#breadcrumb"},"inLanguage":"en-US","potentialAction":[{"@type":"ReadAction","target":["https:\/\/www.aspion.de\/en\/aspion-receives-baden-wuerttemberg-innovation-prize-2021\/"]}]},{"@type":"ImageObject","inLanguage":"en-US","@id":"https:\/\/www.aspion.de\/en\/aspion-receives-baden-wuerttemberg-innovation-prize-2021\/#primaryimage","url":"https:\/\/www.aspion.de\/wp-content\/uploads\/2021\/11\/Innovationspreis_2021_ASPION.jpg","contentUrl":"https:\/\/www.aspion.de\/wp-content\/uploads\/2021\/11\/Innovationspreis_2021_ASPION.jpg","width":2560,"height":1728,"caption":"On 16 November 2021, Minister of Economic Affairs Dr Hoffmeister-Kraut presented ASPION's managing director duo Martina and Michael W\u00f6hr with the Baden-W\u00fcrttemberg Innovation Prize."},{"@type":"BreadcrumbList","@id":"https:\/\/www.aspion.de\/en\/aspion-receives-baden-wuerttemberg-innovation-prize-2021\/#breadcrumb","itemListElement":[{"@type":"ListItem","position":1,"name":"Startseite","item":"https:\/\/www.aspion.de\/en\/"},{"@type":"ListItem","position":2,"name":"ASPION receives Baden-W\u00fcrttemberg Innovation Prize 2021"}]},{"@type":"WebSite","@id":"https:\/\/www.aspion.de\/en\/#website","url":"https:\/\/www.aspion.de\/en\/","name":"ASPION GmbH \u2013 Profi-Datenlogger f\u00fcr Schock und Sto\u00df - f\u00fcr die Industrie","description":"Datenlogger f\u00fcr Transport\u00fcberwachung von Schock, Temperatur, Feuchte - einfach, kosteng\u00fcnstig, nachhaltig, made in Germany.","publisher":{"@id":"https:\/\/www.aspion.de\/en\/#organization"},"potentialAction":[{"@type":"SearchAction","target":{"@type":"EntryPoint","urlTemplate":"https:\/\/www.aspion.de\/en\/?s={search_term_string}"},"query-input":{"@type":"PropertyValueSpecification","valueRequired":true,"valueName":"search_term_string"}}],"inLanguage":"en-US"},{"@type":["Organization","Place"],"@id":"https:\/\/www.aspion.de\/en\/#organization","name":"ASPION GmbH","url":"https:\/\/www.aspion.de\/en\/","logo":{"@id":"https:\/\/www.aspion.de\/en\/aspion-receives-baden-wuerttemberg-innovation-prize-2021\/#local-main-organization-logo"},"image":{"@id":"https:\/\/www.aspion.de\/en\/aspion-receives-baden-wuerttemberg-innovation-prize-2021\/#local-main-organization-logo"},"sameAs":["https:\/\/www.linkedin.com\/company\/aspion-gmbh","https:\/\/www.youtube.com\/channel\/UCyPrXy8bNbXMKcp_MQEor3w"],"address":{"@id":"https:\/\/www.aspion.de\/en\/aspion-receives-baden-wuerttemberg-innovation-prize-2021\/#local-main-place-address"},"telephone":["+49 721 85149-122"],"openingHoursSpecification":[{"@type":"OpeningHoursSpecification","dayOfWeek":["Monday","Tuesday","Wednesday","Thursday","Friday","Saturday","Sunday"],"opens":"09:00","closes":"17:00"}],"email":"info@aspion.de","faxNumber":"+49 721 85149-090"},{"@type":"PostalAddress","@id":"https:\/\/www.aspion.de\/en\/aspion-receives-baden-wuerttemberg-innovation-prize-2021\/#local-main-place-address","streetAddress":"Ohiostra\u00dfe 11","addressLocality":"Karlsruhe","postalCode":"76149","addressRegion":"Baden-W\u00fcrttemberg","addressCountry":"DE"},{"@type":"ImageObject","inLanguage":"en-US","@id":"https:\/\/www.aspion.de\/en\/aspion-receives-baden-wuerttemberg-innovation-prize-2021\/#local-main-organization-logo","url":"https:\/\/www.aspion.de\/wp-content\/uploads\/2014\/05\/Aspion_GmbH_Active_SensorsPositioning_Logo_1.png","contentUrl":"https:\/\/www.aspion.de\/wp-content\/uploads\/2014\/05\/Aspion_GmbH_Active_SensorsPositioning_Logo_1.png","width":280,"height":71,"caption":"ASPION GmbH"}]},"geo.placename":"Karlsruhe","geo.region":"Germany"},"_links":{"self":[{"href":"https:\/\/www.aspion.de\/en\/wp-json\/wp\/v2\/pages\/16919","targetHints":{"allow":["GET"]}}],"collection":[{"href":"https:\/\/www.aspion.de\/en\/wp-json\/wp\/v2\/pages"}],"about":[{"href":"https:\/\/www.aspion.de\/en\/wp-json\/wp\/v2\/types\/page"}],"author":[{"embeddable":true,"href":"https:\/\/www.aspion.de\/en\/wp-json\/wp\/v2\/users\/1"}],"replies":[{"embeddable":true,"href":"https:\/\/www.aspion.de\/en\/wp-json\/wp\/v2\/comments?post=16919"}],"version-history":[{"count":8,"href":"https:\/\/www.aspion.de\/en\/wp-json\/wp\/v2\/pages\/16919\/revisions"}],"predecessor-version":[{"id":16961,"href":"https:\/\/www.aspion.de\/en\/wp-json\/wp\/v2\/pages\/16919\/revisions\/16961"}],"wp:featuredmedia":[{"embeddable":true,"href":"https:\/\/www.aspion.de\/en\/wp-json\/wp\/v2\/media\/16930"}],"wp:attachment":[{"href":"https:\/\/www.aspion.de\/en\/wp-json\/wp\/v2\/media?parent=16919"}],"curies":[{"name":"wp","href":"https:\/\/api.w.org\/{rel}","templated":true}]}}