{"id":18034,"date":"2022-03-31T11:24:44","date_gmt":"2022-03-31T10:24:44","guid":{"rendered":"https:\/\/www.aspion.de\/data-logger-for-temperature-and-humidity-with-ble-and-app\/"},"modified":"2024-07-02T14:32:03","modified_gmt":"2024-07-02T13:32:03","slug":"data-logger-for-temperature-and-humidity-with-ble-and-app","status":"publish","type":"page","link":"https:\/\/www.aspion.de\/en\/data-logger-for-temperature-and-humidity-with-ble-and-app\/","title":{"rendered":"Data logger for temperature and humidity with BLE and app"},"content":{"rendered":"\n<h1>\n\t\tData logger monitors temperature and humidity intelligently: <br \/>Transfer data wirelessly via BLE with app and software\n\t<\/h1>\n<h2>\n\t\tClimate logger for transport and storage\n\t<\/h2>\n\t<p>There are many data loggers for temperature and humidity. Yet the devices differ considerably &#8211; depending on their use and application. The wireless shock and <strong>climate logger ASPION G-Log 2<\/strong> is the first data logger with Bluetooth on the market that uses intelligent algorithms to protocol exactly those values that are truly important. This is because the mass storage of measured values alone creates neither clarity nor transparency. Rather, the distinction by relevance makes the significant difference here.<\/p>\n<p><strong>Get to know the details of intelligent climate recording here!<\/strong><\/p>\n\t\t\t\t<img decoding=\"async\" src=\"https:\/\/www.aspion.de\/wp-content\/uploads\/2019\/05\/ASPION_G-Log_2_Data_Logger-300x30.png\" alt=\"Data logger ASPION G-Log 2 shock sensor\" itemprop=\"image\" height=\"30\" width=\"300\" title=\"Data logger ASPION G-Log 2 shock sensor\" onerror=\"this.style.display='none'\"  \/>\n\t\t\t\t<img decoding=\"async\" src=\"https:\/\/www.aspion.de\/wp-content\/uploads\/2021\/03\/transport_datenlogger_aspion-g-log2_web-2-300x192-1.jpg\" alt=\"transport data logger ASPION G-Log 2\" itemprop=\"image\" height=\"201\" width=\"300\" title=\"transport_datenlogger_aspion-g-log2_web-2-300x192\" onerror=\"this.style.display='none'\"  \/>\n\t  <img decoding=\"async\" src=\"https:\/\/www.aspion.de\/wp-content\/plugins\/borlabs-cookie\/assets\/images\/cb-no-thumbnail.png\" alt=\"YouTube\"\/>  <p>Mit dem Laden des Videos akzeptieren Sie die Datenschutzerkl\u00e4rung von YouTube.<br \/><a href=\"https:\/\/policies.google.com\/privacy\" target=\"_blank\" rel=\"nofollow noopener noreferrer\">Mehr erfahren<\/a> <a href=\"#\" data-borlabs-cookie-unblock role=\"button\">Video laden<\/a> <label><input type=\"checkbox\" name=\"unblockAll\" value=\"1\" checked\/> <small>YouTube immer entsperren<\/small><\/label><\/p>   \n<h2>\n\t\tData logger for temperature and humidity &#8211; explained in short film\n\t<\/h2>\n\t<p>The measurement of temperature and humidity with the ASPION G-Log 2 climate\/shock data logger provides meaningful details: Even <strong>short-term violations of the entered threshold values are easily and directly detectable &#8211; recordeded with an accuracy of 5 minutes<\/strong>. As a user, you get the truly relevant measured values at a glance!<\/p>\n<p>Get an overview in the short film in one minute.<\/p>\n<h2>\n\t\tIntelligent climate monitoring: Interval-controlled and event-driven\n\t<\/h2>\n\t\t<p>With the option to switch off shock recording and with the intelligent recording of <strong>climate data such as temperature and relative humidity &#8211; interval and event triggered<\/strong> <strong>&#8211;<\/strong> the data logger is suitable for monitoring temperature and humidity sensitive products during transport and in the warehouse.<\/p>\n<strong>What does &#8220;interval and event triggered&#8221; mean?<\/strong><br \/>\n<strong>How does the temperature and humidity sensor work exactly?<\/strong>\n<ul>\n<li><strong>Interval:<\/strong> The user specifies a time interval, e.g. every 8 hours, at which a temperature and humidity value is regularly recorded with date and time.<\/li>\n<li><strong>Event:<\/strong> A climate event occurs when the threshold values specified by the user, e.g. -5\u00b0C \/ +30\u00b0C and 40 % rel. humidity, are violated. The climate logger records this event with date and time to an accuracy of 5 minutes. If the values remain in the unauthorized range, the hysteresis takes effect and stores further relevant values in case of change.<\/li>\n<li><strong>Measuring interval:<\/strong> The temperature\/humidity sensor, which is calibrated at the factory and adjusted during production, measures its current values every 5 minutes and compares them with the defined settings.<\/li>\n<\/ul>\n<p><strong>Technical data<\/strong> is available for <a href=\"https:\/\/www.aspion.de\/en\/register\/\" target=\"_blank\" rel=\"noopener\">download in the customer portal<\/a>!<\/p>\n\t\t\t\t<a href=\"https:\/\/www.aspion.de\/wp-content\/uploads\/2020\/05\/ASPION_data_analysis_climate.jpg\" target=\"_self\" itemprop=\"url\" rel=\"noopener\">\n\t\t\t\t<img decoding=\"async\" src=\"https:\/\/www.aspion.de\/wp-content\/uploads\/2020\/05\/ASPION_data_analysis_climate.jpg\" alt=\"ASPION_data_analysis_climate\" itemprop=\"image\" height=\"1039\" width=\"1920\" title=\"ASPION_data_analysis_climate\" onerror=\"this.style.display='none'\"  \/>\n\t\t\t\t<\/a>\n\t\t<p><strong>Examples<\/strong><\/p>\n<p>To <strong>protect against rust<\/strong>, goods are provided with an anti-corrosion packaging. If the packaging is damaged or opened by customs, the ASPION G-Log 2 displays the increase in humidity with date and time to the nearest 5 minutes.<\/p>\n<p><strong>Temperature sensitive materials<\/strong> are to be transported between 0\u00b0 and max. 28 \u00b0C and stored for several months. If the temperature exceeds the specified mark of 28 \u00b0C or falls below zero, the climate logger records this to an accuracy of 5 minutes. Likewise, when the temperature returns to the permitted range.<\/p>\n\t<p>In a museum, <strong>art-historical works such as paintings and books<\/strong> are monitored for temperature and humidity as part of an exhibition. Instead of a complex installation, the data loggers are simply placed as necessary and the data is monitored via app.<\/p>\n<h2>\n\t\tBenefits at a glance\n\t<\/h2>\n\t\t\t\t<img decoding=\"async\" src=\"https:\/\/www.aspion.de\/wp-content\/uploads\/2023\/12\/Documents-min.png\" alt=\"Documents-min\" itemprop=\"image\" height=\"100\" width=\"100\" title=\"Documents-min\" onerror=\"this.style.display='none'\"  \/>\n\t\t<h3>Clever &#038; reliable<\/h3><p>Records temperature and humidity as an event when specified thresholds are exceeded\/fallen short of and at intervals.<\/p>\n\t\t\t\t<img decoding=\"async\" src=\"https:\/\/www.aspion.de\/wp-content\/uploads\/2023\/12\/Hourglass-min.png\" alt=\"Hourglass-min\" itemprop=\"image\" height=\"100\" width=\"100\" title=\"Hourglass-min\" onerror=\"this.style.display='none'\"  \/>\n\t\t<h3>Durable &#038; sustainable<\/h3><p>1.5 years battery life with replaceable button cell for resource-saving, sustainable use.<\/p>\n\t\t\t\t<img decoding=\"async\" src=\"https:\/\/www.aspion.de\/wp-content\/uploads\/2023\/11\/Safe-min.png\" alt=\"Safe-min\" itemprop=\"image\" height=\"100\" width=\"100\" title=\"Safe-min\" onerror=\"this.style.display='none'\"  \/>\n\t\t<h3>compact<\/h3><p>Small as a business card, 35 g light, with eyelets for optional mounting, ABS housing with IP 50 protection class.<\/p>\n\t\t\t\t<img decoding=\"async\" src=\"https:\/\/www.aspion.de\/wp-content\/uploads\/2023\/12\/Device-Time-min.png\" alt=\"Device-Time-min\" itemprop=\"image\" height=\"100\" width=\"100\" title=\"Device-Time-min\" onerror=\"this.style.display='none'\"  \/>\n\t\t<h3>app &#038; live data<\/h3><p>Via smartphone app data can be read out at any time via Bluetooth at a distance of up to 10 m and as a live view.<\/p>\n\t\t\t\t<img decoding=\"async\" src=\"https:\/\/www.aspion.de\/wp-content\/uploads\/2023\/12\/Device-Graph-min.png\" alt=\"Device-Graph-min\" itemprop=\"image\" height=\"100\" width=\"100\" title=\"Device-Graph-min\" onerror=\"this.style.display='none'\"  \/>\n\t\t<h3>Multi-readout via BLE<\/h3><p>Multi-readout function reads out many data loggers with one click &#8211; via app or with PC and BLE adapter. <\/p>\n\t\t\t\t<img decoding=\"async\" src=\"https:\/\/www.aspion.de\/wp-content\/uploads\/2023\/11\/Thumbs-Up-min.png\" alt=\"Thumbs-Up-min\" itemprop=\"image\" height=\"100\" width=\"100\" title=\"Thumbs-Up-min\" onerror=\"this.style.display='none'\"  \/>\n\t\t<h3>Simple<\/h3><p>Simplest handling with definition of threshold values and optional precise timing for start and\/or stop.<\/p>\n\t\t\t\t<img decoding=\"async\" src=\"https:\/\/www.aspion.de\/wp-content\/uploads\/2023\/11\/Computer-min.png\" alt=\"Computer-min\" itemprop=\"image\" height=\"100\" width=\"100\" title=\"Computer-min\" onerror=\"this.style.display='none'\"  \/>\n\t\t<h3>Ergonomic &#038; clear<\/h3><p>Ergonomic PC software, easy-to-create reports and clear evaluations, export, archive and more.<\/p>\n\t\t\t\t<img decoding=\"async\" src=\"https:\/\/www.aspion.de\/wp-content\/uploads\/2023\/12\/Plane-Ticket-min.png\" alt=\"Plane-Ticket-min\" itemprop=\"image\" height=\"100\" width=\"100\" title=\"Plane-Ticket-min\" onerror=\"this.style.display='none'\"  \/>\n\t\t<h3>Air freight &#038; industries<\/h3><p>The climate logger is approved for air freight, does not require labeling and can be used universally across all industries.<\/p>\n\t\t\t\t<img decoding=\"async\" src=\"https:\/\/www.aspion.de\/wp-content\/uploads\/2023\/12\/Home-min.png\" alt=\"Home-min\" itemprop=\"image\" height=\"100\" width=\"100\" title=\"Home-min\" onerror=\"this.style.display='none'\"  \/>\n\t\t<h3>Made in Germany<\/h3><p>Completely developed and manufactured in Germany, with numerous worldwide approvals.<\/p>\n\t\t<h2>Operation via app and software, wireless via BLE and NFC<\/h2><p>The ASPION G-Log 2 data logger is activated via PC software and NFC card reader <strong>with threshold values<\/strong>. Equipped with Bluetooth for wireless communication, the data can be read out, evaluated and transmitted <strong>at any time via smartphone app, even through packaging<\/strong>.<\/p>\n<p><strong>Practical live view<\/strong>: the current values of the climate loggers can be viewed directly via the app &#8211; temperature, humidity and battery status are displayed. Both the apps and the PC software offer a <strong>high level of convenience when reading out data via Bluetooth<\/strong>: with just one click, all data loggers in the vicinity are automatically read out one after another.<\/p>\n<p>The <strong>apps for iOS and Android<\/strong> provide a quick overview with their summary including graphs. Measured data can be conveniently <strong>forwarded to business partners as a PDF report<\/strong> using the PC software. Extensive features such as Excel export, archive, network operation, cloud transfer and many more offer maximum convenience.<\/p>\n\t\t\t\t<img decoding=\"async\" src=\"https:\/\/www.aspion.de\/wp-content\/uploads\/2021\/07\/ASPION-Bluetooth_Liveview_en-1.png\" alt=\"Readout and live view\" itemprop=\"image\" height=\"376\" width=\"517\" title=\"ASPION-Bluetooth_Liveview_en\" onerror=\"this.style.display='none'\"  \/>\n\t\t\t\t<img decoding=\"async\" src=\"https:\/\/www.aspion.de\/wp-content\/uploads\/2022\/03\/Data-logger_temperature_humidity_BLE.png\" alt=\"data logger for temperature and humidity with BLE and app from ASPION\" itemprop=\"image\" height=\"450\" width=\"440\" title=\"Data-logger_temperature_humidity_BLE\" onerror=\"this.style.display='none'\"  \/>\n\t\t\t<a href=\"https:\/\/www.aspion.de\/en\/transport-datenlogger-aspion-g-log-2-2\/\" target=\"_self\" rel=\"noopener\">\n\t\t\t\t\t\tTo product page ASPION G-Log 2\n\t\t\t\t\t<\/a>\n<h2>\n\t\tOrder and get started\n\t<\/h2>\n\t<p>The ASPION G-Log 2 starter package contains:<\/p>\n<ul>\n<li>2 data loggers for climate and shock<\/li>\n<li>1 USB card reader<\/li>\n<li>2 sticker &#8220;data logger inside&#8221;<\/li>\n<li>software und app<\/li>\n<\/ul>\n<p>Price: 289 Euro<\/p>\n<p>Order your starter package now and protect your goods!<\/p>\n\t\t\t<a href=\"https:\/\/www.aspion.de\/en\/order-aspion-g-log-2-starter-package\/\" target=\"_self\" rel=\"noopener\">\n\t\t\t\t\t\tOrder starter package now\n\t\t\t\t\t<\/a>\n\t\t\t<a href=\"https:\/\/www.aspion.de\/wp-content\/uploads\/2019\/11\/ASPION-G-Log_2_starter_package_flyer.pdf\" target=\"_blank\" rel=\"noopener\">\n\t\t\t\t\t\tFlyer starter package\n\t\t\t\t\t<\/a>\n\t\t\t\t<img decoding=\"async\" src=\"https:\/\/www.aspion.de\/wp-content\/uploads\/2020\/05\/transport_datenlogger_aspion_kaufen-2.jpg\" alt=\"ASPION transport data logger - order starter package now\" itemprop=\"image\" height=\"860\" width=\"600\" title=\"ASPION transport data logger - order now\" onerror=\"this.style.display='none'\"  \/>\n\n","protected":false},"excerpt":{"rendered":"<p>Data logger monitors temperature and humidity intelligently: Transfer data wirelessly via BLE with app and software Climate logger for transport and storage There are many data loggers for temperature and humidity. Yet the devices differ considerably &#8211; depending on their use and application. The wireless shock and climate logger ASPION G-Log 2 is the first&hellip;<\/p>\n","protected":false},"author":1,"featured_media":0,"parent":0,"menu_order":0,"comment_status":"closed","ping_status":"closed","template":"","meta":{"_acf_changed":false,"footnotes":""},"class_list":["post-18034","page","type-page","status-publish","hentry"],"acf":[],"yoast_head":"<!-- This site is optimized with the Yoast SEO Premium plugin v27.5 (Yoast SEO v27.5) - https:\/\/yoast.com\/product\/yoast-seo-premium-wordpress\/ -->\n<title>Data logger temperature humidity with BLE and app | ASPION<\/title>\n<meta name=\"description\" content=\"Data logger for temperature, humidity and shock for industry \u2713 with BLE and app \u2713 Made in Germany \u25ba Learn more!\" \/>\n<meta name=\"robots\" content=\"index, follow, max-snippet:-1, max-image-preview:large, max-video-preview:-1\" \/>\n<link rel=\"canonical\" href=\"https:\/\/www.aspion.de\/en\/data-logger-for-temperature-and-humidity-with-ble-and-app\/\" \/>\n<meta property=\"og:locale\" content=\"en_US\" \/>\n<meta property=\"og:type\" content=\"article\" \/>\n<meta property=\"og:title\" content=\"Data logger for temperature and humidity with BLE and app\" \/>\n<meta property=\"og:description\" content=\"Data logger for temperature, humidity and shock for industry \u2713 with BLE and app \u2713 Made in Germany \u25ba Learn more!\" \/>\n<meta property=\"og:url\" content=\"https:\/\/www.aspion.de\/en\/data-logger-for-temperature-and-humidity-with-ble-and-app\/\" \/>\n<meta property=\"og:site_name\" content=\"ASPION GmbH \u2013 Profi-Datenlogger f\u00fcr Schock und Sto\u00df - f\u00fcr die Industrie\" \/>\n<meta property=\"article:modified_time\" content=\"2024-07-02T13:32:03+00:00\" \/>\n<meta property=\"og:image\" content=\"https:\/\/www.aspion.de\/wp-content\/uploads\/2019\/05\/ASPION_G-Log_2_Data_Logger-300x30.png\" \/>\n<meta name=\"twitter:card\" content=\"summary_large_image\" \/>\n<meta name=\"twitter:label1\" content=\"Est. reading time\" \/>\n\t<meta name=\"twitter:data1\" content=\"4 minutes\" \/>\n<script type=\"application\/ld+json\" class=\"yoast-schema-graph\">{\"@context\":\"https:\\\/\\\/schema.org\",\"@graph\":[{\"@type\":\"WebPage\",\"@id\":\"https:\\\/\\\/www.aspion.de\\\/en\\\/data-logger-for-temperature-and-humidity-with-ble-and-app\\\/\",\"url\":\"https:\\\/\\\/www.aspion.de\\\/en\\\/data-logger-for-temperature-and-humidity-with-ble-and-app\\\/\",\"name\":\"Data logger temperature humidity with BLE and app | ASPION\",\"isPartOf\":{\"@id\":\"https:\\\/\\\/www.aspion.de\\\/en\\\/#website\"},\"primaryImageOfPage\":{\"@id\":\"https:\\\/\\\/www.aspion.de\\\/en\\\/data-logger-for-temperature-and-humidity-with-ble-and-app\\\/#primaryimage\"},\"image\":{\"@id\":\"https:\\\/\\\/www.aspion.de\\\/en\\\/data-logger-for-temperature-and-humidity-with-ble-and-app\\\/#primaryimage\"},\"thumbnailUrl\":\"https:\\\/\\\/www.aspion.de\\\/wp-content\\\/uploads\\\/2019\\\/05\\\/ASPION_G-Log_2_Data_Logger-300x30.png\",\"datePublished\":\"2022-03-31T10:24:44+00:00\",\"dateModified\":\"2024-07-02T13:32:03+00:00\",\"description\":\"Data logger for temperature, humidity and shock for industry \u2713 with BLE and app \u2713 Made in Germany \u25ba Learn more!\",\"breadcrumb\":{\"@id\":\"https:\\\/\\\/www.aspion.de\\\/en\\\/data-logger-for-temperature-and-humidity-with-ble-and-app\\\/#breadcrumb\"},\"inLanguage\":\"en-US\",\"potentialAction\":[{\"@type\":\"ReadAction\",\"target\":[\"https:\\\/\\\/www.aspion.de\\\/en\\\/data-logger-for-temperature-and-humidity-with-ble-and-app\\\/\"]}]},{\"@type\":\"ImageObject\",\"inLanguage\":\"en-US\",\"@id\":\"https:\\\/\\\/www.aspion.de\\\/en\\\/data-logger-for-temperature-and-humidity-with-ble-and-app\\\/#primaryimage\",\"url\":\"https:\\\/\\\/www.aspion.de\\\/wp-content\\\/uploads\\\/2019\\\/05\\\/ASPION_G-Log_2_Data_Logger-300x30.png\",\"contentUrl\":\"https:\\\/\\\/www.aspion.de\\\/wp-content\\\/uploads\\\/2019\\\/05\\\/ASPION_G-Log_2_Data_Logger-300x30.png\"},{\"@type\":\"BreadcrumbList\",\"@id\":\"https:\\\/\\\/www.aspion.de\\\/en\\\/data-logger-for-temperature-and-humidity-with-ble-and-app\\\/#breadcrumb\",\"itemListElement\":[{\"@type\":\"ListItem\",\"position\":1,\"name\":\"Startseite\",\"item\":\"https:\\\/\\\/www.aspion.de\\\/en\\\/\"},{\"@type\":\"ListItem\",\"position\":2,\"name\":\"Data logger for temperature and humidity with BLE and app\"}]},{\"@type\":\"WebSite\",\"@id\":\"https:\\\/\\\/www.aspion.de\\\/en\\\/#website\",\"url\":\"https:\\\/\\\/www.aspion.de\\\/en\\\/\",\"name\":\"ASPION GmbH \u2013 Profi-Datenlogger f\u00fcr Schock und Sto\u00df - f\u00fcr die Industrie\",\"description\":\"Datenlogger f\u00fcr Transport\u00fcberwachung von Schock, Temperatur, Feuchte - einfach, kosteng\u00fcnstig, nachhaltig, made in Germany.\",\"publisher\":{\"@id\":\"https:\\\/\\\/www.aspion.de\\\/en\\\/#organization\"},\"potentialAction\":[{\"@type\":\"SearchAction\",\"target\":{\"@type\":\"EntryPoint\",\"urlTemplate\":\"https:\\\/\\\/www.aspion.de\\\/en\\\/?s={search_term_string}\"},\"query-input\":{\"@type\":\"PropertyValueSpecification\",\"valueRequired\":true,\"valueName\":\"search_term_string\"}}],\"inLanguage\":\"en-US\"},{\"@type\":[\"Organization\",\"Place\"],\"@id\":\"https:\\\/\\\/www.aspion.de\\\/en\\\/#organization\",\"name\":\"ASPION GmbH\",\"url\":\"https:\\\/\\\/www.aspion.de\\\/en\\\/\",\"logo\":{\"@id\":\"https:\\\/\\\/www.aspion.de\\\/en\\\/data-logger-for-temperature-and-humidity-with-ble-and-app\\\/#local-main-organization-logo\"},\"image\":{\"@id\":\"https:\\\/\\\/www.aspion.de\\\/en\\\/data-logger-for-temperature-and-humidity-with-ble-and-app\\\/#local-main-organization-logo\"},\"sameAs\":[\"https:\\\/\\\/www.linkedin.com\\\/company\\\/aspion-gmbh\",\"https:\\\/\\\/www.youtube.com\\\/channel\\\/UCyPrXy8bNbXMKcp_MQEor3w\"],\"address\":{\"@id\":\"https:\\\/\\\/www.aspion.de\\\/en\\\/data-logger-for-temperature-and-humidity-with-ble-and-app\\\/#local-main-place-address\"},\"telephone\":[\"+49 721 85149-122\"],\"openingHoursSpecification\":[{\"@type\":\"OpeningHoursSpecification\",\"dayOfWeek\":[\"Monday\",\"Tuesday\",\"Wednesday\",\"Thursday\",\"Friday\",\"Saturday\",\"Sunday\"],\"opens\":\"09:00\",\"closes\":\"17:00\"}],\"email\":\"info@aspion.de\",\"faxNumber\":\"+49 721 85149-090\"},{\"@type\":\"PostalAddress\",\"@id\":\"https:\\\/\\\/www.aspion.de\\\/en\\\/data-logger-for-temperature-and-humidity-with-ble-and-app\\\/#local-main-place-address\",\"streetAddress\":\"Ohiostra\u00dfe 11\",\"addressLocality\":\"Karlsruhe\",\"postalCode\":\"76149\",\"addressRegion\":\"Baden-W\u00fcrttemberg\",\"addressCountry\":\"DE\"},{\"@type\":\"ImageObject\",\"inLanguage\":\"en-US\",\"@id\":\"https:\\\/\\\/www.aspion.de\\\/en\\\/data-logger-for-temperature-and-humidity-with-ble-and-app\\\/#local-main-organization-logo\",\"url\":\"https:\\\/\\\/www.aspion.de\\\/wp-content\\\/uploads\\\/2014\\\/05\\\/Aspion_GmbH_Active_SensorsPositioning_Logo_1.png\",\"contentUrl\":\"https:\\\/\\\/www.aspion.de\\\/wp-content\\\/uploads\\\/2014\\\/05\\\/Aspion_GmbH_Active_SensorsPositioning_Logo_1.png\",\"width\":280,\"height\":71,\"caption\":\"ASPION GmbH\"}]}<\/script>\n<meta name=\"geo.placename\" content=\"Karlsruhe\" \/>\n<meta name=\"geo.region\" content=\"Germany\" \/>\n<!-- \/ Yoast SEO Premium plugin. -->","yoast_head_json":{"title":"Data logger temperature humidity with BLE and app | ASPION","description":"Data logger for temperature, humidity and shock for industry \u2713 with BLE and app \u2713 Made in Germany \u25ba Learn more!","robots":{"index":"index","follow":"follow","max-snippet":"max-snippet:-1","max-image-preview":"max-image-preview:large","max-video-preview":"max-video-preview:-1"},"canonical":"https:\/\/www.aspion.de\/en\/data-logger-for-temperature-and-humidity-with-ble-and-app\/","og_locale":"en_US","og_type":"article","og_title":"Data logger for temperature and humidity with BLE and app","og_description":"Data logger for temperature, humidity and shock for industry \u2713 with BLE and app \u2713 Made in Germany \u25ba Learn more!","og_url":"https:\/\/www.aspion.de\/en\/data-logger-for-temperature-and-humidity-with-ble-and-app\/","og_site_name":"ASPION GmbH \u2013 Profi-Datenlogger f\u00fcr Schock und Sto\u00df - f\u00fcr die Industrie","article_modified_time":"2024-07-02T13:32:03+00:00","og_image":[{"url":"https:\/\/www.aspion.de\/wp-content\/uploads\/2019\/05\/ASPION_G-Log_2_Data_Logger-300x30.png","type":"","width":"","height":""}],"twitter_card":"summary_large_image","twitter_misc":{"Est. reading time":"4 minutes"},"schema":{"@context":"https:\/\/schema.org","@graph":[{"@type":"WebPage","@id":"https:\/\/www.aspion.de\/en\/data-logger-for-temperature-and-humidity-with-ble-and-app\/","url":"https:\/\/www.aspion.de\/en\/data-logger-for-temperature-and-humidity-with-ble-and-app\/","name":"Data logger temperature humidity with BLE and app | ASPION","isPartOf":{"@id":"https:\/\/www.aspion.de\/en\/#website"},"primaryImageOfPage":{"@id":"https:\/\/www.aspion.de\/en\/data-logger-for-temperature-and-humidity-with-ble-and-app\/#primaryimage"},"image":{"@id":"https:\/\/www.aspion.de\/en\/data-logger-for-temperature-and-humidity-with-ble-and-app\/#primaryimage"},"thumbnailUrl":"https:\/\/www.aspion.de\/wp-content\/uploads\/2019\/05\/ASPION_G-Log_2_Data_Logger-300x30.png","datePublished":"2022-03-31T10:24:44+00:00","dateModified":"2024-07-02T13:32:03+00:00","description":"Data logger for temperature, humidity and shock for industry \u2713 with BLE and app \u2713 Made in Germany \u25ba Learn more!","breadcrumb":{"@id":"https:\/\/www.aspion.de\/en\/data-logger-for-temperature-and-humidity-with-ble-and-app\/#breadcrumb"},"inLanguage":"en-US","potentialAction":[{"@type":"ReadAction","target":["https:\/\/www.aspion.de\/en\/data-logger-for-temperature-and-humidity-with-ble-and-app\/"]}]},{"@type":"ImageObject","inLanguage":"en-US","@id":"https:\/\/www.aspion.de\/en\/data-logger-for-temperature-and-humidity-with-ble-and-app\/#primaryimage","url":"https:\/\/www.aspion.de\/wp-content\/uploads\/2019\/05\/ASPION_G-Log_2_Data_Logger-300x30.png","contentUrl":"https:\/\/www.aspion.de\/wp-content\/uploads\/2019\/05\/ASPION_G-Log_2_Data_Logger-300x30.png"},{"@type":"BreadcrumbList","@id":"https:\/\/www.aspion.de\/en\/data-logger-for-temperature-and-humidity-with-ble-and-app\/#breadcrumb","itemListElement":[{"@type":"ListItem","position":1,"name":"Startseite","item":"https:\/\/www.aspion.de\/en\/"},{"@type":"ListItem","position":2,"name":"Data logger for temperature and humidity with BLE and app"}]},{"@type":"WebSite","@id":"https:\/\/www.aspion.de\/en\/#website","url":"https:\/\/www.aspion.de\/en\/","name":"ASPION GmbH \u2013 Profi-Datenlogger f\u00fcr Schock und Sto\u00df - f\u00fcr die Industrie","description":"Datenlogger f\u00fcr Transport\u00fcberwachung von Schock, Temperatur, Feuchte - einfach, kosteng\u00fcnstig, nachhaltig, made in Germany.","publisher":{"@id":"https:\/\/www.aspion.de\/en\/#organization"},"potentialAction":[{"@type":"SearchAction","target":{"@type":"EntryPoint","urlTemplate":"https:\/\/www.aspion.de\/en\/?s={search_term_string}"},"query-input":{"@type":"PropertyValueSpecification","valueRequired":true,"valueName":"search_term_string"}}],"inLanguage":"en-US"},{"@type":["Organization","Place"],"@id":"https:\/\/www.aspion.de\/en\/#organization","name":"ASPION GmbH","url":"https:\/\/www.aspion.de\/en\/","logo":{"@id":"https:\/\/www.aspion.de\/en\/data-logger-for-temperature-and-humidity-with-ble-and-app\/#local-main-organization-logo"},"image":{"@id":"https:\/\/www.aspion.de\/en\/data-logger-for-temperature-and-humidity-with-ble-and-app\/#local-main-organization-logo"},"sameAs":["https:\/\/www.linkedin.com\/company\/aspion-gmbh","https:\/\/www.youtube.com\/channel\/UCyPrXy8bNbXMKcp_MQEor3w"],"address":{"@id":"https:\/\/www.aspion.de\/en\/data-logger-for-temperature-and-humidity-with-ble-and-app\/#local-main-place-address"},"telephone":["+49 721 85149-122"],"openingHoursSpecification":[{"@type":"OpeningHoursSpecification","dayOfWeek":["Monday","Tuesday","Wednesday","Thursday","Friday","Saturday","Sunday"],"opens":"09:00","closes":"17:00"}],"email":"info@aspion.de","faxNumber":"+49 721 85149-090"},{"@type":"PostalAddress","@id":"https:\/\/www.aspion.de\/en\/data-logger-for-temperature-and-humidity-with-ble-and-app\/#local-main-place-address","streetAddress":"Ohiostra\u00dfe 11","addressLocality":"Karlsruhe","postalCode":"76149","addressRegion":"Baden-W\u00fcrttemberg","addressCountry":"DE"},{"@type":"ImageObject","inLanguage":"en-US","@id":"https:\/\/www.aspion.de\/en\/data-logger-for-temperature-and-humidity-with-ble-and-app\/#local-main-organization-logo","url":"https:\/\/www.aspion.de\/wp-content\/uploads\/2014\/05\/Aspion_GmbH_Active_SensorsPositioning_Logo_1.png","contentUrl":"https:\/\/www.aspion.de\/wp-content\/uploads\/2014\/05\/Aspion_GmbH_Active_SensorsPositioning_Logo_1.png","width":280,"height":71,"caption":"ASPION GmbH"}]},"geo.placename":"Karlsruhe","geo.region":"Germany"},"_links":{"self":[{"href":"https:\/\/www.aspion.de\/en\/wp-json\/wp\/v2\/pages\/18034","targetHints":{"allow":["GET"]}}],"collection":[{"href":"https:\/\/www.aspion.de\/en\/wp-json\/wp\/v2\/pages"}],"about":[{"href":"https:\/\/www.aspion.de\/en\/wp-json\/wp\/v2\/types\/page"}],"author":[{"embeddable":true,"href":"https:\/\/www.aspion.de\/en\/wp-json\/wp\/v2\/users\/1"}],"replies":[{"embeddable":true,"href":"https:\/\/www.aspion.de\/en\/wp-json\/wp\/v2\/comments?post=18034"}],"version-history":[{"count":10,"href":"https:\/\/www.aspion.de\/en\/wp-json\/wp\/v2\/pages\/18034\/revisions"}],"predecessor-version":[{"id":21724,"href":"https:\/\/www.aspion.de\/en\/wp-json\/wp\/v2\/pages\/18034\/revisions\/21724"}],"wp:attachment":[{"href":"https:\/\/www.aspion.de\/en\/wp-json\/wp\/v2\/media?parent=18034"}],"curies":[{"name":"wp","href":"https:\/\/api.w.org\/{rel}","templated":true}]}}