{"id":19085,"date":"2022-11-12T16:22:31","date_gmt":"2022-11-12T15:22:31","guid":{"rendered":"https:\/\/www.aspion.de\/transport-data-logger-for-industrial-companies-in-new-version-6\/"},"modified":"2023-03-31T13:13:48","modified_gmt":"2023-03-31T12:13:48","slug":"transport-data-logger-for-industrial-companies-in-new-version-6","status":"publish","type":"page","link":"https:\/\/www.aspion.de\/en\/transport-data-logger-for-industrial-companies-in-new-version-6\/","title":{"rendered":"Transport data logger for industrial companies in new version 6"},"content":{"rendered":"\n<h1>\n\t\tUnique features for ASPION G-Log shock and climate data loggers:<br \/>The new version 6 offers great flexibility and maximum ease of use!\n\t<\/h1>\n\t<p>The new version 6 offers <strong>new functions and enhancements for all ASPION data loggers<\/strong>. Hardware, software and apps have been further developed throughout and numerous customer requirements have been implemented in a user-friendly way. One highlight is the <strong>easy start-up of ASPION G-Log 2 shock and climate loggers via smartphone app<\/strong>, which at the same time guarantees full flexibility, transparency and process reliability. Get to know the details here!<\/p>\n<p>To be able to use the new functions immediately, <strong>update your PC software via the <a href=\"https:\/\/www.aspion.de\/en\/login-eng\/\" target=\"_blank\" rel=\"noopener\">customer portal<\/a><\/strong> and use the latest version of the smartphone app. Delivery of the new data loggers and software starts now!<\/p>\n\t\t\t<a href=\"https:\/\/www.aspion.de\/en\/login-eng\/\" target=\"_self\" role=\"button\" rel=\"noopener\">\n\t\t\t\t\t\tGet the new version in the customer portal\n\t\t\t\t\t<\/a>\n<h2>\n\t\tHighlights of the new version 6 for all data loggers\n\t<\/h2>\n\t<h3>Navigate flexibly through data<\/h3>\t\t\n\t\t\t<p>Users navigate more easily with the revised user interface for data analysis. Climate values and other events can now be flexibly shown and hidden.<\/p>\n\t<h3>Cut-out tool<\/h3>\t\t\n\t\t\t<p>For flexible documentation of details of recorded data, the new cut-out tool is available to the user and thus offers a higher level of comfort.<\/p>\n\t<h3>Threshold from 0.2 g<\/h3>\t\t\n\t\t\t<p>For experts and for shock monitoring of particularly heavy machinery, the threshold value for shock detection can be set as low as 0.2 g &#8211; of course in combination with the shock duration to be specified.<\/p>\n<h2>\n\t\tFurther highlights &#8211; depending on the variant\n\t<\/h2>\n\t<h3>Activate anywhere via app<\/h3>\t\t\n\t\t\t<p><a href=\"https:\/\/www.aspion.de\/en\/cloud-based-service-aspion-g-log-premium-for-shock-sensors\/\"><strong>ASPION G-Log 2 with Premium Service<\/strong><\/a><\/p>\n<p>In combination with the Premium Service, the shock and climate data logger can now be activated simply via smartphone app in a process-safe manner and regardless of location. Full control and transparency are guaranteed.<\/p>\n\t<h3>No battery consumption<\/h3>\t\t\n\t\t\t<p><strong>ASPION G-Log 2<\/strong><\/p>\n<p>The battery consumption in the delivery state is reduced to zero with the battery pull tab. This is not only resource-saving but also useful during deployment and storage times.<\/p>\n\t<h3>Readable despite empty battery<\/h3>\t\t\n\t\t\t<p><strong>ASPION G-Log &amp; Waterproof<\/strong><\/p>\n<p>With a newly integrated NFC chip, data can be read even when the battery is flat. The data is permanently stored in a non-volatile memory.<\/p>\n\t<h2>Higher comfort all along the line: New functions for all ASPION data loggers<\/h2>\n\t<p>With the new version 6 of the PC software, you can <strong>navigate through the recorded data in a user-friendly way<\/strong>. Individual event data can also be <strong>clearly shown or hidden to display the information<\/strong> according to your needs. With the <strong>new cut-out tool, you can save any view as image file<\/strong>\u00a0at the touch of a button for flexible documentation or forwarding of detailed data.<\/p>\n<p>For particularly heavy goods and special requirements, you can record <strong>shocks and vibrations from as little as 0.2 g<\/strong> with any ASPION data logger. Expert knowledge is always advisable for this application.<\/p>\n<p>The <strong>new notification service<\/strong> provides clear information about newly imported data analyses. <strong>Loading larger quantities of data in the background<\/strong> now also allows you to work quickly immediately after starting the software.<\/p>\n\t\t\t\t<a href=\"https:\/\/www.aspion.de\/wp-content\/uploads\/2022\/11\/New_functions_PC-Software_1.png\" target=\"_self\" itemprop=\"url\" rel=\"noopener\">\n\t\t\t\t<img decoding=\"async\" src=\"https:\/\/www.aspion.de\/wp-content\/uploads\/2022\/11\/New_functions_PC-Software_1.png\" alt=\"New functions of the new version 6 for ASPION data loggers\" itemprop=\"image\" height=\"894\" width=\"1593\" title=\"New_functions_PC-Software_1\" onerror=\"this.style.display='none'\"  \/>\n\t\t\t\t<\/a>\n\t<p>The ASPION G-Log Manager offers numerous new functions in the new version 6.<\/p>\n\t<p><a href=\"https:\/\/www.aspion.de\/en\/login-eng\/\"><strong>Download in the customer portal<\/strong><\/a><\/p>\n<h3>\n\t\tActivate ASPION G-Log 2 via app: process-safe and with full transparency\n\t<\/h3>\n\t<p>You can now activate the ASPION G-Log 2 shock and climate data logger in combination with the Premium Service <strong>via app in a process-safe and location-independent manner via BLE<\/strong>. Through the <strong>orchestrated interaction of PC software, cloud transfer and app<\/strong>, you retain complete control and transparency of all devices used at all times.<\/p>\n<p>As an industrial customer, this extension gives you maximum flexibility with simultaneous process reliability and transparency. In particular, <strong>collaboration in distributed structures and with suppliers is supported in a user-friendly way and independent of location<\/strong>.<\/p>\n<p>By equipping the data logger with a battery pull tab, unnecessary battery consumption is prevented, for example, during delivery or storage times.<\/p>\n<h3>\n\t\tHow it works:\n\t<\/h3>\n\t<p><strong>Step 1<\/strong>: Create the desired profile with the PC software. It is stored in the QR code and saved together with the instructions as a PDF.<\/p>\n\t\t\t\t<a href=\"https:\/\/www.aspion.de\/wp-content\/uploads\/2022\/11\/7_2_Activation_Smartphone_App.png\" target=\"_self\" itemprop=\"url\" rel=\"noopener\">\n\t\t\t\t<img decoding=\"async\" src=\"https:\/\/www.aspion.de\/wp-content\/uploads\/2022\/11\/7_2_Activation_Smartphone_App.png\" alt=\"7_2_Activation_Smartphone_App\" itemprop=\"image\" height=\"1006\" width=\"1690\" title=\"7_2_Activation_Smartphone_App\" onerror=\"this.style.display='none'\"  \/>\n\t\t\t\t<\/a>\n\t<p><strong>Step 2<\/strong>: Send these instructions to a colleague or business partner who will activate a data logger with this profile via the app.<\/p>\n\t\t\t\t<a href=\"https:\/\/www.aspion.de\/wp-content\/uploads\/2022\/11\/7_2_Activation_Smartphone_App_Step2-1024x704.png\" target=\"_self\" itemprop=\"url\" rel=\"noopener\">\n\t\t\t\t<img decoding=\"async\" src=\"https:\/\/www.aspion.de\/wp-content\/uploads\/2022\/11\/7_2_Activation_Smartphone_App_Step2-1024x704.png\" alt=\"7_2_Activation_Smartphone_App_Step2\" itemprop=\"image\" height=\"704\" width=\"1024\" title=\"7_2_Activation_Smartphone_App_Step2\" onerror=\"this.style.display='none'\"  \/>\n\t\t\t\t<\/a>\n\t<p><strong>Step 3<\/strong>: The user activates the data logger via the app: Scan QR code, scan barcode of the data logger &#8211; and the activation is complete.<\/p>\n\t\t\t\t<a href=\"https:\/\/www.aspion.de\/wp-content\/uploads\/2022\/11\/activate-aspion-data-logger-via-app.jpg\" target=\"_self\" itemprop=\"url\" rel=\"noopener\">\n\t\t\t\t<img decoding=\"async\" src=\"https:\/\/www.aspion.de\/wp-content\/uploads\/2022\/11\/activate-aspion-data-logger-via-app.jpg\" alt=\"activate-aspion-data-logger-via-app\" itemprop=\"image\" height=\"771\" width=\"1458\" title=\"activate-aspion-data-logger-via-app\" onerror=\"this.style.display='none'\"  \/>\n\t\t\t\t<\/a>\n\t<p><strong>Step 4<\/strong>: The activation of the data logger is automatically listed with date, time and location in your PC software.<\/p>\n\t\t\t\t<a href=\"https:\/\/www.aspion.de\/wp-content\/uploads\/2022\/11\/usage-list_V6-1-1024x574.png\" target=\"_self\" itemprop=\"url\" rel=\"noopener\">\n\t\t\t\t<img decoding=\"async\" src=\"https:\/\/www.aspion.de\/wp-content\/uploads\/2022\/11\/usage-list_V6-1-1024x574.png\" alt=\"usage-list_V6\" itemprop=\"image\" height=\"574\" width=\"1024\" title=\"usage-list_V6\" onerror=\"this.style.display='none'\"  \/>\n\t\t\t\t<\/a>\n\t\t\t<a href=\"https:\/\/www.aspion.de\/en\/cloud-based-service-aspion-g-log-premium-for-shock-sensors\/\" target=\"_self\" role=\"button\" rel=\"noopener\">\n\t\t\t\t\t\tLearn more about the ASPION G-Log Premium Service\n\t\t\t\t\t<\/a>\n<h3>\n\t\t<a href=\"https:\/\/www.aspion.de\/en\/login-eng\/\" title=\"New version 6 in the ASPION customer portal\" target=\"_self\" rel=\"noopener\">\n\t\tNew version 6 in the ASPION customer portal\n\t\t<\/a>\n\t<\/h3>\n\t<p>The new version 6 of the PC software is available for download in the <strong>ASPION customer portal<\/strong>. There you will also find valuable information such as white papers, FAQs, documentation and much more.<\/p>\n\t\t\t<a href=\"https:\/\/www.aspion.de\/en\/login-eng\/\" target=\"_self\" role=\"button\" rel=\"noopener\">\n\t\t\t\t\t\tTo the customer portal\n\t\t\t\t\t<\/a>\n<h3>\n\t\tSmartphone app for Android and iOS\n\t<\/h3>\n\t<p>The new app version is available for Android and iOS devices in the respective stores. Simply scan the QR code at the bottom of this page with your smartphone. You will automatically be taken to the ASPION G-Log app.<\/p>\n\t<h2>Questions? Would you like advice or a quote? Get in touch with us!<\/h2>\n<p>Do you have questions or would you like advice on your requirements for smart transport monitoring of your valuable goods? Or would you like a concrete offer? We will be happy to advise and inform you without obligation about specific possibilities for your needs.<\/p>\n<p><strong>Call us at +49 721 \/ 85149 122<\/strong> or send us an <strong>e-mail at <a href=\"mailto:info@aspion.de?subject=ASPION data loggers - please get in contact\">info@aspion.de<\/a><\/strong>. We look forward to it!<\/p>\n\n","protected":false},"excerpt":{"rendered":"<p>Unique features for ASPION G-Log shock and climate data loggers:The new version 6 offers great flexibility and maximum ease of use! The new version 6 offers new functions and enhancements for all ASPION data loggers. Hardware, software and apps have been further developed throughout and numerous customer requirements have been implemented in a user-friendly way.&hellip;<\/p>\n","protected":false},"author":496,"featured_media":19081,"parent":0,"menu_order":0,"comment_status":"closed","ping_status":"closed","template":"","meta":{"_acf_changed":false,"footnotes":""},"class_list":["post-19085","page","type-page","status-publish","has-post-thumbnail","hentry"],"acf":[],"yoast_head":"<!-- This site is optimized with the Yoast SEO Premium plugin v27.3 (Yoast SEO v27.3) - https:\/\/yoast.com\/product\/yoast-seo-premium-wordpress\/ -->\n<title>Transport data logger for industrial companies in new version 6<\/title>\n<meta name=\"description\" content=\"New version 6 of ASPION&#039;s professional data loggers offer the maximum flexibility and high convenience for industrial companies \u00bb know more details\" \/>\n<meta name=\"robots\" content=\"index, follow, max-snippet:-1, max-image-preview:large, max-video-preview:-1\" \/>\n<link rel=\"canonical\" href=\"https:\/\/www.aspion.de\/en\/transport-data-logger-for-industrial-companies-in-new-version-6\/\" \/>\n<meta property=\"og:locale\" content=\"en_US\" \/>\n<meta property=\"og:type\" content=\"article\" \/>\n<meta property=\"og:title\" content=\"Transport data logger for industrial companies in new version 6\" \/>\n<meta property=\"og:description\" content=\"New version 6 of ASPION&#039;s professional data loggers offer the maximum flexibility and high convenience for industrial companies \u00bb know more details\" \/>\n<meta property=\"og:url\" content=\"https:\/\/www.aspion.de\/en\/transport-data-logger-for-industrial-companies-in-new-version-6\/\" \/>\n<meta property=\"og:site_name\" content=\"ASPION GmbH \u2013 Profi-Datenlogger f\u00fcr Schock und Sto\u00df - f\u00fcr die Industrie\" \/>\n<meta property=\"article:modified_time\" content=\"2023-03-31T12:13:48+00:00\" \/>\n<meta property=\"og:image\" content=\"https:\/\/www.aspion.de\/wp-content\/uploads\/2022\/11\/ASPION_Version6_HP_350x1903px_dt.jpg\" \/>\n\t<meta property=\"og:image:width\" content=\"1903\" \/>\n\t<meta property=\"og:image:height\" content=\"350\" \/>\n\t<meta property=\"og:image:type\" content=\"image\/jpeg\" \/>\n<meta name=\"twitter:card\" content=\"summary_large_image\" \/>\n<meta name=\"twitter:label1\" content=\"Est. reading time\" \/>\n\t<meta name=\"twitter:data1\" content=\"4 minutes\" \/>\n<script type=\"application\/ld+json\" class=\"yoast-schema-graph\">{\"@context\":\"https:\\\/\\\/schema.org\",\"@graph\":[{\"@type\":\"WebPage\",\"@id\":\"https:\\\/\\\/www.aspion.de\\\/en\\\/transport-data-logger-for-industrial-companies-in-new-version-6\\\/\",\"url\":\"https:\\\/\\\/www.aspion.de\\\/en\\\/transport-data-logger-for-industrial-companies-in-new-version-6\\\/\",\"name\":\"Transport data logger for industrial companies in new version 6\",\"isPartOf\":{\"@id\":\"https:\\\/\\\/www.aspion.de\\\/en\\\/#website\"},\"primaryImageOfPage\":{\"@id\":\"https:\\\/\\\/www.aspion.de\\\/en\\\/transport-data-logger-for-industrial-companies-in-new-version-6\\\/#primaryimage\"},\"image\":{\"@id\":\"https:\\\/\\\/www.aspion.de\\\/en\\\/transport-data-logger-for-industrial-companies-in-new-version-6\\\/#primaryimage\"},\"thumbnailUrl\":\"https:\\\/\\\/www.aspion.de\\\/wp-content\\\/uploads\\\/2022\\\/11\\\/ASPION_Version6_HP_350x1903px_dt.jpg\",\"datePublished\":\"2022-11-12T15:22:31+00:00\",\"dateModified\":\"2023-03-31T12:13:48+00:00\",\"description\":\"New version 6 of ASPION's professional data loggers offer the maximum flexibility and high convenience for industrial companies \u00bb know more details\",\"breadcrumb\":{\"@id\":\"https:\\\/\\\/www.aspion.de\\\/en\\\/transport-data-logger-for-industrial-companies-in-new-version-6\\\/#breadcrumb\"},\"inLanguage\":\"en-US\",\"potentialAction\":[{\"@type\":\"ReadAction\",\"target\":[\"https:\\\/\\\/www.aspion.de\\\/en\\\/transport-data-logger-for-industrial-companies-in-new-version-6\\\/\"]}]},{\"@type\":\"ImageObject\",\"inLanguage\":\"en-US\",\"@id\":\"https:\\\/\\\/www.aspion.de\\\/en\\\/transport-data-logger-for-industrial-companies-in-new-version-6\\\/#primaryimage\",\"url\":\"https:\\\/\\\/www.aspion.de\\\/wp-content\\\/uploads\\\/2022\\\/11\\\/ASPION_Version6_HP_350x1903px_dt.jpg\",\"contentUrl\":\"https:\\\/\\\/www.aspion.de\\\/wp-content\\\/uploads\\\/2022\\\/11\\\/ASPION_Version6_HP_350x1903px_dt.jpg\",\"width\":1903,\"height\":350},{\"@type\":\"BreadcrumbList\",\"@id\":\"https:\\\/\\\/www.aspion.de\\\/en\\\/transport-data-logger-for-industrial-companies-in-new-version-6\\\/#breadcrumb\",\"itemListElement\":[{\"@type\":\"ListItem\",\"position\":1,\"name\":\"Startseite\",\"item\":\"https:\\\/\\\/www.aspion.de\\\/en\\\/\"},{\"@type\":\"ListItem\",\"position\":2,\"name\":\"Transport data logger for industrial companies in new version 6\"}]},{\"@type\":\"WebSite\",\"@id\":\"https:\\\/\\\/www.aspion.de\\\/en\\\/#website\",\"url\":\"https:\\\/\\\/www.aspion.de\\\/en\\\/\",\"name\":\"ASPION GmbH \u2013 Profi-Datenlogger f\u00fcr Schock und Sto\u00df - f\u00fcr die Industrie\",\"description\":\"Datenlogger f\u00fcr Transport\u00fcberwachung von Schock, Temperatur, Feuchte - einfach, kosteng\u00fcnstig, nachhaltig, made in Germany.\",\"publisher\":{\"@id\":\"https:\\\/\\\/www.aspion.de\\\/en\\\/#organization\"},\"potentialAction\":[{\"@type\":\"SearchAction\",\"target\":{\"@type\":\"EntryPoint\",\"urlTemplate\":\"https:\\\/\\\/www.aspion.de\\\/en\\\/?s={search_term_string}\"},\"query-input\":{\"@type\":\"PropertyValueSpecification\",\"valueRequired\":true,\"valueName\":\"search_term_string\"}}],\"inLanguage\":\"en-US\"},{\"@type\":[\"Organization\",\"Place\"],\"@id\":\"https:\\\/\\\/www.aspion.de\\\/en\\\/#organization\",\"name\":\"ASPION GmbH\",\"url\":\"https:\\\/\\\/www.aspion.de\\\/en\\\/\",\"logo\":{\"@id\":\"https:\\\/\\\/www.aspion.de\\\/en\\\/transport-data-logger-for-industrial-companies-in-new-version-6\\\/#local-main-organization-logo\"},\"image\":{\"@id\":\"https:\\\/\\\/www.aspion.de\\\/en\\\/transport-data-logger-for-industrial-companies-in-new-version-6\\\/#local-main-organization-logo\"},\"sameAs\":[\"https:\\\/\\\/www.linkedin.com\\\/company\\\/aspion-gmbh\",\"https:\\\/\\\/www.youtube.com\\\/channel\\\/UCyPrXy8bNbXMKcp_MQEor3w\"],\"address\":{\"@id\":\"https:\\\/\\\/www.aspion.de\\\/en\\\/transport-data-logger-for-industrial-companies-in-new-version-6\\\/#local-main-place-address\"},\"telephone\":[\"+49 721 85149-122\"],\"openingHoursSpecification\":[{\"@type\":\"OpeningHoursSpecification\",\"dayOfWeek\":[\"Monday\",\"Tuesday\",\"Wednesday\",\"Thursday\",\"Friday\",\"Saturday\",\"Sunday\"],\"opens\":\"09:00\",\"closes\":\"17:00\"}],\"email\":\"info@aspion.de\",\"faxNumber\":\"+49 721 85149-090\"},{\"@type\":\"PostalAddress\",\"@id\":\"https:\\\/\\\/www.aspion.de\\\/en\\\/transport-data-logger-for-industrial-companies-in-new-version-6\\\/#local-main-place-address\",\"streetAddress\":\"Ohiostra\u00dfe 11\",\"addressLocality\":\"Karlsruhe\",\"postalCode\":\"76149\",\"addressRegion\":\"Baden-W\u00fcrttemberg\",\"addressCountry\":\"DE\"},{\"@type\":\"ImageObject\",\"inLanguage\":\"en-US\",\"@id\":\"https:\\\/\\\/www.aspion.de\\\/en\\\/transport-data-logger-for-industrial-companies-in-new-version-6\\\/#local-main-organization-logo\",\"url\":\"https:\\\/\\\/www.aspion.de\\\/wp-content\\\/uploads\\\/2014\\\/05\\\/Aspion_GmbH_Active_SensorsPositioning_Logo_1.png\",\"contentUrl\":\"https:\\\/\\\/www.aspion.de\\\/wp-content\\\/uploads\\\/2014\\\/05\\\/Aspion_GmbH_Active_SensorsPositioning_Logo_1.png\",\"width\":280,\"height\":71,\"caption\":\"ASPION GmbH\"}]}<\/script>\n<meta name=\"geo.placename\" content=\"Karlsruhe\" \/>\n<meta name=\"geo.region\" content=\"Germany\" \/>\n<!-- \/ Yoast SEO Premium plugin. -->","yoast_head_json":{"title":"Transport data logger for industrial companies in new version 6","description":"New version 6 of ASPION's professional data loggers offer the maximum flexibility and high convenience for industrial companies \u00bb know more details","robots":{"index":"index","follow":"follow","max-snippet":"max-snippet:-1","max-image-preview":"max-image-preview:large","max-video-preview":"max-video-preview:-1"},"canonical":"https:\/\/www.aspion.de\/en\/transport-data-logger-for-industrial-companies-in-new-version-6\/","og_locale":"en_US","og_type":"article","og_title":"Transport data logger for industrial companies in new version 6","og_description":"New version 6 of ASPION's professional data loggers offer the maximum flexibility and high convenience for industrial companies \u00bb know more details","og_url":"https:\/\/www.aspion.de\/en\/transport-data-logger-for-industrial-companies-in-new-version-6\/","og_site_name":"ASPION GmbH \u2013 Profi-Datenlogger f\u00fcr Schock und Sto\u00df - f\u00fcr die Industrie","article_modified_time":"2023-03-31T12:13:48+00:00","og_image":[{"width":1903,"height":350,"url":"https:\/\/www.aspion.de\/wp-content\/uploads\/2022\/11\/ASPION_Version6_HP_350x1903px_dt.jpg","type":"image\/jpeg"}],"twitter_card":"summary_large_image","twitter_misc":{"Est. reading time":"4 minutes"},"schema":{"@context":"https:\/\/schema.org","@graph":[{"@type":"WebPage","@id":"https:\/\/www.aspion.de\/en\/transport-data-logger-for-industrial-companies-in-new-version-6\/","url":"https:\/\/www.aspion.de\/en\/transport-data-logger-for-industrial-companies-in-new-version-6\/","name":"Transport data logger for industrial companies in new version 6","isPartOf":{"@id":"https:\/\/www.aspion.de\/en\/#website"},"primaryImageOfPage":{"@id":"https:\/\/www.aspion.de\/en\/transport-data-logger-for-industrial-companies-in-new-version-6\/#primaryimage"},"image":{"@id":"https:\/\/www.aspion.de\/en\/transport-data-logger-for-industrial-companies-in-new-version-6\/#primaryimage"},"thumbnailUrl":"https:\/\/www.aspion.de\/wp-content\/uploads\/2022\/11\/ASPION_Version6_HP_350x1903px_dt.jpg","datePublished":"2022-11-12T15:22:31+00:00","dateModified":"2023-03-31T12:13:48+00:00","description":"New version 6 of ASPION's professional data loggers offer the maximum flexibility and high convenience for industrial companies \u00bb know more details","breadcrumb":{"@id":"https:\/\/www.aspion.de\/en\/transport-data-logger-for-industrial-companies-in-new-version-6\/#breadcrumb"},"inLanguage":"en-US","potentialAction":[{"@type":"ReadAction","target":["https:\/\/www.aspion.de\/en\/transport-data-logger-for-industrial-companies-in-new-version-6\/"]}]},{"@type":"ImageObject","inLanguage":"en-US","@id":"https:\/\/www.aspion.de\/en\/transport-data-logger-for-industrial-companies-in-new-version-6\/#primaryimage","url":"https:\/\/www.aspion.de\/wp-content\/uploads\/2022\/11\/ASPION_Version6_HP_350x1903px_dt.jpg","contentUrl":"https:\/\/www.aspion.de\/wp-content\/uploads\/2022\/11\/ASPION_Version6_HP_350x1903px_dt.jpg","width":1903,"height":350},{"@type":"BreadcrumbList","@id":"https:\/\/www.aspion.de\/en\/transport-data-logger-for-industrial-companies-in-new-version-6\/#breadcrumb","itemListElement":[{"@type":"ListItem","position":1,"name":"Startseite","item":"https:\/\/www.aspion.de\/en\/"},{"@type":"ListItem","position":2,"name":"Transport data logger for industrial companies in new version 6"}]},{"@type":"WebSite","@id":"https:\/\/www.aspion.de\/en\/#website","url":"https:\/\/www.aspion.de\/en\/","name":"ASPION GmbH \u2013 Profi-Datenlogger f\u00fcr Schock und Sto\u00df - f\u00fcr die Industrie","description":"Datenlogger f\u00fcr Transport\u00fcberwachung von Schock, Temperatur, Feuchte - einfach, kosteng\u00fcnstig, nachhaltig, made in Germany.","publisher":{"@id":"https:\/\/www.aspion.de\/en\/#organization"},"potentialAction":[{"@type":"SearchAction","target":{"@type":"EntryPoint","urlTemplate":"https:\/\/www.aspion.de\/en\/?s={search_term_string}"},"query-input":{"@type":"PropertyValueSpecification","valueRequired":true,"valueName":"search_term_string"}}],"inLanguage":"en-US"},{"@type":["Organization","Place"],"@id":"https:\/\/www.aspion.de\/en\/#organization","name":"ASPION GmbH","url":"https:\/\/www.aspion.de\/en\/","logo":{"@id":"https:\/\/www.aspion.de\/en\/transport-data-logger-for-industrial-companies-in-new-version-6\/#local-main-organization-logo"},"image":{"@id":"https:\/\/www.aspion.de\/en\/transport-data-logger-for-industrial-companies-in-new-version-6\/#local-main-organization-logo"},"sameAs":["https:\/\/www.linkedin.com\/company\/aspion-gmbh","https:\/\/www.youtube.com\/channel\/UCyPrXy8bNbXMKcp_MQEor3w"],"address":{"@id":"https:\/\/www.aspion.de\/en\/transport-data-logger-for-industrial-companies-in-new-version-6\/#local-main-place-address"},"telephone":["+49 721 85149-122"],"openingHoursSpecification":[{"@type":"OpeningHoursSpecification","dayOfWeek":["Monday","Tuesday","Wednesday","Thursday","Friday","Saturday","Sunday"],"opens":"09:00","closes":"17:00"}],"email":"info@aspion.de","faxNumber":"+49 721 85149-090"},{"@type":"PostalAddress","@id":"https:\/\/www.aspion.de\/en\/transport-data-logger-for-industrial-companies-in-new-version-6\/#local-main-place-address","streetAddress":"Ohiostra\u00dfe 11","addressLocality":"Karlsruhe","postalCode":"76149","addressRegion":"Baden-W\u00fcrttemberg","addressCountry":"DE"},{"@type":"ImageObject","inLanguage":"en-US","@id":"https:\/\/www.aspion.de\/en\/transport-data-logger-for-industrial-companies-in-new-version-6\/#local-main-organization-logo","url":"https:\/\/www.aspion.de\/wp-content\/uploads\/2014\/05\/Aspion_GmbH_Active_SensorsPositioning_Logo_1.png","contentUrl":"https:\/\/www.aspion.de\/wp-content\/uploads\/2014\/05\/Aspion_GmbH_Active_SensorsPositioning_Logo_1.png","width":280,"height":71,"caption":"ASPION GmbH"}]},"geo.placename":"Karlsruhe","geo.region":"Germany"},"_links":{"self":[{"href":"https:\/\/www.aspion.de\/en\/wp-json\/wp\/v2\/pages\/19085","targetHints":{"allow":["GET"]}}],"collection":[{"href":"https:\/\/www.aspion.de\/en\/wp-json\/wp\/v2\/pages"}],"about":[{"href":"https:\/\/www.aspion.de\/en\/wp-json\/wp\/v2\/types\/page"}],"author":[{"embeddable":true,"href":"https:\/\/www.aspion.de\/en\/wp-json\/wp\/v2\/users\/496"}],"replies":[{"embeddable":true,"href":"https:\/\/www.aspion.de\/en\/wp-json\/wp\/v2\/comments?post=19085"}],"version-history":[{"count":11,"href":"https:\/\/www.aspion.de\/en\/wp-json\/wp\/v2\/pages\/19085\/revisions"}],"predecessor-version":[{"id":19799,"href":"https:\/\/www.aspion.de\/en\/wp-json\/wp\/v2\/pages\/19085\/revisions\/19799"}],"wp:featuredmedia":[{"embeddable":true,"href":"https:\/\/www.aspion.de\/en\/wp-json\/wp\/v2\/media\/19081"}],"wp:attachment":[{"href":"https:\/\/www.aspion.de\/en\/wp-json\/wp\/v2\/media?parent=19085"}],"curies":[{"name":"wp","href":"https:\/\/api.w.org\/{rel}","templated":true}]}}