{"id":19493,"date":"2023-02-07T11:40:40","date_gmt":"2023-02-07T10:40:40","guid":{"rendered":"https:\/\/www.aspion.de\/?page_id=19493"},"modified":"2023-03-23T09:21:12","modified_gmt":"2023-03-23T08:21:12","slug":"press-release-preview-of-aspion-l-track-as-end-to-end-solution-for-the-first-time-at-logistic-trade-fairs","status":"publish","type":"page","link":"https:\/\/www.aspion.de\/en\/press-release-preview-of-aspion-l-track-as-end-to-end-solution-for-the-first-time-at-logistic-trade-fairs\/","title":{"rendered":"Press release: Preview of ASPION L-Track as end-to-end solution for the first time at logistic trade fairs"},"content":{"rendered":"\n\n\t<p>Press release 09.02.2023<\/p>\n<strong>Preview of ASPION L-Track as end-to-end solution for the first time at logistic trade fairs<br \/>\n<\/strong>\n<h1>ASPION introduces new IoT transport data logger with 360-degree live tracking<\/h1>\n<p><strong>Karlsruhe, 09 February 2023. <\/strong>ASPION GmbH introduces the ASPION L-Track, a unique IoT device with a sensor and IoT platform that enables live global transport monitoring of valuable and sensitive machinery and equipment for several years. The connected Internet of Things (IoT) platform gives customers round-the-clock access to the current location of goods as well as unusual occurrences, including an alerting function. As an end-to-end solution &#8220;Made in Germany&#8221;, the specialist in data loggers for shock and impact monitoring is consistently expanding its product portfolio with the ASPION L-Track to include a live tracking IoT system for multimodal, global 360-degree transport monitoring and a secure supply chain. ASPION will present a preview for the first time at the logistics trade fairs LogiMAT and transport logistic.<\/p>\n<h4><strong>360-degree transparency in real time for impact\/shock, climate and more<\/strong><\/h4>\n<p>The new ASPION L-Track is particularly suitable for machinery and plant manufacturers who want to consistently monitor shock-sensitive, high-value equipment live in multimodal worldwide transport and track its current location and condition in real time. The special feature of all ASPION data loggers, including the new ASPION L-Track, is the detailed shock recording in milliseconds, supplemented by the unique shock and vibration test in accordance with the European transport standard. Damaging shocks are reliably and recognisably traceable &#8211; immediately after they occur. Combined with geo-coordinates, the recording of other environmental influences such as temperature, humidity or even opening or inclination detection, users receive 360-degree transparency of their systems around the globe in real time. This enables customers to react directly to events and initiate necessary measures.<\/p>\n<h4><strong>Interaction of different components as integrated end-to-end solution<\/strong><\/h4>\n<p>The live transport monitoring solution developed by ASPION consists of several components that interact perfectly to enable 360-degree tracking of any goods in a simple manner.<\/p>\n<p>The ASPION L-Track IoT tracking device uses the energy-saving LTE-M standard and 2G as a fallback solution for secure and efficient live data transmission and IoT Internet of Things connectivity via mobile radio. Positioning is carried out cellular via mobile communication and can be extended if required to include GPS data accurate to the metre. Various sensors ensure seamless and transparent tracking of any events. The IoT device, which weighs around 250 grams and is equipped with replaceable standard batteries, has the size of a spectacle case, is waterproof, suitable for air freight and can be attached flexibly.<\/p>\n<p>The powerful, web-based ASPION IoT platform with password-protected access is used to display and analyse location and sensor data. At the same time, it enables the easy management and control of devices, a role-based user management including alarms, and numerous administration functions.<\/p>\n<h4><strong>Preview at the logistics trade fairs LogiMAT and transport logistic<\/strong><\/h4>\n<p>The ASPION L-Track will be presented to the public for the first time at LogiMat (25 &#8211; 27.04.23, Stuttgart, Hall 8 Stand B17) and transport logistic (09 &#8211; 12.05.2023, Munich, Hall A3 Stand 230). The complete solution will be available in the second half of 2023.<\/p>\n<p>Image material for download<\/p>\nDownload: Click on the image<strong><br \/>\n<\/strong>\n\t\t\t\t<a href=\"https:\/\/www.aspion.de\/wp-content\/uploads\/2023\/02\/ASPION_L-Track_PR_Preview_TradeFairs23_1920x1080.jpg\" target=\"_blank\" rel=\"noopener\" itemprop=\"url\">\n\t\t\t\t<img decoding=\"async\" src=\"https:\/\/www.aspion.de\/wp-content\/uploads\/2023\/02\/ASPION_L-Track_PR_Preview_TradeFairs23_1920x1080.jpg\" alt=\"IoT, live tracking, Data logger\" itemprop=\"image\" height=\"1080\" width=\"1920\" title=\"ASPION_L-Track_PR_Preview_TradeFairs23_1920x1080\" onerror=\"this.style.display='none'\"  \/>\n\t\t\t\t<\/a>\n\t\t\t\t\t\tThe new IoT transport data logger &#8220;ASPION L-Track&#8221; with 360 degree live tracking can be seen for the first time at LogiMAT and transport logistic 2023.\n\t<p>The new IoT transport data logger &#8220;ASPION L-Track&#8221; with 360-degree live tracking can be seen for the first time at LogiMAT and transport logistic 2023.<\/p>\n\t<h5>Use of the image material for editorial purposes is free of charge. Image \u00a9ASPION GmbH<\/h5>\n\t<h4>ASPION at the trade fairs<\/h4>\n\t\t\t\t<img decoding=\"async\" src=\"https:\/\/www.aspion.de\/wp-content\/uploads\/2023\/02\/LogiMAT.jpg\" alt=\"ASPION LogiMat 2023\" itemprop=\"image\" height=\"480\" width=\"917\" title=\"LogiMAT\" onerror=\"this.style.display='none'\"  \/>\n\t\t\t\t\n\t\t\t<p>LogiMat Stuttgart, 25.04 &#8211; 27.04<\/p>\n<p>Hall 8, booth B17<\/p>\n\t\t\t\t<img decoding=\"async\" src=\"https:\/\/www.aspion.de\/wp-content\/uploads\/2023\/02\/transport-logistic-banner.jpg\" alt=\"ASPION transport logistic 2023\" itemprop=\"image\" height=\"187\" width=\"591\" title=\"transport logistic banner\" onerror=\"this.style.display='none'\"  \/>\n\t\t\t\t\n\t\t\t<p>transport logistic Munich, 09.05 &#8211; 12.05<\/p>\n<p>Hall A3, booth 230<\/p>\n\t<h3>Your press contact<\/h3>\nMartina W\u00f6hr<br \/>\nManaging Director<br \/>\nTel.: +49 721 \/ 85149-122<br \/>\n<a href=\"mailto:martina.woehr@aspion.de\">martina.woehr@aspion.de<\/a>\n\n","protected":false},"excerpt":{"rendered":"<p>Press release 09.02.2023 Preview of ASPION L-Track as end-to-end solution for the first time at logistic trade fairs ASPION introduces new IoT transport data logger with 360-degree live tracking Karlsruhe, 09 February 2023. ASPION GmbH introduces the ASPION L-Track, a unique IoT device with a sensor and IoT platform that enables live global transport monitoring&hellip;<\/p>\n","protected":false},"author":715,"featured_media":19330,"parent":0,"menu_order":0,"comment_status":"closed","ping_status":"closed","template":"","meta":{"_acf_changed":false,"footnotes":""},"class_list":["post-19493","page","type-page","status-publish","has-post-thumbnail","hentry"],"acf":[],"yoast_head":"<!-- This site is optimized with the Yoast SEO Premium plugin v27.5 (Yoast SEO v27.5) - https:\/\/yoast.com\/product\/yoast-seo-premium-wordpress\/ -->\n<title>ASPION introduces new IoT transport data logger with live tracking<\/title>\n<meta name=\"description\" content=\"ASPION GmbH is presenting the ASPION L-Track, a unique IoT device, at the logistics trade fairs LogiMAT and transport logistic.\" \/>\n<meta name=\"robots\" content=\"index, follow, max-snippet:-1, max-image-preview:large, max-video-preview:-1\" \/>\n<link rel=\"canonical\" href=\"https:\/\/www.aspion.de\/en\/press-release-preview-of-aspion-l-track-as-end-to-end-solution-for-the-first-time-at-logistic-trade-fairs\/\" \/>\n<meta property=\"og:locale\" content=\"en_US\" \/>\n<meta property=\"og:type\" content=\"article\" \/>\n<meta property=\"og:title\" content=\"Press release: Preview of ASPION L-Track as end-to-end solution for the first time at logistic trade fairs\" \/>\n<meta property=\"og:description\" content=\"ASPION GmbH is presenting the ASPION L-Track, a unique IoT device, at the logistics trade fairs LogiMAT and transport logistic.\" \/>\n<meta property=\"og:url\" content=\"https:\/\/www.aspion.de\/en\/press-release-preview-of-aspion-l-track-as-end-to-end-solution-for-the-first-time-at-logistic-trade-fairs\/\" \/>\n<meta property=\"og:site_name\" content=\"ASPION GmbH \u2013 Profi-Datenlogger f\u00fcr Schock und Sto\u00df - f\u00fcr die Industrie\" \/>\n<meta property=\"article:modified_time\" content=\"2023-03-23T08:21:12+00:00\" \/>\n<meta property=\"og:image\" content=\"https:\/\/www.aspion.de\/wp-content\/uploads\/2022\/12\/ASPION_G-Log2_Schockrekorder_gewinnt_best-of-industry-award-1.jpg\" \/>\n\t<meta property=\"og:image:width\" content=\"4303\" \/>\n\t<meta property=\"og:image:height\" content=\"3189\" \/>\n\t<meta property=\"og:image:type\" content=\"image\/jpeg\" \/>\n<meta name=\"twitter:card\" content=\"summary_large_image\" \/>\n<meta name=\"twitter:label1\" content=\"Est. reading time\" \/>\n\t<meta name=\"twitter:data1\" content=\"3 minutes\" \/>\n<script type=\"application\/ld+json\" class=\"yoast-schema-graph\">{\"@context\":\"https:\\\/\\\/schema.org\",\"@graph\":[{\"@type\":\"WebPage\",\"@id\":\"https:\\\/\\\/www.aspion.de\\\/en\\\/press-release-preview-of-aspion-l-track-as-end-to-end-solution-for-the-first-time-at-logistic-trade-fairs\\\/\",\"url\":\"https:\\\/\\\/www.aspion.de\\\/en\\\/press-release-preview-of-aspion-l-track-as-end-to-end-solution-for-the-first-time-at-logistic-trade-fairs\\\/\",\"name\":\"ASPION introduces new IoT transport data logger with live tracking\",\"isPartOf\":{\"@id\":\"https:\\\/\\\/www.aspion.de\\\/en\\\/#website\"},\"primaryImageOfPage\":{\"@id\":\"https:\\\/\\\/www.aspion.de\\\/en\\\/press-release-preview-of-aspion-l-track-as-end-to-end-solution-for-the-first-time-at-logistic-trade-fairs\\\/#primaryimage\"},\"image\":{\"@id\":\"https:\\\/\\\/www.aspion.de\\\/en\\\/press-release-preview-of-aspion-l-track-as-end-to-end-solution-for-the-first-time-at-logistic-trade-fairs\\\/#primaryimage\"},\"thumbnailUrl\":\"https:\\\/\\\/www.aspion.de\\\/wp-content\\\/uploads\\\/2022\\\/12\\\/ASPION_G-Log2_Schockrekorder_gewinnt_best-of-industry-award-1.jpg\",\"datePublished\":\"2023-02-07T10:40:40+00:00\",\"dateModified\":\"2023-03-23T08:21:12+00:00\",\"description\":\"ASPION GmbH is presenting the ASPION L-Track, a unique IoT device, at the logistics trade fairs LogiMAT and transport logistic.\",\"breadcrumb\":{\"@id\":\"https:\\\/\\\/www.aspion.de\\\/en\\\/press-release-preview-of-aspion-l-track-as-end-to-end-solution-for-the-first-time-at-logistic-trade-fairs\\\/#breadcrumb\"},\"inLanguage\":\"en-US\",\"potentialAction\":[{\"@type\":\"ReadAction\",\"target\":[\"https:\\\/\\\/www.aspion.de\\\/en\\\/press-release-preview-of-aspion-l-track-as-end-to-end-solution-for-the-first-time-at-logistic-trade-fairs\\\/\"]}]},{\"@type\":\"ImageObject\",\"inLanguage\":\"en-US\",\"@id\":\"https:\\\/\\\/www.aspion.de\\\/en\\\/press-release-preview-of-aspion-l-track-as-end-to-end-solution-for-the-first-time-at-logistic-trade-fairs\\\/#primaryimage\",\"url\":\"https:\\\/\\\/www.aspion.de\\\/wp-content\\\/uploads\\\/2022\\\/12\\\/ASPION_G-Log2_Schockrekorder_gewinnt_best-of-industry-award-1.jpg\",\"contentUrl\":\"https:\\\/\\\/www.aspion.de\\\/wp-content\\\/uploads\\\/2022\\\/12\\\/ASPION_G-Log2_Schockrekorder_gewinnt_best-of-industry-award-1.jpg\",\"width\":4303,\"height\":3189,\"caption\":\"Beim Best-of-Industry-Award zum Sieger gew\u00e4hlt: Schockrekorder ASPION G-Log2 gewinnt in der Kategorie Sensorik.\"},{\"@type\":\"BreadcrumbList\",\"@id\":\"https:\\\/\\\/www.aspion.de\\\/en\\\/press-release-preview-of-aspion-l-track-as-end-to-end-solution-for-the-first-time-at-logistic-trade-fairs\\\/#breadcrumb\",\"itemListElement\":[{\"@type\":\"ListItem\",\"position\":1,\"name\":\"Startseite\",\"item\":\"https:\\\/\\\/www.aspion.de\\\/en\\\/\"},{\"@type\":\"ListItem\",\"position\":2,\"name\":\"Press release: Preview of ASPION L-Track as end-to-end solution for the first time at logistic trade fairs\"}]},{\"@type\":\"WebSite\",\"@id\":\"https:\\\/\\\/www.aspion.de\\\/en\\\/#website\",\"url\":\"https:\\\/\\\/www.aspion.de\\\/en\\\/\",\"name\":\"ASPION GmbH \u2013 Profi-Datenlogger f\u00fcr Schock und Sto\u00df - f\u00fcr die Industrie\",\"description\":\"Datenlogger f\u00fcr Transport\u00fcberwachung von Schock, Temperatur, Feuchte - einfach, kosteng\u00fcnstig, nachhaltig, made in Germany.\",\"publisher\":{\"@id\":\"https:\\\/\\\/www.aspion.de\\\/en\\\/#organization\"},\"potentialAction\":[{\"@type\":\"SearchAction\",\"target\":{\"@type\":\"EntryPoint\",\"urlTemplate\":\"https:\\\/\\\/www.aspion.de\\\/en\\\/?s={search_term_string}\"},\"query-input\":{\"@type\":\"PropertyValueSpecification\",\"valueRequired\":true,\"valueName\":\"search_term_string\"}}],\"inLanguage\":\"en-US\"},{\"@type\":[\"Organization\",\"Place\"],\"@id\":\"https:\\\/\\\/www.aspion.de\\\/en\\\/#organization\",\"name\":\"ASPION GmbH\",\"url\":\"https:\\\/\\\/www.aspion.de\\\/en\\\/\",\"logo\":{\"@id\":\"https:\\\/\\\/www.aspion.de\\\/en\\\/press-release-preview-of-aspion-l-track-as-end-to-end-solution-for-the-first-time-at-logistic-trade-fairs\\\/#local-main-organization-logo\"},\"image\":{\"@id\":\"https:\\\/\\\/www.aspion.de\\\/en\\\/press-release-preview-of-aspion-l-track-as-end-to-end-solution-for-the-first-time-at-logistic-trade-fairs\\\/#local-main-organization-logo\"},\"sameAs\":[\"https:\\\/\\\/www.linkedin.com\\\/company\\\/aspion-gmbh\",\"https:\\\/\\\/www.youtube.com\\\/channel\\\/UCyPrXy8bNbXMKcp_MQEor3w\"],\"address\":{\"@id\":\"https:\\\/\\\/www.aspion.de\\\/en\\\/press-release-preview-of-aspion-l-track-as-end-to-end-solution-for-the-first-time-at-logistic-trade-fairs\\\/#local-main-place-address\"},\"telephone\":[\"+49 721 85149-122\"],\"openingHoursSpecification\":[{\"@type\":\"OpeningHoursSpecification\",\"dayOfWeek\":[\"Monday\",\"Tuesday\",\"Wednesday\",\"Thursday\",\"Friday\",\"Saturday\",\"Sunday\"],\"opens\":\"09:00\",\"closes\":\"17:00\"}],\"email\":\"info@aspion.de\",\"faxNumber\":\"+49 721 85149-090\"},{\"@type\":\"PostalAddress\",\"@id\":\"https:\\\/\\\/www.aspion.de\\\/en\\\/press-release-preview-of-aspion-l-track-as-end-to-end-solution-for-the-first-time-at-logistic-trade-fairs\\\/#local-main-place-address\",\"streetAddress\":\"Ohiostra\u00dfe 11\",\"addressLocality\":\"Karlsruhe\",\"postalCode\":\"76149\",\"addressRegion\":\"Baden-W\u00fcrttemberg\",\"addressCountry\":\"DE\"},{\"@type\":\"ImageObject\",\"inLanguage\":\"en-US\",\"@id\":\"https:\\\/\\\/www.aspion.de\\\/en\\\/press-release-preview-of-aspion-l-track-as-end-to-end-solution-for-the-first-time-at-logistic-trade-fairs\\\/#local-main-organization-logo\",\"url\":\"https:\\\/\\\/www.aspion.de\\\/wp-content\\\/uploads\\\/2014\\\/05\\\/Aspion_GmbH_Active_SensorsPositioning_Logo_1.png\",\"contentUrl\":\"https:\\\/\\\/www.aspion.de\\\/wp-content\\\/uploads\\\/2014\\\/05\\\/Aspion_GmbH_Active_SensorsPositioning_Logo_1.png\",\"width\":280,\"height\":71,\"caption\":\"ASPION GmbH\"}]}<\/script>\n<meta name=\"geo.placename\" content=\"Karlsruhe\" \/>\n<meta name=\"geo.region\" content=\"Germany\" \/>\n<!-- \/ Yoast SEO Premium plugin. -->","yoast_head_json":{"title":"ASPION introduces new IoT transport data logger with live tracking","description":"ASPION GmbH is presenting the ASPION L-Track, a unique IoT device, at the logistics trade fairs LogiMAT and transport logistic.","robots":{"index":"index","follow":"follow","max-snippet":"max-snippet:-1","max-image-preview":"max-image-preview:large","max-video-preview":"max-video-preview:-1"},"canonical":"https:\/\/www.aspion.de\/en\/press-release-preview-of-aspion-l-track-as-end-to-end-solution-for-the-first-time-at-logistic-trade-fairs\/","og_locale":"en_US","og_type":"article","og_title":"Press release: Preview of ASPION L-Track as end-to-end solution for the first time at logistic trade fairs","og_description":"ASPION GmbH is presenting the ASPION L-Track, a unique IoT device, at the logistics trade fairs LogiMAT and transport logistic.","og_url":"https:\/\/www.aspion.de\/en\/press-release-preview-of-aspion-l-track-as-end-to-end-solution-for-the-first-time-at-logistic-trade-fairs\/","og_site_name":"ASPION GmbH \u2013 Profi-Datenlogger f\u00fcr Schock und Sto\u00df - f\u00fcr die Industrie","article_modified_time":"2023-03-23T08:21:12+00:00","og_image":[{"width":4303,"height":3189,"url":"https:\/\/www.aspion.de\/wp-content\/uploads\/2022\/12\/ASPION_G-Log2_Schockrekorder_gewinnt_best-of-industry-award-1.jpg","type":"image\/jpeg"}],"twitter_card":"summary_large_image","twitter_misc":{"Est. reading time":"3 minutes"},"schema":{"@context":"https:\/\/schema.org","@graph":[{"@type":"WebPage","@id":"https:\/\/www.aspion.de\/en\/press-release-preview-of-aspion-l-track-as-end-to-end-solution-for-the-first-time-at-logistic-trade-fairs\/","url":"https:\/\/www.aspion.de\/en\/press-release-preview-of-aspion-l-track-as-end-to-end-solution-for-the-first-time-at-logistic-trade-fairs\/","name":"ASPION introduces new IoT transport data logger with live tracking","isPartOf":{"@id":"https:\/\/www.aspion.de\/en\/#website"},"primaryImageOfPage":{"@id":"https:\/\/www.aspion.de\/en\/press-release-preview-of-aspion-l-track-as-end-to-end-solution-for-the-first-time-at-logistic-trade-fairs\/#primaryimage"},"image":{"@id":"https:\/\/www.aspion.de\/en\/press-release-preview-of-aspion-l-track-as-end-to-end-solution-for-the-first-time-at-logistic-trade-fairs\/#primaryimage"},"thumbnailUrl":"https:\/\/www.aspion.de\/wp-content\/uploads\/2022\/12\/ASPION_G-Log2_Schockrekorder_gewinnt_best-of-industry-award-1.jpg","datePublished":"2023-02-07T10:40:40+00:00","dateModified":"2023-03-23T08:21:12+00:00","description":"ASPION GmbH is presenting the ASPION L-Track, a unique IoT device, at the logistics trade fairs LogiMAT and transport logistic.","breadcrumb":{"@id":"https:\/\/www.aspion.de\/en\/press-release-preview-of-aspion-l-track-as-end-to-end-solution-for-the-first-time-at-logistic-trade-fairs\/#breadcrumb"},"inLanguage":"en-US","potentialAction":[{"@type":"ReadAction","target":["https:\/\/www.aspion.de\/en\/press-release-preview-of-aspion-l-track-as-end-to-end-solution-for-the-first-time-at-logistic-trade-fairs\/"]}]},{"@type":"ImageObject","inLanguage":"en-US","@id":"https:\/\/www.aspion.de\/en\/press-release-preview-of-aspion-l-track-as-end-to-end-solution-for-the-first-time-at-logistic-trade-fairs\/#primaryimage","url":"https:\/\/www.aspion.de\/wp-content\/uploads\/2022\/12\/ASPION_G-Log2_Schockrekorder_gewinnt_best-of-industry-award-1.jpg","contentUrl":"https:\/\/www.aspion.de\/wp-content\/uploads\/2022\/12\/ASPION_G-Log2_Schockrekorder_gewinnt_best-of-industry-award-1.jpg","width":4303,"height":3189,"caption":"Beim Best-of-Industry-Award zum Sieger gew\u00e4hlt: Schockrekorder ASPION G-Log2 gewinnt in der Kategorie Sensorik."},{"@type":"BreadcrumbList","@id":"https:\/\/www.aspion.de\/en\/press-release-preview-of-aspion-l-track-as-end-to-end-solution-for-the-first-time-at-logistic-trade-fairs\/#breadcrumb","itemListElement":[{"@type":"ListItem","position":1,"name":"Startseite","item":"https:\/\/www.aspion.de\/en\/"},{"@type":"ListItem","position":2,"name":"Press release: Preview of ASPION L-Track as end-to-end solution for the first time at logistic trade fairs"}]},{"@type":"WebSite","@id":"https:\/\/www.aspion.de\/en\/#website","url":"https:\/\/www.aspion.de\/en\/","name":"ASPION GmbH \u2013 Profi-Datenlogger f\u00fcr Schock und Sto\u00df - f\u00fcr die Industrie","description":"Datenlogger f\u00fcr Transport\u00fcberwachung von Schock, Temperatur, Feuchte - einfach, kosteng\u00fcnstig, nachhaltig, made in Germany.","publisher":{"@id":"https:\/\/www.aspion.de\/en\/#organization"},"potentialAction":[{"@type":"SearchAction","target":{"@type":"EntryPoint","urlTemplate":"https:\/\/www.aspion.de\/en\/?s={search_term_string}"},"query-input":{"@type":"PropertyValueSpecification","valueRequired":true,"valueName":"search_term_string"}}],"inLanguage":"en-US"},{"@type":["Organization","Place"],"@id":"https:\/\/www.aspion.de\/en\/#organization","name":"ASPION GmbH","url":"https:\/\/www.aspion.de\/en\/","logo":{"@id":"https:\/\/www.aspion.de\/en\/press-release-preview-of-aspion-l-track-as-end-to-end-solution-for-the-first-time-at-logistic-trade-fairs\/#local-main-organization-logo"},"image":{"@id":"https:\/\/www.aspion.de\/en\/press-release-preview-of-aspion-l-track-as-end-to-end-solution-for-the-first-time-at-logistic-trade-fairs\/#local-main-organization-logo"},"sameAs":["https:\/\/www.linkedin.com\/company\/aspion-gmbh","https:\/\/www.youtube.com\/channel\/UCyPrXy8bNbXMKcp_MQEor3w"],"address":{"@id":"https:\/\/www.aspion.de\/en\/press-release-preview-of-aspion-l-track-as-end-to-end-solution-for-the-first-time-at-logistic-trade-fairs\/#local-main-place-address"},"telephone":["+49 721 85149-122"],"openingHoursSpecification":[{"@type":"OpeningHoursSpecification","dayOfWeek":["Monday","Tuesday","Wednesday","Thursday","Friday","Saturday","Sunday"],"opens":"09:00","closes":"17:00"}],"email":"info@aspion.de","faxNumber":"+49 721 85149-090"},{"@type":"PostalAddress","@id":"https:\/\/www.aspion.de\/en\/press-release-preview-of-aspion-l-track-as-end-to-end-solution-for-the-first-time-at-logistic-trade-fairs\/#local-main-place-address","streetAddress":"Ohiostra\u00dfe 11","addressLocality":"Karlsruhe","postalCode":"76149","addressRegion":"Baden-W\u00fcrttemberg","addressCountry":"DE"},{"@type":"ImageObject","inLanguage":"en-US","@id":"https:\/\/www.aspion.de\/en\/press-release-preview-of-aspion-l-track-as-end-to-end-solution-for-the-first-time-at-logistic-trade-fairs\/#local-main-organization-logo","url":"https:\/\/www.aspion.de\/wp-content\/uploads\/2014\/05\/Aspion_GmbH_Active_SensorsPositioning_Logo_1.png","contentUrl":"https:\/\/www.aspion.de\/wp-content\/uploads\/2014\/05\/Aspion_GmbH_Active_SensorsPositioning_Logo_1.png","width":280,"height":71,"caption":"ASPION GmbH"}]},"geo.placename":"Karlsruhe","geo.region":"Germany"},"_links":{"self":[{"href":"https:\/\/www.aspion.de\/en\/wp-json\/wp\/v2\/pages\/19493","targetHints":{"allow":["GET"]}}],"collection":[{"href":"https:\/\/www.aspion.de\/en\/wp-json\/wp\/v2\/pages"}],"about":[{"href":"https:\/\/www.aspion.de\/en\/wp-json\/wp\/v2\/types\/page"}],"author":[{"embeddable":true,"href":"https:\/\/www.aspion.de\/en\/wp-json\/wp\/v2\/users\/715"}],"replies":[{"embeddable":true,"href":"https:\/\/www.aspion.de\/en\/wp-json\/wp\/v2\/comments?post=19493"}],"version-history":[{"count":7,"href":"https:\/\/www.aspion.de\/en\/wp-json\/wp\/v2\/pages\/19493\/revisions"}],"predecessor-version":[{"id":19784,"href":"https:\/\/www.aspion.de\/en\/wp-json\/wp\/v2\/pages\/19493\/revisions\/19784"}],"wp:featuredmedia":[{"embeddable":true,"href":"https:\/\/www.aspion.de\/en\/wp-json\/wp\/v2\/media\/19330"}],"wp:attachment":[{"href":"https:\/\/www.aspion.de\/en\/wp-json\/wp\/v2\/media?parent=19493"}],"curies":[{"name":"wp","href":"https:\/\/api.w.org\/{rel}","templated":true}]}}