{"id":19565,"date":"2023-02-15T11:33:52","date_gmt":"2023-02-15T10:33:52","guid":{"rendered":"https:\/\/www.aspion.de\/?page_id=19565"},"modified":"2023-05-15T10:35:31","modified_gmt":"2023-05-15T09:35:31","slug":"aspion-profi-datenlogger-live-at-trade-fairs-transport-logistic-and-logimat-2023","status":"publish","type":"page","link":"https:\/\/www.aspion.de\/en\/aspion-profi-datenlogger-live-at-trade-fairs-transport-logistic-and-logimat-2023\/","title":{"rendered":"ASPION Profi-Datenlogger live at trade fairs transport logistic and LogiMAT 2023"},"content":{"rendered":"\n\n\t\t\t\t\n\t\t\t<h1>Thank you very much for your visit and the great<br \/>\nresponse to the two logistics fairs!<\/h1>\n<p>This year, we presented our smart data loggers and, for the first time, the preview of the new IoT device ASPION L-Track live at the logistics trade fairs <strong>LogiMAT<\/strong> in Stuttgart and <strong>transport logistic<\/strong> in Munich.<\/p>\n\t\t\t\t\n\t\t\t<h2>ASPION L-Track 360\u00b0 live tracking and ASPION G-Log: Monitor transports in all dimensions<\/h2>\n<p>Our visitors experienced live at our booth how<\/p>\n<ul>\n<li>global transport monitoring works in real time<\/li>\n<li>users have round-the-clock access to the condition and location of their goods<\/li>\n<li>Root cause analysis is easily implemented with autonomous data loggers<\/li>\n<li>events that normally remain hidden become transparent and traceable<\/li>\n<li>smart transport monitoring works in all dimensions in daily practice<\/li>\n<li>impacts on all 3 axes and in all directions are logged with time accuracy, even traceable on millisecond level per axis<\/li>\n<li>the proof of damage is reliable and recognized<\/li>\n<li>Vibration detection in accordance with the European transport standard at the push of a button<\/li>\n<li>climate data is intelligently recorded on an interval and event basis<\/li>\n<li>valuable information is gained for packaging validation and intralogistic processes.<\/li>\n<\/ul>\n\t\t\t\t<img decoding=\"async\" src=\"https:\/\/www.aspion.de\/wp-content\/uploads\/2023\/05\/DSC_3011-PVM-Production-web.jpg\" alt=\"DSC_3011-PVM-Production-web\" itemprop=\"image\" height=\"1333\" width=\"2000\" title=\"DSC_3011-PVM-Production-web\" onerror=\"this.style.display='none'\"  \/>\n\t\t\t\t<img decoding=\"async\" src=\"https:\/\/www.aspion.de\/wp-content\/uploads\/2023\/05\/DSC_3037-PVM-Production-web.jpg\" alt=\"DSC_3037-PVM-Production-web\" itemprop=\"image\" height=\"1333\" width=\"2000\" title=\"DSC_3037-PVM-Production-web\" onerror=\"this.style.display='none'\"  \/>\n\t\t\t\t<img decoding=\"async\" src=\"https:\/\/www.aspion.de\/wp-content\/uploads\/2023\/05\/DSC_3107-PVM-Production-web.jpg\" alt=\"DSC_3107-PVM-Production-web\" itemprop=\"image\" height=\"1333\" width=\"2000\" title=\"DSC_3107-PVM-Production-web\" onerror=\"this.style.display='none'\"  \/>\n\t\t\t\t<img decoding=\"async\" src=\"https:\/\/www.aspion.de\/wp-content\/uploads\/2023\/05\/DSC_3255-PVM-Production-web.jpg\" alt=\"DSC_3255-PVM-Production-web\" itemprop=\"image\" height=\"1333\" width=\"2000\" title=\"DSC_3255-PVM-Production-web\" onerror=\"this.style.display='none'\"  \/>\n\n","protected":false},"excerpt":{"rendered":"<p>Thank you very much for your visit and the great response to the two logistics fairs! This year, we presented our smart data loggers and, for the first time, the preview of the new IoT device ASPION L-Track live at the logistics trade fairs LogiMAT in Stuttgart and transport logistic in Munich. ASPION L-Track 360\u00b0&hellip;<\/p>\n","protected":false},"author":715,"featured_media":0,"parent":0,"menu_order":0,"comment_status":"closed","ping_status":"closed","template":"","meta":{"_acf_changed":false,"footnotes":""},"class_list":["post-19565","page","type-page","status-publish","hentry"],"acf":[],"yoast_head":"<!-- This site is optimized with the Yoast SEO Premium plugin v27.5 (Yoast SEO v27.5) - https:\/\/yoast.com\/product\/yoast-seo-premium-wordpress\/ -->\n<title>Logistics trade fairs 2023 \u2013 ASPION professional data loggers live<\/title>\n<meta name=\"description\" content=\"Data loggers from ASPION create transparency in intralogistics - find out about possible applications now and secure an entry voucher!\" \/>\n<meta name=\"robots\" content=\"index, follow, max-snippet:-1, max-image-preview:large, max-video-preview:-1\" \/>\n<link rel=\"canonical\" href=\"https:\/\/www.aspion.de\/en\/aspion-profi-datenlogger-live-at-trade-fairs-transport-logistic-and-logimat-2023\/\" \/>\n<meta property=\"og:locale\" content=\"en_US\" \/>\n<meta property=\"og:type\" content=\"article\" \/>\n<meta property=\"og:title\" content=\"ASPION Profi-Datenlogger live at trade fairs transport logistic and LogiMAT 2023\" \/>\n<meta property=\"og:description\" content=\"Data loggers from ASPION create transparency in intralogistics - find out about possible applications now and secure an entry voucher!\" \/>\n<meta property=\"og:url\" content=\"https:\/\/www.aspion.de\/en\/aspion-profi-datenlogger-live-at-trade-fairs-transport-logistic-and-logimat-2023\/\" \/>\n<meta property=\"og:site_name\" content=\"ASPION GmbH \u2013 Profi-Datenlogger f\u00fcr Schock und Sto\u00df - f\u00fcr die Industrie\" \/>\n<meta property=\"article:modified_time\" content=\"2023-05-15T09:35:31+00:00\" \/>\n<meta property=\"og:image\" content=\"https:\/\/www.aspion.de\/wp-content\/uploads\/2023\/05\/DSC_3011-PVM-Production-web.jpg\" \/>\n<meta name=\"twitter:card\" content=\"summary_large_image\" \/>\n<meta name=\"twitter:label1\" content=\"Est. reading time\" \/>\n\t<meta name=\"twitter:data1\" content=\"4 minutes\" \/>\n<script type=\"application\/ld+json\" class=\"yoast-schema-graph\">{\"@context\":\"https:\\\/\\\/schema.org\",\"@graph\":[{\"@type\":\"WebPage\",\"@id\":\"https:\\\/\\\/www.aspion.de\\\/en\\\/aspion-profi-datenlogger-live-at-trade-fairs-transport-logistic-and-logimat-2023\\\/\",\"url\":\"https:\\\/\\\/www.aspion.de\\\/en\\\/aspion-profi-datenlogger-live-at-trade-fairs-transport-logistic-and-logimat-2023\\\/\",\"name\":\"Logistics trade fairs 2023 \u2013 ASPION professional data loggers live\",\"isPartOf\":{\"@id\":\"https:\\\/\\\/www.aspion.de\\\/en\\\/#website\"},\"primaryImageOfPage\":{\"@id\":\"https:\\\/\\\/www.aspion.de\\\/en\\\/aspion-profi-datenlogger-live-at-trade-fairs-transport-logistic-and-logimat-2023\\\/#primaryimage\"},\"image\":{\"@id\":\"https:\\\/\\\/www.aspion.de\\\/en\\\/aspion-profi-datenlogger-live-at-trade-fairs-transport-logistic-and-logimat-2023\\\/#primaryimage\"},\"thumbnailUrl\":\"https:\\\/\\\/www.aspion.de\\\/wp-content\\\/uploads\\\/2023\\\/05\\\/DSC_3011-PVM-Production-web.jpg\",\"datePublished\":\"2023-02-15T10:33:52+00:00\",\"dateModified\":\"2023-05-15T09:35:31+00:00\",\"description\":\"Data loggers from ASPION create transparency in intralogistics - find out about possible applications now and secure an entry voucher!\",\"breadcrumb\":{\"@id\":\"https:\\\/\\\/www.aspion.de\\\/en\\\/aspion-profi-datenlogger-live-at-trade-fairs-transport-logistic-and-logimat-2023\\\/#breadcrumb\"},\"inLanguage\":\"en-US\",\"potentialAction\":[{\"@type\":\"ReadAction\",\"target\":[\"https:\\\/\\\/www.aspion.de\\\/en\\\/aspion-profi-datenlogger-live-at-trade-fairs-transport-logistic-and-logimat-2023\\\/\"]}]},{\"@type\":\"ImageObject\",\"inLanguage\":\"en-US\",\"@id\":\"https:\\\/\\\/www.aspion.de\\\/en\\\/aspion-profi-datenlogger-live-at-trade-fairs-transport-logistic-and-logimat-2023\\\/#primaryimage\",\"url\":\"https:\\\/\\\/www.aspion.de\\\/wp-content\\\/uploads\\\/2023\\\/05\\\/DSC_3011-PVM-Production-web.jpg\",\"contentUrl\":\"https:\\\/\\\/www.aspion.de\\\/wp-content\\\/uploads\\\/2023\\\/05\\\/DSC_3011-PVM-Production-web.jpg\"},{\"@type\":\"BreadcrumbList\",\"@id\":\"https:\\\/\\\/www.aspion.de\\\/en\\\/aspion-profi-datenlogger-live-at-trade-fairs-transport-logistic-and-logimat-2023\\\/#breadcrumb\",\"itemListElement\":[{\"@type\":\"ListItem\",\"position\":1,\"name\":\"Startseite\",\"item\":\"https:\\\/\\\/www.aspion.de\\\/en\\\/\"},{\"@type\":\"ListItem\",\"position\":2,\"name\":\"ASPION Profi-Datenlogger live at trade fairs transport logistic and LogiMAT 2023\"}]},{\"@type\":\"WebSite\",\"@id\":\"https:\\\/\\\/www.aspion.de\\\/en\\\/#website\",\"url\":\"https:\\\/\\\/www.aspion.de\\\/en\\\/\",\"name\":\"ASPION GmbH \u2013 Profi-Datenlogger f\u00fcr Schock und Sto\u00df - f\u00fcr die Industrie\",\"description\":\"Datenlogger f\u00fcr Transport\u00fcberwachung von Schock, Temperatur, Feuchte - einfach, kosteng\u00fcnstig, nachhaltig, made in Germany.\",\"publisher\":{\"@id\":\"https:\\\/\\\/www.aspion.de\\\/en\\\/#organization\"},\"potentialAction\":[{\"@type\":\"SearchAction\",\"target\":{\"@type\":\"EntryPoint\",\"urlTemplate\":\"https:\\\/\\\/www.aspion.de\\\/en\\\/?s={search_term_string}\"},\"query-input\":{\"@type\":\"PropertyValueSpecification\",\"valueRequired\":true,\"valueName\":\"search_term_string\"}}],\"inLanguage\":\"en-US\"},{\"@type\":[\"Organization\",\"Place\"],\"@id\":\"https:\\\/\\\/www.aspion.de\\\/en\\\/#organization\",\"name\":\"ASPION GmbH\",\"url\":\"https:\\\/\\\/www.aspion.de\\\/en\\\/\",\"logo\":{\"@id\":\"https:\\\/\\\/www.aspion.de\\\/en\\\/aspion-profi-datenlogger-live-at-trade-fairs-transport-logistic-and-logimat-2023\\\/#local-main-organization-logo\"},\"image\":{\"@id\":\"https:\\\/\\\/www.aspion.de\\\/en\\\/aspion-profi-datenlogger-live-at-trade-fairs-transport-logistic-and-logimat-2023\\\/#local-main-organization-logo\"},\"sameAs\":[\"https:\\\/\\\/www.linkedin.com\\\/company\\\/aspion-gmbh\",\"https:\\\/\\\/www.youtube.com\\\/channel\\\/UCyPrXy8bNbXMKcp_MQEor3w\"],\"address\":{\"@id\":\"https:\\\/\\\/www.aspion.de\\\/en\\\/aspion-profi-datenlogger-live-at-trade-fairs-transport-logistic-and-logimat-2023\\\/#local-main-place-address\"},\"telephone\":[\"+49 721 85149-122\"],\"openingHoursSpecification\":[{\"@type\":\"OpeningHoursSpecification\",\"dayOfWeek\":[\"Monday\",\"Tuesday\",\"Wednesday\",\"Thursday\",\"Friday\",\"Saturday\",\"Sunday\"],\"opens\":\"09:00\",\"closes\":\"17:00\"}],\"email\":\"info@aspion.de\",\"faxNumber\":\"+49 721 85149-090\"},{\"@type\":\"PostalAddress\",\"@id\":\"https:\\\/\\\/www.aspion.de\\\/en\\\/aspion-profi-datenlogger-live-at-trade-fairs-transport-logistic-and-logimat-2023\\\/#local-main-place-address\",\"streetAddress\":\"Ohiostra\u00dfe 11\",\"addressLocality\":\"Karlsruhe\",\"postalCode\":\"76149\",\"addressRegion\":\"Baden-W\u00fcrttemberg\",\"addressCountry\":\"DE\"},{\"@type\":\"ImageObject\",\"inLanguage\":\"en-US\",\"@id\":\"https:\\\/\\\/www.aspion.de\\\/en\\\/aspion-profi-datenlogger-live-at-trade-fairs-transport-logistic-and-logimat-2023\\\/#local-main-organization-logo\",\"url\":\"https:\\\/\\\/www.aspion.de\\\/wp-content\\\/uploads\\\/2014\\\/05\\\/Aspion_GmbH_Active_SensorsPositioning_Logo_1.png\",\"contentUrl\":\"https:\\\/\\\/www.aspion.de\\\/wp-content\\\/uploads\\\/2014\\\/05\\\/Aspion_GmbH_Active_SensorsPositioning_Logo_1.png\",\"width\":280,\"height\":71,\"caption\":\"ASPION GmbH\"}]}<\/script>\n<meta name=\"geo.placename\" content=\"Karlsruhe\" \/>\n<meta name=\"geo.region\" content=\"Germany\" \/>\n<!-- \/ Yoast SEO Premium plugin. -->","yoast_head_json":{"title":"Logistics trade fairs 2023 \u2013 ASPION professional data loggers live","description":"Data loggers from ASPION create transparency in intralogistics - find out about possible applications now and secure an entry voucher!","robots":{"index":"index","follow":"follow","max-snippet":"max-snippet:-1","max-image-preview":"max-image-preview:large","max-video-preview":"max-video-preview:-1"},"canonical":"https:\/\/www.aspion.de\/en\/aspion-profi-datenlogger-live-at-trade-fairs-transport-logistic-and-logimat-2023\/","og_locale":"en_US","og_type":"article","og_title":"ASPION Profi-Datenlogger live at trade fairs transport logistic and LogiMAT 2023","og_description":"Data loggers from ASPION create transparency in intralogistics - find out about possible applications now and secure an entry voucher!","og_url":"https:\/\/www.aspion.de\/en\/aspion-profi-datenlogger-live-at-trade-fairs-transport-logistic-and-logimat-2023\/","og_site_name":"ASPION GmbH \u2013 Profi-Datenlogger f\u00fcr Schock und Sto\u00df - f\u00fcr die Industrie","article_modified_time":"2023-05-15T09:35:31+00:00","og_image":[{"url":"https:\/\/www.aspion.de\/wp-content\/uploads\/2023\/05\/DSC_3011-PVM-Production-web.jpg","type":"","width":"","height":""}],"twitter_card":"summary_large_image","twitter_misc":{"Est. reading time":"4 minutes"},"schema":{"@context":"https:\/\/schema.org","@graph":[{"@type":"WebPage","@id":"https:\/\/www.aspion.de\/en\/aspion-profi-datenlogger-live-at-trade-fairs-transport-logistic-and-logimat-2023\/","url":"https:\/\/www.aspion.de\/en\/aspion-profi-datenlogger-live-at-trade-fairs-transport-logistic-and-logimat-2023\/","name":"Logistics trade fairs 2023 \u2013 ASPION professional data loggers live","isPartOf":{"@id":"https:\/\/www.aspion.de\/en\/#website"},"primaryImageOfPage":{"@id":"https:\/\/www.aspion.de\/en\/aspion-profi-datenlogger-live-at-trade-fairs-transport-logistic-and-logimat-2023\/#primaryimage"},"image":{"@id":"https:\/\/www.aspion.de\/en\/aspion-profi-datenlogger-live-at-trade-fairs-transport-logistic-and-logimat-2023\/#primaryimage"},"thumbnailUrl":"https:\/\/www.aspion.de\/wp-content\/uploads\/2023\/05\/DSC_3011-PVM-Production-web.jpg","datePublished":"2023-02-15T10:33:52+00:00","dateModified":"2023-05-15T09:35:31+00:00","description":"Data loggers from ASPION create transparency in intralogistics - find out about possible applications now and secure an entry voucher!","breadcrumb":{"@id":"https:\/\/www.aspion.de\/en\/aspion-profi-datenlogger-live-at-trade-fairs-transport-logistic-and-logimat-2023\/#breadcrumb"},"inLanguage":"en-US","potentialAction":[{"@type":"ReadAction","target":["https:\/\/www.aspion.de\/en\/aspion-profi-datenlogger-live-at-trade-fairs-transport-logistic-and-logimat-2023\/"]}]},{"@type":"ImageObject","inLanguage":"en-US","@id":"https:\/\/www.aspion.de\/en\/aspion-profi-datenlogger-live-at-trade-fairs-transport-logistic-and-logimat-2023\/#primaryimage","url":"https:\/\/www.aspion.de\/wp-content\/uploads\/2023\/05\/DSC_3011-PVM-Production-web.jpg","contentUrl":"https:\/\/www.aspion.de\/wp-content\/uploads\/2023\/05\/DSC_3011-PVM-Production-web.jpg"},{"@type":"BreadcrumbList","@id":"https:\/\/www.aspion.de\/en\/aspion-profi-datenlogger-live-at-trade-fairs-transport-logistic-and-logimat-2023\/#breadcrumb","itemListElement":[{"@type":"ListItem","position":1,"name":"Startseite","item":"https:\/\/www.aspion.de\/en\/"},{"@type":"ListItem","position":2,"name":"ASPION Profi-Datenlogger live at trade fairs transport logistic and LogiMAT 2023"}]},{"@type":"WebSite","@id":"https:\/\/www.aspion.de\/en\/#website","url":"https:\/\/www.aspion.de\/en\/","name":"ASPION GmbH \u2013 Profi-Datenlogger f\u00fcr Schock und Sto\u00df - f\u00fcr die Industrie","description":"Datenlogger f\u00fcr Transport\u00fcberwachung von Schock, Temperatur, Feuchte - einfach, kosteng\u00fcnstig, nachhaltig, made in Germany.","publisher":{"@id":"https:\/\/www.aspion.de\/en\/#organization"},"potentialAction":[{"@type":"SearchAction","target":{"@type":"EntryPoint","urlTemplate":"https:\/\/www.aspion.de\/en\/?s={search_term_string}"},"query-input":{"@type":"PropertyValueSpecification","valueRequired":true,"valueName":"search_term_string"}}],"inLanguage":"en-US"},{"@type":["Organization","Place"],"@id":"https:\/\/www.aspion.de\/en\/#organization","name":"ASPION GmbH","url":"https:\/\/www.aspion.de\/en\/","logo":{"@id":"https:\/\/www.aspion.de\/en\/aspion-profi-datenlogger-live-at-trade-fairs-transport-logistic-and-logimat-2023\/#local-main-organization-logo"},"image":{"@id":"https:\/\/www.aspion.de\/en\/aspion-profi-datenlogger-live-at-trade-fairs-transport-logistic-and-logimat-2023\/#local-main-organization-logo"},"sameAs":["https:\/\/www.linkedin.com\/company\/aspion-gmbh","https:\/\/www.youtube.com\/channel\/UCyPrXy8bNbXMKcp_MQEor3w"],"address":{"@id":"https:\/\/www.aspion.de\/en\/aspion-profi-datenlogger-live-at-trade-fairs-transport-logistic-and-logimat-2023\/#local-main-place-address"},"telephone":["+49 721 85149-122"],"openingHoursSpecification":[{"@type":"OpeningHoursSpecification","dayOfWeek":["Monday","Tuesday","Wednesday","Thursday","Friday","Saturday","Sunday"],"opens":"09:00","closes":"17:00"}],"email":"info@aspion.de","faxNumber":"+49 721 85149-090"},{"@type":"PostalAddress","@id":"https:\/\/www.aspion.de\/en\/aspion-profi-datenlogger-live-at-trade-fairs-transport-logistic-and-logimat-2023\/#local-main-place-address","streetAddress":"Ohiostra\u00dfe 11","addressLocality":"Karlsruhe","postalCode":"76149","addressRegion":"Baden-W\u00fcrttemberg","addressCountry":"DE"},{"@type":"ImageObject","inLanguage":"en-US","@id":"https:\/\/www.aspion.de\/en\/aspion-profi-datenlogger-live-at-trade-fairs-transport-logistic-and-logimat-2023\/#local-main-organization-logo","url":"https:\/\/www.aspion.de\/wp-content\/uploads\/2014\/05\/Aspion_GmbH_Active_SensorsPositioning_Logo_1.png","contentUrl":"https:\/\/www.aspion.de\/wp-content\/uploads\/2014\/05\/Aspion_GmbH_Active_SensorsPositioning_Logo_1.png","width":280,"height":71,"caption":"ASPION GmbH"}]},"geo.placename":"Karlsruhe","geo.region":"Germany"},"_links":{"self":[{"href":"https:\/\/www.aspion.de\/en\/wp-json\/wp\/v2\/pages\/19565","targetHints":{"allow":["GET"]}}],"collection":[{"href":"https:\/\/www.aspion.de\/en\/wp-json\/wp\/v2\/pages"}],"about":[{"href":"https:\/\/www.aspion.de\/en\/wp-json\/wp\/v2\/types\/page"}],"author":[{"embeddable":true,"href":"https:\/\/www.aspion.de\/en\/wp-json\/wp\/v2\/users\/715"}],"replies":[{"embeddable":true,"href":"https:\/\/www.aspion.de\/en\/wp-json\/wp\/v2\/comments?post=19565"}],"version-history":[{"count":11,"href":"https:\/\/www.aspion.de\/en\/wp-json\/wp\/v2\/pages\/19565\/revisions"}],"predecessor-version":[{"id":19930,"href":"https:\/\/www.aspion.de\/en\/wp-json\/wp\/v2\/pages\/19565\/revisions\/19930"}],"wp:attachment":[{"href":"https:\/\/www.aspion.de\/en\/wp-json\/wp\/v2\/media?parent=19565"}],"curies":[{"name":"wp","href":"https:\/\/api.w.org\/{rel}","templated":true}]}}