{"id":19863,"date":"2023-04-24T09:24:16","date_gmt":"2023-04-24T08:24:16","guid":{"rendered":"https:\/\/www.aspion.de\/iot-live-tracking-with-the-aspion-l-track\/"},"modified":"2025-11-17T12:42:09","modified_gmt":"2025-11-17T11:42:09","slug":"iot-live-asset-tracking-l-track","status":"publish","type":"page","link":"https:\/\/www.aspion.de\/en\/iot-live-asset-tracking-l-track\/","title":{"rendered":"IoT live tracking with the ASPION L-Track"},"content":{"rendered":"\n<h1>\n\t\tIoT live tracking with ASPION L-Track: <br \/>Worldwide transport monitoring in all dimensions.\n\t<\/h1>\n<h2>\n\t\tMulti sensor asset tracker for 360\u00b0 supply chain monitoring\n\t<\/h2>\n\t<p>The new <strong>IoT transport data logger ASPION L-Track<\/strong> monitors your transports worldwide &#8211; in real time with <strong>360 degree live tracking<\/strong>. The connected Internet of Things (IoT) platform provides <strong>round-the-clock access<\/strong> to the <strong>current location and condition<\/strong> of goods and <strong>immediately informs<\/strong> in case of unusual incidents. This makes the current transport loads and environmental conditions for high-value transport goods transparent, traceable and assignable at all times &#8211; especially in the event of damage.<\/p>\n<p>The various components interact to provide an integrated <strong>end-to-end solution for live transport monitoring &#8220;made in Germany&#8221;<\/strong>.<\/p>\n\t\t\t\t<img decoding=\"async\" src=\"https:\/\/www.aspion.de\/wp-content\/uploads\/2023\/04\/ASPION_L-Track_rgb.png\" alt=\"ASPION L-Track, Live Tracking, multisensor data logger\" itemprop=\"image\" height=\"89\" width=\"1113\" title=\"ASPION_L-Track_rgb\" onerror=\"this.style.display='none'\"  \/>\n\t\t\t\t<img decoding=\"async\" src=\"https:\/\/www.aspion.de\/wp-content\/uploads\/2025\/08\/ASPION-L-Track-Produktbild-1350x1000-v2-1024x759.png\" alt=\"ASPION L-Track data logger asset tracking\" itemprop=\"image\" height=\"759\" width=\"1024\" title=\"ASPION-L-Track-Produktbild-1350x1000-v2\" onerror=\"this.style.display='none'\"  \/>\n\t\t\t\t<img decoding=\"async\" src=\"https:\/\/www.aspion.de\/wp-content\/uploads\/2024\/05\/icons-rot.png\" alt=\"ASPION L-Track Sensoren\" itemprop=\"image\" height=\"76\" width=\"729\" title=\"icons rot\" onerror=\"this.style.display='none'\"  \/>\n\t\t\t\t<img decoding=\"async\" src=\"https:\/\/www.aspion.de\/wp-content\/uploads\/2024\/05\/icons-blau.png\" alt=\"ASPION L-Track Konnektivit\u00e4t, Kommunikation, Verbindung\" itemprop=\"image\" height=\"66\" width=\"289\" title=\"icons blau\" onerror=\"this.style.display='none'\"  \/>\n\t\t\t\t<img decoding=\"async\" src=\"https:\/\/www.aspion.de\/wp-content\/uploads\/2024\/05\/icons-gruen.png\" alt=\"ASPION L-Track Nachhaltigkeit, langlebig, preiswert\" itemprop=\"image\" height=\"73\" width=\"223\" title=\"icons gr\u00fcn\" onerror=\"this.style.display='none'\"  \/>\n<h2>\n\t\tThe advantages at a glance\n\t<\/h2>\n\t\t\t\t<img decoding=\"async\" src=\"https:\/\/www.aspion.de\/wp-content\/uploads\/2023\/12\/Cloud-Upload-min.png\" alt=\"Cloud-Upload-min\" itemprop=\"image\" height=\"100\" width=\"100\" title=\"Cloud-Upload-min\" onerror=\"this.style.display='none'\"  \/>\n\t\t<h3>Live-Data<\/h3><p>Recorded data are transmitted via mobile radio worldwide and in real time and can be retrieved at any time.<\/p>\n\t\t\t\t<img decoding=\"async\" src=\"https:\/\/www.aspion.de\/wp-content\/uploads\/2023\/12\/Global-min.png\" alt=\"Global-min\" itemprop=\"image\" height=\"100\" width=\"100\" title=\"Global-min\" onerror=\"this.style.display='none'\"  \/>\n\t\t<h3>Worldwide<\/h3><p>Can be used in over 140 countries worldwide, thanks to mobile communications with LTE-M and 2G as fallback.<\/p>\n\t\t\t\t<img decoding=\"async\" src=\"https:\/\/www.aspion.de\/wp-content\/uploads\/2023\/11\/Hands-Shake-min.png\" alt=\"Hands-Shake-min\" itemprop=\"image\" height=\"100\" width=\"100\" title=\"Hands-Shake-min\" onerror=\"this.style.display='none'\"  \/>\n\t\t<h3>Reliable<\/h3><p>All data is reliably logged in the ring buffer until the next transmission, even without a mobile radio signal.<\/p>\n\t\t\t\t<img decoding=\"async\" src=\"https:\/\/www.aspion.de\/wp-content\/uploads\/2023\/12\/Star-min.png\" alt=\"Star-min\" itemprop=\"image\" height=\"100\" width=\"100\" title=\"Star-min\" onerror=\"this.style.display='none'\"  \/>\n\t\t<h3>Versatile<\/h3><p>A wide variety of influencing variables such as shocks \/ impacts, temperature, humidity,&#8230; and more, as required.<\/p>\n\t\t\t\t<img decoding=\"async\" src=\"https:\/\/www.aspion.de\/wp-content\/uploads\/2023\/12\/Hourglass-min.png\" alt=\"Hourglass-min\" itemprop=\"image\" height=\"100\" width=\"100\" title=\"Hourglass-min\" onerror=\"this.style.display='none'\"  \/>\n\t\t<h3>Durable<\/h3><p>Highly robust ABS housing with IP65\/67 protection and replaceable batteries for multi-year, resource-saving use.<\/p>\n\t\t\t\t<img decoding=\"async\" src=\"https:\/\/www.aspion.de\/wp-content\/uploads\/2023\/11\/Computer-min.png\" alt=\"Computer-min\" itemprop=\"image\" height=\"100\" width=\"100\" title=\"Computer-min\" onerror=\"this.style.display='none'\"  \/>\n\t\t<h3>Ergonomic<\/h3><p>Ergonomic cloud platform, easy-to-create reports and meaningful evaluations &#8211; for satisfied users.<\/p>\n\t\t\t\t<img decoding=\"async\" src=\"https:\/\/www.aspion.de\/wp-content\/uploads\/2023\/11\/Holiday-min.png\" alt=\"Holiday-min\" itemprop=\"image\" height=\"100\" width=\"100\" title=\"Holiday-min\" onerror=\"this.style.display='none'\"  \/>\n\t\t<h3>Simple<\/h3><p>Simple activation and initialization in just a few steps directly on the transported goods.<\/p>\n\t\t\t\t<img decoding=\"async\" src=\"https:\/\/www.aspion.de\/wp-content\/uploads\/2023\/12\/Tags-min.png\" alt=\"Tags-min\" itemprop=\"image\" height=\"100\" width=\"100\" title=\"Tags-min\" onerror=\"this.style.display='none'\"  \/>\n\t\t<h3>No labeling obligation<\/h3><p>Not subject to labeling requirements thanks to alkaline batteries &#8211; universally applicable across all industries for many scenarios.<\/p>\n\t\t\t\t<img decoding=\"async\" src=\"https:\/\/www.aspion.de\/wp-content\/uploads\/2023\/12\/Home-min.png\" alt=\"Home-min\" itemprop=\"image\" height=\"100\" width=\"100\" title=\"Home-min\" onerror=\"this.style.display='none'\"  \/>\n\t\t<h3>Made in Germany<\/h3><p>Completely developed and manufactured in Germany, including cloud platform hosted in Germany.<\/p>\n\t  <img decoding=\"async\" src=\"https:\/\/www.aspion.de\/wp-content\/plugins\/borlabs-cookie\/assets\/images\/cb-no-thumbnail.png\" alt=\"YouTube\"\/>  <p>Mit dem Laden des Videos akzeptieren Sie die Datenschutzerkl\u00e4rung von YouTube.<br \/><a href=\"https:\/\/policies.google.com\/privacy\" target=\"_blank\" rel=\"nofollow noopener noreferrer\">Mehr erfahren<\/a> <a href=\"#\" data-borlabs-cookie-unblock role=\"button\">Video laden<\/a> <label><input type=\"checkbox\" name=\"unblockAll\" value=\"1\" checked\/> <small>YouTube immer entsperren<\/small><\/label><\/p>   \n\t\t<h3>Application areas: 360 degree live tracking<\/h3><p>The new ASPION L-Track &#8211; just like its predecessors in the ASPION G-Log series &#8211; has been specially developed for monitoring high-value and sensitive transport goods. Particularly for manufacturers in the <strong>mechanical and plant engineering, automotive and electronics industries, energy sector as well as logistics and packaging industry<\/strong>, the IoT asset trackers collect valuable information and provide <strong>real-time updates<\/strong> about the l<strong>ocation and condition of the goods<\/strong>. Damaging transport loads and environmental impacts are reported and <strong>visible immediately after they occur<\/strong>. Thus, unforeseen events can already be reacted to during transport and <strong>potential damage can be averted<\/strong>. Due to its energy-optimized mode of operation, the ASPION L-Track is particularly suitable for <strong>asset tracking<\/strong> with <strong>multi-year durations <\/strong>for goods deliveries and in warehouse logistics. This guarantees transparency and security in your supply chain &#8211; <strong>at any time, worldwide and in the long term<\/strong>.<\/p>\n\t<h3>ASPION Cloud IoT Platform: Easy data evaluation in real time<\/h3>\n\t<p>With the <a href=\"https:\/\/www.aspion.de\/en\/iot-cloud-platform\/\" target=\"_blank\" rel=\"noopener\"><strong>ASPION Cloud<\/strong><\/a>, a powerful web-based IoT platform, <strong>location and sensor data of the L-Track devices<\/strong> can be <strong>easily displayed and evaluated<\/strong>. The platform provides around-the-clock access to the current location and status of the IoT trackers, keeping users informed of the status of their delivery at all times. In addition, <strong>alarms and thresholds can be set to be notified immediately of any unusual occurrences<\/strong>. Groups can be used to sort devices by different deliveries, locations or departments. Intuitive dashboards help to quickly and easily analyze sensor data and draw meaningful conclusions.<\/p>\n\t\t\t\t<a href=\"https:\/\/www.aspion.de\/en\/iot-cloud-platform\/\" target=\"_blank\" rel=\"noopener\"  itemprop=\"url\">\n\t\t\t\t<img decoding=\"async\" src=\"https:\/\/www.aspion.de\/wp-content\/uploads\/2025\/01\/ASPION_Cloud_IoT_Plattform-1024x576.jpg\" alt=\"ASPION Cloud Cockpit\" itemprop=\"image\" height=\"576\" width=\"1024\" title=\"ASPION_Cloud_IoT_Plattform\" onerror=\"this.style.display='none'\"  \/>\n\t\t\t\t<\/a>\n\t\t\t<a href=\"https:\/\/www.aspion.de\/en\/iot-cloud-platform\/\" target=\"_blank\" rel=\"noopener\">\n\t\t\t\t\t\tall details about the ASPION Cloud\n\t\t\t\t\t<\/a>\n\t\t\t\t<img decoding=\"async\" src=\"https:\/\/www.aspion.de\/wp-content\/uploads\/2024\/05\/2023-07-Produktbilder-L-Track-17-1024x683.jpg\" alt=\"L-Track Montage, Montage Transport, Magnet Montage\" itemprop=\"image\" height=\"683\" width=\"1024\" title=\"2023-07 Produktbilder L-Track-17\" onerror=\"this.style.display='none'\"  \/>\n\t\t<h3>How the ASPION L-Track works<\/h3><p>The ASPION L-Track is attached directly to the transported goods and can be activated in just a few steps. During the entire transport route, it logs and transmits all events that occur: Position data, shocks and impacts, temperature and humidity values, air pressure and other measured values. The transmission of sensor data to the\u00a0<strong>ASPION Cloud IoT platform<\/strong>\u00a0is interval-based via mobile communications and works in more than 140 countries worldwide thanks to LTE-M and 2G as fallback. In the ASPION Cloud, the sensor data can be viewed at any time and threshold values can be set and changed, even during transport.<\/p>\n\t<h3>Flexibly expandable multi-sensor platform: custom-fit and scalable<\/h3>\n\t<p>The basic features of the ASPION L Track include numerous sensors for shock, climate, tilt, and light, which can be <strong>individually activated or deactivated-even during use<\/strong>. The service costs scale according to the required scope of sensor functions &#8211; <strong>with no hidden fees<\/strong> or automatic contract renewals. The modular hardware allows <strong>numerous external sensors<\/strong> for a wide range of applications to be connected via plug-in interface: <strong>from core temperature control in groceries to fill level measurements in tanks to agricultural environmental sensors &#8211; and much more<\/strong>. At the same time, an <strong>external power source<\/strong> can be connected for maintenance-free long-term use.<\/p>\n\t\t\t\t<img decoding=\"async\" src=\"https:\/\/www.aspion.de\/wp-content\/uploads\/2025\/01\/ASPION_L-Track_Interface-1024x683.jpg\" alt=\"ASPION_L-Track_Interface\" itemprop=\"image\" height=\"683\" width=\"1024\" title=\"ASPION_L-Track_Interface\" onerror=\"this.style.display='none'\"  \/>\n<h2>\n\t\tASPION L-Track starter package\n\t<\/h2>\n\t\t\t\t<img decoding=\"async\" src=\"https:\/\/www.aspion.de\/wp-content\/uploads\/2024\/04\/Banderole_L-Track_DE.png\" alt=\"ASPION L-Track Starterpaket - Jetzt kaufen\" itemprop=\"image\" height=\"875\" width=\"642\" title=\"Banderole_L-Track_DE\" onerror=\"this.style.display='none'\"  \/>\n\t<p><strong>Package consisting of<\/strong><\/p>\n\t\t\t <p>1 device <a href=\"https:\/\/www.aspion.de\/en\/iot-live-asset-tracking-l-track\/\" target=\"_blank\" rel=\"noopener\">ASPION L-Track multi sensor data logger<\/a><\/p>\t\t\n\t\t\t <p>with all available device sensors<\/p>\t\t\n\t\t\t <p>SIM card for worldwide live tracking incl. data flat rate<\/p>\t\t\n\t\t\t <p>Access to the <a href=\"https:\/\/www.aspion.de\/en\/iot-cloud-platform\/\" target=\"_blank\" rel=\"noopener\">ASPION Cloud<\/a><\/p>\t\t\n\t\t\t <p>incl. 6 months term from activation<\/p>\t\t\n\t\t\t <p>incl. onboarding for new customers<br \/>(setup of ASPION cloud access, provision of devices with basic configuration, short introduction to the ASPION Cloud for an easy start)<\/p>\t\t\n\t\t\t<a href=\"mailto:info@aspion.de?subject=ASPION%20L-Track%20starter%20package%20-%20request%20for%20quote\" target=\"_self\">\n\t\t\t\t\t\tsecure your starter package now\n\t\t\t\t\t<\/a>\n\t<p><strong>Total price\u00a0 <\/strong><strong>\u20ac349*<\/strong><\/p>\n\n","protected":false},"excerpt":{"rendered":"<p>IoT live tracking with ASPION L-Track: Worldwide transport monitoring in all dimensions. Multi sensor asset tracker for 360\u00b0 supply chain monitoring The new IoT transport data logger ASPION L-Track monitors your transports worldwide &#8211; in real time with 360 degree live tracking. The connected Internet of Things (IoT) platform provides round-the-clock access to the current&hellip;<\/p>\n","protected":false},"author":715,"featured_media":0,"parent":0,"menu_order":0,"comment_status":"closed","ping_status":"closed","template":"","meta":{"_acf_changed":false,"footnotes":""},"class_list":["post-19863","page","type-page","status-publish","hentry"],"acf":[],"yoast_head":"<!-- This site is optimized with the Yoast SEO Premium plugin v27.5 (Yoast SEO v27.5) - https:\/\/yoast.com\/product\/yoast-seo-premium-wordpress\/ -->\n<title>ASPION L-Track with IoT live tracking | ASPION<\/title>\n<meta name=\"description\" content=\"The ASPION L-Track IoT asset tracker with \u2713worldwide transport monitoring and \u2713360 degree live tracking \u25ba Learn more now!\" \/>\n<meta name=\"robots\" content=\"index, follow, max-snippet:-1, max-image-preview:large, max-video-preview:-1\" \/>\n<link rel=\"canonical\" href=\"https:\/\/www.aspion.de\/en\/iot-live-asset-tracking-l-track\/\" \/>\n<meta property=\"og:locale\" content=\"en_US\" \/>\n<meta property=\"og:type\" content=\"article\" \/>\n<meta property=\"og:title\" content=\"IoT live tracking with the ASPION L-Track\" \/>\n<meta property=\"og:description\" content=\"The ASPION L-Track IoT asset tracker with \u2713worldwide transport monitoring and \u2713360 degree live tracking \u25ba Learn more now!\" \/>\n<meta property=\"og:url\" content=\"https:\/\/www.aspion.de\/en\/iot-live-asset-tracking-l-track\/\" \/>\n<meta property=\"og:site_name\" content=\"ASPION GmbH \u2013 Profi-Datenlogger f\u00fcr Schock und Sto\u00df - f\u00fcr die Industrie\" \/>\n<meta property=\"article:modified_time\" content=\"2025-11-17T11:42:09+00:00\" \/>\n<meta property=\"og:image\" content=\"https:\/\/www.aspion.de\/wp-content\/uploads\/2023\/04\/ASPION_L-Track_rgb.png\" \/>\n<meta name=\"twitter:card\" content=\"summary_large_image\" \/>\n<script type=\"application\/ld+json\" class=\"yoast-schema-graph\">{\"@context\":\"https:\\\/\\\/schema.org\",\"@graph\":[{\"@type\":\"WebPage\",\"@id\":\"https:\\\/\\\/www.aspion.de\\\/en\\\/iot-live-asset-tracking-l-track\\\/\",\"url\":\"https:\\\/\\\/www.aspion.de\\\/en\\\/iot-live-asset-tracking-l-track\\\/\",\"name\":\"ASPION L-Track with IoT live tracking | ASPION\",\"isPartOf\":{\"@id\":\"https:\\\/\\\/www.aspion.de\\\/en\\\/#website\"},\"primaryImageOfPage\":{\"@id\":\"https:\\\/\\\/www.aspion.de\\\/en\\\/iot-live-asset-tracking-l-track\\\/#primaryimage\"},\"image\":{\"@id\":\"https:\\\/\\\/www.aspion.de\\\/en\\\/iot-live-asset-tracking-l-track\\\/#primaryimage\"},\"thumbnailUrl\":\"https:\\\/\\\/www.aspion.de\\\/wp-content\\\/uploads\\\/2023\\\/04\\\/ASPION_L-Track_rgb.png\",\"datePublished\":\"2023-04-24T08:24:16+00:00\",\"dateModified\":\"2025-11-17T11:42:09+00:00\",\"description\":\"The ASPION L-Track IoT asset tracker with \u2713worldwide transport monitoring and \u2713360 degree live tracking \u25ba Learn more now!\",\"breadcrumb\":{\"@id\":\"https:\\\/\\\/www.aspion.de\\\/en\\\/iot-live-asset-tracking-l-track\\\/#breadcrumb\"},\"inLanguage\":\"en-US\",\"potentialAction\":[{\"@type\":\"ReadAction\",\"target\":[\"https:\\\/\\\/www.aspion.de\\\/en\\\/iot-live-asset-tracking-l-track\\\/\"]}]},{\"@type\":\"ImageObject\",\"inLanguage\":\"en-US\",\"@id\":\"https:\\\/\\\/www.aspion.de\\\/en\\\/iot-live-asset-tracking-l-track\\\/#primaryimage\",\"url\":\"https:\\\/\\\/www.aspion.de\\\/wp-content\\\/uploads\\\/2023\\\/04\\\/ASPION_L-Track_rgb.png\",\"contentUrl\":\"https:\\\/\\\/www.aspion.de\\\/wp-content\\\/uploads\\\/2023\\\/04\\\/ASPION_L-Track_rgb.png\"},{\"@type\":\"BreadcrumbList\",\"@id\":\"https:\\\/\\\/www.aspion.de\\\/en\\\/iot-live-asset-tracking-l-track\\\/#breadcrumb\",\"itemListElement\":[{\"@type\":\"ListItem\",\"position\":1,\"name\":\"Startseite\",\"item\":\"https:\\\/\\\/www.aspion.de\\\/en\\\/\"},{\"@type\":\"ListItem\",\"position\":2,\"name\":\"IoT live tracking with the ASPION L-Track\"}]},{\"@type\":\"WebSite\",\"@id\":\"https:\\\/\\\/www.aspion.de\\\/en\\\/#website\",\"url\":\"https:\\\/\\\/www.aspion.de\\\/en\\\/\",\"name\":\"ASPION GmbH \u2013 Profi-Datenlogger f\u00fcr Schock und Sto\u00df - f\u00fcr die Industrie\",\"description\":\"Datenlogger f\u00fcr Transport\u00fcberwachung von Schock, Temperatur, Feuchte - einfach, kosteng\u00fcnstig, nachhaltig, made in Germany.\",\"publisher\":{\"@id\":\"https:\\\/\\\/www.aspion.de\\\/en\\\/#organization\"},\"potentialAction\":[{\"@type\":\"SearchAction\",\"target\":{\"@type\":\"EntryPoint\",\"urlTemplate\":\"https:\\\/\\\/www.aspion.de\\\/en\\\/?s={search_term_string}\"},\"query-input\":{\"@type\":\"PropertyValueSpecification\",\"valueRequired\":true,\"valueName\":\"search_term_string\"}}],\"inLanguage\":\"en-US\"},{\"@type\":[\"Organization\",\"Place\"],\"@id\":\"https:\\\/\\\/www.aspion.de\\\/en\\\/#organization\",\"name\":\"ASPION GmbH\",\"url\":\"https:\\\/\\\/www.aspion.de\\\/en\\\/\",\"logo\":{\"@id\":\"https:\\\/\\\/www.aspion.de\\\/en\\\/iot-live-asset-tracking-l-track\\\/#local-main-organization-logo\"},\"image\":{\"@id\":\"https:\\\/\\\/www.aspion.de\\\/en\\\/iot-live-asset-tracking-l-track\\\/#local-main-organization-logo\"},\"sameAs\":[\"https:\\\/\\\/www.linkedin.com\\\/company\\\/aspion-gmbh\",\"https:\\\/\\\/www.youtube.com\\\/channel\\\/UCyPrXy8bNbXMKcp_MQEor3w\"],\"address\":{\"@id\":\"https:\\\/\\\/www.aspion.de\\\/en\\\/iot-live-asset-tracking-l-track\\\/#local-main-place-address\"},\"telephone\":[\"+49 721 85149-122\"],\"openingHoursSpecification\":[{\"@type\":\"OpeningHoursSpecification\",\"dayOfWeek\":[\"Monday\",\"Tuesday\",\"Wednesday\",\"Thursday\",\"Friday\",\"Saturday\",\"Sunday\"],\"opens\":\"09:00\",\"closes\":\"17:00\"}],\"email\":\"info@aspion.de\",\"faxNumber\":\"+49 721 85149-090\"},{\"@type\":\"PostalAddress\",\"@id\":\"https:\\\/\\\/www.aspion.de\\\/en\\\/iot-live-asset-tracking-l-track\\\/#local-main-place-address\",\"streetAddress\":\"Ohiostra\u00dfe 11\",\"addressLocality\":\"Karlsruhe\",\"postalCode\":\"76149\",\"addressRegion\":\"Baden-W\u00fcrttemberg\",\"addressCountry\":\"DE\"},{\"@type\":\"ImageObject\",\"inLanguage\":\"en-US\",\"@id\":\"https:\\\/\\\/www.aspion.de\\\/en\\\/iot-live-asset-tracking-l-track\\\/#local-main-organization-logo\",\"url\":\"https:\\\/\\\/www.aspion.de\\\/wp-content\\\/uploads\\\/2014\\\/05\\\/Aspion_GmbH_Active_SensorsPositioning_Logo_1.png\",\"contentUrl\":\"https:\\\/\\\/www.aspion.de\\\/wp-content\\\/uploads\\\/2014\\\/05\\\/Aspion_GmbH_Active_SensorsPositioning_Logo_1.png\",\"width\":280,\"height\":71,\"caption\":\"ASPION GmbH\"}]}<\/script>\n<meta name=\"geo.placename\" content=\"Karlsruhe\" \/>\n<meta name=\"geo.region\" content=\"Germany\" \/>\n<!-- \/ Yoast SEO Premium plugin. -->","yoast_head_json":{"title":"ASPION L-Track with IoT live tracking | ASPION","description":"The ASPION L-Track IoT asset tracker with \u2713worldwide transport monitoring and \u2713360 degree live tracking \u25ba Learn more now!","robots":{"index":"index","follow":"follow","max-snippet":"max-snippet:-1","max-image-preview":"max-image-preview:large","max-video-preview":"max-video-preview:-1"},"canonical":"https:\/\/www.aspion.de\/en\/iot-live-asset-tracking-l-track\/","og_locale":"en_US","og_type":"article","og_title":"IoT live tracking with the ASPION L-Track","og_description":"The ASPION L-Track IoT asset tracker with \u2713worldwide transport monitoring and \u2713360 degree live tracking \u25ba Learn more now!","og_url":"https:\/\/www.aspion.de\/en\/iot-live-asset-tracking-l-track\/","og_site_name":"ASPION GmbH \u2013 Profi-Datenlogger f\u00fcr Schock und Sto\u00df - f\u00fcr die Industrie","article_modified_time":"2025-11-17T11:42:09+00:00","og_image":[{"url":"https:\/\/www.aspion.de\/wp-content\/uploads\/2023\/04\/ASPION_L-Track_rgb.png","type":"","width":"","height":""}],"twitter_card":"summary_large_image","schema":{"@context":"https:\/\/schema.org","@graph":[{"@type":"WebPage","@id":"https:\/\/www.aspion.de\/en\/iot-live-asset-tracking-l-track\/","url":"https:\/\/www.aspion.de\/en\/iot-live-asset-tracking-l-track\/","name":"ASPION L-Track with IoT live tracking | ASPION","isPartOf":{"@id":"https:\/\/www.aspion.de\/en\/#website"},"primaryImageOfPage":{"@id":"https:\/\/www.aspion.de\/en\/iot-live-asset-tracking-l-track\/#primaryimage"},"image":{"@id":"https:\/\/www.aspion.de\/en\/iot-live-asset-tracking-l-track\/#primaryimage"},"thumbnailUrl":"https:\/\/www.aspion.de\/wp-content\/uploads\/2023\/04\/ASPION_L-Track_rgb.png","datePublished":"2023-04-24T08:24:16+00:00","dateModified":"2025-11-17T11:42:09+00:00","description":"The ASPION L-Track IoT asset tracker with \u2713worldwide transport monitoring and \u2713360 degree live tracking \u25ba Learn more now!","breadcrumb":{"@id":"https:\/\/www.aspion.de\/en\/iot-live-asset-tracking-l-track\/#breadcrumb"},"inLanguage":"en-US","potentialAction":[{"@type":"ReadAction","target":["https:\/\/www.aspion.de\/en\/iot-live-asset-tracking-l-track\/"]}]},{"@type":"ImageObject","inLanguage":"en-US","@id":"https:\/\/www.aspion.de\/en\/iot-live-asset-tracking-l-track\/#primaryimage","url":"https:\/\/www.aspion.de\/wp-content\/uploads\/2023\/04\/ASPION_L-Track_rgb.png","contentUrl":"https:\/\/www.aspion.de\/wp-content\/uploads\/2023\/04\/ASPION_L-Track_rgb.png"},{"@type":"BreadcrumbList","@id":"https:\/\/www.aspion.de\/en\/iot-live-asset-tracking-l-track\/#breadcrumb","itemListElement":[{"@type":"ListItem","position":1,"name":"Startseite","item":"https:\/\/www.aspion.de\/en\/"},{"@type":"ListItem","position":2,"name":"IoT live tracking with the ASPION L-Track"}]},{"@type":"WebSite","@id":"https:\/\/www.aspion.de\/en\/#website","url":"https:\/\/www.aspion.de\/en\/","name":"ASPION GmbH \u2013 Profi-Datenlogger f\u00fcr Schock und Sto\u00df - f\u00fcr die Industrie","description":"Datenlogger f\u00fcr Transport\u00fcberwachung von Schock, Temperatur, Feuchte - einfach, kosteng\u00fcnstig, nachhaltig, made in Germany.","publisher":{"@id":"https:\/\/www.aspion.de\/en\/#organization"},"potentialAction":[{"@type":"SearchAction","target":{"@type":"EntryPoint","urlTemplate":"https:\/\/www.aspion.de\/en\/?s={search_term_string}"},"query-input":{"@type":"PropertyValueSpecification","valueRequired":true,"valueName":"search_term_string"}}],"inLanguage":"en-US"},{"@type":["Organization","Place"],"@id":"https:\/\/www.aspion.de\/en\/#organization","name":"ASPION GmbH","url":"https:\/\/www.aspion.de\/en\/","logo":{"@id":"https:\/\/www.aspion.de\/en\/iot-live-asset-tracking-l-track\/#local-main-organization-logo"},"image":{"@id":"https:\/\/www.aspion.de\/en\/iot-live-asset-tracking-l-track\/#local-main-organization-logo"},"sameAs":["https:\/\/www.linkedin.com\/company\/aspion-gmbh","https:\/\/www.youtube.com\/channel\/UCyPrXy8bNbXMKcp_MQEor3w"],"address":{"@id":"https:\/\/www.aspion.de\/en\/iot-live-asset-tracking-l-track\/#local-main-place-address"},"telephone":["+49 721 85149-122"],"openingHoursSpecification":[{"@type":"OpeningHoursSpecification","dayOfWeek":["Monday","Tuesday","Wednesday","Thursday","Friday","Saturday","Sunday"],"opens":"09:00","closes":"17:00"}],"email":"info@aspion.de","faxNumber":"+49 721 85149-090"},{"@type":"PostalAddress","@id":"https:\/\/www.aspion.de\/en\/iot-live-asset-tracking-l-track\/#local-main-place-address","streetAddress":"Ohiostra\u00dfe 11","addressLocality":"Karlsruhe","postalCode":"76149","addressRegion":"Baden-W\u00fcrttemberg","addressCountry":"DE"},{"@type":"ImageObject","inLanguage":"en-US","@id":"https:\/\/www.aspion.de\/en\/iot-live-asset-tracking-l-track\/#local-main-organization-logo","url":"https:\/\/www.aspion.de\/wp-content\/uploads\/2014\/05\/Aspion_GmbH_Active_SensorsPositioning_Logo_1.png","contentUrl":"https:\/\/www.aspion.de\/wp-content\/uploads\/2014\/05\/Aspion_GmbH_Active_SensorsPositioning_Logo_1.png","width":280,"height":71,"caption":"ASPION GmbH"}]},"geo.placename":"Karlsruhe","geo.region":"Germany"},"_links":{"self":[{"href":"https:\/\/www.aspion.de\/en\/wp-json\/wp\/v2\/pages\/19863","targetHints":{"allow":["GET"]}}],"collection":[{"href":"https:\/\/www.aspion.de\/en\/wp-json\/wp\/v2\/pages"}],"about":[{"href":"https:\/\/www.aspion.de\/en\/wp-json\/wp\/v2\/types\/page"}],"author":[{"embeddable":true,"href":"https:\/\/www.aspion.de\/en\/wp-json\/wp\/v2\/users\/715"}],"replies":[{"embeddable":true,"href":"https:\/\/www.aspion.de\/en\/wp-json\/wp\/v2\/comments?post=19863"}],"version-history":[{"count":19,"href":"https:\/\/www.aspion.de\/en\/wp-json\/wp\/v2\/pages\/19863\/revisions"}],"predecessor-version":[{"id":24309,"href":"https:\/\/www.aspion.de\/en\/wp-json\/wp\/v2\/pages\/19863\/revisions\/24309"}],"wp:attachment":[{"href":"https:\/\/www.aspion.de\/en\/wp-json\/wp\/v2\/media?parent=19863"}],"curies":[{"name":"wp","href":"https:\/\/api.w.org\/{rel}","templated":true}]}}