{"id":20904,"date":"2024-01-22T12:44:53","date_gmt":"2024-01-22T11:44:53","guid":{"rendered":"https:\/\/www.aspion.de\/new-aspion-transport-data-logger-with-live-tracking-and-long-runtimes\/"},"modified":"2024-01-22T12:55:03","modified_gmt":"2024-01-22T11:55:03","slug":"new-aspion-transport-data-logger-with-live-tracking-and-long-runtimes","status":"publish","type":"page","link":"https:\/\/www.aspion.de\/en\/new-aspion-transport-data-logger-with-live-tracking-and-long-runtimes\/","title":{"rendered":"Press release: New ASPION transport data logger with live tracking and long runtimes"},"content":{"rendered":"\r\n<p>Pressemitteilung vom 23.01.2024<\/p>\r\n<p><strong>ASPION L-Track live Erleben auf der LogiMAT in Halle 8 Stand B11<\/strong><\/p>\r\n<h1>Neuer Transport-Datenlogger von ASPION mit Live-Tracking und langen Laufzeiten<\/h1>\r\n<p><strong>Karlsruhe, 23. Januar 2024. <\/strong>Lieferkettenprobleme halten die Weltwirtschaft auf Trab &#8211; ein Ende ist weiterhin nicht in Sicht. Ein Grund mehr f\u00fcr Verlader, sich mit den Themen Transport\u00fcberwachung und Prozesssicherheit ernsthaft zu befassen. \u201eDer Bedarf an professionellen, digitalen L\u00f6sungen zur Schock- und Standort\u00fcberwachung ist im Industrieg\u00fcterbereich gr\u00f6\u00dfer als je zuvor&#8221;, sagt Martina W\u00f6hr, Gesch\u00e4ftsf\u00fchrerin der ASPION GmbH. \u201eInsbesondere bei der Nachfrage nach L\u00f6sungen zur Echtzeit-\u00dcberwachung von Transportg\u00fctern zeigt sich ein starker Aufw\u00e4rtstrend.&#8221; Mit dem ASPION L-Track stellt ASPION einen neuen Echtzeit-Datenlogger als Ende-zu-Ende L\u00f6sung vor, der eine globale Transport\u00fcberwachung wertvoller Investitionsg\u00fcter gew\u00e4hrleistet. Damit erg\u00e4nzt der Spezialist f\u00fcr Datenlogger zur Schock\u00fcberwachung erstmals sein Produktportfolio um ein 360 Grad Live-Tracking System \u201eMade and Hosted in Germany&#8221;.<\/p>\r\n<h4><strong>Flexible Komplettl\u00f6sung f\u00fcr vollst\u00e4ndige Transparenz<\/strong><\/h4>\r\n<p>Der neue ASPION L-Track kann flexibel eingesetzt werden und eignet sich insbesondere zur \u00dcberwachung hochwertiger und empfindlicher Investitionsg\u00fcter im weltweiten, multimodalen Lieferverkehr. Verlader aus dem Bereich Maschinen- und Anlagenbau, Energietechnik und zahlreichen weiteren Branchen k\u00f6nnen den aktuellen Standort und Zustand ihrer hochwertigen Anlagen in Echtzeit nachvollziehen und werden \u00fcber au\u00dfergew\u00f6hnliche Ereignisse alarmiert. Mit der Komplettl\u00f6sung aus smarten Sensoren und angebundener IoT-Plattform lassen sich Supply-Chain Prozesse optimieren, Sch\u00e4den durch proaktives Eingreifen abwenden und unn\u00f6tige Kosten vermeiden. Auch bei der \u00dcberwachung von Ladungstr\u00e4gern, rotierendem Beh\u00e4ltermanagement und weiteren Anwendungen im Bereich Intralogistik wird der ASPION L-Track den hohen industriellen Anforderungen gerecht.<\/p>\r\n<h4><strong>Leistungsf\u00e4hige Sensorik mit GPS-Tracking &#8211; live und weltweit<\/strong><\/h4>\r\n<p>Wie alle ASPION Datenlogger erm\u00f6glicht auch der neue ASPION L-Track eine detaillierte und aussagekr\u00e4ftige Schockerfassung im Millisekundenverlauf und liefert damit beweiskr\u00e4ftige Indizien im Schadensfall bei unsachgem\u00e4\u00dfem Handling. Die weltweite Standortbestimmung in \u00fcber 140 L\u00e4ndern erfolgt zellular \u00fcber Mobilfunk oder metergenau via GPS. Weitere Sensorwerte wie Temperatur, Feuchte, Neigung und Licht werden in der einfach bedienbaren ASPION Cloud visualisiert. \u201e\u00dcber die mit Ort und Zeitstempel protokollierten Daten l\u00e4sst sich transparent nachvollziehen, wo und wodurch ein Schaden entstanden ist&#8221;, sagt W\u00f6hr. Das robuste Geh\u00e4use in Gr\u00f6\u00dfe eines Brillenetuis eignet sich f\u00fcr langfristige Anwendungsszenarien bei rauen Witterungsbedingungen. Die energieoptimierte Arbeitsweise und wechselbare Standard-Batterien gew\u00e4hrleisten einen nachhaltigen und ressourcenschonenden Langzeiteinsatz.<\/p>\r\n<h4><strong>Vorstellung auf der LogiMAT und kosteng\u00fcnstiger Einstieg<\/strong><\/h4>\r\n<p>Messebesucher k\u00f6nnen den ASPION L-Track live auf der LogiMAT (19. &#8211; 21.03.24, Stuttgart, Halle 8 Stand B11) erleben und bestellen. Die Gesamtl\u00f6sung ist ab April 2024 zu attraktiven Einstiegskonditionen erh\u00e4ltlich.<\/p>\r\n<p>Bildmaterial zum Download<\/p>\r\n<p>Download: Klicken Sie auf das Bild<strong><br \/><\/strong> <a href=\"https:\/\/www.aspion.de\/wp-content\/uploads\/2024\/01\/Aspion_L-Track_Pressebild_01_2024_1920x1080.jpg\" target=\"_blank\" rel=\"noopener\"> <img decoding=\"async\" title=\"Aspion_L-Track_Pressebild_01_2024_1920x1080\" src=\"https:\/\/www.aspion.de\/wp-content\/uploads\/2024\/01\/Aspion_L-Track_Pressebild_01_2024_1920x1080.jpg\" alt=\"Aspion_L-Track_Pressebild_01_2024_1920x1080\" width=\"1920\" height=\"1080\" \/> <\/a><\/p>\r\n<p>Der neue Echtzeit-Datenlogger ASPION L-Track ist als Gesamtl\u00f6sung auf der LogiMAT 2024 zu sehen und erstmals ab April verf\u00fcgbar.<\/p>\r\n<h5>Die Verwendung des Bildmaterials ist zu redaktionellen Zwecken honorarfrei. Pressefoto \u00a9ASPION GmbH<\/h5>\r\n<h4>ASPION auf der Logistikmesse<\/h4>\r\n<p><img decoding=\"async\" title=\"LogiMAT\" src=\"https:\/\/www.aspion.de\/wp-content\/uploads\/2023\/02\/LogiMAT.jpg\" alt=\"ASPION LogiMat 2023\" width=\"917\" height=\"480\" \/><\/p>\r\n<p>LogiMAT Stuttgart, 19. &#8211; 21.03.24<\/p>\r\n<p>Halle 8, Stand B11<\/p>\r\n<h3>Ihr Pressekontakt<\/h3>\r\n<p>Martina W\u00f6hr<br \/>Gesch\u00e4ftsf\u00fchrerin<br \/>Tel.: +49 721 \/ 85149-122<br \/><a href=\"mailto:martina.woehr@aspion.de\">martina.woehr@aspion.de<\/a><\/p>\r\n","protected":false},"excerpt":{"rendered":"<p>Pressemitteilung vom 23.01.2024 ASPION L-Track live Erleben auf der LogiMAT in Halle 8 Stand B11 Neuer Transport-Datenlogger von ASPION mit Live-Tracking und langen Laufzeiten Karlsruhe, 23. Januar 2024. Lieferkettenprobleme halten die Weltwirtschaft auf Trab &#8211; ein Ende ist weiterhin nicht in Sicht. Ein Grund mehr f\u00fcr Verlader, sich mit den Themen Transport\u00fcberwachung und Prozesssicherheit ernsthaft&hellip;<\/p>\n","protected":false},"author":496,"featured_media":20855,"parent":0,"menu_order":0,"comment_status":"closed","ping_status":"closed","template":"","meta":{"_acf_changed":false,"footnotes":""},"class_list":["post-20904","page","type-page","status-publish","has-post-thumbnail","hentry"],"acf":[],"yoast_head":"<!-- This site is optimized with the Yoast SEO Premium plugin v27.3 (Yoast SEO v27.3) - https:\/\/yoast.com\/product\/yoast-seo-premium-wordpress\/ -->\n<title>New ASPION transport data logger with live tracking and long runtimes<\/title>\n<meta name=\"description\" content=\"With the ASPION L-Track, ASPION is presenting a new real-time data logger at LogiMAT as an end-to-end solution for global transportation monitoring.\" \/>\n<meta name=\"robots\" content=\"index, follow, max-snippet:-1, max-image-preview:large, max-video-preview:-1\" \/>\n<link rel=\"canonical\" href=\"https:\/\/www.aspion.de\/en\/new-aspion-transport-data-logger-with-live-tracking-and-long-runtimes\/\" \/>\n<meta property=\"og:locale\" content=\"en_US\" \/>\n<meta property=\"og:type\" content=\"article\" \/>\n<meta property=\"og:title\" content=\"Press release: New ASPION transport data logger with live tracking and long runtimes\" \/>\n<meta property=\"og:description\" content=\"With the ASPION L-Track, ASPION is presenting a new real-time data logger at LogiMAT as an end-to-end solution for global transportation monitoring.\" \/>\n<meta property=\"og:url\" content=\"https:\/\/www.aspion.de\/en\/new-aspion-transport-data-logger-with-live-tracking-and-long-runtimes\/\" \/>\n<meta property=\"og:site_name\" content=\"ASPION GmbH \u2013 Profi-Datenlogger f\u00fcr Schock und Sto\u00df - f\u00fcr die Industrie\" \/>\n<meta property=\"article:modified_time\" content=\"2024-01-22T11:55:03+00:00\" \/>\n<meta property=\"og:image\" content=\"https:\/\/www.aspion.de\/wp-content\/uploads\/2024\/01\/Aspion_L-Track_Pressebild_01_2024_1920x1080.jpg\" \/>\n\t<meta property=\"og:image:width\" content=\"1920\" \/>\n\t<meta property=\"og:image:height\" content=\"1080\" \/>\n\t<meta property=\"og:image:type\" content=\"image\/jpeg\" \/>\n<meta name=\"twitter:card\" content=\"summary_large_image\" \/>\n<meta name=\"twitter:label1\" content=\"Est. reading time\" \/>\n\t<meta name=\"twitter:data1\" content=\"3 minutes\" \/>\n<script type=\"application\/ld+json\" class=\"yoast-schema-graph\">{\"@context\":\"https:\\\/\\\/schema.org\",\"@graph\":[{\"@type\":\"WebPage\",\"@id\":\"https:\\\/\\\/www.aspion.de\\\/en\\\/new-aspion-transport-data-logger-with-live-tracking-and-long-runtimes\\\/\",\"url\":\"https:\\\/\\\/www.aspion.de\\\/en\\\/new-aspion-transport-data-logger-with-live-tracking-and-long-runtimes\\\/\",\"name\":\"New ASPION transport data logger with live tracking and long runtimes\",\"isPartOf\":{\"@id\":\"https:\\\/\\\/www.aspion.de\\\/en\\\/#website\"},\"primaryImageOfPage\":{\"@id\":\"https:\\\/\\\/www.aspion.de\\\/en\\\/new-aspion-transport-data-logger-with-live-tracking-and-long-runtimes\\\/#primaryimage\"},\"image\":{\"@id\":\"https:\\\/\\\/www.aspion.de\\\/en\\\/new-aspion-transport-data-logger-with-live-tracking-and-long-runtimes\\\/#primaryimage\"},\"thumbnailUrl\":\"https:\\\/\\\/www.aspion.de\\\/wp-content\\\/uploads\\\/2024\\\/01\\\/Aspion_L-Track_Pressebild_01_2024_1920x1080.jpg\",\"datePublished\":\"2024-01-22T11:44:53+00:00\",\"dateModified\":\"2024-01-22T11:55:03+00:00\",\"description\":\"With the ASPION L-Track, ASPION is presenting a new real-time data logger at LogiMAT as an end-to-end solution for global transportation monitoring.\",\"breadcrumb\":{\"@id\":\"https:\\\/\\\/www.aspion.de\\\/en\\\/new-aspion-transport-data-logger-with-live-tracking-and-long-runtimes\\\/#breadcrumb\"},\"inLanguage\":\"en-US\",\"potentialAction\":[{\"@type\":\"ReadAction\",\"target\":[\"https:\\\/\\\/www.aspion.de\\\/en\\\/new-aspion-transport-data-logger-with-live-tracking-and-long-runtimes\\\/\"]}]},{\"@type\":\"ImageObject\",\"inLanguage\":\"en-US\",\"@id\":\"https:\\\/\\\/www.aspion.de\\\/en\\\/new-aspion-transport-data-logger-with-live-tracking-and-long-runtimes\\\/#primaryimage\",\"url\":\"https:\\\/\\\/www.aspion.de\\\/wp-content\\\/uploads\\\/2024\\\/01\\\/Aspion_L-Track_Pressebild_01_2024_1920x1080.jpg\",\"contentUrl\":\"https:\\\/\\\/www.aspion.de\\\/wp-content\\\/uploads\\\/2024\\\/01\\\/Aspion_L-Track_Pressebild_01_2024_1920x1080.jpg\",\"width\":1920,\"height\":1080,\"caption\":\"ASPION L-Track press image LogiMAT 2024\"},{\"@type\":\"BreadcrumbList\",\"@id\":\"https:\\\/\\\/www.aspion.de\\\/en\\\/new-aspion-transport-data-logger-with-live-tracking-and-long-runtimes\\\/#breadcrumb\",\"itemListElement\":[{\"@type\":\"ListItem\",\"position\":1,\"name\":\"Startseite\",\"item\":\"https:\\\/\\\/www.aspion.de\\\/en\\\/\"},{\"@type\":\"ListItem\",\"position\":2,\"name\":\"Press release: New ASPION transport data logger with live tracking and long runtimes\"}]},{\"@type\":\"WebSite\",\"@id\":\"https:\\\/\\\/www.aspion.de\\\/en\\\/#website\",\"url\":\"https:\\\/\\\/www.aspion.de\\\/en\\\/\",\"name\":\"ASPION GmbH \u2013 Profi-Datenlogger f\u00fcr Schock und Sto\u00df - f\u00fcr die Industrie\",\"description\":\"Datenlogger f\u00fcr Transport\u00fcberwachung von Schock, Temperatur, Feuchte - einfach, kosteng\u00fcnstig, nachhaltig, made in Germany.\",\"publisher\":{\"@id\":\"https:\\\/\\\/www.aspion.de\\\/en\\\/#organization\"},\"potentialAction\":[{\"@type\":\"SearchAction\",\"target\":{\"@type\":\"EntryPoint\",\"urlTemplate\":\"https:\\\/\\\/www.aspion.de\\\/en\\\/?s={search_term_string}\"},\"query-input\":{\"@type\":\"PropertyValueSpecification\",\"valueRequired\":true,\"valueName\":\"search_term_string\"}}],\"inLanguage\":\"en-US\"},{\"@type\":[\"Organization\",\"Place\"],\"@id\":\"https:\\\/\\\/www.aspion.de\\\/en\\\/#organization\",\"name\":\"ASPION GmbH\",\"url\":\"https:\\\/\\\/www.aspion.de\\\/en\\\/\",\"logo\":{\"@id\":\"https:\\\/\\\/www.aspion.de\\\/en\\\/new-aspion-transport-data-logger-with-live-tracking-and-long-runtimes\\\/#local-main-organization-logo\"},\"image\":{\"@id\":\"https:\\\/\\\/www.aspion.de\\\/en\\\/new-aspion-transport-data-logger-with-live-tracking-and-long-runtimes\\\/#local-main-organization-logo\"},\"sameAs\":[\"https:\\\/\\\/www.linkedin.com\\\/company\\\/aspion-gmbh\",\"https:\\\/\\\/www.youtube.com\\\/channel\\\/UCyPrXy8bNbXMKcp_MQEor3w\"],\"address\":{\"@id\":\"https:\\\/\\\/www.aspion.de\\\/en\\\/new-aspion-transport-data-logger-with-live-tracking-and-long-runtimes\\\/#local-main-place-address\"},\"telephone\":[\"+49 721 85149-122\"],\"openingHoursSpecification\":[{\"@type\":\"OpeningHoursSpecification\",\"dayOfWeek\":[\"Monday\",\"Tuesday\",\"Wednesday\",\"Thursday\",\"Friday\",\"Saturday\",\"Sunday\"],\"opens\":\"09:00\",\"closes\":\"17:00\"}],\"email\":\"info@aspion.de\",\"faxNumber\":\"+49 721 85149-090\"},{\"@type\":\"PostalAddress\",\"@id\":\"https:\\\/\\\/www.aspion.de\\\/en\\\/new-aspion-transport-data-logger-with-live-tracking-and-long-runtimes\\\/#local-main-place-address\",\"streetAddress\":\"Ohiostra\u00dfe 11\",\"addressLocality\":\"Karlsruhe\",\"postalCode\":\"76149\",\"addressRegion\":\"Baden-W\u00fcrttemberg\",\"addressCountry\":\"DE\"},{\"@type\":\"ImageObject\",\"inLanguage\":\"en-US\",\"@id\":\"https:\\\/\\\/www.aspion.de\\\/en\\\/new-aspion-transport-data-logger-with-live-tracking-and-long-runtimes\\\/#local-main-organization-logo\",\"url\":\"https:\\\/\\\/www.aspion.de\\\/wp-content\\\/uploads\\\/2014\\\/05\\\/Aspion_GmbH_Active_SensorsPositioning_Logo_1.png\",\"contentUrl\":\"https:\\\/\\\/www.aspion.de\\\/wp-content\\\/uploads\\\/2014\\\/05\\\/Aspion_GmbH_Active_SensorsPositioning_Logo_1.png\",\"width\":280,\"height\":71,\"caption\":\"ASPION GmbH\"}]}<\/script>\n<meta name=\"geo.placename\" content=\"Karlsruhe\" \/>\n<meta name=\"geo.region\" content=\"Germany\" \/>\n<!-- \/ Yoast SEO Premium plugin. -->","yoast_head_json":{"title":"New ASPION transport data logger with live tracking and long runtimes","description":"With the ASPION L-Track, ASPION is presenting a new real-time data logger at LogiMAT as an end-to-end solution for global transportation monitoring.","robots":{"index":"index","follow":"follow","max-snippet":"max-snippet:-1","max-image-preview":"max-image-preview:large","max-video-preview":"max-video-preview:-1"},"canonical":"https:\/\/www.aspion.de\/en\/new-aspion-transport-data-logger-with-live-tracking-and-long-runtimes\/","og_locale":"en_US","og_type":"article","og_title":"Press release: New ASPION transport data logger with live tracking and long runtimes","og_description":"With the ASPION L-Track, ASPION is presenting a new real-time data logger at LogiMAT as an end-to-end solution for global transportation monitoring.","og_url":"https:\/\/www.aspion.de\/en\/new-aspion-transport-data-logger-with-live-tracking-and-long-runtimes\/","og_site_name":"ASPION GmbH \u2013 Profi-Datenlogger f\u00fcr Schock und Sto\u00df - f\u00fcr die Industrie","article_modified_time":"2024-01-22T11:55:03+00:00","og_image":[{"width":1920,"height":1080,"url":"https:\/\/www.aspion.de\/wp-content\/uploads\/2024\/01\/Aspion_L-Track_Pressebild_01_2024_1920x1080.jpg","type":"image\/jpeg"}],"twitter_card":"summary_large_image","twitter_misc":{"Est. reading time":"3 minutes"},"schema":{"@context":"https:\/\/schema.org","@graph":[{"@type":"WebPage","@id":"https:\/\/www.aspion.de\/en\/new-aspion-transport-data-logger-with-live-tracking-and-long-runtimes\/","url":"https:\/\/www.aspion.de\/en\/new-aspion-transport-data-logger-with-live-tracking-and-long-runtimes\/","name":"New ASPION transport data logger with live tracking and long runtimes","isPartOf":{"@id":"https:\/\/www.aspion.de\/en\/#website"},"primaryImageOfPage":{"@id":"https:\/\/www.aspion.de\/en\/new-aspion-transport-data-logger-with-live-tracking-and-long-runtimes\/#primaryimage"},"image":{"@id":"https:\/\/www.aspion.de\/en\/new-aspion-transport-data-logger-with-live-tracking-and-long-runtimes\/#primaryimage"},"thumbnailUrl":"https:\/\/www.aspion.de\/wp-content\/uploads\/2024\/01\/Aspion_L-Track_Pressebild_01_2024_1920x1080.jpg","datePublished":"2024-01-22T11:44:53+00:00","dateModified":"2024-01-22T11:55:03+00:00","description":"With the ASPION L-Track, ASPION is presenting a new real-time data logger at LogiMAT as an end-to-end solution for global transportation monitoring.","breadcrumb":{"@id":"https:\/\/www.aspion.de\/en\/new-aspion-transport-data-logger-with-live-tracking-and-long-runtimes\/#breadcrumb"},"inLanguage":"en-US","potentialAction":[{"@type":"ReadAction","target":["https:\/\/www.aspion.de\/en\/new-aspion-transport-data-logger-with-live-tracking-and-long-runtimes\/"]}]},{"@type":"ImageObject","inLanguage":"en-US","@id":"https:\/\/www.aspion.de\/en\/new-aspion-transport-data-logger-with-live-tracking-and-long-runtimes\/#primaryimage","url":"https:\/\/www.aspion.de\/wp-content\/uploads\/2024\/01\/Aspion_L-Track_Pressebild_01_2024_1920x1080.jpg","contentUrl":"https:\/\/www.aspion.de\/wp-content\/uploads\/2024\/01\/Aspion_L-Track_Pressebild_01_2024_1920x1080.jpg","width":1920,"height":1080,"caption":"ASPION L-Track press image LogiMAT 2024"},{"@type":"BreadcrumbList","@id":"https:\/\/www.aspion.de\/en\/new-aspion-transport-data-logger-with-live-tracking-and-long-runtimes\/#breadcrumb","itemListElement":[{"@type":"ListItem","position":1,"name":"Startseite","item":"https:\/\/www.aspion.de\/en\/"},{"@type":"ListItem","position":2,"name":"Press release: New ASPION transport data logger with live tracking and long runtimes"}]},{"@type":"WebSite","@id":"https:\/\/www.aspion.de\/en\/#website","url":"https:\/\/www.aspion.de\/en\/","name":"ASPION GmbH \u2013 Profi-Datenlogger f\u00fcr Schock und Sto\u00df - f\u00fcr die Industrie","description":"Datenlogger f\u00fcr Transport\u00fcberwachung von Schock, Temperatur, Feuchte - einfach, kosteng\u00fcnstig, nachhaltig, made in Germany.","publisher":{"@id":"https:\/\/www.aspion.de\/en\/#organization"},"potentialAction":[{"@type":"SearchAction","target":{"@type":"EntryPoint","urlTemplate":"https:\/\/www.aspion.de\/en\/?s={search_term_string}"},"query-input":{"@type":"PropertyValueSpecification","valueRequired":true,"valueName":"search_term_string"}}],"inLanguage":"en-US"},{"@type":["Organization","Place"],"@id":"https:\/\/www.aspion.de\/en\/#organization","name":"ASPION GmbH","url":"https:\/\/www.aspion.de\/en\/","logo":{"@id":"https:\/\/www.aspion.de\/en\/new-aspion-transport-data-logger-with-live-tracking-and-long-runtimes\/#local-main-organization-logo"},"image":{"@id":"https:\/\/www.aspion.de\/en\/new-aspion-transport-data-logger-with-live-tracking-and-long-runtimes\/#local-main-organization-logo"},"sameAs":["https:\/\/www.linkedin.com\/company\/aspion-gmbh","https:\/\/www.youtube.com\/channel\/UCyPrXy8bNbXMKcp_MQEor3w"],"address":{"@id":"https:\/\/www.aspion.de\/en\/new-aspion-transport-data-logger-with-live-tracking-and-long-runtimes\/#local-main-place-address"},"telephone":["+49 721 85149-122"],"openingHoursSpecification":[{"@type":"OpeningHoursSpecification","dayOfWeek":["Monday","Tuesday","Wednesday","Thursday","Friday","Saturday","Sunday"],"opens":"09:00","closes":"17:00"}],"email":"info@aspion.de","faxNumber":"+49 721 85149-090"},{"@type":"PostalAddress","@id":"https:\/\/www.aspion.de\/en\/new-aspion-transport-data-logger-with-live-tracking-and-long-runtimes\/#local-main-place-address","streetAddress":"Ohiostra\u00dfe 11","addressLocality":"Karlsruhe","postalCode":"76149","addressRegion":"Baden-W\u00fcrttemberg","addressCountry":"DE"},{"@type":"ImageObject","inLanguage":"en-US","@id":"https:\/\/www.aspion.de\/en\/new-aspion-transport-data-logger-with-live-tracking-and-long-runtimes\/#local-main-organization-logo","url":"https:\/\/www.aspion.de\/wp-content\/uploads\/2014\/05\/Aspion_GmbH_Active_SensorsPositioning_Logo_1.png","contentUrl":"https:\/\/www.aspion.de\/wp-content\/uploads\/2014\/05\/Aspion_GmbH_Active_SensorsPositioning_Logo_1.png","width":280,"height":71,"caption":"ASPION GmbH"}]},"geo.placename":"Karlsruhe","geo.region":"Germany"},"_links":{"self":[{"href":"https:\/\/www.aspion.de\/en\/wp-json\/wp\/v2\/pages\/20904","targetHints":{"allow":["GET"]}}],"collection":[{"href":"https:\/\/www.aspion.de\/en\/wp-json\/wp\/v2\/pages"}],"about":[{"href":"https:\/\/www.aspion.de\/en\/wp-json\/wp\/v2\/types\/page"}],"author":[{"embeddable":true,"href":"https:\/\/www.aspion.de\/en\/wp-json\/wp\/v2\/users\/496"}],"replies":[{"embeddable":true,"href":"https:\/\/www.aspion.de\/en\/wp-json\/wp\/v2\/comments?post=20904"}],"version-history":[{"count":5,"href":"https:\/\/www.aspion.de\/en\/wp-json\/wp\/v2\/pages\/20904\/revisions"}],"predecessor-version":[{"id":20912,"href":"https:\/\/www.aspion.de\/en\/wp-json\/wp\/v2\/pages\/20904\/revisions\/20912"}],"wp:featuredmedia":[{"embeddable":true,"href":"https:\/\/www.aspion.de\/en\/wp-json\/wp\/v2\/media\/20855"}],"wp:attachment":[{"href":"https:\/\/www.aspion.de\/en\/wp-json\/wp\/v2\/media?parent=20904"}],"curies":[{"name":"wp","href":"https:\/\/api.w.org\/{rel}","templated":true}]}}