{"id":21003,"date":"2024-03-12T10:00:53","date_gmt":"2024-03-12T09:00:53","guid":{"rendered":"https:\/\/www.aspion.de\/quality-assurance-for-cutting-edge-adaptive-optics-with-shock-and-climate-data-logger-aspion-g-log-2\/"},"modified":"2024-03-12T10:00:53","modified_gmt":"2024-03-12T09:00:53","slug":"quality-assurance-for-cutting-edge-adaptive-optics-with-shock-and-climate-data-logger-aspion-g-log-2","status":"publish","type":"page","link":"https:\/\/www.aspion.de\/en\/quality-assurance-for-cutting-edge-adaptive-optics-with-shock-and-climate-data-logger-aspion-g-log-2\/","title":{"rendered":"Quality assurance for cutting-edge adaptive optics with shock and climate data logger ASPION G-Log 2"},"content":{"rendered":"","protected":false},"excerpt":{"rendered":"","protected":false},"author":496,"featured_media":0,"parent":0,"menu_order":0,"comment_status":"closed","ping_status":"closed","template":"","meta":{"_acf_changed":false,"footnotes":""},"class_list":["post-21003","page","type-page","status-publish","hentry"],"acf":[],"yoast_head":"<!-- This site is optimized with the Yoast SEO Premium plugin v27.5 (Yoast SEO v27.5) - https:\/\/yoast.com\/product\/yoast-seo-premium-wordpress\/ -->\n<title>Quality assurance for cutting-edge adaptive optics with shock and climate data logger ASPION G-Log 2<\/title>\n<meta name=\"robots\" content=\"index, follow, max-snippet:-1, max-image-preview:large, max-video-preview:-1\" \/>\n<link rel=\"canonical\" href=\"https:\/\/www.aspion.de\/en\/quality-assurance-for-cutting-edge-adaptive-optics-with-shock-and-climate-data-logger-aspion-g-log-2\/\" \/>\n<meta property=\"og:locale\" content=\"en_US\" \/>\n<meta property=\"og:type\" content=\"article\" \/>\n<meta property=\"og:title\" content=\"Quality assurance for cutting-edge adaptive optics with shock and climate data logger ASPION G-Log 2\" \/>\n<meta property=\"og:url\" content=\"https:\/\/www.aspion.de\/en\/quality-assurance-for-cutting-edge-adaptive-optics-with-shock-and-climate-data-logger-aspion-g-log-2\/\" \/>\n<meta property=\"og:site_name\" content=\"ASPION GmbH \u2013 Profi-Datenlogger f\u00fcr Schock und Sto\u00df - f\u00fcr die Industrie\" \/>\n<meta name=\"twitter:card\" content=\"summary_large_image\" \/>\n<script type=\"application\/ld+json\" class=\"yoast-schema-graph\">{\"@context\":\"https:\\\/\\\/schema.org\",\"@graph\":[{\"@type\":\"WebPage\",\"@id\":\"https:\\\/\\\/www.aspion.de\\\/en\\\/quality-assurance-for-cutting-edge-adaptive-optics-with-shock-and-climate-data-logger-aspion-g-log-2\\\/\",\"url\":\"https:\\\/\\\/www.aspion.de\\\/en\\\/quality-assurance-for-cutting-edge-adaptive-optics-with-shock-and-climate-data-logger-aspion-g-log-2\\\/\",\"name\":\"Quality assurance for cutting-edge adaptive optics with shock and climate data logger ASPION G-Log 2\",\"isPartOf\":{\"@id\":\"https:\\\/\\\/www.aspion.de\\\/en\\\/#website\"},\"datePublished\":\"2024-03-12T09:00:53+00:00\",\"breadcrumb\":{\"@id\":\"https:\\\/\\\/www.aspion.de\\\/en\\\/quality-assurance-for-cutting-edge-adaptive-optics-with-shock-and-climate-data-logger-aspion-g-log-2\\\/#breadcrumb\"},\"inLanguage\":\"en-US\",\"potentialAction\":[{\"@type\":\"ReadAction\",\"target\":[\"https:\\\/\\\/www.aspion.de\\\/en\\\/quality-assurance-for-cutting-edge-adaptive-optics-with-shock-and-climate-data-logger-aspion-g-log-2\\\/\"]}]},{\"@type\":\"BreadcrumbList\",\"@id\":\"https:\\\/\\\/www.aspion.de\\\/en\\\/quality-assurance-for-cutting-edge-adaptive-optics-with-shock-and-climate-data-logger-aspion-g-log-2\\\/#breadcrumb\",\"itemListElement\":[{\"@type\":\"ListItem\",\"position\":1,\"name\":\"Startseite\",\"item\":\"https:\\\/\\\/www.aspion.de\\\/en\\\/\"},{\"@type\":\"ListItem\",\"position\":2,\"name\":\"Quality assurance for cutting-edge adaptive optics with shock and climate data logger ASPION G-Log 2\"}]},{\"@type\":\"WebSite\",\"@id\":\"https:\\\/\\\/www.aspion.de\\\/en\\\/#website\",\"url\":\"https:\\\/\\\/www.aspion.de\\\/en\\\/\",\"name\":\"ASPION GmbH \u2013 Profi-Datenlogger f\u00fcr Schock und Sto\u00df - f\u00fcr die Industrie\",\"description\":\"Datenlogger f\u00fcr Transport\u00fcberwachung von Schock, Temperatur, Feuchte - einfach, kosteng\u00fcnstig, nachhaltig, made in Germany.\",\"publisher\":{\"@id\":\"https:\\\/\\\/www.aspion.de\\\/en\\\/#organization\"},\"potentialAction\":[{\"@type\":\"SearchAction\",\"target\":{\"@type\":\"EntryPoint\",\"urlTemplate\":\"https:\\\/\\\/www.aspion.de\\\/en\\\/?s={search_term_string}\"},\"query-input\":{\"@type\":\"PropertyValueSpecification\",\"valueRequired\":true,\"valueName\":\"search_term_string\"}}],\"inLanguage\":\"en-US\"},{\"@type\":[\"Organization\",\"Place\"],\"@id\":\"https:\\\/\\\/www.aspion.de\\\/en\\\/#organization\",\"name\":\"ASPION GmbH\",\"url\":\"https:\\\/\\\/www.aspion.de\\\/en\\\/\",\"logo\":{\"@id\":\"https:\\\/\\\/www.aspion.de\\\/en\\\/quality-assurance-for-cutting-edge-adaptive-optics-with-shock-and-climate-data-logger-aspion-g-log-2\\\/#local-main-organization-logo\"},\"image\":{\"@id\":\"https:\\\/\\\/www.aspion.de\\\/en\\\/quality-assurance-for-cutting-edge-adaptive-optics-with-shock-and-climate-data-logger-aspion-g-log-2\\\/#local-main-organization-logo\"},\"sameAs\":[\"https:\\\/\\\/www.linkedin.com\\\/company\\\/aspion-gmbh\",\"https:\\\/\\\/www.youtube.com\\\/channel\\\/UCyPrXy8bNbXMKcp_MQEor3w\"],\"address\":{\"@id\":\"https:\\\/\\\/www.aspion.de\\\/en\\\/quality-assurance-for-cutting-edge-adaptive-optics-with-shock-and-climate-data-logger-aspion-g-log-2\\\/#local-main-place-address\"},\"telephone\":[\"+49 721 85149-122\"],\"openingHoursSpecification\":[{\"@type\":\"OpeningHoursSpecification\",\"dayOfWeek\":[\"Monday\",\"Tuesday\",\"Wednesday\",\"Thursday\",\"Friday\",\"Saturday\",\"Sunday\"],\"opens\":\"09:00\",\"closes\":\"17:00\"}],\"email\":\"info@aspion.de\",\"faxNumber\":\"+49 721 85149-090\"},{\"@type\":\"PostalAddress\",\"@id\":\"https:\\\/\\\/www.aspion.de\\\/en\\\/quality-assurance-for-cutting-edge-adaptive-optics-with-shock-and-climate-data-logger-aspion-g-log-2\\\/#local-main-place-address\",\"streetAddress\":\"Ohiostra\u00dfe 11\",\"addressLocality\":\"Karlsruhe\",\"postalCode\":\"76149\",\"addressRegion\":\"Baden-W\u00fcrttemberg\",\"addressCountry\":\"DE\"},{\"@type\":\"ImageObject\",\"inLanguage\":\"en-US\",\"@id\":\"https:\\\/\\\/www.aspion.de\\\/en\\\/quality-assurance-for-cutting-edge-adaptive-optics-with-shock-and-climate-data-logger-aspion-g-log-2\\\/#local-main-organization-logo\",\"url\":\"https:\\\/\\\/www.aspion.de\\\/wp-content\\\/uploads\\\/2014\\\/05\\\/Aspion_GmbH_Active_SensorsPositioning_Logo_1.png\",\"contentUrl\":\"https:\\\/\\\/www.aspion.de\\\/wp-content\\\/uploads\\\/2014\\\/05\\\/Aspion_GmbH_Active_SensorsPositioning_Logo_1.png\",\"width\":280,\"height\":71,\"caption\":\"ASPION GmbH\"}]}<\/script>\n<meta name=\"geo.placename\" content=\"Karlsruhe\" \/>\n<meta name=\"geo.region\" content=\"Germany\" \/>\n<!-- \/ Yoast SEO Premium plugin. -->","yoast_head_json":{"title":"Quality assurance for cutting-edge adaptive optics with shock and climate data logger ASPION G-Log 2","robots":{"index":"index","follow":"follow","max-snippet":"max-snippet:-1","max-image-preview":"max-image-preview:large","max-video-preview":"max-video-preview:-1"},"canonical":"https:\/\/www.aspion.de\/en\/quality-assurance-for-cutting-edge-adaptive-optics-with-shock-and-climate-data-logger-aspion-g-log-2\/","og_locale":"en_US","og_type":"article","og_title":"Quality assurance for cutting-edge adaptive optics with shock and climate data logger ASPION G-Log 2","og_url":"https:\/\/www.aspion.de\/en\/quality-assurance-for-cutting-edge-adaptive-optics-with-shock-and-climate-data-logger-aspion-g-log-2\/","og_site_name":"ASPION GmbH \u2013 Profi-Datenlogger f\u00fcr Schock und Sto\u00df - f\u00fcr die Industrie","twitter_card":"summary_large_image","schema":{"@context":"https:\/\/schema.org","@graph":[{"@type":"WebPage","@id":"https:\/\/www.aspion.de\/en\/quality-assurance-for-cutting-edge-adaptive-optics-with-shock-and-climate-data-logger-aspion-g-log-2\/","url":"https:\/\/www.aspion.de\/en\/quality-assurance-for-cutting-edge-adaptive-optics-with-shock-and-climate-data-logger-aspion-g-log-2\/","name":"Quality assurance for cutting-edge adaptive optics with shock and climate data logger ASPION G-Log 2","isPartOf":{"@id":"https:\/\/www.aspion.de\/en\/#website"},"datePublished":"2024-03-12T09:00:53+00:00","breadcrumb":{"@id":"https:\/\/www.aspion.de\/en\/quality-assurance-for-cutting-edge-adaptive-optics-with-shock-and-climate-data-logger-aspion-g-log-2\/#breadcrumb"},"inLanguage":"en-US","potentialAction":[{"@type":"ReadAction","target":["https:\/\/www.aspion.de\/en\/quality-assurance-for-cutting-edge-adaptive-optics-with-shock-and-climate-data-logger-aspion-g-log-2\/"]}]},{"@type":"BreadcrumbList","@id":"https:\/\/www.aspion.de\/en\/quality-assurance-for-cutting-edge-adaptive-optics-with-shock-and-climate-data-logger-aspion-g-log-2\/#breadcrumb","itemListElement":[{"@type":"ListItem","position":1,"name":"Startseite","item":"https:\/\/www.aspion.de\/en\/"},{"@type":"ListItem","position":2,"name":"Quality assurance for cutting-edge adaptive optics with shock and climate data logger ASPION G-Log 2"}]},{"@type":"WebSite","@id":"https:\/\/www.aspion.de\/en\/#website","url":"https:\/\/www.aspion.de\/en\/","name":"ASPION GmbH \u2013 Profi-Datenlogger f\u00fcr Schock und Sto\u00df - f\u00fcr die Industrie","description":"Datenlogger f\u00fcr Transport\u00fcberwachung von Schock, Temperatur, Feuchte - einfach, kosteng\u00fcnstig, nachhaltig, made in Germany.","publisher":{"@id":"https:\/\/www.aspion.de\/en\/#organization"},"potentialAction":[{"@type":"SearchAction","target":{"@type":"EntryPoint","urlTemplate":"https:\/\/www.aspion.de\/en\/?s={search_term_string}"},"query-input":{"@type":"PropertyValueSpecification","valueRequired":true,"valueName":"search_term_string"}}],"inLanguage":"en-US"},{"@type":["Organization","Place"],"@id":"https:\/\/www.aspion.de\/en\/#organization","name":"ASPION GmbH","url":"https:\/\/www.aspion.de\/en\/","logo":{"@id":"https:\/\/www.aspion.de\/en\/quality-assurance-for-cutting-edge-adaptive-optics-with-shock-and-climate-data-logger-aspion-g-log-2\/#local-main-organization-logo"},"image":{"@id":"https:\/\/www.aspion.de\/en\/quality-assurance-for-cutting-edge-adaptive-optics-with-shock-and-climate-data-logger-aspion-g-log-2\/#local-main-organization-logo"},"sameAs":["https:\/\/www.linkedin.com\/company\/aspion-gmbh","https:\/\/www.youtube.com\/channel\/UCyPrXy8bNbXMKcp_MQEor3w"],"address":{"@id":"https:\/\/www.aspion.de\/en\/quality-assurance-for-cutting-edge-adaptive-optics-with-shock-and-climate-data-logger-aspion-g-log-2\/#local-main-place-address"},"telephone":["+49 721 85149-122"],"openingHoursSpecification":[{"@type":"OpeningHoursSpecification","dayOfWeek":["Monday","Tuesday","Wednesday","Thursday","Friday","Saturday","Sunday"],"opens":"09:00","closes":"17:00"}],"email":"info@aspion.de","faxNumber":"+49 721 85149-090"},{"@type":"PostalAddress","@id":"https:\/\/www.aspion.de\/en\/quality-assurance-for-cutting-edge-adaptive-optics-with-shock-and-climate-data-logger-aspion-g-log-2\/#local-main-place-address","streetAddress":"Ohiostra\u00dfe 11","addressLocality":"Karlsruhe","postalCode":"76149","addressRegion":"Baden-W\u00fcrttemberg","addressCountry":"DE"},{"@type":"ImageObject","inLanguage":"en-US","@id":"https:\/\/www.aspion.de\/en\/quality-assurance-for-cutting-edge-adaptive-optics-with-shock-and-climate-data-logger-aspion-g-log-2\/#local-main-organization-logo","url":"https:\/\/www.aspion.de\/wp-content\/uploads\/2014\/05\/Aspion_GmbH_Active_SensorsPositioning_Logo_1.png","contentUrl":"https:\/\/www.aspion.de\/wp-content\/uploads\/2014\/05\/Aspion_GmbH_Active_SensorsPositioning_Logo_1.png","width":280,"height":71,"caption":"ASPION GmbH"}]},"geo.placename":"Karlsruhe","geo.region":"Germany"},"_links":{"self":[{"href":"https:\/\/www.aspion.de\/en\/wp-json\/wp\/v2\/pages\/21003","targetHints":{"allow":["GET"]}}],"collection":[{"href":"https:\/\/www.aspion.de\/en\/wp-json\/wp\/v2\/pages"}],"about":[{"href":"https:\/\/www.aspion.de\/en\/wp-json\/wp\/v2\/types\/page"}],"author":[{"embeddable":true,"href":"https:\/\/www.aspion.de\/en\/wp-json\/wp\/v2\/users\/496"}],"replies":[{"embeddable":true,"href":"https:\/\/www.aspion.de\/en\/wp-json\/wp\/v2\/comments?post=21003"}],"version-history":[{"count":0,"href":"https:\/\/www.aspion.de\/en\/wp-json\/wp\/v2\/pages\/21003\/revisions"}],"wp:attachment":[{"href":"https:\/\/www.aspion.de\/en\/wp-json\/wp\/v2\/media?parent=21003"}],"curies":[{"name":"wp","href":"https:\/\/api.w.org\/{rel}","templated":true}]}}