{"id":21102,"date":"2024-04-03T10:52:23","date_gmt":"2024-04-03T09:52:23","guid":{"rendered":"https:\/\/www.aspion.de\/privacy-policy-overview\/"},"modified":"2024-04-03T10:57:27","modified_gmt":"2024-04-03T09:57:27","slug":"privacy-policy-overview","status":"publish","type":"page","link":"https:\/\/www.aspion.de\/en\/privacy-policy-overview\/","title":{"rendered":"Privacy policy overview"},"content":{"rendered":"\n<h2>\n\t\tPrivacy policy overview\n\t<\/h2>\n\t<p>The following three buttons lead to different privacy policies. The general privacy policy provides a simple overview of what happens to your personal data when you visit this website. In the G-Log App privacy notice, you will find information about data processing in the Android and iPhone app. A declaration on the handling of personal data when using the ASPION L-Track and the ASPION Cloud can be found in the third section under Privacy Notice L-Track &amp; ASPION Cloud.<\/p>\n\t\t\t<a href=\"https:\/\/www.aspion.de\/en\/privacy-notice\/\" target=\"_self\" rel=\"noopener\">\n\t\t\t\t\t\tGeneral privacy policy\n\t\t\t\t\t<\/a>\n\t\t\t<a href=\"https:\/\/www.aspion.de\/datenschutzerklaerung-app\/#englisch\" target=\"_self\" rel=\"noopener\">\n\t\t\t\t\t\tASPION G-Log App\n\t\t\t\t\t<\/a>\n\t\t\t<a href=\"https:\/\/www.aspion.de\/datenschutzerklaerung-aspion-cloud\/#englisch\" target=\"_self\" rel=\"noopener\">\n\t\t\t\t\t\tASPION L-Track &#038; ASPION Cloud\n\t\t\t\t\t<\/a>\n\n","protected":false},"excerpt":{"rendered":"<p>Privacy policy overview The following three buttons lead to different privacy policies. The general privacy policy provides a simple overview of what happens to your personal data when you visit this website. In the G-Log App privacy notice, you will find information about data processing in the Android and iPhone app. A declaration on the&hellip;<\/p>\n","protected":false},"author":1017,"featured_media":0,"parent":0,"menu_order":0,"comment_status":"closed","ping_status":"closed","template":"","meta":{"_acf_changed":false,"footnotes":""},"class_list":["post-21102","page","type-page","status-publish","hentry"],"acf":[],"yoast_head":"<!-- This site is optimized with the Yoast SEO Premium plugin v27.4 (Yoast SEO v27.4) - https:\/\/yoast.com\/product\/yoast-seo-premium-wordpress\/ -->\n<title>Privacy policy overview<\/title>\n<meta name=\"description\" content=\"Privacy notice app\" \/>\n<meta name=\"robots\" content=\"noindex, nofollow\" \/>\n<meta property=\"og:locale\" content=\"en_US\" \/>\n<meta property=\"og:type\" content=\"article\" \/>\n<meta property=\"og:title\" content=\"Privacy policy overview\" \/>\n<meta property=\"og:description\" content=\"Privacy notice app\" \/>\n<meta property=\"og:url\" content=\"https:\/\/www.aspion.de\/en\/privacy-policy-overview\/\" \/>\n<meta property=\"og:site_name\" content=\"ASPION GmbH \u2013 Profi-Datenlogger f\u00fcr Schock und Sto\u00df - f\u00fcr die Industrie\" \/>\n<meta property=\"article:modified_time\" content=\"2024-04-03T09:57:27+00:00\" \/>\n<meta name=\"twitter:card\" content=\"summary_large_image\" \/>\n<script type=\"application\/ld+json\" class=\"yoast-schema-graph\">{\"@context\":\"https:\\\/\\\/schema.org\",\"@graph\":[{\"@type\":\"WebPage\",\"@id\":\"https:\\\/\\\/www.aspion.de\\\/en\\\/privacy-policy-overview\\\/\",\"url\":\"https:\\\/\\\/www.aspion.de\\\/en\\\/privacy-policy-overview\\\/\",\"name\":\"Privacy policy overview\",\"isPartOf\":{\"@id\":\"https:\\\/\\\/www.aspion.de\\\/en\\\/#website\"},\"datePublished\":\"2024-04-03T09:52:23+00:00\",\"dateModified\":\"2024-04-03T09:57:27+00:00\",\"description\":\"Privacy notice app\",\"breadcrumb\":{\"@id\":\"https:\\\/\\\/www.aspion.de\\\/en\\\/privacy-policy-overview\\\/#breadcrumb\"},\"inLanguage\":\"en-US\",\"potentialAction\":[{\"@type\":\"ReadAction\",\"target\":[\"https:\\\/\\\/www.aspion.de\\\/en\\\/privacy-policy-overview\\\/\"]}]},{\"@type\":\"BreadcrumbList\",\"@id\":\"https:\\\/\\\/www.aspion.de\\\/en\\\/privacy-policy-overview\\\/#breadcrumb\",\"itemListElement\":[{\"@type\":\"ListItem\",\"position\":1,\"name\":\"Startseite\",\"item\":\"https:\\\/\\\/www.aspion.de\\\/en\\\/\"},{\"@type\":\"ListItem\",\"position\":2,\"name\":\"Privacy policy overview\"}]},{\"@type\":\"WebSite\",\"@id\":\"https:\\\/\\\/www.aspion.de\\\/en\\\/#website\",\"url\":\"https:\\\/\\\/www.aspion.de\\\/en\\\/\",\"name\":\"ASPION GmbH \u2013 Profi-Datenlogger f\u00fcr Schock und Sto\u00df - f\u00fcr die Industrie\",\"description\":\"Datenlogger f\u00fcr Transport\u00fcberwachung von Schock, Temperatur, Feuchte - einfach, kosteng\u00fcnstig, nachhaltig, made in Germany.\",\"publisher\":{\"@id\":\"https:\\\/\\\/www.aspion.de\\\/en\\\/#organization\"},\"potentialAction\":[{\"@type\":\"SearchAction\",\"target\":{\"@type\":\"EntryPoint\",\"urlTemplate\":\"https:\\\/\\\/www.aspion.de\\\/en\\\/?s={search_term_string}\"},\"query-input\":{\"@type\":\"PropertyValueSpecification\",\"valueRequired\":true,\"valueName\":\"search_term_string\"}}],\"inLanguage\":\"en-US\"},{\"@type\":[\"Organization\",\"Place\"],\"@id\":\"https:\\\/\\\/www.aspion.de\\\/en\\\/#organization\",\"name\":\"ASPION GmbH\",\"url\":\"https:\\\/\\\/www.aspion.de\\\/en\\\/\",\"logo\":{\"@id\":\"https:\\\/\\\/www.aspion.de\\\/en\\\/privacy-policy-overview\\\/#local-main-organization-logo\"},\"image\":{\"@id\":\"https:\\\/\\\/www.aspion.de\\\/en\\\/privacy-policy-overview\\\/#local-main-organization-logo\"},\"sameAs\":[\"https:\\\/\\\/www.linkedin.com\\\/company\\\/aspion-gmbh\",\"https:\\\/\\\/www.youtube.com\\\/channel\\\/UCyPrXy8bNbXMKcp_MQEor3w\"],\"address\":{\"@id\":\"https:\\\/\\\/www.aspion.de\\\/en\\\/privacy-policy-overview\\\/#local-main-place-address\"},\"telephone\":[\"+49 721 85149-122\"],\"openingHoursSpecification\":[{\"@type\":\"OpeningHoursSpecification\",\"dayOfWeek\":[\"Monday\",\"Tuesday\",\"Wednesday\",\"Thursday\",\"Friday\",\"Saturday\",\"Sunday\"],\"opens\":\"09:00\",\"closes\":\"17:00\"}],\"email\":\"info@aspion.de\",\"faxNumber\":\"+49 721 85149-090\"},{\"@type\":\"PostalAddress\",\"@id\":\"https:\\\/\\\/www.aspion.de\\\/en\\\/privacy-policy-overview\\\/#local-main-place-address\",\"streetAddress\":\"Ohiostra\u00dfe 11\",\"addressLocality\":\"Karlsruhe\",\"postalCode\":\"76149\",\"addressRegion\":\"Baden-W\u00fcrttemberg\",\"addressCountry\":\"DE\"},{\"@type\":\"ImageObject\",\"inLanguage\":\"en-US\",\"@id\":\"https:\\\/\\\/www.aspion.de\\\/en\\\/privacy-policy-overview\\\/#local-main-organization-logo\",\"url\":\"https:\\\/\\\/www.aspion.de\\\/wp-content\\\/uploads\\\/2014\\\/05\\\/Aspion_GmbH_Active_SensorsPositioning_Logo_1.png\",\"contentUrl\":\"https:\\\/\\\/www.aspion.de\\\/wp-content\\\/uploads\\\/2014\\\/05\\\/Aspion_GmbH_Active_SensorsPositioning_Logo_1.png\",\"width\":280,\"height\":71,\"caption\":\"ASPION GmbH\"}]}<\/script>\n<meta name=\"geo.placename\" content=\"Karlsruhe\" \/>\n<meta name=\"geo.region\" content=\"Germany\" \/>\n<!-- \/ Yoast SEO Premium plugin. -->","yoast_head_json":{"title":"Privacy policy overview","description":"Privacy notice app","robots":{"index":"noindex","follow":"nofollow"},"og_locale":"en_US","og_type":"article","og_title":"Privacy policy overview","og_description":"Privacy notice app","og_url":"https:\/\/www.aspion.de\/en\/privacy-policy-overview\/","og_site_name":"ASPION GmbH \u2013 Profi-Datenlogger f\u00fcr Schock und Sto\u00df - f\u00fcr die Industrie","article_modified_time":"2024-04-03T09:57:27+00:00","twitter_card":"summary_large_image","schema":{"@context":"https:\/\/schema.org","@graph":[{"@type":"WebPage","@id":"https:\/\/www.aspion.de\/en\/privacy-policy-overview\/","url":"https:\/\/www.aspion.de\/en\/privacy-policy-overview\/","name":"Privacy policy overview","isPartOf":{"@id":"https:\/\/www.aspion.de\/en\/#website"},"datePublished":"2024-04-03T09:52:23+00:00","dateModified":"2024-04-03T09:57:27+00:00","description":"Privacy notice app","breadcrumb":{"@id":"https:\/\/www.aspion.de\/en\/privacy-policy-overview\/#breadcrumb"},"inLanguage":"en-US","potentialAction":[{"@type":"ReadAction","target":["https:\/\/www.aspion.de\/en\/privacy-policy-overview\/"]}]},{"@type":"BreadcrumbList","@id":"https:\/\/www.aspion.de\/en\/privacy-policy-overview\/#breadcrumb","itemListElement":[{"@type":"ListItem","position":1,"name":"Startseite","item":"https:\/\/www.aspion.de\/en\/"},{"@type":"ListItem","position":2,"name":"Privacy policy overview"}]},{"@type":"WebSite","@id":"https:\/\/www.aspion.de\/en\/#website","url":"https:\/\/www.aspion.de\/en\/","name":"ASPION GmbH \u2013 Profi-Datenlogger f\u00fcr Schock und Sto\u00df - f\u00fcr die Industrie","description":"Datenlogger f\u00fcr Transport\u00fcberwachung von Schock, Temperatur, Feuchte - einfach, kosteng\u00fcnstig, nachhaltig, made in Germany.","publisher":{"@id":"https:\/\/www.aspion.de\/en\/#organization"},"potentialAction":[{"@type":"SearchAction","target":{"@type":"EntryPoint","urlTemplate":"https:\/\/www.aspion.de\/en\/?s={search_term_string}"},"query-input":{"@type":"PropertyValueSpecification","valueRequired":true,"valueName":"search_term_string"}}],"inLanguage":"en-US"},{"@type":["Organization","Place"],"@id":"https:\/\/www.aspion.de\/en\/#organization","name":"ASPION GmbH","url":"https:\/\/www.aspion.de\/en\/","logo":{"@id":"https:\/\/www.aspion.de\/en\/privacy-policy-overview\/#local-main-organization-logo"},"image":{"@id":"https:\/\/www.aspion.de\/en\/privacy-policy-overview\/#local-main-organization-logo"},"sameAs":["https:\/\/www.linkedin.com\/company\/aspion-gmbh","https:\/\/www.youtube.com\/channel\/UCyPrXy8bNbXMKcp_MQEor3w"],"address":{"@id":"https:\/\/www.aspion.de\/en\/privacy-policy-overview\/#local-main-place-address"},"telephone":["+49 721 85149-122"],"openingHoursSpecification":[{"@type":"OpeningHoursSpecification","dayOfWeek":["Monday","Tuesday","Wednesday","Thursday","Friday","Saturday","Sunday"],"opens":"09:00","closes":"17:00"}],"email":"info@aspion.de","faxNumber":"+49 721 85149-090"},{"@type":"PostalAddress","@id":"https:\/\/www.aspion.de\/en\/privacy-policy-overview\/#local-main-place-address","streetAddress":"Ohiostra\u00dfe 11","addressLocality":"Karlsruhe","postalCode":"76149","addressRegion":"Baden-W\u00fcrttemberg","addressCountry":"DE"},{"@type":"ImageObject","inLanguage":"en-US","@id":"https:\/\/www.aspion.de\/en\/privacy-policy-overview\/#local-main-organization-logo","url":"https:\/\/www.aspion.de\/wp-content\/uploads\/2014\/05\/Aspion_GmbH_Active_SensorsPositioning_Logo_1.png","contentUrl":"https:\/\/www.aspion.de\/wp-content\/uploads\/2014\/05\/Aspion_GmbH_Active_SensorsPositioning_Logo_1.png","width":280,"height":71,"caption":"ASPION GmbH"}]},"geo.placename":"Karlsruhe","geo.region":"Germany"},"_links":{"self":[{"href":"https:\/\/www.aspion.de\/en\/wp-json\/wp\/v2\/pages\/21102","targetHints":{"allow":["GET"]}}],"collection":[{"href":"https:\/\/www.aspion.de\/en\/wp-json\/wp\/v2\/pages"}],"about":[{"href":"https:\/\/www.aspion.de\/en\/wp-json\/wp\/v2\/types\/page"}],"author":[{"embeddable":true,"href":"https:\/\/www.aspion.de\/en\/wp-json\/wp\/v2\/users\/1017"}],"replies":[{"embeddable":true,"href":"https:\/\/www.aspion.de\/en\/wp-json\/wp\/v2\/comments?post=21102"}],"version-history":[{"count":2,"href":"https:\/\/www.aspion.de\/en\/wp-json\/wp\/v2\/pages\/21102\/revisions"}],"predecessor-version":[{"id":21104,"href":"https:\/\/www.aspion.de\/en\/wp-json\/wp\/v2\/pages\/21102\/revisions\/21104"}],"wp:attachment":[{"href":"https:\/\/www.aspion.de\/en\/wp-json\/wp\/v2\/media?parent=21102"}],"curies":[{"name":"wp","href":"https:\/\/api.w.org\/{rel}","templated":true}]}}