{"id":22165,"date":"2024-08-29T09:59:19","date_gmt":"2024-08-29T08:59:19","guid":{"rendered":"https:\/\/www.aspion.de\/?page_id=22165"},"modified":"2024-09-02T16:56:11","modified_gmt":"2024-09-02T15:56:11","slug":"fall-promotion-aspion-g-log-2-waterproof","status":"publish","type":"page","link":"https:\/\/www.aspion.de\/en\/fall-promotion-aspion-g-log-2-waterproof\/","title":{"rendered":"Fall promotion ASPION G-Log 2 Waterproof"},"content":{"rendered":"\n<h1>\n\t\tFall promotion &#8211; celebrate 12 months of ASPION G-Log 2 Waterproof with us!\n\t<\/h1>\n\t<p>The <a href=\"https:\/\/www.aspion.de\/en\/weatherproof-transport-data-logger-aspion-g-log-2-waterproof\/\" target=\"_blank\" rel=\"noopener\"><strong>ASPION G-Log 2 Waterproof<\/strong><\/a> has been the newest member of the G-Log product family for a year now. The <strong>waterproof version of the multi-award-winning ASPION G-Log 2<\/strong> shock and climate data logger is ideally suited for the transportation of unpackaged goods and use in harsh working environments thanks to its robust design with <strong>protection class IP 65\/67<\/strong>. Thanks to replaceable batteries, the sustainable transport data logger can be <strong>used multiple times and saves resources<\/strong>.<\/p>\n<p>Do you also want to play it safe when transporting your goods? And reliably detect <strong>damage in transit caused by impact or corrosion<\/strong>? Celebrate <strong>12 months of ASPION G-Log 2 Waterproof<\/strong> with us and start now with smart transport monitoring for shock and climate at a particularly low price: You will receive a <strong>12% discount<\/strong> on your orders <strong>until October 31, 2024:*<\/strong><\/p>\n\t<h3>Starter packages for getting started<\/h3>\n<p><strong>12 % discount on starter packages and starter packages Professional ASPION G-Log 2 Waterproof<\/strong><\/p>\n\t\t\t\t<a href=\"https:\/\/www.aspion.de\/en\/weatherproof-transport-data-logger-aspion-g-log-2-waterproof\/#starter\" target=\"_blank\" rel=\"noopener\" itemprop=\"url\">\n\t\t\t\t<img decoding=\"async\" src=\"https:\/\/www.aspion.de\/wp-content\/uploads\/2020\/05\/transport_datenlogger_aspion_kaufen-2.jpg\" alt=\"ASPION transport data logger - order starter package now\" itemprop=\"image\" height=\"860\" width=\"600\" title=\"ASPION transport data logger - order now\" onerror=\"this.style.display='none'\"  \/>\n\t\t\t\t<\/a>\n\t\t\t<a href=\"https:\/\/www.aspion.de\/en\/order-aspion-g-log-2-waterproof-starter-package\/\" target=\"_blank\" rel=\"noopener\">\n\t\t\t\t\t\tOrder a starter package\n\t\t\t\t\t<\/a>\n\t<h3>Expansions with sets<\/h3>\n<p><strong>12 % discount on all sets with 25 \/ 50 \/ 100 ASPION G-Log 2 Waterproof data loggers and single units<\/strong><\/p>\n\t\t\t\t<a href=\"https:\/\/www.aspion.de\/en\/weatherproof-transport-data-logger-aspion-g-log-2-waterproof\/\" target=\"_blank\" rel=\"noopener\" itemprop=\"url\">\n\t\t\t\t<img decoding=\"async\" src=\"https:\/\/www.aspion.de\/wp-content\/uploads\/2023\/07\/ASPION_G-Log_2_waterproof_RGB-300x28.png\" alt=\"wetterfester Transport Datenlogger ASPION G-Log 2 Waterproof\" itemprop=\"image\" height=\"28\" width=\"300\" title=\"ASPION_G-Log_2_waterproof_RGB\" onerror=\"this.style.display='none'\"  \/>\n\t\t\t\t<\/a>\n\t\t\t\t<a href=\"https:\/\/www.aspion.de\/en\/weatherproof-transport-data-logger-aspion-g-log-2-waterproof\/\" target=\"_blank\" rel=\"noopener\" itemprop=\"url\">\n\t\t\t\t<img decoding=\"async\" src=\"https:\/\/www.aspion.de\/wp-content\/uploads\/2023\/08\/2023-07-14-Produktdarstellung-G-Log-2-Waterproof-x4-freigestellt-1-1024x683.png\" alt=\"2023-07-14 Produktdarstellung G-Log 2 Waterproof x4 freigestellt\" itemprop=\"image\" height=\"683\" width=\"1024\" title=\"2023-07-14 Produktdarstellung G-Log 2 Waterproof x4 freigestellt\" onerror=\"this.style.display='none'\"  \/>\n\t\t\t\t<\/a>\n\t\t\t<a href=\"\" target=\"_blank\" rel=\"noopener\">\n\t\t\t\t\t\tRequest price list\n\t\t\t\t\t<\/a>\n\t<p>Benefit now &#8211; like already <a href=\"https:\/\/www.aspion.de\/en\/customer-testimonials\/\" target=\"_blank\" rel=\"noopener\"><strong>700 other companies<\/strong><\/a> &#8211; from the advantages of the award-winning, digital ASPION transport data loggers &#8220;Made in Germany&#8221;:<\/p>\n<ul>\n<li>Proven 3-axis shock recording with \u00b1 24 g per axis including shock details in milliseconds<\/li>\n<li>Recording of temperature\/humidity data and threshold monitoring accurate to 5 minutes<\/li>\n<li>Provides reliable evidence of damage caused by shock\/impact, corrosion or temperature fluctuations<\/li>\n<li>Option for shock\/vibration testing in accordance with European transport standard IEC 60721-3-2<\/li>\n<li>Secure and easy-to-generate report for quick submission to service providers and insurance companies<\/li>\n<li>Saves costs, time and avoids discussions<\/li>\n<\/ul>\n<p>The number of data loggers required can be selected individually according to your needs.<\/p>\n<h3>\n\t\tFall promotion &#8211; your individual offer\n\t<\/h3>\n\t<p>We will be happy to provide you with an individual offer! Contact your <a href=\"https:\/\/www.aspion.de\/en\/aspion-partners\/\" target=\"_blank\" rel=\"noopener\"><strong>ASPION partner<\/strong><\/a>, call us on tel. <strong>+49 721 \/ 85149-122<\/strong> <strong>or write to us at <a href=\"mailto:info@aspion.de?subject=Inquiry about ASPION G-Log 2 Waterproof - fall promotion\" target=\"_blank\" rel=\"noopener\">info@aspion.de<\/a><\/strong>. We are happy to advise you at any time and without obligation.<\/p>\n\t\t\t<a href=\"mailto:info@aspion.de?subject=Fall%20promotion%202024:%20Requesting%20quotation%20for%20ASPION%20G-Log%202%20Waterproof\" target=\"_blank\" rel=\"noopener\">\n\t\t\t\t\t\tRequest a non-binding offer\n\t\t\t\t\t<\/a>\n\t<p>*The promotional offer applies exclusively to starter packages, sets (25\/50\/100) and individual data loggers of type ASPION G-Log 2 Waterproof. The promotion is valid for all orders up to and including 31.10.2024, applicable to the currently valid price list. The current version will be delivered immediately after receipt of the order or on the specified delivery date, but no later than 18.12.2024 and while stocks last. Invoicing after dispatch of the delivery and invoicing. The offer does not apply to ASPION G-Log Premium, USB card readers or other services and cannot be combined with other offers, discounts or promotions. Our <a href=\"https:\/\/www.aspion.de\/en\/aspion-terms-and-conditions\/\" target=\"_blank\" rel=\"noopener\">terms and conditions<\/a> apply exclusively. Subject to change and errors excepted.<\/p>\n\n\n","protected":false},"excerpt":{"rendered":"<p>Fall promotion &#8211; celebrate 12 months of ASPION G-Log 2 Waterproof with us! The ASPION G-Log 2 Waterproof has been the newest member of the G-Log product family for a year now. The waterproof version of the multi-award-winning ASPION G-Log 2 shock and climate data logger is ideally suited for the transportation of unpackaged goods&hellip;<\/p>\n","protected":false},"author":496,"featured_media":0,"parent":0,"menu_order":0,"comment_status":"closed","ping_status":"closed","template":"","meta":{"_acf_changed":false,"footnotes":""},"class_list":["post-22165","page","type-page","status-publish","hentry"],"acf":[],"yoast_head":"<!-- This site is optimized with the Yoast SEO Premium plugin v27.2 (Yoast SEO v27.2) - https:\/\/yoast.com\/product\/yoast-seo-premium-wordpress\/ -->\n<title>Fall promotion ASPION G-Log 2 Waterproof - Secure discounts now<\/title>\n<meta name=\"description\" content=\"Fall promotion: The ASPION G-Log 2 Waterproof is celebrating its birthday - celebrate with us and receive a 12 % promotional discount\" \/>\n<meta name=\"robots\" content=\"index, follow, max-snippet:-1, max-image-preview:large, max-video-preview:-1\" \/>\n<link rel=\"canonical\" href=\"https:\/\/www.aspion.de\/en\/fall-promotion-aspion-g-log-2-waterproof\/\" \/>\n<meta property=\"og:locale\" content=\"en_US\" \/>\n<meta property=\"og:type\" content=\"article\" \/>\n<meta property=\"og:title\" content=\"Fall promotion ASPION G-Log 2 Waterproof\" \/>\n<meta property=\"og:description\" content=\"Fall promotion: The ASPION G-Log 2 Waterproof is celebrating its birthday - celebrate with us and receive a 12 % promotional discount\" \/>\n<meta property=\"og:url\" content=\"https:\/\/www.aspion.de\/en\/fall-promotion-aspion-g-log-2-waterproof\/\" \/>\n<meta property=\"og:site_name\" content=\"ASPION GmbH \u2013 Profi-Datenlogger f\u00fcr Schock und Sto\u00df - f\u00fcr die Industrie\" \/>\n<meta property=\"article:modified_time\" content=\"2024-09-02T15:56:11+00:00\" \/>\n<meta property=\"og:image\" content=\"https:\/\/www.aspion.de\/wp-content\/uploads\/2020\/05\/transport_datenlogger_aspion_kaufen-2.jpg\" \/>\n<meta name=\"twitter:card\" content=\"summary_large_image\" \/>\n<meta name=\"twitter:label1\" content=\"Est. reading time\" \/>\n\t<meta name=\"twitter:data1\" content=\"2 minutes\" \/>\n<script type=\"application\/ld+json\" class=\"yoast-schema-graph\">{\"@context\":\"https:\/\/schema.org\",\"@graph\":[{\"@type\":\"WebPage\",\"@id\":\"https:\/\/www.aspion.de\/en\/fall-promotion-aspion-g-log-2-waterproof\/\",\"url\":\"https:\/\/www.aspion.de\/en\/fall-promotion-aspion-g-log-2-waterproof\/\",\"name\":\"Fall promotion ASPION G-Log 2 Waterproof - Secure discounts now\",\"isPartOf\":{\"@id\":\"https:\/\/www.aspion.de\/en\/#website\"},\"primaryImageOfPage\":{\"@id\":\"https:\/\/www.aspion.de\/en\/fall-promotion-aspion-g-log-2-waterproof\/#primaryimage\"},\"image\":{\"@id\":\"https:\/\/www.aspion.de\/en\/fall-promotion-aspion-g-log-2-waterproof\/#primaryimage\"},\"thumbnailUrl\":\"https:\/\/www.aspion.de\/wp-content\/uploads\/2020\/05\/transport_datenlogger_aspion_kaufen-2.jpg\",\"datePublished\":\"2024-08-29T08:59:19+00:00\",\"dateModified\":\"2024-09-02T15:56:11+00:00\",\"description\":\"Fall promotion: The ASPION G-Log 2 Waterproof is celebrating its birthday - celebrate with us and receive a 12 % promotional discount\",\"breadcrumb\":{\"@id\":\"https:\/\/www.aspion.de\/en\/fall-promotion-aspion-g-log-2-waterproof\/#breadcrumb\"},\"inLanguage\":\"en-US\",\"potentialAction\":[{\"@type\":\"ReadAction\",\"target\":[\"https:\/\/www.aspion.de\/en\/fall-promotion-aspion-g-log-2-waterproof\/\"]}]},{\"@type\":\"ImageObject\",\"inLanguage\":\"en-US\",\"@id\":\"https:\/\/www.aspion.de\/en\/fall-promotion-aspion-g-log-2-waterproof\/#primaryimage\",\"url\":\"https:\/\/www.aspion.de\/wp-content\/uploads\/2020\/05\/transport_datenlogger_aspion_kaufen-2.jpg\",\"contentUrl\":\"https:\/\/www.aspion.de\/wp-content\/uploads\/2020\/05\/transport_datenlogger_aspion_kaufen-2.jpg\"},{\"@type\":\"BreadcrumbList\",\"@id\":\"https:\/\/www.aspion.de\/en\/fall-promotion-aspion-g-log-2-waterproof\/#breadcrumb\",\"itemListElement\":[{\"@type\":\"ListItem\",\"position\":1,\"name\":\"Startseite\",\"item\":\"https:\/\/www.aspion.de\/en\/\"},{\"@type\":\"ListItem\",\"position\":2,\"name\":\"Fall promotion ASPION G-Log 2 Waterproof\"}]},{\"@type\":\"WebSite\",\"@id\":\"https:\/\/www.aspion.de\/en\/#website\",\"url\":\"https:\/\/www.aspion.de\/en\/\",\"name\":\"ASPION GmbH \u2013 Profi-Datenlogger f\u00fcr Schock und Sto\u00df - f\u00fcr die Industrie\",\"description\":\"Datenlogger f\u00fcr Transport\u00fcberwachung von Schock, Temperatur, Feuchte - einfach, kosteng\u00fcnstig, nachhaltig, made in Germany.\",\"publisher\":{\"@id\":\"https:\/\/www.aspion.de\/en\/#organization\"},\"potentialAction\":[{\"@type\":\"SearchAction\",\"target\":{\"@type\":\"EntryPoint\",\"urlTemplate\":\"https:\/\/www.aspion.de\/en\/?s={search_term_string}\"},\"query-input\":{\"@type\":\"PropertyValueSpecification\",\"valueRequired\":true,\"valueName\":\"search_term_string\"}}],\"inLanguage\":\"en-US\"},{\"@type\":[\"Organization\",\"Place\"],\"@id\":\"https:\/\/www.aspion.de\/en\/#organization\",\"name\":\"ASPION GmbH\",\"url\":\"https:\/\/www.aspion.de\/en\/\",\"logo\":{\"@id\":\"https:\/\/www.aspion.de\/en\/fall-promotion-aspion-g-log-2-waterproof\/#local-main-organization-logo\"},\"image\":{\"@id\":\"https:\/\/www.aspion.de\/en\/fall-promotion-aspion-g-log-2-waterproof\/#local-main-organization-logo\"},\"sameAs\":[\"https:\/\/www.linkedin.com\/company\/aspion-gmbh\",\"https:\/\/www.youtube.com\/channel\/UCyPrXy8bNbXMKcp_MQEor3w\"],\"address\":{\"@id\":\"https:\/\/www.aspion.de\/en\/fall-promotion-aspion-g-log-2-waterproof\/#local-main-place-address\"},\"telephone\":[\"+49 721 85149-122\"],\"openingHoursSpecification\":[{\"@type\":\"OpeningHoursSpecification\",\"dayOfWeek\":[\"Monday\",\"Tuesday\",\"Wednesday\",\"Thursday\",\"Friday\",\"Saturday\",\"Sunday\"],\"opens\":\"09:00\",\"closes\":\"17:00\"}],\"email\":\"info@aspion.de\",\"faxNumber\":\"+49 721 85149-090\"},{\"@type\":\"PostalAddress\",\"@id\":\"https:\/\/www.aspion.de\/en\/fall-promotion-aspion-g-log-2-waterproof\/#local-main-place-address\",\"streetAddress\":\"Ohiostra\u00dfe 11\",\"addressLocality\":\"Karlsruhe\",\"postalCode\":\"76149\",\"addressRegion\":\"Baden-W\u00fcrttemberg\",\"addressCountry\":\"DE\"},{\"@type\":\"ImageObject\",\"inLanguage\":\"en-US\",\"@id\":\"https:\/\/www.aspion.de\/en\/fall-promotion-aspion-g-log-2-waterproof\/#local-main-organization-logo\",\"url\":\"https:\/\/www.aspion.de\/wp-content\/uploads\/2014\/05\/Aspion_GmbH_Active_SensorsPositioning_Logo_1.png\",\"contentUrl\":\"https:\/\/www.aspion.de\/wp-content\/uploads\/2014\/05\/Aspion_GmbH_Active_SensorsPositioning_Logo_1.png\",\"width\":280,\"height\":71,\"caption\":\"ASPION GmbH\"}]}<\/script>\n<meta name=\"geo.placename\" content=\"Karlsruhe\" \/>\n<meta name=\"geo.region\" content=\"Germany\" \/>\n<!-- \/ Yoast SEO Premium plugin. -->","yoast_head_json":{"title":"Fall promotion ASPION G-Log 2 Waterproof - Secure discounts now","description":"Fall promotion: The ASPION G-Log 2 Waterproof is celebrating its birthday - celebrate with us and receive a 12 % promotional discount","robots":{"index":"index","follow":"follow","max-snippet":"max-snippet:-1","max-image-preview":"max-image-preview:large","max-video-preview":"max-video-preview:-1"},"canonical":"https:\/\/www.aspion.de\/en\/fall-promotion-aspion-g-log-2-waterproof\/","og_locale":"en_US","og_type":"article","og_title":"Fall promotion ASPION G-Log 2 Waterproof","og_description":"Fall promotion: The ASPION G-Log 2 Waterproof is celebrating its birthday - celebrate with us and receive a 12 % promotional discount","og_url":"https:\/\/www.aspion.de\/en\/fall-promotion-aspion-g-log-2-waterproof\/","og_site_name":"ASPION GmbH \u2013 Profi-Datenlogger f\u00fcr Schock und Sto\u00df - f\u00fcr die Industrie","article_modified_time":"2024-09-02T15:56:11+00:00","og_image":[{"url":"https:\/\/www.aspion.de\/wp-content\/uploads\/2020\/05\/transport_datenlogger_aspion_kaufen-2.jpg","type":"","width":"","height":""}],"twitter_card":"summary_large_image","twitter_misc":{"Est. reading time":"2 minutes"},"schema":{"@context":"https:\/\/schema.org","@graph":[{"@type":"WebPage","@id":"https:\/\/www.aspion.de\/en\/fall-promotion-aspion-g-log-2-waterproof\/","url":"https:\/\/www.aspion.de\/en\/fall-promotion-aspion-g-log-2-waterproof\/","name":"Fall promotion ASPION G-Log 2 Waterproof - Secure discounts now","isPartOf":{"@id":"https:\/\/www.aspion.de\/en\/#website"},"primaryImageOfPage":{"@id":"https:\/\/www.aspion.de\/en\/fall-promotion-aspion-g-log-2-waterproof\/#primaryimage"},"image":{"@id":"https:\/\/www.aspion.de\/en\/fall-promotion-aspion-g-log-2-waterproof\/#primaryimage"},"thumbnailUrl":"https:\/\/www.aspion.de\/wp-content\/uploads\/2020\/05\/transport_datenlogger_aspion_kaufen-2.jpg","datePublished":"2024-08-29T08:59:19+00:00","dateModified":"2024-09-02T15:56:11+00:00","description":"Fall promotion: The ASPION G-Log 2 Waterproof is celebrating its birthday - celebrate with us and receive a 12 % promotional discount","breadcrumb":{"@id":"https:\/\/www.aspion.de\/en\/fall-promotion-aspion-g-log-2-waterproof\/#breadcrumb"},"inLanguage":"en-US","potentialAction":[{"@type":"ReadAction","target":["https:\/\/www.aspion.de\/en\/fall-promotion-aspion-g-log-2-waterproof\/"]}]},{"@type":"ImageObject","inLanguage":"en-US","@id":"https:\/\/www.aspion.de\/en\/fall-promotion-aspion-g-log-2-waterproof\/#primaryimage","url":"https:\/\/www.aspion.de\/wp-content\/uploads\/2020\/05\/transport_datenlogger_aspion_kaufen-2.jpg","contentUrl":"https:\/\/www.aspion.de\/wp-content\/uploads\/2020\/05\/transport_datenlogger_aspion_kaufen-2.jpg"},{"@type":"BreadcrumbList","@id":"https:\/\/www.aspion.de\/en\/fall-promotion-aspion-g-log-2-waterproof\/#breadcrumb","itemListElement":[{"@type":"ListItem","position":1,"name":"Startseite","item":"https:\/\/www.aspion.de\/en\/"},{"@type":"ListItem","position":2,"name":"Fall promotion ASPION G-Log 2 Waterproof"}]},{"@type":"WebSite","@id":"https:\/\/www.aspion.de\/en\/#website","url":"https:\/\/www.aspion.de\/en\/","name":"ASPION GmbH \u2013 Profi-Datenlogger f\u00fcr Schock und Sto\u00df - f\u00fcr die Industrie","description":"Datenlogger f\u00fcr Transport\u00fcberwachung von Schock, Temperatur, Feuchte - einfach, kosteng\u00fcnstig, nachhaltig, made in Germany.","publisher":{"@id":"https:\/\/www.aspion.de\/en\/#organization"},"potentialAction":[{"@type":"SearchAction","target":{"@type":"EntryPoint","urlTemplate":"https:\/\/www.aspion.de\/en\/?s={search_term_string}"},"query-input":{"@type":"PropertyValueSpecification","valueRequired":true,"valueName":"search_term_string"}}],"inLanguage":"en-US"},{"@type":["Organization","Place"],"@id":"https:\/\/www.aspion.de\/en\/#organization","name":"ASPION GmbH","url":"https:\/\/www.aspion.de\/en\/","logo":{"@id":"https:\/\/www.aspion.de\/en\/fall-promotion-aspion-g-log-2-waterproof\/#local-main-organization-logo"},"image":{"@id":"https:\/\/www.aspion.de\/en\/fall-promotion-aspion-g-log-2-waterproof\/#local-main-organization-logo"},"sameAs":["https:\/\/www.linkedin.com\/company\/aspion-gmbh","https:\/\/www.youtube.com\/channel\/UCyPrXy8bNbXMKcp_MQEor3w"],"address":{"@id":"https:\/\/www.aspion.de\/en\/fall-promotion-aspion-g-log-2-waterproof\/#local-main-place-address"},"telephone":["+49 721 85149-122"],"openingHoursSpecification":[{"@type":"OpeningHoursSpecification","dayOfWeek":["Monday","Tuesday","Wednesday","Thursday","Friday","Saturday","Sunday"],"opens":"09:00","closes":"17:00"}],"email":"info@aspion.de","faxNumber":"+49 721 85149-090"},{"@type":"PostalAddress","@id":"https:\/\/www.aspion.de\/en\/fall-promotion-aspion-g-log-2-waterproof\/#local-main-place-address","streetAddress":"Ohiostra\u00dfe 11","addressLocality":"Karlsruhe","postalCode":"76149","addressRegion":"Baden-W\u00fcrttemberg","addressCountry":"DE"},{"@type":"ImageObject","inLanguage":"en-US","@id":"https:\/\/www.aspion.de\/en\/fall-promotion-aspion-g-log-2-waterproof\/#local-main-organization-logo","url":"https:\/\/www.aspion.de\/wp-content\/uploads\/2014\/05\/Aspion_GmbH_Active_SensorsPositioning_Logo_1.png","contentUrl":"https:\/\/www.aspion.de\/wp-content\/uploads\/2014\/05\/Aspion_GmbH_Active_SensorsPositioning_Logo_1.png","width":280,"height":71,"caption":"ASPION GmbH"}]},"geo.placename":"Karlsruhe","geo.region":"Germany"},"_links":{"self":[{"href":"https:\/\/www.aspion.de\/en\/wp-json\/wp\/v2\/pages\/22165","targetHints":{"allow":["GET"]}}],"collection":[{"href":"https:\/\/www.aspion.de\/en\/wp-json\/wp\/v2\/pages"}],"about":[{"href":"https:\/\/www.aspion.de\/en\/wp-json\/wp\/v2\/types\/page"}],"author":[{"embeddable":true,"href":"https:\/\/www.aspion.de\/en\/wp-json\/wp\/v2\/users\/496"}],"replies":[{"embeddable":true,"href":"https:\/\/www.aspion.de\/en\/wp-json\/wp\/v2\/comments?post=22165"}],"version-history":[{"count":8,"href":"https:\/\/www.aspion.de\/en\/wp-json\/wp\/v2\/pages\/22165\/revisions"}],"predecessor-version":[{"id":22370,"href":"https:\/\/www.aspion.de\/en\/wp-json\/wp\/v2\/pages\/22165\/revisions\/22370"}],"wp:attachment":[{"href":"https:\/\/www.aspion.de\/en\/wp-json\/wp\/v2\/media?parent=22165"}],"curies":[{"name":"wp","href":"https:\/\/api.w.org\/{rel}","templated":true}]}}