{"id":22408,"date":"2024-10-21T15:11:44","date_gmt":"2024-10-21T14:11:44","guid":{"rendered":"https:\/\/www.aspion.de\/sustainable-and-fair-aspion-awarded-for-commitment\/"},"modified":"2024-10-21T15:25:18","modified_gmt":"2024-10-21T14:25:18","slug":"sustainable-and-fair-aspion-awarded-for-commitment","status":"publish","type":"page","link":"https:\/\/www.aspion.de\/en\/sustainable-and-fair-aspion-awarded-for-commitment\/","title":{"rendered":"Sustainable and fair: ASPION awarded for commitment"},"content":{"rendered":"\n\n\t<p>Press release 22.10.2024<\/p>\n<p><strong>Multiple awards presented for continuous sustainable conduct<\/strong><\/p>\n<h1>Sustainable from the start: ASPION combines innovative high-tech with healthy growth<\/h1>\n<p><strong>Karlsruhe, 22. Oktober 2024. <\/strong>Since it was founded in 2011, ASPION GmbH has consistently focused on sustainable and responsible conduct in all areas of the company. From the development of energy-optimized and durable products to regional partnerships, the experts in smart transport monitoring take clear measures to ensure healthy growth and resource conservation. The family-run company has been growing entirely by its own efforts from the outset &#8211; always with a focus on sustainable and ethical business practices. ASPION&#8217;s constant commitment was once again recognized by BITMi last week as part of the 20th anniversary of the IT Entrepreneurs&#8217; Day in Frankfurt.<\/p>\n<h4><strong>Awards for ongoing commitment<\/strong><\/h4>\n<p>ASPION has been awarded the &#8220;Software Made in Germany&#8221; and &#8220;Software Hosted in Germany&#8221; seals of approval by the Bundesverband IT-Mittelstand (BITMi) for its tried-and-tested solutions with well thought-out design and continuous innovation. As part of its consistent efforts in the area of sustainability and digitalization, the company is actively committed to fair and transparent standards and European digital sovereignty with the &#8220;BITMi Code for Sustainability and Digitalization&#8221; and the &#8220;fair.digital&#8221; initiative. With the associated measures, ASPION will continue to consistently implement its responsible, sustainable actions with healthy growth in the future.<\/p>\n<h4><strong>Customers and environment benefit from smart solutions<\/strong><\/h4>\n<p>&#8220;Sustainability is deeply rooted in our product development. By interconnecting processes intelligently, companies save valuable time and costs and reduce their resource consumption,&#8221; says Martina W\u00f6hr, Managing Director of ASPION. With ASPION&#8217;s energy-efficient and durable data loggers, companies create transparency in the supply chain, optimize supply chain processes and secure their valuable goods in global delivery traffic. In addition, customers benefit from improved packaging and load securing and at the same time contribute to greater sustainability in their value chain.<\/p>\n<h4><strong>Regional production and partnerships<\/strong><\/h4>\n<p>ASPION works with national suppliers and organizations as much as possible to strengthen the regional economy and ensure short transport routes. Production and storage are carried out by regional partners, for a transparent value chain and minimal CO2 emissions. The reusable ASPION transport data loggers &#8220;Made in Germany&#8221; consist of recyclable components and promote the environmental balance.<\/p>\n<p>Image material for download<\/p>\nDownload: Click on the image<strong><br \/>\n<\/strong>\n\t\t\t\t<a href=\"https:\/\/www.aspion.de\/wp-content\/uploads\/2024\/10\/ASPION_award_ceremony_2024.png\" target=\"_blank\" rel=\"noopener\" itemprop=\"url\">\n\t\t\t\t<img decoding=\"async\" src=\"https:\/\/www.aspion.de\/wp-content\/uploads\/2024\/10\/ASPION_award_ceremony_2024.png\" alt=\"ASPION sustainability, BITMi, Made in Germany, Hosted in Germany, fair.digital\" itemprop=\"image\" height=\"2185\" width=\"2914\" title=\"ASPION_award_ceremony_2024\" onerror=\"this.style.display='none'\"  \/>\n\t\t\t\t<\/a>\n\t\tMartin Hubschneider, Vice President of BITMi at the award ceremony with ASPION Managing Director Martina W\u00f6hr.\n\t<h5>Use of the image material for editorial purposes is free of charge. Image \u00a9ASPION GmbH<\/h5>\n\t<h3>Your press contact<\/h3>\nPeter Adam<br \/>\nMarketing and Sales<br \/>\nTel.: +49 721 \/ 85149-127<br \/>\n<a href=\"mailto:peter.adam@aspion.de\">peter.adam@aspion.de<\/a>\n\n","protected":false},"excerpt":{"rendered":"<p>Press release 22.10.2024 Multiple awards presented for continuous sustainable conduct Sustainable from the start: ASPION combines innovative high-tech with healthy growth Karlsruhe, 22. Oktober 2024. Since it was founded in 2011, ASPION GmbH has consistently focused on sustainable and responsible conduct in all areas of the company. From the development of energy-optimized and durable products&hellip;<\/p>\n","protected":false},"author":496,"featured_media":0,"parent":0,"menu_order":0,"comment_status":"closed","ping_status":"closed","template":"","meta":{"_acf_changed":false,"footnotes":""},"class_list":["post-22408","page","type-page","status-publish","hentry"],"acf":[],"yoast_head":"<!-- This site is optimized with the Yoast SEO Premium plugin v27.5 (Yoast SEO v27.5) - https:\/\/yoast.com\/product\/yoast-seo-premium-wordpress\/ -->\n<title>Sustainable from the start: ASPION combines innovative high-tech with healthy growth<\/title>\n<meta name=\"description\" content=\"Multiple awards presented to ASPION for continuous sustainable conduct. \u25ba To the press release\" \/>\n<meta name=\"robots\" content=\"index, follow, max-snippet:-1, max-image-preview:large, max-video-preview:-1\" \/>\n<link rel=\"canonical\" href=\"https:\/\/www.aspion.de\/en\/sustainable-and-fair-aspion-awarded-for-commitment\/\" \/>\n<meta property=\"og:locale\" content=\"en_US\" \/>\n<meta property=\"og:type\" content=\"article\" \/>\n<meta property=\"og:title\" content=\"Sustainable and fair: ASPION awarded for commitment\" \/>\n<meta property=\"og:description\" content=\"Multiple awards presented to ASPION for continuous sustainable conduct. \u25ba To the press release\" \/>\n<meta property=\"og:url\" content=\"https:\/\/www.aspion.de\/en\/sustainable-and-fair-aspion-awarded-for-commitment\/\" \/>\n<meta property=\"og:site_name\" content=\"ASPION GmbH \u2013 Profi-Datenlogger f\u00fcr Schock und Sto\u00df - f\u00fcr die Industrie\" \/>\n<meta property=\"article:modified_time\" content=\"2024-10-21T14:25:18+00:00\" \/>\n<meta property=\"og:image\" content=\"https:\/\/www.aspion.de\/wp-content\/uploads\/2024\/10\/ASPION_award_ceremony_2024.png\" \/>\n<meta name=\"twitter:card\" content=\"summary_large_image\" \/>\n<meta name=\"twitter:label1\" content=\"Est. reading time\" \/>\n\t<meta name=\"twitter:data1\" content=\"3 minutes\" \/>\n<script type=\"application\/ld+json\" class=\"yoast-schema-graph\">{\"@context\":\"https:\\\/\\\/schema.org\",\"@graph\":[{\"@type\":\"WebPage\",\"@id\":\"https:\\\/\\\/www.aspion.de\\\/en\\\/sustainable-and-fair-aspion-awarded-for-commitment\\\/\",\"url\":\"https:\\\/\\\/www.aspion.de\\\/en\\\/sustainable-and-fair-aspion-awarded-for-commitment\\\/\",\"name\":\"Sustainable from the start: ASPION combines innovative high-tech with healthy growth\",\"isPartOf\":{\"@id\":\"https:\\\/\\\/www.aspion.de\\\/en\\\/#website\"},\"primaryImageOfPage\":{\"@id\":\"https:\\\/\\\/www.aspion.de\\\/en\\\/sustainable-and-fair-aspion-awarded-for-commitment\\\/#primaryimage\"},\"image\":{\"@id\":\"https:\\\/\\\/www.aspion.de\\\/en\\\/sustainable-and-fair-aspion-awarded-for-commitment\\\/#primaryimage\"},\"thumbnailUrl\":\"https:\\\/\\\/www.aspion.de\\\/wp-content\\\/uploads\\\/2024\\\/10\\\/ASPION_award_ceremony_2024.png\",\"datePublished\":\"2024-10-21T14:11:44+00:00\",\"dateModified\":\"2024-10-21T14:25:18+00:00\",\"description\":\"Multiple awards presented to ASPION for continuous sustainable conduct. \u25ba To the press release\",\"breadcrumb\":{\"@id\":\"https:\\\/\\\/www.aspion.de\\\/en\\\/sustainable-and-fair-aspion-awarded-for-commitment\\\/#breadcrumb\"},\"inLanguage\":\"en-US\",\"potentialAction\":[{\"@type\":\"ReadAction\",\"target\":[\"https:\\\/\\\/www.aspion.de\\\/en\\\/sustainable-and-fair-aspion-awarded-for-commitment\\\/\"]}]},{\"@type\":\"ImageObject\",\"inLanguage\":\"en-US\",\"@id\":\"https:\\\/\\\/www.aspion.de\\\/en\\\/sustainable-and-fair-aspion-awarded-for-commitment\\\/#primaryimage\",\"url\":\"https:\\\/\\\/www.aspion.de\\\/wp-content\\\/uploads\\\/2024\\\/10\\\/ASPION_award_ceremony_2024.png\",\"contentUrl\":\"https:\\\/\\\/www.aspion.de\\\/wp-content\\\/uploads\\\/2024\\\/10\\\/ASPION_award_ceremony_2024.png\"},{\"@type\":\"BreadcrumbList\",\"@id\":\"https:\\\/\\\/www.aspion.de\\\/en\\\/sustainable-and-fair-aspion-awarded-for-commitment\\\/#breadcrumb\",\"itemListElement\":[{\"@type\":\"ListItem\",\"position\":1,\"name\":\"Startseite\",\"item\":\"https:\\\/\\\/www.aspion.de\\\/en\\\/\"},{\"@type\":\"ListItem\",\"position\":2,\"name\":\"Sustainable and fair: ASPION awarded for commitment\"}]},{\"@type\":\"WebSite\",\"@id\":\"https:\\\/\\\/www.aspion.de\\\/en\\\/#website\",\"url\":\"https:\\\/\\\/www.aspion.de\\\/en\\\/\",\"name\":\"ASPION GmbH \u2013 Profi-Datenlogger f\u00fcr Schock und Sto\u00df - f\u00fcr die Industrie\",\"description\":\"Datenlogger f\u00fcr Transport\u00fcberwachung von Schock, Temperatur, Feuchte - einfach, kosteng\u00fcnstig, nachhaltig, made in Germany.\",\"publisher\":{\"@id\":\"https:\\\/\\\/www.aspion.de\\\/en\\\/#organization\"},\"potentialAction\":[{\"@type\":\"SearchAction\",\"target\":{\"@type\":\"EntryPoint\",\"urlTemplate\":\"https:\\\/\\\/www.aspion.de\\\/en\\\/?s={search_term_string}\"},\"query-input\":{\"@type\":\"PropertyValueSpecification\",\"valueRequired\":true,\"valueName\":\"search_term_string\"}}],\"inLanguage\":\"en-US\"},{\"@type\":[\"Organization\",\"Place\"],\"@id\":\"https:\\\/\\\/www.aspion.de\\\/en\\\/#organization\",\"name\":\"ASPION GmbH\",\"url\":\"https:\\\/\\\/www.aspion.de\\\/en\\\/\",\"logo\":{\"@id\":\"https:\\\/\\\/www.aspion.de\\\/en\\\/sustainable-and-fair-aspion-awarded-for-commitment\\\/#local-main-organization-logo\"},\"image\":{\"@id\":\"https:\\\/\\\/www.aspion.de\\\/en\\\/sustainable-and-fair-aspion-awarded-for-commitment\\\/#local-main-organization-logo\"},\"sameAs\":[\"https:\\\/\\\/www.linkedin.com\\\/company\\\/aspion-gmbh\",\"https:\\\/\\\/www.youtube.com\\\/channel\\\/UCyPrXy8bNbXMKcp_MQEor3w\"],\"address\":{\"@id\":\"https:\\\/\\\/www.aspion.de\\\/en\\\/sustainable-and-fair-aspion-awarded-for-commitment\\\/#local-main-place-address\"},\"telephone\":[\"+49 721 85149-122\"],\"openingHoursSpecification\":[{\"@type\":\"OpeningHoursSpecification\",\"dayOfWeek\":[\"Monday\",\"Tuesday\",\"Wednesday\",\"Thursday\",\"Friday\",\"Saturday\",\"Sunday\"],\"opens\":\"09:00\",\"closes\":\"17:00\"}],\"email\":\"info@aspion.de\",\"faxNumber\":\"+49 721 85149-090\"},{\"@type\":\"PostalAddress\",\"@id\":\"https:\\\/\\\/www.aspion.de\\\/en\\\/sustainable-and-fair-aspion-awarded-for-commitment\\\/#local-main-place-address\",\"streetAddress\":\"Ohiostra\u00dfe 11\",\"addressLocality\":\"Karlsruhe\",\"postalCode\":\"76149\",\"addressRegion\":\"Baden-W\u00fcrttemberg\",\"addressCountry\":\"DE\"},{\"@type\":\"ImageObject\",\"inLanguage\":\"en-US\",\"@id\":\"https:\\\/\\\/www.aspion.de\\\/en\\\/sustainable-and-fair-aspion-awarded-for-commitment\\\/#local-main-organization-logo\",\"url\":\"https:\\\/\\\/www.aspion.de\\\/wp-content\\\/uploads\\\/2014\\\/05\\\/Aspion_GmbH_Active_SensorsPositioning_Logo_1.png\",\"contentUrl\":\"https:\\\/\\\/www.aspion.de\\\/wp-content\\\/uploads\\\/2014\\\/05\\\/Aspion_GmbH_Active_SensorsPositioning_Logo_1.png\",\"width\":280,\"height\":71,\"caption\":\"ASPION GmbH\"}]}<\/script>\n<meta name=\"geo.placename\" content=\"Karlsruhe\" \/>\n<meta name=\"geo.region\" content=\"Germany\" \/>\n<!-- \/ Yoast SEO Premium plugin. -->","yoast_head_json":{"title":"Sustainable from the start: ASPION combines innovative high-tech with healthy growth","description":"Multiple awards presented to ASPION for continuous sustainable conduct. \u25ba To the press release","robots":{"index":"index","follow":"follow","max-snippet":"max-snippet:-1","max-image-preview":"max-image-preview:large","max-video-preview":"max-video-preview:-1"},"canonical":"https:\/\/www.aspion.de\/en\/sustainable-and-fair-aspion-awarded-for-commitment\/","og_locale":"en_US","og_type":"article","og_title":"Sustainable and fair: ASPION awarded for commitment","og_description":"Multiple awards presented to ASPION for continuous sustainable conduct. \u25ba To the press release","og_url":"https:\/\/www.aspion.de\/en\/sustainable-and-fair-aspion-awarded-for-commitment\/","og_site_name":"ASPION GmbH \u2013 Profi-Datenlogger f\u00fcr Schock und Sto\u00df - f\u00fcr die Industrie","article_modified_time":"2024-10-21T14:25:18+00:00","og_image":[{"url":"https:\/\/www.aspion.de\/wp-content\/uploads\/2024\/10\/ASPION_award_ceremony_2024.png","type":"","width":"","height":""}],"twitter_card":"summary_large_image","twitter_misc":{"Est. reading time":"3 minutes"},"schema":{"@context":"https:\/\/schema.org","@graph":[{"@type":"WebPage","@id":"https:\/\/www.aspion.de\/en\/sustainable-and-fair-aspion-awarded-for-commitment\/","url":"https:\/\/www.aspion.de\/en\/sustainable-and-fair-aspion-awarded-for-commitment\/","name":"Sustainable from the start: ASPION combines innovative high-tech with healthy growth","isPartOf":{"@id":"https:\/\/www.aspion.de\/en\/#website"},"primaryImageOfPage":{"@id":"https:\/\/www.aspion.de\/en\/sustainable-and-fair-aspion-awarded-for-commitment\/#primaryimage"},"image":{"@id":"https:\/\/www.aspion.de\/en\/sustainable-and-fair-aspion-awarded-for-commitment\/#primaryimage"},"thumbnailUrl":"https:\/\/www.aspion.de\/wp-content\/uploads\/2024\/10\/ASPION_award_ceremony_2024.png","datePublished":"2024-10-21T14:11:44+00:00","dateModified":"2024-10-21T14:25:18+00:00","description":"Multiple awards presented to ASPION for continuous sustainable conduct. \u25ba To the press release","breadcrumb":{"@id":"https:\/\/www.aspion.de\/en\/sustainable-and-fair-aspion-awarded-for-commitment\/#breadcrumb"},"inLanguage":"en-US","potentialAction":[{"@type":"ReadAction","target":["https:\/\/www.aspion.de\/en\/sustainable-and-fair-aspion-awarded-for-commitment\/"]}]},{"@type":"ImageObject","inLanguage":"en-US","@id":"https:\/\/www.aspion.de\/en\/sustainable-and-fair-aspion-awarded-for-commitment\/#primaryimage","url":"https:\/\/www.aspion.de\/wp-content\/uploads\/2024\/10\/ASPION_award_ceremony_2024.png","contentUrl":"https:\/\/www.aspion.de\/wp-content\/uploads\/2024\/10\/ASPION_award_ceremony_2024.png"},{"@type":"BreadcrumbList","@id":"https:\/\/www.aspion.de\/en\/sustainable-and-fair-aspion-awarded-for-commitment\/#breadcrumb","itemListElement":[{"@type":"ListItem","position":1,"name":"Startseite","item":"https:\/\/www.aspion.de\/en\/"},{"@type":"ListItem","position":2,"name":"Sustainable and fair: ASPION awarded for commitment"}]},{"@type":"WebSite","@id":"https:\/\/www.aspion.de\/en\/#website","url":"https:\/\/www.aspion.de\/en\/","name":"ASPION GmbH \u2013 Profi-Datenlogger f\u00fcr Schock und Sto\u00df - f\u00fcr die Industrie","description":"Datenlogger f\u00fcr Transport\u00fcberwachung von Schock, Temperatur, Feuchte - einfach, kosteng\u00fcnstig, nachhaltig, made in Germany.","publisher":{"@id":"https:\/\/www.aspion.de\/en\/#organization"},"potentialAction":[{"@type":"SearchAction","target":{"@type":"EntryPoint","urlTemplate":"https:\/\/www.aspion.de\/en\/?s={search_term_string}"},"query-input":{"@type":"PropertyValueSpecification","valueRequired":true,"valueName":"search_term_string"}}],"inLanguage":"en-US"},{"@type":["Organization","Place"],"@id":"https:\/\/www.aspion.de\/en\/#organization","name":"ASPION GmbH","url":"https:\/\/www.aspion.de\/en\/","logo":{"@id":"https:\/\/www.aspion.de\/en\/sustainable-and-fair-aspion-awarded-for-commitment\/#local-main-organization-logo"},"image":{"@id":"https:\/\/www.aspion.de\/en\/sustainable-and-fair-aspion-awarded-for-commitment\/#local-main-organization-logo"},"sameAs":["https:\/\/www.linkedin.com\/company\/aspion-gmbh","https:\/\/www.youtube.com\/channel\/UCyPrXy8bNbXMKcp_MQEor3w"],"address":{"@id":"https:\/\/www.aspion.de\/en\/sustainable-and-fair-aspion-awarded-for-commitment\/#local-main-place-address"},"telephone":["+49 721 85149-122"],"openingHoursSpecification":[{"@type":"OpeningHoursSpecification","dayOfWeek":["Monday","Tuesday","Wednesday","Thursday","Friday","Saturday","Sunday"],"opens":"09:00","closes":"17:00"}],"email":"info@aspion.de","faxNumber":"+49 721 85149-090"},{"@type":"PostalAddress","@id":"https:\/\/www.aspion.de\/en\/sustainable-and-fair-aspion-awarded-for-commitment\/#local-main-place-address","streetAddress":"Ohiostra\u00dfe 11","addressLocality":"Karlsruhe","postalCode":"76149","addressRegion":"Baden-W\u00fcrttemberg","addressCountry":"DE"},{"@type":"ImageObject","inLanguage":"en-US","@id":"https:\/\/www.aspion.de\/en\/sustainable-and-fair-aspion-awarded-for-commitment\/#local-main-organization-logo","url":"https:\/\/www.aspion.de\/wp-content\/uploads\/2014\/05\/Aspion_GmbH_Active_SensorsPositioning_Logo_1.png","contentUrl":"https:\/\/www.aspion.de\/wp-content\/uploads\/2014\/05\/Aspion_GmbH_Active_SensorsPositioning_Logo_1.png","width":280,"height":71,"caption":"ASPION GmbH"}]},"geo.placename":"Karlsruhe","geo.region":"Germany"},"_links":{"self":[{"href":"https:\/\/www.aspion.de\/en\/wp-json\/wp\/v2\/pages\/22408","targetHints":{"allow":["GET"]}}],"collection":[{"href":"https:\/\/www.aspion.de\/en\/wp-json\/wp\/v2\/pages"}],"about":[{"href":"https:\/\/www.aspion.de\/en\/wp-json\/wp\/v2\/types\/page"}],"author":[{"embeddable":true,"href":"https:\/\/www.aspion.de\/en\/wp-json\/wp\/v2\/users\/496"}],"replies":[{"embeddable":true,"href":"https:\/\/www.aspion.de\/en\/wp-json\/wp\/v2\/comments?post=22408"}],"version-history":[{"count":2,"href":"https:\/\/www.aspion.de\/en\/wp-json\/wp\/v2\/pages\/22408\/revisions"}],"predecessor-version":[{"id":22414,"href":"https:\/\/www.aspion.de\/en\/wp-json\/wp\/v2\/pages\/22408\/revisions\/22414"}],"wp:attachment":[{"href":"https:\/\/www.aspion.de\/en\/wp-json\/wp\/v2\/media?parent=22408"}],"curies":[{"name":"wp","href":"https:\/\/api.w.org\/{rel}","templated":true}]}}