{"id":22523,"date":"2024-11-08T10:38:50","date_gmt":"2024-11-08T09:38:50","guid":{"rendered":"https:\/\/www.aspion.de\/end-of-year-promotion-sustainability-bonus-for-aspion-g-log-2-data-loggers\/"},"modified":"2024-11-19T13:30:51","modified_gmt":"2024-11-19T12:30:51","slug":"end-of-year-promotion-sustainability-bonus-for-aspion-g-log-2-data-loggers","status":"publish","type":"page","link":"https:\/\/www.aspion.de\/en\/end-of-year-promotion-sustainability-bonus-for-aspion-g-log-2-data-loggers\/","title":{"rendered":"End-of-year promotion: Sustainability bonus for ASPION G-Log 2 data loggers"},"content":{"rendered":"\n\n\t\t\t<img decoding=\"async\" loading='false' src=\"https:\/\/www.aspion.de\/wp-content\/uploads\/2024\/11\/Jahresendaktion_2024_Banner_01_en.png\" alt=\"\" \/>\t\t\t\n<h1>\n\t\tBonus for sustainable transport monitoring with ASPION G-Log 2\n\t<\/h1>\n\t<p>Simple shock indicators and non-reusable loggers are generally designed as <strong>disposable products for single use<\/strong>. Unlike our energy-optimized, durable <a href=\"https:\/\/www.aspion.de\/en\/transport-data-logger-aspion-g-log-2\/\" target=\"_blank\" rel=\"noopener\"><strong>ASPION G-Log 2 data loggers<\/strong><\/a>, that can be <strong>used flexibly several times<\/strong> thanks to their long operating times and replaceable batteries &#8211;<strong>\u00a0for years to come<\/strong>. The smart transport data loggers actively <strong>support<\/strong> <strong>you in<\/strong> <strong>implementing sustainable transport monitoring<\/strong>.<\/p>\n<p>As the topic of <b><strong>sustainability<\/strong><\/b> has been very important to the family-run ASPION since the company was founded, we were all the more pleased that our <a href=\"https:\/\/www.aspion.de\/en\/sustainable-and-fair-aspion-awarded-for-commitment\/\" target=\"_blank\" rel=\"noopener\"><b><strong>continuous commitment<\/strong><\/b> <strong>was repeatedly honored by the BITMi<\/strong><\/a> at the 20th IT Entrepreneurs&#8217; Day in Frankfurt. We would like to thank our loyal customers and partners, who support us in the continuous <b><strong>development of sustainable product solutions<\/strong><\/b> by providing valuable feedback, criticism and ideas, <b><strong>with a sustainability bonus*<\/strong><\/b>:<\/p>\n<ul>\n<li>Receive <strong>additional free devices on top of all sets with ASPION G-Log 2 data loggers*<\/strong><\/li>\n<li>Receive <b><strong>an ASPION sustainability package** with every order of a set of 50 or 100 ASPION G-Log 2 data loggers<\/strong><\/b><\/li>\n<\/ul>\n<h2>\n\t\tPromotion period 15.11.2024 to 31.01.2025*\n\t<\/h2>\n\t\t\t\t<a href=\"https:\/\/www.aspion.de\/en\/transport-data-logger-aspion-g-log-2\/\" target=\"_blank\" rel=\"noopener\" itemprop=\"url\">\n\t\t\t\t<img decoding=\"async\" src=\"https:\/\/www.aspion.de\/wp-content\/uploads\/2019\/05\/ASPION_G-Log_2_Data_Logger-300x30-300x30.png\" alt=\"Data logger ASPION G-Log 2 shock sensor\" itemprop=\"image\" height=\"30\" width=\"300\" title=\"Data logger ASPION G-Log 2 shock sensor\" onerror=\"this.style.display='none'\"  \/>\n\t\t\t\t<\/a>\n\t\t\t\t<a href=\"https:\/\/www.aspion.de\/en\/transport-data-logger-aspion-g-log-2\/\" target=\"_blank\" rel=\"noopener\" itemprop=\"url\">\n\t\t\t\t<img decoding=\"async\" src=\"https:\/\/www.aspion.de\/wp-content\/uploads\/2020\/05\/transportueberwachung_kostenguenstig_aspion-g-log2-1-300x191.jpg\" alt=\"Transportueberwachung kosteng\u00fcnstig ASPION G-Log 2 - f\u00fcr Schock, Temperatur und Feuchtigkeit\" itemprop=\"image\" height=\"191\" width=\"300\" title=\"transportueberwachung_kostenguenstig_aspion-g-log2\" onerror=\"this.style.display='none'\"  \/>\n\t\t\t\t<\/a>\n\t<h3>ASPION G-Log 2 sets:<\/h3>\n<p>When ordering sets with ASPION G-Log 2 data loggers, you will receive <strong>additional devices free of charge <\/strong>on top:<\/p>\n<p><strong>Set 25: + 2 ASPION G-Log 2 data loggers\u00a0<\/strong><\/p>\n<p><strong>Set 50: + 4 ASPION G-Log 2 data loggers <\/strong>+ sustainability package**<\/p>\n<p><strong>Set 100: + 8 ASPION G-Log 2 data loggers <\/strong>+ sustainability package**<\/p>\n\t<h3>Sustainability package:<\/h3>\n<p>As a special bonus, <b><strong>for every order of a set of 50 or set of 100 ASPION G-Log 2 <\/strong><\/b>, you will receive <b><strong>an ASPION sustainability package** <\/strong><\/b>with suitable accessories for multiple use of the reusable data loggers, including<\/p>\n<ul>\n<li><b><strong>high-quality, calibration-certified<\/strong><\/b> torque screwdriver from Wera<\/li>\n<li>original Panasonic CR2023 button cells<\/li>\n<li>weatherproof sticker &#8220;data logger inside&#8221;<\/li>\n<\/ul>\n<p><b><strong>Only while stocks last!<\/strong><\/b><\/p>\n\t\t\t\t<img decoding=\"async\" src=\"https:\/\/www.aspion.de\/wp-content\/uploads\/2024\/11\/Nachhaltigkeitspaket_2024_teaser-300x300.png\" alt=\"ASPION Nachhaltigkeitspaket, sustainability package\" itemprop=\"image\" height=\"300\" width=\"300\" title=\"Nachhaltigkeitspaket_2024_teaser\" onerror=\"this.style.display='none'\"  \/>\n\tWe will be happy to deliver either immediately or on your <strong>desired date<\/strong> <strong>by 28.02.2025 at the latest!<\/strong><strong>*<br \/>\n<\/strong>Please note that there will be no deliveries from <strong>23.12.2024 up to and including 06.01.2025<\/strong> due to company vacations.\n\t\t\t<a href=\"mailto:info@aspion.de?subject=Sustainability%20bonus:%20requesting%20price%20list\" target=\"_blank\" rel=\"noopener\">\n\t\t\t\t\t\tRequest price list\n\t\t\t\t\t<\/a>\n\t<p>Benefit now &#8211; like <a href=\"https:\/\/www.aspion.de\/en\/customers-and-testimonials\/\" target=\"_blank\" rel=\"noopener\"><strong>700 other companies<\/strong><\/a> &#8211; from the advantages of the award-winning and sustainable <a href=\"https:\/\/www.aspion.de\/en\/transport-data-logger-aspion-g-log-2\/\" target=\"_blank\" rel=\"noopener\"><strong>ASPION G-Log 2 transport data loggers<\/strong><\/a> &#8220;Made in Germany&#8221;:<\/p>\n<ul>\n<li>Reliable 3-axis shock detection with \u00b1 24 g per axis including shock details in milliseconds<\/li>\n<li>Unique: Option for shock\/vibration testing in accordance with European transport standard IEC 60721-3-2<\/li>\n<li>Providing evidence of damage caused by shock\/impact, corrosion or temperature fluctuations<\/li>\n<li>Saving costs, time and avoiding discussions<\/li>\n<\/ul>\n<p>The number of data loggers required can be put together individually according to your needs.<\/p>\n\t<h3>Your individual offer<\/h3>\n<p>We would be happy to provide you with an individual offer! Either contact your <a href=\"https:\/\/www.aspion.de\/en\/aspion-partners\/\" target=\"_blank\" rel=\"noopener\">partner in charge<\/a>, <strong>call us on +49 721 \/ 85149-122<\/strong> or write to us at\u00a0<strong><a href=\"mailto:info@aspion.de?subject=Inquiry%20about%20ASPION%20data loggers\" target=\"_blank\" rel=\"noopener\">info@aspion.de<\/a><\/strong>. We will be happy to advise you at any time and without obligation.<\/p>\n\t<p>*The promotion is valid for orders from 15.11.2024 up to and including 31.01.2025, at the conditions listed in the currently valid price list. The sustainability bonus applies exclusively to sets (25\/50\/100) of ASPION G-Log 2 data loggers and is granted up to three times per customer \/ partner. Delivery will be made in the current version immediately after receipt of the order while stocks last or on the desired delivery date, but no later than 28.02.2025. Invoicing after dispatch of delivery. The offer does not apply to other ASPION G-Log models, ASPION G-Log Premium, USB card readers, general overhauls or other services and cannot be combined with other offers, discounts or promotions. Subject to change and errors excepted. <\/p>\n<p><strong>Please note: From 23.12.2024 up to and including 06.01.2025 there will be no deliveries due to company vacations.<\/strong><\/p>\n\t<p>**The ASPION sustainability package contains suitable accessories for the multiple use of ASPION G-Log 2 data loggers and is included free of charge with orders of a set 50 or set 100 ASPION G-Log 2. Only up to three times per customer \/ partner and while stocks last.<\/p>\n\n","protected":false},"excerpt":{"rendered":"<p>Bonus for sustainable transport monitoring with ASPION G-Log 2 Simple shock indicators and non-reusable loggers are generally designed as disposable products for single use. Unlike our energy-optimized, durable ASPION G-Log 2 data loggers, that can be used flexibly several times thanks to their long operating times and replaceable batteries &#8211;\u00a0for years to come. The smart&hellip;<\/p>\n","protected":false},"author":496,"featured_media":0,"parent":0,"menu_order":0,"comment_status":"closed","ping_status":"closed","template":"","meta":{"_acf_changed":false,"footnotes":""},"class_list":["post-22523","page","type-page","status-publish","hentry"],"acf":[],"yoast_head":"<!-- This site is optimized with the Yoast SEO Premium plugin v27.5 (Yoast SEO v27.5) - https:\/\/yoast.com\/product\/yoast-seo-premium-wordpress\/ -->\n<title>End-of-year promotion: Sustainability bonus for ASPION G-Log 2 data loggers<\/title>\n<meta name=\"robots\" content=\"index, follow, max-snippet:-1, max-image-preview:large, max-video-preview:-1\" \/>\n<link rel=\"canonical\" href=\"https:\/\/www.aspion.de\/en\/end-of-year-promotion-sustainability-bonus-for-aspion-g-log-2-data-loggers\/\" \/>\n<meta property=\"og:locale\" content=\"en_US\" \/>\n<meta property=\"og:type\" content=\"article\" \/>\n<meta property=\"og:title\" content=\"End-of-year promotion: Sustainability bonus for ASPION G-Log 2 data loggers\" \/>\n<meta property=\"og:description\" content=\"Bonus for sustainable transport monitoring with ASPION G-Log 2 Simple shock indicators and non-reusable loggers are generally designed as disposable products for single use. Unlike our energy-optimized, durable ASPION G-Log 2 data loggers, that can be used flexibly several times thanks to their long operating times and replaceable batteries &#8211;\u00a0for years to come. The smart&hellip;\" \/>\n<meta property=\"og:url\" content=\"https:\/\/www.aspion.de\/en\/end-of-year-promotion-sustainability-bonus-for-aspion-g-log-2-data-loggers\/\" \/>\n<meta property=\"og:site_name\" content=\"ASPION GmbH \u2013 Profi-Datenlogger f\u00fcr Schock und Sto\u00df - f\u00fcr die Industrie\" \/>\n<meta property=\"article:modified_time\" content=\"2024-11-19T12:30:51+00:00\" \/>\n<meta property=\"og:image\" content=\"https:\/\/www.aspion.de\/wp-content\/uploads\/2024\/11\/Jahresendaktion_2024_Banner_01_en.png\" \/>\n<meta name=\"twitter:card\" content=\"summary_large_image\" \/>\n<meta name=\"twitter:label1\" content=\"Est. reading time\" \/>\n\t<meta name=\"twitter:data1\" content=\"3 minutes\" \/>\n<script type=\"application\/ld+json\" class=\"yoast-schema-graph\">{\"@context\":\"https:\\\/\\\/schema.org\",\"@graph\":[{\"@type\":\"WebPage\",\"@id\":\"https:\\\/\\\/www.aspion.de\\\/en\\\/end-of-year-promotion-sustainability-bonus-for-aspion-g-log-2-data-loggers\\\/\",\"url\":\"https:\\\/\\\/www.aspion.de\\\/en\\\/end-of-year-promotion-sustainability-bonus-for-aspion-g-log-2-data-loggers\\\/\",\"name\":\"End-of-year promotion: Sustainability bonus for ASPION G-Log 2 data loggers\",\"isPartOf\":{\"@id\":\"https:\\\/\\\/www.aspion.de\\\/en\\\/#website\"},\"primaryImageOfPage\":{\"@id\":\"https:\\\/\\\/www.aspion.de\\\/en\\\/end-of-year-promotion-sustainability-bonus-for-aspion-g-log-2-data-loggers\\\/#primaryimage\"},\"image\":{\"@id\":\"https:\\\/\\\/www.aspion.de\\\/en\\\/end-of-year-promotion-sustainability-bonus-for-aspion-g-log-2-data-loggers\\\/#primaryimage\"},\"thumbnailUrl\":\"https:\\\/\\\/www.aspion.de\\\/wp-content\\\/uploads\\\/2024\\\/11\\\/Jahresendaktion_2024_Banner_01_en.png\",\"datePublished\":\"2024-11-08T09:38:50+00:00\",\"dateModified\":\"2024-11-19T12:30:51+00:00\",\"breadcrumb\":{\"@id\":\"https:\\\/\\\/www.aspion.de\\\/en\\\/end-of-year-promotion-sustainability-bonus-for-aspion-g-log-2-data-loggers\\\/#breadcrumb\"},\"inLanguage\":\"en-US\",\"potentialAction\":[{\"@type\":\"ReadAction\",\"target\":[\"https:\\\/\\\/www.aspion.de\\\/en\\\/end-of-year-promotion-sustainability-bonus-for-aspion-g-log-2-data-loggers\\\/\"]}]},{\"@type\":\"ImageObject\",\"inLanguage\":\"en-US\",\"@id\":\"https:\\\/\\\/www.aspion.de\\\/en\\\/end-of-year-promotion-sustainability-bonus-for-aspion-g-log-2-data-loggers\\\/#primaryimage\",\"url\":\"https:\\\/\\\/www.aspion.de\\\/wp-content\\\/uploads\\\/2024\\\/11\\\/Jahresendaktion_2024_Banner_01_en.png\",\"contentUrl\":\"https:\\\/\\\/www.aspion.de\\\/wp-content\\\/uploads\\\/2024\\\/11\\\/Jahresendaktion_2024_Banner_01_en.png\"},{\"@type\":\"BreadcrumbList\",\"@id\":\"https:\\\/\\\/www.aspion.de\\\/en\\\/end-of-year-promotion-sustainability-bonus-for-aspion-g-log-2-data-loggers\\\/#breadcrumb\",\"itemListElement\":[{\"@type\":\"ListItem\",\"position\":1,\"name\":\"Startseite\",\"item\":\"https:\\\/\\\/www.aspion.de\\\/en\\\/\"},{\"@type\":\"ListItem\",\"position\":2,\"name\":\"End-of-year promotion: Sustainability bonus for ASPION G-Log 2 data loggers\"}]},{\"@type\":\"WebSite\",\"@id\":\"https:\\\/\\\/www.aspion.de\\\/en\\\/#website\",\"url\":\"https:\\\/\\\/www.aspion.de\\\/en\\\/\",\"name\":\"ASPION GmbH \u2013 Profi-Datenlogger f\u00fcr Schock und Sto\u00df - f\u00fcr die Industrie\",\"description\":\"Datenlogger f\u00fcr Transport\u00fcberwachung von Schock, Temperatur, Feuchte - einfach, kosteng\u00fcnstig, nachhaltig, made in Germany.\",\"publisher\":{\"@id\":\"https:\\\/\\\/www.aspion.de\\\/en\\\/#organization\"},\"potentialAction\":[{\"@type\":\"SearchAction\",\"target\":{\"@type\":\"EntryPoint\",\"urlTemplate\":\"https:\\\/\\\/www.aspion.de\\\/en\\\/?s={search_term_string}\"},\"query-input\":{\"@type\":\"PropertyValueSpecification\",\"valueRequired\":true,\"valueName\":\"search_term_string\"}}],\"inLanguage\":\"en-US\"},{\"@type\":[\"Organization\",\"Place\"],\"@id\":\"https:\\\/\\\/www.aspion.de\\\/en\\\/#organization\",\"name\":\"ASPION GmbH\",\"url\":\"https:\\\/\\\/www.aspion.de\\\/en\\\/\",\"logo\":{\"@id\":\"https:\\\/\\\/www.aspion.de\\\/en\\\/end-of-year-promotion-sustainability-bonus-for-aspion-g-log-2-data-loggers\\\/#local-main-organization-logo\"},\"image\":{\"@id\":\"https:\\\/\\\/www.aspion.de\\\/en\\\/end-of-year-promotion-sustainability-bonus-for-aspion-g-log-2-data-loggers\\\/#local-main-organization-logo\"},\"sameAs\":[\"https:\\\/\\\/www.linkedin.com\\\/company\\\/aspion-gmbh\",\"https:\\\/\\\/www.youtube.com\\\/channel\\\/UCyPrXy8bNbXMKcp_MQEor3w\"],\"address\":{\"@id\":\"https:\\\/\\\/www.aspion.de\\\/en\\\/end-of-year-promotion-sustainability-bonus-for-aspion-g-log-2-data-loggers\\\/#local-main-place-address\"},\"telephone\":[\"+49 721 85149-122\"],\"openingHoursSpecification\":[{\"@type\":\"OpeningHoursSpecification\",\"dayOfWeek\":[\"Monday\",\"Tuesday\",\"Wednesday\",\"Thursday\",\"Friday\",\"Saturday\",\"Sunday\"],\"opens\":\"09:00\",\"closes\":\"17:00\"}],\"email\":\"info@aspion.de\",\"faxNumber\":\"+49 721 85149-090\"},{\"@type\":\"PostalAddress\",\"@id\":\"https:\\\/\\\/www.aspion.de\\\/en\\\/end-of-year-promotion-sustainability-bonus-for-aspion-g-log-2-data-loggers\\\/#local-main-place-address\",\"streetAddress\":\"Ohiostra\u00dfe 11\",\"addressLocality\":\"Karlsruhe\",\"postalCode\":\"76149\",\"addressRegion\":\"Baden-W\u00fcrttemberg\",\"addressCountry\":\"DE\"},{\"@type\":\"ImageObject\",\"inLanguage\":\"en-US\",\"@id\":\"https:\\\/\\\/www.aspion.de\\\/en\\\/end-of-year-promotion-sustainability-bonus-for-aspion-g-log-2-data-loggers\\\/#local-main-organization-logo\",\"url\":\"https:\\\/\\\/www.aspion.de\\\/wp-content\\\/uploads\\\/2014\\\/05\\\/Aspion_GmbH_Active_SensorsPositioning_Logo_1.png\",\"contentUrl\":\"https:\\\/\\\/www.aspion.de\\\/wp-content\\\/uploads\\\/2014\\\/05\\\/Aspion_GmbH_Active_SensorsPositioning_Logo_1.png\",\"width\":280,\"height\":71,\"caption\":\"ASPION GmbH\"}]}<\/script>\n<meta name=\"geo.placename\" content=\"Karlsruhe\" \/>\n<meta name=\"geo.region\" content=\"Germany\" \/>\n<!-- \/ Yoast SEO Premium plugin. -->","yoast_head_json":{"title":"End-of-year promotion: Sustainability bonus for ASPION G-Log 2 data loggers","robots":{"index":"index","follow":"follow","max-snippet":"max-snippet:-1","max-image-preview":"max-image-preview:large","max-video-preview":"max-video-preview:-1"},"canonical":"https:\/\/www.aspion.de\/en\/end-of-year-promotion-sustainability-bonus-for-aspion-g-log-2-data-loggers\/","og_locale":"en_US","og_type":"article","og_title":"End-of-year promotion: Sustainability bonus for ASPION G-Log 2 data loggers","og_description":"Bonus for sustainable transport monitoring with ASPION G-Log 2 Simple shock indicators and non-reusable loggers are generally designed as disposable products for single use. Unlike our energy-optimized, durable ASPION G-Log 2 data loggers, that can be used flexibly several times thanks to their long operating times and replaceable batteries &#8211;\u00a0for years to come. The smart&hellip;","og_url":"https:\/\/www.aspion.de\/en\/end-of-year-promotion-sustainability-bonus-for-aspion-g-log-2-data-loggers\/","og_site_name":"ASPION GmbH \u2013 Profi-Datenlogger f\u00fcr Schock und Sto\u00df - f\u00fcr die Industrie","article_modified_time":"2024-11-19T12:30:51+00:00","og_image":[{"url":"https:\/\/www.aspion.de\/wp-content\/uploads\/2024\/11\/Jahresendaktion_2024_Banner_01_en.png","type":"","width":"","height":""}],"twitter_card":"summary_large_image","twitter_misc":{"Est. reading time":"3 minutes"},"schema":{"@context":"https:\/\/schema.org","@graph":[{"@type":"WebPage","@id":"https:\/\/www.aspion.de\/en\/end-of-year-promotion-sustainability-bonus-for-aspion-g-log-2-data-loggers\/","url":"https:\/\/www.aspion.de\/en\/end-of-year-promotion-sustainability-bonus-for-aspion-g-log-2-data-loggers\/","name":"End-of-year promotion: Sustainability bonus for ASPION G-Log 2 data loggers","isPartOf":{"@id":"https:\/\/www.aspion.de\/en\/#website"},"primaryImageOfPage":{"@id":"https:\/\/www.aspion.de\/en\/end-of-year-promotion-sustainability-bonus-for-aspion-g-log-2-data-loggers\/#primaryimage"},"image":{"@id":"https:\/\/www.aspion.de\/en\/end-of-year-promotion-sustainability-bonus-for-aspion-g-log-2-data-loggers\/#primaryimage"},"thumbnailUrl":"https:\/\/www.aspion.de\/wp-content\/uploads\/2024\/11\/Jahresendaktion_2024_Banner_01_en.png","datePublished":"2024-11-08T09:38:50+00:00","dateModified":"2024-11-19T12:30:51+00:00","breadcrumb":{"@id":"https:\/\/www.aspion.de\/en\/end-of-year-promotion-sustainability-bonus-for-aspion-g-log-2-data-loggers\/#breadcrumb"},"inLanguage":"en-US","potentialAction":[{"@type":"ReadAction","target":["https:\/\/www.aspion.de\/en\/end-of-year-promotion-sustainability-bonus-for-aspion-g-log-2-data-loggers\/"]}]},{"@type":"ImageObject","inLanguage":"en-US","@id":"https:\/\/www.aspion.de\/en\/end-of-year-promotion-sustainability-bonus-for-aspion-g-log-2-data-loggers\/#primaryimage","url":"https:\/\/www.aspion.de\/wp-content\/uploads\/2024\/11\/Jahresendaktion_2024_Banner_01_en.png","contentUrl":"https:\/\/www.aspion.de\/wp-content\/uploads\/2024\/11\/Jahresendaktion_2024_Banner_01_en.png"},{"@type":"BreadcrumbList","@id":"https:\/\/www.aspion.de\/en\/end-of-year-promotion-sustainability-bonus-for-aspion-g-log-2-data-loggers\/#breadcrumb","itemListElement":[{"@type":"ListItem","position":1,"name":"Startseite","item":"https:\/\/www.aspion.de\/en\/"},{"@type":"ListItem","position":2,"name":"End-of-year promotion: Sustainability bonus for ASPION G-Log 2 data loggers"}]},{"@type":"WebSite","@id":"https:\/\/www.aspion.de\/en\/#website","url":"https:\/\/www.aspion.de\/en\/","name":"ASPION GmbH \u2013 Profi-Datenlogger f\u00fcr Schock und Sto\u00df - f\u00fcr die Industrie","description":"Datenlogger f\u00fcr Transport\u00fcberwachung von Schock, Temperatur, Feuchte - einfach, kosteng\u00fcnstig, nachhaltig, made in Germany.","publisher":{"@id":"https:\/\/www.aspion.de\/en\/#organization"},"potentialAction":[{"@type":"SearchAction","target":{"@type":"EntryPoint","urlTemplate":"https:\/\/www.aspion.de\/en\/?s={search_term_string}"},"query-input":{"@type":"PropertyValueSpecification","valueRequired":true,"valueName":"search_term_string"}}],"inLanguage":"en-US"},{"@type":["Organization","Place"],"@id":"https:\/\/www.aspion.de\/en\/#organization","name":"ASPION GmbH","url":"https:\/\/www.aspion.de\/en\/","logo":{"@id":"https:\/\/www.aspion.de\/en\/end-of-year-promotion-sustainability-bonus-for-aspion-g-log-2-data-loggers\/#local-main-organization-logo"},"image":{"@id":"https:\/\/www.aspion.de\/en\/end-of-year-promotion-sustainability-bonus-for-aspion-g-log-2-data-loggers\/#local-main-organization-logo"},"sameAs":["https:\/\/www.linkedin.com\/company\/aspion-gmbh","https:\/\/www.youtube.com\/channel\/UCyPrXy8bNbXMKcp_MQEor3w"],"address":{"@id":"https:\/\/www.aspion.de\/en\/end-of-year-promotion-sustainability-bonus-for-aspion-g-log-2-data-loggers\/#local-main-place-address"},"telephone":["+49 721 85149-122"],"openingHoursSpecification":[{"@type":"OpeningHoursSpecification","dayOfWeek":["Monday","Tuesday","Wednesday","Thursday","Friday","Saturday","Sunday"],"opens":"09:00","closes":"17:00"}],"email":"info@aspion.de","faxNumber":"+49 721 85149-090"},{"@type":"PostalAddress","@id":"https:\/\/www.aspion.de\/en\/end-of-year-promotion-sustainability-bonus-for-aspion-g-log-2-data-loggers\/#local-main-place-address","streetAddress":"Ohiostra\u00dfe 11","addressLocality":"Karlsruhe","postalCode":"76149","addressRegion":"Baden-W\u00fcrttemberg","addressCountry":"DE"},{"@type":"ImageObject","inLanguage":"en-US","@id":"https:\/\/www.aspion.de\/en\/end-of-year-promotion-sustainability-bonus-for-aspion-g-log-2-data-loggers\/#local-main-organization-logo","url":"https:\/\/www.aspion.de\/wp-content\/uploads\/2014\/05\/Aspion_GmbH_Active_SensorsPositioning_Logo_1.png","contentUrl":"https:\/\/www.aspion.de\/wp-content\/uploads\/2014\/05\/Aspion_GmbH_Active_SensorsPositioning_Logo_1.png","width":280,"height":71,"caption":"ASPION GmbH"}]},"geo.placename":"Karlsruhe","geo.region":"Germany"},"_links":{"self":[{"href":"https:\/\/www.aspion.de\/en\/wp-json\/wp\/v2\/pages\/22523","targetHints":{"allow":["GET"]}}],"collection":[{"href":"https:\/\/www.aspion.de\/en\/wp-json\/wp\/v2\/pages"}],"about":[{"href":"https:\/\/www.aspion.de\/en\/wp-json\/wp\/v2\/types\/page"}],"author":[{"embeddable":true,"href":"https:\/\/www.aspion.de\/en\/wp-json\/wp\/v2\/users\/496"}],"replies":[{"embeddable":true,"href":"https:\/\/www.aspion.de\/en\/wp-json\/wp\/v2\/comments?post=22523"}],"version-history":[{"count":10,"href":"https:\/\/www.aspion.de\/en\/wp-json\/wp\/v2\/pages\/22523\/revisions"}],"predecessor-version":[{"id":22559,"href":"https:\/\/www.aspion.de\/en\/wp-json\/wp\/v2\/pages\/22523\/revisions\/22559"}],"wp:attachment":[{"href":"https:\/\/www.aspion.de\/en\/wp-json\/wp\/v2\/media?parent=22523"}],"curies":[{"name":"wp","href":"https:\/\/api.w.org\/{rel}","templated":true}]}}