{"id":22671,"date":"2025-01-16T15:36:16","date_gmt":"2025-01-16T14:36:16","guid":{"rendered":"https:\/\/www.aspion.de\/press-release-aspion-introduces-new-version-of-end-to-end-solution-for-360-transport-monitoring\/"},"modified":"2025-01-24T16:01:48","modified_gmt":"2025-01-24T15:01:48","slug":"press-release-aspion-introduces-new-version-of-end-to-end-solution-for-360-transport-monitoring","status":"publish","type":"page","link":"https:\/\/www.aspion.de\/en\/press-release-aspion-introduces-new-version-of-end-to-end-solution-for-360-transport-monitoring\/","title":{"rendered":"Press release: ASPION introduces new version of end-to-end solution for 360\u00b0 transport monitoring"},"content":{"rendered":"\n\n\t<p>Press release 22.01.2025<\/p>\n<p><strong>Global IoT live tracking<\/strong><\/p>\n<h1>ASPION introduces new version of end-to-end solution for 360\u00b0 transport monitoring<\/h1>\n<p><strong>Karlsruhe, 22 January 2025. <\/strong>In times of global economic tension such as these, supply chains are affected by disruptions, uncertainty and instability, which repeatedly presents global companies with major challenges. With the ASPION L-Track multi-sensor data logger, ASPION introduced an end-to-end solution for global 360\u00b0 live tracking of transported goods for the first time last year. Now the company is presenting numerous new features of the innovative complete system consisting of a sensor and IoT platform &#8220;Made &amp; Hosted in Germany&#8221; at the LogiMAT logistics trade fair from March 11 &#8211; 13, 2025 in Stuttgart. For the first time, ASPION is showcasing a preview of its innovative, flexibly extendable multi-sensor platform as an &#8220;out-of-the-box&#8221; complete IoT solution.<\/p>\n<h4><strong>New features for even more supply chain transparency<\/strong><\/h4>\n<p>The ASPION L-Track continuously logs the current location and condition of cargo, including environmental conditions such as shock\/impact, temperature, humidity, opening and other influences. The combination of smart sensors and easy-to-use software allows transports around the world to be monitored in real time. In addition to the newly created configuration options during live operation via the easy-to-use ASPION Cloud, shocks in milliseconds and critical inclination angles are now also recorded during transportation. Thanks to live data, potential damage to sensitive equipment such as transformers or turbines can be detected at an early stage. This allows shippers to react immediately to save valuable time and avert damage and costs by actively intervening in their supply chain.<\/p>\n<h4><strong>Preview: Innovative, flexibly extendable multi-sensor platform with IoT communication<\/strong><\/h4>\n<p>The ASPION L-Track is designed as a flexibly extendable multi-sensor platform and enables efficient real-time processing of data streams on site using edge computing. This means that individual requirements of all types of industrial customers for live transport and condition monitoring can be met &#8220;out-of-the-box&#8221; as required. Interested parties can experience current and future possibilities with the end-to-end solution &#8220;Made and Hosted in Germany&#8221; for the first time live as a preview at LogiMAT (11 &#8211; 13.03.2025, Stuttgart, Hall 4 Booth 4B11).<\/p>\n<h4><strong>Focus on future trend Internet of Things (IoT)<\/strong><\/h4>\n<p>In addition, Michael W\u00f6hr, founder and CTO of ASPION GmbH, invites inquisitive listeners to the exhibitor forum. Visitors will be able to follow the presentation on &#8220;Opportunities and hurdles of global IoT communication by the example of multi-sensor tracking devices&#8221; on Thursday, 13 March at 12 noon in Hall 4.<\/p>\n\t<h3>Your press contact<\/h3>\nPeter Adam<br \/>\nMarketing &amp; Sales<br \/>\nTel.: +49 721 \/ 85149-127<br \/>\n<a href=\"mailto:peter.adam@aspion.de\">peter.adam@aspion.de<\/a>\n<p>Image material for download<\/p>\nDownload: click on the image<strong><br \/>\n<\/strong>\n\t\t\t\t<a href=\"https:\/\/www.aspion.de\/wp-content\/uploads\/2025\/01\/ASPION_L-Track_LogiMAT_2025-1024x682.jpeg\" target=\"_blank\" rel=\"noopener\"  itemprop=\"url\">\n\t\t\t\t<img decoding=\"async\" src=\"https:\/\/www.aspion.de\/wp-content\/uploads\/2025\/01\/ASPION_L-Track_LogiMAT_2025-1024x682.jpeg\" alt=\"Mit dem ASPION L-Track werden Sch\u00e4den an sensiblen Investitionsg\u00fctern erkannt und in Echtzeit gemeldet. \" itemprop=\"image\" height=\"682\" width=\"1024\" title=\"Worker during rope access rigger commencing high risk job to holding a safety tag line rope to control a load while crane, boom truck, truck loader is lifting transformers unit in chemical plant.\" onerror=\"this.style.display='none'\"  \/>\n\t\t\t\t<\/a>\n\t<p>With the ASPION L-Track, damage to sensitive investment goods is detected and reported in real time.<\/p>\n\t\t\t\t<a href=\"https:\/\/www.aspion.de\/wp-content\/uploads\/2025\/01\/ASPION_Cloud_IoT_Plattform.jpg\" target=\"_blank\" rel=\"noopener\"  itemprop=\"url\">\n\t\t\t\t<img decoding=\"async\" src=\"https:\/\/www.aspion.de\/wp-content\/uploads\/2025\/01\/ASPION_Cloud_IoT_Plattform.jpg\" alt=\"ASPION Cloud Cockpit\" itemprop=\"image\" height=\"1080\" width=\"1920\" title=\"ASPION_Cloud_IoT_Plattform\" onerror=\"this.style.display='none'\"  \/>\n\t\t\t\t<\/a>\n\t<p>The connected ASPION Cloud IoT platform shows the current location and status of all deliveries around the clock.<\/p>\n\t\t\t\t<a href=\"https:\/\/www.aspion.de\/wp-content\/uploads\/2025\/01\/ASPION_L-Track_Interface-1024x683.jpg\" target=\"_blank\" rel=\"noopener\"  itemprop=\"url\">\n\t\t\t\t<img decoding=\"async\" src=\"https:\/\/www.aspion.de\/wp-content\/uploads\/2025\/01\/ASPION_L-Track_Interface-1024x683.jpg\" alt=\"ASPION_L-Track_Interface\" itemprop=\"image\" height=\"683\" width=\"1024\" title=\"ASPION_L-Track_Interface\" onerror=\"this.style.display='none'\"  \/>\n\t\t\t\t<\/a>\n\t<p>The innovative sensor platform is flexible and can be extended &#8220;out-of-the-box&#8221;.<\/p>\n\t<h5>Use of the image material for editorial purposes is free of charge. Images \u00a9Tanakorn &#8211; stock.adobe.com, \u00a9ASPION GmbH<\/h5>\n\t<h4>ASPION at the logistics trade fair<\/h4>\n\t\t\t\t<img decoding=\"async\" src=\"https:\/\/www.aspion.de\/wp-content\/uploads\/2023\/02\/LogiMAT.jpg\" alt=\"ASPION LogiMat 2023\" itemprop=\"image\" height=\"480\" width=\"917\" title=\"LogiMAT\" onerror=\"this.style.display='none'\"  \/>\n\t\t<p>LogiMAT Stuttgart, 11. &#8211; 13.03.25<\/p>\n<p>hall 4, booth 4B11<\/p>\n\n","protected":false},"excerpt":{"rendered":"<p>Press release 22.01.2025 Global IoT live tracking ASPION introduces new version of end-to-end solution for 360\u00b0 transport monitoring Karlsruhe, 22 January 2025. In times of global economic tension such as these, supply chains are affected by disruptions, uncertainty and instability, which repeatedly presents global companies with major challenges. With the ASPION L-Track multi-sensor data logger,&hellip;<\/p>\n","protected":false},"author":496,"featured_media":22664,"parent":0,"menu_order":0,"comment_status":"closed","ping_status":"closed","template":"","meta":{"_acf_changed":false,"footnotes":""},"class_list":["post-22671","page","type-page","status-publish","has-post-thumbnail","hentry"],"acf":[],"yoast_head":"<!-- This site is optimized with the Yoast SEO Premium plugin v27.5 (Yoast SEO v27.5) - https:\/\/yoast.com\/product\/yoast-seo-premium-wordpress\/ -->\n<title>Global IoT live tracking: ASPION introduces new version of end-to-end solution for 360\u00b0 transport monitoring<\/title>\n<meta name=\"description\" content=\"ASPION L-Track: At LogiMAT 2025, ASPION showcases numerous new features of the innovative complete system for global 360\u00b0 live tracking.\" \/>\n<meta name=\"robots\" content=\"index, follow, max-snippet:-1, max-image-preview:large, max-video-preview:-1\" \/>\n<link rel=\"canonical\" href=\"https:\/\/www.aspion.de\/en\/press-release-aspion-introduces-new-version-of-end-to-end-solution-for-360-transport-monitoring\/\" \/>\n<meta property=\"og:locale\" content=\"en_US\" \/>\n<meta property=\"og:type\" content=\"article\" \/>\n<meta property=\"og:title\" content=\"Press release: ASPION introduces new version of end-to-end solution for 360\u00b0 transport monitoring\" \/>\n<meta property=\"og:description\" content=\"ASPION L-Track: At LogiMAT 2025, ASPION showcases numerous new features of the innovative complete system for global 360\u00b0 live tracking.\" \/>\n<meta property=\"og:url\" content=\"https:\/\/www.aspion.de\/en\/press-release-aspion-introduces-new-version-of-end-to-end-solution-for-360-transport-monitoring\/\" \/>\n<meta property=\"og:site_name\" content=\"ASPION GmbH \u2013 Profi-Datenlogger f\u00fcr Schock und Sto\u00df - f\u00fcr die Industrie\" \/>\n<meta property=\"article:modified_time\" content=\"2025-01-24T15:01:48+00:00\" \/>\n<meta property=\"og:image\" content=\"https:\/\/www.aspion.de\/wp-content\/uploads\/2025\/01\/ASPION_L-Track_LogiMAT_2025-1024x682.jpeg\" \/>\n\t<meta property=\"og:image:width\" content=\"1024\" \/>\n\t<meta property=\"og:image:height\" content=\"682\" \/>\n\t<meta property=\"og:image:type\" content=\"image\/jpeg\" \/>\n<meta name=\"twitter:card\" content=\"summary_large_image\" \/>\n<meta name=\"twitter:label1\" content=\"Est. reading time\" \/>\n\t<meta name=\"twitter:data1\" content=\"2 minutes\" \/>\n<script type=\"application\/ld+json\" class=\"yoast-schema-graph\">{\"@context\":\"https:\\\/\\\/schema.org\",\"@graph\":[{\"@type\":\"WebPage\",\"@id\":\"https:\\\/\\\/www.aspion.de\\\/en\\\/press-release-aspion-introduces-new-version-of-end-to-end-solution-for-360-transport-monitoring\\\/\",\"url\":\"https:\\\/\\\/www.aspion.de\\\/en\\\/press-release-aspion-introduces-new-version-of-end-to-end-solution-for-360-transport-monitoring\\\/\",\"name\":\"Global IoT live tracking: ASPION introduces new version of end-to-end solution for 360\u00b0 transport monitoring\",\"isPartOf\":{\"@id\":\"https:\\\/\\\/www.aspion.de\\\/en\\\/#website\"},\"primaryImageOfPage\":{\"@id\":\"https:\\\/\\\/www.aspion.de\\\/en\\\/press-release-aspion-introduces-new-version-of-end-to-end-solution-for-360-transport-monitoring\\\/#primaryimage\"},\"image\":{\"@id\":\"https:\\\/\\\/www.aspion.de\\\/en\\\/press-release-aspion-introduces-new-version-of-end-to-end-solution-for-360-transport-monitoring\\\/#primaryimage\"},\"thumbnailUrl\":\"https:\\\/\\\/www.aspion.de\\\/wp-content\\\/uploads\\\/2025\\\/01\\\/ASPION_L-Track_LogiMAT_2025.jpeg\",\"datePublished\":\"2025-01-16T14:36:16+00:00\",\"dateModified\":\"2025-01-24T15:01:48+00:00\",\"description\":\"ASPION L-Track: At LogiMAT 2025, ASPION showcases numerous new features of the innovative complete system for global 360\u00b0 live tracking.\",\"breadcrumb\":{\"@id\":\"https:\\\/\\\/www.aspion.de\\\/en\\\/press-release-aspion-introduces-new-version-of-end-to-end-solution-for-360-transport-monitoring\\\/#breadcrumb\"},\"inLanguage\":\"en-US\",\"potentialAction\":[{\"@type\":\"ReadAction\",\"target\":[\"https:\\\/\\\/www.aspion.de\\\/en\\\/press-release-aspion-introduces-new-version-of-end-to-end-solution-for-360-transport-monitoring\\\/\"]}]},{\"@type\":\"ImageObject\",\"inLanguage\":\"en-US\",\"@id\":\"https:\\\/\\\/www.aspion.de\\\/en\\\/press-release-aspion-introduces-new-version-of-end-to-end-solution-for-360-transport-monitoring\\\/#primaryimage\",\"url\":\"https:\\\/\\\/www.aspion.de\\\/wp-content\\\/uploads\\\/2025\\\/01\\\/ASPION_L-Track_LogiMAT_2025.jpeg\",\"contentUrl\":\"https:\\\/\\\/www.aspion.de\\\/wp-content\\\/uploads\\\/2025\\\/01\\\/ASPION_L-Track_LogiMAT_2025.jpeg\",\"width\":4000,\"height\":2666,\"caption\":\"Mit dem ASPION L-Track werden Sch\u00e4den an sensiblen Investitionsg\u00fctern erkannt und in Echtzeit gemeldet.\"},{\"@type\":\"BreadcrumbList\",\"@id\":\"https:\\\/\\\/www.aspion.de\\\/en\\\/press-release-aspion-introduces-new-version-of-end-to-end-solution-for-360-transport-monitoring\\\/#breadcrumb\",\"itemListElement\":[{\"@type\":\"ListItem\",\"position\":1,\"name\":\"Startseite\",\"item\":\"https:\\\/\\\/www.aspion.de\\\/en\\\/\"},{\"@type\":\"ListItem\",\"position\":2,\"name\":\"Press release: ASPION introduces new version of end-to-end solution for 360\u00b0 transport monitoring\"}]},{\"@type\":\"WebSite\",\"@id\":\"https:\\\/\\\/www.aspion.de\\\/en\\\/#website\",\"url\":\"https:\\\/\\\/www.aspion.de\\\/en\\\/\",\"name\":\"ASPION GmbH \u2013 Profi-Datenlogger f\u00fcr Schock und Sto\u00df - f\u00fcr die Industrie\",\"description\":\"Datenlogger f\u00fcr Transport\u00fcberwachung von Schock, Temperatur, Feuchte - einfach, kosteng\u00fcnstig, nachhaltig, made in Germany.\",\"publisher\":{\"@id\":\"https:\\\/\\\/www.aspion.de\\\/en\\\/#organization\"},\"potentialAction\":[{\"@type\":\"SearchAction\",\"target\":{\"@type\":\"EntryPoint\",\"urlTemplate\":\"https:\\\/\\\/www.aspion.de\\\/en\\\/?s={search_term_string}\"},\"query-input\":{\"@type\":\"PropertyValueSpecification\",\"valueRequired\":true,\"valueName\":\"search_term_string\"}}],\"inLanguage\":\"en-US\"},{\"@type\":[\"Organization\",\"Place\"],\"@id\":\"https:\\\/\\\/www.aspion.de\\\/en\\\/#organization\",\"name\":\"ASPION GmbH\",\"url\":\"https:\\\/\\\/www.aspion.de\\\/en\\\/\",\"logo\":{\"@id\":\"https:\\\/\\\/www.aspion.de\\\/en\\\/press-release-aspion-introduces-new-version-of-end-to-end-solution-for-360-transport-monitoring\\\/#local-main-organization-logo\"},\"image\":{\"@id\":\"https:\\\/\\\/www.aspion.de\\\/en\\\/press-release-aspion-introduces-new-version-of-end-to-end-solution-for-360-transport-monitoring\\\/#local-main-organization-logo\"},\"sameAs\":[\"https:\\\/\\\/www.linkedin.com\\\/company\\\/aspion-gmbh\",\"https:\\\/\\\/www.youtube.com\\\/channel\\\/UCyPrXy8bNbXMKcp_MQEor3w\"],\"address\":{\"@id\":\"https:\\\/\\\/www.aspion.de\\\/en\\\/press-release-aspion-introduces-new-version-of-end-to-end-solution-for-360-transport-monitoring\\\/#local-main-place-address\"},\"telephone\":[\"+49 721 85149-122\"],\"openingHoursSpecification\":[{\"@type\":\"OpeningHoursSpecification\",\"dayOfWeek\":[\"Monday\",\"Tuesday\",\"Wednesday\",\"Thursday\",\"Friday\",\"Saturday\",\"Sunday\"],\"opens\":\"09:00\",\"closes\":\"17:00\"}],\"email\":\"info@aspion.de\",\"faxNumber\":\"+49 721 85149-090\"},{\"@type\":\"PostalAddress\",\"@id\":\"https:\\\/\\\/www.aspion.de\\\/en\\\/press-release-aspion-introduces-new-version-of-end-to-end-solution-for-360-transport-monitoring\\\/#local-main-place-address\",\"streetAddress\":\"Ohiostra\u00dfe 11\",\"addressLocality\":\"Karlsruhe\",\"postalCode\":\"76149\",\"addressRegion\":\"Baden-W\u00fcrttemberg\",\"addressCountry\":\"DE\"},{\"@type\":\"ImageObject\",\"inLanguage\":\"en-US\",\"@id\":\"https:\\\/\\\/www.aspion.de\\\/en\\\/press-release-aspion-introduces-new-version-of-end-to-end-solution-for-360-transport-monitoring\\\/#local-main-organization-logo\",\"url\":\"https:\\\/\\\/www.aspion.de\\\/wp-content\\\/uploads\\\/2014\\\/05\\\/Aspion_GmbH_Active_SensorsPositioning_Logo_1.png\",\"contentUrl\":\"https:\\\/\\\/www.aspion.de\\\/wp-content\\\/uploads\\\/2014\\\/05\\\/Aspion_GmbH_Active_SensorsPositioning_Logo_1.png\",\"width\":280,\"height\":71,\"caption\":\"ASPION GmbH\"}]}<\/script>\n<meta name=\"geo.placename\" content=\"Karlsruhe\" \/>\n<meta name=\"geo.region\" content=\"Germany\" \/>\n<!-- \/ Yoast SEO Premium plugin. -->","yoast_head_json":{"title":"Global IoT live tracking: ASPION introduces new version of end-to-end solution for 360\u00b0 transport monitoring","description":"ASPION L-Track: At LogiMAT 2025, ASPION showcases numerous new features of the innovative complete system for global 360\u00b0 live tracking.","robots":{"index":"index","follow":"follow","max-snippet":"max-snippet:-1","max-image-preview":"max-image-preview:large","max-video-preview":"max-video-preview:-1"},"canonical":"https:\/\/www.aspion.de\/en\/press-release-aspion-introduces-new-version-of-end-to-end-solution-for-360-transport-monitoring\/","og_locale":"en_US","og_type":"article","og_title":"Press release: ASPION introduces new version of end-to-end solution for 360\u00b0 transport monitoring","og_description":"ASPION L-Track: At LogiMAT 2025, ASPION showcases numerous new features of the innovative complete system for global 360\u00b0 live tracking.","og_url":"https:\/\/www.aspion.de\/en\/press-release-aspion-introduces-new-version-of-end-to-end-solution-for-360-transport-monitoring\/","og_site_name":"ASPION GmbH \u2013 Profi-Datenlogger f\u00fcr Schock und Sto\u00df - f\u00fcr die Industrie","article_modified_time":"2025-01-24T15:01:48+00:00","og_image":[{"width":1024,"height":682,"url":"https:\/\/www.aspion.de\/wp-content\/uploads\/2025\/01\/ASPION_L-Track_LogiMAT_2025-1024x682.jpeg","type":"image\/jpeg"}],"twitter_card":"summary_large_image","twitter_misc":{"Est. reading time":"2 minutes"},"schema":{"@context":"https:\/\/schema.org","@graph":[{"@type":"WebPage","@id":"https:\/\/www.aspion.de\/en\/press-release-aspion-introduces-new-version-of-end-to-end-solution-for-360-transport-monitoring\/","url":"https:\/\/www.aspion.de\/en\/press-release-aspion-introduces-new-version-of-end-to-end-solution-for-360-transport-monitoring\/","name":"Global IoT live tracking: ASPION introduces new version of end-to-end solution for 360\u00b0 transport monitoring","isPartOf":{"@id":"https:\/\/www.aspion.de\/en\/#website"},"primaryImageOfPage":{"@id":"https:\/\/www.aspion.de\/en\/press-release-aspion-introduces-new-version-of-end-to-end-solution-for-360-transport-monitoring\/#primaryimage"},"image":{"@id":"https:\/\/www.aspion.de\/en\/press-release-aspion-introduces-new-version-of-end-to-end-solution-for-360-transport-monitoring\/#primaryimage"},"thumbnailUrl":"https:\/\/www.aspion.de\/wp-content\/uploads\/2025\/01\/ASPION_L-Track_LogiMAT_2025.jpeg","datePublished":"2025-01-16T14:36:16+00:00","dateModified":"2025-01-24T15:01:48+00:00","description":"ASPION L-Track: At LogiMAT 2025, ASPION showcases numerous new features of the innovative complete system for global 360\u00b0 live tracking.","breadcrumb":{"@id":"https:\/\/www.aspion.de\/en\/press-release-aspion-introduces-new-version-of-end-to-end-solution-for-360-transport-monitoring\/#breadcrumb"},"inLanguage":"en-US","potentialAction":[{"@type":"ReadAction","target":["https:\/\/www.aspion.de\/en\/press-release-aspion-introduces-new-version-of-end-to-end-solution-for-360-transport-monitoring\/"]}]},{"@type":"ImageObject","inLanguage":"en-US","@id":"https:\/\/www.aspion.de\/en\/press-release-aspion-introduces-new-version-of-end-to-end-solution-for-360-transport-monitoring\/#primaryimage","url":"https:\/\/www.aspion.de\/wp-content\/uploads\/2025\/01\/ASPION_L-Track_LogiMAT_2025.jpeg","contentUrl":"https:\/\/www.aspion.de\/wp-content\/uploads\/2025\/01\/ASPION_L-Track_LogiMAT_2025.jpeg","width":4000,"height":2666,"caption":"Mit dem ASPION L-Track werden Sch\u00e4den an sensiblen Investitionsg\u00fctern erkannt und in Echtzeit gemeldet."},{"@type":"BreadcrumbList","@id":"https:\/\/www.aspion.de\/en\/press-release-aspion-introduces-new-version-of-end-to-end-solution-for-360-transport-monitoring\/#breadcrumb","itemListElement":[{"@type":"ListItem","position":1,"name":"Startseite","item":"https:\/\/www.aspion.de\/en\/"},{"@type":"ListItem","position":2,"name":"Press release: ASPION introduces new version of end-to-end solution for 360\u00b0 transport monitoring"}]},{"@type":"WebSite","@id":"https:\/\/www.aspion.de\/en\/#website","url":"https:\/\/www.aspion.de\/en\/","name":"ASPION GmbH \u2013 Profi-Datenlogger f\u00fcr Schock und Sto\u00df - f\u00fcr die Industrie","description":"Datenlogger f\u00fcr Transport\u00fcberwachung von Schock, Temperatur, Feuchte - einfach, kosteng\u00fcnstig, nachhaltig, made in Germany.","publisher":{"@id":"https:\/\/www.aspion.de\/en\/#organization"},"potentialAction":[{"@type":"SearchAction","target":{"@type":"EntryPoint","urlTemplate":"https:\/\/www.aspion.de\/en\/?s={search_term_string}"},"query-input":{"@type":"PropertyValueSpecification","valueRequired":true,"valueName":"search_term_string"}}],"inLanguage":"en-US"},{"@type":["Organization","Place"],"@id":"https:\/\/www.aspion.de\/en\/#organization","name":"ASPION GmbH","url":"https:\/\/www.aspion.de\/en\/","logo":{"@id":"https:\/\/www.aspion.de\/en\/press-release-aspion-introduces-new-version-of-end-to-end-solution-for-360-transport-monitoring\/#local-main-organization-logo"},"image":{"@id":"https:\/\/www.aspion.de\/en\/press-release-aspion-introduces-new-version-of-end-to-end-solution-for-360-transport-monitoring\/#local-main-organization-logo"},"sameAs":["https:\/\/www.linkedin.com\/company\/aspion-gmbh","https:\/\/www.youtube.com\/channel\/UCyPrXy8bNbXMKcp_MQEor3w"],"address":{"@id":"https:\/\/www.aspion.de\/en\/press-release-aspion-introduces-new-version-of-end-to-end-solution-for-360-transport-monitoring\/#local-main-place-address"},"telephone":["+49 721 85149-122"],"openingHoursSpecification":[{"@type":"OpeningHoursSpecification","dayOfWeek":["Monday","Tuesday","Wednesday","Thursday","Friday","Saturday","Sunday"],"opens":"09:00","closes":"17:00"}],"email":"info@aspion.de","faxNumber":"+49 721 85149-090"},{"@type":"PostalAddress","@id":"https:\/\/www.aspion.de\/en\/press-release-aspion-introduces-new-version-of-end-to-end-solution-for-360-transport-monitoring\/#local-main-place-address","streetAddress":"Ohiostra\u00dfe 11","addressLocality":"Karlsruhe","postalCode":"76149","addressRegion":"Baden-W\u00fcrttemberg","addressCountry":"DE"},{"@type":"ImageObject","inLanguage":"en-US","@id":"https:\/\/www.aspion.de\/en\/press-release-aspion-introduces-new-version-of-end-to-end-solution-for-360-transport-monitoring\/#local-main-organization-logo","url":"https:\/\/www.aspion.de\/wp-content\/uploads\/2014\/05\/Aspion_GmbH_Active_SensorsPositioning_Logo_1.png","contentUrl":"https:\/\/www.aspion.de\/wp-content\/uploads\/2014\/05\/Aspion_GmbH_Active_SensorsPositioning_Logo_1.png","width":280,"height":71,"caption":"ASPION GmbH"}]},"geo.placename":"Karlsruhe","geo.region":"Germany"},"_links":{"self":[{"href":"https:\/\/www.aspion.de\/en\/wp-json\/wp\/v2\/pages\/22671","targetHints":{"allow":["GET"]}}],"collection":[{"href":"https:\/\/www.aspion.de\/en\/wp-json\/wp\/v2\/pages"}],"about":[{"href":"https:\/\/www.aspion.de\/en\/wp-json\/wp\/v2\/types\/page"}],"author":[{"embeddable":true,"href":"https:\/\/www.aspion.de\/en\/wp-json\/wp\/v2\/users\/496"}],"replies":[{"embeddable":true,"href":"https:\/\/www.aspion.de\/en\/wp-json\/wp\/v2\/comments?post=22671"}],"version-history":[{"count":4,"href":"https:\/\/www.aspion.de\/en\/wp-json\/wp\/v2\/pages\/22671\/revisions"}],"predecessor-version":[{"id":22752,"href":"https:\/\/www.aspion.de\/en\/wp-json\/wp\/v2\/pages\/22671\/revisions\/22752"}],"wp:featuredmedia":[{"embeddable":true,"href":"https:\/\/www.aspion.de\/en\/wp-json\/wp\/v2\/media\/22664"}],"wp:attachment":[{"href":"https:\/\/www.aspion.de\/en\/wp-json\/wp\/v2\/media?parent=22671"}],"curies":[{"name":"wp","href":"https:\/\/api.w.org\/{rel}","templated":true}]}}