{"id":22705,"date":"2025-01-21T10:36:53","date_gmt":"2025-01-21T09:36:53","guid":{"rendered":"https:\/\/www.aspion.de\/experience-aspion-professional-data-loggers-live-at-logimat-2025\/"},"modified":"2025-04-01T13:41:56","modified_gmt":"2025-04-01T12:41:56","slug":"experience-aspion-professional-data-loggers-live-at-logimat-2025","status":"publish","type":"page","link":"https:\/\/www.aspion.de\/en\/experience-aspion-professional-data-loggers-live-at-logimat-2025\/","title":{"rendered":"Experience ASPION professional data loggers live at LogiMAT 2025"},"content":{"rendered":"\n<h1>\n\t\tLogiMAT 2025 &#8211; Thank you for your visit, for the exciting use cases and for the inspiring conversations!\n\t<\/h1>\n\t\t\t\t<a href=\"https:\/\/www.logimat-messe.de\/en\" target=\"_blank\" rel=\"noopener\"  itemprop=\"url\">\n\t\t\t\t<img decoding=\"async\" src=\"https:\/\/www.aspion.de\/wp-content\/uploads\/2022\/04\/LogiMAT_Logo_330x200-300x182.png\" alt=\"LogiMAT Logo\" itemprop=\"image\" height=\"182\" width=\"300\" title=\"LogiMAT_Logo_330x200\" onerror=\"this.style.display='none'\"  \/>\n\t\t\t\t<\/a>\n\t\t<p>How does global transport monitoring work smartly and in real time? And how is transport damage reliably recorded for recognized proof in the event of damage? We were presenting these and other exciting topics live at LogiMAT in Stuttgart from March 11 &#8211; 13 in Hall 4, Booth 4B11.<\/p>\n<p>Visitors could experience the <a href=\"https:\/\/www.aspion.de\/en\/shock-sensors-from-aspion-data-loggers-for-transport-monitoring\/\" target=\"_blank\" rel=\"noopener\"><strong>multiple award-winning ASPION G-Log transport data loggers<\/strong><\/a> and the <a href=\"https:\/\/www.aspion.de\/en\/iot-live-asset-tracking-l-track\/\" target=\"_blank\" rel=\"noopener\"><strong>new ASPION L-Track as an end-to-end solution for 360\u00b0 live tracking<\/strong><\/a> &#8220;Made and Hosted in Germany&#8221; at Europe&#8217;s largest trade fair for intralogistics solutions.<\/p>\n<p>In addition to numerous new features of the innovative complete system consisting of a sensor and IoT platform, we were presenting the <strong>possibilities of the flexibly expandable multi-sensor platform <\/strong>as an &#8220;out-of-the-box&#8221; complete solution as a first-time preview. We would like to thank all visitors for the many pleasant moments and <strong>look forward to seeing you again next year<\/strong>!<\/p>\n<p>You did not make it to LogiMAT and want to experience our solutions live and in real time? Then visit us at the trade fair<\/p>\n<p><strong>transport logistic in Munich, June 2 &#8211; 5, 2025 in hall B1, booth 515<\/strong><\/p>\n\t\t\t\t<img decoding=\"async\" src=\"https:\/\/www.aspion.de\/wp-content\/uploads\/2025\/04\/Aspion-Logimat-25-web-35-300x200.jpg\" alt=\"Aspion Logimat 25 web-35\" itemprop=\"image\" height=\"200\" width=\"300\" title=\"Aspion Logimat 25 web-35\" onerror=\"this.style.display='none'\"  \/>\n\t\t\t\t<img decoding=\"async\" src=\"https:\/\/www.aspion.de\/wp-content\/uploads\/2025\/04\/Aspion-Logimat-25-web-34-300x200.jpg\" alt=\"Aspion Logimat 25 web-34\" itemprop=\"image\" height=\"200\" width=\"300\" title=\"Aspion Logimat 25 web-34\" onerror=\"this.style.display='none'\"  \/>\n\t\t\t\t<a href=\"https:\/\/transportlogistic.de\/en\/\" target=\"_blank\" rel=\"noopener\"  itemprop=\"url\">\n\t\t\t\t<img decoding=\"async\" src=\"https:\/\/www.aspion.de\/wp-content\/uploads\/2023\/02\/transport-logistic-banner.jpg\" alt=\"ASPION transport logistic\" itemprop=\"image\" height=\"187\" width=\"591\" title=\"transport logistic banner\" onerror=\"this.style.display='none'\"  \/>\n\t\t\t\t<\/a>\n<h2>\n\t\tNew features &#038; trade fair highlights at a glance\n\t<\/h2>\n<h3>\n\t\tASPION G-Log offers greater clarity and structure with the following new features:\n\t<\/h3>\n\t<ul>\n<li>shock and climate data in one single overview creates direct transparency at a glance<\/li>\n<li>grouping of usages and analyses provides a structured overview<\/li>\n<li>arbitrary filter functions on analysis data filter the most important information from the flood of data<\/li>\n<\/ul>\n<h3>\n\t\tASPION L-Track provides clarity\n\t<\/h3>\n\t<p>The new <a href=\"https:\/\/www.aspion.de\/en\/iot-live-asset-tracking-l-track\/\" target=\"_blank\" rel=\"noopener\"><strong>ASPION L-Track with 360\u00b0 live tracking now provides a clear overview<\/strong><\/a> with its simple and intuitive ASPION Cloud:<\/p>\n<ul>\n<li>The GDPR-compliant map view now shows alarms directly in the associated transport section and in the tracking events, providing geographical transparency and easy assignment in every respect.<\/li>\n<li>With the new shipment management, you can easily assign devices to corresponding transports and times. This displays measured values and alarms in the respective shipping period and allows you to manage multiple deliveries and orders clearly.<\/li>\n<li>Lots of improvements such as fast navigation through direct links, device details with all information at a glance and fast performance ensure a high level of user convenience.<\/li>\n<\/ul>\n\t\t\t\t<img decoding=\"async\" src=\"https:\/\/www.aspion.de\/wp-content\/uploads\/2024\/06\/Cloud_Aspion_rgb-1024x152.png\" alt=\"ASPION Cloud, L-Track, iot platform, live data\" itemprop=\"image\" height=\"152\" width=\"1024\" title=\"Cloud_Aspion_rgb\" onerror=\"this.style.display='none'\"  \/>\n\t\t\t\t<img decoding=\"async\" src=\"https:\/\/www.aspion.de\/wp-content\/uploads\/2025\/02\/Screenshot-2025-02-24-111636.png\" alt=\"Screenshot 2025-02-24 111636\" itemprop=\"image\" height=\"312\" width=\"362\" title=\"Screenshot 2025-02-24 111636\" onerror=\"this.style.display='none'\"  \/>\n\t\t<h2>ASPION G-Log and live tracking with ASPION L-Track:<br \/>\nTransport monitoring in all dimensions<\/h2>\n<p>At our booth, visiters experience live how<\/p>\n<ul>\n<li>digital transportation monitoring works in all dimensions worldwide and in real time<\/li>\n<li>users monitor the location and condition of their goods around the clock<\/li>\n<li>shocks and vibrations in all 3 axis directions are recorded with time accuracy &#8211; even down to the millisecond level and with testing in accordance with European transport standard<\/li>\n<li>sensor data is logged in a smart way in an interval- and event-based manner<\/li>\n<li>events that would otherwise remain hidden become transparent and comprehensible<\/li>\n<li>root cause analysis is easily implemented with autonomous data loggers<\/li>\n<li>damage can be detected and recognized reliably<\/li>\n<li>valuable information can be obtained for intralogistics processes, packaging validation and transparent, secure supply chains.<\/li>\n<\/ul>\n\t\t\t\t<a href=\"https:\/\/www.aspion.de\/en\/iot-live-asset-tracking-l-track\/\" target=\"_blank\" rel=\"noopener\"  itemprop=\"url\">\n\t\t\t\t<img decoding=\"async\" src=\"https:\/\/www.aspion.de\/wp-content\/uploads\/2023\/04\/L-Track-Produktbild-V2.png\" alt=\"ASPION L-Track data logger asset tracking\" itemprop=\"image\" height=\"402\" width=\"600\" title=\"L-Track-Produktbild-V2\" onerror=\"this.style.display='none'\"  \/>\n\t\t\t\t<\/a>\n\t\t\t\t<a href=\"https:\/\/www.aspion.de\/en\/iot-live-asset-tracking-l-track\/\" target=\"_blank\" rel=\"noopener\"  itemprop=\"url\">\n\t\t\t\t<img decoding=\"async\" src=\"https:\/\/www.aspion.de\/wp-content\/uploads\/2023\/04\/ASPION_L-Track_rgb-1024x82.png\" alt=\"ASPION L-Track, Live Tracking, multisensor data logger\" itemprop=\"image\" height=\"82\" width=\"1024\" title=\"ASPION_L-Track_rgb\" onerror=\"this.style.display='none'\"  \/>\n\t\t\t\t<\/a>\n\t\t\t\t<a href=\"https:\/\/www.aspion.de\/en\/data-logger-product-comparison\/#G-Log\" target=\"_blank\" rel=\"noopener\"  itemprop=\"url\">\n\t\t\t\t<img decoding=\"async\" src=\"https:\/\/www.aspion.de\/wp-content\/uploads\/2023\/08\/2023-07-14-Produktdarstellung-G-Log-2-Waterproof-x4-freigestellt-1-1024x683.png\" alt=\"2023-07-14 Produktdarstellung G-Log 2 Waterproof x4 freigestellt\" itemprop=\"image\" height=\"683\" width=\"1024\" title=\"2023-07-14 Produktdarstellung G-Log 2 Waterproof x4 freigestellt\" onerror=\"this.style.display='none'\"  \/>\n\t\t\t\t<\/a>\n\t\t\t\t<a href=\"https:\/\/www.aspion.de\/en\/data-logger-product-comparison\/#G-Log\" target=\"_blank\" rel=\"noopener\"  itemprop=\"url\">\n\t\t\t\t<img decoding=\"async\" src=\"https:\/\/www.aspion.de\/wp-content\/uploads\/2015\/07\/ASPION_G-Log_Schocksensor-300x33.png\" alt=\"Reliably log shock events with the shock sensor ASPION G-Log\" itemprop=\"image\" height=\"33\" width=\"300\" title=\"ASPION _ G-Log _ shock sensor\" onerror=\"this.style.display='none'\"  \/>\n\t\t\t\t<\/a>\n\t\t<h2>Presentation: Global IoT communication <br \/> 13 March, 12 noon in Hall 4 Forum South<\/h2><p>Technology enthusiast could experience the techical presentation on global IoT communication by ASPION founder and CTO Michael W\u00f6hr in Hall 4, Forum South, on Thursday, 13 March at 12 noon.<\/p>\n\t\t\t\t<img decoding=\"async\" src=\"https:\/\/www.aspion.de\/wp-content\/uploads\/2025\/04\/PXL_20250313_110734489.jpg\" alt=\"LogiMAT 2025 Vortrag Michael Woehr ASPION 02\" itemprop=\"image\" height=\"900\" width=\"1600\" title=\"LogiMAT 2025 Vortrag Michael Woehr ASPION 02\" onerror=\"this.style.display='none'\"  \/>\n\t\t\t\t<img decoding=\"async\" src=\"https:\/\/www.aspion.de\/wp-content\/uploads\/2025\/04\/PXL_20250313_110909147.jpg\" alt=\"LogiMAT 2025 Vortrag Michael Woehr ASPION 01\" itemprop=\"image\" height=\"1440\" width=\"2560\" title=\"LogiMAT 2025 Vortrag Michael Woehr ASPION 01\" onerror=\"this.style.display='none'\"  \/>\n\n","protected":false},"excerpt":{"rendered":"<p>LogiMAT 2025 &#8211; Thank you for your visit, for the exciting use cases and for the inspiring conversations! How does global transport monitoring work smartly and in real time? And how is transport damage reliably recorded for recognized proof in the event of damage? We were presenting these and other exciting topics live at LogiMAT&hellip;<\/p>\n","protected":false},"author":496,"featured_media":0,"parent":0,"menu_order":0,"comment_status":"closed","ping_status":"closed","template":"","meta":{"_acf_changed":false,"footnotes":""},"class_list":["post-22705","page","type-page","status-publish","hentry"],"acf":[],"yoast_head":"<!-- This site is optimized with the Yoast SEO Premium plugin v27.5 (Yoast SEO v27.5) - https:\/\/yoast.com\/product\/yoast-seo-premium-wordpress\/ -->\n<title>LogiMAT 2025 \u2013 Experience ASPION professional data loggers live<\/title>\n<meta name=\"description\" content=\"Experience ASPION data loggers live at LogiMAT 2025 \u2713 Get to know possible applications now and secure your entry voucher!\" \/>\n<meta name=\"robots\" content=\"index, follow, max-snippet:-1, max-image-preview:large, max-video-preview:-1\" \/>\n<link rel=\"canonical\" href=\"https:\/\/www.aspion.de\/en\/experience-aspion-professional-data-loggers-live-at-logimat-2025\/\" \/>\n<meta property=\"og:locale\" content=\"en_US\" \/>\n<meta property=\"og:type\" content=\"article\" \/>\n<meta property=\"og:title\" content=\"Experience ASPION professional data loggers live at LogiMAT 2025\" \/>\n<meta property=\"og:description\" content=\"Experience ASPION data loggers live at LogiMAT 2025 \u2713 Get to know possible applications now and secure your entry voucher!\" \/>\n<meta property=\"og:url\" content=\"https:\/\/www.aspion.de\/en\/experience-aspion-professional-data-loggers-live-at-logimat-2025\/\" \/>\n<meta property=\"og:site_name\" content=\"ASPION GmbH \u2013 Profi-Datenlogger f\u00fcr Schock und Sto\u00df - f\u00fcr die Industrie\" \/>\n<meta property=\"article:modified_time\" content=\"2025-04-01T12:41:56+00:00\" \/>\n<meta property=\"og:image\" content=\"https:\/\/www.aspion.de\/wp-content\/uploads\/2022\/04\/LogiMAT_Logo_330x200-300x182.png\" \/>\n<meta name=\"twitter:card\" content=\"summary_large_image\" \/>\n<meta name=\"twitter:label1\" content=\"Est. reading time\" \/>\n\t<meta name=\"twitter:data1\" content=\"3 minutes\" \/>\n<script type=\"application\/ld+json\" class=\"yoast-schema-graph\">{\"@context\":\"https:\\\/\\\/schema.org\",\"@graph\":[{\"@type\":\"WebPage\",\"@id\":\"https:\\\/\\\/www.aspion.de\\\/en\\\/experience-aspion-professional-data-loggers-live-at-logimat-2025\\\/\",\"url\":\"https:\\\/\\\/www.aspion.de\\\/en\\\/experience-aspion-professional-data-loggers-live-at-logimat-2025\\\/\",\"name\":\"LogiMAT 2025 \u2013 Experience ASPION professional data loggers live\",\"isPartOf\":{\"@id\":\"https:\\\/\\\/www.aspion.de\\\/en\\\/#website\"},\"primaryImageOfPage\":{\"@id\":\"https:\\\/\\\/www.aspion.de\\\/en\\\/experience-aspion-professional-data-loggers-live-at-logimat-2025\\\/#primaryimage\"},\"image\":{\"@id\":\"https:\\\/\\\/www.aspion.de\\\/en\\\/experience-aspion-professional-data-loggers-live-at-logimat-2025\\\/#primaryimage\"},\"thumbnailUrl\":\"https:\\\/\\\/www.aspion.de\\\/wp-content\\\/uploads\\\/2022\\\/04\\\/LogiMAT_Logo_330x200-300x182.png\",\"datePublished\":\"2025-01-21T09:36:53+00:00\",\"dateModified\":\"2025-04-01T12:41:56+00:00\",\"description\":\"Experience ASPION data loggers live at LogiMAT 2025 \u2713 Get to know possible applications now and secure your entry voucher!\",\"breadcrumb\":{\"@id\":\"https:\\\/\\\/www.aspion.de\\\/en\\\/experience-aspion-professional-data-loggers-live-at-logimat-2025\\\/#breadcrumb\"},\"inLanguage\":\"en-US\",\"potentialAction\":[{\"@type\":\"ReadAction\",\"target\":[\"https:\\\/\\\/www.aspion.de\\\/en\\\/experience-aspion-professional-data-loggers-live-at-logimat-2025\\\/\"]}]},{\"@type\":\"ImageObject\",\"inLanguage\":\"en-US\",\"@id\":\"https:\\\/\\\/www.aspion.de\\\/en\\\/experience-aspion-professional-data-loggers-live-at-logimat-2025\\\/#primaryimage\",\"url\":\"https:\\\/\\\/www.aspion.de\\\/wp-content\\\/uploads\\\/2022\\\/04\\\/LogiMAT_Logo_330x200-300x182.png\",\"contentUrl\":\"https:\\\/\\\/www.aspion.de\\\/wp-content\\\/uploads\\\/2022\\\/04\\\/LogiMAT_Logo_330x200-300x182.png\"},{\"@type\":\"BreadcrumbList\",\"@id\":\"https:\\\/\\\/www.aspion.de\\\/en\\\/experience-aspion-professional-data-loggers-live-at-logimat-2025\\\/#breadcrumb\",\"itemListElement\":[{\"@type\":\"ListItem\",\"position\":1,\"name\":\"Startseite\",\"item\":\"https:\\\/\\\/www.aspion.de\\\/en\\\/\"},{\"@type\":\"ListItem\",\"position\":2,\"name\":\"Experience ASPION professional data loggers live at LogiMAT 2025\"}]},{\"@type\":\"WebSite\",\"@id\":\"https:\\\/\\\/www.aspion.de\\\/en\\\/#website\",\"url\":\"https:\\\/\\\/www.aspion.de\\\/en\\\/\",\"name\":\"ASPION GmbH \u2013 Profi-Datenlogger f\u00fcr Schock und Sto\u00df - f\u00fcr die Industrie\",\"description\":\"Datenlogger f\u00fcr Transport\u00fcberwachung von Schock, Temperatur, Feuchte - einfach, kosteng\u00fcnstig, nachhaltig, made in Germany.\",\"publisher\":{\"@id\":\"https:\\\/\\\/www.aspion.de\\\/en\\\/#organization\"},\"potentialAction\":[{\"@type\":\"SearchAction\",\"target\":{\"@type\":\"EntryPoint\",\"urlTemplate\":\"https:\\\/\\\/www.aspion.de\\\/en\\\/?s={search_term_string}\"},\"query-input\":{\"@type\":\"PropertyValueSpecification\",\"valueRequired\":true,\"valueName\":\"search_term_string\"}}],\"inLanguage\":\"en-US\"},{\"@type\":[\"Organization\",\"Place\"],\"@id\":\"https:\\\/\\\/www.aspion.de\\\/en\\\/#organization\",\"name\":\"ASPION GmbH\",\"url\":\"https:\\\/\\\/www.aspion.de\\\/en\\\/\",\"logo\":{\"@id\":\"https:\\\/\\\/www.aspion.de\\\/en\\\/experience-aspion-professional-data-loggers-live-at-logimat-2025\\\/#local-main-organization-logo\"},\"image\":{\"@id\":\"https:\\\/\\\/www.aspion.de\\\/en\\\/experience-aspion-professional-data-loggers-live-at-logimat-2025\\\/#local-main-organization-logo\"},\"sameAs\":[\"https:\\\/\\\/www.linkedin.com\\\/company\\\/aspion-gmbh\",\"https:\\\/\\\/www.youtube.com\\\/channel\\\/UCyPrXy8bNbXMKcp_MQEor3w\"],\"address\":{\"@id\":\"https:\\\/\\\/www.aspion.de\\\/en\\\/experience-aspion-professional-data-loggers-live-at-logimat-2025\\\/#local-main-place-address\"},\"telephone\":[\"+49 721 85149-122\"],\"openingHoursSpecification\":[{\"@type\":\"OpeningHoursSpecification\",\"dayOfWeek\":[\"Monday\",\"Tuesday\",\"Wednesday\",\"Thursday\",\"Friday\",\"Saturday\",\"Sunday\"],\"opens\":\"09:00\",\"closes\":\"17:00\"}],\"email\":\"info@aspion.de\",\"faxNumber\":\"+49 721 85149-090\"},{\"@type\":\"PostalAddress\",\"@id\":\"https:\\\/\\\/www.aspion.de\\\/en\\\/experience-aspion-professional-data-loggers-live-at-logimat-2025\\\/#local-main-place-address\",\"streetAddress\":\"Ohiostra\u00dfe 11\",\"addressLocality\":\"Karlsruhe\",\"postalCode\":\"76149\",\"addressRegion\":\"Baden-W\u00fcrttemberg\",\"addressCountry\":\"DE\"},{\"@type\":\"ImageObject\",\"inLanguage\":\"en-US\",\"@id\":\"https:\\\/\\\/www.aspion.de\\\/en\\\/experience-aspion-professional-data-loggers-live-at-logimat-2025\\\/#local-main-organization-logo\",\"url\":\"https:\\\/\\\/www.aspion.de\\\/wp-content\\\/uploads\\\/2014\\\/05\\\/Aspion_GmbH_Active_SensorsPositioning_Logo_1.png\",\"contentUrl\":\"https:\\\/\\\/www.aspion.de\\\/wp-content\\\/uploads\\\/2014\\\/05\\\/Aspion_GmbH_Active_SensorsPositioning_Logo_1.png\",\"width\":280,\"height\":71,\"caption\":\"ASPION GmbH\"}]}<\/script>\n<meta name=\"geo.placename\" content=\"Karlsruhe\" \/>\n<meta name=\"geo.region\" content=\"Germany\" \/>\n<!-- \/ Yoast SEO Premium plugin. -->","yoast_head_json":{"title":"LogiMAT 2025 \u2013 Experience ASPION professional data loggers live","description":"Experience ASPION data loggers live at LogiMAT 2025 \u2713 Get to know possible applications now and secure your entry voucher!","robots":{"index":"index","follow":"follow","max-snippet":"max-snippet:-1","max-image-preview":"max-image-preview:large","max-video-preview":"max-video-preview:-1"},"canonical":"https:\/\/www.aspion.de\/en\/experience-aspion-professional-data-loggers-live-at-logimat-2025\/","og_locale":"en_US","og_type":"article","og_title":"Experience ASPION professional data loggers live at LogiMAT 2025","og_description":"Experience ASPION data loggers live at LogiMAT 2025 \u2713 Get to know possible applications now and secure your entry voucher!","og_url":"https:\/\/www.aspion.de\/en\/experience-aspion-professional-data-loggers-live-at-logimat-2025\/","og_site_name":"ASPION GmbH \u2013 Profi-Datenlogger f\u00fcr Schock und Sto\u00df - f\u00fcr die Industrie","article_modified_time":"2025-04-01T12:41:56+00:00","og_image":[{"url":"https:\/\/www.aspion.de\/wp-content\/uploads\/2022\/04\/LogiMAT_Logo_330x200-300x182.png","type":"","width":"","height":""}],"twitter_card":"summary_large_image","twitter_misc":{"Est. reading time":"3 minutes"},"schema":{"@context":"https:\/\/schema.org","@graph":[{"@type":"WebPage","@id":"https:\/\/www.aspion.de\/en\/experience-aspion-professional-data-loggers-live-at-logimat-2025\/","url":"https:\/\/www.aspion.de\/en\/experience-aspion-professional-data-loggers-live-at-logimat-2025\/","name":"LogiMAT 2025 \u2013 Experience ASPION professional data loggers live","isPartOf":{"@id":"https:\/\/www.aspion.de\/en\/#website"},"primaryImageOfPage":{"@id":"https:\/\/www.aspion.de\/en\/experience-aspion-professional-data-loggers-live-at-logimat-2025\/#primaryimage"},"image":{"@id":"https:\/\/www.aspion.de\/en\/experience-aspion-professional-data-loggers-live-at-logimat-2025\/#primaryimage"},"thumbnailUrl":"https:\/\/www.aspion.de\/wp-content\/uploads\/2022\/04\/LogiMAT_Logo_330x200-300x182.png","datePublished":"2025-01-21T09:36:53+00:00","dateModified":"2025-04-01T12:41:56+00:00","description":"Experience ASPION data loggers live at LogiMAT 2025 \u2713 Get to know possible applications now and secure your entry voucher!","breadcrumb":{"@id":"https:\/\/www.aspion.de\/en\/experience-aspion-professional-data-loggers-live-at-logimat-2025\/#breadcrumb"},"inLanguage":"en-US","potentialAction":[{"@type":"ReadAction","target":["https:\/\/www.aspion.de\/en\/experience-aspion-professional-data-loggers-live-at-logimat-2025\/"]}]},{"@type":"ImageObject","inLanguage":"en-US","@id":"https:\/\/www.aspion.de\/en\/experience-aspion-professional-data-loggers-live-at-logimat-2025\/#primaryimage","url":"https:\/\/www.aspion.de\/wp-content\/uploads\/2022\/04\/LogiMAT_Logo_330x200-300x182.png","contentUrl":"https:\/\/www.aspion.de\/wp-content\/uploads\/2022\/04\/LogiMAT_Logo_330x200-300x182.png"},{"@type":"BreadcrumbList","@id":"https:\/\/www.aspion.de\/en\/experience-aspion-professional-data-loggers-live-at-logimat-2025\/#breadcrumb","itemListElement":[{"@type":"ListItem","position":1,"name":"Startseite","item":"https:\/\/www.aspion.de\/en\/"},{"@type":"ListItem","position":2,"name":"Experience ASPION professional data loggers live at LogiMAT 2025"}]},{"@type":"WebSite","@id":"https:\/\/www.aspion.de\/en\/#website","url":"https:\/\/www.aspion.de\/en\/","name":"ASPION GmbH \u2013 Profi-Datenlogger f\u00fcr Schock und Sto\u00df - f\u00fcr die Industrie","description":"Datenlogger f\u00fcr Transport\u00fcberwachung von Schock, Temperatur, Feuchte - einfach, kosteng\u00fcnstig, nachhaltig, made in Germany.","publisher":{"@id":"https:\/\/www.aspion.de\/en\/#organization"},"potentialAction":[{"@type":"SearchAction","target":{"@type":"EntryPoint","urlTemplate":"https:\/\/www.aspion.de\/en\/?s={search_term_string}"},"query-input":{"@type":"PropertyValueSpecification","valueRequired":true,"valueName":"search_term_string"}}],"inLanguage":"en-US"},{"@type":["Organization","Place"],"@id":"https:\/\/www.aspion.de\/en\/#organization","name":"ASPION GmbH","url":"https:\/\/www.aspion.de\/en\/","logo":{"@id":"https:\/\/www.aspion.de\/en\/experience-aspion-professional-data-loggers-live-at-logimat-2025\/#local-main-organization-logo"},"image":{"@id":"https:\/\/www.aspion.de\/en\/experience-aspion-professional-data-loggers-live-at-logimat-2025\/#local-main-organization-logo"},"sameAs":["https:\/\/www.linkedin.com\/company\/aspion-gmbh","https:\/\/www.youtube.com\/channel\/UCyPrXy8bNbXMKcp_MQEor3w"],"address":{"@id":"https:\/\/www.aspion.de\/en\/experience-aspion-professional-data-loggers-live-at-logimat-2025\/#local-main-place-address"},"telephone":["+49 721 85149-122"],"openingHoursSpecification":[{"@type":"OpeningHoursSpecification","dayOfWeek":["Monday","Tuesday","Wednesday","Thursday","Friday","Saturday","Sunday"],"opens":"09:00","closes":"17:00"}],"email":"info@aspion.de","faxNumber":"+49 721 85149-090"},{"@type":"PostalAddress","@id":"https:\/\/www.aspion.de\/en\/experience-aspion-professional-data-loggers-live-at-logimat-2025\/#local-main-place-address","streetAddress":"Ohiostra\u00dfe 11","addressLocality":"Karlsruhe","postalCode":"76149","addressRegion":"Baden-W\u00fcrttemberg","addressCountry":"DE"},{"@type":"ImageObject","inLanguage":"en-US","@id":"https:\/\/www.aspion.de\/en\/experience-aspion-professional-data-loggers-live-at-logimat-2025\/#local-main-organization-logo","url":"https:\/\/www.aspion.de\/wp-content\/uploads\/2014\/05\/Aspion_GmbH_Active_SensorsPositioning_Logo_1.png","contentUrl":"https:\/\/www.aspion.de\/wp-content\/uploads\/2014\/05\/Aspion_GmbH_Active_SensorsPositioning_Logo_1.png","width":280,"height":71,"caption":"ASPION GmbH"}]},"geo.placename":"Karlsruhe","geo.region":"Germany"},"_links":{"self":[{"href":"https:\/\/www.aspion.de\/en\/wp-json\/wp\/v2\/pages\/22705","targetHints":{"allow":["GET"]}}],"collection":[{"href":"https:\/\/www.aspion.de\/en\/wp-json\/wp\/v2\/pages"}],"about":[{"href":"https:\/\/www.aspion.de\/en\/wp-json\/wp\/v2\/types\/page"}],"author":[{"embeddable":true,"href":"https:\/\/www.aspion.de\/en\/wp-json\/wp\/v2\/users\/496"}],"replies":[{"embeddable":true,"href":"https:\/\/www.aspion.de\/en\/wp-json\/wp\/v2\/comments?post=22705"}],"version-history":[{"count":11,"href":"https:\/\/www.aspion.de\/en\/wp-json\/wp\/v2\/pages\/22705\/revisions"}],"predecessor-version":[{"id":22917,"href":"https:\/\/www.aspion.de\/en\/wp-json\/wp\/v2\/pages\/22705\/revisions\/22917"}],"wp:attachment":[{"href":"https:\/\/www.aspion.de\/en\/wp-json\/wp\/v2\/media?parent=22705"}],"curies":[{"name":"wp","href":"https:\/\/api.w.org\/{rel}","templated":true}]}}