{"id":23158,"date":"2025-04-22T16:35:51","date_gmt":"2025-04-22T15:35:51","guid":{"rendered":"https:\/\/www.aspion.de\/transport-logistic-2025-in-munich-experience-professional-aspion-data-loggers-live\/"},"modified":"2025-05-22T10:28:29","modified_gmt":"2025-05-22T08:28:29","slug":"transport-logistic-2025-in-munich-experience-professional-aspion-data-loggers-live","status":"publish","type":"page","link":"https:\/\/www.aspion.de\/en\/transport-logistic-2025-in-munich-experience-professional-aspion-data-loggers-live\/","title":{"rendered":"transport logistic 2025 in Munich: experience professional ASPION data loggers live"},"content":{"rendered":"\n<h1>\n\t\ttransport logistic 2025 &#8211; experience global IoT live tracking and smart transport monitoring in action\n\t<\/h1>\n\t\t\t\t<a href=\"https:\/\/exhibitors.transportlogistic.de\/en\/exhibitors-and-directories\/exhibitors-brand-names\/exhibitors-brand-names-details\/exhibitorDetail\/ID\/1415808\/?cHash=f9a434223fd602fa5974c8ee9246ba11\" target=\"_blank\" rel=\"noopener\"  itemprop=\"url\">\n\t\t\t\t<img decoding=\"async\" src=\"https:\/\/www.aspion.de\/wp-content\/uploads\/2023\/02\/transport-logistic-banner.jpg\" alt=\"ASPION transport logistic\" itemprop=\"image\" height=\"187\" width=\"591\" title=\"transport logistic banner\" onerror=\"this.style.display='none'\"  \/>\n\t\t\t\t<\/a>\n\t\t<p>How are global transports monitored intelligently and in real time? And how do smart data loggers provide conclusive evidence for business partners and insurance companies in the event of damage? Experience these and many other exciting topics live at our stand at<\/p>\n<p><strong>transport logistic in Munich, <\/strong><strong>June 2 &#8211; 5, 2025 in Hall B1, Booth 515.<\/strong><\/p>\n<p>The worldwide leading international trade fair brings together the entire industry for logistics, mobility, IT and supply chain management. In addition to <a href=\"https:\/\/www.aspion.de\/en\/shock-sensors-from-aspion-data-loggers-for-transport-monitoring\/\" target=\"_blank\" rel=\"noopener\"><strong>new features for the award-winning ASPION G-Log transport data loggers<\/strong><\/a>, we will present the innovative <a href=\"https:\/\/www.aspion.de\/en\/iot-live-asset-tracking-l-track\/\" target=\"_blank\" rel=\"noopener\"><strong>ASPION L-Track as an end-to-end solution with global 360\u00b0 live tracking<\/strong><\/a> &#8211; completely &#8220;Made and Hosted in Germany&#8221; and recently awarded the <a href=\"https:\/\/www.aspion.de\/en\/aspion-l-track-wins-electrotec-pioneer-award-2025\/?cat=all-news\" target=\"_blank\" rel=\"noopener\"><strong>ElectroTEC Pioneer Award 2025<\/strong><\/a>. In addition, ASPION founder and CTO Michael W\u00f6hr invites you to his live presentation on global IoT communication on June 3, 2025.<\/p>\n<p>Secure your personal appointment now &#8211; <strong>including a free entry voucher<\/strong> &#8211; and experience live how smart transport monitoring works with ASPION&#8217;s professional data loggers!<\/p>\n\t\t\t<a href=\"mailto:marketing@aspion.de?subject=transport%20logistic%202025:%20request%20for%20appointment%20and%20ticket\" target=\"_blank\" rel=\"noopener\">\n\t\t\t\t\t\tBook an appointment now and secure your ticket!\n\t\t\t\t\t<\/a>\n\t\t\t\t<a href=\"https:\/\/exhibitors.transportlogistic.de\/en\/exhibitors-and-directories\/exhibitors-brand-names\/exhibitors-brand-names-details\/exhibitorDetail\/ID\/1415808\/?cHash=f9a434223fd602fa5974c8ee9246ba11\" target=\"_blank\" rel=\"noopener\"  itemprop=\"url\">\n\t\t\t\t<img decoding=\"async\" src=\"https:\/\/www.aspion.de\/wp-content\/uploads\/2025\/04\/Aspion-Logimat-25-web-35-300x200.jpg\" alt=\"Aspion Logimat 25 web-35\" itemprop=\"image\" height=\"200\" width=\"300\" title=\"Aspion Logimat 25 web-35\" onerror=\"this.style.display='none'\"  \/>\n\t\t\t\t<\/a>\n\t\t\t\t<a href=\"https:\/\/exhibitors.transportlogistic.de\/en\/exhibitors-and-directories\/exhibitors-brand-names\/exhibitors-brand-names-details\/exhibitorDetail\/ID\/1415808\/?cHash=f9a434223fd602fa5974c8ee9246ba11\" target=\"_blank\" rel=\"noopener\"  itemprop=\"url\">\n\t\t\t\t<img decoding=\"async\" src=\"https:\/\/www.aspion.de\/wp-content\/uploads\/2025\/04\/Aspion-Logimat-25-web-3-300x200.jpg\" alt=\"Aspion Logimat 25 web-3\" itemprop=\"image\" height=\"200\" width=\"300\" title=\"Aspion Logimat 25 web-3\" onerror=\"this.style.display='none'\"  \/>\n\t\t\t\t<\/a>\n\t\t\t\t<a href=\"https:\/\/www.aspion.de\/en\/iot-live-asset-tracking-l-track\/\" target=\"_blank\" rel=\"noopener\"  itemprop=\"url\">\n\t\t\t\t<img decoding=\"async\" src=\"https:\/\/www.aspion.de\/wp-content\/plugins\/bb-plugin\/img\/pixel.png\" alt=\"\" itemprop=\"image\" onerror=\"this.style.display='none'\"  \/>\n\t\t\t\t<\/a>\n<h2>\n\t\tAll novelties &#038; highlights at a glance:\n\t<\/h2>\n<h3>\n\t\tASPION G-Log: improved overview and new structure\n\t<\/h3>\n\t<ul>\n<li>a combined analysis screen for shock and climate data creates transparency at a glance.<\/li>\n<li>structure and overview through grouping of usages and analyses.<\/li>\n<li>flexible filter functions on data analysis filter the relevant information from the flood of data.<\/li>\n<\/ul>\n<h3>\n\t\tASPION L-Track: insight with the ASPION Cloud\n\t<\/h3>\n\t<p>The user-friendly ASPION Cloud of the <a href=\"https:\/\/www.aspion.de\/en\/iot-live-asset-tracking-l-track\/\" target=\"_blank\" rel=\"noopener\"><strong>ASPION L-Track with 360\u00b0 live tracking now provides clarity<\/strong><\/a>:<\/p>\n<ul>\n<li>geographical transparency in the GDPR-compliant map view: simple matching by displaying alarms directly in the associated transport section and in the tracking events.<\/li>\n<li>new shipment management: easily assign devices to the corresponding tasks and times. This displays measured values and alarms in the respective shipping period and allows you to manage multiple shipments and tasks transparently.<\/li>\n<li>numerous improvements ensure user-friendliness, for example fast navigation through direct links, device details with all information at a glance and fast performance.<\/li>\n<\/ul>\n\t\t\t\t<img decoding=\"async\" src=\"https:\/\/www.aspion.de\/wp-content\/uploads\/2024\/06\/Cloud_Aspion_rgb-1024x152.png\" alt=\"ASPION Cloud, L-Track, iot platform, live data\" itemprop=\"image\" height=\"152\" width=\"1024\" title=\"Cloud_Aspion_rgb\" onerror=\"this.style.display='none'\"  \/>\n\t\t\t\t<a href=\"https:\/\/www.aspion.de\/wp-content\/uploads\/2025\/02\/Screenshot-2025-02-24-111636.png\" target=\"_self\" itemprop=\"url\">\n\t\t\t\t<img decoding=\"async\" src=\"https:\/\/www.aspion.de\/wp-content\/uploads\/2025\/02\/Screenshot-2025-02-24-111636.png\" alt=\"Screenshot 2025-02-24 111636\" itemprop=\"image\" height=\"312\" width=\"362\" title=\"Screenshot 2025-02-24 111636\" onerror=\"this.style.display='none'\"  \/>\n\t\t\t\t<\/a>\n<h2>\n\t\tASPION G-Log and live tracking with ASPION L-Track: <br \/>transport monitoring in all dimensions\n\t<\/h2>\n\t<p>Experience on site at our exhibition stand how<\/p>\n<ul>\n<li>360\u00b0 transport monitoring works live and worldwide<\/li>\n<li>users can monitor the location and condition of their transported goods around the clock<\/li>\n<li>shocks and vibrations in all 3 axes are recorded in a traceable manner &#8211; even over time at millisecond level and with testing in accordance with European transport standard<\/li>\n<li>sensor data is logged intelligently on an interval and event basis<\/li>\n<li>even events that would otherwise remain hidden become transparent and comprehensible<\/li>\n<li>root cause analysis is easily implemented with autonomous transport data loggers<\/li>\n<li>how damage can be reliably and validly detected using sensor data<\/li>\n<li>how valuable information is obtained for logistics processes, packaging validation and a transparent, secure supply chain.<\/li>\n<\/ul>\n\t\t\t\t<a href=\"https:\/\/www.aspion.de\/en\/iot-live-asset-tracking-l-track\/\" target=\"_blank\" rel=\"noopener\"  itemprop=\"url\">\n\t\t\t\t<img decoding=\"async\" src=\"https:\/\/www.aspion.de\/wp-content\/uploads\/2023\/04\/L-Track-Produktbild-V2.png\" alt=\"ASPION L-Track data logger asset tracking\" itemprop=\"image\" height=\"402\" width=\"600\" title=\"L-Track-Produktbild-V2\" onerror=\"this.style.display='none'\"  \/>\n\t\t\t\t<\/a>\n\t\t\t\t<a href=\"https:\/\/www.aspion.de\/en\/iot-live-asset-tracking-l-track\/\" target=\"_blank\" rel=\"noopener\"  itemprop=\"url\">\n\t\t\t\t<img decoding=\"async\" src=\"https:\/\/www.aspion.de\/wp-content\/uploads\/2023\/04\/ASPION_L-Track_rgb-300x24.png\" alt=\"ASPION L-Track, Live Tracking, multisensor data logger\" itemprop=\"image\" height=\"24\" width=\"300\" title=\"ASPION_L-Track_rgb\" onerror=\"this.style.display='none'\"  \/>\n\t\t\t\t<\/a>\n\t\t\t\t<a href=\"https:\/\/www.aspion.de\/en\/data-logger-product-comparison\/#G-Log\" target=\"_blank\" rel=\"noopener\"  itemprop=\"url\">\n\t\t\t\t<img decoding=\"async\" src=\"https:\/\/www.aspion.de\/wp-content\/uploads\/2023\/08\/2023-07-14-Produktdarstellung-G-Log-2-Waterproof-x4-freigestellt-1-1024x683.png\" alt=\"2023-07-14 Produktdarstellung G-Log 2 Waterproof x4 freigestellt\" itemprop=\"image\" height=\"683\" width=\"1024\" title=\"2023-07-14 Produktdarstellung G-Log 2 Waterproof x4 freigestellt\" onerror=\"this.style.display='none'\"  \/>\n\t\t\t\t<\/a>\n\t\t\t\t<a href=\"https:\/\/www.aspion.de\/en\/data-logger-product-comparison\/#G-Log\" target=\"_blank\" rel=\"noopener\"  itemprop=\"url\">\n\t\t\t\t<img decoding=\"async\" src=\"https:\/\/www.aspion.de\/wp-content\/uploads\/2015\/07\/ASPION_G-Log_Schocksensor-300x33.png\" alt=\"Reliably log shock events with the shock sensor ASPION G-Log\" itemprop=\"image\" height=\"33\" width=\"300\" title=\"ASPION _ G-Log _ shock sensor\" onerror=\"this.style.display='none'\"  \/>\n\t\t\t\t<\/a>\n\t\t<h2>Don&#8217;t miss the presentation highlight<\/h2><p>Follow the presentation by ASPION founder and CTO Michael W\u00f6hr on &#8220;<strong>Opportunities and hurdles of global IoT communication using the example of multisensor tracking devices<\/strong>&#8221; live on the Exhibitor Stage<\/p>\n<p><strong>in Hall B5.133\/234, on Tuesday, June 3, 2025 at 12:30 p.m.<\/strong><\/p>\n<p><a href=\"https:\/\/transportlogistic.de\/en\/event-program\/stages\/lecture\/opportunities-and-hurdles-of-global-iot-communication-by-the-example-of-multi-sensor-tracking-devices-9960\/\" target=\"_blank\" rel=\"noopener\"><strong>Save-the-Date in your calendar!<\/strong><\/a><\/p>\n\t\t\t\t<a href=\"https:\/\/transportlogistic.de\/en\/event-program\/stages\/lecture\/opportunities-and-hurdles-of-global-iot-communication-by-the-example-of-multi-sensor-tracking-devices-9960\/\" target=\"_blank\" rel=\"noopener\"  itemprop=\"url\">\n\t\t\t\t<img decoding=\"async\" src=\"https:\/\/www.aspion.de\/wp-content\/uploads\/2025\/04\/michael-woehr-stellt-aspion-L-track-vor-1024x683.jpg\" alt=\"Michael W\u00f6hr Vortrag im Exhibition Forum\" itemprop=\"image\" height=\"683\" width=\"1024\" title=\"michael-woehr-stellt-aspion-L-track-vor\" onerror=\"this.style.display='none'\"  \/>\n\t\t\t\t<\/a>\n\t\t<h2>Book your preferred date and secure free admission<\/h2><p><strong>Curious?<\/strong> Then arrange your <a href=\"mailto:marketing@aspion.de?subject=transport logistic 2025: request for appointment and ticket\" target=\"_blank\" rel=\"noopener\"><strong>personal consultation<\/strong><\/a> now at our trade fair stand in Hall B1, Booth 515 and secure your <strong>free entry voucher<\/strong>.<\/p>\n<p>We look forward to your requirements for smart, global transportation monitoring!<\/p>\n\t\t\t<a href=\"mailto:marketing@aspion.de?subject=transport%20logistic%202025:%20request%20for%20appointment%20and%20ticket\" target=\"_blank\" rel=\"noopener\">\n\t\t\t\t\t\tBook an appointment now and secure your ticket!\n\t\t\t\t\t<\/a>\n\t  <img decoding=\"async\" src=\"https:\/\/www.aspion.de\/wp-content\/plugins\/borlabs-cookie\/assets\/images\/cb-no-thumbnail.png\" alt=\"YouTube\"\/>  <p>Mit dem Laden des Videos akzeptieren Sie die Datenschutzerkl\u00e4rung von YouTube.<br \/><a href=\"https:\/\/policies.google.com\/privacy\" target=\"_blank\" rel=\"nofollow noopener noreferrer\">Mehr erfahren<\/a> <a href=\"#\" data-borlabs-cookie-unblock role=\"button\">Video laden<\/a> <label><input type=\"checkbox\" name=\"unblockAll\" value=\"1\" checked\/> <small>YouTube immer entsperren<\/small><\/label><\/p>   \n\n","protected":false},"excerpt":{"rendered":"<p>transport logistic 2025 &#8211; experience global IoT live tracking and smart transport monitoring in action How are global transports monitored intelligently and in real time? And how do smart data loggers provide conclusive evidence for business partners and insurance companies in the event of damage? Experience these and many other exciting topics live at our&hellip;<\/p>\n","protected":false},"author":496,"featured_media":0,"parent":0,"menu_order":0,"comment_status":"closed","ping_status":"closed","template":"","meta":{"_acf_changed":false,"footnotes":""},"class_list":["post-23158","page","type-page","status-publish","hentry"],"acf":[],"yoast_head":"<!-- This site is optimized with the Yoast SEO Premium plugin v27.4 (Yoast SEO v27.4) - https:\/\/yoast.com\/product\/yoast-seo-premium-wordpress\/ -->\n<title>transport logistic 2025: experience professional ASPION data loggers live<\/title>\n<meta name=\"description\" content=\"Experience ASPION data loggers live at transport logistic 2025 in Munich. \u25ba Secure your appointment and entry voucher now!\" \/>\n<meta name=\"robots\" content=\"index, follow, max-snippet:-1, max-image-preview:large, max-video-preview:-1\" \/>\n<link rel=\"canonical\" href=\"https:\/\/www.aspion.de\/en\/transport-logistic-2025-in-munich-experience-professional-aspion-data-loggers-live\/\" \/>\n<meta property=\"og:locale\" content=\"en_US\" \/>\n<meta property=\"og:type\" content=\"article\" \/>\n<meta property=\"og:title\" content=\"transport logistic 2025 in Munich: experience professional ASPION data loggers live\" \/>\n<meta property=\"og:description\" content=\"Experience ASPION data loggers live at transport logistic 2025 in Munich. \u25ba Secure your appointment and entry voucher now!\" \/>\n<meta property=\"og:url\" content=\"https:\/\/www.aspion.de\/en\/transport-logistic-2025-in-munich-experience-professional-aspion-data-loggers-live\/\" \/>\n<meta property=\"og:site_name\" content=\"ASPION GmbH \u2013 Profi-Datenlogger f\u00fcr Schock und Sto\u00df - f\u00fcr die Industrie\" \/>\n<meta property=\"article:modified_time\" content=\"2025-05-22T08:28:29+00:00\" \/>\n<meta property=\"og:image\" content=\"https:\/\/www.aspion.de\/wp-content\/uploads\/2023\/02\/transport-logistic-banner.jpg\" \/>\n<meta name=\"twitter:card\" content=\"summary_large_image\" \/>\n<meta name=\"twitter:label1\" content=\"Est. reading time\" \/>\n\t<meta name=\"twitter:data1\" content=\"3 minutes\" \/>\n<script type=\"application\/ld+json\" class=\"yoast-schema-graph\">{\"@context\":\"https:\\\/\\\/schema.org\",\"@graph\":[{\"@type\":\"WebPage\",\"@id\":\"https:\\\/\\\/www.aspion.de\\\/en\\\/transport-logistic-2025-in-munich-experience-professional-aspion-data-loggers-live\\\/\",\"url\":\"https:\\\/\\\/www.aspion.de\\\/en\\\/transport-logistic-2025-in-munich-experience-professional-aspion-data-loggers-live\\\/\",\"name\":\"transport logistic 2025: experience professional ASPION data loggers live\",\"isPartOf\":{\"@id\":\"https:\\\/\\\/www.aspion.de\\\/en\\\/#website\"},\"primaryImageOfPage\":{\"@id\":\"https:\\\/\\\/www.aspion.de\\\/en\\\/transport-logistic-2025-in-munich-experience-professional-aspion-data-loggers-live\\\/#primaryimage\"},\"image\":{\"@id\":\"https:\\\/\\\/www.aspion.de\\\/en\\\/transport-logistic-2025-in-munich-experience-professional-aspion-data-loggers-live\\\/#primaryimage\"},\"thumbnailUrl\":\"https:\\\/\\\/www.aspion.de\\\/wp-content\\\/uploads\\\/2023\\\/02\\\/transport-logistic-banner.jpg\",\"datePublished\":\"2025-04-22T15:35:51+00:00\",\"dateModified\":\"2025-05-22T08:28:29+00:00\",\"description\":\"Experience ASPION data loggers live at transport logistic 2025 in Munich. \u25ba Secure your appointment and entry voucher now!\",\"breadcrumb\":{\"@id\":\"https:\\\/\\\/www.aspion.de\\\/en\\\/transport-logistic-2025-in-munich-experience-professional-aspion-data-loggers-live\\\/#breadcrumb\"},\"inLanguage\":\"en-US\",\"potentialAction\":[{\"@type\":\"ReadAction\",\"target\":[\"https:\\\/\\\/www.aspion.de\\\/en\\\/transport-logistic-2025-in-munich-experience-professional-aspion-data-loggers-live\\\/\"]}]},{\"@type\":\"ImageObject\",\"inLanguage\":\"en-US\",\"@id\":\"https:\\\/\\\/www.aspion.de\\\/en\\\/transport-logistic-2025-in-munich-experience-professional-aspion-data-loggers-live\\\/#primaryimage\",\"url\":\"https:\\\/\\\/www.aspion.de\\\/wp-content\\\/uploads\\\/2023\\\/02\\\/transport-logistic-banner.jpg\",\"contentUrl\":\"https:\\\/\\\/www.aspion.de\\\/wp-content\\\/uploads\\\/2023\\\/02\\\/transport-logistic-banner.jpg\"},{\"@type\":\"BreadcrumbList\",\"@id\":\"https:\\\/\\\/www.aspion.de\\\/en\\\/transport-logistic-2025-in-munich-experience-professional-aspion-data-loggers-live\\\/#breadcrumb\",\"itemListElement\":[{\"@type\":\"ListItem\",\"position\":1,\"name\":\"Startseite\",\"item\":\"https:\\\/\\\/www.aspion.de\\\/en\\\/\"},{\"@type\":\"ListItem\",\"position\":2,\"name\":\"transport logistic 2025 in Munich: experience professional ASPION data loggers live\"}]},{\"@type\":\"WebSite\",\"@id\":\"https:\\\/\\\/www.aspion.de\\\/en\\\/#website\",\"url\":\"https:\\\/\\\/www.aspion.de\\\/en\\\/\",\"name\":\"ASPION GmbH \u2013 Profi-Datenlogger f\u00fcr Schock und Sto\u00df - f\u00fcr die Industrie\",\"description\":\"Datenlogger f\u00fcr Transport\u00fcberwachung von Schock, Temperatur, Feuchte - einfach, kosteng\u00fcnstig, nachhaltig, made in Germany.\",\"publisher\":{\"@id\":\"https:\\\/\\\/www.aspion.de\\\/en\\\/#organization\"},\"potentialAction\":[{\"@type\":\"SearchAction\",\"target\":{\"@type\":\"EntryPoint\",\"urlTemplate\":\"https:\\\/\\\/www.aspion.de\\\/en\\\/?s={search_term_string}\"},\"query-input\":{\"@type\":\"PropertyValueSpecification\",\"valueRequired\":true,\"valueName\":\"search_term_string\"}}],\"inLanguage\":\"en-US\"},{\"@type\":[\"Organization\",\"Place\"],\"@id\":\"https:\\\/\\\/www.aspion.de\\\/en\\\/#organization\",\"name\":\"ASPION GmbH\",\"url\":\"https:\\\/\\\/www.aspion.de\\\/en\\\/\",\"logo\":{\"@id\":\"https:\\\/\\\/www.aspion.de\\\/en\\\/transport-logistic-2025-in-munich-experience-professional-aspion-data-loggers-live\\\/#local-main-organization-logo\"},\"image\":{\"@id\":\"https:\\\/\\\/www.aspion.de\\\/en\\\/transport-logistic-2025-in-munich-experience-professional-aspion-data-loggers-live\\\/#local-main-organization-logo\"},\"sameAs\":[\"https:\\\/\\\/www.linkedin.com\\\/company\\\/aspion-gmbh\",\"https:\\\/\\\/www.youtube.com\\\/channel\\\/UCyPrXy8bNbXMKcp_MQEor3w\"],\"address\":{\"@id\":\"https:\\\/\\\/www.aspion.de\\\/en\\\/transport-logistic-2025-in-munich-experience-professional-aspion-data-loggers-live\\\/#local-main-place-address\"},\"telephone\":[\"+49 721 85149-122\"],\"openingHoursSpecification\":[{\"@type\":\"OpeningHoursSpecification\",\"dayOfWeek\":[\"Monday\",\"Tuesday\",\"Wednesday\",\"Thursday\",\"Friday\",\"Saturday\",\"Sunday\"],\"opens\":\"09:00\",\"closes\":\"17:00\"}],\"email\":\"info@aspion.de\",\"faxNumber\":\"+49 721 85149-090\"},{\"@type\":\"PostalAddress\",\"@id\":\"https:\\\/\\\/www.aspion.de\\\/en\\\/transport-logistic-2025-in-munich-experience-professional-aspion-data-loggers-live\\\/#local-main-place-address\",\"streetAddress\":\"Ohiostra\u00dfe 11\",\"addressLocality\":\"Karlsruhe\",\"postalCode\":\"76149\",\"addressRegion\":\"Baden-W\u00fcrttemberg\",\"addressCountry\":\"DE\"},{\"@type\":\"ImageObject\",\"inLanguage\":\"en-US\",\"@id\":\"https:\\\/\\\/www.aspion.de\\\/en\\\/transport-logistic-2025-in-munich-experience-professional-aspion-data-loggers-live\\\/#local-main-organization-logo\",\"url\":\"https:\\\/\\\/www.aspion.de\\\/wp-content\\\/uploads\\\/2014\\\/05\\\/Aspion_GmbH_Active_SensorsPositioning_Logo_1.png\",\"contentUrl\":\"https:\\\/\\\/www.aspion.de\\\/wp-content\\\/uploads\\\/2014\\\/05\\\/Aspion_GmbH_Active_SensorsPositioning_Logo_1.png\",\"width\":280,\"height\":71,\"caption\":\"ASPION GmbH\"}]}<\/script>\n<meta name=\"geo.placename\" content=\"Karlsruhe\" \/>\n<meta name=\"geo.region\" content=\"Germany\" \/>\n<!-- \/ Yoast SEO Premium plugin. -->","yoast_head_json":{"title":"transport logistic 2025: experience professional ASPION data loggers live","description":"Experience ASPION data loggers live at transport logistic 2025 in Munich. \u25ba Secure your appointment and entry voucher now!","robots":{"index":"index","follow":"follow","max-snippet":"max-snippet:-1","max-image-preview":"max-image-preview:large","max-video-preview":"max-video-preview:-1"},"canonical":"https:\/\/www.aspion.de\/en\/transport-logistic-2025-in-munich-experience-professional-aspion-data-loggers-live\/","og_locale":"en_US","og_type":"article","og_title":"transport logistic 2025 in Munich: experience professional ASPION data loggers live","og_description":"Experience ASPION data loggers live at transport logistic 2025 in Munich. \u25ba Secure your appointment and entry voucher now!","og_url":"https:\/\/www.aspion.de\/en\/transport-logistic-2025-in-munich-experience-professional-aspion-data-loggers-live\/","og_site_name":"ASPION GmbH \u2013 Profi-Datenlogger f\u00fcr Schock und Sto\u00df - f\u00fcr die Industrie","article_modified_time":"2025-05-22T08:28:29+00:00","og_image":[{"url":"https:\/\/www.aspion.de\/wp-content\/uploads\/2023\/02\/transport-logistic-banner.jpg","type":"","width":"","height":""}],"twitter_card":"summary_large_image","twitter_misc":{"Est. reading time":"3 minutes"},"schema":{"@context":"https:\/\/schema.org","@graph":[{"@type":"WebPage","@id":"https:\/\/www.aspion.de\/en\/transport-logistic-2025-in-munich-experience-professional-aspion-data-loggers-live\/","url":"https:\/\/www.aspion.de\/en\/transport-logistic-2025-in-munich-experience-professional-aspion-data-loggers-live\/","name":"transport logistic 2025: experience professional ASPION data loggers live","isPartOf":{"@id":"https:\/\/www.aspion.de\/en\/#website"},"primaryImageOfPage":{"@id":"https:\/\/www.aspion.de\/en\/transport-logistic-2025-in-munich-experience-professional-aspion-data-loggers-live\/#primaryimage"},"image":{"@id":"https:\/\/www.aspion.de\/en\/transport-logistic-2025-in-munich-experience-professional-aspion-data-loggers-live\/#primaryimage"},"thumbnailUrl":"https:\/\/www.aspion.de\/wp-content\/uploads\/2023\/02\/transport-logistic-banner.jpg","datePublished":"2025-04-22T15:35:51+00:00","dateModified":"2025-05-22T08:28:29+00:00","description":"Experience ASPION data loggers live at transport logistic 2025 in Munich. \u25ba Secure your appointment and entry voucher now!","breadcrumb":{"@id":"https:\/\/www.aspion.de\/en\/transport-logistic-2025-in-munich-experience-professional-aspion-data-loggers-live\/#breadcrumb"},"inLanguage":"en-US","potentialAction":[{"@type":"ReadAction","target":["https:\/\/www.aspion.de\/en\/transport-logistic-2025-in-munich-experience-professional-aspion-data-loggers-live\/"]}]},{"@type":"ImageObject","inLanguage":"en-US","@id":"https:\/\/www.aspion.de\/en\/transport-logistic-2025-in-munich-experience-professional-aspion-data-loggers-live\/#primaryimage","url":"https:\/\/www.aspion.de\/wp-content\/uploads\/2023\/02\/transport-logistic-banner.jpg","contentUrl":"https:\/\/www.aspion.de\/wp-content\/uploads\/2023\/02\/transport-logistic-banner.jpg"},{"@type":"BreadcrumbList","@id":"https:\/\/www.aspion.de\/en\/transport-logistic-2025-in-munich-experience-professional-aspion-data-loggers-live\/#breadcrumb","itemListElement":[{"@type":"ListItem","position":1,"name":"Startseite","item":"https:\/\/www.aspion.de\/en\/"},{"@type":"ListItem","position":2,"name":"transport logistic 2025 in Munich: experience professional ASPION data loggers live"}]},{"@type":"WebSite","@id":"https:\/\/www.aspion.de\/en\/#website","url":"https:\/\/www.aspion.de\/en\/","name":"ASPION GmbH \u2013 Profi-Datenlogger f\u00fcr Schock und Sto\u00df - f\u00fcr die Industrie","description":"Datenlogger f\u00fcr Transport\u00fcberwachung von Schock, Temperatur, Feuchte - einfach, kosteng\u00fcnstig, nachhaltig, made in Germany.","publisher":{"@id":"https:\/\/www.aspion.de\/en\/#organization"},"potentialAction":[{"@type":"SearchAction","target":{"@type":"EntryPoint","urlTemplate":"https:\/\/www.aspion.de\/en\/?s={search_term_string}"},"query-input":{"@type":"PropertyValueSpecification","valueRequired":true,"valueName":"search_term_string"}}],"inLanguage":"en-US"},{"@type":["Organization","Place"],"@id":"https:\/\/www.aspion.de\/en\/#organization","name":"ASPION GmbH","url":"https:\/\/www.aspion.de\/en\/","logo":{"@id":"https:\/\/www.aspion.de\/en\/transport-logistic-2025-in-munich-experience-professional-aspion-data-loggers-live\/#local-main-organization-logo"},"image":{"@id":"https:\/\/www.aspion.de\/en\/transport-logistic-2025-in-munich-experience-professional-aspion-data-loggers-live\/#local-main-organization-logo"},"sameAs":["https:\/\/www.linkedin.com\/company\/aspion-gmbh","https:\/\/www.youtube.com\/channel\/UCyPrXy8bNbXMKcp_MQEor3w"],"address":{"@id":"https:\/\/www.aspion.de\/en\/transport-logistic-2025-in-munich-experience-professional-aspion-data-loggers-live\/#local-main-place-address"},"telephone":["+49 721 85149-122"],"openingHoursSpecification":[{"@type":"OpeningHoursSpecification","dayOfWeek":["Monday","Tuesday","Wednesday","Thursday","Friday","Saturday","Sunday"],"opens":"09:00","closes":"17:00"}],"email":"info@aspion.de","faxNumber":"+49 721 85149-090"},{"@type":"PostalAddress","@id":"https:\/\/www.aspion.de\/en\/transport-logistic-2025-in-munich-experience-professional-aspion-data-loggers-live\/#local-main-place-address","streetAddress":"Ohiostra\u00dfe 11","addressLocality":"Karlsruhe","postalCode":"76149","addressRegion":"Baden-W\u00fcrttemberg","addressCountry":"DE"},{"@type":"ImageObject","inLanguage":"en-US","@id":"https:\/\/www.aspion.de\/en\/transport-logistic-2025-in-munich-experience-professional-aspion-data-loggers-live\/#local-main-organization-logo","url":"https:\/\/www.aspion.de\/wp-content\/uploads\/2014\/05\/Aspion_GmbH_Active_SensorsPositioning_Logo_1.png","contentUrl":"https:\/\/www.aspion.de\/wp-content\/uploads\/2014\/05\/Aspion_GmbH_Active_SensorsPositioning_Logo_1.png","width":280,"height":71,"caption":"ASPION GmbH"}]},"geo.placename":"Karlsruhe","geo.region":"Germany"},"_links":{"self":[{"href":"https:\/\/www.aspion.de\/en\/wp-json\/wp\/v2\/pages\/23158","targetHints":{"allow":["GET"]}}],"collection":[{"href":"https:\/\/www.aspion.de\/en\/wp-json\/wp\/v2\/pages"}],"about":[{"href":"https:\/\/www.aspion.de\/en\/wp-json\/wp\/v2\/types\/page"}],"author":[{"embeddable":true,"href":"https:\/\/www.aspion.de\/en\/wp-json\/wp\/v2\/users\/496"}],"replies":[{"embeddable":true,"href":"https:\/\/www.aspion.de\/en\/wp-json\/wp\/v2\/comments?post=23158"}],"version-history":[{"count":3,"href":"https:\/\/www.aspion.de\/en\/wp-json\/wp\/v2\/pages\/23158\/revisions"}],"predecessor-version":[{"id":23297,"href":"https:\/\/www.aspion.de\/en\/wp-json\/wp\/v2\/pages\/23158\/revisions\/23297"}],"wp:attachment":[{"href":"https:\/\/www.aspion.de\/en\/wp-json\/wp\/v2\/media?parent=23158"}],"curies":[{"name":"wp","href":"https:\/\/api.w.org\/{rel}","templated":true}]}}