{"id":23490,"date":"2025-06-18T10:24:22","date_gmt":"2025-06-18T08:24:22","guid":{"rendered":"https:\/\/www.aspion.de\/transport-data-loggers-for-shock-and-climate-in-new-version-7\/"},"modified":"2025-08-20T10:46:34","modified_gmt":"2025-08-20T08:46:34","slug":"transport-data-loggers-for-shock-and-climate-in-new-version-7","status":"publish","type":"page","link":"https:\/\/www.aspion.de\/en\/transport-data-loggers-for-shock-and-climate-in-new-version-7\/","title":{"rendered":"Transport data loggers for shock and climate in new version 7"},"content":{"rendered":"\n<h1>\n\t\tMajor feature update for ASPION G-Log shock and climate data loggers:<br \/>The new version 7 creates even more transparency, structure and flexibility!\n\t<\/h1>\n\t<p>The new version 7 brings <strong>significant enhancements to the scope of functions for all ASPION G-Log data loggers<\/strong>. The PC software and smartphone apps have been continuously developed based on numerous customer requirements. One highlight is the new, <strong>extensive filter function for evaluations<\/strong> for an efficient and simple assessment of transport loads. Get to know the details here!<\/p>\n<p>To gain immediate access to the new features, please <strong>update your PC software via the <a href=\"https:\/\/www.aspion.de\/en\/login-eng\/\" target=\"_blank\" rel=\"noopener\">customer portal<\/a><\/strong>. The rollout of the new <strong>PC software has already begun<\/strong>, and the new smartphone <strong>app for Android and iOS is also available now<\/strong>!<\/p>\n\t\t\t<a href=\"https:\/\/www.aspion.de\/en\/login-eng\/\" target=\"_self\">\n\t\t\t\t\t\tDownload version 7 via customer portal\n\t\t\t\t\t<\/a>\n<h2>\n\t\t<a href=\"https:\/\/www.aspion.de\/en\/new-version-7-next-gen-bonus-for-aspion-g-log-2-data-loggers\/\" title=\"Release promotion: Next-Gen bonus for ASPION G-Log 2 transport data loggers\" target=\"_blank\" rel=\"noopener\">\n\t\tRelease promotion: Next-Gen bonus for ASPION G-Log 2 transport data loggers\n\t\t<\/a>\n\t<\/h2>\n\t\t\t\t<a href=\"https:\/\/www.aspion.de\/en\/new-version-7-next-gen-bonus-for-aspion-g-log-2-data-loggers\/\" target=\"_blank\" rel=\"noopener\"  itemprop=\"url\">\n\t\t\t\t<img decoding=\"async\" src=\"https:\/\/www.aspion.de\/wp-content\/uploads\/2025\/07\/Bonusbutton-Aktion-Version-7-engl.png\" alt=\"Bonusbutton-Aktion-Version-7-engl\" itemprop=\"image\" height=\"321\" width=\"321\" title=\"Bonusbutton-Aktion-Version-7-engl\" onerror=\"this.style.display='none'\"  \/>\n\t\t\t\t<\/a>\n\t<p>Celebrate the release of version 7 with us and secure our bestseller, the ASPION G-Log 2, at particularly attractive offer conditions:<\/p>\n<p>With the <strong><a href=\"https:\/\/www.aspion.de\/en\/new-version-7-next-gen-bonus-for-aspion-g-log-2-data-loggers\/\" target=\"_blank\" rel=\"noopener\">Next-Gen bonus<\/a><\/strong> you will receive <strong>additional free devices on top of all sets with ASPION G-Log 2 data loggers &#8211; only for a short time and while stocks last*!<\/strong><\/p>\n\t\t\t\t<img decoding=\"async\" src=\"https:\/\/www.aspion.de\/wp-content\/uploads\/2019\/05\/ASPION_G-Log_2_Data_Logger-300x30.png\" alt=\"Data logger ASPION G-Log 2 shock sensor\" itemprop=\"image\" height=\"30\" width=\"300\" title=\"Data logger ASPION G-Log 2 shock sensor\" onerror=\"this.style.display='none'\"  \/>\n\t\t\t\t<img decoding=\"async\" src=\"https:\/\/www.aspion.de\/wp-content\/uploads\/2020\/05\/transportueberwachung_kostenguenstig_aspion-g-log2-1.jpg\" alt=\"Transportueberwachung kosteng\u00fcnstig ASPION G-Log 2 - f\u00fcr Schock, Temperatur und Feuchtigkeit\" itemprop=\"image\" height=\"191\" width=\"300\" title=\"transportueberwachung_kostenguenstig_aspion-g-log2\" onerror=\"this.style.display='none'\"  \/>\n<h2>\n\t\tHighlights of the new Version 7 for all data loggers\n\t<\/h2>\n\t<h3>Extensive filtering options<\/h3><p>Flexible filter options based on readout time, alarm status, and threshold violations help extract relevant information from large data volumes &#8211; making analysis significantly easier.<\/p>\n\t<h3>Clear grouping<\/h3><p>Usages and evaluations can be grouped as desired-either during sensor setup in the PC software or at any time afterward &#8211; for better structure and clarity.<\/p>\n\t<h3>All measurements at a glance<\/h3><p>A redesigned analysis interface allows for flexible display and hiding of shocks, climate data, and other events in a unified view.<\/p>\n<h2>\n\t\tMore highlights\n\t<\/h2>\n\t<h3>Filtered data export<\/h3><p>Recorded shock details can now be selectively exported after filtering, enabling concise reporting without unnecessary data.<\/p>\n\t<h3>Delayed activation via app<\/h3><p><a href=\"https:\/\/www.aspion.de\/en\/cloud-based-service-aspion-g-log-premium-for-shock-sensors\/\" target=\"_blank\" rel=\"noopener\">With <strong>premium service<\/strong>, ASPION G-Log 2<\/a> data loggers can be reliably activated via smartphone app &#8211; now also with time-controlled activation supported in the latest app version.<\/p>\n\t<h3>Improved app compatibility<\/h3><p>The technically and visually updated apps for Android and iOS are now more performant than ever and fully compatible with all current smartphone models on the market.<\/p>\n\t<h2>More clarity and structure: New features for all ASPION data loggers<\/h2>\n\t<p>The new Version 7 of the PC software gives you a <strong>complete, unified view of all recorded data<\/strong>. For the first time, shock and climate data are visualized <strong>together in a single chart<\/strong> and can be toggled on or off individually &#8211; tailored to your needs.<\/p>\n<p>With the <strong>new filtering features<\/strong>, you can find relevant evaluations and events at the push of a button and analyze even large volumes of data quickly and efficiently. Thanks to <strong>filtered data export<\/strong>, your reports contain only the shock details that truly matter.<\/p>\n<p>The <strong>new grouping feature<\/strong> provides even greater structure and clarity for your usages and evaluations.<\/p>\n<p><a href=\"https:\/\/www.aspion.de\/en\/login-eng\/\" target=\"_blank\" rel=\"noopener\"><strong>Now available for download via the customer portal<\/strong><\/a><\/p>\n\t\t\t\t<a href=\"https:\/\/www.aspion.de\/wp-content\/uploads\/2025\/06\/Measurement-Overview.png\" target=\"_self\" itemprop=\"url\">\n\t\t\t\t<img decoding=\"async\" src=\"https:\/\/www.aspion.de\/wp-content\/uploads\/2025\/06\/Measurement-Overview.png\" alt=\"Measurement Overview\" itemprop=\"image\" height=\"896\" width=\"1594\" title=\"Measurement Overview\" onerror=\"this.style.display='none'\"  \/>\n\t\t\t\t<\/a>\n\t<p>In the new Version 7, the ASPION G-Log Manager offers an expanded measurement overview along with numerous new features and greater ease of use.<\/p>\n\t<h2>Highlights in the photo gallery<\/h2>\n<h3>\n\t\t<a href=\"https:\/\/www.aspion.de\/en\/login-eng\/\" title=\"New version 7 in the ASPION customer portal\" target=\"_self\">\n\t\tNew version 7 in the ASPION customer portal\n\t\t<\/a>\n\t<\/h3>\n\t<p>Version 7 of the PC software is ready for download in the <strong>ASPION customer portal <\/strong>along with helpful resources like white papers, FAQs, documentation, and more.<\/p>\n<h3>\n\t\tSmartphone App for Android and iOS\n\t<\/h3>\n\t<p><strong>The app for Android and iOS devices will be available soon<\/strong> in a new version. Simply scan the QR code at the bottom of this page with your smartphone. You will be taken directly to the store.<\/p>\n\t\t\t<a href=\"https:\/\/www.aspion.de\/en\/login-eng\/\" target=\"_self\">\n\t\t\t\t\t\tTo the customer portal\n\t\t\t\t\t<\/a>\n\t<h2>Questions? Looking for advice or a quote? Get in touch!<\/h2>\n<p>Do you have questions or would you like a consultation regarding your requirements for smart transport monitoring of your valuable goods? Or would you like a specific offer? We are happy to advise and inform you without obligation about the options tailored to your needs.<\/p>\n<p>Call us at <strong>+49<\/strong> <strong>721 \/ 85149 122<\/strong> or send an email to <strong><a href=\"mailto:info@aspion.de?subject=Beratung erw\u00fcnscht - bitte um Kontaktaufnahme\">info@aspion.de<\/a><\/strong>. We look forward to hearing from you!<\/p>\n\t<p>*The conditions can be found directly on our <a href=\"https:\/\/www.aspion.de\/en\/new-version-7-next-gen-bonus-for-aspion-g-log-2-data-loggers\/\" target=\"_blank\" rel=\"noopener\">promotion page<\/a>. Subject to change and errors excepted.<\/p>\n\n","protected":false},"excerpt":{"rendered":"<p>Major feature update for ASPION G-Log shock and climate data loggers:The new version 7 creates even more transparency, structure and flexibility! The new version 7 brings significant enhancements to the scope of functions for all ASPION G-Log data loggers. The PC software and smartphone apps have been continuously developed based on numerous customer requirements. One&hellip;<\/p>\n","protected":false},"author":496,"featured_media":0,"parent":0,"menu_order":0,"comment_status":"closed","ping_status":"closed","template":"","meta":{"_acf_changed":false,"footnotes":""},"class_list":["post-23490","page","type-page","status-publish","hentry"],"acf":[],"yoast_head":"<!-- This site is optimized with the Yoast SEO Premium plugin v27.4 (Yoast SEO v27.4) - https:\/\/yoast.com\/product\/yoast-seo-premium-wordpress\/ -->\n<title>Transport data loggers for shock and climate in new version 7<\/title>\n<meta name=\"description\" content=\"The new version 7 of the ASPION professional data loggers provides even more overview and structure for industrial companies \u00bb more details\" \/>\n<meta name=\"robots\" content=\"index, follow, max-snippet:-1, max-image-preview:large, max-video-preview:-1\" \/>\n<link rel=\"canonical\" href=\"https:\/\/www.aspion.de\/en\/transport-data-loggers-for-shock-and-climate-in-new-version-7\/\" \/>\n<meta property=\"og:locale\" content=\"en_US\" \/>\n<meta property=\"og:type\" content=\"article\" \/>\n<meta property=\"og:title\" content=\"Transport data loggers for shock and climate in new version 7\" \/>\n<meta property=\"og:description\" content=\"The new version 7 of the ASPION professional data loggers provides even more overview and structure for industrial companies \u00bb more details\" \/>\n<meta property=\"og:url\" content=\"https:\/\/www.aspion.de\/en\/transport-data-loggers-for-shock-and-climate-in-new-version-7\/\" \/>\n<meta property=\"og:site_name\" content=\"ASPION GmbH \u2013 Profi-Datenlogger f\u00fcr Schock und Sto\u00df - f\u00fcr die Industrie\" \/>\n<meta property=\"article:modified_time\" content=\"2025-08-20T08:46:34+00:00\" \/>\n<meta property=\"og:image\" content=\"https:\/\/www.aspion.de\/wp-content\/uploads\/2025\/07\/Bonusbutton-Aktion-Version-7-engl.png\" \/>\n<meta name=\"twitter:card\" content=\"summary_large_image\" \/>\n<meta name=\"twitter:label1\" content=\"Est. reading time\" \/>\n\t<meta name=\"twitter:data1\" content=\"3 minutes\" \/>\n<script type=\"application\/ld+json\" class=\"yoast-schema-graph\">{\"@context\":\"https:\\\/\\\/schema.org\",\"@graph\":[{\"@type\":\"WebPage\",\"@id\":\"https:\\\/\\\/www.aspion.de\\\/en\\\/transport-data-loggers-for-shock-and-climate-in-new-version-7\\\/\",\"url\":\"https:\\\/\\\/www.aspion.de\\\/en\\\/transport-data-loggers-for-shock-and-climate-in-new-version-7\\\/\",\"name\":\"Transport data loggers for shock and climate in new version 7\",\"isPartOf\":{\"@id\":\"https:\\\/\\\/www.aspion.de\\\/en\\\/#website\"},\"primaryImageOfPage\":{\"@id\":\"https:\\\/\\\/www.aspion.de\\\/en\\\/transport-data-loggers-for-shock-and-climate-in-new-version-7\\\/#primaryimage\"},\"image\":{\"@id\":\"https:\\\/\\\/www.aspion.de\\\/en\\\/transport-data-loggers-for-shock-and-climate-in-new-version-7\\\/#primaryimage\"},\"thumbnailUrl\":\"https:\\\/\\\/www.aspion.de\\\/wp-content\\\/uploads\\\/2025\\\/07\\\/Bonusbutton-Aktion-Version-7-engl.png\",\"datePublished\":\"2025-06-18T08:24:22+00:00\",\"dateModified\":\"2025-08-20T08:46:34+00:00\",\"description\":\"The new version 7 of the ASPION professional data loggers provides even more overview and structure for industrial companies \u00bb more details\",\"breadcrumb\":{\"@id\":\"https:\\\/\\\/www.aspion.de\\\/en\\\/transport-data-loggers-for-shock-and-climate-in-new-version-7\\\/#breadcrumb\"},\"inLanguage\":\"en-US\",\"potentialAction\":[{\"@type\":\"ReadAction\",\"target\":[\"https:\\\/\\\/www.aspion.de\\\/en\\\/transport-data-loggers-for-shock-and-climate-in-new-version-7\\\/\"]}]},{\"@type\":\"ImageObject\",\"inLanguage\":\"en-US\",\"@id\":\"https:\\\/\\\/www.aspion.de\\\/en\\\/transport-data-loggers-for-shock-and-climate-in-new-version-7\\\/#primaryimage\",\"url\":\"https:\\\/\\\/www.aspion.de\\\/wp-content\\\/uploads\\\/2025\\\/07\\\/Bonusbutton-Aktion-Version-7-engl.png\",\"contentUrl\":\"https:\\\/\\\/www.aspion.de\\\/wp-content\\\/uploads\\\/2025\\\/07\\\/Bonusbutton-Aktion-Version-7-engl.png\"},{\"@type\":\"BreadcrumbList\",\"@id\":\"https:\\\/\\\/www.aspion.de\\\/en\\\/transport-data-loggers-for-shock-and-climate-in-new-version-7\\\/#breadcrumb\",\"itemListElement\":[{\"@type\":\"ListItem\",\"position\":1,\"name\":\"Startseite\",\"item\":\"https:\\\/\\\/www.aspion.de\\\/en\\\/\"},{\"@type\":\"ListItem\",\"position\":2,\"name\":\"Transport data loggers for shock and climate in new version 7\"}]},{\"@type\":\"WebSite\",\"@id\":\"https:\\\/\\\/www.aspion.de\\\/en\\\/#website\",\"url\":\"https:\\\/\\\/www.aspion.de\\\/en\\\/\",\"name\":\"ASPION GmbH \u2013 Profi-Datenlogger f\u00fcr Schock und Sto\u00df - f\u00fcr die Industrie\",\"description\":\"Datenlogger f\u00fcr Transport\u00fcberwachung von Schock, Temperatur, Feuchte - einfach, kosteng\u00fcnstig, nachhaltig, made in Germany.\",\"publisher\":{\"@id\":\"https:\\\/\\\/www.aspion.de\\\/en\\\/#organization\"},\"potentialAction\":[{\"@type\":\"SearchAction\",\"target\":{\"@type\":\"EntryPoint\",\"urlTemplate\":\"https:\\\/\\\/www.aspion.de\\\/en\\\/?s={search_term_string}\"},\"query-input\":{\"@type\":\"PropertyValueSpecification\",\"valueRequired\":true,\"valueName\":\"search_term_string\"}}],\"inLanguage\":\"en-US\"},{\"@type\":[\"Organization\",\"Place\"],\"@id\":\"https:\\\/\\\/www.aspion.de\\\/en\\\/#organization\",\"name\":\"ASPION GmbH\",\"url\":\"https:\\\/\\\/www.aspion.de\\\/en\\\/\",\"logo\":{\"@id\":\"https:\\\/\\\/www.aspion.de\\\/en\\\/transport-data-loggers-for-shock-and-climate-in-new-version-7\\\/#local-main-organization-logo\"},\"image\":{\"@id\":\"https:\\\/\\\/www.aspion.de\\\/en\\\/transport-data-loggers-for-shock-and-climate-in-new-version-7\\\/#local-main-organization-logo\"},\"sameAs\":[\"https:\\\/\\\/www.linkedin.com\\\/company\\\/aspion-gmbh\",\"https:\\\/\\\/www.youtube.com\\\/channel\\\/UCyPrXy8bNbXMKcp_MQEor3w\"],\"address\":{\"@id\":\"https:\\\/\\\/www.aspion.de\\\/en\\\/transport-data-loggers-for-shock-and-climate-in-new-version-7\\\/#local-main-place-address\"},\"telephone\":[\"+49 721 85149-122\"],\"openingHoursSpecification\":[{\"@type\":\"OpeningHoursSpecification\",\"dayOfWeek\":[\"Monday\",\"Tuesday\",\"Wednesday\",\"Thursday\",\"Friday\",\"Saturday\",\"Sunday\"],\"opens\":\"09:00\",\"closes\":\"17:00\"}],\"email\":\"info@aspion.de\",\"faxNumber\":\"+49 721 85149-090\"},{\"@type\":\"PostalAddress\",\"@id\":\"https:\\\/\\\/www.aspion.de\\\/en\\\/transport-data-loggers-for-shock-and-climate-in-new-version-7\\\/#local-main-place-address\",\"streetAddress\":\"Ohiostra\u00dfe 11\",\"addressLocality\":\"Karlsruhe\",\"postalCode\":\"76149\",\"addressRegion\":\"Baden-W\u00fcrttemberg\",\"addressCountry\":\"DE\"},{\"@type\":\"ImageObject\",\"inLanguage\":\"en-US\",\"@id\":\"https:\\\/\\\/www.aspion.de\\\/en\\\/transport-data-loggers-for-shock-and-climate-in-new-version-7\\\/#local-main-organization-logo\",\"url\":\"https:\\\/\\\/www.aspion.de\\\/wp-content\\\/uploads\\\/2014\\\/05\\\/Aspion_GmbH_Active_SensorsPositioning_Logo_1.png\",\"contentUrl\":\"https:\\\/\\\/www.aspion.de\\\/wp-content\\\/uploads\\\/2014\\\/05\\\/Aspion_GmbH_Active_SensorsPositioning_Logo_1.png\",\"width\":280,\"height\":71,\"caption\":\"ASPION GmbH\"}]}<\/script>\n<meta name=\"geo.placename\" content=\"Karlsruhe\" \/>\n<meta name=\"geo.region\" content=\"Germany\" \/>\n<!-- \/ Yoast SEO Premium plugin. -->","yoast_head_json":{"title":"Transport data loggers for shock and climate in new version 7","description":"The new version 7 of the ASPION professional data loggers provides even more overview and structure for industrial companies \u00bb more details","robots":{"index":"index","follow":"follow","max-snippet":"max-snippet:-1","max-image-preview":"max-image-preview:large","max-video-preview":"max-video-preview:-1"},"canonical":"https:\/\/www.aspion.de\/en\/transport-data-loggers-for-shock-and-climate-in-new-version-7\/","og_locale":"en_US","og_type":"article","og_title":"Transport data loggers for shock and climate in new version 7","og_description":"The new version 7 of the ASPION professional data loggers provides even more overview and structure for industrial companies \u00bb more details","og_url":"https:\/\/www.aspion.de\/en\/transport-data-loggers-for-shock-and-climate-in-new-version-7\/","og_site_name":"ASPION GmbH \u2013 Profi-Datenlogger f\u00fcr Schock und Sto\u00df - f\u00fcr die Industrie","article_modified_time":"2025-08-20T08:46:34+00:00","og_image":[{"url":"https:\/\/www.aspion.de\/wp-content\/uploads\/2025\/07\/Bonusbutton-Aktion-Version-7-engl.png","type":"","width":"","height":""}],"twitter_card":"summary_large_image","twitter_misc":{"Est. reading time":"3 minutes"},"schema":{"@context":"https:\/\/schema.org","@graph":[{"@type":"WebPage","@id":"https:\/\/www.aspion.de\/en\/transport-data-loggers-for-shock-and-climate-in-new-version-7\/","url":"https:\/\/www.aspion.de\/en\/transport-data-loggers-for-shock-and-climate-in-new-version-7\/","name":"Transport data loggers for shock and climate in new version 7","isPartOf":{"@id":"https:\/\/www.aspion.de\/en\/#website"},"primaryImageOfPage":{"@id":"https:\/\/www.aspion.de\/en\/transport-data-loggers-for-shock-and-climate-in-new-version-7\/#primaryimage"},"image":{"@id":"https:\/\/www.aspion.de\/en\/transport-data-loggers-for-shock-and-climate-in-new-version-7\/#primaryimage"},"thumbnailUrl":"https:\/\/www.aspion.de\/wp-content\/uploads\/2025\/07\/Bonusbutton-Aktion-Version-7-engl.png","datePublished":"2025-06-18T08:24:22+00:00","dateModified":"2025-08-20T08:46:34+00:00","description":"The new version 7 of the ASPION professional data loggers provides even more overview and structure for industrial companies \u00bb more details","breadcrumb":{"@id":"https:\/\/www.aspion.de\/en\/transport-data-loggers-for-shock-and-climate-in-new-version-7\/#breadcrumb"},"inLanguage":"en-US","potentialAction":[{"@type":"ReadAction","target":["https:\/\/www.aspion.de\/en\/transport-data-loggers-for-shock-and-climate-in-new-version-7\/"]}]},{"@type":"ImageObject","inLanguage":"en-US","@id":"https:\/\/www.aspion.de\/en\/transport-data-loggers-for-shock-and-climate-in-new-version-7\/#primaryimage","url":"https:\/\/www.aspion.de\/wp-content\/uploads\/2025\/07\/Bonusbutton-Aktion-Version-7-engl.png","contentUrl":"https:\/\/www.aspion.de\/wp-content\/uploads\/2025\/07\/Bonusbutton-Aktion-Version-7-engl.png"},{"@type":"BreadcrumbList","@id":"https:\/\/www.aspion.de\/en\/transport-data-loggers-for-shock-and-climate-in-new-version-7\/#breadcrumb","itemListElement":[{"@type":"ListItem","position":1,"name":"Startseite","item":"https:\/\/www.aspion.de\/en\/"},{"@type":"ListItem","position":2,"name":"Transport data loggers for shock and climate in new version 7"}]},{"@type":"WebSite","@id":"https:\/\/www.aspion.de\/en\/#website","url":"https:\/\/www.aspion.de\/en\/","name":"ASPION GmbH \u2013 Profi-Datenlogger f\u00fcr Schock und Sto\u00df - f\u00fcr die Industrie","description":"Datenlogger f\u00fcr Transport\u00fcberwachung von Schock, Temperatur, Feuchte - einfach, kosteng\u00fcnstig, nachhaltig, made in Germany.","publisher":{"@id":"https:\/\/www.aspion.de\/en\/#organization"},"potentialAction":[{"@type":"SearchAction","target":{"@type":"EntryPoint","urlTemplate":"https:\/\/www.aspion.de\/en\/?s={search_term_string}"},"query-input":{"@type":"PropertyValueSpecification","valueRequired":true,"valueName":"search_term_string"}}],"inLanguage":"en-US"},{"@type":["Organization","Place"],"@id":"https:\/\/www.aspion.de\/en\/#organization","name":"ASPION GmbH","url":"https:\/\/www.aspion.de\/en\/","logo":{"@id":"https:\/\/www.aspion.de\/en\/transport-data-loggers-for-shock-and-climate-in-new-version-7\/#local-main-organization-logo"},"image":{"@id":"https:\/\/www.aspion.de\/en\/transport-data-loggers-for-shock-and-climate-in-new-version-7\/#local-main-organization-logo"},"sameAs":["https:\/\/www.linkedin.com\/company\/aspion-gmbh","https:\/\/www.youtube.com\/channel\/UCyPrXy8bNbXMKcp_MQEor3w"],"address":{"@id":"https:\/\/www.aspion.de\/en\/transport-data-loggers-for-shock-and-climate-in-new-version-7\/#local-main-place-address"},"telephone":["+49 721 85149-122"],"openingHoursSpecification":[{"@type":"OpeningHoursSpecification","dayOfWeek":["Monday","Tuesday","Wednesday","Thursday","Friday","Saturday","Sunday"],"opens":"09:00","closes":"17:00"}],"email":"info@aspion.de","faxNumber":"+49 721 85149-090"},{"@type":"PostalAddress","@id":"https:\/\/www.aspion.de\/en\/transport-data-loggers-for-shock-and-climate-in-new-version-7\/#local-main-place-address","streetAddress":"Ohiostra\u00dfe 11","addressLocality":"Karlsruhe","postalCode":"76149","addressRegion":"Baden-W\u00fcrttemberg","addressCountry":"DE"},{"@type":"ImageObject","inLanguage":"en-US","@id":"https:\/\/www.aspion.de\/en\/transport-data-loggers-for-shock-and-climate-in-new-version-7\/#local-main-organization-logo","url":"https:\/\/www.aspion.de\/wp-content\/uploads\/2014\/05\/Aspion_GmbH_Active_SensorsPositioning_Logo_1.png","contentUrl":"https:\/\/www.aspion.de\/wp-content\/uploads\/2014\/05\/Aspion_GmbH_Active_SensorsPositioning_Logo_1.png","width":280,"height":71,"caption":"ASPION GmbH"}]},"geo.placename":"Karlsruhe","geo.region":"Germany"},"_links":{"self":[{"href":"https:\/\/www.aspion.de\/en\/wp-json\/wp\/v2\/pages\/23490","targetHints":{"allow":["GET"]}}],"collection":[{"href":"https:\/\/www.aspion.de\/en\/wp-json\/wp\/v2\/pages"}],"about":[{"href":"https:\/\/www.aspion.de\/en\/wp-json\/wp\/v2\/types\/page"}],"author":[{"embeddable":true,"href":"https:\/\/www.aspion.de\/en\/wp-json\/wp\/v2\/users\/496"}],"replies":[{"embeddable":true,"href":"https:\/\/www.aspion.de\/en\/wp-json\/wp\/v2\/comments?post=23490"}],"version-history":[{"count":7,"href":"https:\/\/www.aspion.de\/en\/wp-json\/wp\/v2\/pages\/23490\/revisions"}],"predecessor-version":[{"id":23753,"href":"https:\/\/www.aspion.de\/en\/wp-json\/wp\/v2\/pages\/23490\/revisions\/23753"}],"wp:attachment":[{"href":"https:\/\/www.aspion.de\/en\/wp-json\/wp\/v2\/media?parent=23490"}],"curies":[{"name":"wp","href":"https:\/\/api.w.org\/{rel}","templated":true}]}}