{"id":23515,"date":"2025-06-25T09:49:27","date_gmt":"2025-06-25T07:49:27","guid":{"rendered":"https:\/\/www.aspion.de\/?page_id=23515"},"modified":"2025-06-25T16:32:28","modified_gmt":"2025-06-25T14:32:28","slug":"new-version-7-next-gen-bonus-for-aspion-g-log-2-data-loggers","status":"publish","type":"page","link":"https:\/\/www.aspion.de\/en\/new-version-7-next-gen-bonus-for-aspion-g-log-2-data-loggers\/","title":{"rendered":"New version 7: Next-Gen bonus for ASPION G-Log 2 data loggers"},"content":{"rendered":"\n\n\t\t\t<img decoding=\"async\" loading='false' src=\"https:\/\/www.aspion.de\/wp-content\/uploads\/2025\/06\/Banner-Bonus-Aktion-Version7-engl-2.jpg\" alt=\"\" \/>\t\t\t\n<h1>\n\t\tNew version 7: Next-Gen bonus for ASPION G-Log 2 transport data loggers\n\t<\/h1>\n\t<p>As a <strong>flexible &#8220;all-rounder&#8221; with a market-leading price\/performance ratio<\/strong>, the tried-and-tested <a href=\"https:\/\/www.aspion.de\/en\/transport-data-logger-aspion-g-log-2\/\" target=\"_blank\" rel=\"noopener\"><strong>ASPION G-Log 2 shock and climate data logger<\/strong><\/a> has long since established itself as the <strong>top seller on the market<\/strong>. The innovative, <strong>multi-award-winning complete system<\/strong> consisting of hardware, software and apps actively supports you in your implementation of smart and sustainable transport monitoring. The <a href=\"https:\/\/www.aspion.de\/en\/transport-data-loggers-for-shock-and-climate-in-new-version-7\/\" target=\"_blank\" rel=\"noopener\"><strong>new version 7 expands the scope of functions<\/strong><\/a> for all ASPION G-Log data loggers and now creates even more <strong>transparency, structure and flexibility<\/strong> in your supply chain!<\/p>\n\t\t\t<a href=\"https:\/\/www.aspion.de\/en\/transport-data-loggers-for-shock-and-climate-in-new-version-7\/\" target=\"_blank\" rel=\"noopener\">\n\t\t\t\t\t\tall details about the new version 7\n\t\t\t\t\t<\/a>\n\t<p>PC software and smartphone apps have been <strong>continuously improved based on numerous customer requirements<\/strong> and are more performant than ever before. We would like to thank you for your valuable feedback. With the <strong>Next-Gen bonus<\/strong>, you will receive <strong>additional free devices on top for all sets with ASPION G-Log 2 data loggers*<\/strong> just in time for the launch of the new version. Get our customer favorite now at particularly attractive conditions &#8211; <strong>only for a short time and while stocks last!<\/strong><\/p>\n<h2>\n\t\tPromotion period until 31.08.2025*\n\t<\/h2>\n\t<h3>ASPION G-Log 2 sets:<\/h3>\n<p>When ordering sets with ASPION G-Log 2 data loggers, you will receive <strong>additional devices* free of charge<\/strong> on top:<\/p>\n<p><strong>Set 25: + 2 ASPION G-Log 2 data loggers<\/strong><\/p>\n<p><strong>Set 50: + 4 ASPION G-Log 2 data loggers<\/strong><\/p>\n<p><strong>Set 100: + 8 ASPION G-Log 2 data loggers<\/strong><\/p>\n\t\t\t\t<a href=\"https:\/\/www.aspion.de\/en\/transport-data-logger-aspion-g-log-2\/\" target=\"_blank\" rel=\"noopener\"  itemprop=\"url\">\n\t\t\t\t<img decoding=\"async\" src=\"https:\/\/www.aspion.de\/wp-content\/uploads\/2019\/05\/ASPION_G-Log_2_Data_Logger-300x30-300x30.png\" alt=\"Data logger ASPION G-Log 2 shock sensor\" itemprop=\"image\" height=\"30\" width=\"300\" title=\"Data logger ASPION G-Log 2 shock sensor\" onerror=\"this.style.display='none'\"  \/>\n\t\t\t\t<\/a>\n\t\t\t\t<a href=\"https:\/\/www.aspion.de\/en\/transport-data-logger-aspion-g-log-2\/\" target=\"_blank\" rel=\"noopener\"  itemprop=\"url\">\n\t\t\t\t<img decoding=\"async\" src=\"https:\/\/www.aspion.de\/wp-content\/uploads\/2020\/05\/transportueberwachung_kostenguenstig_aspion-g-log2-1-300x191.jpg\" alt=\"Transportueberwachung kosteng\u00fcnstig ASPION G-Log 2 - f\u00fcr Schock, Temperatur und Feuchtigkeit\" itemprop=\"image\" height=\"191\" width=\"300\" title=\"transportueberwachung_kostenguenstig_aspion-g-log2\" onerror=\"this.style.display='none'\"  \/>\n\t\t\t\t<\/a>\n\t<p>Our bestseller: the multi-award-winning ASPION G-Log 2<\/p>\n\tWe will be happy to deliver either immediately or on <strong>your desired date by 30.09.2025 at the latest!*<br \/>\n<\/strong>Please also note our <strong><a href=\"https:\/\/www.aspion.de\/en\/contact\/\" target=\"_blank\" rel=\"noopener\">new address from 01.07.2025: Ohiostrasse 11, 76149 Karlsruhe, Germany<\/a><\/strong>\n\t<p>Benefit now &#8211; like\u00a0<a href=\"https:\/\/www.aspion.de\/en\/customers-and-testimonials\/\" target=\"_blank\" rel=\"noopener\"><strong>700 other companies<\/strong><\/a> &#8211; from the advantages of the multiple award-winning and sustainable <a href=\"https:\/\/www.aspion.de\/en\/transport-data-logger-aspion-g-log-2\/\" target=\"_blank\" rel=\"noopener\"><strong>ASPION G-Log 2 transport data loggers<\/strong><\/a> &#8220;Made in Germany&#8221; in the <a href=\"https:\/\/www.aspion.de\/en\/transport-data-loggers-for-shock-and-climate-in-new-version-7\/\" target=\"_blank\" rel=\"noopener\"><strong>new version 7<\/strong><\/a>:<\/p>\n<ul>\n<li>Precise 3-axis shock detection with \u00b1 24 g per axis, including shock details in milliseconds<\/li>\n<li>Unique on the market: integrated shock\/vibration testing in accordance with European transport standard IEC 60721-3-2<\/li>\n<li>Reliable detection of damage caused by shock\/impact, corrosion or temperature fluctuations<\/li>\n<li>Meaningful reports at the touch of a button and extensive software functions for data analysis<\/li>\n<li>Saving costs, time and avoiding discussions<\/li>\n<\/ul>\n<p>The number of data loggers required can be put together individually according to your needs.<\/p>\n\t<h3>Price list or your individual quote<\/h3>\n<p>We would be happy to send you the price list or make you an individual offer! Either contact your\u00a0<a href=\"https:\/\/www.aspion.de\/en\/aspion-partners\/\" target=\"_blank\" rel=\"noopener\">partner in charge<\/a>,\u00a0<strong>call us on +49 721 \/ 85149-122<\/strong>\u00a0or write to us at\u00a0<strong><a href=\"mailto:info@aspion.de?subject=Inquiry%20about%20ASPION%20data%20loggers\" target=\"_blank\" rel=\"noopener\">info@aspion.de<\/a><\/strong>. We will be happy to advise you at any time and without obligation.<\/p>\n\t\t\t<a href=\"mailto:info@aspion.de?subject=Go-Live-Bonus:%20request%20for%20current%20price%20list\" target=\"_blank\" rel=\"noopener\">\n\t\t\t\t\t\tRequest price list\n\t\t\t\t\t<\/a>\n\t<p>*The promotion is valid for orders up to and including 31.08.2025, at the conditions listed in the currently valid price list. The Next-Gen bonus applies exclusively to sets (25\/50\/100) of ASPION G-Log 2 data loggers and is granted up to three times per customer \/ partner. Delivery will be made in the current version immediately after receipt of the order while stocks last or on the desired delivery date, but no later than 30.09.2025. Invoicing after dispatch of delivery. The offer does not apply to other ASPION G-Log models, ASPION G-Log Premium, USB card readers, general overhauls or other services and cannot be combined with other offers, discounts or promotions. Subject to change and errors excepted. <\/p>\n<p><strong>Important: Please note our new address from 01.07.2025 when placing your order:<a href=\"https:\/\/www.aspion.de\/en\/contact\/\" target=\"_blank\" rel=\"noopener\"> Ohiostrasse 11, 76149 Karlsruhe, Germany<\/a>.<\/strong><\/p>\n\n","protected":false},"excerpt":{"rendered":"<p>New version 7: Next-Gen bonus for ASPION G-Log 2 transport data loggers As a flexible &#8220;all-rounder&#8221; with a market-leading price\/performance ratio, the tried-and-tested ASPION G-Log 2 shock and climate data logger has long since established itself as the top seller on the market. The innovative, multi-award-winning complete system consisting of hardware, software and apps actively&hellip;<\/p>\n","protected":false},"author":496,"featured_media":0,"parent":0,"menu_order":0,"comment_status":"closed","ping_status":"closed","template":"","meta":{"_acf_changed":false,"footnotes":""},"class_list":["post-23515","page","type-page","status-publish","hentry"],"acf":[],"yoast_head":"<!-- This site is optimized with the Yoast SEO Premium plugin v27.5 (Yoast SEO v27.5) - https:\/\/yoast.com\/product\/yoast-seo-premium-wordpress\/ -->\n<title>New version 7: Next-Gen bonus for ASPION G-Log 2 data loggers<\/title>\n<meta name=\"description\" content=\"Now live: The new version 7 with significant enhancements for all ASPION G-Log data loggers \u25ba Secure special benefits now!\" \/>\n<meta name=\"robots\" content=\"index, follow, max-snippet:-1, max-image-preview:large, max-video-preview:-1\" \/>\n<link rel=\"canonical\" href=\"https:\/\/www.aspion.de\/en\/new-version-7-next-gen-bonus-for-aspion-g-log-2-data-loggers\/\" \/>\n<meta property=\"og:locale\" content=\"en_US\" \/>\n<meta property=\"og:type\" content=\"article\" \/>\n<meta property=\"og:title\" content=\"New version 7: Next-Gen bonus for ASPION G-Log 2 data loggers\" \/>\n<meta property=\"og:description\" content=\"Now live: The new version 7 with significant enhancements for all ASPION G-Log data loggers \u25ba Secure special benefits now!\" \/>\n<meta property=\"og:url\" content=\"https:\/\/www.aspion.de\/en\/new-version-7-next-gen-bonus-for-aspion-g-log-2-data-loggers\/\" \/>\n<meta property=\"og:site_name\" content=\"ASPION GmbH \u2013 Profi-Datenlogger f\u00fcr Schock und Sto\u00df - f\u00fcr die Industrie\" \/>\n<meta property=\"article:modified_time\" content=\"2025-06-25T14:32:28+00:00\" \/>\n<meta property=\"og:image\" content=\"https:\/\/www.aspion.de\/wp-content\/uploads\/2025\/06\/Banner-Bonus-Aktion-Version7-engl-2.jpg\" \/>\n<meta name=\"twitter:card\" content=\"summary_large_image\" \/>\n<meta name=\"twitter:label1\" content=\"Est. reading time\" \/>\n\t<meta name=\"twitter:data1\" content=\"4 minutes\" \/>\n<script type=\"application\/ld+json\" class=\"yoast-schema-graph\">{\"@context\":\"https:\\\/\\\/schema.org\",\"@graph\":[{\"@type\":\"WebPage\",\"@id\":\"https:\\\/\\\/www.aspion.de\\\/en\\\/new-version-7-next-gen-bonus-for-aspion-g-log-2-data-loggers\\\/\",\"url\":\"https:\\\/\\\/www.aspion.de\\\/en\\\/new-version-7-next-gen-bonus-for-aspion-g-log-2-data-loggers\\\/\",\"name\":\"New version 7: Next-Gen bonus for ASPION G-Log 2 data loggers\",\"isPartOf\":{\"@id\":\"https:\\\/\\\/www.aspion.de\\\/en\\\/#website\"},\"primaryImageOfPage\":{\"@id\":\"https:\\\/\\\/www.aspion.de\\\/en\\\/new-version-7-next-gen-bonus-for-aspion-g-log-2-data-loggers\\\/#primaryimage\"},\"image\":{\"@id\":\"https:\\\/\\\/www.aspion.de\\\/en\\\/new-version-7-next-gen-bonus-for-aspion-g-log-2-data-loggers\\\/#primaryimage\"},\"thumbnailUrl\":\"https:\\\/\\\/www.aspion.de\\\/wp-content\\\/uploads\\\/2025\\\/06\\\/Banner-Bonus-Aktion-Version7-engl-2.jpg\",\"datePublished\":\"2025-06-25T07:49:27+00:00\",\"dateModified\":\"2025-06-25T14:32:28+00:00\",\"description\":\"Now live: The new version 7 with significant enhancements for all ASPION G-Log data loggers \u25ba Secure special benefits now!\",\"breadcrumb\":{\"@id\":\"https:\\\/\\\/www.aspion.de\\\/en\\\/new-version-7-next-gen-bonus-for-aspion-g-log-2-data-loggers\\\/#breadcrumb\"},\"inLanguage\":\"en-US\",\"potentialAction\":[{\"@type\":\"ReadAction\",\"target\":[\"https:\\\/\\\/www.aspion.de\\\/en\\\/new-version-7-next-gen-bonus-for-aspion-g-log-2-data-loggers\\\/\"]}]},{\"@type\":\"ImageObject\",\"inLanguage\":\"en-US\",\"@id\":\"https:\\\/\\\/www.aspion.de\\\/en\\\/new-version-7-next-gen-bonus-for-aspion-g-log-2-data-loggers\\\/#primaryimage\",\"url\":\"https:\\\/\\\/www.aspion.de\\\/wp-content\\\/uploads\\\/2025\\\/06\\\/Banner-Bonus-Aktion-Version7-engl-2.jpg\",\"contentUrl\":\"https:\\\/\\\/www.aspion.de\\\/wp-content\\\/uploads\\\/2025\\\/06\\\/Banner-Bonus-Aktion-Version7-engl-2.jpg\"},{\"@type\":\"BreadcrumbList\",\"@id\":\"https:\\\/\\\/www.aspion.de\\\/en\\\/new-version-7-next-gen-bonus-for-aspion-g-log-2-data-loggers\\\/#breadcrumb\",\"itemListElement\":[{\"@type\":\"ListItem\",\"position\":1,\"name\":\"Startseite\",\"item\":\"https:\\\/\\\/www.aspion.de\\\/en\\\/\"},{\"@type\":\"ListItem\",\"position\":2,\"name\":\"New version 7: Next-Gen bonus for ASPION G-Log 2 data loggers\"}]},{\"@type\":\"WebSite\",\"@id\":\"https:\\\/\\\/www.aspion.de\\\/en\\\/#website\",\"url\":\"https:\\\/\\\/www.aspion.de\\\/en\\\/\",\"name\":\"ASPION GmbH \u2013 Profi-Datenlogger f\u00fcr Schock und Sto\u00df - f\u00fcr die Industrie\",\"description\":\"Datenlogger f\u00fcr Transport\u00fcberwachung von Schock, Temperatur, Feuchte - einfach, kosteng\u00fcnstig, nachhaltig, made in Germany.\",\"publisher\":{\"@id\":\"https:\\\/\\\/www.aspion.de\\\/en\\\/#organization\"},\"potentialAction\":[{\"@type\":\"SearchAction\",\"target\":{\"@type\":\"EntryPoint\",\"urlTemplate\":\"https:\\\/\\\/www.aspion.de\\\/en\\\/?s={search_term_string}\"},\"query-input\":{\"@type\":\"PropertyValueSpecification\",\"valueRequired\":true,\"valueName\":\"search_term_string\"}}],\"inLanguage\":\"en-US\"},{\"@type\":[\"Organization\",\"Place\"],\"@id\":\"https:\\\/\\\/www.aspion.de\\\/en\\\/#organization\",\"name\":\"ASPION GmbH\",\"url\":\"https:\\\/\\\/www.aspion.de\\\/en\\\/\",\"logo\":{\"@id\":\"https:\\\/\\\/www.aspion.de\\\/en\\\/new-version-7-next-gen-bonus-for-aspion-g-log-2-data-loggers\\\/#local-main-organization-logo\"},\"image\":{\"@id\":\"https:\\\/\\\/www.aspion.de\\\/en\\\/new-version-7-next-gen-bonus-for-aspion-g-log-2-data-loggers\\\/#local-main-organization-logo\"},\"sameAs\":[\"https:\\\/\\\/www.linkedin.com\\\/company\\\/aspion-gmbh\",\"https:\\\/\\\/www.youtube.com\\\/channel\\\/UCyPrXy8bNbXMKcp_MQEor3w\"],\"address\":{\"@id\":\"https:\\\/\\\/www.aspion.de\\\/en\\\/new-version-7-next-gen-bonus-for-aspion-g-log-2-data-loggers\\\/#local-main-place-address\"},\"telephone\":[\"+49 721 85149-122\"],\"openingHoursSpecification\":[{\"@type\":\"OpeningHoursSpecification\",\"dayOfWeek\":[\"Monday\",\"Tuesday\",\"Wednesday\",\"Thursday\",\"Friday\",\"Saturday\",\"Sunday\"],\"opens\":\"09:00\",\"closes\":\"17:00\"}],\"email\":\"info@aspion.de\",\"faxNumber\":\"+49 721 85149-090\"},{\"@type\":\"PostalAddress\",\"@id\":\"https:\\\/\\\/www.aspion.de\\\/en\\\/new-version-7-next-gen-bonus-for-aspion-g-log-2-data-loggers\\\/#local-main-place-address\",\"streetAddress\":\"Ohiostra\u00dfe 11\",\"addressLocality\":\"Karlsruhe\",\"postalCode\":\"76149\",\"addressRegion\":\"Baden-W\u00fcrttemberg\",\"addressCountry\":\"DE\"},{\"@type\":\"ImageObject\",\"inLanguage\":\"en-US\",\"@id\":\"https:\\\/\\\/www.aspion.de\\\/en\\\/new-version-7-next-gen-bonus-for-aspion-g-log-2-data-loggers\\\/#local-main-organization-logo\",\"url\":\"https:\\\/\\\/www.aspion.de\\\/wp-content\\\/uploads\\\/2014\\\/05\\\/Aspion_GmbH_Active_SensorsPositioning_Logo_1.png\",\"contentUrl\":\"https:\\\/\\\/www.aspion.de\\\/wp-content\\\/uploads\\\/2014\\\/05\\\/Aspion_GmbH_Active_SensorsPositioning_Logo_1.png\",\"width\":280,\"height\":71,\"caption\":\"ASPION GmbH\"}]}<\/script>\n<meta name=\"geo.placename\" content=\"Karlsruhe\" \/>\n<meta name=\"geo.region\" content=\"Germany\" \/>\n<!-- \/ Yoast SEO Premium plugin. -->","yoast_head_json":{"title":"New version 7: Next-Gen bonus for ASPION G-Log 2 data loggers","description":"Now live: The new version 7 with significant enhancements for all ASPION G-Log data loggers \u25ba Secure special benefits now!","robots":{"index":"index","follow":"follow","max-snippet":"max-snippet:-1","max-image-preview":"max-image-preview:large","max-video-preview":"max-video-preview:-1"},"canonical":"https:\/\/www.aspion.de\/en\/new-version-7-next-gen-bonus-for-aspion-g-log-2-data-loggers\/","og_locale":"en_US","og_type":"article","og_title":"New version 7: Next-Gen bonus for ASPION G-Log 2 data loggers","og_description":"Now live: The new version 7 with significant enhancements for all ASPION G-Log data loggers \u25ba Secure special benefits now!","og_url":"https:\/\/www.aspion.de\/en\/new-version-7-next-gen-bonus-for-aspion-g-log-2-data-loggers\/","og_site_name":"ASPION GmbH \u2013 Profi-Datenlogger f\u00fcr Schock und Sto\u00df - f\u00fcr die Industrie","article_modified_time":"2025-06-25T14:32:28+00:00","og_image":[{"url":"https:\/\/www.aspion.de\/wp-content\/uploads\/2025\/06\/Banner-Bonus-Aktion-Version7-engl-2.jpg","type":"","width":"","height":""}],"twitter_card":"summary_large_image","twitter_misc":{"Est. reading time":"4 minutes"},"schema":{"@context":"https:\/\/schema.org","@graph":[{"@type":"WebPage","@id":"https:\/\/www.aspion.de\/en\/new-version-7-next-gen-bonus-for-aspion-g-log-2-data-loggers\/","url":"https:\/\/www.aspion.de\/en\/new-version-7-next-gen-bonus-for-aspion-g-log-2-data-loggers\/","name":"New version 7: Next-Gen bonus for ASPION G-Log 2 data loggers","isPartOf":{"@id":"https:\/\/www.aspion.de\/en\/#website"},"primaryImageOfPage":{"@id":"https:\/\/www.aspion.de\/en\/new-version-7-next-gen-bonus-for-aspion-g-log-2-data-loggers\/#primaryimage"},"image":{"@id":"https:\/\/www.aspion.de\/en\/new-version-7-next-gen-bonus-for-aspion-g-log-2-data-loggers\/#primaryimage"},"thumbnailUrl":"https:\/\/www.aspion.de\/wp-content\/uploads\/2025\/06\/Banner-Bonus-Aktion-Version7-engl-2.jpg","datePublished":"2025-06-25T07:49:27+00:00","dateModified":"2025-06-25T14:32:28+00:00","description":"Now live: The new version 7 with significant enhancements for all ASPION G-Log data loggers \u25ba Secure special benefits now!","breadcrumb":{"@id":"https:\/\/www.aspion.de\/en\/new-version-7-next-gen-bonus-for-aspion-g-log-2-data-loggers\/#breadcrumb"},"inLanguage":"en-US","potentialAction":[{"@type":"ReadAction","target":["https:\/\/www.aspion.de\/en\/new-version-7-next-gen-bonus-for-aspion-g-log-2-data-loggers\/"]}]},{"@type":"ImageObject","inLanguage":"en-US","@id":"https:\/\/www.aspion.de\/en\/new-version-7-next-gen-bonus-for-aspion-g-log-2-data-loggers\/#primaryimage","url":"https:\/\/www.aspion.de\/wp-content\/uploads\/2025\/06\/Banner-Bonus-Aktion-Version7-engl-2.jpg","contentUrl":"https:\/\/www.aspion.de\/wp-content\/uploads\/2025\/06\/Banner-Bonus-Aktion-Version7-engl-2.jpg"},{"@type":"BreadcrumbList","@id":"https:\/\/www.aspion.de\/en\/new-version-7-next-gen-bonus-for-aspion-g-log-2-data-loggers\/#breadcrumb","itemListElement":[{"@type":"ListItem","position":1,"name":"Startseite","item":"https:\/\/www.aspion.de\/en\/"},{"@type":"ListItem","position":2,"name":"New version 7: Next-Gen bonus for ASPION G-Log 2 data loggers"}]},{"@type":"WebSite","@id":"https:\/\/www.aspion.de\/en\/#website","url":"https:\/\/www.aspion.de\/en\/","name":"ASPION GmbH \u2013 Profi-Datenlogger f\u00fcr Schock und Sto\u00df - f\u00fcr die Industrie","description":"Datenlogger f\u00fcr Transport\u00fcberwachung von Schock, Temperatur, Feuchte - einfach, kosteng\u00fcnstig, nachhaltig, made in Germany.","publisher":{"@id":"https:\/\/www.aspion.de\/en\/#organization"},"potentialAction":[{"@type":"SearchAction","target":{"@type":"EntryPoint","urlTemplate":"https:\/\/www.aspion.de\/en\/?s={search_term_string}"},"query-input":{"@type":"PropertyValueSpecification","valueRequired":true,"valueName":"search_term_string"}}],"inLanguage":"en-US"},{"@type":["Organization","Place"],"@id":"https:\/\/www.aspion.de\/en\/#organization","name":"ASPION GmbH","url":"https:\/\/www.aspion.de\/en\/","logo":{"@id":"https:\/\/www.aspion.de\/en\/new-version-7-next-gen-bonus-for-aspion-g-log-2-data-loggers\/#local-main-organization-logo"},"image":{"@id":"https:\/\/www.aspion.de\/en\/new-version-7-next-gen-bonus-for-aspion-g-log-2-data-loggers\/#local-main-organization-logo"},"sameAs":["https:\/\/www.linkedin.com\/company\/aspion-gmbh","https:\/\/www.youtube.com\/channel\/UCyPrXy8bNbXMKcp_MQEor3w"],"address":{"@id":"https:\/\/www.aspion.de\/en\/new-version-7-next-gen-bonus-for-aspion-g-log-2-data-loggers\/#local-main-place-address"},"telephone":["+49 721 85149-122"],"openingHoursSpecification":[{"@type":"OpeningHoursSpecification","dayOfWeek":["Monday","Tuesday","Wednesday","Thursday","Friday","Saturday","Sunday"],"opens":"09:00","closes":"17:00"}],"email":"info@aspion.de","faxNumber":"+49 721 85149-090"},{"@type":"PostalAddress","@id":"https:\/\/www.aspion.de\/en\/new-version-7-next-gen-bonus-for-aspion-g-log-2-data-loggers\/#local-main-place-address","streetAddress":"Ohiostra\u00dfe 11","addressLocality":"Karlsruhe","postalCode":"76149","addressRegion":"Baden-W\u00fcrttemberg","addressCountry":"DE"},{"@type":"ImageObject","inLanguage":"en-US","@id":"https:\/\/www.aspion.de\/en\/new-version-7-next-gen-bonus-for-aspion-g-log-2-data-loggers\/#local-main-organization-logo","url":"https:\/\/www.aspion.de\/wp-content\/uploads\/2014\/05\/Aspion_GmbH_Active_SensorsPositioning_Logo_1.png","contentUrl":"https:\/\/www.aspion.de\/wp-content\/uploads\/2014\/05\/Aspion_GmbH_Active_SensorsPositioning_Logo_1.png","width":280,"height":71,"caption":"ASPION GmbH"}]},"geo.placename":"Karlsruhe","geo.region":"Germany"},"_links":{"self":[{"href":"https:\/\/www.aspion.de\/en\/wp-json\/wp\/v2\/pages\/23515","targetHints":{"allow":["GET"]}}],"collection":[{"href":"https:\/\/www.aspion.de\/en\/wp-json\/wp\/v2\/pages"}],"about":[{"href":"https:\/\/www.aspion.de\/en\/wp-json\/wp\/v2\/types\/page"}],"author":[{"embeddable":true,"href":"https:\/\/www.aspion.de\/en\/wp-json\/wp\/v2\/users\/496"}],"replies":[{"embeddable":true,"href":"https:\/\/www.aspion.de\/en\/wp-json\/wp\/v2\/comments?post=23515"}],"version-history":[{"count":3,"href":"https:\/\/www.aspion.de\/en\/wp-json\/wp\/v2\/pages\/23515\/revisions"}],"predecessor-version":[{"id":23564,"href":"https:\/\/www.aspion.de\/en\/wp-json\/wp\/v2\/pages\/23515\/revisions\/23564"}],"wp:attachment":[{"href":"https:\/\/www.aspion.de\/en\/wp-json\/wp\/v2\/media?parent=23515"}],"curies":[{"name":"wp","href":"https:\/\/api.w.org\/{rel}","templated":true}]}}