{"id":23734,"date":"2025-07-24T14:47:46","date_gmt":"2025-07-24T12:47:46","guid":{"rendered":"https:\/\/www.aspion.de\/press-release-new-version-7-for-aspion-transport-data-loggers-expands-range-of-functions\/"},"modified":"2025-07-24T14:49:55","modified_gmt":"2025-07-24T12:49:55","slug":"press-release-new-version-7-for-aspion-transport-data-loggers-expands-range-of-functions","status":"publish","type":"page","link":"https:\/\/www.aspion.de\/en\/press-release-new-version-7-for-aspion-transport-data-loggers-expands-range-of-functions\/","title":{"rendered":"Press release: New version 7 for ASPION Transport data loggers expands range of functions"},"content":{"rendered":"\n\n\t<p>Press release 26.06.2025<\/p>\n<p><strong>Major feature update for ASPION transport data loggers<\/strong><\/p>\n<h1>ASPION G-Log: Transparency in the supply chain with new version 7<\/h1>\n<p><strong>Karlsruhe, 26 June 2025. <\/strong>For shock- and climate-sensitive industrial goods, ASPION G-Log transport data loggers offer reliable monitoring and damage protection worldwide. With the new version 7, ASPION is consistently implementing the customer-oriented evolution of the proven solution. The multi-award-winning complete system consisting of data loggers, PC software and smartphone apps provides numerous new features for transparency and security in the supply chain. Highlights such as extensive filter functions for selective data analysis and new app operating options now offer users even more structure, overview and convenience when using the smart data loggers.<\/p>\n<p><strong>Improved overview and new structure<\/strong><\/p>\n<p>The technically and visually optimized version 7 of the PC software expands the range of functions for all data loggers. With the revised user interface, users always have a complete overview of all measurements. The unified view for shock, climate and other events can be customized as required &#8211; for quick and easy evaluation of transport events. Whether using many data loggers or for frequent transports &#8211; the new grouping function provides structure and order. Even before transport, related operations are linked and all evaluations are then provided in a bundled form.<\/p>\n<p><strong>Efficient data analysis with flexible filter functions<\/strong><\/p>\n<p>The extensive new filter functions for readout time, alarm status and threshold value violations offer considerable added value. Evaluations and events are selected at the touch of a button, even with large volumes of data, and only the details that are actually relevant are extracted via the filtered data export. This provides users with all important information quickly and efficiently from the flood of data and compact reporting without superfluous entries. The smartphone apps for Android and iOS have also been expanded in their range of functions with the new version 7: The Bluetooth-enabled ASPION G-Log 2 data loggers can now also be activated time-controlled via the app with the ASPION Premium service. This gives industrial customers even more flexibility for reliable and location-independent commissioning.<\/p>\n<p><strong>Availability at attractive conditions<\/strong><\/p>\n<p>The new smartphone app for Android and iOS will soon be available in the respective stores. At an entry-level price of 77 euros net including software and app, the smart data loggers with shock detection at millisecond level offer a market-leading price\/performance ratio for the conclusive assessment of transport damage caused by shock and vibration. During the summer months, the innovative ASPION G-Log 2 shock and climate data logger is available to customers and sales partners worldwide at particularly attractive offer conditions.<\/p>\n<p>Images for download<\/p>\nDownload: click on the image<strong><br \/>\n<\/strong>\n\t\t\t\t<a href=\"https:\/\/www.aspion.de\/wp-content\/uploads\/2025\/06\/Pressebild-PM-G-Log-Version-7-RGB-1024x563.jpg\" target=\"_blank\" rel=\"noopener\"  itemprop=\"url\">\n\t\t\t\t<img decoding=\"async\" src=\"https:\/\/www.aspion.de\/wp-content\/uploads\/2025\/06\/Pressebild-PM-G-Log-Version-7-RGB-1024x563.jpg\" alt=\"\u00a9ASPION GmbH, \u00a9iidniel\/123RF.com\" itemprop=\"image\" height=\"563\" width=\"1024\" title=\"Pressebild PM G-Log Version 7-RGB\" onerror=\"this.style.display='none'\"  \/>\n\t\t\t\t<\/a>\n\t\t\u00a9ASPION GmbH, \u00a9iidniel\/123RF.com\n\t<p>The new version 7 brings significant enhancements to the range of functions for all ASPION G-Log data loggers.<\/p>\n\t<h5>Use of the image material for editorial purposes is free of charge.<\/h5>\n\t<h3>Your press contact<\/h3>\nPeter Adam<br \/>\nMarketing and Sales<br \/>\nTel.: +49 721 \/ 85149-127<br \/>\n<a href=\"mailto:peter.adam@aspion.de\">peter.adam@aspion.de<\/a>\n\n","protected":false},"excerpt":{"rendered":"<p>Press release 26.06.2025 Major feature update for ASPION transport data loggers ASPION G-Log: Transparency in the supply chain with new version 7 Karlsruhe, 26 June 2025. For shock- and climate-sensitive industrial goods, ASPION G-Log transport data loggers offer reliable monitoring and damage protection worldwide. With the new version 7, ASPION is consistently implementing the customer-oriented&hellip;<\/p>\n","protected":false},"author":496,"featured_media":0,"parent":0,"menu_order":0,"comment_status":"closed","ping_status":"closed","template":"","meta":{"_acf_changed":false,"footnotes":""},"class_list":["post-23734","page","type-page","status-publish","hentry"],"acf":[],"yoast_head":"<!-- This site is optimized with the Yoast SEO Premium plugin v27.5 (Yoast SEO v27.5) - https:\/\/yoast.com\/product\/yoast-seo-premium-wordpress\/ -->\n<title>ASPION G-Log: Transparency in the supply chain with the new version 7<\/title>\n<meta name=\"description\" content=\"The new version 7 significantly expands the range of functions for all ASPION G-Log data loggers \u25ba Read the press release\" \/>\n<meta name=\"robots\" content=\"index, follow, max-snippet:-1, max-image-preview:large, max-video-preview:-1\" \/>\n<link rel=\"canonical\" href=\"https:\/\/www.aspion.de\/en\/press-release-new-version-7-for-aspion-transport-data-loggers-expands-range-of-functions\/\" \/>\n<meta property=\"og:locale\" content=\"en_US\" \/>\n<meta property=\"og:type\" content=\"article\" \/>\n<meta property=\"og:title\" content=\"Press release: New version 7 for ASPION Transport data loggers expands range of functions\" \/>\n<meta property=\"og:description\" content=\"The new version 7 significantly expands the range of functions for all ASPION G-Log data loggers \u25ba Read the press release\" \/>\n<meta property=\"og:url\" content=\"https:\/\/www.aspion.de\/en\/press-release-new-version-7-for-aspion-transport-data-loggers-expands-range-of-functions\/\" \/>\n<meta property=\"og:site_name\" content=\"ASPION GmbH \u2013 Profi-Datenlogger f\u00fcr Schock und Sto\u00df - f\u00fcr die Industrie\" \/>\n<meta property=\"article:modified_time\" content=\"2025-07-24T12:49:55+00:00\" \/>\n<meta property=\"og:image\" content=\"https:\/\/www.aspion.de\/wp-content\/uploads\/2025\/06\/Pressebild-PM-G-Log-Version-7-RGB-1024x563.jpg\" \/>\n<meta name=\"twitter:card\" content=\"summary_large_image\" \/>\n<meta name=\"twitter:label1\" content=\"Est. reading time\" \/>\n\t<meta name=\"twitter:data1\" content=\"2 minutes\" \/>\n<script type=\"application\/ld+json\" class=\"yoast-schema-graph\">{\"@context\":\"https:\\\/\\\/schema.org\",\"@graph\":[{\"@type\":\"WebPage\",\"@id\":\"https:\\\/\\\/www.aspion.de\\\/en\\\/press-release-new-version-7-for-aspion-transport-data-loggers-expands-range-of-functions\\\/\",\"url\":\"https:\\\/\\\/www.aspion.de\\\/en\\\/press-release-new-version-7-for-aspion-transport-data-loggers-expands-range-of-functions\\\/\",\"name\":\"ASPION G-Log: Transparency in the supply chain with the new version 7\",\"isPartOf\":{\"@id\":\"https:\\\/\\\/www.aspion.de\\\/en\\\/#website\"},\"primaryImageOfPage\":{\"@id\":\"https:\\\/\\\/www.aspion.de\\\/en\\\/press-release-new-version-7-for-aspion-transport-data-loggers-expands-range-of-functions\\\/#primaryimage\"},\"image\":{\"@id\":\"https:\\\/\\\/www.aspion.de\\\/en\\\/press-release-new-version-7-for-aspion-transport-data-loggers-expands-range-of-functions\\\/#primaryimage\"},\"thumbnailUrl\":\"https:\\\/\\\/www.aspion.de\\\/wp-content\\\/uploads\\\/2025\\\/06\\\/Pressebild-PM-G-Log-Version-7-RGB-1024x563.jpg\",\"datePublished\":\"2025-07-24T12:47:46+00:00\",\"dateModified\":\"2025-07-24T12:49:55+00:00\",\"description\":\"The new version 7 significantly expands the range of functions for all ASPION G-Log data loggers \u25ba Read the press release\",\"breadcrumb\":{\"@id\":\"https:\\\/\\\/www.aspion.de\\\/en\\\/press-release-new-version-7-for-aspion-transport-data-loggers-expands-range-of-functions\\\/#breadcrumb\"},\"inLanguage\":\"en-US\",\"potentialAction\":[{\"@type\":\"ReadAction\",\"target\":[\"https:\\\/\\\/www.aspion.de\\\/en\\\/press-release-new-version-7-for-aspion-transport-data-loggers-expands-range-of-functions\\\/\"]}]},{\"@type\":\"ImageObject\",\"inLanguage\":\"en-US\",\"@id\":\"https:\\\/\\\/www.aspion.de\\\/en\\\/press-release-new-version-7-for-aspion-transport-data-loggers-expands-range-of-functions\\\/#primaryimage\",\"url\":\"https:\\\/\\\/www.aspion.de\\\/wp-content\\\/uploads\\\/2025\\\/06\\\/Pressebild-PM-G-Log-Version-7-RGB-1024x563.jpg\",\"contentUrl\":\"https:\\\/\\\/www.aspion.de\\\/wp-content\\\/uploads\\\/2025\\\/06\\\/Pressebild-PM-G-Log-Version-7-RGB-1024x563.jpg\"},{\"@type\":\"BreadcrumbList\",\"@id\":\"https:\\\/\\\/www.aspion.de\\\/en\\\/press-release-new-version-7-for-aspion-transport-data-loggers-expands-range-of-functions\\\/#breadcrumb\",\"itemListElement\":[{\"@type\":\"ListItem\",\"position\":1,\"name\":\"Startseite\",\"item\":\"https:\\\/\\\/www.aspion.de\\\/en\\\/\"},{\"@type\":\"ListItem\",\"position\":2,\"name\":\"Press release: New version 7 for ASPION Transport data loggers expands range of functions\"}]},{\"@type\":\"WebSite\",\"@id\":\"https:\\\/\\\/www.aspion.de\\\/en\\\/#website\",\"url\":\"https:\\\/\\\/www.aspion.de\\\/en\\\/\",\"name\":\"ASPION GmbH \u2013 Profi-Datenlogger f\u00fcr Schock und Sto\u00df - f\u00fcr die Industrie\",\"description\":\"Datenlogger f\u00fcr Transport\u00fcberwachung von Schock, Temperatur, Feuchte - einfach, kosteng\u00fcnstig, nachhaltig, made in Germany.\",\"publisher\":{\"@id\":\"https:\\\/\\\/www.aspion.de\\\/en\\\/#organization\"},\"potentialAction\":[{\"@type\":\"SearchAction\",\"target\":{\"@type\":\"EntryPoint\",\"urlTemplate\":\"https:\\\/\\\/www.aspion.de\\\/en\\\/?s={search_term_string}\"},\"query-input\":{\"@type\":\"PropertyValueSpecification\",\"valueRequired\":true,\"valueName\":\"search_term_string\"}}],\"inLanguage\":\"en-US\"},{\"@type\":[\"Organization\",\"Place\"],\"@id\":\"https:\\\/\\\/www.aspion.de\\\/en\\\/#organization\",\"name\":\"ASPION GmbH\",\"url\":\"https:\\\/\\\/www.aspion.de\\\/en\\\/\",\"logo\":{\"@id\":\"https:\\\/\\\/www.aspion.de\\\/en\\\/press-release-new-version-7-for-aspion-transport-data-loggers-expands-range-of-functions\\\/#local-main-organization-logo\"},\"image\":{\"@id\":\"https:\\\/\\\/www.aspion.de\\\/en\\\/press-release-new-version-7-for-aspion-transport-data-loggers-expands-range-of-functions\\\/#local-main-organization-logo\"},\"sameAs\":[\"https:\\\/\\\/www.linkedin.com\\\/company\\\/aspion-gmbh\",\"https:\\\/\\\/www.youtube.com\\\/channel\\\/UCyPrXy8bNbXMKcp_MQEor3w\"],\"address\":{\"@id\":\"https:\\\/\\\/www.aspion.de\\\/en\\\/press-release-new-version-7-for-aspion-transport-data-loggers-expands-range-of-functions\\\/#local-main-place-address\"},\"telephone\":[\"+49 721 85149-122\"],\"openingHoursSpecification\":[{\"@type\":\"OpeningHoursSpecification\",\"dayOfWeek\":[\"Monday\",\"Tuesday\",\"Wednesday\",\"Thursday\",\"Friday\",\"Saturday\",\"Sunday\"],\"opens\":\"09:00\",\"closes\":\"17:00\"}],\"email\":\"info@aspion.de\",\"faxNumber\":\"+49 721 85149-090\"},{\"@type\":\"PostalAddress\",\"@id\":\"https:\\\/\\\/www.aspion.de\\\/en\\\/press-release-new-version-7-for-aspion-transport-data-loggers-expands-range-of-functions\\\/#local-main-place-address\",\"streetAddress\":\"Ohiostra\u00dfe 11\",\"addressLocality\":\"Karlsruhe\",\"postalCode\":\"76149\",\"addressRegion\":\"Baden-W\u00fcrttemberg\",\"addressCountry\":\"DE\"},{\"@type\":\"ImageObject\",\"inLanguage\":\"en-US\",\"@id\":\"https:\\\/\\\/www.aspion.de\\\/en\\\/press-release-new-version-7-for-aspion-transport-data-loggers-expands-range-of-functions\\\/#local-main-organization-logo\",\"url\":\"https:\\\/\\\/www.aspion.de\\\/wp-content\\\/uploads\\\/2014\\\/05\\\/Aspion_GmbH_Active_SensorsPositioning_Logo_1.png\",\"contentUrl\":\"https:\\\/\\\/www.aspion.de\\\/wp-content\\\/uploads\\\/2014\\\/05\\\/Aspion_GmbH_Active_SensorsPositioning_Logo_1.png\",\"width\":280,\"height\":71,\"caption\":\"ASPION GmbH\"}]}<\/script>\n<meta name=\"geo.placename\" content=\"Karlsruhe\" \/>\n<meta name=\"geo.region\" content=\"Germany\" \/>\n<!-- \/ Yoast SEO Premium plugin. -->","yoast_head_json":{"title":"ASPION G-Log: Transparency in the supply chain with the new version 7","description":"The new version 7 significantly expands the range of functions for all ASPION G-Log data loggers \u25ba Read the press release","robots":{"index":"index","follow":"follow","max-snippet":"max-snippet:-1","max-image-preview":"max-image-preview:large","max-video-preview":"max-video-preview:-1"},"canonical":"https:\/\/www.aspion.de\/en\/press-release-new-version-7-for-aspion-transport-data-loggers-expands-range-of-functions\/","og_locale":"en_US","og_type":"article","og_title":"Press release: New version 7 for ASPION Transport data loggers expands range of functions","og_description":"The new version 7 significantly expands the range of functions for all ASPION G-Log data loggers \u25ba Read the press release","og_url":"https:\/\/www.aspion.de\/en\/press-release-new-version-7-for-aspion-transport-data-loggers-expands-range-of-functions\/","og_site_name":"ASPION GmbH \u2013 Profi-Datenlogger f\u00fcr Schock und Sto\u00df - f\u00fcr die Industrie","article_modified_time":"2025-07-24T12:49:55+00:00","og_image":[{"url":"https:\/\/www.aspion.de\/wp-content\/uploads\/2025\/06\/Pressebild-PM-G-Log-Version-7-RGB-1024x563.jpg","type":"","width":"","height":""}],"twitter_card":"summary_large_image","twitter_misc":{"Est. reading time":"2 minutes"},"schema":{"@context":"https:\/\/schema.org","@graph":[{"@type":"WebPage","@id":"https:\/\/www.aspion.de\/en\/press-release-new-version-7-for-aspion-transport-data-loggers-expands-range-of-functions\/","url":"https:\/\/www.aspion.de\/en\/press-release-new-version-7-for-aspion-transport-data-loggers-expands-range-of-functions\/","name":"ASPION G-Log: Transparency in the supply chain with the new version 7","isPartOf":{"@id":"https:\/\/www.aspion.de\/en\/#website"},"primaryImageOfPage":{"@id":"https:\/\/www.aspion.de\/en\/press-release-new-version-7-for-aspion-transport-data-loggers-expands-range-of-functions\/#primaryimage"},"image":{"@id":"https:\/\/www.aspion.de\/en\/press-release-new-version-7-for-aspion-transport-data-loggers-expands-range-of-functions\/#primaryimage"},"thumbnailUrl":"https:\/\/www.aspion.de\/wp-content\/uploads\/2025\/06\/Pressebild-PM-G-Log-Version-7-RGB-1024x563.jpg","datePublished":"2025-07-24T12:47:46+00:00","dateModified":"2025-07-24T12:49:55+00:00","description":"The new version 7 significantly expands the range of functions for all ASPION G-Log data loggers \u25ba Read the press release","breadcrumb":{"@id":"https:\/\/www.aspion.de\/en\/press-release-new-version-7-for-aspion-transport-data-loggers-expands-range-of-functions\/#breadcrumb"},"inLanguage":"en-US","potentialAction":[{"@type":"ReadAction","target":["https:\/\/www.aspion.de\/en\/press-release-new-version-7-for-aspion-transport-data-loggers-expands-range-of-functions\/"]}]},{"@type":"ImageObject","inLanguage":"en-US","@id":"https:\/\/www.aspion.de\/en\/press-release-new-version-7-for-aspion-transport-data-loggers-expands-range-of-functions\/#primaryimage","url":"https:\/\/www.aspion.de\/wp-content\/uploads\/2025\/06\/Pressebild-PM-G-Log-Version-7-RGB-1024x563.jpg","contentUrl":"https:\/\/www.aspion.de\/wp-content\/uploads\/2025\/06\/Pressebild-PM-G-Log-Version-7-RGB-1024x563.jpg"},{"@type":"BreadcrumbList","@id":"https:\/\/www.aspion.de\/en\/press-release-new-version-7-for-aspion-transport-data-loggers-expands-range-of-functions\/#breadcrumb","itemListElement":[{"@type":"ListItem","position":1,"name":"Startseite","item":"https:\/\/www.aspion.de\/en\/"},{"@type":"ListItem","position":2,"name":"Press release: New version 7 for ASPION Transport data loggers expands range of functions"}]},{"@type":"WebSite","@id":"https:\/\/www.aspion.de\/en\/#website","url":"https:\/\/www.aspion.de\/en\/","name":"ASPION GmbH \u2013 Profi-Datenlogger f\u00fcr Schock und Sto\u00df - f\u00fcr die Industrie","description":"Datenlogger f\u00fcr Transport\u00fcberwachung von Schock, Temperatur, Feuchte - einfach, kosteng\u00fcnstig, nachhaltig, made in Germany.","publisher":{"@id":"https:\/\/www.aspion.de\/en\/#organization"},"potentialAction":[{"@type":"SearchAction","target":{"@type":"EntryPoint","urlTemplate":"https:\/\/www.aspion.de\/en\/?s={search_term_string}"},"query-input":{"@type":"PropertyValueSpecification","valueRequired":true,"valueName":"search_term_string"}}],"inLanguage":"en-US"},{"@type":["Organization","Place"],"@id":"https:\/\/www.aspion.de\/en\/#organization","name":"ASPION GmbH","url":"https:\/\/www.aspion.de\/en\/","logo":{"@id":"https:\/\/www.aspion.de\/en\/press-release-new-version-7-for-aspion-transport-data-loggers-expands-range-of-functions\/#local-main-organization-logo"},"image":{"@id":"https:\/\/www.aspion.de\/en\/press-release-new-version-7-for-aspion-transport-data-loggers-expands-range-of-functions\/#local-main-organization-logo"},"sameAs":["https:\/\/www.linkedin.com\/company\/aspion-gmbh","https:\/\/www.youtube.com\/channel\/UCyPrXy8bNbXMKcp_MQEor3w"],"address":{"@id":"https:\/\/www.aspion.de\/en\/press-release-new-version-7-for-aspion-transport-data-loggers-expands-range-of-functions\/#local-main-place-address"},"telephone":["+49 721 85149-122"],"openingHoursSpecification":[{"@type":"OpeningHoursSpecification","dayOfWeek":["Monday","Tuesday","Wednesday","Thursday","Friday","Saturday","Sunday"],"opens":"09:00","closes":"17:00"}],"email":"info@aspion.de","faxNumber":"+49 721 85149-090"},{"@type":"PostalAddress","@id":"https:\/\/www.aspion.de\/en\/press-release-new-version-7-for-aspion-transport-data-loggers-expands-range-of-functions\/#local-main-place-address","streetAddress":"Ohiostra\u00dfe 11","addressLocality":"Karlsruhe","postalCode":"76149","addressRegion":"Baden-W\u00fcrttemberg","addressCountry":"DE"},{"@type":"ImageObject","inLanguage":"en-US","@id":"https:\/\/www.aspion.de\/en\/press-release-new-version-7-for-aspion-transport-data-loggers-expands-range-of-functions\/#local-main-organization-logo","url":"https:\/\/www.aspion.de\/wp-content\/uploads\/2014\/05\/Aspion_GmbH_Active_SensorsPositioning_Logo_1.png","contentUrl":"https:\/\/www.aspion.de\/wp-content\/uploads\/2014\/05\/Aspion_GmbH_Active_SensorsPositioning_Logo_1.png","width":280,"height":71,"caption":"ASPION GmbH"}]},"geo.placename":"Karlsruhe","geo.region":"Germany"},"_links":{"self":[{"href":"https:\/\/www.aspion.de\/en\/wp-json\/wp\/v2\/pages\/23734","targetHints":{"allow":["GET"]}}],"collection":[{"href":"https:\/\/www.aspion.de\/en\/wp-json\/wp\/v2\/pages"}],"about":[{"href":"https:\/\/www.aspion.de\/en\/wp-json\/wp\/v2\/types\/page"}],"author":[{"embeddable":true,"href":"https:\/\/www.aspion.de\/en\/wp-json\/wp\/v2\/users\/496"}],"replies":[{"embeddable":true,"href":"https:\/\/www.aspion.de\/en\/wp-json\/wp\/v2\/comments?post=23734"}],"version-history":[{"count":1,"href":"https:\/\/www.aspion.de\/en\/wp-json\/wp\/v2\/pages\/23734\/revisions"}],"predecessor-version":[{"id":23736,"href":"https:\/\/www.aspion.de\/en\/wp-json\/wp\/v2\/pages\/23734\/revisions\/23736"}],"wp:attachment":[{"href":"https:\/\/www.aspion.de\/en\/wp-json\/wp\/v2\/media?parent=23734"}],"curies":[{"name":"wp","href":"https:\/\/api.w.org\/{rel}","templated":true}]}}