{"id":24314,"date":"2025-11-17T16:05:53","date_gmt":"2025-11-17T15:05:53","guid":{"rendered":"https:\/\/www.aspion.de\/new-aspion-l-track-starter-packages-now-available-at-a-special-price\/"},"modified":"2025-11-18T09:08:12","modified_gmt":"2025-11-18T08:08:12","slug":"new-aspion-l-track-starter-packages-now-available-at-a-special-price","status":"publish","type":"page","link":"https:\/\/www.aspion.de\/en\/new-aspion-l-track-starter-packages-now-available-at-a-special-price\/","title":{"rendered":"New ASPION L-Track starter packages now available at a special price"},"content":{"rendered":"\n\n\t\t\t<img decoding=\"async\" loading='false' src=\"https:\/\/www.aspion.de\/wp-content\/uploads\/2025\/11\/Banner-Jahresendaktion-Bonus-L-Track-Starterpakete-engl.jpg\" alt=\"\" \/>\t\t\t\n<h1>\n\t\tNew: ASPION L-Track starter packages &#8211; now with a 10% discount\n\t<\/h1>\n\t<p>As a <strong>flexible IoT multi-sensor and cloud platform<\/strong> <strong>with global live tracking<\/strong>, the <a href=\"https:\/\/www.aspion.de\/en\/iot-live-asset-tracking-l-track\/\" target=\"_blank\" rel=\"noopener\"><strong>ASPION L-Track<\/strong><\/a> has successfully established itself on the market and impressed industry and expert juries alike. The innovative complete solution received <strong>several prestigious awards in 2025<\/strong>, most recently the <a href=\"https:\/\/www.aspion.de\/en\/aspion-receives-baden-wurttemberg-innovation-award-2025-second-recognition-in-just-four-years\/\" target=\"_blank\" rel=\"noopener\"><strong>Innovation Award of the State of Baden-W\u00fcrttemberg<\/strong><\/a>. This emphasizes the <strong>direct added value for our customers<\/strong> that the product innovation creates for process optimization, risk minimization, and digitalization along the supply chain.<\/p>\n\t\t\t\t<a href=\"https:\/\/www.aspion.de\/en\/aspion-receives-baden-wurttemberg-innovation-award-2025-second-recognition-in-just-four-years\/\" target=\"_blank\" rel=\"noopener\"  itemprop=\"url\">\n\t\t\t\t<img decoding=\"async\" src=\"https:\/\/www.aspion.de\/wp-content\/uploads\/2025\/11\/IPBW_Logo2025_v-1024x195.jpg\" alt=\"Innovationspreis des Landes Baden-W\u00fcrttemberg - \" itemprop=\"image\" height=\"195\" width=\"1024\" title=\"IPBW_Logo2025_v\" onerror=\"this.style.display='none'\"  \/>\n\t\t\t\t<\/a>\n\t<p>Do you also want to ensure <strong>transparency and security in your supply chain with 360\u00b0 IoT live tracking<\/strong>? And use live data to keep track of the <strong>location and condition of your goods worldwide at all times<\/strong>? Then get started now with the <strong>new ASPION L-Track starter packages<\/strong> at particularly attractive conditions: As part of the launch, you will receive an additional <strong>10% discount<\/strong> on your orders <strong>until January 31, 2026<\/strong>:*<\/p>\n\t\t\t\t<a href=\"https:\/\/www.aspion.de\/en\/iot-live-asset-tracking-l-track\/\" target=\"_blank\" rel=\"noopener\"  itemprop=\"url\">\n\t\t\t\t<img decoding=\"async\" src=\"https:\/\/www.aspion.de\/wp-content\/uploads\/2025\/08\/ASPION-L-Track-Produktbild-1350x1000-v2-1024x759.png\" alt=\"ASPION L-Track data logger asset tracking\" itemprop=\"image\" height=\"759\" width=\"1024\" title=\"ASPION-L-Track-Produktbild-1350x1000-v2\" onerror=\"this.style.display='none'\"  \/>\n\t\t\t\t<\/a>\n<h2>\n\t\tPromotion period until January 31, 2026*\n\t<\/h2>\n\t<h3>ASPION L-Track starter package<\/h3>\n<p>consisting of<\/p>\n\t\t\t 1 device\u00a0<a href=\"https:\/\/www.aspion.de\/en\/iot-live-asset-tracking-l-track\/\" target=\"_blank\" rel=\"noopener\">ASPION L-Track multi sensor data logger<\/a>\t\t\n\t\t\t with all available device sensors\t\t\n\t\t\t SIM card for worldwide live tracking incl. data flat rate\t\t\n\t\t\t access to the\u00a0<a href=\"https:\/\/www.aspion.de\/en\/iot-cloud-platform\/\" target=\"_blank\" rel=\"noopener\">ASPION Cloud<\/a>\t\t\n\t\t\t 6 months term from activation, flexibly renewable\t\t\n\t\t\t onboarding for new customers<br \/>(setup of ASPION cloud access, provision of devices with basic configuration, short introduction to the ASPION Cloud for an easy start)\t\t\n\t<h3><strong>Total price of \u20ac349 \u20ac<\/strong><\/h3>\n\n<p><strong>minus 10% discount for orders placed by January 31, 2026*<\/strong><\/p>\n\t\t\t<a href=\"mailto:info@aspion.de?subject=ASPION%20L-Track%20starter%20package:%20request%20for%20quotation\" target=\"_blank\" rel=\"noopener\">\n\t\t\t\t\t\torder starter package\n\t\t\t\t\t<\/a>\n\t<h3>ASPION L-Track starter package professional<\/h3>\n<p>consisting of<\/p>\n\t\t\t 2 devices <a href=\"https:\/\/www.aspion.de\/en\/iot-live-asset-tracking-l-track\/\" target=\"_blank\" rel=\"noopener\">ASPION L-Track multi sensor data logger<\/a>\t\t\n\t\t\t with all available device sensors\t\t\n\t\t\t 1 set of neodymium magnets incl. mounting, with a value of \u20ac49\t\t\n\t\t\t SIM card for worldwide live tracking incl. data flat rate\t\t\n\t\t\t access to the\u00a0<a href=\"https:\/\/www.aspion.de\/en\/iot-cloud-platform\/\" target=\"_blank\" rel=\"noopener\">ASPION Cloud<\/a>\t\t\n\t\t\t 6 months term from activation, flexibly renewable\t\t\n\t\t\t onboarding for new customers<br \/>(setup of ASPION cloud access, provision of devices with basic configuration, short introduction to the ASPION Cloud for an easy start)\t\t\n\t<h3><strong>Total price of \u20ac699<\/strong><\/h3>\n\n<p><strong>minus 10% discount for orders placed by January 31, 2026*<\/strong><\/p>\n\t\t\t<a href=\"mailto:info@aspion.de?subject=ASPION%20L-Track%20starter%20package%20professional:%20request%20for%20quotation\" target=\"_blank\" rel=\"noopener\">\n\t\t\t\t\t\torder starter package professional\n\t\t\t\t\t<\/a>\n\t\t\t\t<a href=\"https:\/\/www.aspion.de\/en\/iot-live-asset-tracking-l-track\/\" target=\"_blank\" rel=\"noopener\"  itemprop=\"url\">\n\t\t\t\t<img decoding=\"async\" src=\"https:\/\/www.aspion.de\/wp-content\/uploads\/2025\/11\/ASPION_L-Track_rgb.png\" alt=\"ASPION_L-Track_rgb\" itemprop=\"image\" height=\"89\" width=\"1113\" title=\"ASPION_L-Track_rgb\" onerror=\"this.style.display='none'\"  \/>\n\t\t\t\t<\/a>\n\t\t\t<a href=\"https:\/\/www.aspion.de\/en\/iot-live-asset-tracking-l-track\/\" target=\"_blank\" rel=\"noopener\">\n\t\t\t\t\t\tmore about ASPION L-Track\n\t\t\t\t\t<\/a>\n\t<p>We are happy to ship either immediately or on <strong>your desired date by February 28, 2026, at the latest!<\/strong>* Please note that there will be no deliveries from <strong>December 23, 2025, through January 6, 2026<\/strong>, due to company holidays.<\/p>\n\t<h3>ASPION L-Track &#8211; Your individual offer<\/h3>\n<p>We will be happy to make you an individual offer! Either contact your <a href=\"https:\/\/www.aspion.de\/en\/aspion-partners\/\" target=\"_blank\" rel=\"noopener\">ASPION L-Track partner<\/a> in charge, <strong>call us on +49 721 \/ 85149-122<\/strong> or write to us at <a href=\"mailto:info@aspion.de?subject=ASPION L-Track individual offer\" target=\"_blank\" rel=\"noopener\"><strong>info@aspion.de<\/strong><\/a>. We will be happy to advise you at any time and without obligation.<\/p>\n\t\t\t<a href=\"mailto:info@aspion.de?subject=ASPION%20L-Track%20starter%20package:%20request%20for%20quotation\" target=\"_blank\" rel=\"noopener\">\n\t\t\t\t\t\trequest a non-binding offer now\n\t\t\t\t\t<\/a>\n\t<p>*The promotion is valid for orders placed up to and including January 31, 2026, and applies exclusively to ASPION L-Track starter packages and ASPION L-Track starter packages professional. The number of devices that can be purchased via starter packages is limited to a maximum of 10 per customer. The term of the devices ends automatically 6 months after activation; cancellation is not required. For further use, an extension can be purchased for 12 months at the conditions listed in the currently valid price list, depending on the desired scope of services (packages S \/ M \/ L). The delivery time is aprox. 3 working days after receipt of order. Delivery is free of charge within Germany, to other European countries plus 20 &#8211; 30 Euro shipping costs. Delivery will be made immediately after receipt of the order while stocks last or on the desired delivery date, but no later than February 28, 2026. Prices are exclusive of statutory VAT, payment on account 10 days after invoicing and dispatch of the delivery. The discount does not apply to other types of ASPION L-Track packages or other services and cannot be combined with other offers, discounts, or promotions. Subject to change and errors excepted. Our <a href=\"https:\/\/www.aspion.de\/en\/aspion-terms-and-conditions\/\">general terms and conditions<\/a> apply exclusively.<\/p>\n<p><strong>Please not our new address when placing orders<a href=\"https:\/\/www.aspion.de\/en\/contact\/\" target=\"_blank\" rel=\"noopener\">: Ohiostra\u00dfe 11, 76149 Karlsruhe, Germany<\/a>.<\/strong><\/p>\n\n","protected":false},"excerpt":{"rendered":"<p>New: ASPION L-Track starter packages &#8211; now with a 10% discount As a flexible IoT multi-sensor and cloud platform with global live tracking, the ASPION L-Track has successfully established itself on the market and impressed industry and expert juries alike. The innovative complete solution received several prestigious awards in 2025, most recently the Innovation Award&hellip;<\/p>\n","protected":false},"author":496,"featured_media":0,"parent":0,"menu_order":0,"comment_status":"closed","ping_status":"closed","template":"","meta":{"_acf_changed":false,"footnotes":""},"class_list":["post-24314","page","type-page","status-publish","hentry"],"acf":[],"yoast_head":"<!-- This site is optimized with the Yoast SEO Premium plugin v27.4 (Yoast SEO v27.4) - https:\/\/yoast.com\/product\/yoast-seo-premium-wordpress\/ -->\n<title>New ASPION L-Track starter packages now available at a special price<\/title>\n<meta name=\"description\" content=\"Now available: attractive ASPION L-Track starter packages for a cost-efficient start \u25ba Secure limited-time promotional benefits now!\" \/>\n<meta name=\"robots\" content=\"index, follow, max-snippet:-1, max-image-preview:large, max-video-preview:-1\" \/>\n<link rel=\"canonical\" href=\"https:\/\/www.aspion.de\/en\/new-aspion-l-track-starter-packages-now-available-at-a-special-price\/\" \/>\n<meta property=\"og:locale\" content=\"en_US\" \/>\n<meta property=\"og:type\" content=\"article\" \/>\n<meta property=\"og:title\" content=\"New ASPION L-Track starter packages now available at a special price\" \/>\n<meta property=\"og:description\" content=\"Now available: attractive ASPION L-Track starter packages for a cost-efficient start \u25ba Secure limited-time promotional benefits now!\" \/>\n<meta property=\"og:url\" content=\"https:\/\/www.aspion.de\/en\/new-aspion-l-track-starter-packages-now-available-at-a-special-price\/\" \/>\n<meta property=\"og:site_name\" content=\"ASPION GmbH \u2013 Profi-Datenlogger f\u00fcr Schock und Sto\u00df - f\u00fcr die Industrie\" \/>\n<meta property=\"article:modified_time\" content=\"2025-11-18T08:08:12+00:00\" \/>\n<meta property=\"og:image\" content=\"https:\/\/www.aspion.de\/wp-content\/uploads\/2025\/11\/Banner-Jahresendaktion-Bonus-L-Track-Starterpakete-engl.jpg\" \/>\n<meta name=\"twitter:card\" content=\"summary_large_image\" \/>\n<meta name=\"twitter:label1\" content=\"Est. reading time\" \/>\n\t<meta name=\"twitter:data1\" content=\"3 minutes\" \/>\n<script type=\"application\/ld+json\" class=\"yoast-schema-graph\">{\"@context\":\"https:\\\/\\\/schema.org\",\"@graph\":[{\"@type\":\"WebPage\",\"@id\":\"https:\\\/\\\/www.aspion.de\\\/en\\\/new-aspion-l-track-starter-packages-now-available-at-a-special-price\\\/\",\"url\":\"https:\\\/\\\/www.aspion.de\\\/en\\\/new-aspion-l-track-starter-packages-now-available-at-a-special-price\\\/\",\"name\":\"New ASPION L-Track starter packages now available at a special price\",\"isPartOf\":{\"@id\":\"https:\\\/\\\/www.aspion.de\\\/en\\\/#website\"},\"primaryImageOfPage\":{\"@id\":\"https:\\\/\\\/www.aspion.de\\\/en\\\/new-aspion-l-track-starter-packages-now-available-at-a-special-price\\\/#primaryimage\"},\"image\":{\"@id\":\"https:\\\/\\\/www.aspion.de\\\/en\\\/new-aspion-l-track-starter-packages-now-available-at-a-special-price\\\/#primaryimage\"},\"thumbnailUrl\":\"https:\\\/\\\/www.aspion.de\\\/wp-content\\\/uploads\\\/2025\\\/11\\\/Banner-Jahresendaktion-Bonus-L-Track-Starterpakete-engl.jpg\",\"datePublished\":\"2025-11-17T15:05:53+00:00\",\"dateModified\":\"2025-11-18T08:08:12+00:00\",\"description\":\"Now available: attractive ASPION L-Track starter packages for a cost-efficient start \u25ba Secure limited-time promotional benefits now!\",\"breadcrumb\":{\"@id\":\"https:\\\/\\\/www.aspion.de\\\/en\\\/new-aspion-l-track-starter-packages-now-available-at-a-special-price\\\/#breadcrumb\"},\"inLanguage\":\"en-US\",\"potentialAction\":[{\"@type\":\"ReadAction\",\"target\":[\"https:\\\/\\\/www.aspion.de\\\/en\\\/new-aspion-l-track-starter-packages-now-available-at-a-special-price\\\/\"]}]},{\"@type\":\"ImageObject\",\"inLanguage\":\"en-US\",\"@id\":\"https:\\\/\\\/www.aspion.de\\\/en\\\/new-aspion-l-track-starter-packages-now-available-at-a-special-price\\\/#primaryimage\",\"url\":\"https:\\\/\\\/www.aspion.de\\\/wp-content\\\/uploads\\\/2025\\\/11\\\/Banner-Jahresendaktion-Bonus-L-Track-Starterpakete-engl.jpg\",\"contentUrl\":\"https:\\\/\\\/www.aspion.de\\\/wp-content\\\/uploads\\\/2025\\\/11\\\/Banner-Jahresendaktion-Bonus-L-Track-Starterpakete-engl.jpg\"},{\"@type\":\"BreadcrumbList\",\"@id\":\"https:\\\/\\\/www.aspion.de\\\/en\\\/new-aspion-l-track-starter-packages-now-available-at-a-special-price\\\/#breadcrumb\",\"itemListElement\":[{\"@type\":\"ListItem\",\"position\":1,\"name\":\"Startseite\",\"item\":\"https:\\\/\\\/www.aspion.de\\\/en\\\/\"},{\"@type\":\"ListItem\",\"position\":2,\"name\":\"New ASPION L-Track starter packages now available at a special price\"}]},{\"@type\":\"WebSite\",\"@id\":\"https:\\\/\\\/www.aspion.de\\\/en\\\/#website\",\"url\":\"https:\\\/\\\/www.aspion.de\\\/en\\\/\",\"name\":\"ASPION GmbH \u2013 Profi-Datenlogger f\u00fcr Schock und Sto\u00df - f\u00fcr die Industrie\",\"description\":\"Datenlogger f\u00fcr Transport\u00fcberwachung von Schock, Temperatur, Feuchte - einfach, kosteng\u00fcnstig, nachhaltig, made in Germany.\",\"publisher\":{\"@id\":\"https:\\\/\\\/www.aspion.de\\\/en\\\/#organization\"},\"potentialAction\":[{\"@type\":\"SearchAction\",\"target\":{\"@type\":\"EntryPoint\",\"urlTemplate\":\"https:\\\/\\\/www.aspion.de\\\/en\\\/?s={search_term_string}\"},\"query-input\":{\"@type\":\"PropertyValueSpecification\",\"valueRequired\":true,\"valueName\":\"search_term_string\"}}],\"inLanguage\":\"en-US\"},{\"@type\":[\"Organization\",\"Place\"],\"@id\":\"https:\\\/\\\/www.aspion.de\\\/en\\\/#organization\",\"name\":\"ASPION GmbH\",\"url\":\"https:\\\/\\\/www.aspion.de\\\/en\\\/\",\"logo\":{\"@id\":\"https:\\\/\\\/www.aspion.de\\\/en\\\/new-aspion-l-track-starter-packages-now-available-at-a-special-price\\\/#local-main-organization-logo\"},\"image\":{\"@id\":\"https:\\\/\\\/www.aspion.de\\\/en\\\/new-aspion-l-track-starter-packages-now-available-at-a-special-price\\\/#local-main-organization-logo\"},\"sameAs\":[\"https:\\\/\\\/www.linkedin.com\\\/company\\\/aspion-gmbh\",\"https:\\\/\\\/www.youtube.com\\\/channel\\\/UCyPrXy8bNbXMKcp_MQEor3w\"],\"address\":{\"@id\":\"https:\\\/\\\/www.aspion.de\\\/en\\\/new-aspion-l-track-starter-packages-now-available-at-a-special-price\\\/#local-main-place-address\"},\"telephone\":[\"+49 721 85149-122\"],\"openingHoursSpecification\":[{\"@type\":\"OpeningHoursSpecification\",\"dayOfWeek\":[\"Monday\",\"Tuesday\",\"Wednesday\",\"Thursday\",\"Friday\",\"Saturday\",\"Sunday\"],\"opens\":\"09:00\",\"closes\":\"17:00\"}],\"email\":\"info@aspion.de\",\"faxNumber\":\"+49 721 85149-090\"},{\"@type\":\"PostalAddress\",\"@id\":\"https:\\\/\\\/www.aspion.de\\\/en\\\/new-aspion-l-track-starter-packages-now-available-at-a-special-price\\\/#local-main-place-address\",\"streetAddress\":\"Ohiostra\u00dfe 11\",\"addressLocality\":\"Karlsruhe\",\"postalCode\":\"76149\",\"addressRegion\":\"Baden-W\u00fcrttemberg\",\"addressCountry\":\"DE\"},{\"@type\":\"ImageObject\",\"inLanguage\":\"en-US\",\"@id\":\"https:\\\/\\\/www.aspion.de\\\/en\\\/new-aspion-l-track-starter-packages-now-available-at-a-special-price\\\/#local-main-organization-logo\",\"url\":\"https:\\\/\\\/www.aspion.de\\\/wp-content\\\/uploads\\\/2014\\\/05\\\/Aspion_GmbH_Active_SensorsPositioning_Logo_1.png\",\"contentUrl\":\"https:\\\/\\\/www.aspion.de\\\/wp-content\\\/uploads\\\/2014\\\/05\\\/Aspion_GmbH_Active_SensorsPositioning_Logo_1.png\",\"width\":280,\"height\":71,\"caption\":\"ASPION GmbH\"}]}<\/script>\n<meta name=\"geo.placename\" content=\"Karlsruhe\" \/>\n<meta name=\"geo.region\" content=\"Germany\" \/>\n<!-- \/ Yoast SEO Premium plugin. -->","yoast_head_json":{"title":"New ASPION L-Track starter packages now available at a special price","description":"Now available: attractive ASPION L-Track starter packages for a cost-efficient start \u25ba Secure limited-time promotional benefits now!","robots":{"index":"index","follow":"follow","max-snippet":"max-snippet:-1","max-image-preview":"max-image-preview:large","max-video-preview":"max-video-preview:-1"},"canonical":"https:\/\/www.aspion.de\/en\/new-aspion-l-track-starter-packages-now-available-at-a-special-price\/","og_locale":"en_US","og_type":"article","og_title":"New ASPION L-Track starter packages now available at a special price","og_description":"Now available: attractive ASPION L-Track starter packages for a cost-efficient start \u25ba Secure limited-time promotional benefits now!","og_url":"https:\/\/www.aspion.de\/en\/new-aspion-l-track-starter-packages-now-available-at-a-special-price\/","og_site_name":"ASPION GmbH \u2013 Profi-Datenlogger f\u00fcr Schock und Sto\u00df - f\u00fcr die Industrie","article_modified_time":"2025-11-18T08:08:12+00:00","og_image":[{"url":"https:\/\/www.aspion.de\/wp-content\/uploads\/2025\/11\/Banner-Jahresendaktion-Bonus-L-Track-Starterpakete-engl.jpg","type":"","width":"","height":""}],"twitter_card":"summary_large_image","twitter_misc":{"Est. reading time":"3 minutes"},"schema":{"@context":"https:\/\/schema.org","@graph":[{"@type":"WebPage","@id":"https:\/\/www.aspion.de\/en\/new-aspion-l-track-starter-packages-now-available-at-a-special-price\/","url":"https:\/\/www.aspion.de\/en\/new-aspion-l-track-starter-packages-now-available-at-a-special-price\/","name":"New ASPION L-Track starter packages now available at a special price","isPartOf":{"@id":"https:\/\/www.aspion.de\/en\/#website"},"primaryImageOfPage":{"@id":"https:\/\/www.aspion.de\/en\/new-aspion-l-track-starter-packages-now-available-at-a-special-price\/#primaryimage"},"image":{"@id":"https:\/\/www.aspion.de\/en\/new-aspion-l-track-starter-packages-now-available-at-a-special-price\/#primaryimage"},"thumbnailUrl":"https:\/\/www.aspion.de\/wp-content\/uploads\/2025\/11\/Banner-Jahresendaktion-Bonus-L-Track-Starterpakete-engl.jpg","datePublished":"2025-11-17T15:05:53+00:00","dateModified":"2025-11-18T08:08:12+00:00","description":"Now available: attractive ASPION L-Track starter packages for a cost-efficient start \u25ba Secure limited-time promotional benefits now!","breadcrumb":{"@id":"https:\/\/www.aspion.de\/en\/new-aspion-l-track-starter-packages-now-available-at-a-special-price\/#breadcrumb"},"inLanguage":"en-US","potentialAction":[{"@type":"ReadAction","target":["https:\/\/www.aspion.de\/en\/new-aspion-l-track-starter-packages-now-available-at-a-special-price\/"]}]},{"@type":"ImageObject","inLanguage":"en-US","@id":"https:\/\/www.aspion.de\/en\/new-aspion-l-track-starter-packages-now-available-at-a-special-price\/#primaryimage","url":"https:\/\/www.aspion.de\/wp-content\/uploads\/2025\/11\/Banner-Jahresendaktion-Bonus-L-Track-Starterpakete-engl.jpg","contentUrl":"https:\/\/www.aspion.de\/wp-content\/uploads\/2025\/11\/Banner-Jahresendaktion-Bonus-L-Track-Starterpakete-engl.jpg"},{"@type":"BreadcrumbList","@id":"https:\/\/www.aspion.de\/en\/new-aspion-l-track-starter-packages-now-available-at-a-special-price\/#breadcrumb","itemListElement":[{"@type":"ListItem","position":1,"name":"Startseite","item":"https:\/\/www.aspion.de\/en\/"},{"@type":"ListItem","position":2,"name":"New ASPION L-Track starter packages now available at a special price"}]},{"@type":"WebSite","@id":"https:\/\/www.aspion.de\/en\/#website","url":"https:\/\/www.aspion.de\/en\/","name":"ASPION GmbH \u2013 Profi-Datenlogger f\u00fcr Schock und Sto\u00df - f\u00fcr die Industrie","description":"Datenlogger f\u00fcr Transport\u00fcberwachung von Schock, Temperatur, Feuchte - einfach, kosteng\u00fcnstig, nachhaltig, made in Germany.","publisher":{"@id":"https:\/\/www.aspion.de\/en\/#organization"},"potentialAction":[{"@type":"SearchAction","target":{"@type":"EntryPoint","urlTemplate":"https:\/\/www.aspion.de\/en\/?s={search_term_string}"},"query-input":{"@type":"PropertyValueSpecification","valueRequired":true,"valueName":"search_term_string"}}],"inLanguage":"en-US"},{"@type":["Organization","Place"],"@id":"https:\/\/www.aspion.de\/en\/#organization","name":"ASPION GmbH","url":"https:\/\/www.aspion.de\/en\/","logo":{"@id":"https:\/\/www.aspion.de\/en\/new-aspion-l-track-starter-packages-now-available-at-a-special-price\/#local-main-organization-logo"},"image":{"@id":"https:\/\/www.aspion.de\/en\/new-aspion-l-track-starter-packages-now-available-at-a-special-price\/#local-main-organization-logo"},"sameAs":["https:\/\/www.linkedin.com\/company\/aspion-gmbh","https:\/\/www.youtube.com\/channel\/UCyPrXy8bNbXMKcp_MQEor3w"],"address":{"@id":"https:\/\/www.aspion.de\/en\/new-aspion-l-track-starter-packages-now-available-at-a-special-price\/#local-main-place-address"},"telephone":["+49 721 85149-122"],"openingHoursSpecification":[{"@type":"OpeningHoursSpecification","dayOfWeek":["Monday","Tuesday","Wednesday","Thursday","Friday","Saturday","Sunday"],"opens":"09:00","closes":"17:00"}],"email":"info@aspion.de","faxNumber":"+49 721 85149-090"},{"@type":"PostalAddress","@id":"https:\/\/www.aspion.de\/en\/new-aspion-l-track-starter-packages-now-available-at-a-special-price\/#local-main-place-address","streetAddress":"Ohiostra\u00dfe 11","addressLocality":"Karlsruhe","postalCode":"76149","addressRegion":"Baden-W\u00fcrttemberg","addressCountry":"DE"},{"@type":"ImageObject","inLanguage":"en-US","@id":"https:\/\/www.aspion.de\/en\/new-aspion-l-track-starter-packages-now-available-at-a-special-price\/#local-main-organization-logo","url":"https:\/\/www.aspion.de\/wp-content\/uploads\/2014\/05\/Aspion_GmbH_Active_SensorsPositioning_Logo_1.png","contentUrl":"https:\/\/www.aspion.de\/wp-content\/uploads\/2014\/05\/Aspion_GmbH_Active_SensorsPositioning_Logo_1.png","width":280,"height":71,"caption":"ASPION GmbH"}]},"geo.placename":"Karlsruhe","geo.region":"Germany"},"_links":{"self":[{"href":"https:\/\/www.aspion.de\/en\/wp-json\/wp\/v2\/pages\/24314","targetHints":{"allow":["GET"]}}],"collection":[{"href":"https:\/\/www.aspion.de\/en\/wp-json\/wp\/v2\/pages"}],"about":[{"href":"https:\/\/www.aspion.de\/en\/wp-json\/wp\/v2\/types\/page"}],"author":[{"embeddable":true,"href":"https:\/\/www.aspion.de\/en\/wp-json\/wp\/v2\/users\/496"}],"replies":[{"embeddable":true,"href":"https:\/\/www.aspion.de\/en\/wp-json\/wp\/v2\/comments?post=24314"}],"version-history":[{"count":3,"href":"https:\/\/www.aspion.de\/en\/wp-json\/wp\/v2\/pages\/24314\/revisions"}],"predecessor-version":[{"id":24320,"href":"https:\/\/www.aspion.de\/en\/wp-json\/wp\/v2\/pages\/24314\/revisions\/24320"}],"wp:attachment":[{"href":"https:\/\/www.aspion.de\/en\/wp-json\/wp\/v2\/media?parent=24314"}],"curies":[{"name":"wp","href":"https:\/\/api.w.org\/{rel}","templated":true}]}}