{"id":24692,"date":"2026-03-12T15:46:37","date_gmt":"2026-03-12T14:46:37","guid":{"rendered":"https:\/\/www.aspion.de\/the-latest-generation-of-digital-transport-monitoring-at-the-hannover-messe-2026-trade-fair\/"},"modified":"2026-03-27T11:04:05","modified_gmt":"2026-03-27T10:04:05","slug":"the-latest-generation-of-digital-transport-monitoring-at-the-hannover-messe-2026-trade-fair","status":"publish","type":"page","link":"https:\/\/www.aspion.de\/en\/the-latest-generation-of-digital-transport-monitoring-at-the-hannover-messe-2026-trade-fair\/","title":{"rendered":"The latest generation of digital transport monitoring at the Hannover Messe 2026 trade fair"},"content":{"rendered":"\n<h1>\n\t\t\tHannover Messe 2026 &#8211; The latest generation of digital transport monitoring\t<\/h1>\n<figure itemscope itemtype=\"https:\/\/schema.org\/ImageObject\">\n\t\t\t\t<a href=\"https:\/\/www.hannovermesse.de\/en\/\"  target=\"_blank\" rel=\"noopener\"  itemprop=\"url\">\n\t\t\t\t<img decoding=\"async\" src=\"https:\/\/www.aspion.de\/wp-content\/uploads\/2026\/02\/Hannover_Messe.svg-300x300.png\" alt=\"Hannover_Messe.svg\" height=\"300\" width=\"300\" title=\"Hannover_Messe.svg\" onerror=\"this.style.display='none'\" loading=\"lazy\" \/>\n\t\t\t\t<\/a>\n\t<\/figure>\n\t\t<p><strong>Transparency. Control. Efficiency. &#8211; This is what modern transport monitoring looks like!<\/strong><br \/>At <a href=\"https:\/\/www.hannovermesse.de\/en\/\"><strong>Hannover Messe 2026<\/strong><\/a>, we will show you how global 360\u00b0 transport monitoring works with IoT live tracking. And how smart data loggers reliably record transport damage &#8211; for recognized proof in the event of a claim. These and other exciting topics await you at Hannover Messe 2026 in <strong>Hall 15, Booth D44\/3 (IT Mittelstand Pavilion)<\/strong>.<\/p>\n<p><strong>Discover live:<\/strong><br \/>The proven <strong><a href=\"https:\/\/www.aspion.de\/en\/data-logger-product-comparison\/#G-Log\" target=\"_blank\" rel=\"noopener\">ASPION G-Log shock and climate data loggers<\/a><\/strong>\u00a0and the\u00a0<a href=\"https:\/\/www.aspion.de\/en\/iot-live-asset-tracking-l-track\/\" target=\"_blank\" rel=\"noopener\"><strong>innovative, multi-award-winning ASPION L-Track<\/strong><\/a>\u00a0with global 360\u00b0 live tracking. In the\u00a0<strong>new version 2<\/strong>, the complete solution &#8220;Made and Hosted in Germany&#8221; is further expanded in the areas of delivery management, visualization, reporting, and data provision. Trade visitors can experience all the <strong>new features in a live preview<\/strong>.<\/p>\n<p><strong>Curious?<\/strong><br \/>Secure your non-binding appointment now &#8211; including free admission!<\/p>\n\t\t\t<a href=\"mailto:info@aspion.de?subject=Hannover%20Messe%202026%20-%20request%20for%20appointment%20and%20free%20ticket\"  target=\"_blank\" rel=\"noopener\"    rel=\"noopener\">\n\t\t\t\t\t\tsecure your appointment and ticket now\n\t\t\t\t\t<\/a>\n\t<strong>20.-24.04.2026<\/strong><br \/>\n<strong>Hannover Messe<\/strong><br \/>\n<strong>Hall 15, Booth D44\/3<br \/>\nIT Mittelstand Pavilion<\/strong>\n<figure itemscope itemtype=\"https:\/\/schema.org\/ImageObject\">\n\t\t\t\t<img decoding=\"async\" src=\"https:\/\/www.aspion.de\/wp-content\/uploads\/2025\/06\/aspion-transport-logistic-2025-iot-live-erleben.jpg\" alt=\"aspion-transport-logistic-2025-experience-iot-live\" height=\"3936\" width=\"3072\" title=\"aspion-transport-logistic-2025-experience-iot-live\" onerror=\"this.style.display='none'\" loading=\"lazy\" \/>\n\t<\/figure>\n\t\t<p>You want to experience our solutions live but can&#8217;t make it to Hannover Messe? Then visit us at the next opportunity:<\/p>\n<p><strong><a href=\"https:\/\/europe.breakbulk.com\/home\" target=\"_blank\" rel=\"noopener\">Break Bulk<\/a>\u00a0in Rotterdam (Netherlands), June 16-18, 2026, Booth 1J51<\/strong><\/p>\n\n<p><strong><a href=\"https:\/\/cx.bvl.de\/en\/\" target=\"_blank\" rel=\"noopener\">BVL Supply Chain CX<\/a> in Berlin, October 21-22, 2026, Booth C\/27<\/strong><\/p>\n<h2  id=\"messehighlights\">\n\t\t\tNew features &#038; trade fair highlights\t<\/h2>\n<figure itemscope itemtype=\"https:\/\/schema.org\/ImageObject\">\n\t\t\t\t<img decoding=\"async\" src=\"https:\/\/www.aspion.de\/wp-content\/uploads\/2024\/06\/Cloud_Aspion_rgb-1024x152.png\" alt=\"ASPION Cloud, L-Track, iot platform, live data\" height=\"152\" width=\"1024\" title=\"Cloud_Aspion_rgb\" onerror=\"this.style.display='none'\" loading=\"lazy\" \/>\n\t<\/figure>\n<h3>\n\t\t\tASPION L-Track in new version 2\t<\/h3>\n\t<p>The new version 2 expands the award-winning\u00a0<strong><a href=\"https:\/\/www.aspion.de\/en\/iot-live-asset-tracking-l-track\/\" target=\"_blank\" rel=\"noopener\">ASPION L-Track with 360\u00b0 live tracking<\/a><\/strong> for even greater transparency and usability:<\/p>\n<ul>\n<li>Comprehensive <strong>PDF reports<\/strong>\u00a0show transport history in a clear and structured way, making it easier to provide evidence of unusual events to customers, service providers, and insurance companies.<\/li>\n<li>With <strong>delivery management<\/strong>, you can easily assign devices to the appropriate assignments and times. The current live location for each delivery\u00a0<strong>can now be shared<\/strong>\u00a0securely and quickly with all parties involved, both inside and outside the company.<\/li>\n<li>With its new automatic flight detection, the ASPION L-Track is now\u00a0<strong>approved for air freight<\/strong>. Further details will follow shortly.<\/li>\n<\/ul>\n\t\t<h2>ASPION G-Log and live tracking with ASPION L-Track: <br \/>transport monitoring in all dimensions<\/h2><p>Experience live at our booth how<\/p>\n<ul>\n<li>digital 360\u00b0 transport monitoring works worldwide in real time<\/li>\n<li>industrial companies can monitor the location and condition of their goods around the clock<\/li>\n<li>shocks and vibrations on all 3 axes are recorded precisely and comprehensively, accurate to the millisecond and even with testing in accordance with European transport standard<\/li>\n<li>sensor data is logged in a smart way in an interval- and event-based manner<\/li>\n<li>events that would otherwise remain hidden become transparent and comprehensible<\/li>\n<li>root cause analysis with autonomous data loggers works in practice<\/li>\n<li>damage can be reliably and recognizedly proven using conclusive data<\/li>\n<li>valuable information can be obtained for intralogistics processes, packaging validation and transparent, secure supply chains.<\/li>\n<\/ul>\n<figure itemscope itemtype=\"https:\/\/schema.org\/ImageObject\">\n\t\t\t\t<a href=\"https:\/\/www.aspion.de\/en\/iot-live-asset-tracking-l-track\/\"  target=\"_blank\" rel=\"noopener\"  itemprop=\"url\">\n\t\t\t\t<img decoding=\"async\" src=\"https:\/\/www.aspion.de\/wp-content\/uploads\/2023\/04\/L-Track-Produktbild-V2.png\" alt=\"ASPION L-Track data logger asset tracking\" height=\"402\" width=\"600\" title=\"L-Track-Produktbild-V2\" onerror=\"this.style.display='none'\" loading=\"lazy\" \/>\n\t\t\t\t<\/a>\n\t<\/figure>\n<figure itemscope itemtype=\"https:\/\/schema.org\/ImageObject\">\n\t\t\t\t<a href=\"https:\/\/www.aspion.de\/en\/iot-live-asset-tracking-l-track\/\"  target=\"_blank\" rel=\"noopener\"  itemprop=\"url\">\n\t\t\t\t<img decoding=\"async\" src=\"https:\/\/www.aspion.de\/wp-content\/uploads\/2023\/04\/ASPION_L-Track_rgb-1024x82.png\" alt=\"ASPION L-Track, Live tracking, multisensor data logger, gps, asset tracking\" height=\"82\" width=\"1024\" title=\"ASPION_L-Track_rgb\" onerror=\"this.style.display='none'\" loading=\"lazy\" \/>\n\t\t\t\t<\/a>\n\t<\/figure>\n<figure itemscope itemtype=\"https:\/\/schema.org\/ImageObject\">\n\t\t\t\t<a href=\"https:\/\/www.aspion.de\/en\/data-logger-product-comparison\/#G-Log\"  target=\"_blank\" rel=\"noopener\"  itemprop=\"url\">\n\t\t\t\t<img decoding=\"async\" src=\"https:\/\/www.aspion.de\/wp-content\/uploads\/2023\/08\/2023-07-14-Produktdarstellung-G-Log-2-Waterproof-x4-freigestellt-1-1024x683.png\" alt=\"ASPION G-Log 2 Waterproof shock and climate data logger\" height=\"683\" width=\"1024\" title=\"ASPION G-Log 2 Waterproof shock and climate data logger\" onerror=\"this.style.display='none'\" loading=\"lazy\" \/>\n\t\t\t\t<\/a>\n\t<\/figure>\n<figure itemscope itemtype=\"https:\/\/schema.org\/ImageObject\">\n\t\t\t\t<a href=\"https:\/\/www.aspion.de\/en\/data-logger-product-comparison\/#G-Log\"  target=\"_blank\" rel=\"noopener\"  itemprop=\"url\">\n\t\t\t\t<img decoding=\"async\" src=\"https:\/\/www.aspion.de\/wp-content\/uploads\/2015\/07\/ASPION_G-Log_Schocksensor-300x33.png\" alt=\"Reliably log shock events with the ASPION G-Log shock sensor\" height=\"33\" width=\"300\" title=\"ASPION_G-Log_shock_sensor\" onerror=\"this.style.display='none'\" loading=\"lazy\" \/>\n\t\t\t\t<\/a>\n\t<\/figure>\n\t\t<h2>Your free admission &#8211; schedule an appointment now<\/h2><p>Visit us at <strong>Hannover Messe 2026<\/strong> &#8211; we will advise you personally on the advantages of digital transport monitoring!<\/p>\n<p>You will find us at <strong>IT-Mittelstand Pavilion (Hall 15, Booth D44\/3)<\/strong>, where <strong><a href=\"https:\/\/bitmi.de\" target=\"_blank\" rel=\"noopener\">Bundesverband IT-Mittelstand (BITMi)<\/a><\/strong> will be presenting innovative solutions together with its members. Experience live how IT SMEs are impressing with state-of-the-art technology.<br \/>Arrange your <strong>non-binding consultation<\/strong> now and secure your <strong>free trade fair ticket<\/strong>!<\/p>\n\t\t\t<a href=\"mailto:info@aspion.de?subject=Hannover%20Messe%202026%20-%20request%20for%20appointment%20and%20free%20ticket\"  target=\"_blank\" rel=\"noopener\"    rel=\"noopener\">\n\t\t\t\t\t\tsecure your appointment and ticket now\n\t\t\t\t\t<\/a>\n\n","protected":false},"excerpt":{"rendered":"<p>Hannover Messe 2026 &#8211; The latest generation of digital transport monitoring Transparency. Control. Efficiency. &#8211; This is what modern transport monitoring looks like!At Hannover Messe 2026, we will show you how global 360\u00b0 transport monitoring works with IoT live tracking. And how smart data loggers reliably record transport damage &#8211; for recognized proof in the&hellip;<\/p>\n","protected":false},"author":1447,"featured_media":0,"parent":0,"menu_order":0,"comment_status":"closed","ping_status":"closed","template":"","meta":{"_acf_changed":false,"footnotes":""},"class_list":["post-24692","page","type-page","status-publish","hentry"],"acf":[],"yoast_head":"<!-- This site is optimized with the Yoast SEO Premium plugin v27.5 (Yoast SEO v27.5) - https:\/\/yoast.com\/product\/yoast-seo-premium-wordpress\/ -->\n<title>Hannover Messe 2026 \u2013 Experience ASPION professional data loggers live<\/title>\n<meta name=\"description\" content=\"ASPION presents the latest generation of digital transport monitoring at the Hannover Messe 2026 trade fair \u2713 Discover the possibilities now and secure your ticket!\" \/>\n<meta name=\"robots\" content=\"index, follow, max-snippet:-1, max-image-preview:large, max-video-preview:-1\" \/>\n<link rel=\"canonical\" href=\"https:\/\/www.aspion.de\/en\/the-latest-generation-of-digital-transport-monitoring-at-the-hannover-messe-2026-trade-fair\/\" \/>\n<meta property=\"og:locale\" content=\"en_US\" \/>\n<meta property=\"og:type\" content=\"article\" \/>\n<meta property=\"og:title\" content=\"The latest generation of digital transport monitoring at the Hannover Messe 2026 trade fair\" \/>\n<meta property=\"og:description\" content=\"ASPION presents the latest generation of digital transport monitoring at the Hannover Messe 2026 trade fair \u2713 Discover the possibilities now and secure your ticket!\" \/>\n<meta property=\"og:url\" content=\"https:\/\/www.aspion.de\/en\/the-latest-generation-of-digital-transport-monitoring-at-the-hannover-messe-2026-trade-fair\/\" \/>\n<meta property=\"og:site_name\" content=\"ASPION GmbH \u2013 Profi-Datenlogger f\u00fcr Schock und Sto\u00df - f\u00fcr die Industrie\" \/>\n<meta property=\"article:modified_time\" content=\"2026-03-27T10:04:05+00:00\" \/>\n<meta property=\"og:image\" content=\"https:\/\/www.aspion.de\/wp-content\/uploads\/2026\/02\/Hannover_Messe.svg-300x300.png\" \/>\n<meta name=\"twitter:card\" content=\"summary_large_image\" \/>\n<meta name=\"twitter:label1\" content=\"Est. reading time\" \/>\n\t<meta name=\"twitter:data1\" content=\"6 minutes\" \/>\n<script type=\"application\/ld+json\" class=\"yoast-schema-graph\">{\"@context\":\"https:\\\/\\\/schema.org\",\"@graph\":[{\"@type\":\"WebPage\",\"@id\":\"https:\\\/\\\/www.aspion.de\\\/en\\\/the-latest-generation-of-digital-transport-monitoring-at-the-hannover-messe-2026-trade-fair\\\/\",\"url\":\"https:\\\/\\\/www.aspion.de\\\/en\\\/the-latest-generation-of-digital-transport-monitoring-at-the-hannover-messe-2026-trade-fair\\\/\",\"name\":\"Hannover Messe 2026 \u2013 Experience ASPION professional data loggers live\",\"isPartOf\":{\"@id\":\"https:\\\/\\\/www.aspion.de\\\/en\\\/#website\"},\"primaryImageOfPage\":{\"@id\":\"https:\\\/\\\/www.aspion.de\\\/en\\\/the-latest-generation-of-digital-transport-monitoring-at-the-hannover-messe-2026-trade-fair\\\/#primaryimage\"},\"image\":{\"@id\":\"https:\\\/\\\/www.aspion.de\\\/en\\\/the-latest-generation-of-digital-transport-monitoring-at-the-hannover-messe-2026-trade-fair\\\/#primaryimage\"},\"thumbnailUrl\":\"https:\\\/\\\/www.aspion.de\\\/wp-content\\\/uploads\\\/2026\\\/02\\\/Hannover_Messe.svg-300x300.png\",\"datePublished\":\"2026-03-12T14:46:37+00:00\",\"dateModified\":\"2026-03-27T10:04:05+00:00\",\"description\":\"ASPION presents the latest generation of digital transport monitoring at the Hannover Messe 2026 trade fair \u2713 Discover the possibilities now and secure your ticket!\",\"breadcrumb\":{\"@id\":\"https:\\\/\\\/www.aspion.de\\\/en\\\/the-latest-generation-of-digital-transport-monitoring-at-the-hannover-messe-2026-trade-fair\\\/#breadcrumb\"},\"inLanguage\":\"en-US\",\"potentialAction\":[{\"@type\":\"ReadAction\",\"target\":[\"https:\\\/\\\/www.aspion.de\\\/en\\\/the-latest-generation-of-digital-transport-monitoring-at-the-hannover-messe-2026-trade-fair\\\/\"]}]},{\"@type\":\"ImageObject\",\"inLanguage\":\"en-US\",\"@id\":\"https:\\\/\\\/www.aspion.de\\\/en\\\/the-latest-generation-of-digital-transport-monitoring-at-the-hannover-messe-2026-trade-fair\\\/#primaryimage\",\"url\":\"https:\\\/\\\/www.aspion.de\\\/wp-content\\\/uploads\\\/2026\\\/02\\\/Hannover_Messe.svg-300x300.png\",\"contentUrl\":\"https:\\\/\\\/www.aspion.de\\\/wp-content\\\/uploads\\\/2026\\\/02\\\/Hannover_Messe.svg-300x300.png\"},{\"@type\":\"BreadcrumbList\",\"@id\":\"https:\\\/\\\/www.aspion.de\\\/en\\\/the-latest-generation-of-digital-transport-monitoring-at-the-hannover-messe-2026-trade-fair\\\/#breadcrumb\",\"itemListElement\":[{\"@type\":\"ListItem\",\"position\":1,\"name\":\"Startseite\",\"item\":\"https:\\\/\\\/www.aspion.de\\\/en\\\/\"},{\"@type\":\"ListItem\",\"position\":2,\"name\":\"The latest generation of digital transport monitoring at the Hannover Messe 2026 trade fair\"}]},{\"@type\":\"WebSite\",\"@id\":\"https:\\\/\\\/www.aspion.de\\\/en\\\/#website\",\"url\":\"https:\\\/\\\/www.aspion.de\\\/en\\\/\",\"name\":\"ASPION GmbH \u2013 Profi-Datenlogger f\u00fcr Schock und Sto\u00df - f\u00fcr die Industrie\",\"description\":\"Datenlogger f\u00fcr Transport\u00fcberwachung von Schock, Temperatur, Feuchte - einfach, kosteng\u00fcnstig, nachhaltig, made in Germany.\",\"publisher\":{\"@id\":\"https:\\\/\\\/www.aspion.de\\\/en\\\/#organization\"},\"potentialAction\":[{\"@type\":\"SearchAction\",\"target\":{\"@type\":\"EntryPoint\",\"urlTemplate\":\"https:\\\/\\\/www.aspion.de\\\/en\\\/?s={search_term_string}\"},\"query-input\":{\"@type\":\"PropertyValueSpecification\",\"valueRequired\":true,\"valueName\":\"search_term_string\"}}],\"inLanguage\":\"en-US\"},{\"@type\":[\"Organization\",\"Place\"],\"@id\":\"https:\\\/\\\/www.aspion.de\\\/en\\\/#organization\",\"name\":\"ASPION GmbH\",\"url\":\"https:\\\/\\\/www.aspion.de\\\/en\\\/\",\"logo\":{\"@id\":\"https:\\\/\\\/www.aspion.de\\\/en\\\/the-latest-generation-of-digital-transport-monitoring-at-the-hannover-messe-2026-trade-fair\\\/#local-main-organization-logo\"},\"image\":{\"@id\":\"https:\\\/\\\/www.aspion.de\\\/en\\\/the-latest-generation-of-digital-transport-monitoring-at-the-hannover-messe-2026-trade-fair\\\/#local-main-organization-logo\"},\"sameAs\":[\"https:\\\/\\\/www.linkedin.com\\\/company\\\/aspion-gmbh\",\"https:\\\/\\\/www.youtube.com\\\/channel\\\/UCyPrXy8bNbXMKcp_MQEor3w\"],\"address\":{\"@id\":\"https:\\\/\\\/www.aspion.de\\\/en\\\/the-latest-generation-of-digital-transport-monitoring-at-the-hannover-messe-2026-trade-fair\\\/#local-main-place-address\"},\"telephone\":[\"+49 721 85149-122\"],\"openingHoursSpecification\":[{\"@type\":\"OpeningHoursSpecification\",\"dayOfWeek\":[\"Monday\",\"Tuesday\",\"Wednesday\",\"Thursday\",\"Friday\",\"Saturday\",\"Sunday\"],\"opens\":\"09:00\",\"closes\":\"17:00\"}],\"email\":\"info@aspion.de\",\"faxNumber\":\"+49 721 85149-090\"},{\"@type\":\"PostalAddress\",\"@id\":\"https:\\\/\\\/www.aspion.de\\\/en\\\/the-latest-generation-of-digital-transport-monitoring-at-the-hannover-messe-2026-trade-fair\\\/#local-main-place-address\",\"streetAddress\":\"Ohiostra\u00dfe 11\",\"addressLocality\":\"Karlsruhe\",\"postalCode\":\"76149\",\"addressRegion\":\"Baden-W\u00fcrttemberg\",\"addressCountry\":\"DE\"},{\"@type\":\"ImageObject\",\"inLanguage\":\"en-US\",\"@id\":\"https:\\\/\\\/www.aspion.de\\\/en\\\/the-latest-generation-of-digital-transport-monitoring-at-the-hannover-messe-2026-trade-fair\\\/#local-main-organization-logo\",\"url\":\"https:\\\/\\\/www.aspion.de\\\/wp-content\\\/uploads\\\/2014\\\/05\\\/Aspion_GmbH_Active_SensorsPositioning_Logo_1.png\",\"contentUrl\":\"https:\\\/\\\/www.aspion.de\\\/wp-content\\\/uploads\\\/2014\\\/05\\\/Aspion_GmbH_Active_SensorsPositioning_Logo_1.png\",\"width\":280,\"height\":71,\"caption\":\"ASPION GmbH\"}]}<\/script>\n<meta name=\"geo.placename\" content=\"Karlsruhe\" \/>\n<meta name=\"geo.region\" content=\"Germany\" \/>\n<!-- \/ Yoast SEO Premium plugin. -->","yoast_head_json":{"title":"Hannover Messe 2026 \u2013 Experience ASPION professional data loggers live","description":"ASPION presents the latest generation of digital transport monitoring at the Hannover Messe 2026 trade fair \u2713 Discover the possibilities now and secure your ticket!","robots":{"index":"index","follow":"follow","max-snippet":"max-snippet:-1","max-image-preview":"max-image-preview:large","max-video-preview":"max-video-preview:-1"},"canonical":"https:\/\/www.aspion.de\/en\/the-latest-generation-of-digital-transport-monitoring-at-the-hannover-messe-2026-trade-fair\/","og_locale":"en_US","og_type":"article","og_title":"The latest generation of digital transport monitoring at the Hannover Messe 2026 trade fair","og_description":"ASPION presents the latest generation of digital transport monitoring at the Hannover Messe 2026 trade fair \u2713 Discover the possibilities now and secure your ticket!","og_url":"https:\/\/www.aspion.de\/en\/the-latest-generation-of-digital-transport-monitoring-at-the-hannover-messe-2026-trade-fair\/","og_site_name":"ASPION GmbH \u2013 Profi-Datenlogger f\u00fcr Schock und Sto\u00df - f\u00fcr die Industrie","article_modified_time":"2026-03-27T10:04:05+00:00","og_image":[{"url":"https:\/\/www.aspion.de\/wp-content\/uploads\/2026\/02\/Hannover_Messe.svg-300x300.png","type":"","width":"","height":""}],"twitter_card":"summary_large_image","twitter_misc":{"Est. reading time":"6 minutes"},"schema":{"@context":"https:\/\/schema.org","@graph":[{"@type":"WebPage","@id":"https:\/\/www.aspion.de\/en\/the-latest-generation-of-digital-transport-monitoring-at-the-hannover-messe-2026-trade-fair\/","url":"https:\/\/www.aspion.de\/en\/the-latest-generation-of-digital-transport-monitoring-at-the-hannover-messe-2026-trade-fair\/","name":"Hannover Messe 2026 \u2013 Experience ASPION professional data loggers live","isPartOf":{"@id":"https:\/\/www.aspion.de\/en\/#website"},"primaryImageOfPage":{"@id":"https:\/\/www.aspion.de\/en\/the-latest-generation-of-digital-transport-monitoring-at-the-hannover-messe-2026-trade-fair\/#primaryimage"},"image":{"@id":"https:\/\/www.aspion.de\/en\/the-latest-generation-of-digital-transport-monitoring-at-the-hannover-messe-2026-trade-fair\/#primaryimage"},"thumbnailUrl":"https:\/\/www.aspion.de\/wp-content\/uploads\/2026\/02\/Hannover_Messe.svg-300x300.png","datePublished":"2026-03-12T14:46:37+00:00","dateModified":"2026-03-27T10:04:05+00:00","description":"ASPION presents the latest generation of digital transport monitoring at the Hannover Messe 2026 trade fair \u2713 Discover the possibilities now and secure your ticket!","breadcrumb":{"@id":"https:\/\/www.aspion.de\/en\/the-latest-generation-of-digital-transport-monitoring-at-the-hannover-messe-2026-trade-fair\/#breadcrumb"},"inLanguage":"en-US","potentialAction":[{"@type":"ReadAction","target":["https:\/\/www.aspion.de\/en\/the-latest-generation-of-digital-transport-monitoring-at-the-hannover-messe-2026-trade-fair\/"]}]},{"@type":"ImageObject","inLanguage":"en-US","@id":"https:\/\/www.aspion.de\/en\/the-latest-generation-of-digital-transport-monitoring-at-the-hannover-messe-2026-trade-fair\/#primaryimage","url":"https:\/\/www.aspion.de\/wp-content\/uploads\/2026\/02\/Hannover_Messe.svg-300x300.png","contentUrl":"https:\/\/www.aspion.de\/wp-content\/uploads\/2026\/02\/Hannover_Messe.svg-300x300.png"},{"@type":"BreadcrumbList","@id":"https:\/\/www.aspion.de\/en\/the-latest-generation-of-digital-transport-monitoring-at-the-hannover-messe-2026-trade-fair\/#breadcrumb","itemListElement":[{"@type":"ListItem","position":1,"name":"Startseite","item":"https:\/\/www.aspion.de\/en\/"},{"@type":"ListItem","position":2,"name":"The latest generation of digital transport monitoring at the Hannover Messe 2026 trade fair"}]},{"@type":"WebSite","@id":"https:\/\/www.aspion.de\/en\/#website","url":"https:\/\/www.aspion.de\/en\/","name":"ASPION GmbH \u2013 Profi-Datenlogger f\u00fcr Schock und Sto\u00df - f\u00fcr die Industrie","description":"Datenlogger f\u00fcr Transport\u00fcberwachung von Schock, Temperatur, Feuchte - einfach, kosteng\u00fcnstig, nachhaltig, made in Germany.","publisher":{"@id":"https:\/\/www.aspion.de\/en\/#organization"},"potentialAction":[{"@type":"SearchAction","target":{"@type":"EntryPoint","urlTemplate":"https:\/\/www.aspion.de\/en\/?s={search_term_string}"},"query-input":{"@type":"PropertyValueSpecification","valueRequired":true,"valueName":"search_term_string"}}],"inLanguage":"en-US"},{"@type":["Organization","Place"],"@id":"https:\/\/www.aspion.de\/en\/#organization","name":"ASPION GmbH","url":"https:\/\/www.aspion.de\/en\/","logo":{"@id":"https:\/\/www.aspion.de\/en\/the-latest-generation-of-digital-transport-monitoring-at-the-hannover-messe-2026-trade-fair\/#local-main-organization-logo"},"image":{"@id":"https:\/\/www.aspion.de\/en\/the-latest-generation-of-digital-transport-monitoring-at-the-hannover-messe-2026-trade-fair\/#local-main-organization-logo"},"sameAs":["https:\/\/www.linkedin.com\/company\/aspion-gmbh","https:\/\/www.youtube.com\/channel\/UCyPrXy8bNbXMKcp_MQEor3w"],"address":{"@id":"https:\/\/www.aspion.de\/en\/the-latest-generation-of-digital-transport-monitoring-at-the-hannover-messe-2026-trade-fair\/#local-main-place-address"},"telephone":["+49 721 85149-122"],"openingHoursSpecification":[{"@type":"OpeningHoursSpecification","dayOfWeek":["Monday","Tuesday","Wednesday","Thursday","Friday","Saturday","Sunday"],"opens":"09:00","closes":"17:00"}],"email":"info@aspion.de","faxNumber":"+49 721 85149-090"},{"@type":"PostalAddress","@id":"https:\/\/www.aspion.de\/en\/the-latest-generation-of-digital-transport-monitoring-at-the-hannover-messe-2026-trade-fair\/#local-main-place-address","streetAddress":"Ohiostra\u00dfe 11","addressLocality":"Karlsruhe","postalCode":"76149","addressRegion":"Baden-W\u00fcrttemberg","addressCountry":"DE"},{"@type":"ImageObject","inLanguage":"en-US","@id":"https:\/\/www.aspion.de\/en\/the-latest-generation-of-digital-transport-monitoring-at-the-hannover-messe-2026-trade-fair\/#local-main-organization-logo","url":"https:\/\/www.aspion.de\/wp-content\/uploads\/2014\/05\/Aspion_GmbH_Active_SensorsPositioning_Logo_1.png","contentUrl":"https:\/\/www.aspion.de\/wp-content\/uploads\/2014\/05\/Aspion_GmbH_Active_SensorsPositioning_Logo_1.png","width":280,"height":71,"caption":"ASPION GmbH"}]},"geo.placename":"Karlsruhe","geo.region":"Germany"},"_links":{"self":[{"href":"https:\/\/www.aspion.de\/en\/wp-json\/wp\/v2\/pages\/24692","targetHints":{"allow":["GET"]}}],"collection":[{"href":"https:\/\/www.aspion.de\/en\/wp-json\/wp\/v2\/pages"}],"about":[{"href":"https:\/\/www.aspion.de\/en\/wp-json\/wp\/v2\/types\/page"}],"author":[{"embeddable":true,"href":"https:\/\/www.aspion.de\/en\/wp-json\/wp\/v2\/users\/1447"}],"replies":[{"embeddable":true,"href":"https:\/\/www.aspion.de\/en\/wp-json\/wp\/v2\/comments?post=24692"}],"version-history":[{"count":2,"href":"https:\/\/www.aspion.de\/en\/wp-json\/wp\/v2\/pages\/24692\/revisions"}],"predecessor-version":[{"id":24810,"href":"https:\/\/www.aspion.de\/en\/wp-json\/wp\/v2\/pages\/24692\/revisions\/24810"}],"wp:attachment":[{"href":"https:\/\/www.aspion.de\/en\/wp-json\/wp\/v2\/media?parent=24692"}],"curies":[{"name":"wp","href":"https:\/\/api.w.org\/{rel}","templated":true}]}}