{"id":24783,"date":"2026-03-23T14:58:33","date_gmt":"2026-03-23T13:58:33","guid":{"rendered":"https:\/\/www.aspion.de\/press-release-aspion-presents-flexible-iot-multi-sensor-platform-out-of-the-box-at-the-hannover-messe\/"},"modified":"2026-03-23T17:26:36","modified_gmt":"2026-03-23T16:26:36","slug":"press-release-aspion-presents-flexible-iot-multi-sensor-platform-out-of-the-box-at-the-hannover-messe","status":"publish","type":"page","link":"https:\/\/www.aspion.de\/en\/press-release-aspion-presents-flexible-iot-multi-sensor-platform-out-of-the-box-at-the-hannover-messe\/","title":{"rendered":"Press release: ASPION presents flexible IoT multi-sensor platform \u201cout-of-the-box\u201d at the Hannover Messe"},"content":{"rendered":"\n\n\t<p>Press release 24.03.2026<\/p>\n<p><strong>Global transport and condition monitoring with 360\u00b0 live tracking<\/strong><\/p>\n<h1><strong>ASPION presents flexible IoT multi-sensor platform &#8220;out-of-the-box&#8221; at the Hannover Messe<\/strong><\/h1>\n<p><strong>Karlsruhe, 24 March 2026. <\/strong>Constant uncertainty, geopolitical tensions, and extreme weather events pose major challenges to the global economy. The ASPION L-Track impressively demonstrates how globally active companies can still ensure transparency and security in the supply chain. The flexible end-to-end solution with 360\u00b0 IoT live tracking sets new standards in intelligent transport and condition monitoring and received multiple awards last year. At the Hannover Messe from April 20-24, 2026, in Hall 15 at Booth D44\/3, ASPION will demonstrate how innovative transport monitoring for industrial goods works efficiently and will present numerous innovations for its complete solution &#8220;Made &amp; Hosted in Germany.&#8221;<\/p>\n<h4><strong>Flexible IoT cloud platform for industry and logistics<\/strong><\/h4>\n<p>The flexible ASPION L-Track multi-sensor platform has received multiple awards for its ability to be tailored to specific requirements, including Baden-W\u00fcrttemberg Innovation Award 2025. The comprehensive solution-comprising an expandable, globally deployable multi-sensor data logger and a flexible IoT cloud platform-combined with a usage-based business model, adapts precisely to customer needs. The robust hardware is equipped with sensors for temperature, humidity, light, pressure, vibration, and tilt and can be individually configured. Furthermore, virtually any external sensors can be flexibly connected &#8220;out-of-the-box&#8221; via the SDI-12 standard or BLE. This enables, for example, measurements of extreme temperatures, level measurements in containers, or monitoring of core temperature in food products.<\/p>\n<h4><strong>Version 2 with new features for even greater transparency<\/strong><\/h4>\n<p>Whether it&#8217;s shock-critical monitoring of expensive machinery and equipment, climate condition monitoring during transport or in storage, packaging optimization, or tracking of load carriers-the ASPION L-Track was developed for a wide range of use cases in industry, logistics, and service providers. The new Version 2 now expands the complete system in the areas of delivery management, reporting, and data visualization and provision. Detailed PDF reports simplify the seamless documentation of exceptional transport events for service providers and insurance companies. The current live location of a shipment can now be shared securely and easily with stakeholders both inside and outside the company. Trade visitors can experience all the new features live at the Hannover Messe in late April in Hall 15 at Booth D44\/3, IT Mittelstand Pavilion.<\/p>\n<h4><strong>Quick start at attractive terms<\/strong><\/h4>\n<p>ASPION consistently demonstrates through its innovations that access to professional transport monitoring and IoT live tracking for industrial companies is simple and happens in the blink of an eye: The software is easy to use, and the reusable devices are intuitive to operate. Starter packages with full functionality, available directly from the manufacturer and through qualified ASPION partners, offer an attractively priced entry point.<\/p>\n<p>Image material for download<\/p>\n\n\n\n\nDownload: click on the image<strong><br \/>\n<\/strong>\n\n\n\n<figure itemscope itemtype=\"https:\/\/schema.org\/ImageObject\">\n\t\t\t\t<a href=\"https:\/\/www.aspion.de\/wp-content\/uploads\/2026\/03\/ASPION_flexible_IoT_Multisensor_Cloud_Plattform-1-scaled.jpg\"  target=\"_blank\" rel=\"noopener\"  itemprop=\"url\">\n\t\t\t\t<img decoding=\"async\" src=\"https:\/\/www.aspion.de\/wp-content\/uploads\/2026\/03\/ASPION_flexible_IoT_Multisensor_Cloud_Plattform-1-scaled.jpg\" alt=\"ASPION_flexible_IoT_multi_sensor_cloud_platform\" height=\"2560\" width=\"2048\" title=\"ASPION_flexible_IoT_multi_sensor_cloud_platform\" onerror=\"this.style.display='none'\" loading=\"lazy\" \/>\n\t\t\t\t<\/a>\n\t<\/figure>\n\t<p>The expandable ASPION L-Track multi-sensor device with a flexible IoT cloud platform, shown here with a level measurement application.<\/p>\n\t<h5>Use of the image material for editorial purposes is free of charge. Image \u00a9ASPION GmbH<\/h5>\n\t<h4>ASPION at the industrial trade fair<\/h4>\n<figure itemscope itemtype=\"https:\/\/schema.org\/ImageObject\">\n\t\t\t\t<a href=\"https:\/\/www.aspion.de\/en\/the-latest-generation-of-digital-transport-monitoring-at-the-hannover-messe-2026-trade-fair\/\"  target=\"_blank\" rel=\"noopener\"  itemprop=\"url\">\n\t\t\t\t<img decoding=\"async\" src=\"https:\/\/www.aspion.de\/wp-content\/uploads\/2026\/02\/Hannover_Messe.svg.png\" alt=\"Hannover_Messe.svg\" height=\"501\" width=\"500\" title=\"Hannover_Messe.svg\" onerror=\"this.style.display='none'\" loading=\"lazy\" \/>\n\t\t\t\t<\/a>\n\t<\/figure>\n\t\t<p>Hannover Messe, 20 &#8211; 24 April 2026<\/p>\n<p>Hall 15, Booth D44\/3<br \/>IT Mittelstand Pavilion<\/p>\n\t<h3>Your press contact<\/h3>\n<p>Peter Adam<br \/>Marketing and Sales<br \/>Phone: +49 721 \/ 85149-127<br \/><a href=\"mailto:peter.adam@aspion.de\">peter.adam@aspion.de<\/a><\/p>\n\n","protected":false},"excerpt":{"rendered":"<p>Press release 24.03.2026 Global transport and condition monitoring with 360\u00b0 live tracking ASPION presents flexible IoT multi-sensor platform &#8220;out-of-the-box&#8221; at the Hannover Messe Karlsruhe, 24 March 2026. Constant uncertainty, geopolitical tensions, and extreme weather events pose major challenges to the global economy. The ASPION L-Track impressively demonstrates how globally active companies can still ensure transparency&hellip;<\/p>\n","protected":false},"author":1447,"featured_media":0,"parent":0,"menu_order":0,"comment_status":"closed","ping_status":"closed","template":"","meta":{"_acf_changed":false,"footnotes":""},"class_list":["post-24783","page","type-page","status-publish","hentry"],"acf":[],"yoast_head":"<!-- This site is optimized with the Yoast SEO Premium plugin v27.5 (Yoast SEO v27.5) - https:\/\/yoast.com\/product\/yoast-seo-premium-wordpress\/ -->\n<title>ASPION: Flexible IoT multisensor platform at the 2026 Hannover Messe<\/title>\n<meta name=\"description\" content=\"Global transport and condition monitoring with 360\u00b0 live tracking: At the 2026 Hannover Messe, ASPION will demonstrate how globally active industrial companies can ensure transparency and security in the supply chain.\" \/>\n<meta name=\"robots\" content=\"index, follow, max-snippet:-1, max-image-preview:large, max-video-preview:-1\" \/>\n<link rel=\"canonical\" href=\"https:\/\/www.aspion.de\/en\/press-release-aspion-presents-flexible-iot-multi-sensor-platform-out-of-the-box-at-the-hannover-messe\/\" \/>\n<meta property=\"og:locale\" content=\"en_US\" \/>\n<meta property=\"og:type\" content=\"article\" \/>\n<meta property=\"og:title\" content=\"Press release: ASPION presents flexible IoT multi-sensor platform \u201cout-of-the-box\u201d at the Hannover Messe\" \/>\n<meta property=\"og:description\" content=\"Global transport and condition monitoring with 360\u00b0 live tracking: At the 2026 Hannover Messe, ASPION will demonstrate how globally active industrial companies can ensure transparency and security in the supply chain.\" \/>\n<meta property=\"og:url\" content=\"https:\/\/www.aspion.de\/en\/press-release-aspion-presents-flexible-iot-multi-sensor-platform-out-of-the-box-at-the-hannover-messe\/\" \/>\n<meta property=\"og:site_name\" content=\"ASPION GmbH \u2013 Profi-Datenlogger f\u00fcr Schock und Sto\u00df - f\u00fcr die Industrie\" \/>\n<meta property=\"article:modified_time\" content=\"2026-03-23T16:26:36+00:00\" \/>\n<meta property=\"og:image\" content=\"https:\/\/www.aspion.de\/wp-content\/uploads\/2026\/03\/ASPION_flexible_IoT_Multisensor_Cloud_Plattform-1-scaled.jpg\" \/>\n<meta name=\"twitter:card\" content=\"summary_large_image\" \/>\n<meta name=\"twitter:label1\" content=\"Est. reading time\" \/>\n\t<meta name=\"twitter:data1\" content=\"3 minutes\" \/>\n<script type=\"application\/ld+json\" class=\"yoast-schema-graph\">{\"@context\":\"https:\\\/\\\/schema.org\",\"@graph\":[{\"@type\":\"WebPage\",\"@id\":\"https:\\\/\\\/www.aspion.de\\\/en\\\/press-release-aspion-presents-flexible-iot-multi-sensor-platform-out-of-the-box-at-the-hannover-messe\\\/\",\"url\":\"https:\\\/\\\/www.aspion.de\\\/en\\\/press-release-aspion-presents-flexible-iot-multi-sensor-platform-out-of-the-box-at-the-hannover-messe\\\/\",\"name\":\"ASPION: Flexible IoT multisensor platform at the 2026 Hannover Messe\",\"isPartOf\":{\"@id\":\"https:\\\/\\\/www.aspion.de\\\/en\\\/#website\"},\"primaryImageOfPage\":{\"@id\":\"https:\\\/\\\/www.aspion.de\\\/en\\\/press-release-aspion-presents-flexible-iot-multi-sensor-platform-out-of-the-box-at-the-hannover-messe\\\/#primaryimage\"},\"image\":{\"@id\":\"https:\\\/\\\/www.aspion.de\\\/en\\\/press-release-aspion-presents-flexible-iot-multi-sensor-platform-out-of-the-box-at-the-hannover-messe\\\/#primaryimage\"},\"thumbnailUrl\":\"https:\\\/\\\/www.aspion.de\\\/wp-content\\\/uploads\\\/2026\\\/03\\\/ASPION_flexible_IoT_Multisensor_Cloud_Plattform-1-scaled.jpg\",\"datePublished\":\"2026-03-23T13:58:33+00:00\",\"dateModified\":\"2026-03-23T16:26:36+00:00\",\"description\":\"Global transport and condition monitoring with 360\u00b0 live tracking: At the 2026 Hannover Messe, ASPION will demonstrate how globally active industrial companies can ensure transparency and security in the supply chain.\",\"breadcrumb\":{\"@id\":\"https:\\\/\\\/www.aspion.de\\\/en\\\/press-release-aspion-presents-flexible-iot-multi-sensor-platform-out-of-the-box-at-the-hannover-messe\\\/#breadcrumb\"},\"inLanguage\":\"en-US\",\"potentialAction\":[{\"@type\":\"ReadAction\",\"target\":[\"https:\\\/\\\/www.aspion.de\\\/en\\\/press-release-aspion-presents-flexible-iot-multi-sensor-platform-out-of-the-box-at-the-hannover-messe\\\/\"]}]},{\"@type\":\"ImageObject\",\"inLanguage\":\"en-US\",\"@id\":\"https:\\\/\\\/www.aspion.de\\\/en\\\/press-release-aspion-presents-flexible-iot-multi-sensor-platform-out-of-the-box-at-the-hannover-messe\\\/#primaryimage\",\"url\":\"https:\\\/\\\/www.aspion.de\\\/wp-content\\\/uploads\\\/2026\\\/03\\\/ASPION_flexible_IoT_Multisensor_Cloud_Plattform-1-scaled.jpg\",\"contentUrl\":\"https:\\\/\\\/www.aspion.de\\\/wp-content\\\/uploads\\\/2026\\\/03\\\/ASPION_flexible_IoT_Multisensor_Cloud_Plattform-1-scaled.jpg\"},{\"@type\":\"BreadcrumbList\",\"@id\":\"https:\\\/\\\/www.aspion.de\\\/en\\\/press-release-aspion-presents-flexible-iot-multi-sensor-platform-out-of-the-box-at-the-hannover-messe\\\/#breadcrumb\",\"itemListElement\":[{\"@type\":\"ListItem\",\"position\":1,\"name\":\"Startseite\",\"item\":\"https:\\\/\\\/www.aspion.de\\\/en\\\/\"},{\"@type\":\"ListItem\",\"position\":2,\"name\":\"Press release: ASPION presents flexible IoT multi-sensor platform \u201cout-of-the-box\u201d at the Hannover Messe\"}]},{\"@type\":\"WebSite\",\"@id\":\"https:\\\/\\\/www.aspion.de\\\/en\\\/#website\",\"url\":\"https:\\\/\\\/www.aspion.de\\\/en\\\/\",\"name\":\"ASPION GmbH \u2013 Profi-Datenlogger f\u00fcr Schock und Sto\u00df - f\u00fcr die Industrie\",\"description\":\"Datenlogger f\u00fcr Transport\u00fcberwachung von Schock, Temperatur, Feuchte - einfach, kosteng\u00fcnstig, nachhaltig, made in Germany.\",\"publisher\":{\"@id\":\"https:\\\/\\\/www.aspion.de\\\/en\\\/#organization\"},\"potentialAction\":[{\"@type\":\"SearchAction\",\"target\":{\"@type\":\"EntryPoint\",\"urlTemplate\":\"https:\\\/\\\/www.aspion.de\\\/en\\\/?s={search_term_string}\"},\"query-input\":{\"@type\":\"PropertyValueSpecification\",\"valueRequired\":true,\"valueName\":\"search_term_string\"}}],\"inLanguage\":\"en-US\"},{\"@type\":[\"Organization\",\"Place\"],\"@id\":\"https:\\\/\\\/www.aspion.de\\\/en\\\/#organization\",\"name\":\"ASPION GmbH\",\"url\":\"https:\\\/\\\/www.aspion.de\\\/en\\\/\",\"logo\":{\"@id\":\"https:\\\/\\\/www.aspion.de\\\/en\\\/press-release-aspion-presents-flexible-iot-multi-sensor-platform-out-of-the-box-at-the-hannover-messe\\\/#local-main-organization-logo\"},\"image\":{\"@id\":\"https:\\\/\\\/www.aspion.de\\\/en\\\/press-release-aspion-presents-flexible-iot-multi-sensor-platform-out-of-the-box-at-the-hannover-messe\\\/#local-main-organization-logo\"},\"sameAs\":[\"https:\\\/\\\/www.linkedin.com\\\/company\\\/aspion-gmbh\",\"https:\\\/\\\/www.youtube.com\\\/channel\\\/UCyPrXy8bNbXMKcp_MQEor3w\"],\"address\":{\"@id\":\"https:\\\/\\\/www.aspion.de\\\/en\\\/press-release-aspion-presents-flexible-iot-multi-sensor-platform-out-of-the-box-at-the-hannover-messe\\\/#local-main-place-address\"},\"telephone\":[\"+49 721 85149-122\"],\"openingHoursSpecification\":[{\"@type\":\"OpeningHoursSpecification\",\"dayOfWeek\":[\"Monday\",\"Tuesday\",\"Wednesday\",\"Thursday\",\"Friday\",\"Saturday\",\"Sunday\"],\"opens\":\"09:00\",\"closes\":\"17:00\"}],\"email\":\"info@aspion.de\",\"faxNumber\":\"+49 721 85149-090\"},{\"@type\":\"PostalAddress\",\"@id\":\"https:\\\/\\\/www.aspion.de\\\/en\\\/press-release-aspion-presents-flexible-iot-multi-sensor-platform-out-of-the-box-at-the-hannover-messe\\\/#local-main-place-address\",\"streetAddress\":\"Ohiostra\u00dfe 11\",\"addressLocality\":\"Karlsruhe\",\"postalCode\":\"76149\",\"addressRegion\":\"Baden-W\u00fcrttemberg\",\"addressCountry\":\"DE\"},{\"@type\":\"ImageObject\",\"inLanguage\":\"en-US\",\"@id\":\"https:\\\/\\\/www.aspion.de\\\/en\\\/press-release-aspion-presents-flexible-iot-multi-sensor-platform-out-of-the-box-at-the-hannover-messe\\\/#local-main-organization-logo\",\"url\":\"https:\\\/\\\/www.aspion.de\\\/wp-content\\\/uploads\\\/2014\\\/05\\\/Aspion_GmbH_Active_SensorsPositioning_Logo_1.png\",\"contentUrl\":\"https:\\\/\\\/www.aspion.de\\\/wp-content\\\/uploads\\\/2014\\\/05\\\/Aspion_GmbH_Active_SensorsPositioning_Logo_1.png\",\"width\":280,\"height\":71,\"caption\":\"ASPION GmbH\"}]}<\/script>\n<meta name=\"geo.placename\" content=\"Karlsruhe\" \/>\n<meta name=\"geo.region\" content=\"Germany\" \/>\n<!-- \/ Yoast SEO Premium plugin. -->","yoast_head_json":{"title":"ASPION: Flexible IoT multisensor platform at the 2026 Hannover Messe","description":"Global transport and condition monitoring with 360\u00b0 live tracking: At the 2026 Hannover Messe, ASPION will demonstrate how globally active industrial companies can ensure transparency and security in the supply chain.","robots":{"index":"index","follow":"follow","max-snippet":"max-snippet:-1","max-image-preview":"max-image-preview:large","max-video-preview":"max-video-preview:-1"},"canonical":"https:\/\/www.aspion.de\/en\/press-release-aspion-presents-flexible-iot-multi-sensor-platform-out-of-the-box-at-the-hannover-messe\/","og_locale":"en_US","og_type":"article","og_title":"Press release: ASPION presents flexible IoT multi-sensor platform \u201cout-of-the-box\u201d at the Hannover Messe","og_description":"Global transport and condition monitoring with 360\u00b0 live tracking: At the 2026 Hannover Messe, ASPION will demonstrate how globally active industrial companies can ensure transparency and security in the supply chain.","og_url":"https:\/\/www.aspion.de\/en\/press-release-aspion-presents-flexible-iot-multi-sensor-platform-out-of-the-box-at-the-hannover-messe\/","og_site_name":"ASPION GmbH \u2013 Profi-Datenlogger f\u00fcr Schock und Sto\u00df - f\u00fcr die Industrie","article_modified_time":"2026-03-23T16:26:36+00:00","og_image":[{"url":"https:\/\/www.aspion.de\/wp-content\/uploads\/2026\/03\/ASPION_flexible_IoT_Multisensor_Cloud_Plattform-1-scaled.jpg","type":"","width":"","height":""}],"twitter_card":"summary_large_image","twitter_misc":{"Est. reading time":"3 minutes"},"schema":{"@context":"https:\/\/schema.org","@graph":[{"@type":"WebPage","@id":"https:\/\/www.aspion.de\/en\/press-release-aspion-presents-flexible-iot-multi-sensor-platform-out-of-the-box-at-the-hannover-messe\/","url":"https:\/\/www.aspion.de\/en\/press-release-aspion-presents-flexible-iot-multi-sensor-platform-out-of-the-box-at-the-hannover-messe\/","name":"ASPION: Flexible IoT multisensor platform at the 2026 Hannover Messe","isPartOf":{"@id":"https:\/\/www.aspion.de\/en\/#website"},"primaryImageOfPage":{"@id":"https:\/\/www.aspion.de\/en\/press-release-aspion-presents-flexible-iot-multi-sensor-platform-out-of-the-box-at-the-hannover-messe\/#primaryimage"},"image":{"@id":"https:\/\/www.aspion.de\/en\/press-release-aspion-presents-flexible-iot-multi-sensor-platform-out-of-the-box-at-the-hannover-messe\/#primaryimage"},"thumbnailUrl":"https:\/\/www.aspion.de\/wp-content\/uploads\/2026\/03\/ASPION_flexible_IoT_Multisensor_Cloud_Plattform-1-scaled.jpg","datePublished":"2026-03-23T13:58:33+00:00","dateModified":"2026-03-23T16:26:36+00:00","description":"Global transport and condition monitoring with 360\u00b0 live tracking: At the 2026 Hannover Messe, ASPION will demonstrate how globally active industrial companies can ensure transparency and security in the supply chain.","breadcrumb":{"@id":"https:\/\/www.aspion.de\/en\/press-release-aspion-presents-flexible-iot-multi-sensor-platform-out-of-the-box-at-the-hannover-messe\/#breadcrumb"},"inLanguage":"en-US","potentialAction":[{"@type":"ReadAction","target":["https:\/\/www.aspion.de\/en\/press-release-aspion-presents-flexible-iot-multi-sensor-platform-out-of-the-box-at-the-hannover-messe\/"]}]},{"@type":"ImageObject","inLanguage":"en-US","@id":"https:\/\/www.aspion.de\/en\/press-release-aspion-presents-flexible-iot-multi-sensor-platform-out-of-the-box-at-the-hannover-messe\/#primaryimage","url":"https:\/\/www.aspion.de\/wp-content\/uploads\/2026\/03\/ASPION_flexible_IoT_Multisensor_Cloud_Plattform-1-scaled.jpg","contentUrl":"https:\/\/www.aspion.de\/wp-content\/uploads\/2026\/03\/ASPION_flexible_IoT_Multisensor_Cloud_Plattform-1-scaled.jpg"},{"@type":"BreadcrumbList","@id":"https:\/\/www.aspion.de\/en\/press-release-aspion-presents-flexible-iot-multi-sensor-platform-out-of-the-box-at-the-hannover-messe\/#breadcrumb","itemListElement":[{"@type":"ListItem","position":1,"name":"Startseite","item":"https:\/\/www.aspion.de\/en\/"},{"@type":"ListItem","position":2,"name":"Press release: ASPION presents flexible IoT multi-sensor platform \u201cout-of-the-box\u201d at the Hannover Messe"}]},{"@type":"WebSite","@id":"https:\/\/www.aspion.de\/en\/#website","url":"https:\/\/www.aspion.de\/en\/","name":"ASPION GmbH \u2013 Profi-Datenlogger f\u00fcr Schock und Sto\u00df - f\u00fcr die Industrie","description":"Datenlogger f\u00fcr Transport\u00fcberwachung von Schock, Temperatur, Feuchte - einfach, kosteng\u00fcnstig, nachhaltig, made in Germany.","publisher":{"@id":"https:\/\/www.aspion.de\/en\/#organization"},"potentialAction":[{"@type":"SearchAction","target":{"@type":"EntryPoint","urlTemplate":"https:\/\/www.aspion.de\/en\/?s={search_term_string}"},"query-input":{"@type":"PropertyValueSpecification","valueRequired":true,"valueName":"search_term_string"}}],"inLanguage":"en-US"},{"@type":["Organization","Place"],"@id":"https:\/\/www.aspion.de\/en\/#organization","name":"ASPION GmbH","url":"https:\/\/www.aspion.de\/en\/","logo":{"@id":"https:\/\/www.aspion.de\/en\/press-release-aspion-presents-flexible-iot-multi-sensor-platform-out-of-the-box-at-the-hannover-messe\/#local-main-organization-logo"},"image":{"@id":"https:\/\/www.aspion.de\/en\/press-release-aspion-presents-flexible-iot-multi-sensor-platform-out-of-the-box-at-the-hannover-messe\/#local-main-organization-logo"},"sameAs":["https:\/\/www.linkedin.com\/company\/aspion-gmbh","https:\/\/www.youtube.com\/channel\/UCyPrXy8bNbXMKcp_MQEor3w"],"address":{"@id":"https:\/\/www.aspion.de\/en\/press-release-aspion-presents-flexible-iot-multi-sensor-platform-out-of-the-box-at-the-hannover-messe\/#local-main-place-address"},"telephone":["+49 721 85149-122"],"openingHoursSpecification":[{"@type":"OpeningHoursSpecification","dayOfWeek":["Monday","Tuesday","Wednesday","Thursday","Friday","Saturday","Sunday"],"opens":"09:00","closes":"17:00"}],"email":"info@aspion.de","faxNumber":"+49 721 85149-090"},{"@type":"PostalAddress","@id":"https:\/\/www.aspion.de\/en\/press-release-aspion-presents-flexible-iot-multi-sensor-platform-out-of-the-box-at-the-hannover-messe\/#local-main-place-address","streetAddress":"Ohiostra\u00dfe 11","addressLocality":"Karlsruhe","postalCode":"76149","addressRegion":"Baden-W\u00fcrttemberg","addressCountry":"DE"},{"@type":"ImageObject","inLanguage":"en-US","@id":"https:\/\/www.aspion.de\/en\/press-release-aspion-presents-flexible-iot-multi-sensor-platform-out-of-the-box-at-the-hannover-messe\/#local-main-organization-logo","url":"https:\/\/www.aspion.de\/wp-content\/uploads\/2014\/05\/Aspion_GmbH_Active_SensorsPositioning_Logo_1.png","contentUrl":"https:\/\/www.aspion.de\/wp-content\/uploads\/2014\/05\/Aspion_GmbH_Active_SensorsPositioning_Logo_1.png","width":280,"height":71,"caption":"ASPION GmbH"}]},"geo.placename":"Karlsruhe","geo.region":"Germany"},"_links":{"self":[{"href":"https:\/\/www.aspion.de\/en\/wp-json\/wp\/v2\/pages\/24783","targetHints":{"allow":["GET"]}}],"collection":[{"href":"https:\/\/www.aspion.de\/en\/wp-json\/wp\/v2\/pages"}],"about":[{"href":"https:\/\/www.aspion.de\/en\/wp-json\/wp\/v2\/types\/page"}],"author":[{"embeddable":true,"href":"https:\/\/www.aspion.de\/en\/wp-json\/wp\/v2\/users\/1447"}],"replies":[{"embeddable":true,"href":"https:\/\/www.aspion.de\/en\/wp-json\/wp\/v2\/comments?post=24783"}],"version-history":[{"count":5,"href":"https:\/\/www.aspion.de\/en\/wp-json\/wp\/v2\/pages\/24783\/revisions"}],"predecessor-version":[{"id":24799,"href":"https:\/\/www.aspion.de\/en\/wp-json\/wp\/v2\/pages\/24783\/revisions\/24799"}],"wp:attachment":[{"href":"https:\/\/www.aspion.de\/en\/wp-json\/wp\/v2\/media?parent=24783"}],"curies":[{"name":"wp","href":"https:\/\/api.w.org\/{rel}","templated":true}]}}