{"id":24896,"date":"2026-04-20T13:33:23","date_gmt":"2026-04-20T11:33:23","guid":{"rendered":"https:\/\/www.aspion.de\/?page_id=24896"},"modified":"2026-04-21T14:37:16","modified_gmt":"2026-04-21T12:37:16","slug":"anniversary-promotion-15-years-of-aspion","status":"publish","type":"page","link":"https:\/\/www.aspion.de\/en\/anniversary-promotion-15-years-of-aspion\/","title":{"rendered":"Anniversary promotion: 15 years of ASPION"},"content":{"rendered":"\n\n\t\t<ul>\n\t\t\t\t<li>\n\t\t\t<img decoding=\"async\" loading=\"false\" src=\"https:\/\/www.aspion.de\/wp-content\/uploads\/2026\/04\/Banner-Bonus-Aktion-Jubilaeum-15-Jahre-ASPION-EN-1-scaled.jpg\" alt=\"\" \/>\t\t\t\n\t\t<\/li>\n\t\t<\/ul>\n<h1>\n\t\t\tAnniversary promotion: 15 Years of ASPION &#8211; celebrate with us!\t<\/h1>\n\t<p>15 years of ASPION, 10 years of ASPION G-Log data loggers, and a year full of awards for the new ASPION L-Track, including the prestigious <a href=\"https:\/\/www.aspion.de\/en\/aspion-receives-baden-wurttemberg-innovation-award-2025-second-recognition-in-just-four-years\/\" target=\"_blank\" rel=\"noopener\"><strong>2025 Innovation Award from the State of Baden-W\u00fcrttemberg<\/strong><\/a>. We want to celebrate these milestones with you and <strong>thank you for your long-standing loyalty<\/strong>!<\/p>\n<p><strong>As an existing ASPION customer<\/strong>, you can now <strong>receive a 15% anniversary discount<\/strong> on all ASPION data loggers for orders placed by July 24, 2026. We&#8217;re happy to ship immediately or on your<strong> preferred date by August 31, 2026, at the latest!*<\/strong><\/p>\n<figure itemscope itemtype=\"https:\/\/schema.org\/ImageObject\">\n\t\t\t\t<a href=\"https:\/\/www.aspion.de\/en\/aspion-receives-baden-wurttemberg-innovation-award-2025-second-recognition-in-just-four-years\/\"  target=\"_blank\" rel=\"noopener\"  itemprop=\"url\">\n\t\t\t\t<img decoding=\"async\" src=\"https:\/\/www.aspion.de\/wp-content\/uploads\/2025\/11\/Innovationspreis_BW_13.11.2025_L1050837-1024x683.jpg\" alt=\"\" onerror=\"this.style.display='none'\" loading=\"lazy\" \/>\n\t\t\t\t<\/a>\n\t<\/figure>\n<figure itemscope itemtype=\"https:\/\/schema.org\/ImageObject\">\n\t\t\t\t<img decoding=\"async\" src=\"https:\/\/www.aspion.de\/wp-content\/uploads\/2026\/04\/ASPION_Awards_Collage.png\" alt=\"ASPION_Awards_Collage\" height=\"576\" width=\"1024\" title=\"ASPION_Awards_Collage\" onerror=\"this.style.display='none'\" loading=\"lazy\" \/>\n\t<\/figure>\n<h2>\n\t\t\tPromotion period until July 24, 2026:\t<\/h2>\n\t<p>The 15% anniversary discount applies to <strong>all ASPION data loggers starting with your second order<\/strong> and is valid for <strong>individual units as well as starter kits and sets with volume discounts.*<\/strong><\/p>\n<p>You can customize the number of data loggers you need to suit your specific requirements. We&#8217;re happy to ship either immediately or by your <strong>requested date, by August 31, 2026!*<\/strong><\/p>\n\t<p>Are you interested in a <strong>real-time monitoring solution<\/strong>? Then take advantage of our anniversary special offer to get started with the multi-award-winning <a href=\"https:\/\/www.aspion.de\/en\/iot-live-asset-tracking-l-track\/\" target=\"_blank\" rel=\"noopener\"><strong>ASPION L-Track<\/strong><\/a> and discover the additional <strong>benefits of global 360\u00b0 IoT live tracking<\/strong>:<\/p>\n<ul>\n<li>complete transparency over the entire transport route, including current location and condition of your goods, anytime and worldwide<\/li>\n<li>proactive management and control of your supply chain using real-time data<\/li>\n<li>reliable monitoring of shocks and relevant environmental conditions<\/li>\n<li>end-to-end solution with high-performance cloud platform &#8220;Hosted in Germany&#8221;<\/li>\n<\/ul>\n<figure itemscope itemtype=\"https:\/\/schema.org\/ImageObject\">\n\t\t\t\t<a href=\"https:\/\/www.aspion.de\/en\/iot-live-asset-tracking-l-track\/\"  target=\"_blank\" rel=\"noopener\"  itemprop=\"url\">\n\t\t\t\t<img decoding=\"async\" src=\"https:\/\/www.aspion.de\/wp-content\/uploads\/2025\/08\/ASPION-L-Track-Produktbild-1350x1000-v2-1024x759.png\" alt=\"\" onerror=\"this.style.display='none'\" loading=\"lazy\" \/>\n\t\t\t\t<\/a>\n\t<\/figure>\n\t<h3>Price list or customized offer<\/h3>\n<p>We will be happy to send you the appropriate price list for ASPION G-Log or ASPION L-Track or make you an individual offer! Either contact your <a href=\"https:\/\/www.aspion.de\/en\/aspion-partners\/\" target=\"_blank\" rel=\"noopener\">ASPION partner<\/a>\u00a0in charge,\u00a0<strong>call us on +49 721 \/ 85149-122<\/strong>\u00a0or write to us at\u00a0<a href=\"mailto:info@aspion.de?subject=ASPION%20L-Track%20individual%20offer\" target=\"_blank\" rel=\"noopener\"><strong>info@aspion.de<\/strong><\/a>. We will be happy to advise you at any time and without obligation.<\/p>\n\t\t\t<a href=\"mailto:info@aspion.de?subject=15%20Years%20of%20ASPION:%20eequest%20for%20the%20current%20price%20list%20for%20ASPION%20G-Log%20\/%20ASPION%20L-Track\"  target=\"_blank\" rel=\"noopener\"    rel=\"noopener\">\n\t\t\t\t\t\tRequest price list\n\t\t\t\t\t<\/a>\n\t<p>*This promotion is valid for orders placed until July 24, 2026, subject to the terms and conditions listed in the currently valid standard price lists, excluding framework agreements and other special arrangements. The anniversary discount applies exclusively to existing ASPION customers (or to new customers starting with their second order) and is granted up to a total net order value of \u20ac15,000 per customer\/partner during the promotional period. Delivery will be made in the current version immediately upon receipt of the order while supplies last, or on the requested delivery date, but no later than August 31, 2026. Invoicing will occur after shipment of the goods. This offer does not apply to ASPION G-Log Premium, NFC card readers, general overhauls, or other services, and cannot be combined with other offers, discounts, or promotions. Subject to change and errors excepted. Our <a href=\"https:\/\/www.aspion.de\/en\/aspion-terms-and-conditions\/\" target=\"_blank\" rel=\"noopener\">general terms and conditions<\/a> apply exclusively.<\/p>\n\n","protected":false},"excerpt":{"rendered":"<p>Anniversary promotion: 15 Years of ASPION &#8211; celebrate with us! 15 years of ASPION, 10 years of ASPION G-Log data loggers, and a year full of awards for the new ASPION L-Track, including the prestigious 2025 Innovation Award from the State of Baden-W\u00fcrttemberg. We want to celebrate these milestones with you and thank you for&hellip;<\/p>\n","protected":false},"author":496,"featured_media":0,"parent":0,"menu_order":0,"comment_status":"closed","ping_status":"closed","template":"","meta":{"_acf_changed":false,"footnotes":""},"class_list":["post-24896","page","type-page","status-publish","hentry"],"acf":[],"yoast_head":"<!-- This site is optimized with the Yoast SEO Premium plugin v27.4 (Yoast SEO v27.4) - https:\/\/yoast.com\/product\/yoast-seo-premium-wordpress\/ -->\n<title>Anniversary promotion: 15 years of ASPION<\/title>\n<meta name=\"description\" content=\"Anniversary promotion: 15 Years of ASPION \u2013 celebrate with our attractive anniversary discounts \u25ba Find out more now and take advantage of exclusive benefits!\" \/>\n<meta name=\"robots\" content=\"index, follow, max-snippet:-1, max-image-preview:large, max-video-preview:-1\" \/>\n<link rel=\"canonical\" href=\"https:\/\/www.aspion.de\/en\/anniversary-promotion-15-years-of-aspion\/\" \/>\n<meta property=\"og:locale\" content=\"en_US\" \/>\n<meta property=\"og:type\" content=\"article\" \/>\n<meta property=\"og:title\" content=\"Anniversary promotion: 15 years of ASPION\" \/>\n<meta property=\"og:description\" content=\"Anniversary promotion: 15 Years of ASPION \u2013 celebrate with our attractive anniversary discounts \u25ba Find out more now and take advantage of exclusive benefits!\" \/>\n<meta property=\"og:url\" content=\"https:\/\/www.aspion.de\/en\/anniversary-promotion-15-years-of-aspion\/\" \/>\n<meta property=\"og:site_name\" content=\"ASPION GmbH \u2013 Profi-Datenlogger f\u00fcr Schock und Sto\u00df - f\u00fcr die Industrie\" \/>\n<meta property=\"article:modified_time\" content=\"2026-04-21T12:37:16+00:00\" \/>\n<meta property=\"og:image\" content=\"https:\/\/www.aspion.de\/wp-content\/uploads\/2026\/04\/Banner-Bonus-Aktion-Jubilaeum-15-Jahre-ASPION-EN-1-scaled.jpg\" \/>\n<meta name=\"twitter:card\" content=\"summary_large_image\" \/>\n<meta name=\"twitter:label1\" content=\"Est. reading time\" \/>\n\t<meta name=\"twitter:data1\" content=\"4 minutes\" \/>\n<script type=\"application\/ld+json\" class=\"yoast-schema-graph\">{\"@context\":\"https:\\\/\\\/schema.org\",\"@graph\":[{\"@type\":\"WebPage\",\"@id\":\"https:\\\/\\\/www.aspion.de\\\/en\\\/anniversary-promotion-15-years-of-aspion\\\/\",\"url\":\"https:\\\/\\\/www.aspion.de\\\/en\\\/anniversary-promotion-15-years-of-aspion\\\/\",\"name\":\"Anniversary promotion: 15 years of ASPION\",\"isPartOf\":{\"@id\":\"https:\\\/\\\/www.aspion.de\\\/en\\\/#website\"},\"primaryImageOfPage\":{\"@id\":\"https:\\\/\\\/www.aspion.de\\\/en\\\/anniversary-promotion-15-years-of-aspion\\\/#primaryimage\"},\"image\":{\"@id\":\"https:\\\/\\\/www.aspion.de\\\/en\\\/anniversary-promotion-15-years-of-aspion\\\/#primaryimage\"},\"thumbnailUrl\":\"https:\\\/\\\/www.aspion.de\\\/wp-content\\\/uploads\\\/2026\\\/04\\\/Banner-Bonus-Aktion-Jubilaeum-15-Jahre-ASPION-EN-1-scaled.jpg\",\"datePublished\":\"2026-04-20T11:33:23+00:00\",\"dateModified\":\"2026-04-21T12:37:16+00:00\",\"description\":\"Anniversary promotion: 15 Years of ASPION \u2013 celebrate with our attractive anniversary discounts \u25ba Find out more now and take advantage of exclusive benefits!\",\"breadcrumb\":{\"@id\":\"https:\\\/\\\/www.aspion.de\\\/en\\\/anniversary-promotion-15-years-of-aspion\\\/#breadcrumb\"},\"inLanguage\":\"en-US\",\"potentialAction\":[{\"@type\":\"ReadAction\",\"target\":[\"https:\\\/\\\/www.aspion.de\\\/en\\\/anniversary-promotion-15-years-of-aspion\\\/\"]}]},{\"@type\":\"ImageObject\",\"inLanguage\":\"en-US\",\"@id\":\"https:\\\/\\\/www.aspion.de\\\/en\\\/anniversary-promotion-15-years-of-aspion\\\/#primaryimage\",\"url\":\"https:\\\/\\\/www.aspion.de\\\/wp-content\\\/uploads\\\/2026\\\/04\\\/Banner-Bonus-Aktion-Jubilaeum-15-Jahre-ASPION-EN-1-scaled.jpg\",\"contentUrl\":\"https:\\\/\\\/www.aspion.de\\\/wp-content\\\/uploads\\\/2026\\\/04\\\/Banner-Bonus-Aktion-Jubilaeum-15-Jahre-ASPION-EN-1-scaled.jpg\"},{\"@type\":\"BreadcrumbList\",\"@id\":\"https:\\\/\\\/www.aspion.de\\\/en\\\/anniversary-promotion-15-years-of-aspion\\\/#breadcrumb\",\"itemListElement\":[{\"@type\":\"ListItem\",\"position\":1,\"name\":\"Startseite\",\"item\":\"https:\\\/\\\/www.aspion.de\\\/en\\\/\"},{\"@type\":\"ListItem\",\"position\":2,\"name\":\"Anniversary promotion: 15 years of ASPION\"}]},{\"@type\":\"WebSite\",\"@id\":\"https:\\\/\\\/www.aspion.de\\\/en\\\/#website\",\"url\":\"https:\\\/\\\/www.aspion.de\\\/en\\\/\",\"name\":\"ASPION GmbH \u2013 Profi-Datenlogger f\u00fcr Schock und Sto\u00df - f\u00fcr die Industrie\",\"description\":\"Datenlogger f\u00fcr Transport\u00fcberwachung von Schock, Temperatur, Feuchte - einfach, kosteng\u00fcnstig, nachhaltig, made in Germany.\",\"publisher\":{\"@id\":\"https:\\\/\\\/www.aspion.de\\\/en\\\/#organization\"},\"potentialAction\":[{\"@type\":\"SearchAction\",\"target\":{\"@type\":\"EntryPoint\",\"urlTemplate\":\"https:\\\/\\\/www.aspion.de\\\/en\\\/?s={search_term_string}\"},\"query-input\":{\"@type\":\"PropertyValueSpecification\",\"valueRequired\":true,\"valueName\":\"search_term_string\"}}],\"inLanguage\":\"en-US\"},{\"@type\":[\"Organization\",\"Place\"],\"@id\":\"https:\\\/\\\/www.aspion.de\\\/en\\\/#organization\",\"name\":\"ASPION GmbH\",\"url\":\"https:\\\/\\\/www.aspion.de\\\/en\\\/\",\"logo\":{\"@id\":\"https:\\\/\\\/www.aspion.de\\\/en\\\/anniversary-promotion-15-years-of-aspion\\\/#local-main-organization-logo\"},\"image\":{\"@id\":\"https:\\\/\\\/www.aspion.de\\\/en\\\/anniversary-promotion-15-years-of-aspion\\\/#local-main-organization-logo\"},\"sameAs\":[\"https:\\\/\\\/www.linkedin.com\\\/company\\\/aspion-gmbh\",\"https:\\\/\\\/www.youtube.com\\\/channel\\\/UCyPrXy8bNbXMKcp_MQEor3w\"],\"address\":{\"@id\":\"https:\\\/\\\/www.aspion.de\\\/en\\\/anniversary-promotion-15-years-of-aspion\\\/#local-main-place-address\"},\"telephone\":[\"+49 721 85149-122\"],\"openingHoursSpecification\":[{\"@type\":\"OpeningHoursSpecification\",\"dayOfWeek\":[\"Monday\",\"Tuesday\",\"Wednesday\",\"Thursday\",\"Friday\",\"Saturday\",\"Sunday\"],\"opens\":\"09:00\",\"closes\":\"17:00\"}],\"email\":\"info@aspion.de\",\"faxNumber\":\"+49 721 85149-090\"},{\"@type\":\"PostalAddress\",\"@id\":\"https:\\\/\\\/www.aspion.de\\\/en\\\/anniversary-promotion-15-years-of-aspion\\\/#local-main-place-address\",\"streetAddress\":\"Ohiostra\u00dfe 11\",\"addressLocality\":\"Karlsruhe\",\"postalCode\":\"76149\",\"addressRegion\":\"Baden-W\u00fcrttemberg\",\"addressCountry\":\"DE\"},{\"@type\":\"ImageObject\",\"inLanguage\":\"en-US\",\"@id\":\"https:\\\/\\\/www.aspion.de\\\/en\\\/anniversary-promotion-15-years-of-aspion\\\/#local-main-organization-logo\",\"url\":\"https:\\\/\\\/www.aspion.de\\\/wp-content\\\/uploads\\\/2014\\\/05\\\/Aspion_GmbH_Active_SensorsPositioning_Logo_1.png\",\"contentUrl\":\"https:\\\/\\\/www.aspion.de\\\/wp-content\\\/uploads\\\/2014\\\/05\\\/Aspion_GmbH_Active_SensorsPositioning_Logo_1.png\",\"width\":280,\"height\":71,\"caption\":\"ASPION GmbH\"}]}<\/script>\n<meta name=\"geo.placename\" content=\"Karlsruhe\" \/>\n<meta name=\"geo.region\" content=\"Germany\" \/>\n<!-- \/ Yoast SEO Premium plugin. -->","yoast_head_json":{"title":"Anniversary promotion: 15 years of ASPION","description":"Anniversary promotion: 15 Years of ASPION \u2013 celebrate with our attractive anniversary discounts \u25ba Find out more now and take advantage of exclusive benefits!","robots":{"index":"index","follow":"follow","max-snippet":"max-snippet:-1","max-image-preview":"max-image-preview:large","max-video-preview":"max-video-preview:-1"},"canonical":"https:\/\/www.aspion.de\/en\/anniversary-promotion-15-years-of-aspion\/","og_locale":"en_US","og_type":"article","og_title":"Anniversary promotion: 15 years of ASPION","og_description":"Anniversary promotion: 15 Years of ASPION \u2013 celebrate with our attractive anniversary discounts \u25ba Find out more now and take advantage of exclusive benefits!","og_url":"https:\/\/www.aspion.de\/en\/anniversary-promotion-15-years-of-aspion\/","og_site_name":"ASPION GmbH \u2013 Profi-Datenlogger f\u00fcr Schock und Sto\u00df - f\u00fcr die Industrie","article_modified_time":"2026-04-21T12:37:16+00:00","og_image":[{"url":"https:\/\/www.aspion.de\/wp-content\/uploads\/2026\/04\/Banner-Bonus-Aktion-Jubilaeum-15-Jahre-ASPION-EN-1-scaled.jpg","type":"","width":"","height":""}],"twitter_card":"summary_large_image","twitter_misc":{"Est. reading time":"4 minutes"},"schema":{"@context":"https:\/\/schema.org","@graph":[{"@type":"WebPage","@id":"https:\/\/www.aspion.de\/en\/anniversary-promotion-15-years-of-aspion\/","url":"https:\/\/www.aspion.de\/en\/anniversary-promotion-15-years-of-aspion\/","name":"Anniversary promotion: 15 years of ASPION","isPartOf":{"@id":"https:\/\/www.aspion.de\/en\/#website"},"primaryImageOfPage":{"@id":"https:\/\/www.aspion.de\/en\/anniversary-promotion-15-years-of-aspion\/#primaryimage"},"image":{"@id":"https:\/\/www.aspion.de\/en\/anniversary-promotion-15-years-of-aspion\/#primaryimage"},"thumbnailUrl":"https:\/\/www.aspion.de\/wp-content\/uploads\/2026\/04\/Banner-Bonus-Aktion-Jubilaeum-15-Jahre-ASPION-EN-1-scaled.jpg","datePublished":"2026-04-20T11:33:23+00:00","dateModified":"2026-04-21T12:37:16+00:00","description":"Anniversary promotion: 15 Years of ASPION \u2013 celebrate with our attractive anniversary discounts \u25ba Find out more now and take advantage of exclusive benefits!","breadcrumb":{"@id":"https:\/\/www.aspion.de\/en\/anniversary-promotion-15-years-of-aspion\/#breadcrumb"},"inLanguage":"en-US","potentialAction":[{"@type":"ReadAction","target":["https:\/\/www.aspion.de\/en\/anniversary-promotion-15-years-of-aspion\/"]}]},{"@type":"ImageObject","inLanguage":"en-US","@id":"https:\/\/www.aspion.de\/en\/anniversary-promotion-15-years-of-aspion\/#primaryimage","url":"https:\/\/www.aspion.de\/wp-content\/uploads\/2026\/04\/Banner-Bonus-Aktion-Jubilaeum-15-Jahre-ASPION-EN-1-scaled.jpg","contentUrl":"https:\/\/www.aspion.de\/wp-content\/uploads\/2026\/04\/Banner-Bonus-Aktion-Jubilaeum-15-Jahre-ASPION-EN-1-scaled.jpg"},{"@type":"BreadcrumbList","@id":"https:\/\/www.aspion.de\/en\/anniversary-promotion-15-years-of-aspion\/#breadcrumb","itemListElement":[{"@type":"ListItem","position":1,"name":"Startseite","item":"https:\/\/www.aspion.de\/en\/"},{"@type":"ListItem","position":2,"name":"Anniversary promotion: 15 years of ASPION"}]},{"@type":"WebSite","@id":"https:\/\/www.aspion.de\/en\/#website","url":"https:\/\/www.aspion.de\/en\/","name":"ASPION GmbH \u2013 Profi-Datenlogger f\u00fcr Schock und Sto\u00df - f\u00fcr die Industrie","description":"Datenlogger f\u00fcr Transport\u00fcberwachung von Schock, Temperatur, Feuchte - einfach, kosteng\u00fcnstig, nachhaltig, made in Germany.","publisher":{"@id":"https:\/\/www.aspion.de\/en\/#organization"},"potentialAction":[{"@type":"SearchAction","target":{"@type":"EntryPoint","urlTemplate":"https:\/\/www.aspion.de\/en\/?s={search_term_string}"},"query-input":{"@type":"PropertyValueSpecification","valueRequired":true,"valueName":"search_term_string"}}],"inLanguage":"en-US"},{"@type":["Organization","Place"],"@id":"https:\/\/www.aspion.de\/en\/#organization","name":"ASPION GmbH","url":"https:\/\/www.aspion.de\/en\/","logo":{"@id":"https:\/\/www.aspion.de\/en\/anniversary-promotion-15-years-of-aspion\/#local-main-organization-logo"},"image":{"@id":"https:\/\/www.aspion.de\/en\/anniversary-promotion-15-years-of-aspion\/#local-main-organization-logo"},"sameAs":["https:\/\/www.linkedin.com\/company\/aspion-gmbh","https:\/\/www.youtube.com\/channel\/UCyPrXy8bNbXMKcp_MQEor3w"],"address":{"@id":"https:\/\/www.aspion.de\/en\/anniversary-promotion-15-years-of-aspion\/#local-main-place-address"},"telephone":["+49 721 85149-122"],"openingHoursSpecification":[{"@type":"OpeningHoursSpecification","dayOfWeek":["Monday","Tuesday","Wednesday","Thursday","Friday","Saturday","Sunday"],"opens":"09:00","closes":"17:00"}],"email":"info@aspion.de","faxNumber":"+49 721 85149-090"},{"@type":"PostalAddress","@id":"https:\/\/www.aspion.de\/en\/anniversary-promotion-15-years-of-aspion\/#local-main-place-address","streetAddress":"Ohiostra\u00dfe 11","addressLocality":"Karlsruhe","postalCode":"76149","addressRegion":"Baden-W\u00fcrttemberg","addressCountry":"DE"},{"@type":"ImageObject","inLanguage":"en-US","@id":"https:\/\/www.aspion.de\/en\/anniversary-promotion-15-years-of-aspion\/#local-main-organization-logo","url":"https:\/\/www.aspion.de\/wp-content\/uploads\/2014\/05\/Aspion_GmbH_Active_SensorsPositioning_Logo_1.png","contentUrl":"https:\/\/www.aspion.de\/wp-content\/uploads\/2014\/05\/Aspion_GmbH_Active_SensorsPositioning_Logo_1.png","width":280,"height":71,"caption":"ASPION GmbH"}]},"geo.placename":"Karlsruhe","geo.region":"Germany"},"_links":{"self":[{"href":"https:\/\/www.aspion.de\/en\/wp-json\/wp\/v2\/pages\/24896","targetHints":{"allow":["GET"]}}],"collection":[{"href":"https:\/\/www.aspion.de\/en\/wp-json\/wp\/v2\/pages"}],"about":[{"href":"https:\/\/www.aspion.de\/en\/wp-json\/wp\/v2\/types\/page"}],"author":[{"embeddable":true,"href":"https:\/\/www.aspion.de\/en\/wp-json\/wp\/v2\/users\/496"}],"replies":[{"embeddable":true,"href":"https:\/\/www.aspion.de\/en\/wp-json\/wp\/v2\/comments?post=24896"}],"version-history":[{"count":3,"href":"https:\/\/www.aspion.de\/en\/wp-json\/wp\/v2\/pages\/24896\/revisions"}],"predecessor-version":[{"id":24916,"href":"https:\/\/www.aspion.de\/en\/wp-json\/wp\/v2\/pages\/24896\/revisions\/24916"}],"wp:attachment":[{"href":"https:\/\/www.aspion.de\/en\/wp-json\/wp\/v2\/media?parent=24896"}],"curies":[{"name":"wp","href":"https:\/\/api.w.org\/{rel}","templated":true}]}}