{"id":24946,"date":"2026-05-07T10:15:50","date_gmt":"2026-05-07T08:15:50","guid":{"rendered":"https:\/\/www.aspion.de\/?page_id=24946"},"modified":"2026-05-07T10:34:44","modified_gmt":"2026-05-07T08:34:44","slug":"press-release-aspion-presents-innovative-360-live-tracking-in-new-version-at-breakbulk-europe","status":"publish","type":"page","link":"https:\/\/www.aspion.de\/en\/press-release-aspion-presents-innovative-360-live-tracking-in-new-version-at-breakbulk-europe\/","title":{"rendered":"Press release: ASPION presents innovative 360\u00b0 live tracking in new version at Breakbulk Europe"},"content":{"rendered":"\n\n\t<p>Press release 07.05.2026<\/p>\n<p><strong>Global transport and condition monitoring for project cargo<\/strong><\/p>\n<h1><strong>ASPION presents innovative 360\u00b0 live tracking in new version at Breakbulk Europe<\/strong><\/h1>\n<p><strong>Karlsruhe, 7 May 2026. <\/strong>Tight schedules, extreme conditions, and geopolitical conflicts make global heavyweight transport a major challenge. If damage is only detected upon arrival or during commissioning of the components, it can lead to significant delays and costs when it comes to expensive project cargo. At Breakbulk Europe from June 16-18, 2026, in Hall 1, Booth 1J51, ASPION will demonstrate how innovative solutions enable companies to proactively ensure transparency and security in the global transport of critical freight. At the world&#8217;s largest trade fair for project cargo, the sensor specialist will demonstrate how seamless transport monitoring with 360\u00b0 live tracking works reliably and will present all the new features of the innovative all-in-one solution ASPION L-Track.<\/p>\n<h4><strong>State-of-the-art real-time monitoring for proactive risk management<\/strong><\/h4>\n<p>The flexible ASPION L-Track adapts to a wide range of industrial requirements. The innovative, multi-award-winning complete solution &#8211; comprising a multi-sensor data logger and an IoT cloud platform &#8211; can monitor numerous environmental conditions and be customized to specific needs. With sensors for shock and vibration, climate, tilt, and light, the L-Track is particularly well-suited for monitoring high-value capital goods such as machinery, transformers, or turbines. Using live data, the current location and condition of the cargo can be tracked at any time and worldwide in approximately 160 countries. Thanks to comprehensive alert functions, the system notifies users if unforeseen events occur, enabling immediate intervention in the supply chain even during transport.<\/p>\n<h4><strong>Precise data recording and conclusive proof of damage<\/strong><\/h4>\n<p>All digital ASPION data loggers, such as the ASPION L-Track or the ASPION G-Log series, record shocks and impacts with date and time stamps and with millisecond resolution. In the event of damage, this detailed data allows for determining the cause and the party responsible and serves as conclusive evidence &#8211; not only for insurance purposes. For particularly heavy cargo, the measurement range of the ASPION L-Track can be individually adjusted for even higher levels of detail. During transport in accordance with standards, the ASPION G-Log 2 checks for impacts and vibrations in accordance with IEC 60721-3-2. This makes verifying compliance with transport conditions as easy as the simple and intuitive operation of the devices and software.<\/p>\n<h4><strong>New features and attractive terms for getting started<\/strong><\/h4>\n<p>The ASPION L-Track all-in-one system has been significantly expanded in its new Version 2, with enhancements in delivery management, reporting, and data visualization. Trade show visitors can experience all the new features live at Breakbulk in June in Hall 1 at Booth 1J51. Attractive starter packages are available directly from the manufacturer and through qualified ASPION partners, offering a cost-effective way to get started with digital transport monitoring.<\/p>\n<p>Images for download<\/p>\n\n\n\n\nDownload: click on the image<strong><br \/>\n<\/strong>\n\n\n\n<figure itemscope itemtype=\"https:\/\/schema.org\/ImageObject\">\n\t\t\t\t<a href=\"https:\/\/www.aspion.de\/wp-content\/uploads\/2026\/05\/ASPION_Breakbulk_Europe_2026-1024x706.png\"  target=\"_blank\" rel=\"noopener\"  itemprop=\"url\">\n\t\t\t\t<img decoding=\"async\" src=\"https:\/\/www.aspion.de\/wp-content\/uploads\/2026\/05\/ASPION_Breakbulk_Europe_2026-1024x706.png\" alt=\"ASPION_Breakbulk_Europe_2026\" height=\"706\" width=\"1024\" title=\"ASPION_Breakbulk_Europe_2026\" onerror=\"this.style.display='none'\" loading=\"lazy\" \/>\n\t\t\t\t<\/a>\n\t<\/figure>\n\t<p>The ASPION L-Track multisensor data logger with 360\u00b0 live tracking provides seamless monitoring of project cargo worldwide in approximately 160 countries.<\/p>\n\t<h5>Use of the image material for editorial purposes is free of charge. Press photo \u00a9ASPION GmbH, \u00a9martinlisner &#8211; stock.adobe.com.<\/h5>\n\t<h4>ASPION at the trade show<\/h4>\n<figure itemscope itemtype=\"https:\/\/schema.org\/ImageObject\">\n\t\t\t\t<a href=\"https:\/\/europe.breakbulk.com\/home\"  target=\"_blank\" rel=\"noopener\"  itemprop=\"url\">\n\t\t\t\t<img decoding=\"async\" src=\"https:\/\/www.aspion.de\/wp-content\/uploads\/2026\/05\/bbeu26-colour-logo-with-blue-dates-300x117.png\" alt=\"bbeu26-colour-logo-with-blue-dates\" height=\"117\" width=\"300\" title=\"bbeu26-colour-logo-with-blue-dates\" onerror=\"this.style.display='none'\" loading=\"lazy\" \/>\n\t\t\t\t<\/a>\n\t<\/figure>\n\t\t<p>Breakbulk Europe, 16. &#8211; 18.06.26<br \/>Rotterdam Ahoy<br \/>Hall 1, Booth 1J51<\/p>\n\t<h3>Your press contact<\/h3>\n<p>Peter Adam<br \/>Marketing and Sales<br \/>Tel.: +49 721 \/ 85149-127<br \/><a href=\"mailto:peter.adam@aspion.de\">peter.adam@aspion.de<\/a><\/p>\n\n","protected":false},"excerpt":{"rendered":"<p>Press release 07.05.2026 Global transport and condition monitoring for project cargo ASPION presents innovative 360\u00b0 live tracking in new version at Breakbulk Europe Karlsruhe, 7 May 2026. Tight schedules, extreme conditions, and geopolitical conflicts make global heavyweight transport a major challenge. If damage is only detected upon arrival or during commissioning of the components, it&hellip;<\/p>\n","protected":false},"author":496,"featured_media":0,"parent":0,"menu_order":0,"comment_status":"closed","ping_status":"closed","template":"","meta":{"_acf_changed":false,"footnotes":""},"class_list":["post-24946","page","type-page","status-publish","hentry"],"acf":[],"yoast_head":"<!-- This site is optimized with the Yoast SEO Premium plugin v27.5 (Yoast SEO v27.5) - https:\/\/yoast.com\/product\/yoast-seo-premium-wordpress\/ -->\n<title>ASPION: innovative 360\u00b0 live tracking at Breakbulk Europe<\/title>\n<meta name=\"description\" content=\"Global transport and condition monitoring for project cargo: ASPION presents innovative 360\u00b0 live tracking in new version at Breakbulk Europe.\" \/>\n<meta name=\"robots\" content=\"index, follow, max-snippet:-1, max-image-preview:large, max-video-preview:-1\" \/>\n<link rel=\"canonical\" href=\"https:\/\/www.aspion.de\/en\/press-release-aspion-presents-innovative-360-live-tracking-in-new-version-at-breakbulk-europe\/\" \/>\n<meta property=\"og:locale\" content=\"en_US\" \/>\n<meta property=\"og:type\" content=\"article\" \/>\n<meta property=\"og:title\" content=\"Press release: ASPION presents innovative 360\u00b0 live tracking in new version at Breakbulk Europe\" \/>\n<meta property=\"og:description\" content=\"Global transport and condition monitoring for project cargo: ASPION presents innovative 360\u00b0 live tracking in new version at Breakbulk Europe.\" \/>\n<meta property=\"og:url\" content=\"https:\/\/www.aspion.de\/en\/press-release-aspion-presents-innovative-360-live-tracking-in-new-version-at-breakbulk-europe\/\" \/>\n<meta property=\"og:site_name\" content=\"ASPION GmbH \u2013 Profi-Datenlogger f\u00fcr Schock und Sto\u00df - f\u00fcr die Industrie\" \/>\n<meta property=\"article:modified_time\" content=\"2026-05-07T08:34:44+00:00\" \/>\n<meta property=\"og:image\" content=\"https:\/\/www.aspion.de\/wp-content\/uploads\/2026\/05\/ASPION_Breakbulk_Europe_2026-1024x706.png\" \/>\n<meta name=\"twitter:card\" content=\"summary_large_image\" \/>\n<meta name=\"twitter:label1\" content=\"Est. reading time\" \/>\n\t<meta name=\"twitter:data1\" content=\"4 minutes\" \/>\n<script type=\"application\/ld+json\" class=\"yoast-schema-graph\">{\"@context\":\"https:\\\/\\\/schema.org\",\"@graph\":[{\"@type\":\"WebPage\",\"@id\":\"https:\\\/\\\/www.aspion.de\\\/en\\\/press-release-aspion-presents-innovative-360-live-tracking-in-new-version-at-breakbulk-europe\\\/\",\"url\":\"https:\\\/\\\/www.aspion.de\\\/en\\\/press-release-aspion-presents-innovative-360-live-tracking-in-new-version-at-breakbulk-europe\\\/\",\"name\":\"ASPION: innovative 360\u00b0 live tracking at Breakbulk Europe\",\"isPartOf\":{\"@id\":\"https:\\\/\\\/www.aspion.de\\\/en\\\/#website\"},\"primaryImageOfPage\":{\"@id\":\"https:\\\/\\\/www.aspion.de\\\/en\\\/press-release-aspion-presents-innovative-360-live-tracking-in-new-version-at-breakbulk-europe\\\/#primaryimage\"},\"image\":{\"@id\":\"https:\\\/\\\/www.aspion.de\\\/en\\\/press-release-aspion-presents-innovative-360-live-tracking-in-new-version-at-breakbulk-europe\\\/#primaryimage\"},\"thumbnailUrl\":\"https:\\\/\\\/www.aspion.de\\\/wp-content\\\/uploads\\\/2026\\\/05\\\/ASPION_Breakbulk_Europe_2026-1024x706.png\",\"datePublished\":\"2026-05-07T08:15:50+00:00\",\"dateModified\":\"2026-05-07T08:34:44+00:00\",\"description\":\"Global transport and condition monitoring for project cargo: ASPION presents innovative 360\u00b0 live tracking in new version at Breakbulk Europe.\",\"breadcrumb\":{\"@id\":\"https:\\\/\\\/www.aspion.de\\\/en\\\/press-release-aspion-presents-innovative-360-live-tracking-in-new-version-at-breakbulk-europe\\\/#breadcrumb\"},\"inLanguage\":\"en-US\",\"potentialAction\":[{\"@type\":\"ReadAction\",\"target\":[\"https:\\\/\\\/www.aspion.de\\\/en\\\/press-release-aspion-presents-innovative-360-live-tracking-in-new-version-at-breakbulk-europe\\\/\"]}]},{\"@type\":\"ImageObject\",\"inLanguage\":\"en-US\",\"@id\":\"https:\\\/\\\/www.aspion.de\\\/en\\\/press-release-aspion-presents-innovative-360-live-tracking-in-new-version-at-breakbulk-europe\\\/#primaryimage\",\"url\":\"https:\\\/\\\/www.aspion.de\\\/wp-content\\\/uploads\\\/2026\\\/05\\\/ASPION_Breakbulk_Europe_2026-1024x706.png\",\"contentUrl\":\"https:\\\/\\\/www.aspion.de\\\/wp-content\\\/uploads\\\/2026\\\/05\\\/ASPION_Breakbulk_Europe_2026-1024x706.png\"},{\"@type\":\"BreadcrumbList\",\"@id\":\"https:\\\/\\\/www.aspion.de\\\/en\\\/press-release-aspion-presents-innovative-360-live-tracking-in-new-version-at-breakbulk-europe\\\/#breadcrumb\",\"itemListElement\":[{\"@type\":\"ListItem\",\"position\":1,\"name\":\"Startseite\",\"item\":\"https:\\\/\\\/www.aspion.de\\\/en\\\/\"},{\"@type\":\"ListItem\",\"position\":2,\"name\":\"Press release: ASPION presents innovative 360\u00b0 live tracking in new version at Breakbulk Europe\"}]},{\"@type\":\"WebSite\",\"@id\":\"https:\\\/\\\/www.aspion.de\\\/en\\\/#website\",\"url\":\"https:\\\/\\\/www.aspion.de\\\/en\\\/\",\"name\":\"ASPION GmbH \u2013 Profi-Datenlogger f\u00fcr Schock und Sto\u00df - f\u00fcr die Industrie\",\"description\":\"Datenlogger f\u00fcr Transport\u00fcberwachung von Schock, Temperatur, Feuchte - einfach, kosteng\u00fcnstig, nachhaltig, made in Germany.\",\"publisher\":{\"@id\":\"https:\\\/\\\/www.aspion.de\\\/en\\\/#organization\"},\"potentialAction\":[{\"@type\":\"SearchAction\",\"target\":{\"@type\":\"EntryPoint\",\"urlTemplate\":\"https:\\\/\\\/www.aspion.de\\\/en\\\/?s={search_term_string}\"},\"query-input\":{\"@type\":\"PropertyValueSpecification\",\"valueRequired\":true,\"valueName\":\"search_term_string\"}}],\"inLanguage\":\"en-US\"},{\"@type\":[\"Organization\",\"Place\"],\"@id\":\"https:\\\/\\\/www.aspion.de\\\/en\\\/#organization\",\"name\":\"ASPION GmbH\",\"url\":\"https:\\\/\\\/www.aspion.de\\\/en\\\/\",\"logo\":{\"@id\":\"https:\\\/\\\/www.aspion.de\\\/en\\\/press-release-aspion-presents-innovative-360-live-tracking-in-new-version-at-breakbulk-europe\\\/#local-main-organization-logo\"},\"image\":{\"@id\":\"https:\\\/\\\/www.aspion.de\\\/en\\\/press-release-aspion-presents-innovative-360-live-tracking-in-new-version-at-breakbulk-europe\\\/#local-main-organization-logo\"},\"sameAs\":[\"https:\\\/\\\/www.linkedin.com\\\/company\\\/aspion-gmbh\",\"https:\\\/\\\/www.youtube.com\\\/channel\\\/UCyPrXy8bNbXMKcp_MQEor3w\"],\"address\":{\"@id\":\"https:\\\/\\\/www.aspion.de\\\/en\\\/press-release-aspion-presents-innovative-360-live-tracking-in-new-version-at-breakbulk-europe\\\/#local-main-place-address\"},\"telephone\":[\"+49 721 85149-122\"],\"openingHoursSpecification\":[{\"@type\":\"OpeningHoursSpecification\",\"dayOfWeek\":[\"Monday\",\"Tuesday\",\"Wednesday\",\"Thursday\",\"Friday\",\"Saturday\",\"Sunday\"],\"opens\":\"09:00\",\"closes\":\"17:00\"}],\"email\":\"info@aspion.de\",\"faxNumber\":\"+49 721 85149-090\"},{\"@type\":\"PostalAddress\",\"@id\":\"https:\\\/\\\/www.aspion.de\\\/en\\\/press-release-aspion-presents-innovative-360-live-tracking-in-new-version-at-breakbulk-europe\\\/#local-main-place-address\",\"streetAddress\":\"Ohiostra\u00dfe 11\",\"addressLocality\":\"Karlsruhe\",\"postalCode\":\"76149\",\"addressRegion\":\"Baden-W\u00fcrttemberg\",\"addressCountry\":\"DE\"},{\"@type\":\"ImageObject\",\"inLanguage\":\"en-US\",\"@id\":\"https:\\\/\\\/www.aspion.de\\\/en\\\/press-release-aspion-presents-innovative-360-live-tracking-in-new-version-at-breakbulk-europe\\\/#local-main-organization-logo\",\"url\":\"https:\\\/\\\/www.aspion.de\\\/wp-content\\\/uploads\\\/2014\\\/05\\\/Aspion_GmbH_Active_SensorsPositioning_Logo_1.png\",\"contentUrl\":\"https:\\\/\\\/www.aspion.de\\\/wp-content\\\/uploads\\\/2014\\\/05\\\/Aspion_GmbH_Active_SensorsPositioning_Logo_1.png\",\"width\":280,\"height\":71,\"caption\":\"ASPION GmbH\"}]}<\/script>\n<meta name=\"geo.placename\" content=\"Karlsruhe\" \/>\n<meta name=\"geo.region\" content=\"Germany\" \/>\n<!-- \/ Yoast SEO Premium plugin. -->","yoast_head_json":{"title":"ASPION: innovative 360\u00b0 live tracking at Breakbulk Europe","description":"Global transport and condition monitoring for project cargo: ASPION presents innovative 360\u00b0 live tracking in new version at Breakbulk Europe.","robots":{"index":"index","follow":"follow","max-snippet":"max-snippet:-1","max-image-preview":"max-image-preview:large","max-video-preview":"max-video-preview:-1"},"canonical":"https:\/\/www.aspion.de\/en\/press-release-aspion-presents-innovative-360-live-tracking-in-new-version-at-breakbulk-europe\/","og_locale":"en_US","og_type":"article","og_title":"Press release: ASPION presents innovative 360\u00b0 live tracking in new version at Breakbulk Europe","og_description":"Global transport and condition monitoring for project cargo: ASPION presents innovative 360\u00b0 live tracking in new version at Breakbulk Europe.","og_url":"https:\/\/www.aspion.de\/en\/press-release-aspion-presents-innovative-360-live-tracking-in-new-version-at-breakbulk-europe\/","og_site_name":"ASPION GmbH \u2013 Profi-Datenlogger f\u00fcr Schock und Sto\u00df - f\u00fcr die Industrie","article_modified_time":"2026-05-07T08:34:44+00:00","og_image":[{"url":"https:\/\/www.aspion.de\/wp-content\/uploads\/2026\/05\/ASPION_Breakbulk_Europe_2026-1024x706.png","type":"","width":"","height":""}],"twitter_card":"summary_large_image","twitter_misc":{"Est. reading time":"4 minutes"},"schema":{"@context":"https:\/\/schema.org","@graph":[{"@type":"WebPage","@id":"https:\/\/www.aspion.de\/en\/press-release-aspion-presents-innovative-360-live-tracking-in-new-version-at-breakbulk-europe\/","url":"https:\/\/www.aspion.de\/en\/press-release-aspion-presents-innovative-360-live-tracking-in-new-version-at-breakbulk-europe\/","name":"ASPION: innovative 360\u00b0 live tracking at Breakbulk Europe","isPartOf":{"@id":"https:\/\/www.aspion.de\/en\/#website"},"primaryImageOfPage":{"@id":"https:\/\/www.aspion.de\/en\/press-release-aspion-presents-innovative-360-live-tracking-in-new-version-at-breakbulk-europe\/#primaryimage"},"image":{"@id":"https:\/\/www.aspion.de\/en\/press-release-aspion-presents-innovative-360-live-tracking-in-new-version-at-breakbulk-europe\/#primaryimage"},"thumbnailUrl":"https:\/\/www.aspion.de\/wp-content\/uploads\/2026\/05\/ASPION_Breakbulk_Europe_2026-1024x706.png","datePublished":"2026-05-07T08:15:50+00:00","dateModified":"2026-05-07T08:34:44+00:00","description":"Global transport and condition monitoring for project cargo: ASPION presents innovative 360\u00b0 live tracking in new version at Breakbulk Europe.","breadcrumb":{"@id":"https:\/\/www.aspion.de\/en\/press-release-aspion-presents-innovative-360-live-tracking-in-new-version-at-breakbulk-europe\/#breadcrumb"},"inLanguage":"en-US","potentialAction":[{"@type":"ReadAction","target":["https:\/\/www.aspion.de\/en\/press-release-aspion-presents-innovative-360-live-tracking-in-new-version-at-breakbulk-europe\/"]}]},{"@type":"ImageObject","inLanguage":"en-US","@id":"https:\/\/www.aspion.de\/en\/press-release-aspion-presents-innovative-360-live-tracking-in-new-version-at-breakbulk-europe\/#primaryimage","url":"https:\/\/www.aspion.de\/wp-content\/uploads\/2026\/05\/ASPION_Breakbulk_Europe_2026-1024x706.png","contentUrl":"https:\/\/www.aspion.de\/wp-content\/uploads\/2026\/05\/ASPION_Breakbulk_Europe_2026-1024x706.png"},{"@type":"BreadcrumbList","@id":"https:\/\/www.aspion.de\/en\/press-release-aspion-presents-innovative-360-live-tracking-in-new-version-at-breakbulk-europe\/#breadcrumb","itemListElement":[{"@type":"ListItem","position":1,"name":"Startseite","item":"https:\/\/www.aspion.de\/en\/"},{"@type":"ListItem","position":2,"name":"Press release: ASPION presents innovative 360\u00b0 live tracking in new version at Breakbulk Europe"}]},{"@type":"WebSite","@id":"https:\/\/www.aspion.de\/en\/#website","url":"https:\/\/www.aspion.de\/en\/","name":"ASPION GmbH \u2013 Profi-Datenlogger f\u00fcr Schock und Sto\u00df - f\u00fcr die Industrie","description":"Datenlogger f\u00fcr Transport\u00fcberwachung von Schock, Temperatur, Feuchte - einfach, kosteng\u00fcnstig, nachhaltig, made in Germany.","publisher":{"@id":"https:\/\/www.aspion.de\/en\/#organization"},"potentialAction":[{"@type":"SearchAction","target":{"@type":"EntryPoint","urlTemplate":"https:\/\/www.aspion.de\/en\/?s={search_term_string}"},"query-input":{"@type":"PropertyValueSpecification","valueRequired":true,"valueName":"search_term_string"}}],"inLanguage":"en-US"},{"@type":["Organization","Place"],"@id":"https:\/\/www.aspion.de\/en\/#organization","name":"ASPION GmbH","url":"https:\/\/www.aspion.de\/en\/","logo":{"@id":"https:\/\/www.aspion.de\/en\/press-release-aspion-presents-innovative-360-live-tracking-in-new-version-at-breakbulk-europe\/#local-main-organization-logo"},"image":{"@id":"https:\/\/www.aspion.de\/en\/press-release-aspion-presents-innovative-360-live-tracking-in-new-version-at-breakbulk-europe\/#local-main-organization-logo"},"sameAs":["https:\/\/www.linkedin.com\/company\/aspion-gmbh","https:\/\/www.youtube.com\/channel\/UCyPrXy8bNbXMKcp_MQEor3w"],"address":{"@id":"https:\/\/www.aspion.de\/en\/press-release-aspion-presents-innovative-360-live-tracking-in-new-version-at-breakbulk-europe\/#local-main-place-address"},"telephone":["+49 721 85149-122"],"openingHoursSpecification":[{"@type":"OpeningHoursSpecification","dayOfWeek":["Monday","Tuesday","Wednesday","Thursday","Friday","Saturday","Sunday"],"opens":"09:00","closes":"17:00"}],"email":"info@aspion.de","faxNumber":"+49 721 85149-090"},{"@type":"PostalAddress","@id":"https:\/\/www.aspion.de\/en\/press-release-aspion-presents-innovative-360-live-tracking-in-new-version-at-breakbulk-europe\/#local-main-place-address","streetAddress":"Ohiostra\u00dfe 11","addressLocality":"Karlsruhe","postalCode":"76149","addressRegion":"Baden-W\u00fcrttemberg","addressCountry":"DE"},{"@type":"ImageObject","inLanguage":"en-US","@id":"https:\/\/www.aspion.de\/en\/press-release-aspion-presents-innovative-360-live-tracking-in-new-version-at-breakbulk-europe\/#local-main-organization-logo","url":"https:\/\/www.aspion.de\/wp-content\/uploads\/2014\/05\/Aspion_GmbH_Active_SensorsPositioning_Logo_1.png","contentUrl":"https:\/\/www.aspion.de\/wp-content\/uploads\/2014\/05\/Aspion_GmbH_Active_SensorsPositioning_Logo_1.png","width":280,"height":71,"caption":"ASPION GmbH"}]},"geo.placename":"Karlsruhe","geo.region":"Germany"},"_links":{"self":[{"href":"https:\/\/www.aspion.de\/en\/wp-json\/wp\/v2\/pages\/24946","targetHints":{"allow":["GET"]}}],"collection":[{"href":"https:\/\/www.aspion.de\/en\/wp-json\/wp\/v2\/pages"}],"about":[{"href":"https:\/\/www.aspion.de\/en\/wp-json\/wp\/v2\/types\/page"}],"author":[{"embeddable":true,"href":"https:\/\/www.aspion.de\/en\/wp-json\/wp\/v2\/users\/496"}],"replies":[{"embeddable":true,"href":"https:\/\/www.aspion.de\/en\/wp-json\/wp\/v2\/comments?post=24946"}],"version-history":[{"count":6,"href":"https:\/\/www.aspion.de\/en\/wp-json\/wp\/v2\/pages\/24946\/revisions"}],"predecessor-version":[{"id":24967,"href":"https:\/\/www.aspion.de\/en\/wp-json\/wp\/v2\/pages\/24946\/revisions\/24967"}],"wp:attachment":[{"href":"https:\/\/www.aspion.de\/en\/wp-json\/wp\/v2\/media?parent=24946"}],"curies":[{"name":"wp","href":"https:\/\/api.w.org\/{rel}","templated":true}]}}